{"id":15634,"date":"2023-11-30T21:31:46","date_gmt":"2023-11-30T21:31:46","guid":{"rendered":"https:\/\/sulin.ee\/?post_type=product&#038;p=15634"},"modified":"2025-09-07T21:45:32","modified_gmt":"2025-09-07T21:45:32","slug":"tee-ise-hupiknukud-dinosaurused-djeco","status":"publish","type":"product","link":"https:\/\/sulin.ee\/en\/toode\/tee-ise-hupiknukud-dinosaurused-djeco\/","title":{"rendered":"Tee ise h\u00fcpiknukud &#8220;Dinosaurused&#8221;"},"content":{"rendered":"<p><strong>Tee ise h\u00fcpiknukud &#8220;Dinosaurus&#8221; on vahva v\u00e4rvimis- ja kokkupanekukomplekt 6 dinosauruse valmistamiseks. \u00c4rata saurused ellu ja m\u00f5tle v\u00e4lja uskumatuid lugusid nende elust Maal!<\/strong><\/p>\n<p>V\u00e4rvi eelnevalt l\u00f5igatud papi t\u00fckid ning panen need kokku, et luua vahvaid dinosauruseid. M\u00f5tle v\u00e4lja lugusid ja tee kodus teatrit.<\/p>\n<p><strong>Komplekti kuulub:<\/strong> 6 eelnevalt l\u00f5igatud papist lehte (20 x 20 cm), 27 h\u00f5bedast neeti, 6 puidust pulka, 6 l\u00e4bipaistvat kleebist, 1 juhis.<\/p>\n<p><strong>Sobib lapsele alates 6. eluaastast.<\/strong><\/p>\n<p><strong>HOIATUS!<\/strong> Ei sobi alla 3-aastastele lastele. Sisaldab v\u00e4ikeseid osi &#8211; l\u00e4mbumisoht.<\/p>\n<p>Vaata ka teisi meisterdamiseks m\u00f5eldud komplekte <span style=\"color: #ff9900;\"><a style=\"color: #ff9900;\" href=\"https:\/\/sulin.ee\/tootekategooria\/lapsele\/mangimine\/meisterdamine\/\" target=\"_blank\" rel=\"noopener\">siit.<\/a><\/span><\/p>\n","protected":false},"excerpt":{"rendered":"<p>Tee ise h\u00fcpiknukud &#8220;Dinosaurus&#8221; on vahva v\u00e4rvimis- ja kokkupanekukomplekt 6 dinosauruse valmistamiseks. \u00c4rata saurused ellu ja m\u00f5tle v\u00e4lja uskumatuid lugusid nende elust Maal! V\u00e4rvi eelnevalt l\u00f5igatud papi t\u00fckid ning panen need kokku, et luua vahvaid dinosauruseid. M\u00f5tle v\u00e4lja lugusid ja tee kodus teatrit. Komplekti kuulub: 6 eelnevalt l\u00f5igatud papist lehte (20 x 20 cm), 27 [&hellip;]<\/p>\n","protected":false},"featured_media":15635,"comment_status":"open","ping_status":"closed","template":"","meta":[],"product_brand":[],"product_cat":[1162,1166,102,1017,928],"product_tag":[],"class_list":{"0":"post-15634","1":"product","2":"type-product","3":"status-publish","4":"has-post-thumbnail","6":"product_cat-kingituseks","7":"product_cat-6-8-aastat","8":"product_cat-kunstivahendid","9":"product_cat-meisterdamine","10":"product_cat-djeco","11":"has-post-title","12":"has-post-date","13":"has-post-category","14":"has-post-tag","15":"has-post-comment","16":"has-post-author","17":"","19":"first","20":"instock","21":"sale","22":"taxable","23":"shipping-taxable","24":"purchasable","25":"product-type-simple"},"yoast_head":"<!-- This site is optimized with the Yoast SEO plugin v26.8 - https:\/\/yoast.com\/product\/yoast-seo-wordpress\/ -->\n<title>Tee ise h\u00fcpiknukud &quot;Dinosaurused&quot; - sulin.ee<\/title>\n<meta name=\"description\" content=\"Tee ise h\u00fcpiknukud &quot;Dinosaurus&quot; on vahva v\u00e4rvimis- ja kokkupanekukomplekt 6 dinosauruse valmistamiseks. \u00c4rata saurused ellu.\" \/>\n<meta name=\"robots\" content=\"index, follow, max-snippet:-1, max-image-preview:large, max-video-preview:-1\" \/>\n<link rel=\"canonical\" href=\"https:\/\/sulin.ee\/en\/toode\/tee-ise-hupiknukud-dinosaurused-djeco\/\" \/>\n<meta property=\"og:locale\" content=\"en_US\" \/>\n<meta property=\"og:type\" content=\"article\" \/>\n<meta property=\"og:title\" content=\"Tee ise h\u00fcpiknukud &quot;Dinosaurused&quot; - sulin.ee\" \/>\n<meta property=\"og:description\" content=\"Tee ise h\u00fcpiknukud &quot;Dinosaurus&quot; on vahva v\u00e4rvimis- ja kokkupanekukomplekt 6 dinosauruse valmistamiseks. \u00c4rata saurused ellu.\" \/>\n<meta property=\"og:url\" content=\"https:\/\/sulin.ee\/en\/toode\/tee-ise-hupiknukud-dinosaurused-djeco\/\" \/>\n<meta property=\"og:site_name\" content=\"sulin.ee\" \/>\n<meta property=\"article:publisher\" content=\"https:\/\/www.facebook.com\/www.sulin.ee\/\" \/>\n<meta property=\"article:modified_time\" content=\"2025-09-07T21:45:32+00:00\" \/>\n<meta property=\"og:image\" content=\"https:\/\/sulin.ee\/wp-content\/uploads\/2023\/11\/Postitused-99.png\" \/>\n\t<meta property=\"og:image:width\" content=\"1080\" \/>\n\t<meta property=\"og:image:height\" content=\"1080\" \/>\n\t<meta property=\"og:image:type\" content=\"image\/png\" \/>\n<meta name=\"twitter:card\" content=\"summary_large_image\" \/>\n<meta name=\"twitter:label1\" content=\"Est. reading time\" \/>\n\t<meta name=\"twitter:data1\" content=\"1 minute\" \/>\n<script type=\"application\/ld+json\" class=\"yoast-schema-graph\">{\"@context\":\"https:\/\/schema.org\",\"@graph\":[{\"@type\":\"WebPage\",\"@id\":\"https:\/\/sulin.ee\/en\/toode\/tee-ise-hupiknukud-dinosaurused-djeco\/\",\"url\":\"https:\/\/sulin.ee\/en\/toode\/tee-ise-hupiknukud-dinosaurused-djeco\/\",\"name\":\"Tee ise h\u00fcpiknukud \\\"Dinosaurused\\\" - sulin.ee\",\"isPartOf\":{\"@id\":\"https:\/\/sulin.ee\/en\/#website\"},\"primaryImageOfPage\":{\"@id\":\"https:\/\/sulin.ee\/en\/toode\/tee-ise-hupiknukud-dinosaurused-djeco\/#primaryimage\"},\"image\":{\"@id\":\"https:\/\/sulin.ee\/en\/toode\/tee-ise-hupiknukud-dinosaurused-djeco\/#primaryimage\"},\"thumbnailUrl\":\"https:\/\/sulin.ee\/wp-content\/uploads\/2023\/11\/Postitused-99.png\",\"datePublished\":\"2023-11-30T21:31:46+00:00\",\"dateModified\":\"2025-09-07T21:45:32+00:00\",\"description\":\"Tee ise h\u00fcpiknukud \\\"Dinosaurus\\\" on vahva v\u00e4rvimis- ja kokkupanekukomplekt 6 dinosauruse valmistamiseks. \u00c4rata saurused ellu.\",\"breadcrumb\":{\"@id\":\"https:\/\/sulin.ee\/en\/toode\/tee-ise-hupiknukud-dinosaurused-djeco\/#breadcrumb\"},\"inLanguage\":\"en-US\",\"potentialAction\":[{\"@type\":\"ReadAction\",\"target\":[\"https:\/\/sulin.ee\/en\/toode\/tee-ise-hupiknukud-dinosaurused-djeco\/\"]}]},{\"@type\":\"ImageObject\",\"inLanguage\":\"en-US\",\"@id\":\"https:\/\/sulin.ee\/en\/toode\/tee-ise-hupiknukud-dinosaurused-djeco\/#primaryimage\",\"url\":\"https:\/\/sulin.ee\/wp-content\/uploads\/2023\/11\/Postitused-99.png\",\"contentUrl\":\"https:\/\/sulin.ee\/wp-content\/uploads\/2023\/11\/Postitused-99.png\",\"width\":1080,\"height\":1080,\"caption\":\"Tee ise h\u00fcpiknukud \\\"Dinosaurused\\\"\"},{\"@type\":\"BreadcrumbList\",\"@id\":\"https:\/\/sulin.ee\/en\/toode\/tee-ise-hupiknukud-dinosaurused-djeco\/#breadcrumb\",\"itemListElement\":[{\"@type\":\"ListItem\",\"position\":1,\"name\":\"Home\",\"item\":\"https:\/\/sulin.ee\/en\/\"},{\"@type\":\"ListItem\",\"position\":2,\"name\":\"Sulin.ee e-pood\",\"item\":\"https:\/\/sulin.ee\/shop\/\"},{\"@type\":\"ListItem\",\"position\":3,\"name\":\"Tee ise h\u00fcpiknukud &#8220;Dinosaurused&#8221;\"}]},{\"@type\":\"WebSite\",\"@id\":\"https:\/\/sulin.ee\/en\/#website\",\"url\":\"https:\/\/sulin.ee\/en\/\",\"name\":\"sulin.ee\",\"description\":\"\",\"publisher\":{\"@id\":\"https:\/\/sulin.ee\/en\/#organization\"},\"potentialAction\":[{\"@type\":\"SearchAction\",\"target\":{\"@type\":\"EntryPoint\",\"urlTemplate\":\"https:\/\/sulin.ee\/en\/?s={search_term_string}\"},\"query-input\":{\"@type\":\"PropertyValueSpecification\",\"valueRequired\":true,\"valueName\":\"search_term_string\"}}],\"inLanguage\":\"en-US\"},{\"@type\":\"Organization\",\"@id\":\"https:\/\/sulin.ee\/en\/#organization\",\"name\":\"SULIN TRADE O\u00dc\",\"url\":\"https:\/\/sulin.ee\/en\/\",\"logo\":{\"@type\":\"ImageObject\",\"inLanguage\":\"en-US\",\"@id\":\"https:\/\/sulin.ee\/en\/#\/schema\/logo\/image\/\",\"url\":\"https:\/\/sulin.ee\/wp-content\/uploads\/2022\/11\/sulin-logo.png\",\"contentUrl\":\"https:\/\/sulin.ee\/wp-content\/uploads\/2022\/11\/sulin-logo.png\",\"width\":871,\"height\":321,\"caption\":\"SULIN TRADE O\u00dc\"},\"image\":{\"@id\":\"https:\/\/sulin.ee\/en\/#\/schema\/logo\/image\/\"},\"sameAs\":[\"https:\/\/www.facebook.com\/www.sulin.ee\/\",\"https:\/\/www.instagram.com\/sulintrade\/\"]}]}<\/script>\n<!-- \/ Yoast SEO plugin. -->","yoast_head_json":{"title":"Tee ise h\u00fcpiknukud \"Dinosaurused\" - sulin.ee","description":"Tee ise h\u00fcpiknukud \"Dinosaurus\" on vahva v\u00e4rvimis- ja kokkupanekukomplekt 6 dinosauruse valmistamiseks. \u00c4rata saurused ellu.","robots":{"index":"index","follow":"follow","max-snippet":"max-snippet:-1","max-image-preview":"max-image-preview:large","max-video-preview":"max-video-preview:-1"},"canonical":"https:\/\/sulin.ee\/en\/toode\/tee-ise-hupiknukud-dinosaurused-djeco\/","og_locale":"en_US","og_type":"article","og_title":"Tee ise h\u00fcpiknukud \"Dinosaurused\" - sulin.ee","og_description":"Tee ise h\u00fcpiknukud \"Dinosaurus\" on vahva v\u00e4rvimis- ja kokkupanekukomplekt 6 dinosauruse valmistamiseks. \u00c4rata saurused ellu.","og_url":"https:\/\/sulin.ee\/en\/toode\/tee-ise-hupiknukud-dinosaurused-djeco\/","og_site_name":"sulin.ee","article_publisher":"https:\/\/www.facebook.com\/www.sulin.ee\/","article_modified_time":"2025-09-07T21:45:32+00:00","og_image":[{"width":1080,"height":1080,"url":"https:\/\/sulin.ee\/wp-content\/uploads\/2023\/11\/Postitused-99.png","type":"image\/png"}],"twitter_card":"summary_large_image","twitter_misc":{"Est. reading time":"1 minute"},"schema":{"@context":"https:\/\/schema.org","@graph":[{"@type":"WebPage","@id":"https:\/\/sulin.ee\/en\/toode\/tee-ise-hupiknukud-dinosaurused-djeco\/","url":"https:\/\/sulin.ee\/en\/toode\/tee-ise-hupiknukud-dinosaurused-djeco\/","name":"Tee ise h\u00fcpiknukud \"Dinosaurused\" - sulin.ee","isPartOf":{"@id":"https:\/\/sulin.ee\/en\/#website"},"primaryImageOfPage":{"@id":"https:\/\/sulin.ee\/en\/toode\/tee-ise-hupiknukud-dinosaurused-djeco\/#primaryimage"},"image":{"@id":"https:\/\/sulin.ee\/en\/toode\/tee-ise-hupiknukud-dinosaurused-djeco\/#primaryimage"},"thumbnailUrl":"https:\/\/sulin.ee\/wp-content\/uploads\/2023\/11\/Postitused-99.png","datePublished":"2023-11-30T21:31:46+00:00","dateModified":"2025-09-07T21:45:32+00:00","description":"Tee ise h\u00fcpiknukud \"Dinosaurus\" on vahva v\u00e4rvimis- ja kokkupanekukomplekt 6 dinosauruse valmistamiseks. \u00c4rata saurused ellu.","breadcrumb":{"@id":"https:\/\/sulin.ee\/en\/toode\/tee-ise-hupiknukud-dinosaurused-djeco\/#breadcrumb"},"inLanguage":"en-US","potentialAction":[{"@type":"ReadAction","target":["https:\/\/sulin.ee\/en\/toode\/tee-ise-hupiknukud-dinosaurused-djeco\/"]}]},{"@type":"ImageObject","inLanguage":"en-US","@id":"https:\/\/sulin.ee\/en\/toode\/tee-ise-hupiknukud-dinosaurused-djeco\/#primaryimage","url":"https:\/\/sulin.ee\/wp-content\/uploads\/2023\/11\/Postitused-99.png","contentUrl":"https:\/\/sulin.ee\/wp-content\/uploads\/2023\/11\/Postitused-99.png","width":1080,"height":1080,"caption":"Tee ise h\u00fcpiknukud \"Dinosaurused\""},{"@type":"BreadcrumbList","@id":"https:\/\/sulin.ee\/en\/toode\/tee-ise-hupiknukud-dinosaurused-djeco\/#breadcrumb","itemListElement":[{"@type":"ListItem","position":1,"name":"Home","item":"https:\/\/sulin.ee\/en\/"},{"@type":"ListItem","position":2,"name":"Sulin.ee e-pood","item":"https:\/\/sulin.ee\/shop\/"},{"@type":"ListItem","position":3,"name":"Tee ise h\u00fcpiknukud &#8220;Dinosaurused&#8221;"}]},{"@type":"WebSite","@id":"https:\/\/sulin.ee\/en\/#website","url":"https:\/\/sulin.ee\/en\/","name":"sulin.ee","description":"","publisher":{"@id":"https:\/\/sulin.ee\/en\/#organization"},"potentialAction":[{"@type":"SearchAction","target":{"@type":"EntryPoint","urlTemplate":"https:\/\/sulin.ee\/en\/?s={search_term_string}"},"query-input":{"@type":"PropertyValueSpecification","valueRequired":true,"valueName":"search_term_string"}}],"inLanguage":"en-US"},{"@type":"Organization","@id":"https:\/\/sulin.ee\/en\/#organization","name":"SULIN TRADE O\u00dc","url":"https:\/\/sulin.ee\/en\/","logo":{"@type":"ImageObject","inLanguage":"en-US","@id":"https:\/\/sulin.ee\/en\/#\/schema\/logo\/image\/","url":"https:\/\/sulin.ee\/wp-content\/uploads\/2022\/11\/sulin-logo.png","contentUrl":"https:\/\/sulin.ee\/wp-content\/uploads\/2022\/11\/sulin-logo.png","width":871,"height":321,"caption":"SULIN TRADE O\u00dc"},"image":{"@id":"https:\/\/sulin.ee\/en\/#\/schema\/logo\/image\/"},"sameAs":["https:\/\/www.facebook.com\/www.sulin.ee\/","https:\/\/www.instagram.com\/sulintrade\/"]}]}},"builder_content":"","_links":{"self":[{"href":"https:\/\/sulin.ee\/en\/wp-json\/wp\/v2\/product\/15634","targetHints":{"allow":["GET"]}}],"collection":[{"href":"https:\/\/sulin.ee\/en\/wp-json\/wp\/v2\/product"}],"about":[{"href":"https:\/\/sulin.ee\/en\/wp-json\/wp\/v2\/types\/product"}],"replies":[{"embeddable":true,"href":"https:\/\/sulin.ee\/en\/wp-json\/wp\/v2\/comments?post=15634"}],"wp:featuredmedia":[{"embeddable":true,"href":"https:\/\/sulin.ee\/en\/wp-json\/wp\/v2\/media\/15635"}],"wp:attachment":[{"href":"https:\/\/sulin.ee\/en\/wp-json\/wp\/v2\/media?parent=15634"}],"wp:term":[{"taxonomy":"product_brand","embeddable":true,"href":"https:\/\/sulin.ee\/en\/wp-json\/wp\/v2\/product_brand?post=15634"},{"taxonomy":"product_cat","embeddable":true,"href":"https:\/\/sulin.ee\/en\/wp-json\/wp\/v2\/product_cat?post=15634"},{"taxonomy":"product_tag","embeddable":true,"href":"https:\/\/sulin.ee\/en\/wp-json\/wp\/v2\/product_tag?post=15634"}],"curies":[{"name":"wp","href":"https:\/\/api.w.org\/{rel}","templated":true}]}}