{"id":15551,"date":"2023-11-29T17:48:46","date_gmt":"2023-11-29T17:48:46","guid":{"rendered":"https:\/\/sulin.ee\/?post_type=product&#038;p=15551"},"modified":"2025-09-07T21:45:32","modified_gmt":"2025-09-07T21:45:32","slug":"puidust-rullid-djeco","status":"publish","type":"product","link":"https:\/\/sulin.ee\/en\/toode\/puidust-rullid-djeco\/","title":{"rendered":"Puidust rullid"},"content":{"rendered":"<p><strong>Puidust rullid plastiliiniga m\u00e4ngimiseks on loodud spetsiaalselt v\u00e4ikeste laste loominguliseks meelelahutuseks. Komplekt sisaldab kolme naljakat loomakujuga rulli, mis on ideaalsed plastiliini peale mustri loomiseks. Iga rull on kujundatud ergonoomiliselt, et tagada mugav ja kindel haarde v\u00e4ikestele k\u00e4tele, muutes m\u00e4ngimise lihtsaks ja nauditavaks.<\/strong><\/p>\n<p><a href=\"https:\/\/www.djeco.com\/\">Djeco<\/a> rullide kasutamine plastiliinil v\u00f5imaldab lastel luua l\u00f5busaid ja p\u00f5nevaid mustreid, samal ajal arendades nende k\u00e4elist osavust ja silma-k\u00e4e koordinatsiooni. Laps saab rullida erinevate loomade kujutisi plastiliinile, avastades nii uusi tekstuuriv\u00f5imalusi ja arendades oma kujutlusv\u00f5imet.<\/p>\n<p>K\u00f5ik rullide k\u00e4epidemed on valmistatud kvaliteetsest FSC sertifikaadiga puidust, tagades toote vastupidavuse ja ohutuse. Loomakujulised rullid lisavad m\u00e4ngule visuaalset atraktiivsust ning motiveerivad lapsi katsetama ja uurima erinevaid m\u00e4nguv\u00f5imalusi.<\/p>\n<p>Komplektis olevad kolm erinevat loomakujulist rulli pakuvad lastele l\u00f5putuid v\u00f5imalusi loovaks tegevuseks ja m\u00e4nguks. Sobiv alates 18. elukuust, on need puidust rullid suurep\u00e4rane vahend igale lapsele, kes armastab meisterdada ja oma k\u00e4tega uusi asju luua. Ideaalne kingitus, mis inspireerib v\u00e4ikeseid kunstnikke ja aitab kaasa nende arengule l\u00e4bi m\u00e4ngulise tegevuse.<\/p>\n<p><strong>Sobib alates 18+ elukuud.<\/strong><\/p>\n<p>M\u00f5nusad vaniljel\u00f5hnalised MICI naturaalsed plastiliinid leiad<a href=\"https:\/\/sulin.ee\/tootekategooria\/brandid\/mici\/\" target=\"_blank\" rel=\"noopener\"><span style=\"color: #ff9900;\"> siit<\/span><\/a>.<\/p>\n<p>Vaata ka teisi plastiliine, voolimismasse ja vorme <span style=\"color: #ff9900;\"><a style=\"color: #ff9900;\" href=\"https:\/\/sulin.ee\/tootekategooria\/lapsele\/mangimine\/voolimismassid\/\" target=\"_blank\" rel=\"noopener\">siit<\/a><\/span>.<\/p>\n","protected":false},"excerpt":{"rendered":"<p><strong>Puidust rullid plastiliiniga m\u00e4ngimiseks on ideaalsed abivahendid v\u00e4ikestele lastele, et arendada k\u00e4elist osavust ja silma-k\u00e4e koost\u00f6\u00f6d. <\/strong><\/p>\n<p><strong>Komplektis on <\/strong>kolm loomakujulist rulli, mille ergonoomilised k\u00e4epidemed on spetsiaalselt disainitud v\u00e4ikeste k\u00e4te jaoks, tagades mugava kasutuse. Rullidega saab plastiliini peal luua l\u00f5busaid ja p\u00f5nevaid mustreid, pakkudes lastele v\u00f5imalust oma loovust rakendada.<\/p>\n<p><strong>Valmistatud kvaliteetsest FSC sertifikaadiga puidust, on need rullid turvalised ja vastupidavad, sobides lastele alates 18. elukuust.<\/strong><\/p>\n","protected":false},"featured_media":15552,"comment_status":"open","ping_status":"closed","template":"","meta":[],"product_brand":[],"product_cat":[1162,1164,1165,1166,926,928],"product_tag":[],"class_list":{"0":"post-15551","1":"product","2":"type-product","3":"status-publish","4":"has-post-thumbnail","6":"product_cat-kingituseks","7":"product_cat-1-3-aastat","8":"product_cat-3-5-aastat","9":"product_cat-6-8-aastat","10":"product_cat-voolimismassid","11":"product_cat-djeco","12":"has-post-title","13":"has-post-date","14":"has-post-category","15":"has-post-tag","16":"has-post-comment","17":"has-post-author","18":"","20":"first","21":"instock","22":"sale","23":"taxable","24":"shipping-taxable","25":"purchasable","26":"product-type-simple"},"yoast_head":"<!-- This site is optimized with the Yoast SEO plugin v26.8 - https:\/\/yoast.com\/product\/yoast-seo-wordpress\/ -->\n<title>Puidust rullid - sulin.ee<\/title>\n<meta name=\"description\" content=\"Puidust rullid plastiliiniga m\u00e4ngimiseks. Lihtsad ja naljakad loomakesed, keda on vahva ikka ja j\u00e4lle \u00fcle plastiliini rullida ja vahvaid mustreid teha.\" \/>\n<meta name=\"robots\" content=\"index, follow, max-snippet:-1, max-image-preview:large, max-video-preview:-1\" \/>\n<link rel=\"canonical\" href=\"https:\/\/sulin.ee\/en\/toode\/puidust-rullid-djeco\/\" \/>\n<meta property=\"og:locale\" content=\"en_US\" \/>\n<meta property=\"og:type\" content=\"article\" \/>\n<meta property=\"og:title\" content=\"Puidust rullid - sulin.ee\" \/>\n<meta property=\"og:description\" content=\"Puidust rullid plastiliiniga m\u00e4ngimiseks. Lihtsad ja naljakad loomakesed, keda on vahva ikka ja j\u00e4lle \u00fcle plastiliini rullida ja vahvaid mustreid teha.\" \/>\n<meta property=\"og:url\" content=\"https:\/\/sulin.ee\/en\/toode\/puidust-rullid-djeco\/\" \/>\n<meta property=\"og:site_name\" content=\"sulin.ee\" \/>\n<meta property=\"article:publisher\" content=\"https:\/\/www.facebook.com\/www.sulin.ee\/\" \/>\n<meta property=\"article:modified_time\" content=\"2025-09-07T21:45:32+00:00\" \/>\n<meta property=\"og:image\" content=\"https:\/\/sulin.ee\/wp-content\/uploads\/2023\/11\/Postitused-91.png\" \/>\n\t<meta property=\"og:image:width\" content=\"1080\" \/>\n\t<meta property=\"og:image:height\" content=\"1080\" \/>\n\t<meta property=\"og:image:type\" content=\"image\/png\" \/>\n<meta name=\"twitter:card\" content=\"summary_large_image\" \/>\n<meta name=\"twitter:label1\" content=\"Est. reading time\" \/>\n\t<meta name=\"twitter:data1\" content=\"2 minutes\" \/>\n<script type=\"application\/ld+json\" class=\"yoast-schema-graph\">{\"@context\":\"https:\/\/schema.org\",\"@graph\":[{\"@type\":\"WebPage\",\"@id\":\"https:\/\/sulin.ee\/en\/toode\/puidust-rullid-djeco\/\",\"url\":\"https:\/\/sulin.ee\/en\/toode\/puidust-rullid-djeco\/\",\"name\":\"Puidust rullid - sulin.ee\",\"isPartOf\":{\"@id\":\"https:\/\/sulin.ee\/en\/#website\"},\"primaryImageOfPage\":{\"@id\":\"https:\/\/sulin.ee\/en\/toode\/puidust-rullid-djeco\/#primaryimage\"},\"image\":{\"@id\":\"https:\/\/sulin.ee\/en\/toode\/puidust-rullid-djeco\/#primaryimage\"},\"thumbnailUrl\":\"https:\/\/sulin.ee\/wp-content\/uploads\/2023\/11\/Postitused-91.png\",\"datePublished\":\"2023-11-29T17:48:46+00:00\",\"dateModified\":\"2025-09-07T21:45:32+00:00\",\"description\":\"Puidust rullid plastiliiniga m\u00e4ngimiseks. Lihtsad ja naljakad loomakesed, keda on vahva ikka ja j\u00e4lle \u00fcle plastiliini rullida ja vahvaid mustreid teha.\",\"breadcrumb\":{\"@id\":\"https:\/\/sulin.ee\/en\/toode\/puidust-rullid-djeco\/#breadcrumb\"},\"inLanguage\":\"en-US\",\"potentialAction\":[{\"@type\":\"ReadAction\",\"target\":[\"https:\/\/sulin.ee\/en\/toode\/puidust-rullid-djeco\/\"]}]},{\"@type\":\"ImageObject\",\"inLanguage\":\"en-US\",\"@id\":\"https:\/\/sulin.ee\/en\/toode\/puidust-rullid-djeco\/#primaryimage\",\"url\":\"https:\/\/sulin.ee\/wp-content\/uploads\/2023\/11\/Postitused-91.png\",\"contentUrl\":\"https:\/\/sulin.ee\/wp-content\/uploads\/2023\/11\/Postitused-91.png\",\"width\":1080,\"height\":1080,\"caption\":\"Puidust rullid\"},{\"@type\":\"BreadcrumbList\",\"@id\":\"https:\/\/sulin.ee\/en\/toode\/puidust-rullid-djeco\/#breadcrumb\",\"itemListElement\":[{\"@type\":\"ListItem\",\"position\":1,\"name\":\"Home\",\"item\":\"https:\/\/sulin.ee\/en\/\"},{\"@type\":\"ListItem\",\"position\":2,\"name\":\"Sulin.ee e-pood\",\"item\":\"https:\/\/sulin.ee\/shop\/\"},{\"@type\":\"ListItem\",\"position\":3,\"name\":\"Puidust rullid\"}]},{\"@type\":\"WebSite\",\"@id\":\"https:\/\/sulin.ee\/en\/#website\",\"url\":\"https:\/\/sulin.ee\/en\/\",\"name\":\"sulin.ee\",\"description\":\"\",\"publisher\":{\"@id\":\"https:\/\/sulin.ee\/en\/#organization\"},\"potentialAction\":[{\"@type\":\"SearchAction\",\"target\":{\"@type\":\"EntryPoint\",\"urlTemplate\":\"https:\/\/sulin.ee\/en\/?s={search_term_string}\"},\"query-input\":{\"@type\":\"PropertyValueSpecification\",\"valueRequired\":true,\"valueName\":\"search_term_string\"}}],\"inLanguage\":\"en-US\"},{\"@type\":\"Organization\",\"@id\":\"https:\/\/sulin.ee\/en\/#organization\",\"name\":\"SULIN TRADE O\u00dc\",\"url\":\"https:\/\/sulin.ee\/en\/\",\"logo\":{\"@type\":\"ImageObject\",\"inLanguage\":\"en-US\",\"@id\":\"https:\/\/sulin.ee\/en\/#\/schema\/logo\/image\/\",\"url\":\"https:\/\/sulin.ee\/wp-content\/uploads\/2022\/11\/sulin-logo.png\",\"contentUrl\":\"https:\/\/sulin.ee\/wp-content\/uploads\/2022\/11\/sulin-logo.png\",\"width\":871,\"height\":321,\"caption\":\"SULIN TRADE O\u00dc\"},\"image\":{\"@id\":\"https:\/\/sulin.ee\/en\/#\/schema\/logo\/image\/\"},\"sameAs\":[\"https:\/\/www.facebook.com\/www.sulin.ee\/\",\"https:\/\/www.instagram.com\/sulintrade\/\"]}]}<\/script>\n<!-- \/ Yoast SEO plugin. -->","yoast_head_json":{"title":"Puidust rullid - sulin.ee","description":"Puidust rullid plastiliiniga m\u00e4ngimiseks. Lihtsad ja naljakad loomakesed, keda on vahva ikka ja j\u00e4lle \u00fcle plastiliini rullida ja vahvaid mustreid teha.","robots":{"index":"index","follow":"follow","max-snippet":"max-snippet:-1","max-image-preview":"max-image-preview:large","max-video-preview":"max-video-preview:-1"},"canonical":"https:\/\/sulin.ee\/en\/toode\/puidust-rullid-djeco\/","og_locale":"en_US","og_type":"article","og_title":"Puidust rullid - sulin.ee","og_description":"Puidust rullid plastiliiniga m\u00e4ngimiseks. Lihtsad ja naljakad loomakesed, keda on vahva ikka ja j\u00e4lle \u00fcle plastiliini rullida ja vahvaid mustreid teha.","og_url":"https:\/\/sulin.ee\/en\/toode\/puidust-rullid-djeco\/","og_site_name":"sulin.ee","article_publisher":"https:\/\/www.facebook.com\/www.sulin.ee\/","article_modified_time":"2025-09-07T21:45:32+00:00","og_image":[{"width":1080,"height":1080,"url":"https:\/\/sulin.ee\/wp-content\/uploads\/2023\/11\/Postitused-91.png","type":"image\/png"}],"twitter_card":"summary_large_image","twitter_misc":{"Est. reading time":"2 minutes"},"schema":{"@context":"https:\/\/schema.org","@graph":[{"@type":"WebPage","@id":"https:\/\/sulin.ee\/en\/toode\/puidust-rullid-djeco\/","url":"https:\/\/sulin.ee\/en\/toode\/puidust-rullid-djeco\/","name":"Puidust rullid - sulin.ee","isPartOf":{"@id":"https:\/\/sulin.ee\/en\/#website"},"primaryImageOfPage":{"@id":"https:\/\/sulin.ee\/en\/toode\/puidust-rullid-djeco\/#primaryimage"},"image":{"@id":"https:\/\/sulin.ee\/en\/toode\/puidust-rullid-djeco\/#primaryimage"},"thumbnailUrl":"https:\/\/sulin.ee\/wp-content\/uploads\/2023\/11\/Postitused-91.png","datePublished":"2023-11-29T17:48:46+00:00","dateModified":"2025-09-07T21:45:32+00:00","description":"Puidust rullid plastiliiniga m\u00e4ngimiseks. Lihtsad ja naljakad loomakesed, keda on vahva ikka ja j\u00e4lle \u00fcle plastiliini rullida ja vahvaid mustreid teha.","breadcrumb":{"@id":"https:\/\/sulin.ee\/en\/toode\/puidust-rullid-djeco\/#breadcrumb"},"inLanguage":"en-US","potentialAction":[{"@type":"ReadAction","target":["https:\/\/sulin.ee\/en\/toode\/puidust-rullid-djeco\/"]}]},{"@type":"ImageObject","inLanguage":"en-US","@id":"https:\/\/sulin.ee\/en\/toode\/puidust-rullid-djeco\/#primaryimage","url":"https:\/\/sulin.ee\/wp-content\/uploads\/2023\/11\/Postitused-91.png","contentUrl":"https:\/\/sulin.ee\/wp-content\/uploads\/2023\/11\/Postitused-91.png","width":1080,"height":1080,"caption":"Puidust rullid"},{"@type":"BreadcrumbList","@id":"https:\/\/sulin.ee\/en\/toode\/puidust-rullid-djeco\/#breadcrumb","itemListElement":[{"@type":"ListItem","position":1,"name":"Home","item":"https:\/\/sulin.ee\/en\/"},{"@type":"ListItem","position":2,"name":"Sulin.ee e-pood","item":"https:\/\/sulin.ee\/shop\/"},{"@type":"ListItem","position":3,"name":"Puidust rullid"}]},{"@type":"WebSite","@id":"https:\/\/sulin.ee\/en\/#website","url":"https:\/\/sulin.ee\/en\/","name":"sulin.ee","description":"","publisher":{"@id":"https:\/\/sulin.ee\/en\/#organization"},"potentialAction":[{"@type":"SearchAction","target":{"@type":"EntryPoint","urlTemplate":"https:\/\/sulin.ee\/en\/?s={search_term_string}"},"query-input":{"@type":"PropertyValueSpecification","valueRequired":true,"valueName":"search_term_string"}}],"inLanguage":"en-US"},{"@type":"Organization","@id":"https:\/\/sulin.ee\/en\/#organization","name":"SULIN TRADE O\u00dc","url":"https:\/\/sulin.ee\/en\/","logo":{"@type":"ImageObject","inLanguage":"en-US","@id":"https:\/\/sulin.ee\/en\/#\/schema\/logo\/image\/","url":"https:\/\/sulin.ee\/wp-content\/uploads\/2022\/11\/sulin-logo.png","contentUrl":"https:\/\/sulin.ee\/wp-content\/uploads\/2022\/11\/sulin-logo.png","width":871,"height":321,"caption":"SULIN TRADE O\u00dc"},"image":{"@id":"https:\/\/sulin.ee\/en\/#\/schema\/logo\/image\/"},"sameAs":["https:\/\/www.facebook.com\/www.sulin.ee\/","https:\/\/www.instagram.com\/sulintrade\/"]}]}},"builder_content":"","_links":{"self":[{"href":"https:\/\/sulin.ee\/en\/wp-json\/wp\/v2\/product\/15551","targetHints":{"allow":["GET"]}}],"collection":[{"href":"https:\/\/sulin.ee\/en\/wp-json\/wp\/v2\/product"}],"about":[{"href":"https:\/\/sulin.ee\/en\/wp-json\/wp\/v2\/types\/product"}],"replies":[{"embeddable":true,"href":"https:\/\/sulin.ee\/en\/wp-json\/wp\/v2\/comments?post=15551"}],"wp:featuredmedia":[{"embeddable":true,"href":"https:\/\/sulin.ee\/en\/wp-json\/wp\/v2\/media\/15552"}],"wp:attachment":[{"href":"https:\/\/sulin.ee\/en\/wp-json\/wp\/v2\/media?parent=15551"}],"wp:term":[{"taxonomy":"product_brand","embeddable":true,"href":"https:\/\/sulin.ee\/en\/wp-json\/wp\/v2\/product_brand?post=15551"},{"taxonomy":"product_cat","embeddable":true,"href":"https:\/\/sulin.ee\/en\/wp-json\/wp\/v2\/product_cat?post=15551"},{"taxonomy":"product_tag","embeddable":true,"href":"https:\/\/sulin.ee\/en\/wp-json\/wp\/v2\/product_tag?post=15551"}],"curies":[{"name":"wp","href":"https:\/\/api.w.org\/{rel}","templated":true}]}}