{"id":15542,"date":"2023-11-29T17:35:12","date_gmt":"2023-11-29T17:35:12","guid":{"rendered":"https:\/\/sulin.ee\/?post_type=product&#038;p=15542"},"modified":"2025-09-07T21:45:32","modified_gmt":"2025-09-07T21:45:32","slug":"magnetiga-kalapuugimang-navy-loto-djeco","status":"publish","type":"product","link":"https:\/\/sulin.ee\/en\/toode\/magnetiga-kalapuugimang-navy-loto-djeco\/","title":{"rendered":"Magnetiga kalap\u00fc\u00fcgim\u00e4ng &#8220;Navy Loto&#8221;"},"content":{"rendered":"<p><strong>Magnetiga kalap\u00fc\u00fcgim\u00e4ng &#8220;Navy Loto&#8221; on vahva kalastamise m\u00e4ng, mille k\u00e4igus saab \u00f5ppida nii numbreid kui v\u00e4rve.<\/strong><\/p>\n<p>Vahva \u00f5nnem\u00e4ng, kus laps saab p\u00fc\u00fcda kalu! M\u00e4ng \u00f5petab tundma numbreid ja v\u00e4rve ning arendab silm-k\u00e4si koost\u00f6\u00f6d ja peenmotoorikat.<\/p>\n<p><strong>Kuidas m\u00e4ngida:<\/strong> Iga m\u00e4ngija paneb enda ette lauale kaardi, kus on n\u00e4ha milliseid v\u00e4ikeseid kalu on vaja p\u00fc\u00fcda. K\u00f5ik kalad, mis on erinevat v\u00e4rvi ja erinevate numbritega pannakse karpi tagurpidi nii, et numbrid ja v\u00e4rvid ei j\u00e4\u00e4 n\u00e4ha. Kui m\u00e4ngija p\u00fc\u00fcab kala, mis sobib tema kaardil oleva kalaga h\u00fc\u00fcab ta &#8220;Bingo!&#8221;. V\u00f5itja on see, kes p\u00fc\u00fcab kinni k\u00f5ik vajalikud kalad, mis tema kaardil on n\u00e4idatud.<\/p>\n<p><strong>Komplekti kuulub:<\/strong> 24 kala, 3 v\u00e4rvikaarti, 3 numbrite kaarti, ja 1 magnetiga \u00f5ng.<\/p>\n<p><strong>Sobib alates 3. eluaastast.<\/strong><\/p>\n<p><strong>HOIATUS!<\/strong> Ei sobi alla 3-aastastele lastele. Sisaldab v\u00e4ikeseid osi &#8211; l\u00e4mbumisoht. M\u00e4ng sisaldab magneteid.<\/p>\n<p>Vaata ka teisi arendavaid m\u00e4nguasju <span style=\"color: #ff9900;\"><a style=\"color: #ff9900;\" href=\"https:\/\/sulin.ee\/tootekategooria\/lapsele\/mangimine\/arendavad-manguasjad\/\" target=\"_blank\" rel=\"noopener\">siit<\/a><\/span>.<\/p>\n<p>Vaata vahvaid lauam\u00e4nge<a href=\"https:\/\/sulin.ee\/tootekategooria\/lapsele\/mangimine\/lauamangud\/\" target=\"_blank\" rel=\"noopener\"><span style=\"color: #ff9900;\"> siit<\/span><\/a>.<\/p>\n","protected":false},"excerpt":{"rendered":"<p>Magnetiga kalap\u00fc\u00fcgim\u00e4ng &#8220;Navy Loto&#8221; on vahva kalastamise m\u00e4ng, mille k\u00e4igus saab \u00f5ppida nii numbreid kui v\u00e4rve. Vahva \u00f5nnem\u00e4ng, kus laps saab p\u00fc\u00fcda kalu! M\u00e4ng \u00f5petab tundma numbreid ja v\u00e4rve ning arendab silm-k\u00e4si koost\u00f6\u00f6d ja peenmotoorikat. Kuidas m\u00e4ngida: Iga m\u00e4ngija paneb enda ette lauale kaardi, kus on n\u00e4ha milliseid v\u00e4ikeseid kalu on vaja p\u00fc\u00fcda. K\u00f5ik kalad, [&hellip;]<\/p>\n","protected":false},"featured_media":15549,"comment_status":"open","ping_status":"closed","template":"","meta":[],"product_brand":[],"product_cat":[1162,1165,1002,1023,942,175,928],"product_tag":[],"class_list":{"0":"post-15542","1":"product","2":"type-product","3":"status-publish","4":"has-post-thumbnail","6":"product_cat-kingituseks","7":"product_cat-3-5-aastat","8":"product_cat-oppemangud","9":"product_cat-motoorika","10":"product_cat-lauamangud","11":"product_cat-puidust-manguasjad","12":"product_cat-djeco","13":"has-post-title","14":"has-post-date","15":"has-post-category","16":"has-post-tag","17":"has-post-comment","18":"has-post-author","19":"","21":"first","22":"instock","23":"sale","24":"taxable","25":"shipping-taxable","26":"purchasable","27":"product-type-simple"},"yoast_head":"<!-- This site is optimized with the Yoast SEO plugin v26.8 - https:\/\/yoast.com\/product\/yoast-seo-wordpress\/ -->\n<title>Magnetiga kalap\u00fc\u00fcgim\u00e4ng &quot;Navy Loto&quot; - sulin.ee<\/title>\n<meta name=\"description\" content=\"Magnetiga kalap\u00fc\u00fcgim\u00e4ng &quot;Navy Loto&quot; on vahva kalastamise m\u00e4ng, mille k\u00e4igus saab \u00f5ppida nii numbreid kui v\u00e4rve. Sobib alates 3. eluaastat.\" \/>\n<meta name=\"robots\" content=\"index, follow, max-snippet:-1, max-image-preview:large, max-video-preview:-1\" \/>\n<link rel=\"canonical\" href=\"https:\/\/sulin.ee\/en\/toode\/magnetiga-kalapuugimang-navy-loto-djeco\/\" \/>\n<meta property=\"og:locale\" content=\"en_US\" \/>\n<meta property=\"og:type\" content=\"article\" \/>\n<meta property=\"og:title\" content=\"Magnetiga kalap\u00fc\u00fcgim\u00e4ng &quot;Navy Loto&quot; - sulin.ee\" \/>\n<meta property=\"og:description\" content=\"Magnetiga kalap\u00fc\u00fcgim\u00e4ng &quot;Navy Loto&quot; on vahva kalastamise m\u00e4ng, mille k\u00e4igus saab \u00f5ppida nii numbreid kui v\u00e4rve. Sobib alates 3. eluaastat.\" \/>\n<meta property=\"og:url\" content=\"https:\/\/sulin.ee\/en\/toode\/magnetiga-kalapuugimang-navy-loto-djeco\/\" \/>\n<meta property=\"og:site_name\" content=\"sulin.ee\" \/>\n<meta property=\"article:publisher\" content=\"https:\/\/www.facebook.com\/www.sulin.ee\/\" \/>\n<meta property=\"article:modified_time\" content=\"2025-09-07T21:45:32+00:00\" \/>\n<meta property=\"og:image\" content=\"https:\/\/sulin.ee\/wp-content\/uploads\/2023\/11\/Postitused-90.png\" \/>\n\t<meta property=\"og:image:width\" content=\"1080\" \/>\n\t<meta property=\"og:image:height\" content=\"1080\" \/>\n\t<meta property=\"og:image:type\" content=\"image\/png\" \/>\n<meta name=\"twitter:card\" content=\"summary_large_image\" \/>\n<meta name=\"twitter:label1\" content=\"Est. reading time\" \/>\n\t<meta name=\"twitter:data1\" content=\"1 minute\" \/>\n<script type=\"application\/ld+json\" class=\"yoast-schema-graph\">{\"@context\":\"https:\/\/schema.org\",\"@graph\":[{\"@type\":\"WebPage\",\"@id\":\"https:\/\/sulin.ee\/en\/toode\/magnetiga-kalapuugimang-navy-loto-djeco\/\",\"url\":\"https:\/\/sulin.ee\/en\/toode\/magnetiga-kalapuugimang-navy-loto-djeco\/\",\"name\":\"Magnetiga kalap\u00fc\u00fcgim\u00e4ng \\\"Navy Loto\\\" - sulin.ee\",\"isPartOf\":{\"@id\":\"https:\/\/sulin.ee\/en\/#website\"},\"primaryImageOfPage\":{\"@id\":\"https:\/\/sulin.ee\/en\/toode\/magnetiga-kalapuugimang-navy-loto-djeco\/#primaryimage\"},\"image\":{\"@id\":\"https:\/\/sulin.ee\/en\/toode\/magnetiga-kalapuugimang-navy-loto-djeco\/#primaryimage\"},\"thumbnailUrl\":\"https:\/\/sulin.ee\/wp-content\/uploads\/2023\/11\/Postitused-90.png\",\"datePublished\":\"2023-11-29T17:35:12+00:00\",\"dateModified\":\"2025-09-07T21:45:32+00:00\",\"description\":\"Magnetiga kalap\u00fc\u00fcgim\u00e4ng \\\"Navy Loto\\\" on vahva kalastamise m\u00e4ng, mille k\u00e4igus saab \u00f5ppida nii numbreid kui v\u00e4rve. Sobib alates 3. eluaastat.\",\"breadcrumb\":{\"@id\":\"https:\/\/sulin.ee\/en\/toode\/magnetiga-kalapuugimang-navy-loto-djeco\/#breadcrumb\"},\"inLanguage\":\"en-US\",\"potentialAction\":[{\"@type\":\"ReadAction\",\"target\":[\"https:\/\/sulin.ee\/en\/toode\/magnetiga-kalapuugimang-navy-loto-djeco\/\"]}]},{\"@type\":\"ImageObject\",\"inLanguage\":\"en-US\",\"@id\":\"https:\/\/sulin.ee\/en\/toode\/magnetiga-kalapuugimang-navy-loto-djeco\/#primaryimage\",\"url\":\"https:\/\/sulin.ee\/wp-content\/uploads\/2023\/11\/Postitused-90.png\",\"contentUrl\":\"https:\/\/sulin.ee\/wp-content\/uploads\/2023\/11\/Postitused-90.png\",\"width\":1080,\"height\":1080,\"caption\":\"Magnetiga kalap\u00fc\u00fcgim\u00e4ng \\\"Navy Loto\\\"\"},{\"@type\":\"BreadcrumbList\",\"@id\":\"https:\/\/sulin.ee\/en\/toode\/magnetiga-kalapuugimang-navy-loto-djeco\/#breadcrumb\",\"itemListElement\":[{\"@type\":\"ListItem\",\"position\":1,\"name\":\"Home\",\"item\":\"https:\/\/sulin.ee\/en\/\"},{\"@type\":\"ListItem\",\"position\":2,\"name\":\"Sulin.ee e-pood\",\"item\":\"https:\/\/sulin.ee\/shop\/\"},{\"@type\":\"ListItem\",\"position\":3,\"name\":\"Magnetiga kalap\u00fc\u00fcgim\u00e4ng &#8220;Navy Loto&#8221;\"}]},{\"@type\":\"WebSite\",\"@id\":\"https:\/\/sulin.ee\/en\/#website\",\"url\":\"https:\/\/sulin.ee\/en\/\",\"name\":\"sulin.ee\",\"description\":\"\",\"publisher\":{\"@id\":\"https:\/\/sulin.ee\/en\/#organization\"},\"potentialAction\":[{\"@type\":\"SearchAction\",\"target\":{\"@type\":\"EntryPoint\",\"urlTemplate\":\"https:\/\/sulin.ee\/en\/?s={search_term_string}\"},\"query-input\":{\"@type\":\"PropertyValueSpecification\",\"valueRequired\":true,\"valueName\":\"search_term_string\"}}],\"inLanguage\":\"en-US\"},{\"@type\":\"Organization\",\"@id\":\"https:\/\/sulin.ee\/en\/#organization\",\"name\":\"SULIN TRADE O\u00dc\",\"url\":\"https:\/\/sulin.ee\/en\/\",\"logo\":{\"@type\":\"ImageObject\",\"inLanguage\":\"en-US\",\"@id\":\"https:\/\/sulin.ee\/en\/#\/schema\/logo\/image\/\",\"url\":\"https:\/\/sulin.ee\/wp-content\/uploads\/2022\/11\/sulin-logo.png\",\"contentUrl\":\"https:\/\/sulin.ee\/wp-content\/uploads\/2022\/11\/sulin-logo.png\",\"width\":871,\"height\":321,\"caption\":\"SULIN TRADE O\u00dc\"},\"image\":{\"@id\":\"https:\/\/sulin.ee\/en\/#\/schema\/logo\/image\/\"},\"sameAs\":[\"https:\/\/www.facebook.com\/www.sulin.ee\/\",\"https:\/\/www.instagram.com\/sulintrade\/\"]}]}<\/script>\n<!-- \/ Yoast SEO plugin. -->","yoast_head_json":{"title":"Magnetiga kalap\u00fc\u00fcgim\u00e4ng \"Navy Loto\" - sulin.ee","description":"Magnetiga kalap\u00fc\u00fcgim\u00e4ng \"Navy Loto\" on vahva kalastamise m\u00e4ng, mille k\u00e4igus saab \u00f5ppida nii numbreid kui v\u00e4rve. Sobib alates 3. eluaastat.","robots":{"index":"index","follow":"follow","max-snippet":"max-snippet:-1","max-image-preview":"max-image-preview:large","max-video-preview":"max-video-preview:-1"},"canonical":"https:\/\/sulin.ee\/en\/toode\/magnetiga-kalapuugimang-navy-loto-djeco\/","og_locale":"en_US","og_type":"article","og_title":"Magnetiga kalap\u00fc\u00fcgim\u00e4ng \"Navy Loto\" - sulin.ee","og_description":"Magnetiga kalap\u00fc\u00fcgim\u00e4ng \"Navy Loto\" on vahva kalastamise m\u00e4ng, mille k\u00e4igus saab \u00f5ppida nii numbreid kui v\u00e4rve. Sobib alates 3. eluaastat.","og_url":"https:\/\/sulin.ee\/en\/toode\/magnetiga-kalapuugimang-navy-loto-djeco\/","og_site_name":"sulin.ee","article_publisher":"https:\/\/www.facebook.com\/www.sulin.ee\/","article_modified_time":"2025-09-07T21:45:32+00:00","og_image":[{"width":1080,"height":1080,"url":"https:\/\/sulin.ee\/wp-content\/uploads\/2023\/11\/Postitused-90.png","type":"image\/png"}],"twitter_card":"summary_large_image","twitter_misc":{"Est. reading time":"1 minute"},"schema":{"@context":"https:\/\/schema.org","@graph":[{"@type":"WebPage","@id":"https:\/\/sulin.ee\/en\/toode\/magnetiga-kalapuugimang-navy-loto-djeco\/","url":"https:\/\/sulin.ee\/en\/toode\/magnetiga-kalapuugimang-navy-loto-djeco\/","name":"Magnetiga kalap\u00fc\u00fcgim\u00e4ng \"Navy Loto\" - sulin.ee","isPartOf":{"@id":"https:\/\/sulin.ee\/en\/#website"},"primaryImageOfPage":{"@id":"https:\/\/sulin.ee\/en\/toode\/magnetiga-kalapuugimang-navy-loto-djeco\/#primaryimage"},"image":{"@id":"https:\/\/sulin.ee\/en\/toode\/magnetiga-kalapuugimang-navy-loto-djeco\/#primaryimage"},"thumbnailUrl":"https:\/\/sulin.ee\/wp-content\/uploads\/2023\/11\/Postitused-90.png","datePublished":"2023-11-29T17:35:12+00:00","dateModified":"2025-09-07T21:45:32+00:00","description":"Magnetiga kalap\u00fc\u00fcgim\u00e4ng \"Navy Loto\" on vahva kalastamise m\u00e4ng, mille k\u00e4igus saab \u00f5ppida nii numbreid kui v\u00e4rve. Sobib alates 3. eluaastat.","breadcrumb":{"@id":"https:\/\/sulin.ee\/en\/toode\/magnetiga-kalapuugimang-navy-loto-djeco\/#breadcrumb"},"inLanguage":"en-US","potentialAction":[{"@type":"ReadAction","target":["https:\/\/sulin.ee\/en\/toode\/magnetiga-kalapuugimang-navy-loto-djeco\/"]}]},{"@type":"ImageObject","inLanguage":"en-US","@id":"https:\/\/sulin.ee\/en\/toode\/magnetiga-kalapuugimang-navy-loto-djeco\/#primaryimage","url":"https:\/\/sulin.ee\/wp-content\/uploads\/2023\/11\/Postitused-90.png","contentUrl":"https:\/\/sulin.ee\/wp-content\/uploads\/2023\/11\/Postitused-90.png","width":1080,"height":1080,"caption":"Magnetiga kalap\u00fc\u00fcgim\u00e4ng \"Navy Loto\""},{"@type":"BreadcrumbList","@id":"https:\/\/sulin.ee\/en\/toode\/magnetiga-kalapuugimang-navy-loto-djeco\/#breadcrumb","itemListElement":[{"@type":"ListItem","position":1,"name":"Home","item":"https:\/\/sulin.ee\/en\/"},{"@type":"ListItem","position":2,"name":"Sulin.ee e-pood","item":"https:\/\/sulin.ee\/shop\/"},{"@type":"ListItem","position":3,"name":"Magnetiga kalap\u00fc\u00fcgim\u00e4ng &#8220;Navy Loto&#8221;"}]},{"@type":"WebSite","@id":"https:\/\/sulin.ee\/en\/#website","url":"https:\/\/sulin.ee\/en\/","name":"sulin.ee","description":"","publisher":{"@id":"https:\/\/sulin.ee\/en\/#organization"},"potentialAction":[{"@type":"SearchAction","target":{"@type":"EntryPoint","urlTemplate":"https:\/\/sulin.ee\/en\/?s={search_term_string}"},"query-input":{"@type":"PropertyValueSpecification","valueRequired":true,"valueName":"search_term_string"}}],"inLanguage":"en-US"},{"@type":"Organization","@id":"https:\/\/sulin.ee\/en\/#organization","name":"SULIN TRADE O\u00dc","url":"https:\/\/sulin.ee\/en\/","logo":{"@type":"ImageObject","inLanguage":"en-US","@id":"https:\/\/sulin.ee\/en\/#\/schema\/logo\/image\/","url":"https:\/\/sulin.ee\/wp-content\/uploads\/2022\/11\/sulin-logo.png","contentUrl":"https:\/\/sulin.ee\/wp-content\/uploads\/2022\/11\/sulin-logo.png","width":871,"height":321,"caption":"SULIN TRADE O\u00dc"},"image":{"@id":"https:\/\/sulin.ee\/en\/#\/schema\/logo\/image\/"},"sameAs":["https:\/\/www.facebook.com\/www.sulin.ee\/","https:\/\/www.instagram.com\/sulintrade\/"]}]}},"builder_content":"","_links":{"self":[{"href":"https:\/\/sulin.ee\/en\/wp-json\/wp\/v2\/product\/15542","targetHints":{"allow":["GET"]}}],"collection":[{"href":"https:\/\/sulin.ee\/en\/wp-json\/wp\/v2\/product"}],"about":[{"href":"https:\/\/sulin.ee\/en\/wp-json\/wp\/v2\/types\/product"}],"replies":[{"embeddable":true,"href":"https:\/\/sulin.ee\/en\/wp-json\/wp\/v2\/comments?post=15542"}],"wp:featuredmedia":[{"embeddable":true,"href":"https:\/\/sulin.ee\/en\/wp-json\/wp\/v2\/media\/15549"}],"wp:attachment":[{"href":"https:\/\/sulin.ee\/en\/wp-json\/wp\/v2\/media?parent=15542"}],"wp:term":[{"taxonomy":"product_brand","embeddable":true,"href":"https:\/\/sulin.ee\/en\/wp-json\/wp\/v2\/product_brand?post=15542"},{"taxonomy":"product_cat","embeddable":true,"href":"https:\/\/sulin.ee\/en\/wp-json\/wp\/v2\/product_cat?post=15542"},{"taxonomy":"product_tag","embeddable":true,"href":"https:\/\/sulin.ee\/en\/wp-json\/wp\/v2\/product_tag?post=15542"}],"curies":[{"name":"wp","href":"https:\/\/api.w.org\/{rel}","templated":true}]}}