{"id":15494,"date":"2023-11-29T12:58:02","date_gmt":"2023-11-29T12:58:02","guid":{"rendered":"https:\/\/sulin.ee\/?post_type=product&#038;p=15494"},"modified":"2025-09-07T21:45:50","modified_gmt":"2025-09-07T21:45:50","slug":"puidust-magnetid-83-vaikest-tahte-djeco","status":"publish","type":"product","link":"https:\/\/sulin.ee\/en\/toode\/puidust-magnetid-83-vaikest-tahte-djeco\/","title":{"rendered":"Puidust magnetid &#8211; 83 v\u00e4ikest t\u00e4hte"},"content":{"rendered":"<p><strong>Puidust magnetid &#8211; 83 v\u00e4ikest t\u00e4hte, mille abil saab moodustada erinevaid s\u00f5nu v\u00f5i isegi l\u00fchemaid lauseid. Vahva viis \u00f5ppida koos lapsega t\u00e4hti tundma, lugema ja s\u00f5nu moodustama.\u00a0<\/strong><\/p>\n<p>Komplekt koosneb 3 cm suurustest tr\u00fckit\u00e4htedest ning sobib h\u00e4sti koolieelikule, kes alles \u00f5pib t\u00e4hti tundma.<\/p>\n<p>Kasuta magneteid magnettahvlil v\u00f5i k\u00fclmkapi uksel.<\/p>\n<p><strong>Sobib vanusele 4+ eluaastat.<\/strong><\/p>\n<p><strong>HOIATUS!<\/strong> Ei sobi alla 3-aastastele lastele. Sisaldab v\u00e4ikeseid osi &#8211; l\u00e4mbumisoht.<\/p>\n<p>Vaata ka teisi vahvaid ja arendavaid DJECO m\u00e4nguasju\u00a0<span style=\"color: #0000ff;\"><a style=\"color: #0000ff;\" href=\"https:\/\/sulin.ee\/tootekategooria\/brandid\/djeco\/\" target=\"_blank\" rel=\"noopener\"><span style=\"color: #ff9900;\">siit<\/span>.<\/a><\/span><\/p>\n","protected":false},"excerpt":{"rendered":"<p>Puidust magnetid &#8211; 83 v\u00e4ikest t\u00e4hte, mille abil saab moodustada erinevaid s\u00f5nu v\u00f5i isegi l\u00fchemaid lauseid. Vahva viis \u00f5ppida koos lapsega t\u00e4hti tundma, lugema ja s\u00f5nu moodustama.\u00a0 Komplekt koosneb 3 cm suurustest tr\u00fckit\u00e4htedest ning sobib h\u00e4sti koolieelikule, kes alles \u00f5pib t\u00e4hti tundma. Kasuta magneteid magnettahvlil v\u00f5i k\u00fclmkapi uksel. Sobib vanusele 4+ eluaastat. HOIATUS! Ei sobi [&hellip;]<\/p>\n","protected":false},"featured_media":15495,"comment_status":"open","ping_status":"closed","template":"","meta":[],"product_brand":[],"product_cat":[1162,1165,1166,1002,1010,942,175,928],"product_tag":[],"class_list":{"0":"post-15494","1":"product","2":"type-product","3":"status-publish","4":"has-post-thumbnail","6":"product_cat-kingituseks","7":"product_cat-3-5-aastat","8":"product_cat-6-8-aastat","9":"product_cat-oppemangud","10":"product_cat-tahed-ja-kirjutamine","11":"product_cat-lauamangud","12":"product_cat-puidust-manguasjad","13":"product_cat-djeco","14":"has-post-title","15":"has-post-date","16":"has-post-category","17":"has-post-tag","18":"has-post-comment","19":"has-post-author","20":"","22":"first","23":"instock","24":"sale","25":"taxable","26":"shipping-taxable","27":"purchasable","28":"product-type-simple"},"yoast_head":"<!-- This site is optimized with the Yoast SEO plugin v26.8 - https:\/\/yoast.com\/product\/yoast-seo-wordpress\/ -->\n<title>Puidust magnetid - 83 v\u00e4ikest t\u00e4hte - sulin.ee<\/title>\n<meta name=\"robots\" content=\"index, follow, max-snippet:-1, max-image-preview:large, max-video-preview:-1\" \/>\n<link rel=\"canonical\" href=\"https:\/\/sulin.ee\/en\/toode\/puidust-magnetid-83-vaikest-tahte-djeco\/\" \/>\n<meta property=\"og:locale\" content=\"en_US\" \/>\n<meta property=\"og:type\" content=\"article\" \/>\n<meta property=\"og:title\" content=\"Puidust magnetid - 83 v\u00e4ikest t\u00e4hte - sulin.ee\" \/>\n<meta property=\"og:description\" content=\"Puidust magnetid &#8211; 83 v\u00e4ikest t\u00e4hte, mille abil saab moodustada erinevaid s\u00f5nu v\u00f5i isegi l\u00fchemaid lauseid. Vahva viis \u00f5ppida koos lapsega t\u00e4hti tundma, lugema ja s\u00f5nu moodustama.\u00a0 Komplekt koosneb 3 cm suurustest tr\u00fckit\u00e4htedest ning sobib h\u00e4sti koolieelikule, kes alles \u00f5pib t\u00e4hti tundma. Kasuta magneteid magnettahvlil v\u00f5i k\u00fclmkapi uksel. Sobib vanusele 4+ eluaastat. HOIATUS! Ei sobi [&hellip;]\" \/>\n<meta property=\"og:url\" content=\"https:\/\/sulin.ee\/en\/toode\/puidust-magnetid-83-vaikest-tahte-djeco\/\" \/>\n<meta property=\"og:site_name\" content=\"sulin.ee\" \/>\n<meta property=\"article:publisher\" content=\"https:\/\/www.facebook.com\/www.sulin.ee\/\" \/>\n<meta property=\"article:modified_time\" content=\"2025-09-07T21:45:50+00:00\" \/>\n<meta property=\"og:image\" content=\"https:\/\/sulin.ee\/wp-content\/uploads\/2023\/11\/Postitused-86.png\" \/>\n\t<meta property=\"og:image:width\" content=\"1080\" \/>\n\t<meta property=\"og:image:height\" content=\"1080\" \/>\n\t<meta property=\"og:image:type\" content=\"image\/png\" \/>\n<meta name=\"twitter:card\" content=\"summary_large_image\" \/>\n<meta name=\"twitter:label1\" content=\"Est. reading time\" \/>\n\t<meta name=\"twitter:data1\" content=\"1 minute\" \/>\n<script type=\"application\/ld+json\" class=\"yoast-schema-graph\">{\"@context\":\"https:\/\/schema.org\",\"@graph\":[{\"@type\":\"WebPage\",\"@id\":\"https:\/\/sulin.ee\/en\/toode\/puidust-magnetid-83-vaikest-tahte-djeco\/\",\"url\":\"https:\/\/sulin.ee\/en\/toode\/puidust-magnetid-83-vaikest-tahte-djeco\/\",\"name\":\"Puidust magnetid - 83 v\u00e4ikest t\u00e4hte - sulin.ee\",\"isPartOf\":{\"@id\":\"https:\/\/sulin.ee\/en\/#website\"},\"primaryImageOfPage\":{\"@id\":\"https:\/\/sulin.ee\/en\/toode\/puidust-magnetid-83-vaikest-tahte-djeco\/#primaryimage\"},\"image\":{\"@id\":\"https:\/\/sulin.ee\/en\/toode\/puidust-magnetid-83-vaikest-tahte-djeco\/#primaryimage\"},\"thumbnailUrl\":\"https:\/\/sulin.ee\/wp-content\/uploads\/2023\/11\/Postitused-86.png\",\"datePublished\":\"2023-11-29T12:58:02+00:00\",\"dateModified\":\"2025-09-07T21:45:50+00:00\",\"breadcrumb\":{\"@id\":\"https:\/\/sulin.ee\/en\/toode\/puidust-magnetid-83-vaikest-tahte-djeco\/#breadcrumb\"},\"inLanguage\":\"en-US\",\"potentialAction\":[{\"@type\":\"ReadAction\",\"target\":[\"https:\/\/sulin.ee\/en\/toode\/puidust-magnetid-83-vaikest-tahte-djeco\/\"]}]},{\"@type\":\"ImageObject\",\"inLanguage\":\"en-US\",\"@id\":\"https:\/\/sulin.ee\/en\/toode\/puidust-magnetid-83-vaikest-tahte-djeco\/#primaryimage\",\"url\":\"https:\/\/sulin.ee\/wp-content\/uploads\/2023\/11\/Postitused-86.png\",\"contentUrl\":\"https:\/\/sulin.ee\/wp-content\/uploads\/2023\/11\/Postitused-86.png\",\"width\":1080,\"height\":1080},{\"@type\":\"BreadcrumbList\",\"@id\":\"https:\/\/sulin.ee\/en\/toode\/puidust-magnetid-83-vaikest-tahte-djeco\/#breadcrumb\",\"itemListElement\":[{\"@type\":\"ListItem\",\"position\":1,\"name\":\"Home\",\"item\":\"https:\/\/sulin.ee\/en\/\"},{\"@type\":\"ListItem\",\"position\":2,\"name\":\"Sulin.ee e-pood\",\"item\":\"https:\/\/sulin.ee\/shop\/\"},{\"@type\":\"ListItem\",\"position\":3,\"name\":\"Puidust magnetid &#8211; 83 v\u00e4ikest t\u00e4hte\"}]},{\"@type\":\"WebSite\",\"@id\":\"https:\/\/sulin.ee\/en\/#website\",\"url\":\"https:\/\/sulin.ee\/en\/\",\"name\":\"sulin.ee\",\"description\":\"\",\"publisher\":{\"@id\":\"https:\/\/sulin.ee\/en\/#organization\"},\"potentialAction\":[{\"@type\":\"SearchAction\",\"target\":{\"@type\":\"EntryPoint\",\"urlTemplate\":\"https:\/\/sulin.ee\/en\/?s={search_term_string}\"},\"query-input\":{\"@type\":\"PropertyValueSpecification\",\"valueRequired\":true,\"valueName\":\"search_term_string\"}}],\"inLanguage\":\"en-US\"},{\"@type\":\"Organization\",\"@id\":\"https:\/\/sulin.ee\/en\/#organization\",\"name\":\"SULIN TRADE O\u00dc\",\"url\":\"https:\/\/sulin.ee\/en\/\",\"logo\":{\"@type\":\"ImageObject\",\"inLanguage\":\"en-US\",\"@id\":\"https:\/\/sulin.ee\/en\/#\/schema\/logo\/image\/\",\"url\":\"https:\/\/sulin.ee\/wp-content\/uploads\/2022\/11\/sulin-logo.png\",\"contentUrl\":\"https:\/\/sulin.ee\/wp-content\/uploads\/2022\/11\/sulin-logo.png\",\"width\":871,\"height\":321,\"caption\":\"SULIN TRADE O\u00dc\"},\"image\":{\"@id\":\"https:\/\/sulin.ee\/en\/#\/schema\/logo\/image\/\"},\"sameAs\":[\"https:\/\/www.facebook.com\/www.sulin.ee\/\",\"https:\/\/www.instagram.com\/sulintrade\/\"]}]}<\/script>\n<!-- \/ Yoast SEO plugin. -->","yoast_head_json":{"title":"Puidust magnetid - 83 v\u00e4ikest t\u00e4hte - sulin.ee","robots":{"index":"index","follow":"follow","max-snippet":"max-snippet:-1","max-image-preview":"max-image-preview:large","max-video-preview":"max-video-preview:-1"},"canonical":"https:\/\/sulin.ee\/en\/toode\/puidust-magnetid-83-vaikest-tahte-djeco\/","og_locale":"en_US","og_type":"article","og_title":"Puidust magnetid - 83 v\u00e4ikest t\u00e4hte - sulin.ee","og_description":"Puidust magnetid &#8211; 83 v\u00e4ikest t\u00e4hte, mille abil saab moodustada erinevaid s\u00f5nu v\u00f5i isegi l\u00fchemaid lauseid. Vahva viis \u00f5ppida koos lapsega t\u00e4hti tundma, lugema ja s\u00f5nu moodustama.\u00a0 Komplekt koosneb 3 cm suurustest tr\u00fckit\u00e4htedest ning sobib h\u00e4sti koolieelikule, kes alles \u00f5pib t\u00e4hti tundma. Kasuta magneteid magnettahvlil v\u00f5i k\u00fclmkapi uksel. Sobib vanusele 4+ eluaastat. HOIATUS! Ei sobi [&hellip;]","og_url":"https:\/\/sulin.ee\/en\/toode\/puidust-magnetid-83-vaikest-tahte-djeco\/","og_site_name":"sulin.ee","article_publisher":"https:\/\/www.facebook.com\/www.sulin.ee\/","article_modified_time":"2025-09-07T21:45:50+00:00","og_image":[{"width":1080,"height":1080,"url":"https:\/\/sulin.ee\/wp-content\/uploads\/2023\/11\/Postitused-86.png","type":"image\/png"}],"twitter_card":"summary_large_image","twitter_misc":{"Est. reading time":"1 minute"},"schema":{"@context":"https:\/\/schema.org","@graph":[{"@type":"WebPage","@id":"https:\/\/sulin.ee\/en\/toode\/puidust-magnetid-83-vaikest-tahte-djeco\/","url":"https:\/\/sulin.ee\/en\/toode\/puidust-magnetid-83-vaikest-tahte-djeco\/","name":"Puidust magnetid - 83 v\u00e4ikest t\u00e4hte - sulin.ee","isPartOf":{"@id":"https:\/\/sulin.ee\/en\/#website"},"primaryImageOfPage":{"@id":"https:\/\/sulin.ee\/en\/toode\/puidust-magnetid-83-vaikest-tahte-djeco\/#primaryimage"},"image":{"@id":"https:\/\/sulin.ee\/en\/toode\/puidust-magnetid-83-vaikest-tahte-djeco\/#primaryimage"},"thumbnailUrl":"https:\/\/sulin.ee\/wp-content\/uploads\/2023\/11\/Postitused-86.png","datePublished":"2023-11-29T12:58:02+00:00","dateModified":"2025-09-07T21:45:50+00:00","breadcrumb":{"@id":"https:\/\/sulin.ee\/en\/toode\/puidust-magnetid-83-vaikest-tahte-djeco\/#breadcrumb"},"inLanguage":"en-US","potentialAction":[{"@type":"ReadAction","target":["https:\/\/sulin.ee\/en\/toode\/puidust-magnetid-83-vaikest-tahte-djeco\/"]}]},{"@type":"ImageObject","inLanguage":"en-US","@id":"https:\/\/sulin.ee\/en\/toode\/puidust-magnetid-83-vaikest-tahte-djeco\/#primaryimage","url":"https:\/\/sulin.ee\/wp-content\/uploads\/2023\/11\/Postitused-86.png","contentUrl":"https:\/\/sulin.ee\/wp-content\/uploads\/2023\/11\/Postitused-86.png","width":1080,"height":1080},{"@type":"BreadcrumbList","@id":"https:\/\/sulin.ee\/en\/toode\/puidust-magnetid-83-vaikest-tahte-djeco\/#breadcrumb","itemListElement":[{"@type":"ListItem","position":1,"name":"Home","item":"https:\/\/sulin.ee\/en\/"},{"@type":"ListItem","position":2,"name":"Sulin.ee e-pood","item":"https:\/\/sulin.ee\/shop\/"},{"@type":"ListItem","position":3,"name":"Puidust magnetid &#8211; 83 v\u00e4ikest t\u00e4hte"}]},{"@type":"WebSite","@id":"https:\/\/sulin.ee\/en\/#website","url":"https:\/\/sulin.ee\/en\/","name":"sulin.ee","description":"","publisher":{"@id":"https:\/\/sulin.ee\/en\/#organization"},"potentialAction":[{"@type":"SearchAction","target":{"@type":"EntryPoint","urlTemplate":"https:\/\/sulin.ee\/en\/?s={search_term_string}"},"query-input":{"@type":"PropertyValueSpecification","valueRequired":true,"valueName":"search_term_string"}}],"inLanguage":"en-US"},{"@type":"Organization","@id":"https:\/\/sulin.ee\/en\/#organization","name":"SULIN TRADE O\u00dc","url":"https:\/\/sulin.ee\/en\/","logo":{"@type":"ImageObject","inLanguage":"en-US","@id":"https:\/\/sulin.ee\/en\/#\/schema\/logo\/image\/","url":"https:\/\/sulin.ee\/wp-content\/uploads\/2022\/11\/sulin-logo.png","contentUrl":"https:\/\/sulin.ee\/wp-content\/uploads\/2022\/11\/sulin-logo.png","width":871,"height":321,"caption":"SULIN TRADE O\u00dc"},"image":{"@id":"https:\/\/sulin.ee\/en\/#\/schema\/logo\/image\/"},"sameAs":["https:\/\/www.facebook.com\/www.sulin.ee\/","https:\/\/www.instagram.com\/sulintrade\/"]}]}},"builder_content":"","_links":{"self":[{"href":"https:\/\/sulin.ee\/en\/wp-json\/wp\/v2\/product\/15494","targetHints":{"allow":["GET"]}}],"collection":[{"href":"https:\/\/sulin.ee\/en\/wp-json\/wp\/v2\/product"}],"about":[{"href":"https:\/\/sulin.ee\/en\/wp-json\/wp\/v2\/types\/product"}],"replies":[{"embeddable":true,"href":"https:\/\/sulin.ee\/en\/wp-json\/wp\/v2\/comments?post=15494"}],"wp:featuredmedia":[{"embeddable":true,"href":"https:\/\/sulin.ee\/en\/wp-json\/wp\/v2\/media\/15495"}],"wp:attachment":[{"href":"https:\/\/sulin.ee\/en\/wp-json\/wp\/v2\/media?parent=15494"}],"wp:term":[{"taxonomy":"product_brand","embeddable":true,"href":"https:\/\/sulin.ee\/en\/wp-json\/wp\/v2\/product_brand?post=15494"},{"taxonomy":"product_cat","embeddable":true,"href":"https:\/\/sulin.ee\/en\/wp-json\/wp\/v2\/product_cat?post=15494"},{"taxonomy":"product_tag","embeddable":true,"href":"https:\/\/sulin.ee\/en\/wp-json\/wp\/v2\/product_tag?post=15494"}],"curies":[{"name":"wp","href":"https:\/\/api.w.org\/{rel}","templated":true}]}}