{"id":15356,"date":"2023-11-20T19:48:14","date_gmt":"2023-11-20T19:48:14","guid":{"rendered":"https:\/\/sulin.ee\/?post_type=product&#038;p=15356"},"modified":"2025-09-07T21:53:31","modified_gmt":"2025-09-07T21:53:31","slug":"voolimiskomplekt-minu-dzungel-djeco","status":"publish","type":"product","link":"https:\/\/sulin.ee\/en\/toode\/voolimiskomplekt-minu-dzungel-djeco\/","title":{"rendered":"Voolimiskomplekt &#8220;Minu d\u017eungel&#8221;"},"content":{"rendered":"<p><strong>Voolimiskomplekt &#8220;Minu d\u017eungel&#8221; on l\u00f5bus ja leidlik komplekt plastiliiniga m\u00e4ngimiseks. Kaasas olev plastiliin on pehme ja h\u00e4sti voolitav ning ei kleepu ega murene.<\/strong><\/p>\n<p>Rulli plastiliin laiali ning l\u00f5ika sellest t\u00fckid, et kaunistada kilpkonn. Kui kilpkonn kaunistatud v\u00f5id plastiliini taas kokku mudida ja otsast alata. See on tegevus, mida saab teha \u00fcha uuesti ja uuest ning l\u00f5bu on l\u00f5putu.<\/p>\n<p><strong>Komplekti kuuluvad:<\/strong> 1 taignarull, 1 krokodillinuga, 1 puidust kilpkonn kaunistamiseks ja 1 tops (140g) plastiliini.<\/p>\n<p><strong>Sobib m\u00e4ngimiseks alates 18+ elukuud.<\/strong><\/p>\n<p>M\u00f5nusad vaniljel\u00f5hnalised MICI naturaalsed plastiliinid leiad<a href=\"https:\/\/sulin.ee\/tootekategooria\/brandid\/mici\/\" target=\"_blank\" rel=\"noopener\"> siit<\/a>.<\/p>\n<p>Vaata ka teisi plastiliine, voolimismasse ja vorme <a href=\"https:\/\/sulin.ee\/tootekategooria\/lapsele\/mangimine\/voolimismassid\/\" target=\"_blank\" rel=\"noopener\">siit<\/a>.<\/p>\n","protected":false},"excerpt":{"rendered":"<p>Voolimiskomplekt &#8220;Minu d\u017eungel&#8221; on l\u00f5bus ja leidlik komplekt plastiliiniga m\u00e4ngimiseks. Kaasas olev plastiliin on pehme ja h\u00e4sti voolitav ning ei kleepu ega murene. Rulli plastiliin laiali ning l\u00f5ika sellest t\u00fckid, et kaunistada kilpkonn. Kui kilpkonn kaunistatud v\u00f5id plastiliini taas kokku mudida ja otsast alata. See on tegevus, mida saab teha \u00fcha uuesti ja uuest ning [&hellip;]<\/p>\n","protected":false},"featured_media":15357,"comment_status":"open","ping_status":"closed","template":"","meta":[],"product_brand":[],"product_cat":[1162,1164,1165,1166,926,928],"product_tag":[],"class_list":{"0":"post-15356","1":"product","2":"type-product","3":"status-publish","4":"has-post-thumbnail","6":"product_cat-kingituseks","7":"product_cat-1-3-aastat","8":"product_cat-3-5-aastat","9":"product_cat-6-8-aastat","10":"product_cat-voolimismassid","11":"product_cat-djeco","12":"has-post-title","13":"has-post-date","14":"has-post-category","15":"has-post-tag","16":"has-post-comment","17":"has-post-author","18":"","20":"first","21":"instock","22":"sale","23":"taxable","24":"shipping-taxable","25":"purchasable","26":"product-type-simple"},"yoast_head":"<!-- This site is optimized with the Yoast SEO plugin v26.8 - https:\/\/yoast.com\/product\/yoast-seo-wordpress\/ -->\n<title>Voolimiskomplekt &quot;Minu d\u017eungel&quot; - sulin.ee<\/title>\n<meta name=\"description\" content=\"Voolimiskomplekt - Minu d\u017eungel on l\u00f5bus ja leidlik komplekt plastiliiniga m\u00e4ngimiseks. Plastiliin on pehme ja h\u00e4sti voolitav ning ei kleepu ega murene.\" \/>\n<meta name=\"robots\" content=\"index, follow, max-snippet:-1, max-image-preview:large, max-video-preview:-1\" \/>\n<link rel=\"canonical\" href=\"https:\/\/sulin.ee\/en\/toode\/voolimiskomplekt-minu-dzungel-djeco\/\" \/>\n<meta property=\"og:locale\" content=\"en_US\" \/>\n<meta property=\"og:type\" content=\"article\" \/>\n<meta property=\"og:title\" content=\"Voolimiskomplekt &quot;Minu d\u017eungel&quot; - sulin.ee\" \/>\n<meta property=\"og:description\" content=\"Voolimiskomplekt - Minu d\u017eungel on l\u00f5bus ja leidlik komplekt plastiliiniga m\u00e4ngimiseks. Plastiliin on pehme ja h\u00e4sti voolitav ning ei kleepu ega murene.\" \/>\n<meta property=\"og:url\" content=\"https:\/\/sulin.ee\/en\/toode\/voolimiskomplekt-minu-dzungel-djeco\/\" \/>\n<meta property=\"og:site_name\" content=\"sulin.ee\" \/>\n<meta property=\"article:publisher\" content=\"https:\/\/www.facebook.com\/www.sulin.ee\/\" \/>\n<meta property=\"article:modified_time\" content=\"2025-09-07T21:53:31+00:00\" \/>\n<meta property=\"og:image\" content=\"https:\/\/sulin.ee\/wp-content\/uploads\/2023\/11\/Postitused-81.png\" \/>\n\t<meta property=\"og:image:width\" content=\"1080\" \/>\n\t<meta property=\"og:image:height\" content=\"1080\" \/>\n\t<meta property=\"og:image:type\" content=\"image\/png\" \/>\n<meta name=\"twitter:card\" content=\"summary_large_image\" \/>\n<meta name=\"twitter:label1\" content=\"Est. reading time\" \/>\n\t<meta name=\"twitter:data1\" content=\"1 minute\" \/>\n<script type=\"application\/ld+json\" class=\"yoast-schema-graph\">{\"@context\":\"https:\/\/schema.org\",\"@graph\":[{\"@type\":\"WebPage\",\"@id\":\"https:\/\/sulin.ee\/en\/toode\/voolimiskomplekt-minu-dzungel-djeco\/\",\"url\":\"https:\/\/sulin.ee\/en\/toode\/voolimiskomplekt-minu-dzungel-djeco\/\",\"name\":\"Voolimiskomplekt \\\"Minu d\u017eungel\\\" - sulin.ee\",\"isPartOf\":{\"@id\":\"https:\/\/sulin.ee\/en\/#website\"},\"primaryImageOfPage\":{\"@id\":\"https:\/\/sulin.ee\/en\/toode\/voolimiskomplekt-minu-dzungel-djeco\/#primaryimage\"},\"image\":{\"@id\":\"https:\/\/sulin.ee\/en\/toode\/voolimiskomplekt-minu-dzungel-djeco\/#primaryimage\"},\"thumbnailUrl\":\"https:\/\/sulin.ee\/wp-content\/uploads\/2023\/11\/Postitused-81.png\",\"datePublished\":\"2023-11-20T19:48:14+00:00\",\"dateModified\":\"2025-09-07T21:53:31+00:00\",\"description\":\"Voolimiskomplekt - Minu d\u017eungel on l\u00f5bus ja leidlik komplekt plastiliiniga m\u00e4ngimiseks. Plastiliin on pehme ja h\u00e4sti voolitav ning ei kleepu ega murene.\",\"breadcrumb\":{\"@id\":\"https:\/\/sulin.ee\/en\/toode\/voolimiskomplekt-minu-dzungel-djeco\/#breadcrumb\"},\"inLanguage\":\"en-US\",\"potentialAction\":[{\"@type\":\"ReadAction\",\"target\":[\"https:\/\/sulin.ee\/en\/toode\/voolimiskomplekt-minu-dzungel-djeco\/\"]}]},{\"@type\":\"ImageObject\",\"inLanguage\":\"en-US\",\"@id\":\"https:\/\/sulin.ee\/en\/toode\/voolimiskomplekt-minu-dzungel-djeco\/#primaryimage\",\"url\":\"https:\/\/sulin.ee\/wp-content\/uploads\/2023\/11\/Postitused-81.png\",\"contentUrl\":\"https:\/\/sulin.ee\/wp-content\/uploads\/2023\/11\/Postitused-81.png\",\"width\":1080,\"height\":1080,\"caption\":\"Voolimiskomplekt \\\"Minu d\u017eungel\\\"\"},{\"@type\":\"BreadcrumbList\",\"@id\":\"https:\/\/sulin.ee\/en\/toode\/voolimiskomplekt-minu-dzungel-djeco\/#breadcrumb\",\"itemListElement\":[{\"@type\":\"ListItem\",\"position\":1,\"name\":\"Home\",\"item\":\"https:\/\/sulin.ee\/en\/\"},{\"@type\":\"ListItem\",\"position\":2,\"name\":\"Sulin.ee e-pood\",\"item\":\"https:\/\/sulin.ee\/shop\/\"},{\"@type\":\"ListItem\",\"position\":3,\"name\":\"Voolimiskomplekt &#8220;Minu d\u017eungel&#8221;\"}]},{\"@type\":\"WebSite\",\"@id\":\"https:\/\/sulin.ee\/en\/#website\",\"url\":\"https:\/\/sulin.ee\/en\/\",\"name\":\"sulin.ee\",\"description\":\"\",\"publisher\":{\"@id\":\"https:\/\/sulin.ee\/en\/#organization\"},\"potentialAction\":[{\"@type\":\"SearchAction\",\"target\":{\"@type\":\"EntryPoint\",\"urlTemplate\":\"https:\/\/sulin.ee\/en\/?s={search_term_string}\"},\"query-input\":{\"@type\":\"PropertyValueSpecification\",\"valueRequired\":true,\"valueName\":\"search_term_string\"}}],\"inLanguage\":\"en-US\"},{\"@type\":\"Organization\",\"@id\":\"https:\/\/sulin.ee\/en\/#organization\",\"name\":\"SULIN TRADE O\u00dc\",\"url\":\"https:\/\/sulin.ee\/en\/\",\"logo\":{\"@type\":\"ImageObject\",\"inLanguage\":\"en-US\",\"@id\":\"https:\/\/sulin.ee\/en\/#\/schema\/logo\/image\/\",\"url\":\"https:\/\/sulin.ee\/wp-content\/uploads\/2022\/11\/sulin-logo.png\",\"contentUrl\":\"https:\/\/sulin.ee\/wp-content\/uploads\/2022\/11\/sulin-logo.png\",\"width\":871,\"height\":321,\"caption\":\"SULIN TRADE O\u00dc\"},\"image\":{\"@id\":\"https:\/\/sulin.ee\/en\/#\/schema\/logo\/image\/\"},\"sameAs\":[\"https:\/\/www.facebook.com\/www.sulin.ee\/\",\"https:\/\/www.instagram.com\/sulintrade\/\"]}]}<\/script>\n<!-- \/ Yoast SEO plugin. -->","yoast_head_json":{"title":"Voolimiskomplekt \"Minu d\u017eungel\" - sulin.ee","description":"Voolimiskomplekt - Minu d\u017eungel on l\u00f5bus ja leidlik komplekt plastiliiniga m\u00e4ngimiseks. Plastiliin on pehme ja h\u00e4sti voolitav ning ei kleepu ega murene.","robots":{"index":"index","follow":"follow","max-snippet":"max-snippet:-1","max-image-preview":"max-image-preview:large","max-video-preview":"max-video-preview:-1"},"canonical":"https:\/\/sulin.ee\/en\/toode\/voolimiskomplekt-minu-dzungel-djeco\/","og_locale":"en_US","og_type":"article","og_title":"Voolimiskomplekt \"Minu d\u017eungel\" - sulin.ee","og_description":"Voolimiskomplekt - Minu d\u017eungel on l\u00f5bus ja leidlik komplekt plastiliiniga m\u00e4ngimiseks. Plastiliin on pehme ja h\u00e4sti voolitav ning ei kleepu ega murene.","og_url":"https:\/\/sulin.ee\/en\/toode\/voolimiskomplekt-minu-dzungel-djeco\/","og_site_name":"sulin.ee","article_publisher":"https:\/\/www.facebook.com\/www.sulin.ee\/","article_modified_time":"2025-09-07T21:53:31+00:00","og_image":[{"width":1080,"height":1080,"url":"https:\/\/sulin.ee\/wp-content\/uploads\/2023\/11\/Postitused-81.png","type":"image\/png"}],"twitter_card":"summary_large_image","twitter_misc":{"Est. reading time":"1 minute"},"schema":{"@context":"https:\/\/schema.org","@graph":[{"@type":"WebPage","@id":"https:\/\/sulin.ee\/en\/toode\/voolimiskomplekt-minu-dzungel-djeco\/","url":"https:\/\/sulin.ee\/en\/toode\/voolimiskomplekt-minu-dzungel-djeco\/","name":"Voolimiskomplekt \"Minu d\u017eungel\" - sulin.ee","isPartOf":{"@id":"https:\/\/sulin.ee\/en\/#website"},"primaryImageOfPage":{"@id":"https:\/\/sulin.ee\/en\/toode\/voolimiskomplekt-minu-dzungel-djeco\/#primaryimage"},"image":{"@id":"https:\/\/sulin.ee\/en\/toode\/voolimiskomplekt-minu-dzungel-djeco\/#primaryimage"},"thumbnailUrl":"https:\/\/sulin.ee\/wp-content\/uploads\/2023\/11\/Postitused-81.png","datePublished":"2023-11-20T19:48:14+00:00","dateModified":"2025-09-07T21:53:31+00:00","description":"Voolimiskomplekt - Minu d\u017eungel on l\u00f5bus ja leidlik komplekt plastiliiniga m\u00e4ngimiseks. Plastiliin on pehme ja h\u00e4sti voolitav ning ei kleepu ega murene.","breadcrumb":{"@id":"https:\/\/sulin.ee\/en\/toode\/voolimiskomplekt-minu-dzungel-djeco\/#breadcrumb"},"inLanguage":"en-US","potentialAction":[{"@type":"ReadAction","target":["https:\/\/sulin.ee\/en\/toode\/voolimiskomplekt-minu-dzungel-djeco\/"]}]},{"@type":"ImageObject","inLanguage":"en-US","@id":"https:\/\/sulin.ee\/en\/toode\/voolimiskomplekt-minu-dzungel-djeco\/#primaryimage","url":"https:\/\/sulin.ee\/wp-content\/uploads\/2023\/11\/Postitused-81.png","contentUrl":"https:\/\/sulin.ee\/wp-content\/uploads\/2023\/11\/Postitused-81.png","width":1080,"height":1080,"caption":"Voolimiskomplekt \"Minu d\u017eungel\""},{"@type":"BreadcrumbList","@id":"https:\/\/sulin.ee\/en\/toode\/voolimiskomplekt-minu-dzungel-djeco\/#breadcrumb","itemListElement":[{"@type":"ListItem","position":1,"name":"Home","item":"https:\/\/sulin.ee\/en\/"},{"@type":"ListItem","position":2,"name":"Sulin.ee e-pood","item":"https:\/\/sulin.ee\/shop\/"},{"@type":"ListItem","position":3,"name":"Voolimiskomplekt &#8220;Minu d\u017eungel&#8221;"}]},{"@type":"WebSite","@id":"https:\/\/sulin.ee\/en\/#website","url":"https:\/\/sulin.ee\/en\/","name":"sulin.ee","description":"","publisher":{"@id":"https:\/\/sulin.ee\/en\/#organization"},"potentialAction":[{"@type":"SearchAction","target":{"@type":"EntryPoint","urlTemplate":"https:\/\/sulin.ee\/en\/?s={search_term_string}"},"query-input":{"@type":"PropertyValueSpecification","valueRequired":true,"valueName":"search_term_string"}}],"inLanguage":"en-US"},{"@type":"Organization","@id":"https:\/\/sulin.ee\/en\/#organization","name":"SULIN TRADE O\u00dc","url":"https:\/\/sulin.ee\/en\/","logo":{"@type":"ImageObject","inLanguage":"en-US","@id":"https:\/\/sulin.ee\/en\/#\/schema\/logo\/image\/","url":"https:\/\/sulin.ee\/wp-content\/uploads\/2022\/11\/sulin-logo.png","contentUrl":"https:\/\/sulin.ee\/wp-content\/uploads\/2022\/11\/sulin-logo.png","width":871,"height":321,"caption":"SULIN TRADE O\u00dc"},"image":{"@id":"https:\/\/sulin.ee\/en\/#\/schema\/logo\/image\/"},"sameAs":["https:\/\/www.facebook.com\/www.sulin.ee\/","https:\/\/www.instagram.com\/sulintrade\/"]}]}},"builder_content":"","_links":{"self":[{"href":"https:\/\/sulin.ee\/en\/wp-json\/wp\/v2\/product\/15356","targetHints":{"allow":["GET"]}}],"collection":[{"href":"https:\/\/sulin.ee\/en\/wp-json\/wp\/v2\/product"}],"about":[{"href":"https:\/\/sulin.ee\/en\/wp-json\/wp\/v2\/types\/product"}],"replies":[{"embeddable":true,"href":"https:\/\/sulin.ee\/en\/wp-json\/wp\/v2\/comments?post=15356"}],"wp:featuredmedia":[{"embeddable":true,"href":"https:\/\/sulin.ee\/en\/wp-json\/wp\/v2\/media\/15357"}],"wp:attachment":[{"href":"https:\/\/sulin.ee\/en\/wp-json\/wp\/v2\/media?parent=15356"}],"wp:term":[{"taxonomy":"product_brand","embeddable":true,"href":"https:\/\/sulin.ee\/en\/wp-json\/wp\/v2\/product_brand?post=15356"},{"taxonomy":"product_cat","embeddable":true,"href":"https:\/\/sulin.ee\/en\/wp-json\/wp\/v2\/product_cat?post=15356"},{"taxonomy":"product_tag","embeddable":true,"href":"https:\/\/sulin.ee\/en\/wp-json\/wp\/v2\/product_tag?post=15356"}],"curies":[{"name":"wp","href":"https:\/\/api.w.org\/{rel}","templated":true}]}}