{"id":15338,"date":"2023-11-20T19:06:28","date_gmt":"2023-11-20T19:06:28","guid":{"rendered":"https:\/\/sulin.ee\/?post_type=product&#038;p=15338"},"modified":"2025-09-07T21:45:50","modified_gmt":"2025-09-07T21:45:50","slug":"puidust-templid-djeco","status":"publish","type":"product","link":"https:\/\/sulin.ee\/en\/toode\/puidust-templid-djeco\/","title":{"rendered":"Puidust templid"},"content":{"rendered":"<p><strong>Puidust templid plastiliiniga m\u00e4ngimiseks. Lihtsad ja naljakad looman\u00e4okesed, keda on vahva ikka ja j\u00e4lle plastiliini peale vajutada. Templite ergonoomilised k\u00e4epidemed on m\u00f5eldud just v\u00e4ikestele k\u00e4tele, et lapsel oleks neid lihtne ja mugav kasutada.\u00a0<\/strong><\/p>\n<p>Templitega m\u00e4ngimine aitab arendada k\u00e4elist osavust ning treenib silma-k\u00e4e koost\u00f6\u00f6d.<\/p>\n<p>Puidust templid on valmistatud <strong>FSC sertifikaadiga<\/strong> puidust.<\/p>\n<p><strong>Komplekti kuulub:<\/strong> 3 looman\u00e4oga templit.<\/p>\n<p>Sobib alates 18+ elukuud.<\/p>\n<p>M\u00f5nusad vaniljel\u00f5hnalised MICI naturaalsed plastiliinid leiad<a href=\"https:\/\/sulin.ee\/tootekategooria\/brandid\/mici\/\" target=\"_blank\" rel=\"noopener\"><span style=\"color: #ff9900;\"> siit<\/span><\/a>.<\/p>\n<p>Vaata ka teisi plastiliine, voolimismasse ja vorme <span style=\"color: #ff9900;\"><a style=\"color: #ff9900;\" href=\"https:\/\/sulin.ee\/tootekategooria\/lapsele\/mangimine\/voolimismassid\/\" target=\"_blank\" rel=\"noopener\">siit<\/a><\/span>.<\/p>\n<p>&nbsp;<\/p>\n","protected":false},"excerpt":{"rendered":"<p>Puidust templid plastiliiniga m\u00e4ngimiseks. Lihtsad ja naljakad looman\u00e4okesed, keda on vahva ikka ja j\u00e4lle plastiliini peale vajutada. Templite ergonoomilised k\u00e4epidemed on m\u00f5eldud just v\u00e4ikestele k\u00e4tele, et lapsel oleks neid lihtne ja mugav kasutada.\u00a0 Templitega m\u00e4ngimine aitab arendada k\u00e4elist osavust ning treenib silma-k\u00e4e koost\u00f6\u00f6d. Puidust templid on valmistatud FSC sertifikaadiga puidust. Komplekti kuulub: 3 looman\u00e4oga templit. [&hellip;]<\/p>\n","protected":false},"featured_media":15339,"comment_status":"open","ping_status":"closed","template":"","meta":[],"product_brand":[],"product_cat":[1162,1164,1165,1166,926,175,928],"product_tag":[],"class_list":{"0":"post-15338","1":"product","2":"type-product","3":"status-publish","4":"has-post-thumbnail","6":"product_cat-kingituseks","7":"product_cat-1-3-aastat","8":"product_cat-3-5-aastat","9":"product_cat-6-8-aastat","10":"product_cat-voolimismassid","11":"product_cat-puidust-manguasjad","12":"product_cat-djeco","13":"has-post-title","14":"has-post-date","15":"has-post-category","16":"has-post-tag","17":"has-post-comment","18":"has-post-author","19":"","21":"first","22":"instock","23":"sale","24":"taxable","25":"shipping-taxable","26":"purchasable","27":"product-type-simple"},"yoast_head":"<!-- This site is optimized with the Yoast SEO plugin v26.8 - https:\/\/yoast.com\/product\/yoast-seo-wordpress\/ -->\n<title>Puidust templid - sulin.ee<\/title>\n<meta name=\"description\" content=\"Puidust templid plastiliiniga m\u00e4ngimiseks. Lihtsad ja naljakad looman\u00e4okesed, keda on vahva ikka ja j\u00e4lle plastiliini peale vajutada.\" \/>\n<meta name=\"robots\" content=\"index, follow, max-snippet:-1, max-image-preview:large, max-video-preview:-1\" \/>\n<link rel=\"canonical\" href=\"https:\/\/sulin.ee\/en\/toode\/puidust-templid-djeco\/\" \/>\n<meta property=\"og:locale\" content=\"en_US\" \/>\n<meta property=\"og:type\" content=\"article\" \/>\n<meta property=\"og:title\" content=\"Puidust templid - sulin.ee\" \/>\n<meta property=\"og:description\" content=\"Puidust templid plastiliiniga m\u00e4ngimiseks. Lihtsad ja naljakad looman\u00e4okesed, keda on vahva ikka ja j\u00e4lle plastiliini peale vajutada.\" \/>\n<meta property=\"og:url\" content=\"https:\/\/sulin.ee\/en\/toode\/puidust-templid-djeco\/\" \/>\n<meta property=\"og:site_name\" content=\"sulin.ee\" \/>\n<meta property=\"article:publisher\" content=\"https:\/\/www.facebook.com\/www.sulin.ee\/\" \/>\n<meta property=\"article:modified_time\" content=\"2025-09-07T21:45:50+00:00\" \/>\n<meta property=\"og:image\" content=\"https:\/\/sulin.ee\/wp-content\/uploads\/2023\/11\/Postitused-44.jpg\" \/>\n\t<meta property=\"og:image:width\" content=\"1080\" \/>\n\t<meta property=\"og:image:height\" content=\"1080\" \/>\n\t<meta property=\"og:image:type\" content=\"image\/jpeg\" \/>\n<meta name=\"twitter:card\" content=\"summary_large_image\" \/>\n<meta name=\"twitter:label1\" content=\"Est. reading time\" \/>\n\t<meta name=\"twitter:data1\" content=\"1 minute\" \/>\n<script type=\"application\/ld+json\" class=\"yoast-schema-graph\">{\"@context\":\"https:\/\/schema.org\",\"@graph\":[{\"@type\":\"WebPage\",\"@id\":\"https:\/\/sulin.ee\/en\/toode\/puidust-templid-djeco\/\",\"url\":\"https:\/\/sulin.ee\/en\/toode\/puidust-templid-djeco\/\",\"name\":\"Puidust templid - sulin.ee\",\"isPartOf\":{\"@id\":\"https:\/\/sulin.ee\/en\/#website\"},\"primaryImageOfPage\":{\"@id\":\"https:\/\/sulin.ee\/en\/toode\/puidust-templid-djeco\/#primaryimage\"},\"image\":{\"@id\":\"https:\/\/sulin.ee\/en\/toode\/puidust-templid-djeco\/#primaryimage\"},\"thumbnailUrl\":\"https:\/\/sulin.ee\/wp-content\/uploads\/2023\/11\/Postitused-44.jpg\",\"datePublished\":\"2023-11-20T19:06:28+00:00\",\"dateModified\":\"2025-09-07T21:45:50+00:00\",\"description\":\"Puidust templid plastiliiniga m\u00e4ngimiseks. Lihtsad ja naljakad looman\u00e4okesed, keda on vahva ikka ja j\u00e4lle plastiliini peale vajutada.\",\"breadcrumb\":{\"@id\":\"https:\/\/sulin.ee\/en\/toode\/puidust-templid-djeco\/#breadcrumb\"},\"inLanguage\":\"en-US\",\"potentialAction\":[{\"@type\":\"ReadAction\",\"target\":[\"https:\/\/sulin.ee\/en\/toode\/puidust-templid-djeco\/\"]}]},{\"@type\":\"ImageObject\",\"inLanguage\":\"en-US\",\"@id\":\"https:\/\/sulin.ee\/en\/toode\/puidust-templid-djeco\/#primaryimage\",\"url\":\"https:\/\/sulin.ee\/wp-content\/uploads\/2023\/11\/Postitused-44.jpg\",\"contentUrl\":\"https:\/\/sulin.ee\/wp-content\/uploads\/2023\/11\/Postitused-44.jpg\",\"width\":1080,\"height\":1080,\"caption\":\"Puidust templid\"},{\"@type\":\"BreadcrumbList\",\"@id\":\"https:\/\/sulin.ee\/en\/toode\/puidust-templid-djeco\/#breadcrumb\",\"itemListElement\":[{\"@type\":\"ListItem\",\"position\":1,\"name\":\"Home\",\"item\":\"https:\/\/sulin.ee\/en\/\"},{\"@type\":\"ListItem\",\"position\":2,\"name\":\"Sulin.ee e-pood\",\"item\":\"https:\/\/sulin.ee\/shop\/\"},{\"@type\":\"ListItem\",\"position\":3,\"name\":\"Puidust templid\"}]},{\"@type\":\"WebSite\",\"@id\":\"https:\/\/sulin.ee\/en\/#website\",\"url\":\"https:\/\/sulin.ee\/en\/\",\"name\":\"sulin.ee\",\"description\":\"\",\"publisher\":{\"@id\":\"https:\/\/sulin.ee\/en\/#organization\"},\"potentialAction\":[{\"@type\":\"SearchAction\",\"target\":{\"@type\":\"EntryPoint\",\"urlTemplate\":\"https:\/\/sulin.ee\/en\/?s={search_term_string}\"},\"query-input\":{\"@type\":\"PropertyValueSpecification\",\"valueRequired\":true,\"valueName\":\"search_term_string\"}}],\"inLanguage\":\"en-US\"},{\"@type\":\"Organization\",\"@id\":\"https:\/\/sulin.ee\/en\/#organization\",\"name\":\"SULIN TRADE O\u00dc\",\"url\":\"https:\/\/sulin.ee\/en\/\",\"logo\":{\"@type\":\"ImageObject\",\"inLanguage\":\"en-US\",\"@id\":\"https:\/\/sulin.ee\/en\/#\/schema\/logo\/image\/\",\"url\":\"https:\/\/sulin.ee\/wp-content\/uploads\/2022\/11\/sulin-logo.png\",\"contentUrl\":\"https:\/\/sulin.ee\/wp-content\/uploads\/2022\/11\/sulin-logo.png\",\"width\":871,\"height\":321,\"caption\":\"SULIN TRADE O\u00dc\"},\"image\":{\"@id\":\"https:\/\/sulin.ee\/en\/#\/schema\/logo\/image\/\"},\"sameAs\":[\"https:\/\/www.facebook.com\/www.sulin.ee\/\",\"https:\/\/www.instagram.com\/sulintrade\/\"]}]}<\/script>\n<!-- \/ Yoast SEO plugin. -->","yoast_head_json":{"title":"Puidust templid - sulin.ee","description":"Puidust templid plastiliiniga m\u00e4ngimiseks. Lihtsad ja naljakad looman\u00e4okesed, keda on vahva ikka ja j\u00e4lle plastiliini peale vajutada.","robots":{"index":"index","follow":"follow","max-snippet":"max-snippet:-1","max-image-preview":"max-image-preview:large","max-video-preview":"max-video-preview:-1"},"canonical":"https:\/\/sulin.ee\/en\/toode\/puidust-templid-djeco\/","og_locale":"en_US","og_type":"article","og_title":"Puidust templid - sulin.ee","og_description":"Puidust templid plastiliiniga m\u00e4ngimiseks. Lihtsad ja naljakad looman\u00e4okesed, keda on vahva ikka ja j\u00e4lle plastiliini peale vajutada.","og_url":"https:\/\/sulin.ee\/en\/toode\/puidust-templid-djeco\/","og_site_name":"sulin.ee","article_publisher":"https:\/\/www.facebook.com\/www.sulin.ee\/","article_modified_time":"2025-09-07T21:45:50+00:00","og_image":[{"width":1080,"height":1080,"url":"https:\/\/sulin.ee\/wp-content\/uploads\/2023\/11\/Postitused-44.jpg","type":"image\/jpeg"}],"twitter_card":"summary_large_image","twitter_misc":{"Est. reading time":"1 minute"},"schema":{"@context":"https:\/\/schema.org","@graph":[{"@type":"WebPage","@id":"https:\/\/sulin.ee\/en\/toode\/puidust-templid-djeco\/","url":"https:\/\/sulin.ee\/en\/toode\/puidust-templid-djeco\/","name":"Puidust templid - sulin.ee","isPartOf":{"@id":"https:\/\/sulin.ee\/en\/#website"},"primaryImageOfPage":{"@id":"https:\/\/sulin.ee\/en\/toode\/puidust-templid-djeco\/#primaryimage"},"image":{"@id":"https:\/\/sulin.ee\/en\/toode\/puidust-templid-djeco\/#primaryimage"},"thumbnailUrl":"https:\/\/sulin.ee\/wp-content\/uploads\/2023\/11\/Postitused-44.jpg","datePublished":"2023-11-20T19:06:28+00:00","dateModified":"2025-09-07T21:45:50+00:00","description":"Puidust templid plastiliiniga m\u00e4ngimiseks. Lihtsad ja naljakad looman\u00e4okesed, keda on vahva ikka ja j\u00e4lle plastiliini peale vajutada.","breadcrumb":{"@id":"https:\/\/sulin.ee\/en\/toode\/puidust-templid-djeco\/#breadcrumb"},"inLanguage":"en-US","potentialAction":[{"@type":"ReadAction","target":["https:\/\/sulin.ee\/en\/toode\/puidust-templid-djeco\/"]}]},{"@type":"ImageObject","inLanguage":"en-US","@id":"https:\/\/sulin.ee\/en\/toode\/puidust-templid-djeco\/#primaryimage","url":"https:\/\/sulin.ee\/wp-content\/uploads\/2023\/11\/Postitused-44.jpg","contentUrl":"https:\/\/sulin.ee\/wp-content\/uploads\/2023\/11\/Postitused-44.jpg","width":1080,"height":1080,"caption":"Puidust templid"},{"@type":"BreadcrumbList","@id":"https:\/\/sulin.ee\/en\/toode\/puidust-templid-djeco\/#breadcrumb","itemListElement":[{"@type":"ListItem","position":1,"name":"Home","item":"https:\/\/sulin.ee\/en\/"},{"@type":"ListItem","position":2,"name":"Sulin.ee e-pood","item":"https:\/\/sulin.ee\/shop\/"},{"@type":"ListItem","position":3,"name":"Puidust templid"}]},{"@type":"WebSite","@id":"https:\/\/sulin.ee\/en\/#website","url":"https:\/\/sulin.ee\/en\/","name":"sulin.ee","description":"","publisher":{"@id":"https:\/\/sulin.ee\/en\/#organization"},"potentialAction":[{"@type":"SearchAction","target":{"@type":"EntryPoint","urlTemplate":"https:\/\/sulin.ee\/en\/?s={search_term_string}"},"query-input":{"@type":"PropertyValueSpecification","valueRequired":true,"valueName":"search_term_string"}}],"inLanguage":"en-US"},{"@type":"Organization","@id":"https:\/\/sulin.ee\/en\/#organization","name":"SULIN TRADE O\u00dc","url":"https:\/\/sulin.ee\/en\/","logo":{"@type":"ImageObject","inLanguage":"en-US","@id":"https:\/\/sulin.ee\/en\/#\/schema\/logo\/image\/","url":"https:\/\/sulin.ee\/wp-content\/uploads\/2022\/11\/sulin-logo.png","contentUrl":"https:\/\/sulin.ee\/wp-content\/uploads\/2022\/11\/sulin-logo.png","width":871,"height":321,"caption":"SULIN TRADE O\u00dc"},"image":{"@id":"https:\/\/sulin.ee\/en\/#\/schema\/logo\/image\/"},"sameAs":["https:\/\/www.facebook.com\/www.sulin.ee\/","https:\/\/www.instagram.com\/sulintrade\/"]}]}},"builder_content":"","_links":{"self":[{"href":"https:\/\/sulin.ee\/en\/wp-json\/wp\/v2\/product\/15338","targetHints":{"allow":["GET"]}}],"collection":[{"href":"https:\/\/sulin.ee\/en\/wp-json\/wp\/v2\/product"}],"about":[{"href":"https:\/\/sulin.ee\/en\/wp-json\/wp\/v2\/types\/product"}],"replies":[{"embeddable":true,"href":"https:\/\/sulin.ee\/en\/wp-json\/wp\/v2\/comments?post=15338"}],"wp:featuredmedia":[{"embeddable":true,"href":"https:\/\/sulin.ee\/en\/wp-json\/wp\/v2\/media\/15339"}],"wp:attachment":[{"href":"https:\/\/sulin.ee\/en\/wp-json\/wp\/v2\/media?parent=15338"}],"wp:term":[{"taxonomy":"product_brand","embeddable":true,"href":"https:\/\/sulin.ee\/en\/wp-json\/wp\/v2\/product_brand?post=15338"},{"taxonomy":"product_cat","embeddable":true,"href":"https:\/\/sulin.ee\/en\/wp-json\/wp\/v2\/product_cat?post=15338"},{"taxonomy":"product_tag","embeddable":true,"href":"https:\/\/sulin.ee\/en\/wp-json\/wp\/v2\/product_tag?post=15338"}],"curies":[{"name":"wp","href":"https:\/\/api.w.org\/{rel}","templated":true}]}}