{"id":15176,"date":"2023-11-17T17:51:05","date_gmt":"2023-11-17T17:51:05","guid":{"rendered":"https:\/\/sulin.ee\/?post_type=product&#038;p=15176"},"modified":"2025-09-07T21:45:50","modified_gmt":"2025-09-07T21:45:50","slug":"geelpliiatsid-6tk-pastelsed-djeco","status":"publish","type":"product","link":"https:\/\/sulin.ee\/en\/toode\/geelpliiatsid-6tk-pastelsed-djeco\/","title":{"rendered":"Geelpliiatsid 6tk &#8211; Pastelsed"},"content":{"rendered":"<p><strong>Geelpliiatsid pastelsetes toonides.<\/strong> Igal pliiatsil on 6 erinevat tooni, mis kirjutades vahelduvad. Kui kirjutades saab \u00fcks v\u00e4rv otsa, siis asendub see teisega. T\u00e4nu l\u00e4bipaistvale pastakale on tindi kogust n\u00e4ha.<\/p>\n<p>Vaata ka teisi joonistamisvahendeid <a href=\"https:\/\/sulin.ee\/tootekategooria\/lapsele\/mangimine\/joonistamine-ja-maalimine\/\" target=\"_blank\" rel=\"noopener\"><span style=\"color: #ff9900;\">siit<\/span><\/a>.<\/p>\n<p>Kui Sinu lapsele meeldib meisterdada, siis leiad erinevad meisterdamisvahendeid <span style=\"color: #ff9900;\"><a style=\"color: #ff9900;\" href=\"https:\/\/sulin.ee\/tootekategooria\/lapsele\/mangimine\/meisterdamine\/\" target=\"_blank\" rel=\"noopener\">siit<\/a><\/span>.<\/p>\n<p>&nbsp;<\/p>\n<p>&nbsp;<\/p>\n","protected":false},"excerpt":{"rendered":"<p>Geelpliiatsid pastelsetes toonides. Igal pliiatsil on 6 erinevat tooni, mis kirjutades vahelduvad. Kui kirjutades saab \u00fcks v\u00e4rv otsa, siis asendub see teisega. T\u00e4nu l\u00e4bipaistvale pastakale on tindi kogust n\u00e4ha. Vaata ka teisi joonistamisvahendeid siit. Kui Sinu lapsele meeldib meisterdada, siis leiad erinevad meisterdamisvahendeid siit. &nbsp; &nbsp;<\/p>\n","protected":false},"featured_media":15177,"comment_status":"open","ping_status":"closed","template":"","meta":[],"product_brand":[],"product_cat":[1162,1165,1166,102,927,928],"product_tag":[],"class_list":{"0":"post-15176","1":"product","2":"type-product","3":"status-publish","4":"has-post-thumbnail","6":"product_cat-kingituseks","7":"product_cat-3-5-aastat","8":"product_cat-6-8-aastat","9":"product_cat-kunstivahendid","10":"product_cat-joonistamine","11":"product_cat-djeco","12":"has-post-title","13":"has-post-date","14":"has-post-category","15":"has-post-tag","16":"has-post-comment","17":"has-post-author","18":"","20":"first","21":"instock","22":"sale","23":"taxable","24":"shipping-taxable","25":"purchasable","26":"product-type-simple"},"yoast_head":"<!-- This site is optimized with the Yoast SEO plugin v26.8 - https:\/\/yoast.com\/product\/yoast-seo-wordpress\/ -->\n<title>Geelpliiatsid 6tk - Pastelsed - sulin.ee<\/title>\n<meta name=\"description\" content=\"Geelpliiatsid vikerkaare toonides. Igal pliiatsil on 6 erinevat tooni, mis kirjutades vahenduvad. Kui \u00fcks v\u00e4rv saab otsa, siis asendub see teisega.\" \/>\n<meta name=\"robots\" content=\"index, follow, max-snippet:-1, max-image-preview:large, max-video-preview:-1\" \/>\n<link rel=\"canonical\" href=\"https:\/\/sulin.ee\/en\/toode\/geelpliiatsid-6tk-pastelsed-djeco\/\" \/>\n<meta property=\"og:locale\" content=\"en_US\" \/>\n<meta property=\"og:type\" content=\"article\" \/>\n<meta property=\"og:title\" content=\"Geelpliiatsid 6tk - Pastelsed - sulin.ee\" \/>\n<meta property=\"og:description\" content=\"Geelpliiatsid vikerkaare toonides. Igal pliiatsil on 6 erinevat tooni, mis kirjutades vahenduvad. Kui \u00fcks v\u00e4rv saab otsa, siis asendub see teisega.\" \/>\n<meta property=\"og:url\" content=\"https:\/\/sulin.ee\/en\/toode\/geelpliiatsid-6tk-pastelsed-djeco\/\" \/>\n<meta property=\"og:site_name\" content=\"sulin.ee\" \/>\n<meta property=\"article:publisher\" content=\"https:\/\/www.facebook.com\/www.sulin.ee\/\" \/>\n<meta property=\"article:modified_time\" content=\"2025-09-07T21:45:50+00:00\" \/>\n<meta property=\"og:image\" content=\"https:\/\/sulin.ee\/wp-content\/uploads\/2023\/11\/Postitused-74.png\" \/>\n\t<meta property=\"og:image:width\" content=\"1080\" \/>\n\t<meta property=\"og:image:height\" content=\"1080\" \/>\n\t<meta property=\"og:image:type\" content=\"image\/png\" \/>\n<meta name=\"twitter:card\" content=\"summary_large_image\" \/>\n<meta name=\"twitter:label1\" content=\"Est. reading time\" \/>\n\t<meta name=\"twitter:data1\" content=\"1 minute\" \/>\n<script type=\"application\/ld+json\" class=\"yoast-schema-graph\">{\"@context\":\"https:\/\/schema.org\",\"@graph\":[{\"@type\":\"WebPage\",\"@id\":\"https:\/\/sulin.ee\/en\/toode\/geelpliiatsid-6tk-pastelsed-djeco\/\",\"url\":\"https:\/\/sulin.ee\/en\/toode\/geelpliiatsid-6tk-pastelsed-djeco\/\",\"name\":\"Geelpliiatsid 6tk - Pastelsed - sulin.ee\",\"isPartOf\":{\"@id\":\"https:\/\/sulin.ee\/en\/#website\"},\"primaryImageOfPage\":{\"@id\":\"https:\/\/sulin.ee\/en\/toode\/geelpliiatsid-6tk-pastelsed-djeco\/#primaryimage\"},\"image\":{\"@id\":\"https:\/\/sulin.ee\/en\/toode\/geelpliiatsid-6tk-pastelsed-djeco\/#primaryimage\"},\"thumbnailUrl\":\"https:\/\/sulin.ee\/wp-content\/uploads\/2023\/11\/Postitused-74.png\",\"datePublished\":\"2023-11-17T17:51:05+00:00\",\"dateModified\":\"2025-09-07T21:45:50+00:00\",\"description\":\"Geelpliiatsid vikerkaare toonides. Igal pliiatsil on 6 erinevat tooni, mis kirjutades vahenduvad. Kui \u00fcks v\u00e4rv saab otsa, siis asendub see teisega.\",\"breadcrumb\":{\"@id\":\"https:\/\/sulin.ee\/en\/toode\/geelpliiatsid-6tk-pastelsed-djeco\/#breadcrumb\"},\"inLanguage\":\"en-US\",\"potentialAction\":[{\"@type\":\"ReadAction\",\"target\":[\"https:\/\/sulin.ee\/en\/toode\/geelpliiatsid-6tk-pastelsed-djeco\/\"]}]},{\"@type\":\"ImageObject\",\"inLanguage\":\"en-US\",\"@id\":\"https:\/\/sulin.ee\/en\/toode\/geelpliiatsid-6tk-pastelsed-djeco\/#primaryimage\",\"url\":\"https:\/\/sulin.ee\/wp-content\/uploads\/2023\/11\/Postitused-74.png\",\"contentUrl\":\"https:\/\/sulin.ee\/wp-content\/uploads\/2023\/11\/Postitused-74.png\",\"width\":1080,\"height\":1080},{\"@type\":\"BreadcrumbList\",\"@id\":\"https:\/\/sulin.ee\/en\/toode\/geelpliiatsid-6tk-pastelsed-djeco\/#breadcrumb\",\"itemListElement\":[{\"@type\":\"ListItem\",\"position\":1,\"name\":\"Home\",\"item\":\"https:\/\/sulin.ee\/en\/\"},{\"@type\":\"ListItem\",\"position\":2,\"name\":\"Sulin.ee e-pood\",\"item\":\"https:\/\/sulin.ee\/shop\/\"},{\"@type\":\"ListItem\",\"position\":3,\"name\":\"Geelpliiatsid 6tk &#8211; Pastelsed\"}]},{\"@type\":\"WebSite\",\"@id\":\"https:\/\/sulin.ee\/en\/#website\",\"url\":\"https:\/\/sulin.ee\/en\/\",\"name\":\"sulin.ee\",\"description\":\"\",\"publisher\":{\"@id\":\"https:\/\/sulin.ee\/en\/#organization\"},\"potentialAction\":[{\"@type\":\"SearchAction\",\"target\":{\"@type\":\"EntryPoint\",\"urlTemplate\":\"https:\/\/sulin.ee\/en\/?s={search_term_string}\"},\"query-input\":{\"@type\":\"PropertyValueSpecification\",\"valueRequired\":true,\"valueName\":\"search_term_string\"}}],\"inLanguage\":\"en-US\"},{\"@type\":\"Organization\",\"@id\":\"https:\/\/sulin.ee\/en\/#organization\",\"name\":\"SULIN TRADE O\u00dc\",\"url\":\"https:\/\/sulin.ee\/en\/\",\"logo\":{\"@type\":\"ImageObject\",\"inLanguage\":\"en-US\",\"@id\":\"https:\/\/sulin.ee\/en\/#\/schema\/logo\/image\/\",\"url\":\"https:\/\/sulin.ee\/wp-content\/uploads\/2022\/11\/sulin-logo.png\",\"contentUrl\":\"https:\/\/sulin.ee\/wp-content\/uploads\/2022\/11\/sulin-logo.png\",\"width\":871,\"height\":321,\"caption\":\"SULIN TRADE O\u00dc\"},\"image\":{\"@id\":\"https:\/\/sulin.ee\/en\/#\/schema\/logo\/image\/\"},\"sameAs\":[\"https:\/\/www.facebook.com\/www.sulin.ee\/\",\"https:\/\/www.instagram.com\/sulintrade\/\"]}]}<\/script>\n<!-- \/ Yoast SEO plugin. -->","yoast_head_json":{"title":"Geelpliiatsid 6tk - Pastelsed - sulin.ee","description":"Geelpliiatsid vikerkaare toonides. Igal pliiatsil on 6 erinevat tooni, mis kirjutades vahenduvad. Kui \u00fcks v\u00e4rv saab otsa, siis asendub see teisega.","robots":{"index":"index","follow":"follow","max-snippet":"max-snippet:-1","max-image-preview":"max-image-preview:large","max-video-preview":"max-video-preview:-1"},"canonical":"https:\/\/sulin.ee\/en\/toode\/geelpliiatsid-6tk-pastelsed-djeco\/","og_locale":"en_US","og_type":"article","og_title":"Geelpliiatsid 6tk - Pastelsed - sulin.ee","og_description":"Geelpliiatsid vikerkaare toonides. Igal pliiatsil on 6 erinevat tooni, mis kirjutades vahenduvad. Kui \u00fcks v\u00e4rv saab otsa, siis asendub see teisega.","og_url":"https:\/\/sulin.ee\/en\/toode\/geelpliiatsid-6tk-pastelsed-djeco\/","og_site_name":"sulin.ee","article_publisher":"https:\/\/www.facebook.com\/www.sulin.ee\/","article_modified_time":"2025-09-07T21:45:50+00:00","og_image":[{"width":1080,"height":1080,"url":"https:\/\/sulin.ee\/wp-content\/uploads\/2023\/11\/Postitused-74.png","type":"image\/png"}],"twitter_card":"summary_large_image","twitter_misc":{"Est. reading time":"1 minute"},"schema":{"@context":"https:\/\/schema.org","@graph":[{"@type":"WebPage","@id":"https:\/\/sulin.ee\/en\/toode\/geelpliiatsid-6tk-pastelsed-djeco\/","url":"https:\/\/sulin.ee\/en\/toode\/geelpliiatsid-6tk-pastelsed-djeco\/","name":"Geelpliiatsid 6tk - Pastelsed - sulin.ee","isPartOf":{"@id":"https:\/\/sulin.ee\/en\/#website"},"primaryImageOfPage":{"@id":"https:\/\/sulin.ee\/en\/toode\/geelpliiatsid-6tk-pastelsed-djeco\/#primaryimage"},"image":{"@id":"https:\/\/sulin.ee\/en\/toode\/geelpliiatsid-6tk-pastelsed-djeco\/#primaryimage"},"thumbnailUrl":"https:\/\/sulin.ee\/wp-content\/uploads\/2023\/11\/Postitused-74.png","datePublished":"2023-11-17T17:51:05+00:00","dateModified":"2025-09-07T21:45:50+00:00","description":"Geelpliiatsid vikerkaare toonides. Igal pliiatsil on 6 erinevat tooni, mis kirjutades vahenduvad. Kui \u00fcks v\u00e4rv saab otsa, siis asendub see teisega.","breadcrumb":{"@id":"https:\/\/sulin.ee\/en\/toode\/geelpliiatsid-6tk-pastelsed-djeco\/#breadcrumb"},"inLanguage":"en-US","potentialAction":[{"@type":"ReadAction","target":["https:\/\/sulin.ee\/en\/toode\/geelpliiatsid-6tk-pastelsed-djeco\/"]}]},{"@type":"ImageObject","inLanguage":"en-US","@id":"https:\/\/sulin.ee\/en\/toode\/geelpliiatsid-6tk-pastelsed-djeco\/#primaryimage","url":"https:\/\/sulin.ee\/wp-content\/uploads\/2023\/11\/Postitused-74.png","contentUrl":"https:\/\/sulin.ee\/wp-content\/uploads\/2023\/11\/Postitused-74.png","width":1080,"height":1080},{"@type":"BreadcrumbList","@id":"https:\/\/sulin.ee\/en\/toode\/geelpliiatsid-6tk-pastelsed-djeco\/#breadcrumb","itemListElement":[{"@type":"ListItem","position":1,"name":"Home","item":"https:\/\/sulin.ee\/en\/"},{"@type":"ListItem","position":2,"name":"Sulin.ee e-pood","item":"https:\/\/sulin.ee\/shop\/"},{"@type":"ListItem","position":3,"name":"Geelpliiatsid 6tk &#8211; Pastelsed"}]},{"@type":"WebSite","@id":"https:\/\/sulin.ee\/en\/#website","url":"https:\/\/sulin.ee\/en\/","name":"sulin.ee","description":"","publisher":{"@id":"https:\/\/sulin.ee\/en\/#organization"},"potentialAction":[{"@type":"SearchAction","target":{"@type":"EntryPoint","urlTemplate":"https:\/\/sulin.ee\/en\/?s={search_term_string}"},"query-input":{"@type":"PropertyValueSpecification","valueRequired":true,"valueName":"search_term_string"}}],"inLanguage":"en-US"},{"@type":"Organization","@id":"https:\/\/sulin.ee\/en\/#organization","name":"SULIN TRADE O\u00dc","url":"https:\/\/sulin.ee\/en\/","logo":{"@type":"ImageObject","inLanguage":"en-US","@id":"https:\/\/sulin.ee\/en\/#\/schema\/logo\/image\/","url":"https:\/\/sulin.ee\/wp-content\/uploads\/2022\/11\/sulin-logo.png","contentUrl":"https:\/\/sulin.ee\/wp-content\/uploads\/2022\/11\/sulin-logo.png","width":871,"height":321,"caption":"SULIN TRADE O\u00dc"},"image":{"@id":"https:\/\/sulin.ee\/en\/#\/schema\/logo\/image\/"},"sameAs":["https:\/\/www.facebook.com\/www.sulin.ee\/","https:\/\/www.instagram.com\/sulintrade\/"]}]}},"builder_content":"","_links":{"self":[{"href":"https:\/\/sulin.ee\/en\/wp-json\/wp\/v2\/product\/15176","targetHints":{"allow":["GET"]}}],"collection":[{"href":"https:\/\/sulin.ee\/en\/wp-json\/wp\/v2\/product"}],"about":[{"href":"https:\/\/sulin.ee\/en\/wp-json\/wp\/v2\/types\/product"}],"replies":[{"embeddable":true,"href":"https:\/\/sulin.ee\/en\/wp-json\/wp\/v2\/comments?post=15176"}],"wp:featuredmedia":[{"embeddable":true,"href":"https:\/\/sulin.ee\/en\/wp-json\/wp\/v2\/media\/15177"}],"wp:attachment":[{"href":"https:\/\/sulin.ee\/en\/wp-json\/wp\/v2\/media?parent=15176"}],"wp:term":[{"taxonomy":"product_brand","embeddable":true,"href":"https:\/\/sulin.ee\/en\/wp-json\/wp\/v2\/product_brand?post=15176"},{"taxonomy":"product_cat","embeddable":true,"href":"https:\/\/sulin.ee\/en\/wp-json\/wp\/v2\/product_cat?post=15176"},{"taxonomy":"product_tag","embeddable":true,"href":"https:\/\/sulin.ee\/en\/wp-json\/wp\/v2\/product_tag?post=15176"}],"curies":[{"name":"wp","href":"https:\/\/api.w.org\/{rel}","templated":true}]}}