{"id":14986,"date":"2024-01-16T11:48:33","date_gmt":"2024-01-16T11:48:33","guid":{"rendered":"https:\/\/sulin.ee\/?post_type=product&#038;p=14986"},"modified":"2025-09-07T21:53:10","modified_gmt":"2025-09-07T21:53:10","slug":"duo-pusle-loomapojad-djeco","status":"publish","type":"product","link":"https:\/\/sulin.ee\/en\/toode\/duo-pusle-loomapojad-djeco\/","title":{"rendered":"Duo pusle &#8220;Loomapojad&#8221;"},"content":{"rendered":"<p><strong>Duo pusle &#8220;Loomapojad&#8221; koosneb kaheosalistest pusledest, mille abil laps \u00f5pib loomapoega ja -ema kokku sobitama ning loendama.<\/strong><\/p>\n<p>Puslega m\u00e4ngimine arendab vaatlusoskust, aitab luua seoseid ja neid meelde j\u00e4tta ning treenib silm-k\u00e4si koost\u00f6\u00f6d. Pusle \u00f5petab lapsele ka numbreid ja loendamist.<\/p>\n<p>Puslet\u00fckid on suured ning lapsele lihtsad haarata. Valmistatud FSC sertifikaadiga paberist.<\/p>\n<p><strong>Komplektis on 12 kahest osast koosnevat puslet (14 x 7 cm).<\/strong><\/p>\n<p>Sobib lapsele alates 2+ eluaastat.<\/p>\n<p>&nbsp;<\/p>\n","protected":false},"excerpt":{"rendered":"<p>Duo pusle &#8220;Loomapojad&#8221; koosneb kaheosalistest pusledest, mille abil laps \u00f5pib loomapoega ja -ema kokku sobitama ning loendama. Puslega m\u00e4ngimine arendab vaatlusoskust, aitab luua seoseid ja neid meelde j\u00e4tta ning treenib silm-k\u00e4si koost\u00f6\u00f6d. Pusle \u00f5petab lapsele ka numbreid ja loendamist. Puslet\u00fckid on suured ning lapsele lihtsad haarata. Valmistatud FSC sertifikaadiga paberist. Komplektis on 12 kahest osast [&hellip;]<\/p>\n","protected":false},"featured_media":15825,"comment_status":"open","ping_status":"closed","template":"","meta":[],"product_brand":[],"product_cat":[1164,1165,928,1162,942,1009,1002,925],"product_tag":[],"class_list":{"0":"post-14986","1":"product","2":"type-product","3":"status-publish","4":"has-post-thumbnail","6":"product_cat-1-3-aastat","7":"product_cat-3-5-aastat","8":"product_cat-djeco","9":"product_cat-kingituseks","10":"product_cat-lauamangud","11":"product_cat-numbrid-ja-matemaatika","12":"product_cat-oppemangud","13":"product_cat-pusled","14":"has-post-title","15":"has-post-date","16":"has-post-category","17":"has-post-tag","18":"has-post-comment","19":"has-post-author","20":"","22":"first","23":"instock","24":"sale","25":"taxable","26":"shipping-taxable","27":"purchasable","28":"product-type-simple"},"yoast_head":"<!-- This site is optimized with the Yoast SEO plugin v27.6 - https:\/\/yoast.com\/product\/yoast-seo-wordpress\/ -->\n<title>Duo pusle &quot;Loomapojad&quot; - sulin.ee<\/title>\n<meta name=\"description\" content=\"Duo pusle &quot;Loomapojad&quot; koosneb kaheosalistest pusledest, mille abil laps \u00f5pib loomapoega ja -ema kokku sobitama. Arendab vaatlusoskust.\" \/>\n<meta name=\"robots\" content=\"index, follow, max-snippet:-1, max-image-preview:large, max-video-preview:-1\" \/>\n<link rel=\"canonical\" href=\"https:\/\/sulin.ee\/en\/toode\/duo-pusle-loomapojad-djeco\/\" \/>\n<meta property=\"og:locale\" content=\"en_US\" \/>\n<meta property=\"og:type\" content=\"article\" \/>\n<meta property=\"og:title\" content=\"Duo pusle &quot;Loomapojad&quot; - sulin.ee\" \/>\n<meta property=\"og:description\" content=\"Duo pusle &quot;Loomapojad&quot; koosneb kaheosalistest pusledest, mille abil laps \u00f5pib loomapoega ja -ema kokku sobitama. Arendab vaatlusoskust.\" \/>\n<meta property=\"og:url\" content=\"https:\/\/sulin.ee\/en\/toode\/duo-pusle-loomapojad-djeco\/\" \/>\n<meta property=\"og:site_name\" content=\"sulin.ee\" \/>\n<meta property=\"article:publisher\" content=\"https:\/\/www.facebook.com\/www.sulin.ee\/\" \/>\n<meta property=\"article:modified_time\" content=\"2025-09-07T21:53:10+00:00\" \/>\n<meta property=\"og:image\" content=\"https:\/\/sulin.ee\/wp-content\/uploads\/2024\/01\/Loomapojad.png\" \/>\n\t<meta property=\"og:image:width\" content=\"1080\" \/>\n\t<meta property=\"og:image:height\" content=\"1080\" \/>\n\t<meta property=\"og:image:type\" content=\"image\/png\" \/>\n<meta name=\"twitter:card\" content=\"summary_large_image\" \/>\n<meta name=\"twitter:label1\" content=\"Est. reading time\" \/>\n\t<meta name=\"twitter:data1\" content=\"1 minute\" \/>\n<script type=\"application\/ld+json\" class=\"yoast-schema-graph\">{\"@context\":\"https:\\\/\\\/schema.org\",\"@graph\":[{\"@type\":\"WebPage\",\"@id\":\"https:\\\/\\\/sulin.ee\\\/en\\\/toode\\\/duo-pusle-loomapojad-djeco\\\/\",\"url\":\"https:\\\/\\\/sulin.ee\\\/en\\\/toode\\\/duo-pusle-loomapojad-djeco\\\/\",\"name\":\"Duo pusle \\\"Loomapojad\\\" - sulin.ee\",\"isPartOf\":{\"@id\":\"https:\\\/\\\/sulin.ee\\\/en\\\/#website\"},\"primaryImageOfPage\":{\"@id\":\"https:\\\/\\\/sulin.ee\\\/en\\\/toode\\\/duo-pusle-loomapojad-djeco\\\/#primaryimage\"},\"image\":{\"@id\":\"https:\\\/\\\/sulin.ee\\\/en\\\/toode\\\/duo-pusle-loomapojad-djeco\\\/#primaryimage\"},\"thumbnailUrl\":\"https:\\\/\\\/sulin.ee\\\/wp-content\\\/uploads\\\/2024\\\/01\\\/Loomapojad.png\",\"datePublished\":\"2024-01-16T11:48:33+00:00\",\"dateModified\":\"2025-09-07T21:53:10+00:00\",\"description\":\"Duo pusle \\\"Loomapojad\\\" koosneb kaheosalistest pusledest, mille abil laps \u00f5pib loomapoega ja -ema kokku sobitama. Arendab vaatlusoskust.\",\"breadcrumb\":{\"@id\":\"https:\\\/\\\/sulin.ee\\\/en\\\/toode\\\/duo-pusle-loomapojad-djeco\\\/#breadcrumb\"},\"inLanguage\":\"en-US\",\"potentialAction\":[{\"@type\":\"ReadAction\",\"target\":[\"https:\\\/\\\/sulin.ee\\\/en\\\/toode\\\/duo-pusle-loomapojad-djeco\\\/\"]}]},{\"@type\":\"ImageObject\",\"inLanguage\":\"en-US\",\"@id\":\"https:\\\/\\\/sulin.ee\\\/en\\\/toode\\\/duo-pusle-loomapojad-djeco\\\/#primaryimage\",\"url\":\"https:\\\/\\\/sulin.ee\\\/wp-content\\\/uploads\\\/2024\\\/01\\\/Loomapojad.png\",\"contentUrl\":\"https:\\\/\\\/sulin.ee\\\/wp-content\\\/uploads\\\/2024\\\/01\\\/Loomapojad.png\",\"width\":1080,\"height\":1080,\"caption\":\"Duo pusle \\\"Loomapojad\\\"\"},{\"@type\":\"BreadcrumbList\",\"@id\":\"https:\\\/\\\/sulin.ee\\\/en\\\/toode\\\/duo-pusle-loomapojad-djeco\\\/#breadcrumb\",\"itemListElement\":[{\"@type\":\"ListItem\",\"position\":1,\"name\":\"Home\",\"item\":\"https:\\\/\\\/sulin.ee\\\/en\\\/\"},{\"@type\":\"ListItem\",\"position\":2,\"name\":\"Sulin.ee e-pood\",\"item\":\"https:\\\/\\\/sulin.ee\\\/shop\\\/\"},{\"@type\":\"ListItem\",\"position\":3,\"name\":\"Duo pusle &#8220;Loomapojad&#8221;\"}]},{\"@type\":\"WebSite\",\"@id\":\"https:\\\/\\\/sulin.ee\\\/en\\\/#website\",\"url\":\"https:\\\/\\\/sulin.ee\\\/en\\\/\",\"name\":\"sulin.ee\",\"description\":\"\",\"publisher\":{\"@id\":\"https:\\\/\\\/sulin.ee\\\/en\\\/#organization\"},\"potentialAction\":[{\"@type\":\"SearchAction\",\"target\":{\"@type\":\"EntryPoint\",\"urlTemplate\":\"https:\\\/\\\/sulin.ee\\\/en\\\/?s={search_term_string}\"},\"query-input\":{\"@type\":\"PropertyValueSpecification\",\"valueRequired\":true,\"valueName\":\"search_term_string\"}}],\"inLanguage\":\"en-US\"},{\"@type\":\"Organization\",\"@id\":\"https:\\\/\\\/sulin.ee\\\/en\\\/#organization\",\"name\":\"SULIN TRADE O\u00dc\",\"url\":\"https:\\\/\\\/sulin.ee\\\/en\\\/\",\"logo\":{\"@type\":\"ImageObject\",\"inLanguage\":\"en-US\",\"@id\":\"https:\\\/\\\/sulin.ee\\\/en\\\/#\\\/schema\\\/logo\\\/image\\\/\",\"url\":\"https:\\\/\\\/sulin.ee\\\/wp-content\\\/uploads\\\/2022\\\/11\\\/sulin-logo.png\",\"contentUrl\":\"https:\\\/\\\/sulin.ee\\\/wp-content\\\/uploads\\\/2022\\\/11\\\/sulin-logo.png\",\"width\":871,\"height\":321,\"caption\":\"SULIN TRADE O\u00dc\"},\"image\":{\"@id\":\"https:\\\/\\\/sulin.ee\\\/en\\\/#\\\/schema\\\/logo\\\/image\\\/\"},\"sameAs\":[\"https:\\\/\\\/www.facebook.com\\\/www.sulin.ee\\\/\",\"https:\\\/\\\/www.instagram.com\\\/sulintrade\\\/\"]}]}<\/script>\n<!-- \/ Yoast SEO plugin. -->","yoast_head_json":{"title":"Duo pusle \"Loomapojad\" - sulin.ee","description":"Duo pusle \"Loomapojad\" koosneb kaheosalistest pusledest, mille abil laps \u00f5pib loomapoega ja -ema kokku sobitama. Arendab vaatlusoskust.","robots":{"index":"index","follow":"follow","max-snippet":"max-snippet:-1","max-image-preview":"max-image-preview:large","max-video-preview":"max-video-preview:-1"},"canonical":"https:\/\/sulin.ee\/en\/toode\/duo-pusle-loomapojad-djeco\/","og_locale":"en_US","og_type":"article","og_title":"Duo pusle \"Loomapojad\" - sulin.ee","og_description":"Duo pusle \"Loomapojad\" koosneb kaheosalistest pusledest, mille abil laps \u00f5pib loomapoega ja -ema kokku sobitama. Arendab vaatlusoskust.","og_url":"https:\/\/sulin.ee\/en\/toode\/duo-pusle-loomapojad-djeco\/","og_site_name":"sulin.ee","article_publisher":"https:\/\/www.facebook.com\/www.sulin.ee\/","article_modified_time":"2025-09-07T21:53:10+00:00","og_image":[{"width":1080,"height":1080,"url":"https:\/\/sulin.ee\/wp-content\/uploads\/2024\/01\/Loomapojad.png","type":"image\/png"}],"twitter_card":"summary_large_image","twitter_misc":{"Est. reading time":"1 minute"},"schema":{"@context":"https:\/\/schema.org","@graph":[{"@type":"WebPage","@id":"https:\/\/sulin.ee\/en\/toode\/duo-pusle-loomapojad-djeco\/","url":"https:\/\/sulin.ee\/en\/toode\/duo-pusle-loomapojad-djeco\/","name":"Duo pusle \"Loomapojad\" - sulin.ee","isPartOf":{"@id":"https:\/\/sulin.ee\/en\/#website"},"primaryImageOfPage":{"@id":"https:\/\/sulin.ee\/en\/toode\/duo-pusle-loomapojad-djeco\/#primaryimage"},"image":{"@id":"https:\/\/sulin.ee\/en\/toode\/duo-pusle-loomapojad-djeco\/#primaryimage"},"thumbnailUrl":"https:\/\/sulin.ee\/wp-content\/uploads\/2024\/01\/Loomapojad.png","datePublished":"2024-01-16T11:48:33+00:00","dateModified":"2025-09-07T21:53:10+00:00","description":"Duo pusle \"Loomapojad\" koosneb kaheosalistest pusledest, mille abil laps \u00f5pib loomapoega ja -ema kokku sobitama. Arendab vaatlusoskust.","breadcrumb":{"@id":"https:\/\/sulin.ee\/en\/toode\/duo-pusle-loomapojad-djeco\/#breadcrumb"},"inLanguage":"en-US","potentialAction":[{"@type":"ReadAction","target":["https:\/\/sulin.ee\/en\/toode\/duo-pusle-loomapojad-djeco\/"]}]},{"@type":"ImageObject","inLanguage":"en-US","@id":"https:\/\/sulin.ee\/en\/toode\/duo-pusle-loomapojad-djeco\/#primaryimage","url":"https:\/\/sulin.ee\/wp-content\/uploads\/2024\/01\/Loomapojad.png","contentUrl":"https:\/\/sulin.ee\/wp-content\/uploads\/2024\/01\/Loomapojad.png","width":1080,"height":1080,"caption":"Duo pusle \"Loomapojad\""},{"@type":"BreadcrumbList","@id":"https:\/\/sulin.ee\/en\/toode\/duo-pusle-loomapojad-djeco\/#breadcrumb","itemListElement":[{"@type":"ListItem","position":1,"name":"Home","item":"https:\/\/sulin.ee\/en\/"},{"@type":"ListItem","position":2,"name":"Sulin.ee e-pood","item":"https:\/\/sulin.ee\/shop\/"},{"@type":"ListItem","position":3,"name":"Duo pusle &#8220;Loomapojad&#8221;"}]},{"@type":"WebSite","@id":"https:\/\/sulin.ee\/en\/#website","url":"https:\/\/sulin.ee\/en\/","name":"sulin.ee","description":"","publisher":{"@id":"https:\/\/sulin.ee\/en\/#organization"},"potentialAction":[{"@type":"SearchAction","target":{"@type":"EntryPoint","urlTemplate":"https:\/\/sulin.ee\/en\/?s={search_term_string}"},"query-input":{"@type":"PropertyValueSpecification","valueRequired":true,"valueName":"search_term_string"}}],"inLanguage":"en-US"},{"@type":"Organization","@id":"https:\/\/sulin.ee\/en\/#organization","name":"SULIN TRADE O\u00dc","url":"https:\/\/sulin.ee\/en\/","logo":{"@type":"ImageObject","inLanguage":"en-US","@id":"https:\/\/sulin.ee\/en\/#\/schema\/logo\/image\/","url":"https:\/\/sulin.ee\/wp-content\/uploads\/2022\/11\/sulin-logo.png","contentUrl":"https:\/\/sulin.ee\/wp-content\/uploads\/2022\/11\/sulin-logo.png","width":871,"height":321,"caption":"SULIN TRADE O\u00dc"},"image":{"@id":"https:\/\/sulin.ee\/en\/#\/schema\/logo\/image\/"},"sameAs":["https:\/\/www.facebook.com\/www.sulin.ee\/","https:\/\/www.instagram.com\/sulintrade\/"]}]}},"builder_content":"","_links":{"self":[{"href":"https:\/\/sulin.ee\/en\/wp-json\/wp\/v2\/product\/14986","targetHints":{"allow":["GET"]}}],"collection":[{"href":"https:\/\/sulin.ee\/en\/wp-json\/wp\/v2\/product"}],"about":[{"href":"https:\/\/sulin.ee\/en\/wp-json\/wp\/v2\/types\/product"}],"replies":[{"embeddable":true,"href":"https:\/\/sulin.ee\/en\/wp-json\/wp\/v2\/comments?post=14986"}],"wp:featuredmedia":[{"embeddable":true,"href":"https:\/\/sulin.ee\/en\/wp-json\/wp\/v2\/media\/15825"}],"wp:attachment":[{"href":"https:\/\/sulin.ee\/en\/wp-json\/wp\/v2\/media?parent=14986"}],"wp:term":[{"taxonomy":"product_brand","embeddable":true,"href":"https:\/\/sulin.ee\/en\/wp-json\/wp\/v2\/product_brand?post=14986"},{"taxonomy":"product_cat","embeddable":true,"href":"https:\/\/sulin.ee\/en\/wp-json\/wp\/v2\/product_cat?post=14986"},{"taxonomy":"product_tag","embeddable":true,"href":"https:\/\/sulin.ee\/en\/wp-json\/wp\/v2\/product_tag?post=14986"}],"curies":[{"name":"wp","href":"https:\/\/api.w.org\/{rel}","templated":true}]}}