{"id":14936,"date":"2023-11-16T12:08:38","date_gmt":"2023-11-16T12:08:38","guid":{"rendered":"https:\/\/sulin.ee\/?post_type=product&#038;p=14936"},"modified":"2025-09-07T21:45:51","modified_gmt":"2025-09-07T21:45:51","slug":"volupliiats-lusille-djeco","status":"publish","type":"product","link":"https:\/\/sulin.ee\/en\/toode\/volupliiats-lusille-djeco\/","title":{"rendered":"V\u00f5lupliiats &#8220;Lusille&#8221;"},"content":{"rendered":"<p><strong>V\u00f5lupliiats &#8220;Lusille&#8221; on maagiline n\u00e4htamatu tindiga pastakas, millega saab kirjutada oma k\u00f5ige salajasemaid saladusi.<\/strong> Kiri tuleb n\u00e4htavale kui selle peale lambiga UV valgust n\u00e4idata. Salajase pliiatsi korgi sisse on peidetud v\u00e4ike lambike, mida saab p\u00f5lema ja kustu panna. Valguse saamiseks on vaja kolme LR44 HD patareid (pliiatsiga kaasas).<\/p>\n<p><strong>Komplekti kuuluvad:<\/strong> 1 v\u00f5lupliiats, 3 LR44 HD patareid.<\/p>\n<p><strong>V\u00f5lupliiatsi m\u00f5\u00f5dud:<\/strong> pikkus 13 cm.<\/p>\n<p><strong>HOIATUS!<\/strong> Ei sobi alla 3-aastastele lastele. Sisaldab v\u00e4ikeseid osi &#8211; l\u00e4mbumisoht.<\/p>\n","protected":false},"excerpt":{"rendered":"<p>V\u00f5lupliiats &#8220;Lusille&#8221; on maagiline n\u00e4htamatu tindiga pastakas, millega saab kirjutada oma k\u00f5ige salajasemaid saladusi. Kiri tuleb n\u00e4htavale kui selle peale lambiga UV valgust n\u00e4idata. Salajase pliiatsi korgi sisse on peidetud v\u00e4ike lambike, mida saab p\u00f5lema ja kustu panna. Valguse saamiseks on vaja kolme LR44 HD patareid (pliiatsiga kaasas). Komplekti kuuluvad: 1 v\u00f5lupliiats, 3 LR44 HD [&hellip;]<\/p>\n","protected":false},"featured_media":14941,"comment_status":"open","ping_status":"closed","template":"","meta":[],"product_brand":[],"product_cat":[1162,1165,1166,102,927,928],"product_tag":[],"class_list":{"0":"post-14936","1":"product","2":"type-product","3":"status-publish","4":"has-post-thumbnail","6":"product_cat-kingituseks","7":"product_cat-3-5-aastat","8":"product_cat-6-8-aastat","9":"product_cat-kunstivahendid","10":"product_cat-joonistamine","11":"product_cat-djeco","12":"has-post-title","13":"has-post-date","14":"has-post-category","15":"has-post-tag","16":"has-post-comment","17":"has-post-author","18":"","20":"first","21":"instock","22":"sale","23":"taxable","24":"shipping-taxable","25":"purchasable","26":"product-type-simple"},"yoast_head":"<!-- This site is optimized with the Yoast SEO plugin v26.8 - https:\/\/yoast.com\/product\/yoast-seo-wordpress\/ -->\n<title>V\u00f5lupliiats &quot;Lusille&quot; - sulin.ee<\/title>\n<meta name=\"description\" content=\"V\u00f5lupliiats &quot;Lusille&quot; on maagiline n\u00e4htamatu tindiga pastakas, millega saab kirjutada oma k\u00f5ige salajasemaid saladusi. Pikkus 13 cm.\" \/>\n<meta name=\"robots\" content=\"index, follow, max-snippet:-1, max-image-preview:large, max-video-preview:-1\" \/>\n<link rel=\"canonical\" href=\"https:\/\/sulin.ee\/en\/toode\/volupliiats-lusille-djeco\/\" \/>\n<meta property=\"og:locale\" content=\"en_US\" \/>\n<meta property=\"og:type\" content=\"article\" \/>\n<meta property=\"og:title\" content=\"V\u00f5lupliiats &quot;Lusille&quot; - sulin.ee\" \/>\n<meta property=\"og:description\" content=\"V\u00f5lupliiats &quot;Lusille&quot; on maagiline n\u00e4htamatu tindiga pastakas, millega saab kirjutada oma k\u00f5ige salajasemaid saladusi. Pikkus 13 cm.\" \/>\n<meta property=\"og:url\" content=\"https:\/\/sulin.ee\/en\/toode\/volupliiats-lusille-djeco\/\" \/>\n<meta property=\"og:site_name\" content=\"sulin.ee\" \/>\n<meta property=\"article:publisher\" content=\"https:\/\/www.facebook.com\/www.sulin.ee\/\" \/>\n<meta property=\"article:modified_time\" content=\"2025-09-07T21:45:51+00:00\" \/>\n<meta property=\"og:image\" content=\"https:\/\/sulin.ee\/wp-content\/uploads\/2023\/11\/Lusille.jpg\" \/>\n\t<meta property=\"og:image:width\" content=\"600\" \/>\n\t<meta property=\"og:image:height\" content=\"600\" \/>\n\t<meta property=\"og:image:type\" content=\"image\/jpeg\" \/>\n<meta name=\"twitter:card\" content=\"summary_large_image\" \/>\n<meta name=\"twitter:label1\" content=\"Est. reading time\" \/>\n\t<meta name=\"twitter:data1\" content=\"1 minute\" \/>\n<script type=\"application\/ld+json\" class=\"yoast-schema-graph\">{\"@context\":\"https:\/\/schema.org\",\"@graph\":[{\"@type\":\"WebPage\",\"@id\":\"https:\/\/sulin.ee\/en\/toode\/volupliiats-lusille-djeco\/\",\"url\":\"https:\/\/sulin.ee\/en\/toode\/volupliiats-lusille-djeco\/\",\"name\":\"V\u00f5lupliiats \\\"Lusille\\\" - sulin.ee\",\"isPartOf\":{\"@id\":\"https:\/\/sulin.ee\/en\/#website\"},\"primaryImageOfPage\":{\"@id\":\"https:\/\/sulin.ee\/en\/toode\/volupliiats-lusille-djeco\/#primaryimage\"},\"image\":{\"@id\":\"https:\/\/sulin.ee\/en\/toode\/volupliiats-lusille-djeco\/#primaryimage\"},\"thumbnailUrl\":\"https:\/\/sulin.ee\/wp-content\/uploads\/2023\/11\/Lusille.jpg\",\"datePublished\":\"2023-11-16T12:08:38+00:00\",\"dateModified\":\"2025-09-07T21:45:51+00:00\",\"description\":\"V\u00f5lupliiats \\\"Lusille\\\" on maagiline n\u00e4htamatu tindiga pastakas, millega saab kirjutada oma k\u00f5ige salajasemaid saladusi. Pikkus 13 cm.\",\"breadcrumb\":{\"@id\":\"https:\/\/sulin.ee\/en\/toode\/volupliiats-lusille-djeco\/#breadcrumb\"},\"inLanguage\":\"en-US\",\"potentialAction\":[{\"@type\":\"ReadAction\",\"target\":[\"https:\/\/sulin.ee\/en\/toode\/volupliiats-lusille-djeco\/\"]}]},{\"@type\":\"ImageObject\",\"inLanguage\":\"en-US\",\"@id\":\"https:\/\/sulin.ee\/en\/toode\/volupliiats-lusille-djeco\/#primaryimage\",\"url\":\"https:\/\/sulin.ee\/wp-content\/uploads\/2023\/11\/Lusille.jpg\",\"contentUrl\":\"https:\/\/sulin.ee\/wp-content\/uploads\/2023\/11\/Lusille.jpg\",\"width\":600,\"height\":600},{\"@type\":\"BreadcrumbList\",\"@id\":\"https:\/\/sulin.ee\/en\/toode\/volupliiats-lusille-djeco\/#breadcrumb\",\"itemListElement\":[{\"@type\":\"ListItem\",\"position\":1,\"name\":\"Home\",\"item\":\"https:\/\/sulin.ee\/en\/\"},{\"@type\":\"ListItem\",\"position\":2,\"name\":\"Sulin.ee e-pood\",\"item\":\"https:\/\/sulin.ee\/shop\/\"},{\"@type\":\"ListItem\",\"position\":3,\"name\":\"V\u00f5lupliiats &#8220;Lusille&#8221;\"}]},{\"@type\":\"WebSite\",\"@id\":\"https:\/\/sulin.ee\/en\/#website\",\"url\":\"https:\/\/sulin.ee\/en\/\",\"name\":\"sulin.ee\",\"description\":\"\",\"publisher\":{\"@id\":\"https:\/\/sulin.ee\/en\/#organization\"},\"potentialAction\":[{\"@type\":\"SearchAction\",\"target\":{\"@type\":\"EntryPoint\",\"urlTemplate\":\"https:\/\/sulin.ee\/en\/?s={search_term_string}\"},\"query-input\":{\"@type\":\"PropertyValueSpecification\",\"valueRequired\":true,\"valueName\":\"search_term_string\"}}],\"inLanguage\":\"en-US\"},{\"@type\":\"Organization\",\"@id\":\"https:\/\/sulin.ee\/en\/#organization\",\"name\":\"SULIN TRADE O\u00dc\",\"url\":\"https:\/\/sulin.ee\/en\/\",\"logo\":{\"@type\":\"ImageObject\",\"inLanguage\":\"en-US\",\"@id\":\"https:\/\/sulin.ee\/en\/#\/schema\/logo\/image\/\",\"url\":\"https:\/\/sulin.ee\/wp-content\/uploads\/2022\/11\/sulin-logo.png\",\"contentUrl\":\"https:\/\/sulin.ee\/wp-content\/uploads\/2022\/11\/sulin-logo.png\",\"width\":871,\"height\":321,\"caption\":\"SULIN TRADE O\u00dc\"},\"image\":{\"@id\":\"https:\/\/sulin.ee\/en\/#\/schema\/logo\/image\/\"},\"sameAs\":[\"https:\/\/www.facebook.com\/www.sulin.ee\/\",\"https:\/\/www.instagram.com\/sulintrade\/\"]}]}<\/script>\n<!-- \/ Yoast SEO plugin. -->","yoast_head_json":{"title":"V\u00f5lupliiats \"Lusille\" - sulin.ee","description":"V\u00f5lupliiats \"Lusille\" on maagiline n\u00e4htamatu tindiga pastakas, millega saab kirjutada oma k\u00f5ige salajasemaid saladusi. Pikkus 13 cm.","robots":{"index":"index","follow":"follow","max-snippet":"max-snippet:-1","max-image-preview":"max-image-preview:large","max-video-preview":"max-video-preview:-1"},"canonical":"https:\/\/sulin.ee\/en\/toode\/volupliiats-lusille-djeco\/","og_locale":"en_US","og_type":"article","og_title":"V\u00f5lupliiats \"Lusille\" - sulin.ee","og_description":"V\u00f5lupliiats \"Lusille\" on maagiline n\u00e4htamatu tindiga pastakas, millega saab kirjutada oma k\u00f5ige salajasemaid saladusi. Pikkus 13 cm.","og_url":"https:\/\/sulin.ee\/en\/toode\/volupliiats-lusille-djeco\/","og_site_name":"sulin.ee","article_publisher":"https:\/\/www.facebook.com\/www.sulin.ee\/","article_modified_time":"2025-09-07T21:45:51+00:00","og_image":[{"width":600,"height":600,"url":"https:\/\/sulin.ee\/wp-content\/uploads\/2023\/11\/Lusille.jpg","type":"image\/jpeg"}],"twitter_card":"summary_large_image","twitter_misc":{"Est. reading time":"1 minute"},"schema":{"@context":"https:\/\/schema.org","@graph":[{"@type":"WebPage","@id":"https:\/\/sulin.ee\/en\/toode\/volupliiats-lusille-djeco\/","url":"https:\/\/sulin.ee\/en\/toode\/volupliiats-lusille-djeco\/","name":"V\u00f5lupliiats \"Lusille\" - sulin.ee","isPartOf":{"@id":"https:\/\/sulin.ee\/en\/#website"},"primaryImageOfPage":{"@id":"https:\/\/sulin.ee\/en\/toode\/volupliiats-lusille-djeco\/#primaryimage"},"image":{"@id":"https:\/\/sulin.ee\/en\/toode\/volupliiats-lusille-djeco\/#primaryimage"},"thumbnailUrl":"https:\/\/sulin.ee\/wp-content\/uploads\/2023\/11\/Lusille.jpg","datePublished":"2023-11-16T12:08:38+00:00","dateModified":"2025-09-07T21:45:51+00:00","description":"V\u00f5lupliiats \"Lusille\" on maagiline n\u00e4htamatu tindiga pastakas, millega saab kirjutada oma k\u00f5ige salajasemaid saladusi. Pikkus 13 cm.","breadcrumb":{"@id":"https:\/\/sulin.ee\/en\/toode\/volupliiats-lusille-djeco\/#breadcrumb"},"inLanguage":"en-US","potentialAction":[{"@type":"ReadAction","target":["https:\/\/sulin.ee\/en\/toode\/volupliiats-lusille-djeco\/"]}]},{"@type":"ImageObject","inLanguage":"en-US","@id":"https:\/\/sulin.ee\/en\/toode\/volupliiats-lusille-djeco\/#primaryimage","url":"https:\/\/sulin.ee\/wp-content\/uploads\/2023\/11\/Lusille.jpg","contentUrl":"https:\/\/sulin.ee\/wp-content\/uploads\/2023\/11\/Lusille.jpg","width":600,"height":600},{"@type":"BreadcrumbList","@id":"https:\/\/sulin.ee\/en\/toode\/volupliiats-lusille-djeco\/#breadcrumb","itemListElement":[{"@type":"ListItem","position":1,"name":"Home","item":"https:\/\/sulin.ee\/en\/"},{"@type":"ListItem","position":2,"name":"Sulin.ee e-pood","item":"https:\/\/sulin.ee\/shop\/"},{"@type":"ListItem","position":3,"name":"V\u00f5lupliiats &#8220;Lusille&#8221;"}]},{"@type":"WebSite","@id":"https:\/\/sulin.ee\/en\/#website","url":"https:\/\/sulin.ee\/en\/","name":"sulin.ee","description":"","publisher":{"@id":"https:\/\/sulin.ee\/en\/#organization"},"potentialAction":[{"@type":"SearchAction","target":{"@type":"EntryPoint","urlTemplate":"https:\/\/sulin.ee\/en\/?s={search_term_string}"},"query-input":{"@type":"PropertyValueSpecification","valueRequired":true,"valueName":"search_term_string"}}],"inLanguage":"en-US"},{"@type":"Organization","@id":"https:\/\/sulin.ee\/en\/#organization","name":"SULIN TRADE O\u00dc","url":"https:\/\/sulin.ee\/en\/","logo":{"@type":"ImageObject","inLanguage":"en-US","@id":"https:\/\/sulin.ee\/en\/#\/schema\/logo\/image\/","url":"https:\/\/sulin.ee\/wp-content\/uploads\/2022\/11\/sulin-logo.png","contentUrl":"https:\/\/sulin.ee\/wp-content\/uploads\/2022\/11\/sulin-logo.png","width":871,"height":321,"caption":"SULIN TRADE O\u00dc"},"image":{"@id":"https:\/\/sulin.ee\/en\/#\/schema\/logo\/image\/"},"sameAs":["https:\/\/www.facebook.com\/www.sulin.ee\/","https:\/\/www.instagram.com\/sulintrade\/"]}]}},"builder_content":"","_links":{"self":[{"href":"https:\/\/sulin.ee\/en\/wp-json\/wp\/v2\/product\/14936","targetHints":{"allow":["GET"]}}],"collection":[{"href":"https:\/\/sulin.ee\/en\/wp-json\/wp\/v2\/product"}],"about":[{"href":"https:\/\/sulin.ee\/en\/wp-json\/wp\/v2\/types\/product"}],"replies":[{"embeddable":true,"href":"https:\/\/sulin.ee\/en\/wp-json\/wp\/v2\/comments?post=14936"}],"wp:featuredmedia":[{"embeddable":true,"href":"https:\/\/sulin.ee\/en\/wp-json\/wp\/v2\/media\/14941"}],"wp:attachment":[{"href":"https:\/\/sulin.ee\/en\/wp-json\/wp\/v2\/media?parent=14936"}],"wp:term":[{"taxonomy":"product_brand","embeddable":true,"href":"https:\/\/sulin.ee\/en\/wp-json\/wp\/v2\/product_brand?post=14936"},{"taxonomy":"product_cat","embeddable":true,"href":"https:\/\/sulin.ee\/en\/wp-json\/wp\/v2\/product_cat?post=14936"},{"taxonomy":"product_tag","embeddable":true,"href":"https:\/\/sulin.ee\/en\/wp-json\/wp\/v2\/product_tag?post=14936"}],"curies":[{"name":"wp","href":"https:\/\/api.w.org\/{rel}","templated":true}]}}