{"id":14884,"date":"2023-11-14T13:52:32","date_gmt":"2023-11-14T13:52:32","guid":{"rendered":"https:\/\/sulin.ee\/?post_type=product&#038;p=14884"},"modified":"2025-09-07T21:46:00","modified_gmt":"2025-09-07T21:46:00","slug":"tindipatjade-komplekt-sikid-varvid-8-varvi-1-puhastusvahend-djeco","status":"publish","type":"product","link":"https:\/\/sulin.ee\/en\/toode\/tindipatjade-komplekt-sikid-varvid-8-varvi-1-puhastusvahend-djeco\/","title":{"rendered":"Tindipatjade komplekt &#8220;\u0160ikid v\u00e4rvid&#8221; (8 v\u00e4rvi + 1 puhastusvahend)"},"content":{"rendered":"<p><strong>Tindipatjade komplekt &#8220;\u0160ikid v\u00e4rvid&#8221; koosneb kaheksast tindipadjast, mida kasutada oma s\u00e4rava ja s\u00e4rtsaka loomingu jaoks.<\/strong><\/p>\n<p>Vajuta tempel (ei kuulu komplekti) tindipadja peale ja seej\u00e4rel t\u00e4ienda oma joonistust templiga. Enne iga uue v\u00e4rvi kasutamist puhasta tempel eelnevalt kaasas oleva puhastussvammiga.<\/p>\n<p><strong>Komplekti kuulub: <\/strong>8 stiilses toonis tindipatja (sh 2 metallikv\u00e4rvi tinti) ja 1 puhastussvamm, mida hoitakse l\u00e4bipaistvas plastkarbis (templite puhastamiseks iga uue v\u00e4rvi valiku korral).<\/p>\n<p><strong>Komplektis olevad v\u00e4rvid:<\/strong> kuldne, h\u00f5be, must, sinine, lilla, tumeroheline, roheline, mururoheline.<\/p>\n<p>Sobib alates 5. eluaastast.<\/p>\n<p><strong>HOIATUS!<\/strong> Ei sobi alla 3-aastastele lastele. Sisaldab v\u00e4ikeseid osi &#8211; l\u00e4mbumisoht.<\/p>\n<p>Vaata ka teisi kunsti- ja joonistamistarbeid <span style=\"color: #ff9900;\"><a style=\"color: #ff9900;\" href=\"https:\/\/sulin.ee\/tootekategooria\/lastele\/mangimine\/joonistamine-ja-maalimine\/page\/2\/\" target=\"_blank\" rel=\"noopener\">siit<\/a><\/span>.<\/p>\n<p>&nbsp;<\/p>\n","protected":false},"excerpt":{"rendered":"<p>Tindipatjade komplekt &#8220;\u0160ikid v\u00e4rvid&#8221; koosneb kaheksast tindipadjast, mida kasutada oma s\u00e4rava ja s\u00e4rtsaka loomingu jaoks. Vajuta tempel (ei kuulu komplekti) tindipadja peale ja seej\u00e4rel t\u00e4ienda oma joonistust templiga. Enne iga uue v\u00e4rvi kasutamist puhasta tempel eelnevalt kaasas oleva puhastussvammiga. Komplekti kuulub: 8 stiilses toonis tindipatja (sh 2 metallikv\u00e4rvi tinti) ja 1 puhastussvamm, mida hoitakse l\u00e4bipaistvas [&hellip;]<\/p>\n","protected":false},"featured_media":14885,"comment_status":"open","ping_status":"closed","template":"","meta":[],"product_brand":[],"product_cat":[1162,1165,1166,102,927,1018,1017,928],"product_tag":[],"class_list":{"0":"post-14884","1":"product","2":"type-product","3":"status-publish","4":"has-post-thumbnail","6":"product_cat-kingituseks","7":"product_cat-3-5-aastat","8":"product_cat-6-8-aastat","9":"product_cat-kunstivahendid","10":"product_cat-joonistamine","11":"product_cat-maalimine","12":"product_cat-meisterdamine","13":"product_cat-djeco","14":"has-post-title","15":"has-post-date","16":"has-post-category","17":"has-post-tag","18":"has-post-comment","19":"has-post-author","20":"","22":"first","23":"instock","24":"sale","25":"taxable","26":"shipping-taxable","27":"purchasable","28":"product-type-simple"},"yoast_head":"<!-- This site is optimized with the Yoast SEO plugin v26.8 - https:\/\/yoast.com\/product\/yoast-seo-wordpress\/ -->\n<title>Tindipatjade komplekt &quot;\u0160ikid v\u00e4rvid&quot; (8 v\u00e4rvi + 1 puhastusvahend) - sulin.ee<\/title>\n<meta name=\"robots\" content=\"index, follow, max-snippet:-1, max-image-preview:large, max-video-preview:-1\" \/>\n<link rel=\"canonical\" href=\"https:\/\/sulin.ee\/en\/toode\/tindipatjade-komplekt-sikid-varvid-8-varvi-1-puhastusvahend-djeco\/\" \/>\n<meta property=\"og:locale\" content=\"en_US\" \/>\n<meta property=\"og:type\" content=\"article\" \/>\n<meta property=\"og:title\" content=\"Tindipatjade komplekt &quot;\u0160ikid v\u00e4rvid&quot; (8 v\u00e4rvi + 1 puhastusvahend) - sulin.ee\" \/>\n<meta property=\"og:description\" content=\"Tindipatjade komplekt &#8220;\u0160ikid v\u00e4rvid&#8221; koosneb kaheksast tindipadjast, mida kasutada oma s\u00e4rava ja s\u00e4rtsaka loomingu jaoks. Vajuta tempel (ei kuulu komplekti) tindipadja peale ja seej\u00e4rel t\u00e4ienda oma joonistust templiga. Enne iga uue v\u00e4rvi kasutamist puhasta tempel eelnevalt kaasas oleva puhastussvammiga. Komplekti kuulub: 8 stiilses toonis tindipatja (sh 2 metallikv\u00e4rvi tinti) ja 1 puhastussvamm, mida hoitakse l\u00e4bipaistvas [&hellip;]\" \/>\n<meta property=\"og:url\" content=\"https:\/\/sulin.ee\/en\/toode\/tindipatjade-komplekt-sikid-varvid-8-varvi-1-puhastusvahend-djeco\/\" \/>\n<meta property=\"og:site_name\" content=\"sulin.ee\" \/>\n<meta property=\"article:publisher\" content=\"https:\/\/www.facebook.com\/www.sulin.ee\/\" \/>\n<meta property=\"article:modified_time\" content=\"2025-09-07T21:46:00+00:00\" \/>\n<meta property=\"og:image\" content=\"https:\/\/sulin.ee\/wp-content\/uploads\/2023\/11\/12062-DJ09799-8-tindipatja-ja-1-puhastusvahend-sikid-varvid.jpg\" \/>\n\t<meta property=\"og:image:width\" content=\"800\" \/>\n\t<meta property=\"og:image:height\" content=\"800\" \/>\n\t<meta property=\"og:image:type\" content=\"image\/jpeg\" \/>\n<meta name=\"twitter:card\" content=\"summary_large_image\" \/>\n<meta name=\"twitter:label1\" content=\"Est. reading time\" \/>\n\t<meta name=\"twitter:data1\" content=\"1 minute\" \/>\n<script type=\"application\/ld+json\" class=\"yoast-schema-graph\">{\"@context\":\"https:\/\/schema.org\",\"@graph\":[{\"@type\":\"WebPage\",\"@id\":\"https:\/\/sulin.ee\/en\/toode\/tindipatjade-komplekt-sikid-varvid-8-varvi-1-puhastusvahend-djeco\/\",\"url\":\"https:\/\/sulin.ee\/en\/toode\/tindipatjade-komplekt-sikid-varvid-8-varvi-1-puhastusvahend-djeco\/\",\"name\":\"Tindipatjade komplekt \\\"\u0160ikid v\u00e4rvid\\\" (8 v\u00e4rvi + 1 puhastusvahend) - sulin.ee\",\"isPartOf\":{\"@id\":\"https:\/\/sulin.ee\/en\/#website\"},\"primaryImageOfPage\":{\"@id\":\"https:\/\/sulin.ee\/en\/toode\/tindipatjade-komplekt-sikid-varvid-8-varvi-1-puhastusvahend-djeco\/#primaryimage\"},\"image\":{\"@id\":\"https:\/\/sulin.ee\/en\/toode\/tindipatjade-komplekt-sikid-varvid-8-varvi-1-puhastusvahend-djeco\/#primaryimage\"},\"thumbnailUrl\":\"https:\/\/sulin.ee\/wp-content\/uploads\/2023\/11\/12062-DJ09799-8-tindipatja-ja-1-puhastusvahend-sikid-varvid.jpg\",\"datePublished\":\"2023-11-14T13:52:32+00:00\",\"dateModified\":\"2025-09-07T21:46:00+00:00\",\"breadcrumb\":{\"@id\":\"https:\/\/sulin.ee\/en\/toode\/tindipatjade-komplekt-sikid-varvid-8-varvi-1-puhastusvahend-djeco\/#breadcrumb\"},\"inLanguage\":\"en-US\",\"potentialAction\":[{\"@type\":\"ReadAction\",\"target\":[\"https:\/\/sulin.ee\/en\/toode\/tindipatjade-komplekt-sikid-varvid-8-varvi-1-puhastusvahend-djeco\/\"]}]},{\"@type\":\"ImageObject\",\"inLanguage\":\"en-US\",\"@id\":\"https:\/\/sulin.ee\/en\/toode\/tindipatjade-komplekt-sikid-varvid-8-varvi-1-puhastusvahend-djeco\/#primaryimage\",\"url\":\"https:\/\/sulin.ee\/wp-content\/uploads\/2023\/11\/12062-DJ09799-8-tindipatja-ja-1-puhastusvahend-sikid-varvid.jpg\",\"contentUrl\":\"https:\/\/sulin.ee\/wp-content\/uploads\/2023\/11\/12062-DJ09799-8-tindipatja-ja-1-puhastusvahend-sikid-varvid.jpg\",\"width\":800,\"height\":800},{\"@type\":\"BreadcrumbList\",\"@id\":\"https:\/\/sulin.ee\/en\/toode\/tindipatjade-komplekt-sikid-varvid-8-varvi-1-puhastusvahend-djeco\/#breadcrumb\",\"itemListElement\":[{\"@type\":\"ListItem\",\"position\":1,\"name\":\"Home\",\"item\":\"https:\/\/sulin.ee\/en\/\"},{\"@type\":\"ListItem\",\"position\":2,\"name\":\"Sulin.ee e-pood\",\"item\":\"https:\/\/sulin.ee\/shop\/\"},{\"@type\":\"ListItem\",\"position\":3,\"name\":\"Tindipatjade komplekt &#8220;\u0160ikid v\u00e4rvid&#8221; (8 v\u00e4rvi + 1 puhastusvahend)\"}]},{\"@type\":\"WebSite\",\"@id\":\"https:\/\/sulin.ee\/en\/#website\",\"url\":\"https:\/\/sulin.ee\/en\/\",\"name\":\"sulin.ee\",\"description\":\"\",\"publisher\":{\"@id\":\"https:\/\/sulin.ee\/en\/#organization\"},\"potentialAction\":[{\"@type\":\"SearchAction\",\"target\":{\"@type\":\"EntryPoint\",\"urlTemplate\":\"https:\/\/sulin.ee\/en\/?s={search_term_string}\"},\"query-input\":{\"@type\":\"PropertyValueSpecification\",\"valueRequired\":true,\"valueName\":\"search_term_string\"}}],\"inLanguage\":\"en-US\"},{\"@type\":\"Organization\",\"@id\":\"https:\/\/sulin.ee\/en\/#organization\",\"name\":\"SULIN TRADE O\u00dc\",\"url\":\"https:\/\/sulin.ee\/en\/\",\"logo\":{\"@type\":\"ImageObject\",\"inLanguage\":\"en-US\",\"@id\":\"https:\/\/sulin.ee\/en\/#\/schema\/logo\/image\/\",\"url\":\"https:\/\/sulin.ee\/wp-content\/uploads\/2022\/11\/sulin-logo.png\",\"contentUrl\":\"https:\/\/sulin.ee\/wp-content\/uploads\/2022\/11\/sulin-logo.png\",\"width\":871,\"height\":321,\"caption\":\"SULIN TRADE O\u00dc\"},\"image\":{\"@id\":\"https:\/\/sulin.ee\/en\/#\/schema\/logo\/image\/\"},\"sameAs\":[\"https:\/\/www.facebook.com\/www.sulin.ee\/\",\"https:\/\/www.instagram.com\/sulintrade\/\"]}]}<\/script>\n<!-- \/ Yoast SEO plugin. -->","yoast_head_json":{"title":"Tindipatjade komplekt \"\u0160ikid v\u00e4rvid\" (8 v\u00e4rvi + 1 puhastusvahend) - sulin.ee","robots":{"index":"index","follow":"follow","max-snippet":"max-snippet:-1","max-image-preview":"max-image-preview:large","max-video-preview":"max-video-preview:-1"},"canonical":"https:\/\/sulin.ee\/en\/toode\/tindipatjade-komplekt-sikid-varvid-8-varvi-1-puhastusvahend-djeco\/","og_locale":"en_US","og_type":"article","og_title":"Tindipatjade komplekt \"\u0160ikid v\u00e4rvid\" (8 v\u00e4rvi + 1 puhastusvahend) - sulin.ee","og_description":"Tindipatjade komplekt &#8220;\u0160ikid v\u00e4rvid&#8221; koosneb kaheksast tindipadjast, mida kasutada oma s\u00e4rava ja s\u00e4rtsaka loomingu jaoks. Vajuta tempel (ei kuulu komplekti) tindipadja peale ja seej\u00e4rel t\u00e4ienda oma joonistust templiga. Enne iga uue v\u00e4rvi kasutamist puhasta tempel eelnevalt kaasas oleva puhastussvammiga. Komplekti kuulub: 8 stiilses toonis tindipatja (sh 2 metallikv\u00e4rvi tinti) ja 1 puhastussvamm, mida hoitakse l\u00e4bipaistvas [&hellip;]","og_url":"https:\/\/sulin.ee\/en\/toode\/tindipatjade-komplekt-sikid-varvid-8-varvi-1-puhastusvahend-djeco\/","og_site_name":"sulin.ee","article_publisher":"https:\/\/www.facebook.com\/www.sulin.ee\/","article_modified_time":"2025-09-07T21:46:00+00:00","og_image":[{"width":800,"height":800,"url":"https:\/\/sulin.ee\/wp-content\/uploads\/2023\/11\/12062-DJ09799-8-tindipatja-ja-1-puhastusvahend-sikid-varvid.jpg","type":"image\/jpeg"}],"twitter_card":"summary_large_image","twitter_misc":{"Est. reading time":"1 minute"},"schema":{"@context":"https:\/\/schema.org","@graph":[{"@type":"WebPage","@id":"https:\/\/sulin.ee\/en\/toode\/tindipatjade-komplekt-sikid-varvid-8-varvi-1-puhastusvahend-djeco\/","url":"https:\/\/sulin.ee\/en\/toode\/tindipatjade-komplekt-sikid-varvid-8-varvi-1-puhastusvahend-djeco\/","name":"Tindipatjade komplekt \"\u0160ikid v\u00e4rvid\" (8 v\u00e4rvi + 1 puhastusvahend) - sulin.ee","isPartOf":{"@id":"https:\/\/sulin.ee\/en\/#website"},"primaryImageOfPage":{"@id":"https:\/\/sulin.ee\/en\/toode\/tindipatjade-komplekt-sikid-varvid-8-varvi-1-puhastusvahend-djeco\/#primaryimage"},"image":{"@id":"https:\/\/sulin.ee\/en\/toode\/tindipatjade-komplekt-sikid-varvid-8-varvi-1-puhastusvahend-djeco\/#primaryimage"},"thumbnailUrl":"https:\/\/sulin.ee\/wp-content\/uploads\/2023\/11\/12062-DJ09799-8-tindipatja-ja-1-puhastusvahend-sikid-varvid.jpg","datePublished":"2023-11-14T13:52:32+00:00","dateModified":"2025-09-07T21:46:00+00:00","breadcrumb":{"@id":"https:\/\/sulin.ee\/en\/toode\/tindipatjade-komplekt-sikid-varvid-8-varvi-1-puhastusvahend-djeco\/#breadcrumb"},"inLanguage":"en-US","potentialAction":[{"@type":"ReadAction","target":["https:\/\/sulin.ee\/en\/toode\/tindipatjade-komplekt-sikid-varvid-8-varvi-1-puhastusvahend-djeco\/"]}]},{"@type":"ImageObject","inLanguage":"en-US","@id":"https:\/\/sulin.ee\/en\/toode\/tindipatjade-komplekt-sikid-varvid-8-varvi-1-puhastusvahend-djeco\/#primaryimage","url":"https:\/\/sulin.ee\/wp-content\/uploads\/2023\/11\/12062-DJ09799-8-tindipatja-ja-1-puhastusvahend-sikid-varvid.jpg","contentUrl":"https:\/\/sulin.ee\/wp-content\/uploads\/2023\/11\/12062-DJ09799-8-tindipatja-ja-1-puhastusvahend-sikid-varvid.jpg","width":800,"height":800},{"@type":"BreadcrumbList","@id":"https:\/\/sulin.ee\/en\/toode\/tindipatjade-komplekt-sikid-varvid-8-varvi-1-puhastusvahend-djeco\/#breadcrumb","itemListElement":[{"@type":"ListItem","position":1,"name":"Home","item":"https:\/\/sulin.ee\/en\/"},{"@type":"ListItem","position":2,"name":"Sulin.ee e-pood","item":"https:\/\/sulin.ee\/shop\/"},{"@type":"ListItem","position":3,"name":"Tindipatjade komplekt &#8220;\u0160ikid v\u00e4rvid&#8221; (8 v\u00e4rvi + 1 puhastusvahend)"}]},{"@type":"WebSite","@id":"https:\/\/sulin.ee\/en\/#website","url":"https:\/\/sulin.ee\/en\/","name":"sulin.ee","description":"","publisher":{"@id":"https:\/\/sulin.ee\/en\/#organization"},"potentialAction":[{"@type":"SearchAction","target":{"@type":"EntryPoint","urlTemplate":"https:\/\/sulin.ee\/en\/?s={search_term_string}"},"query-input":{"@type":"PropertyValueSpecification","valueRequired":true,"valueName":"search_term_string"}}],"inLanguage":"en-US"},{"@type":"Organization","@id":"https:\/\/sulin.ee\/en\/#organization","name":"SULIN TRADE O\u00dc","url":"https:\/\/sulin.ee\/en\/","logo":{"@type":"ImageObject","inLanguage":"en-US","@id":"https:\/\/sulin.ee\/en\/#\/schema\/logo\/image\/","url":"https:\/\/sulin.ee\/wp-content\/uploads\/2022\/11\/sulin-logo.png","contentUrl":"https:\/\/sulin.ee\/wp-content\/uploads\/2022\/11\/sulin-logo.png","width":871,"height":321,"caption":"SULIN TRADE O\u00dc"},"image":{"@id":"https:\/\/sulin.ee\/en\/#\/schema\/logo\/image\/"},"sameAs":["https:\/\/www.facebook.com\/www.sulin.ee\/","https:\/\/www.instagram.com\/sulintrade\/"]}]}},"builder_content":"","_links":{"self":[{"href":"https:\/\/sulin.ee\/en\/wp-json\/wp\/v2\/product\/14884","targetHints":{"allow":["GET"]}}],"collection":[{"href":"https:\/\/sulin.ee\/en\/wp-json\/wp\/v2\/product"}],"about":[{"href":"https:\/\/sulin.ee\/en\/wp-json\/wp\/v2\/types\/product"}],"replies":[{"embeddable":true,"href":"https:\/\/sulin.ee\/en\/wp-json\/wp\/v2\/comments?post=14884"}],"wp:featuredmedia":[{"embeddable":true,"href":"https:\/\/sulin.ee\/en\/wp-json\/wp\/v2\/media\/14885"}],"wp:attachment":[{"href":"https:\/\/sulin.ee\/en\/wp-json\/wp\/v2\/media?parent=14884"}],"wp:term":[{"taxonomy":"product_brand","embeddable":true,"href":"https:\/\/sulin.ee\/en\/wp-json\/wp\/v2\/product_brand?post=14884"},{"taxonomy":"product_cat","embeddable":true,"href":"https:\/\/sulin.ee\/en\/wp-json\/wp\/v2\/product_cat?post=14884"},{"taxonomy":"product_tag","embeddable":true,"href":"https:\/\/sulin.ee\/en\/wp-json\/wp\/v2\/product_tag?post=14884"}],"curies":[{"name":"wp","href":"https:\/\/api.w.org\/{rel}","templated":true}]}}