{"id":14584,"date":"2023-11-09T12:05:02","date_gmt":"2023-11-09T12:05:02","guid":{"rendered":"https:\/\/sulin.ee\/?post_type=product&#038;p=14584"},"modified":"2025-09-07T21:46:50","modified_gmt":"2025-09-07T21:46:50","slug":"pudipoll-jollein-2-tk","status":"publish","type":"product","link":"https:\/\/sulin.ee\/en\/toode\/pudipoll-jollein-2-tk\/","title":{"rendered":"Pudip\u00f5ll Jollein (2 tk)"},"content":{"rendered":"<p><strong>Pudip\u00f5ll on asendamatu abivahend, mis aitab hoida lapse riided kuiva ja puhtana. Beebieas kui lapsel alles tulevad hambad v\u00f5i kui ta hakkab tutvust tegema toiduga, aitab pudip\u00f5lle kasutamine oluliselt v\u00e4hendada riiete mustaks v\u00f5i m\u00e4rjaks saamist ning vahetamist.<\/strong><\/p>\n<p>Froteematerjalist pudip\u00f5ll imab endasse liigse vedeliku ning hoiab lapse riided kuivana. Spetsiaalsete takjakinnitustega on p\u00f5lle lihtne kaela panna ja \u00e4ra v\u00f5tta.<\/p>\n<p>Pudip\u00f5lle on mugav kasutada kodus lapsele s\u00fc\u00fca pakkudes v\u00f5i kaasa haarata kui on vaja kodust eemal viibida.<\/p>\n<p><strong>Komplektis 2 pudip\u00f5lle.<\/strong><\/p>\n<p>Lisaks froteematerjalist p\u00f5lledele leiad meilt ka <a href=\"https:\/\/jollein.com\/\" target=\"_blank\" rel=\"noopener\">Jolleini<\/a> veekindlad p\u00f5lled, mis on kas <a href=\"https:\/\/sulin.ee\/toode\/jollein-varrukatega-veekindel-poll-meadow-chestnut\/\" target=\"_blank\" rel=\"noopener\"><span style=\"color: #ff6600;\">varrukatega<\/span><\/a> v\u00f5i<a href=\"https:\/\/sulin.ee\/toode\/jollein-veekindlad-polled-savannah-2tk\/\" target=\"_blank\" rel=\"noopener\"><span style=\"color: #ff6600;\"> ilma<\/span><\/a>.<\/p>\n","protected":false},"excerpt":{"rendered":"<p>Pudip\u00f5ll on asendamatu abivahend, mis aitab hoida lapse riided kuiva ja puhtana. Beebieas kui lapsel alles tulevad hambad v\u00f5i kui ta hakkab tutvust tegema toiduga, aitab pudip\u00f5lle kasutamine oluliselt v\u00e4hendada riiete mustaks v\u00f5i m\u00e4rjaks saamist ning vahetamist. Froteematerjalist pudip\u00f5ll imab endasse liigse vedeliku ning hoiab lapse riided kuivana. Spetsiaalsete takjakinnitustega on p\u00f5lle lihtne kaela panna [&hellip;]<\/p>\n","protected":false},"featured_media":14593,"comment_status":"open","ping_status":"closed","template":"","meta":[],"product_brand":[],"product_cat":[488,776],"product_tag":[],"class_list":{"0":"post-14584","1":"product","2":"type-product","3":"status-publish","4":"has-post-thumbnail","6":"product_cat-pudipolled","7":"product_cat-jollein-2","8":"has-post-title","9":"has-post-date","10":"has-post-category","11":"has-post-tag","12":"has-post-comment","13":"has-post-author","14":"","16":"first","17":"instock","18":"sale","19":"taxable","20":"shipping-taxable","21":"purchasable","22":"product-type-variable"},"yoast_head":"<!-- This site is optimized with the Yoast SEO plugin v26.8 - https:\/\/yoast.com\/product\/yoast-seo-wordpress\/ -->\n<title>Pudip\u00f5ll Jollein (2 tk) - sulin.ee<\/title>\n<meta name=\"description\" content=\"Pudip\u00f5ll on asendamatu abivahend, mis aitab hoida lapse riided kuiva ja puhtana. P\u00f5ll imab endasse liigse vedeliku ning hoiab lapse riided kuivana.\" \/>\n<meta name=\"robots\" content=\"index, follow, max-snippet:-1, max-image-preview:large, max-video-preview:-1\" \/>\n<link rel=\"canonical\" href=\"https:\/\/sulin.ee\/en\/toode\/pudipoll-jollein-2-tk\/\" \/>\n<meta property=\"og:locale\" content=\"en_US\" \/>\n<meta property=\"og:type\" content=\"article\" \/>\n<meta property=\"og:title\" content=\"Pudip\u00f5ll Jollein (2 tk) - sulin.ee\" \/>\n<meta property=\"og:description\" content=\"Pudip\u00f5ll on asendamatu abivahend, mis aitab hoida lapse riided kuiva ja puhtana. P\u00f5ll imab endasse liigse vedeliku ning hoiab lapse riided kuivana.\" \/>\n<meta property=\"og:url\" content=\"https:\/\/sulin.ee\/en\/toode\/pudipoll-jollein-2-tk\/\" \/>\n<meta property=\"og:site_name\" content=\"sulin.ee\" \/>\n<meta property=\"article:publisher\" content=\"https:\/\/www.facebook.com\/www.sulin.ee\/\" \/>\n<meta property=\"article:modified_time\" content=\"2025-09-07T21:46:50+00:00\" \/>\n<meta property=\"og:image\" content=\"https:\/\/sulin.ee\/wp-content\/uploads\/2023\/11\/267033dda956f53d001c25a357934cfd3b0e6eec_Jollein23_24_8717329376731_8717329376762_8717329376748_8717329376755_2.jpg\" \/>\n\t<meta property=\"og:image:width\" content=\"562\" \/>\n\t<meta property=\"og:image:height\" content=\"375\" \/>\n\t<meta property=\"og:image:type\" content=\"image\/jpeg\" \/>\n<meta name=\"twitter:card\" content=\"summary_large_image\" \/>\n<meta name=\"twitter:label1\" content=\"Est. reading time\" \/>\n\t<meta name=\"twitter:data1\" content=\"1 minute\" \/>\n<script type=\"application\/ld+json\" class=\"yoast-schema-graph\">{\"@context\":\"https:\/\/schema.org\",\"@graph\":[{\"@type\":\"WebPage\",\"@id\":\"https:\/\/sulin.ee\/en\/toode\/pudipoll-jollein-2-tk\/\",\"url\":\"https:\/\/sulin.ee\/en\/toode\/pudipoll-jollein-2-tk\/\",\"name\":\"Pudip\u00f5ll Jollein (2 tk) - sulin.ee\",\"isPartOf\":{\"@id\":\"https:\/\/sulin.ee\/en\/#website\"},\"primaryImageOfPage\":{\"@id\":\"https:\/\/sulin.ee\/en\/toode\/pudipoll-jollein-2-tk\/#primaryimage\"},\"image\":{\"@id\":\"https:\/\/sulin.ee\/en\/toode\/pudipoll-jollein-2-tk\/#primaryimage\"},\"thumbnailUrl\":\"https:\/\/sulin.ee\/wp-content\/uploads\/2023\/11\/267033dda956f53d001c25a357934cfd3b0e6eec_Jollein23_24_8717329376731_8717329376762_8717329376748_8717329376755_2.jpg\",\"datePublished\":\"2023-11-09T12:05:02+00:00\",\"dateModified\":\"2025-09-07T21:46:50+00:00\",\"description\":\"Pudip\u00f5ll on asendamatu abivahend, mis aitab hoida lapse riided kuiva ja puhtana. P\u00f5ll imab endasse liigse vedeliku ning hoiab lapse riided kuivana.\",\"breadcrumb\":{\"@id\":\"https:\/\/sulin.ee\/en\/toode\/pudipoll-jollein-2-tk\/#breadcrumb\"},\"inLanguage\":\"en-US\",\"potentialAction\":[{\"@type\":\"ReadAction\",\"target\":[\"https:\/\/sulin.ee\/en\/toode\/pudipoll-jollein-2-tk\/\"]}]},{\"@type\":\"ImageObject\",\"inLanguage\":\"en-US\",\"@id\":\"https:\/\/sulin.ee\/en\/toode\/pudipoll-jollein-2-tk\/#primaryimage\",\"url\":\"https:\/\/sulin.ee\/wp-content\/uploads\/2023\/11\/267033dda956f53d001c25a357934cfd3b0e6eec_Jollein23_24_8717329376731_8717329376762_8717329376748_8717329376755_2.jpg\",\"contentUrl\":\"https:\/\/sulin.ee\/wp-content\/uploads\/2023\/11\/267033dda956f53d001c25a357934cfd3b0e6eec_Jollein23_24_8717329376731_8717329376762_8717329376748_8717329376755_2.jpg\",\"width\":562,\"height\":375,\"caption\":\"Pudip\u00f5ll\"},{\"@type\":\"BreadcrumbList\",\"@id\":\"https:\/\/sulin.ee\/en\/toode\/pudipoll-jollein-2-tk\/#breadcrumb\",\"itemListElement\":[{\"@type\":\"ListItem\",\"position\":1,\"name\":\"Home\",\"item\":\"https:\/\/sulin.ee\/en\/\"},{\"@type\":\"ListItem\",\"position\":2,\"name\":\"Sulin.ee e-pood\",\"item\":\"https:\/\/sulin.ee\/shop\/\"},{\"@type\":\"ListItem\",\"position\":3,\"name\":\"Pudip\u00f5ll Jollein (2 tk)\"}]},{\"@type\":\"WebSite\",\"@id\":\"https:\/\/sulin.ee\/en\/#website\",\"url\":\"https:\/\/sulin.ee\/en\/\",\"name\":\"sulin.ee\",\"description\":\"\",\"publisher\":{\"@id\":\"https:\/\/sulin.ee\/en\/#organization\"},\"potentialAction\":[{\"@type\":\"SearchAction\",\"target\":{\"@type\":\"EntryPoint\",\"urlTemplate\":\"https:\/\/sulin.ee\/en\/?s={search_term_string}\"},\"query-input\":{\"@type\":\"PropertyValueSpecification\",\"valueRequired\":true,\"valueName\":\"search_term_string\"}}],\"inLanguage\":\"en-US\"},{\"@type\":\"Organization\",\"@id\":\"https:\/\/sulin.ee\/en\/#organization\",\"name\":\"SULIN TRADE O\u00dc\",\"url\":\"https:\/\/sulin.ee\/en\/\",\"logo\":{\"@type\":\"ImageObject\",\"inLanguage\":\"en-US\",\"@id\":\"https:\/\/sulin.ee\/en\/#\/schema\/logo\/image\/\",\"url\":\"https:\/\/sulin.ee\/wp-content\/uploads\/2022\/11\/sulin-logo.png\",\"contentUrl\":\"https:\/\/sulin.ee\/wp-content\/uploads\/2022\/11\/sulin-logo.png\",\"width\":871,\"height\":321,\"caption\":\"SULIN TRADE O\u00dc\"},\"image\":{\"@id\":\"https:\/\/sulin.ee\/en\/#\/schema\/logo\/image\/\"},\"sameAs\":[\"https:\/\/www.facebook.com\/www.sulin.ee\/\",\"https:\/\/www.instagram.com\/sulintrade\/\"]}]}<\/script>\n<!-- \/ Yoast SEO plugin. -->","yoast_head_json":{"title":"Pudip\u00f5ll Jollein (2 tk) - sulin.ee","description":"Pudip\u00f5ll on asendamatu abivahend, mis aitab hoida lapse riided kuiva ja puhtana. P\u00f5ll imab endasse liigse vedeliku ning hoiab lapse riided kuivana.","robots":{"index":"index","follow":"follow","max-snippet":"max-snippet:-1","max-image-preview":"max-image-preview:large","max-video-preview":"max-video-preview:-1"},"canonical":"https:\/\/sulin.ee\/en\/toode\/pudipoll-jollein-2-tk\/","og_locale":"en_US","og_type":"article","og_title":"Pudip\u00f5ll Jollein (2 tk) - sulin.ee","og_description":"Pudip\u00f5ll on asendamatu abivahend, mis aitab hoida lapse riided kuiva ja puhtana. P\u00f5ll imab endasse liigse vedeliku ning hoiab lapse riided kuivana.","og_url":"https:\/\/sulin.ee\/en\/toode\/pudipoll-jollein-2-tk\/","og_site_name":"sulin.ee","article_publisher":"https:\/\/www.facebook.com\/www.sulin.ee\/","article_modified_time":"2025-09-07T21:46:50+00:00","og_image":[{"width":562,"height":375,"url":"https:\/\/sulin.ee\/wp-content\/uploads\/2023\/11\/267033dda956f53d001c25a357934cfd3b0e6eec_Jollein23_24_8717329376731_8717329376762_8717329376748_8717329376755_2.jpg","type":"image\/jpeg"}],"twitter_card":"summary_large_image","twitter_misc":{"Est. reading time":"1 minute"},"schema":{"@context":"https:\/\/schema.org","@graph":[{"@type":"WebPage","@id":"https:\/\/sulin.ee\/en\/toode\/pudipoll-jollein-2-tk\/","url":"https:\/\/sulin.ee\/en\/toode\/pudipoll-jollein-2-tk\/","name":"Pudip\u00f5ll Jollein (2 tk) - sulin.ee","isPartOf":{"@id":"https:\/\/sulin.ee\/en\/#website"},"primaryImageOfPage":{"@id":"https:\/\/sulin.ee\/en\/toode\/pudipoll-jollein-2-tk\/#primaryimage"},"image":{"@id":"https:\/\/sulin.ee\/en\/toode\/pudipoll-jollein-2-tk\/#primaryimage"},"thumbnailUrl":"https:\/\/sulin.ee\/wp-content\/uploads\/2023\/11\/267033dda956f53d001c25a357934cfd3b0e6eec_Jollein23_24_8717329376731_8717329376762_8717329376748_8717329376755_2.jpg","datePublished":"2023-11-09T12:05:02+00:00","dateModified":"2025-09-07T21:46:50+00:00","description":"Pudip\u00f5ll on asendamatu abivahend, mis aitab hoida lapse riided kuiva ja puhtana. P\u00f5ll imab endasse liigse vedeliku ning hoiab lapse riided kuivana.","breadcrumb":{"@id":"https:\/\/sulin.ee\/en\/toode\/pudipoll-jollein-2-tk\/#breadcrumb"},"inLanguage":"en-US","potentialAction":[{"@type":"ReadAction","target":["https:\/\/sulin.ee\/en\/toode\/pudipoll-jollein-2-tk\/"]}]},{"@type":"ImageObject","inLanguage":"en-US","@id":"https:\/\/sulin.ee\/en\/toode\/pudipoll-jollein-2-tk\/#primaryimage","url":"https:\/\/sulin.ee\/wp-content\/uploads\/2023\/11\/267033dda956f53d001c25a357934cfd3b0e6eec_Jollein23_24_8717329376731_8717329376762_8717329376748_8717329376755_2.jpg","contentUrl":"https:\/\/sulin.ee\/wp-content\/uploads\/2023\/11\/267033dda956f53d001c25a357934cfd3b0e6eec_Jollein23_24_8717329376731_8717329376762_8717329376748_8717329376755_2.jpg","width":562,"height":375,"caption":"Pudip\u00f5ll"},{"@type":"BreadcrumbList","@id":"https:\/\/sulin.ee\/en\/toode\/pudipoll-jollein-2-tk\/#breadcrumb","itemListElement":[{"@type":"ListItem","position":1,"name":"Home","item":"https:\/\/sulin.ee\/en\/"},{"@type":"ListItem","position":2,"name":"Sulin.ee e-pood","item":"https:\/\/sulin.ee\/shop\/"},{"@type":"ListItem","position":3,"name":"Pudip\u00f5ll Jollein (2 tk)"}]},{"@type":"WebSite","@id":"https:\/\/sulin.ee\/en\/#website","url":"https:\/\/sulin.ee\/en\/","name":"sulin.ee","description":"","publisher":{"@id":"https:\/\/sulin.ee\/en\/#organization"},"potentialAction":[{"@type":"SearchAction","target":{"@type":"EntryPoint","urlTemplate":"https:\/\/sulin.ee\/en\/?s={search_term_string}"},"query-input":{"@type":"PropertyValueSpecification","valueRequired":true,"valueName":"search_term_string"}}],"inLanguage":"en-US"},{"@type":"Organization","@id":"https:\/\/sulin.ee\/en\/#organization","name":"SULIN TRADE O\u00dc","url":"https:\/\/sulin.ee\/en\/","logo":{"@type":"ImageObject","inLanguage":"en-US","@id":"https:\/\/sulin.ee\/en\/#\/schema\/logo\/image\/","url":"https:\/\/sulin.ee\/wp-content\/uploads\/2022\/11\/sulin-logo.png","contentUrl":"https:\/\/sulin.ee\/wp-content\/uploads\/2022\/11\/sulin-logo.png","width":871,"height":321,"caption":"SULIN TRADE O\u00dc"},"image":{"@id":"https:\/\/sulin.ee\/en\/#\/schema\/logo\/image\/"},"sameAs":["https:\/\/www.facebook.com\/www.sulin.ee\/","https:\/\/www.instagram.com\/sulintrade\/"]}]}},"builder_content":"","_links":{"self":[{"href":"https:\/\/sulin.ee\/en\/wp-json\/wp\/v2\/product\/14584","targetHints":{"allow":["GET"]}}],"collection":[{"href":"https:\/\/sulin.ee\/en\/wp-json\/wp\/v2\/product"}],"about":[{"href":"https:\/\/sulin.ee\/en\/wp-json\/wp\/v2\/types\/product"}],"replies":[{"embeddable":true,"href":"https:\/\/sulin.ee\/en\/wp-json\/wp\/v2\/comments?post=14584"}],"wp:featuredmedia":[{"embeddable":true,"href":"https:\/\/sulin.ee\/en\/wp-json\/wp\/v2\/media\/14593"}],"wp:attachment":[{"href":"https:\/\/sulin.ee\/en\/wp-json\/wp\/v2\/media?parent=14584"}],"wp:term":[{"taxonomy":"product_brand","embeddable":true,"href":"https:\/\/sulin.ee\/en\/wp-json\/wp\/v2\/product_brand?post=14584"},{"taxonomy":"product_cat","embeddable":true,"href":"https:\/\/sulin.ee\/en\/wp-json\/wp\/v2\/product_cat?post=14584"},{"taxonomy":"product_tag","embeddable":true,"href":"https:\/\/sulin.ee\/en\/wp-json\/wp\/v2\/product_tag?post=14584"}],"curies":[{"name":"wp","href":"https:\/\/api.w.org\/{rel}","templated":true}]}}