{"id":14559,"date":"2023-11-08T21:50:41","date_gmt":"2023-11-08T21:50:41","guid":{"rendered":"https:\/\/sulin.ee\/?post_type=product&#038;p=14559"},"modified":"2025-09-07T21:46:50","modified_gmt":"2025-09-07T21:46:50","slug":"jollein-vannipontso-miffy-jacquard","status":"publish","type":"product","link":"https:\/\/sulin.ee\/en\/toode\/jollein-vannipontso-miffy-jacquard\/","title":{"rendered":"Jollein vannipont\u0161o Miffy Jacquard"},"content":{"rendered":"<p><strong>Jollein vannipont\u0161o on kindlasti iga lapse lemmik. Pehmest froteest valmistatud pont\u0161o on m\u00f5nusalt pehme, imab kiiresti vedelikku ning seda on lihtne selga t\u00f5mmata. <\/strong>V\u00f5tke see kaasa basseini \u00e4\u00e4rde, randa v\u00f5i kasutage seda kodus peale m\u00f5nusat suplust vannis. Armas k\u00f5rvadega kapuuts tagab, et lapse juuksed kuivaksid kiiresti ja laps ei k\u00fclmetaks.<\/p>\n<p><strong><a href=\"https:\/\/jollein.com\/\" target=\"_blank\" rel=\"noopener\">Jollein<\/a> vannipont\u0161o sobib lapsele vanuses 1-4 aastat.<\/strong><\/p>\n","protected":false},"excerpt":{"rendered":"<p><strong>Pehmest froteest valmistatud pont\u0161o on m\u00f5nusalt pehme, imab kiiresti vedelikku ning seda on lihtne selga t\u00f5mmata.<\/strong><\/p>\n<p><strong>Sobib lapsele vanuses 1-4 aastat.<\/strong><\/p>\n","protected":false},"featured_media":14565,"comment_status":"open","ping_status":"closed","template":"","meta":[],"product_brand":[],"product_cat":[180,776],"product_tag":[],"class_list":{"0":"post-14559","1":"product","2":"type-product","3":"status-publish","4":"has-post-thumbnail","6":"product_cat-vanniratikud","7":"product_cat-jollein-2","8":"has-post-title","9":"has-post-date","10":"has-post-category","11":"has-post-tag","12":"has-post-comment","13":"has-post-author","14":"","16":"first","17":"instock","18":"sale","19":"taxable","20":"shipping-taxable","21":"purchasable","22":"product-type-variable"},"yoast_head":"<!-- This site is optimized with the Yoast SEO plugin v26.8 - https:\/\/yoast.com\/product\/yoast-seo-wordpress\/ -->\n<title>Jollein vannipont\u0161o Miffy Jacquard - sulin.ee<\/title>\n<meta name=\"robots\" content=\"index, follow, max-snippet:-1, max-image-preview:large, max-video-preview:-1\" \/>\n<link rel=\"canonical\" href=\"https:\/\/sulin.ee\/en\/toode\/jollein-vannipontso-miffy-jacquard\/\" \/>\n<meta property=\"og:locale\" content=\"en_US\" \/>\n<meta property=\"og:type\" content=\"article\" \/>\n<meta property=\"og:title\" content=\"Jollein vannipont\u0161o Miffy Jacquard - sulin.ee\" \/>\n<meta property=\"og:description\" content=\"Pehmest froteest valmistatud pont\u0161o on m\u00f5nusalt pehme, imab kiiresti vedelikku ning seda on lihtne selga t\u00f5mmata.  Sobib lapsele vanuses 1-4 aastat.\" \/>\n<meta property=\"og:url\" content=\"https:\/\/sulin.ee\/en\/toode\/jollein-vannipontso-miffy-jacquard\/\" \/>\n<meta property=\"og:site_name\" content=\"sulin.ee\" \/>\n<meta property=\"article:publisher\" content=\"https:\/\/www.facebook.com\/www.sulin.ee\/\" \/>\n<meta property=\"article:modified_time\" content=\"2025-09-07T21:46:50+00:00\" \/>\n<meta property=\"og:image\" content=\"https:\/\/sulin.ee\/wp-content\/uploads\/2023\/11\/533-550-67087_8717329378773_hero-scaled.jpg\" \/>\n\t<meta property=\"og:image:width\" content=\"2560\" \/>\n\t<meta property=\"og:image:height\" content=\"1772\" \/>\n\t<meta property=\"og:image:type\" content=\"image\/jpeg\" \/>\n<meta name=\"twitter:card\" content=\"summary_large_image\" \/>\n<meta name=\"twitter:label1\" content=\"Est. reading time\" \/>\n\t<meta name=\"twitter:data1\" content=\"1 minute\" \/>\n<script type=\"application\/ld+json\" class=\"yoast-schema-graph\">{\"@context\":\"https:\/\/schema.org\",\"@graph\":[{\"@type\":\"WebPage\",\"@id\":\"https:\/\/sulin.ee\/en\/toode\/jollein-vannipontso-miffy-jacquard\/\",\"url\":\"https:\/\/sulin.ee\/en\/toode\/jollein-vannipontso-miffy-jacquard\/\",\"name\":\"Jollein vannipont\u0161o Miffy Jacquard - sulin.ee\",\"isPartOf\":{\"@id\":\"https:\/\/sulin.ee\/en\/#website\"},\"primaryImageOfPage\":{\"@id\":\"https:\/\/sulin.ee\/en\/toode\/jollein-vannipontso-miffy-jacquard\/#primaryimage\"},\"image\":{\"@id\":\"https:\/\/sulin.ee\/en\/toode\/jollein-vannipontso-miffy-jacquard\/#primaryimage\"},\"thumbnailUrl\":\"https:\/\/sulin.ee\/wp-content\/uploads\/2023\/11\/533-550-67087_8717329378773_hero-scaled.jpg\",\"datePublished\":\"2023-11-08T21:50:41+00:00\",\"dateModified\":\"2025-09-07T21:46:50+00:00\",\"breadcrumb\":{\"@id\":\"https:\/\/sulin.ee\/en\/toode\/jollein-vannipontso-miffy-jacquard\/#breadcrumb\"},\"inLanguage\":\"en-US\",\"potentialAction\":[{\"@type\":\"ReadAction\",\"target\":[\"https:\/\/sulin.ee\/en\/toode\/jollein-vannipontso-miffy-jacquard\/\"]}]},{\"@type\":\"ImageObject\",\"inLanguage\":\"en-US\",\"@id\":\"https:\/\/sulin.ee\/en\/toode\/jollein-vannipontso-miffy-jacquard\/#primaryimage\",\"url\":\"https:\/\/sulin.ee\/wp-content\/uploads\/2023\/11\/533-550-67087_8717329378773_hero-scaled.jpg\",\"contentUrl\":\"https:\/\/sulin.ee\/wp-content\/uploads\/2023\/11\/533-550-67087_8717329378773_hero-scaled.jpg\",\"width\":2560,\"height\":1772},{\"@type\":\"BreadcrumbList\",\"@id\":\"https:\/\/sulin.ee\/en\/toode\/jollein-vannipontso-miffy-jacquard\/#breadcrumb\",\"itemListElement\":[{\"@type\":\"ListItem\",\"position\":1,\"name\":\"Home\",\"item\":\"https:\/\/sulin.ee\/en\/\"},{\"@type\":\"ListItem\",\"position\":2,\"name\":\"Sulin.ee e-pood\",\"item\":\"https:\/\/sulin.ee\/shop\/\"},{\"@type\":\"ListItem\",\"position\":3,\"name\":\"Jollein vannipont\u0161o Miffy Jacquard\"}]},{\"@type\":\"WebSite\",\"@id\":\"https:\/\/sulin.ee\/en\/#website\",\"url\":\"https:\/\/sulin.ee\/en\/\",\"name\":\"sulin.ee\",\"description\":\"\",\"publisher\":{\"@id\":\"https:\/\/sulin.ee\/en\/#organization\"},\"potentialAction\":[{\"@type\":\"SearchAction\",\"target\":{\"@type\":\"EntryPoint\",\"urlTemplate\":\"https:\/\/sulin.ee\/en\/?s={search_term_string}\"},\"query-input\":{\"@type\":\"PropertyValueSpecification\",\"valueRequired\":true,\"valueName\":\"search_term_string\"}}],\"inLanguage\":\"en-US\"},{\"@type\":\"Organization\",\"@id\":\"https:\/\/sulin.ee\/en\/#organization\",\"name\":\"SULIN TRADE O\u00dc\",\"url\":\"https:\/\/sulin.ee\/en\/\",\"logo\":{\"@type\":\"ImageObject\",\"inLanguage\":\"en-US\",\"@id\":\"https:\/\/sulin.ee\/en\/#\/schema\/logo\/image\/\",\"url\":\"https:\/\/sulin.ee\/wp-content\/uploads\/2022\/11\/sulin-logo.png\",\"contentUrl\":\"https:\/\/sulin.ee\/wp-content\/uploads\/2022\/11\/sulin-logo.png\",\"width\":871,\"height\":321,\"caption\":\"SULIN TRADE O\u00dc\"},\"image\":{\"@id\":\"https:\/\/sulin.ee\/en\/#\/schema\/logo\/image\/\"},\"sameAs\":[\"https:\/\/www.facebook.com\/www.sulin.ee\/\",\"https:\/\/www.instagram.com\/sulintrade\/\"]}]}<\/script>\n<!-- \/ Yoast SEO plugin. -->","yoast_head_json":{"title":"Jollein vannipont\u0161o Miffy Jacquard - sulin.ee","robots":{"index":"index","follow":"follow","max-snippet":"max-snippet:-1","max-image-preview":"max-image-preview:large","max-video-preview":"max-video-preview:-1"},"canonical":"https:\/\/sulin.ee\/en\/toode\/jollein-vannipontso-miffy-jacquard\/","og_locale":"en_US","og_type":"article","og_title":"Jollein vannipont\u0161o Miffy Jacquard - sulin.ee","og_description":"Pehmest froteest valmistatud pont\u0161o on m\u00f5nusalt pehme, imab kiiresti vedelikku ning seda on lihtne selga t\u00f5mmata.  Sobib lapsele vanuses 1-4 aastat.","og_url":"https:\/\/sulin.ee\/en\/toode\/jollein-vannipontso-miffy-jacquard\/","og_site_name":"sulin.ee","article_publisher":"https:\/\/www.facebook.com\/www.sulin.ee\/","article_modified_time":"2025-09-07T21:46:50+00:00","og_image":[{"width":2560,"height":1772,"url":"https:\/\/sulin.ee\/wp-content\/uploads\/2023\/11\/533-550-67087_8717329378773_hero-scaled.jpg","type":"image\/jpeg"}],"twitter_card":"summary_large_image","twitter_misc":{"Est. reading time":"1 minute"},"schema":{"@context":"https:\/\/schema.org","@graph":[{"@type":"WebPage","@id":"https:\/\/sulin.ee\/en\/toode\/jollein-vannipontso-miffy-jacquard\/","url":"https:\/\/sulin.ee\/en\/toode\/jollein-vannipontso-miffy-jacquard\/","name":"Jollein vannipont\u0161o Miffy Jacquard - sulin.ee","isPartOf":{"@id":"https:\/\/sulin.ee\/en\/#website"},"primaryImageOfPage":{"@id":"https:\/\/sulin.ee\/en\/toode\/jollein-vannipontso-miffy-jacquard\/#primaryimage"},"image":{"@id":"https:\/\/sulin.ee\/en\/toode\/jollein-vannipontso-miffy-jacquard\/#primaryimage"},"thumbnailUrl":"https:\/\/sulin.ee\/wp-content\/uploads\/2023\/11\/533-550-67087_8717329378773_hero-scaled.jpg","datePublished":"2023-11-08T21:50:41+00:00","dateModified":"2025-09-07T21:46:50+00:00","breadcrumb":{"@id":"https:\/\/sulin.ee\/en\/toode\/jollein-vannipontso-miffy-jacquard\/#breadcrumb"},"inLanguage":"en-US","potentialAction":[{"@type":"ReadAction","target":["https:\/\/sulin.ee\/en\/toode\/jollein-vannipontso-miffy-jacquard\/"]}]},{"@type":"ImageObject","inLanguage":"en-US","@id":"https:\/\/sulin.ee\/en\/toode\/jollein-vannipontso-miffy-jacquard\/#primaryimage","url":"https:\/\/sulin.ee\/wp-content\/uploads\/2023\/11\/533-550-67087_8717329378773_hero-scaled.jpg","contentUrl":"https:\/\/sulin.ee\/wp-content\/uploads\/2023\/11\/533-550-67087_8717329378773_hero-scaled.jpg","width":2560,"height":1772},{"@type":"BreadcrumbList","@id":"https:\/\/sulin.ee\/en\/toode\/jollein-vannipontso-miffy-jacquard\/#breadcrumb","itemListElement":[{"@type":"ListItem","position":1,"name":"Home","item":"https:\/\/sulin.ee\/en\/"},{"@type":"ListItem","position":2,"name":"Sulin.ee e-pood","item":"https:\/\/sulin.ee\/shop\/"},{"@type":"ListItem","position":3,"name":"Jollein vannipont\u0161o Miffy Jacquard"}]},{"@type":"WebSite","@id":"https:\/\/sulin.ee\/en\/#website","url":"https:\/\/sulin.ee\/en\/","name":"sulin.ee","description":"","publisher":{"@id":"https:\/\/sulin.ee\/en\/#organization"},"potentialAction":[{"@type":"SearchAction","target":{"@type":"EntryPoint","urlTemplate":"https:\/\/sulin.ee\/en\/?s={search_term_string}"},"query-input":{"@type":"PropertyValueSpecification","valueRequired":true,"valueName":"search_term_string"}}],"inLanguage":"en-US"},{"@type":"Organization","@id":"https:\/\/sulin.ee\/en\/#organization","name":"SULIN TRADE O\u00dc","url":"https:\/\/sulin.ee\/en\/","logo":{"@type":"ImageObject","inLanguage":"en-US","@id":"https:\/\/sulin.ee\/en\/#\/schema\/logo\/image\/","url":"https:\/\/sulin.ee\/wp-content\/uploads\/2022\/11\/sulin-logo.png","contentUrl":"https:\/\/sulin.ee\/wp-content\/uploads\/2022\/11\/sulin-logo.png","width":871,"height":321,"caption":"SULIN TRADE O\u00dc"},"image":{"@id":"https:\/\/sulin.ee\/en\/#\/schema\/logo\/image\/"},"sameAs":["https:\/\/www.facebook.com\/www.sulin.ee\/","https:\/\/www.instagram.com\/sulintrade\/"]}]}},"builder_content":"","_links":{"self":[{"href":"https:\/\/sulin.ee\/en\/wp-json\/wp\/v2\/product\/14559","targetHints":{"allow":["GET"]}}],"collection":[{"href":"https:\/\/sulin.ee\/en\/wp-json\/wp\/v2\/product"}],"about":[{"href":"https:\/\/sulin.ee\/en\/wp-json\/wp\/v2\/types\/product"}],"replies":[{"embeddable":true,"href":"https:\/\/sulin.ee\/en\/wp-json\/wp\/v2\/comments?post=14559"}],"wp:featuredmedia":[{"embeddable":true,"href":"https:\/\/sulin.ee\/en\/wp-json\/wp\/v2\/media\/14565"}],"wp:attachment":[{"href":"https:\/\/sulin.ee\/en\/wp-json\/wp\/v2\/media?parent=14559"}],"wp:term":[{"taxonomy":"product_brand","embeddable":true,"href":"https:\/\/sulin.ee\/en\/wp-json\/wp\/v2\/product_brand?post=14559"},{"taxonomy":"product_cat","embeddable":true,"href":"https:\/\/sulin.ee\/en\/wp-json\/wp\/v2\/product_cat?post=14559"},{"taxonomy":"product_tag","embeddable":true,"href":"https:\/\/sulin.ee\/en\/wp-json\/wp\/v2\/product_tag?post=14559"}],"curies":[{"name":"wp","href":"https:\/\/api.w.org\/{rel}","templated":true}]}}