{"id":14520,"date":"2023-11-08T21:33:46","date_gmt":"2023-11-08T21:33:46","guid":{"rendered":"https:\/\/sulin.ee\/?post_type=product&#038;p=14520"},"modified":"2025-09-07T21:46:50","modified_gmt":"2025-09-07T21:46:50","slug":"jollein-kapuutsiga-vanniratik-miffy-jacquard-75-x-75-cm","status":"publish","type":"product","link":"https:\/\/sulin.ee\/en\/toode\/jollein-kapuutsiga-vanniratik-miffy-jacquard-75-x-75-cm\/","title":{"rendered":"Jollein kapuutsiga vannir\u00e4tik Miffy Jacquard 75 x 75 cm"},"content":{"rendered":"<p><strong><a href=\"https:\/\/jollein.com\/\" target=\"_blank\" rel=\"noopener\">Jollein<\/a> kapuutsiga vannir\u00e4tik Miffy Jacquard on ideaalne p\u00e4rast beebi vannitamist. R\u00e4tik on valmistatud pehmest ja kvaliteetsest puuvillafroteest, mis on \u00f5rn beebi tundliku naha vastu ning imab kiiresti niiskust. P\u00e4rast m\u00f5nusat suplust on oluline pisike kiirelt kuiva r\u00e4tikusse m\u00e4hkida, et v\u00e4ltida k\u00fclmetamist. R\u00e4tiku kapuutsiga disain v\u00f5imaldab h\u00f5lpsasti katta lapse pea ja hoida seda soojas, ennetades liigset soojuskadu.<\/strong><\/p>\n<p><strong>R\u00e4tiku m\u00f5\u00f5dud:<\/strong> 75 x 75 cm, pakkudes piisavalt katvust, et beebi oleks t\u00e4ielikult m\u00e4hitud pehmesse ja soojendavasse r\u00e4tikusse.<\/p>\n<p><strong><a href=\"https:\/\/jollein.com\/\" target=\"_blank\" rel=\"noopener\">Jollein<\/a> kapuutsiga vannir\u00e4tik Miffy Jacquard on kvaliteetne ja praktiline:<\/strong><\/p>\n<ul>\n<li><strong>Pehme ja niiskust imav froteematerjal<\/strong>: \u00d5rn beebi naha vastu ning imab kiiresti vett, et tagada mugav kuivatamine.<\/li>\n<li><strong>Mugav kapuuts<\/strong>: Hoiab beebi pea soojas ja kaitseb k\u00fclma eest.<\/li>\n<li><strong>Suurus 75 x 75 cm<\/strong>: Ideaalne suurus vasts\u00fcndinutele ja v\u00e4ikelastele, pakkudes t\u00e4ielikku katvust.<\/li>\n<\/ul>\n<p><strong>T\u00e4ienda oma vannitarvikute kollektsiooni:<\/strong> Lisaks kapuutsiga vannir\u00e4tikutele leiad meie tootevalikust ka pehmed froteest <span style=\"color: #ff9900;\">vannipont\u0161od<\/span> ja <span style=\"color: #ff9900;\"><a style=\"color: #ff9900;\" href=\"https:\/\/sulin.ee\/tootekategooria\/lastele\/hoolitsus\/hommikumantlid\/\" target=\"_blank\" rel=\"noopener\">hommikumantlid<\/a><\/span>, mis lisavad veelgi mugavust ja soojust p\u00e4rast vanni.<\/p>\n<p><strong>Praktiline t\u00e4iendus m\u00e4hkimislauale:<\/strong> Muuda m\u00e4hkimisprotsess mugavaks ja hubaseks <span style=\"color: #ff9900;\"><a style=\"color: #ff9900;\" href=\"https:\/\/sulin.ee\/tootekategooria\/beebid\/mahkimislause-katted\/\" target=\"_blank\" rel=\"noopener\">Jollein m\u00e4hkimisaluse katteid<\/a><\/span>, mis on samuti valmistatud pehmest froteematerjalist. Need tagavad, et beebi saab alati m\u00e4hitud pehmele ja soojale pinnale.<\/p>\n","protected":false},"excerpt":{"rendered":"<p><strong>Pehmest puuvilla froteest kapuutsiga vannir\u00e4tik on beebi naha vastas \u00f5rn ning imab kiiresti niiskust.<\/strong><\/p>\n<p><strong>M\u00f5\u00f5dud:<\/strong> 75 x 75 cm<\/p>\n","protected":false},"featured_media":14553,"comment_status":"open","ping_status":"closed","template":"","meta":[],"product_brand":[],"product_cat":[1208,180,776],"product_tag":[],"class_list":{"0":"post-14520","1":"product","2":"type-product","3":"status-publish","4":"has-post-thumbnail","6":"product_cat-vanniaeg","7":"product_cat-vanniratikud","8":"product_cat-jollein-2","9":"has-post-title","10":"has-post-date","11":"has-post-category","12":"has-post-tag","13":"has-post-comment","14":"has-post-author","15":"","17":"first","18":"instock","19":"sale","20":"taxable","21":"shipping-taxable","22":"purchasable","23":"product-type-variable"},"yoast_head":"<!-- This site is optimized with the Yoast SEO plugin v26.8 - https:\/\/yoast.com\/product\/yoast-seo-wordpress\/ -->\n<title>Jollein kapuutsiga vannir\u00e4tik Miffy Jacquard 75 x 75 cm - sulin.ee<\/title>\n<meta name=\"description\" content=\"Jollein kapuutsiga vannir\u00e4tik Miffy Jacquard on valmistatud pehmest puuvilla froteest, mis on beebi naha vastas \u00f5rn ning imab kiiresti niiskust.\" \/>\n<meta name=\"robots\" content=\"index, follow, max-snippet:-1, max-image-preview:large, max-video-preview:-1\" \/>\n<link rel=\"canonical\" href=\"https:\/\/sulin.ee\/en\/toode\/jollein-kapuutsiga-vanniratik-miffy-jacquard-75-x-75-cm\/\" \/>\n<meta property=\"og:locale\" content=\"en_US\" \/>\n<meta property=\"og:type\" content=\"article\" \/>\n<meta property=\"og:title\" content=\"Jollein kapuutsiga vannir\u00e4tik Miffy Jacquard 75 x 75 cm - sulin.ee\" \/>\n<meta property=\"og:description\" content=\"Jollein kapuutsiga vannir\u00e4tik Miffy Jacquard on valmistatud pehmest puuvilla froteest, mis on beebi naha vastas \u00f5rn ning imab kiiresti niiskust.\" \/>\n<meta property=\"og:url\" content=\"https:\/\/sulin.ee\/en\/toode\/jollein-kapuutsiga-vanniratik-miffy-jacquard-75-x-75-cm\/\" \/>\n<meta property=\"og:site_name\" content=\"sulin.ee\" \/>\n<meta property=\"article:publisher\" content=\"https:\/\/www.facebook.com\/www.sulin.ee\/\" \/>\n<meta property=\"article:modified_time\" content=\"2025-09-07T21:46:50+00:00\" \/>\n<meta property=\"og:image\" content=\"https:\/\/sulin.ee\/wp-content\/uploads\/2023\/11\/Jollein-Nijntje_8717329378704_8717329380530_8717329378698_2.jpg\" \/>\n\t<meta property=\"og:image:width\" content=\"1500\" \/>\n\t<meta property=\"og:image:height\" content=\"1001\" \/>\n\t<meta property=\"og:image:type\" content=\"image\/jpeg\" \/>\n<meta name=\"twitter:card\" content=\"summary_large_image\" \/>\n<meta name=\"twitter:label1\" content=\"Est. reading time\" \/>\n\t<meta name=\"twitter:data1\" content=\"2 minutes\" \/>\n<script type=\"application\/ld+json\" class=\"yoast-schema-graph\">{\"@context\":\"https:\/\/schema.org\",\"@graph\":[{\"@type\":\"WebPage\",\"@id\":\"https:\/\/sulin.ee\/en\/toode\/jollein-kapuutsiga-vanniratik-miffy-jacquard-75-x-75-cm\/\",\"url\":\"https:\/\/sulin.ee\/en\/toode\/jollein-kapuutsiga-vanniratik-miffy-jacquard-75-x-75-cm\/\",\"name\":\"Jollein kapuutsiga vannir\u00e4tik Miffy Jacquard 75 x 75 cm - sulin.ee\",\"isPartOf\":{\"@id\":\"https:\/\/sulin.ee\/en\/#website\"},\"primaryImageOfPage\":{\"@id\":\"https:\/\/sulin.ee\/en\/toode\/jollein-kapuutsiga-vanniratik-miffy-jacquard-75-x-75-cm\/#primaryimage\"},\"image\":{\"@id\":\"https:\/\/sulin.ee\/en\/toode\/jollein-kapuutsiga-vanniratik-miffy-jacquard-75-x-75-cm\/#primaryimage\"},\"thumbnailUrl\":\"https:\/\/sulin.ee\/wp-content\/uploads\/2023\/11\/Jollein-Nijntje_8717329378704_8717329380530_8717329378698_2.jpg\",\"datePublished\":\"2023-11-08T21:33:46+00:00\",\"dateModified\":\"2025-09-07T21:46:50+00:00\",\"description\":\"Jollein kapuutsiga vannir\u00e4tik Miffy Jacquard on valmistatud pehmest puuvilla froteest, mis on beebi naha vastas \u00f5rn ning imab kiiresti niiskust.\",\"breadcrumb\":{\"@id\":\"https:\/\/sulin.ee\/en\/toode\/jollein-kapuutsiga-vanniratik-miffy-jacquard-75-x-75-cm\/#breadcrumb\"},\"inLanguage\":\"en-US\",\"potentialAction\":[{\"@type\":\"ReadAction\",\"target\":[\"https:\/\/sulin.ee\/en\/toode\/jollein-kapuutsiga-vanniratik-miffy-jacquard-75-x-75-cm\/\"]}]},{\"@type\":\"ImageObject\",\"inLanguage\":\"en-US\",\"@id\":\"https:\/\/sulin.ee\/en\/toode\/jollein-kapuutsiga-vanniratik-miffy-jacquard-75-x-75-cm\/#primaryimage\",\"url\":\"https:\/\/sulin.ee\/wp-content\/uploads\/2023\/11\/Jollein-Nijntje_8717329378704_8717329380530_8717329378698_2.jpg\",\"contentUrl\":\"https:\/\/sulin.ee\/wp-content\/uploads\/2023\/11\/Jollein-Nijntje_8717329378704_8717329380530_8717329378698_2.jpg\",\"width\":1500,\"height\":1001,\"caption\":\"Jollein kapuutsiga vannir\u00e4tik Miffy Jacquard\"},{\"@type\":\"BreadcrumbList\",\"@id\":\"https:\/\/sulin.ee\/en\/toode\/jollein-kapuutsiga-vanniratik-miffy-jacquard-75-x-75-cm\/#breadcrumb\",\"itemListElement\":[{\"@type\":\"ListItem\",\"position\":1,\"name\":\"Home\",\"item\":\"https:\/\/sulin.ee\/en\/\"},{\"@type\":\"ListItem\",\"position\":2,\"name\":\"Sulin.ee e-pood\",\"item\":\"https:\/\/sulin.ee\/shop\/\"},{\"@type\":\"ListItem\",\"position\":3,\"name\":\"Jollein kapuutsiga vannir\u00e4tik Miffy Jacquard 75 x 75 cm\"}]},{\"@type\":\"WebSite\",\"@id\":\"https:\/\/sulin.ee\/en\/#website\",\"url\":\"https:\/\/sulin.ee\/en\/\",\"name\":\"sulin.ee\",\"description\":\"\",\"publisher\":{\"@id\":\"https:\/\/sulin.ee\/en\/#organization\"},\"potentialAction\":[{\"@type\":\"SearchAction\",\"target\":{\"@type\":\"EntryPoint\",\"urlTemplate\":\"https:\/\/sulin.ee\/en\/?s={search_term_string}\"},\"query-input\":{\"@type\":\"PropertyValueSpecification\",\"valueRequired\":true,\"valueName\":\"search_term_string\"}}],\"inLanguage\":\"en-US\"},{\"@type\":\"Organization\",\"@id\":\"https:\/\/sulin.ee\/en\/#organization\",\"name\":\"SULIN TRADE O\u00dc\",\"url\":\"https:\/\/sulin.ee\/en\/\",\"logo\":{\"@type\":\"ImageObject\",\"inLanguage\":\"en-US\",\"@id\":\"https:\/\/sulin.ee\/en\/#\/schema\/logo\/image\/\",\"url\":\"https:\/\/sulin.ee\/wp-content\/uploads\/2022\/11\/sulin-logo.png\",\"contentUrl\":\"https:\/\/sulin.ee\/wp-content\/uploads\/2022\/11\/sulin-logo.png\",\"width\":871,\"height\":321,\"caption\":\"SULIN TRADE O\u00dc\"},\"image\":{\"@id\":\"https:\/\/sulin.ee\/en\/#\/schema\/logo\/image\/\"},\"sameAs\":[\"https:\/\/www.facebook.com\/www.sulin.ee\/\",\"https:\/\/www.instagram.com\/sulintrade\/\"]}]}<\/script>\n<!-- \/ Yoast SEO plugin. -->","yoast_head_json":{"title":"Jollein kapuutsiga vannir\u00e4tik Miffy Jacquard 75 x 75 cm - sulin.ee","description":"Jollein kapuutsiga vannir\u00e4tik Miffy Jacquard on valmistatud pehmest puuvilla froteest, mis on beebi naha vastas \u00f5rn ning imab kiiresti niiskust.","robots":{"index":"index","follow":"follow","max-snippet":"max-snippet:-1","max-image-preview":"max-image-preview:large","max-video-preview":"max-video-preview:-1"},"canonical":"https:\/\/sulin.ee\/en\/toode\/jollein-kapuutsiga-vanniratik-miffy-jacquard-75-x-75-cm\/","og_locale":"en_US","og_type":"article","og_title":"Jollein kapuutsiga vannir\u00e4tik Miffy Jacquard 75 x 75 cm - sulin.ee","og_description":"Jollein kapuutsiga vannir\u00e4tik Miffy Jacquard on valmistatud pehmest puuvilla froteest, mis on beebi naha vastas \u00f5rn ning imab kiiresti niiskust.","og_url":"https:\/\/sulin.ee\/en\/toode\/jollein-kapuutsiga-vanniratik-miffy-jacquard-75-x-75-cm\/","og_site_name":"sulin.ee","article_publisher":"https:\/\/www.facebook.com\/www.sulin.ee\/","article_modified_time":"2025-09-07T21:46:50+00:00","og_image":[{"width":1500,"height":1001,"url":"https:\/\/sulin.ee\/wp-content\/uploads\/2023\/11\/Jollein-Nijntje_8717329378704_8717329380530_8717329378698_2.jpg","type":"image\/jpeg"}],"twitter_card":"summary_large_image","twitter_misc":{"Est. reading time":"2 minutes"},"schema":{"@context":"https:\/\/schema.org","@graph":[{"@type":"WebPage","@id":"https:\/\/sulin.ee\/en\/toode\/jollein-kapuutsiga-vanniratik-miffy-jacquard-75-x-75-cm\/","url":"https:\/\/sulin.ee\/en\/toode\/jollein-kapuutsiga-vanniratik-miffy-jacquard-75-x-75-cm\/","name":"Jollein kapuutsiga vannir\u00e4tik Miffy Jacquard 75 x 75 cm - sulin.ee","isPartOf":{"@id":"https:\/\/sulin.ee\/en\/#website"},"primaryImageOfPage":{"@id":"https:\/\/sulin.ee\/en\/toode\/jollein-kapuutsiga-vanniratik-miffy-jacquard-75-x-75-cm\/#primaryimage"},"image":{"@id":"https:\/\/sulin.ee\/en\/toode\/jollein-kapuutsiga-vanniratik-miffy-jacquard-75-x-75-cm\/#primaryimage"},"thumbnailUrl":"https:\/\/sulin.ee\/wp-content\/uploads\/2023\/11\/Jollein-Nijntje_8717329378704_8717329380530_8717329378698_2.jpg","datePublished":"2023-11-08T21:33:46+00:00","dateModified":"2025-09-07T21:46:50+00:00","description":"Jollein kapuutsiga vannir\u00e4tik Miffy Jacquard on valmistatud pehmest puuvilla froteest, mis on beebi naha vastas \u00f5rn ning imab kiiresti niiskust.","breadcrumb":{"@id":"https:\/\/sulin.ee\/en\/toode\/jollein-kapuutsiga-vanniratik-miffy-jacquard-75-x-75-cm\/#breadcrumb"},"inLanguage":"en-US","potentialAction":[{"@type":"ReadAction","target":["https:\/\/sulin.ee\/en\/toode\/jollein-kapuutsiga-vanniratik-miffy-jacquard-75-x-75-cm\/"]}]},{"@type":"ImageObject","inLanguage":"en-US","@id":"https:\/\/sulin.ee\/en\/toode\/jollein-kapuutsiga-vanniratik-miffy-jacquard-75-x-75-cm\/#primaryimage","url":"https:\/\/sulin.ee\/wp-content\/uploads\/2023\/11\/Jollein-Nijntje_8717329378704_8717329380530_8717329378698_2.jpg","contentUrl":"https:\/\/sulin.ee\/wp-content\/uploads\/2023\/11\/Jollein-Nijntje_8717329378704_8717329380530_8717329378698_2.jpg","width":1500,"height":1001,"caption":"Jollein kapuutsiga vannir\u00e4tik Miffy Jacquard"},{"@type":"BreadcrumbList","@id":"https:\/\/sulin.ee\/en\/toode\/jollein-kapuutsiga-vanniratik-miffy-jacquard-75-x-75-cm\/#breadcrumb","itemListElement":[{"@type":"ListItem","position":1,"name":"Home","item":"https:\/\/sulin.ee\/en\/"},{"@type":"ListItem","position":2,"name":"Sulin.ee e-pood","item":"https:\/\/sulin.ee\/shop\/"},{"@type":"ListItem","position":3,"name":"Jollein kapuutsiga vannir\u00e4tik Miffy Jacquard 75 x 75 cm"}]},{"@type":"WebSite","@id":"https:\/\/sulin.ee\/en\/#website","url":"https:\/\/sulin.ee\/en\/","name":"sulin.ee","description":"","publisher":{"@id":"https:\/\/sulin.ee\/en\/#organization"},"potentialAction":[{"@type":"SearchAction","target":{"@type":"EntryPoint","urlTemplate":"https:\/\/sulin.ee\/en\/?s={search_term_string}"},"query-input":{"@type":"PropertyValueSpecification","valueRequired":true,"valueName":"search_term_string"}}],"inLanguage":"en-US"},{"@type":"Organization","@id":"https:\/\/sulin.ee\/en\/#organization","name":"SULIN TRADE O\u00dc","url":"https:\/\/sulin.ee\/en\/","logo":{"@type":"ImageObject","inLanguage":"en-US","@id":"https:\/\/sulin.ee\/en\/#\/schema\/logo\/image\/","url":"https:\/\/sulin.ee\/wp-content\/uploads\/2022\/11\/sulin-logo.png","contentUrl":"https:\/\/sulin.ee\/wp-content\/uploads\/2022\/11\/sulin-logo.png","width":871,"height":321,"caption":"SULIN TRADE O\u00dc"},"image":{"@id":"https:\/\/sulin.ee\/en\/#\/schema\/logo\/image\/"},"sameAs":["https:\/\/www.facebook.com\/www.sulin.ee\/","https:\/\/www.instagram.com\/sulintrade\/"]}]}},"builder_content":"","_links":{"self":[{"href":"https:\/\/sulin.ee\/en\/wp-json\/wp\/v2\/product\/14520","targetHints":{"allow":["GET"]}}],"collection":[{"href":"https:\/\/sulin.ee\/en\/wp-json\/wp\/v2\/product"}],"about":[{"href":"https:\/\/sulin.ee\/en\/wp-json\/wp\/v2\/types\/product"}],"replies":[{"embeddable":true,"href":"https:\/\/sulin.ee\/en\/wp-json\/wp\/v2\/comments?post=14520"}],"wp:featuredmedia":[{"embeddable":true,"href":"https:\/\/sulin.ee\/en\/wp-json\/wp\/v2\/media\/14553"}],"wp:attachment":[{"href":"https:\/\/sulin.ee\/en\/wp-json\/wp\/v2\/media?parent=14520"}],"wp:term":[{"taxonomy":"product_brand","embeddable":true,"href":"https:\/\/sulin.ee\/en\/wp-json\/wp\/v2\/product_brand?post=14520"},{"taxonomy":"product_cat","embeddable":true,"href":"https:\/\/sulin.ee\/en\/wp-json\/wp\/v2\/product_cat?post=14520"},{"taxonomy":"product_tag","embeddable":true,"href":"https:\/\/sulin.ee\/en\/wp-json\/wp\/v2\/product_tag?post=14520"}],"curies":[{"name":"wp","href":"https:\/\/api.w.org\/{rel}","templated":true}]}}