{"id":14508,"date":"2023-11-08T21:07:22","date_gmt":"2023-11-08T21:07:22","guid":{"rendered":"https:\/\/sulin.ee\/?post_type=product&#038;p=14508"},"modified":"2025-09-07T21:46:50","modified_gmt":"2025-09-07T21:46:50","slug":"laste-hommikumantel-jollein-1-2-aastastele-2","status":"publish","type":"product","link":"https:\/\/sulin.ee\/en\/toode\/laste-hommikumantel-jollein-1-2-aastastele-2\/","title":{"rendered":"Laste hommikumantel Jollein Miffy Jacquard (1-2 aastastele)"},"content":{"rendered":"<p><strong>Laste hommikumantel, mis on valmistatud 100% puuvilla froteest. Praktiline ese, mida on hea kasutada peale m\u00f5nusat suplust vannis, basseinis v\u00f5i du\u0161\u0161i alt tulles. Puuvilla frotee on m\u00f5nusalt pehme ja imab kiiresti vedelikku. Laps ei k\u00fclmeta ning tal on hea soe olla.<\/strong><\/p>\n<p>Hommikumantlil on armas k\u00f5rvadega kapuuts, mis hoiab m\u00e4rja pea soojas ja aitab juustel kuivada. Mantli n\u00f6\u00f6r, mis kipub tavaliselt kaduma on kinnitatud hommikumantli k\u00fclge, nii v\u00f5id kindel olla, et see ei kao \u00e4ra (vaata lisapilte).<\/p>\n<p>Laste hommikumantel kinnitub eest trukiga ning p\u00fcsib t\u00e4nu sellele mugavalt seljas.<\/p>\n<p>Saadaval kahes erinevas suuruses: <a href=\"https:\/\/sulin.ee\/toode\/laste-hommikumantel-jollein-1-2-aastastele-2\/\" target=\"_blank\" rel=\"noopener\"><span style=\"color: #0000ff;\">1-2 aastastele<\/span><\/a> ja <a href=\"https:\/\/sulin.ee\/toode\/laste-hommikumantel-jollein-miffy-jacquard-3-4-aastastele\/\" target=\"_blank\" rel=\"noopener\"><span style=\"color: #0000ff;\">3-4 aastastele <\/span><\/a>lastele.<\/p>\n","protected":false},"excerpt":{"rendered":"<p><strong>Praktiline ese, mida on hea kasutada peale m\u00f5nusat suplust vannis, basseinis v\u00f5i du\u0161\u0161i alt tulles. Puuvilla frotee on m\u00f5nusalt pehme ja imab kiiresti vedelikku. Laps ei k\u00fclmeta ning tal on hea soe olla.<\/strong><\/p>\n<p><strong>Valmistatud 100% puuvilla froteest.<\/strong><\/p>\n","protected":false},"featured_media":14514,"comment_status":"open","ping_status":"closed","template":"","meta":[],"product_brand":[],"product_cat":[808,776],"product_tag":[],"class_list":{"0":"post-14508","1":"product","2":"type-product","3":"status-publish","4":"has-post-thumbnail","6":"product_cat-hommikumantlid","7":"product_cat-jollein-2","8":"has-post-title","9":"has-post-date","10":"has-post-category","11":"has-post-tag","12":"has-post-comment","13":"has-post-author","14":"","16":"first","17":"instock","18":"sale","19":"taxable","20":"shipping-taxable","21":"purchasable","22":"product-type-variable"},"yoast_head":"<!-- This site is optimized with the Yoast SEO plugin v26.8 - https:\/\/yoast.com\/product\/yoast-seo-wordpress\/ -->\n<title>Laste hommikumantel Jollein Miffy Jacquard (1-2 aastastele) - sulin.ee<\/title>\n<meta name=\"robots\" content=\"index, follow, max-snippet:-1, max-image-preview:large, max-video-preview:-1\" \/>\n<link rel=\"canonical\" href=\"https:\/\/sulin.ee\/en\/toode\/laste-hommikumantel-jollein-1-2-aastastele-2\/\" \/>\n<meta property=\"og:locale\" content=\"en_US\" \/>\n<meta property=\"og:type\" content=\"article\" \/>\n<meta property=\"og:title\" content=\"Laste hommikumantel Jollein Miffy Jacquard (1-2 aastastele) - sulin.ee\" \/>\n<meta property=\"og:description\" content=\"Praktiline ese, mida on hea kasutada peale m\u00f5nusat suplust vannis, basseinis v\u00f5i du\u0161\u0161i alt tulles. Puuvilla frotee on m\u00f5nusalt pehme ja imab kiiresti vedelikku. Laps ei k\u00fclmeta ning tal on hea soe olla.  Valmistatud 100% puuvilla froteest.\" \/>\n<meta property=\"og:url\" content=\"https:\/\/sulin.ee\/en\/toode\/laste-hommikumantel-jollein-1-2-aastastele-2\/\" \/>\n<meta property=\"og:site_name\" content=\"sulin.ee\" \/>\n<meta property=\"article:publisher\" content=\"https:\/\/www.facebook.com\/www.sulin.ee\/\" \/>\n<meta property=\"article:modified_time\" content=\"2025-09-07T21:46:50+00:00\" \/>\n<meta property=\"og:image\" content=\"https:\/\/sulin.ee\/wp-content\/uploads\/2023\/11\/Jollein-Nijntje_8717329378711_8717329378742_2.jpg\" \/>\n\t<meta property=\"og:image:width\" content=\"1001\" \/>\n\t<meta property=\"og:image:height\" content=\"1500\" \/>\n\t<meta property=\"og:image:type\" content=\"image\/jpeg\" \/>\n<meta name=\"twitter:card\" content=\"summary_large_image\" \/>\n<meta name=\"twitter:label1\" content=\"Est. reading time\" \/>\n\t<meta name=\"twitter:data1\" content=\"1 minute\" \/>\n<script type=\"application\/ld+json\" class=\"yoast-schema-graph\">{\"@context\":\"https:\/\/schema.org\",\"@graph\":[{\"@type\":\"WebPage\",\"@id\":\"https:\/\/sulin.ee\/en\/toode\/laste-hommikumantel-jollein-1-2-aastastele-2\/\",\"url\":\"https:\/\/sulin.ee\/en\/toode\/laste-hommikumantel-jollein-1-2-aastastele-2\/\",\"name\":\"Laste hommikumantel Jollein Miffy Jacquard (1-2 aastastele) - sulin.ee\",\"isPartOf\":{\"@id\":\"https:\/\/sulin.ee\/en\/#website\"},\"primaryImageOfPage\":{\"@id\":\"https:\/\/sulin.ee\/en\/toode\/laste-hommikumantel-jollein-1-2-aastastele-2\/#primaryimage\"},\"image\":{\"@id\":\"https:\/\/sulin.ee\/en\/toode\/laste-hommikumantel-jollein-1-2-aastastele-2\/#primaryimage\"},\"thumbnailUrl\":\"https:\/\/sulin.ee\/wp-content\/uploads\/2023\/11\/Jollein-Nijntje_8717329378711_8717329378742_2.jpg\",\"datePublished\":\"2023-11-08T21:07:22+00:00\",\"dateModified\":\"2025-09-07T21:46:50+00:00\",\"breadcrumb\":{\"@id\":\"https:\/\/sulin.ee\/en\/toode\/laste-hommikumantel-jollein-1-2-aastastele-2\/#breadcrumb\"},\"inLanguage\":\"en-US\",\"potentialAction\":[{\"@type\":\"ReadAction\",\"target\":[\"https:\/\/sulin.ee\/en\/toode\/laste-hommikumantel-jollein-1-2-aastastele-2\/\"]}]},{\"@type\":\"ImageObject\",\"inLanguage\":\"en-US\",\"@id\":\"https:\/\/sulin.ee\/en\/toode\/laste-hommikumantel-jollein-1-2-aastastele-2\/#primaryimage\",\"url\":\"https:\/\/sulin.ee\/wp-content\/uploads\/2023\/11\/Jollein-Nijntje_8717329378711_8717329378742_2.jpg\",\"contentUrl\":\"https:\/\/sulin.ee\/wp-content\/uploads\/2023\/11\/Jollein-Nijntje_8717329378711_8717329378742_2.jpg\",\"width\":1001,\"height\":1500},{\"@type\":\"BreadcrumbList\",\"@id\":\"https:\/\/sulin.ee\/en\/toode\/laste-hommikumantel-jollein-1-2-aastastele-2\/#breadcrumb\",\"itemListElement\":[{\"@type\":\"ListItem\",\"position\":1,\"name\":\"Home\",\"item\":\"https:\/\/sulin.ee\/en\/\"},{\"@type\":\"ListItem\",\"position\":2,\"name\":\"Sulin.ee e-pood\",\"item\":\"https:\/\/sulin.ee\/shop\/\"},{\"@type\":\"ListItem\",\"position\":3,\"name\":\"Laste hommikumantel Jollein Miffy Jacquard (1-2 aastastele)\"}]},{\"@type\":\"WebSite\",\"@id\":\"https:\/\/sulin.ee\/en\/#website\",\"url\":\"https:\/\/sulin.ee\/en\/\",\"name\":\"sulin.ee\",\"description\":\"\",\"publisher\":{\"@id\":\"https:\/\/sulin.ee\/en\/#organization\"},\"potentialAction\":[{\"@type\":\"SearchAction\",\"target\":{\"@type\":\"EntryPoint\",\"urlTemplate\":\"https:\/\/sulin.ee\/en\/?s={search_term_string}\"},\"query-input\":{\"@type\":\"PropertyValueSpecification\",\"valueRequired\":true,\"valueName\":\"search_term_string\"}}],\"inLanguage\":\"en-US\"},{\"@type\":\"Organization\",\"@id\":\"https:\/\/sulin.ee\/en\/#organization\",\"name\":\"SULIN TRADE O\u00dc\",\"url\":\"https:\/\/sulin.ee\/en\/\",\"logo\":{\"@type\":\"ImageObject\",\"inLanguage\":\"en-US\",\"@id\":\"https:\/\/sulin.ee\/en\/#\/schema\/logo\/image\/\",\"url\":\"https:\/\/sulin.ee\/wp-content\/uploads\/2022\/11\/sulin-logo.png\",\"contentUrl\":\"https:\/\/sulin.ee\/wp-content\/uploads\/2022\/11\/sulin-logo.png\",\"width\":871,\"height\":321,\"caption\":\"SULIN TRADE O\u00dc\"},\"image\":{\"@id\":\"https:\/\/sulin.ee\/en\/#\/schema\/logo\/image\/\"},\"sameAs\":[\"https:\/\/www.facebook.com\/www.sulin.ee\/\",\"https:\/\/www.instagram.com\/sulintrade\/\"]}]}<\/script>\n<!-- \/ Yoast SEO plugin. -->","yoast_head_json":{"title":"Laste hommikumantel Jollein Miffy Jacquard (1-2 aastastele) - sulin.ee","robots":{"index":"index","follow":"follow","max-snippet":"max-snippet:-1","max-image-preview":"max-image-preview:large","max-video-preview":"max-video-preview:-1"},"canonical":"https:\/\/sulin.ee\/en\/toode\/laste-hommikumantel-jollein-1-2-aastastele-2\/","og_locale":"en_US","og_type":"article","og_title":"Laste hommikumantel Jollein Miffy Jacquard (1-2 aastastele) - sulin.ee","og_description":"Praktiline ese, mida on hea kasutada peale m\u00f5nusat suplust vannis, basseinis v\u00f5i du\u0161\u0161i alt tulles. Puuvilla frotee on m\u00f5nusalt pehme ja imab kiiresti vedelikku. Laps ei k\u00fclmeta ning tal on hea soe olla.  Valmistatud 100% puuvilla froteest.","og_url":"https:\/\/sulin.ee\/en\/toode\/laste-hommikumantel-jollein-1-2-aastastele-2\/","og_site_name":"sulin.ee","article_publisher":"https:\/\/www.facebook.com\/www.sulin.ee\/","article_modified_time":"2025-09-07T21:46:50+00:00","og_image":[{"width":1001,"height":1500,"url":"https:\/\/sulin.ee\/wp-content\/uploads\/2023\/11\/Jollein-Nijntje_8717329378711_8717329378742_2.jpg","type":"image\/jpeg"}],"twitter_card":"summary_large_image","twitter_misc":{"Est. reading time":"1 minute"},"schema":{"@context":"https:\/\/schema.org","@graph":[{"@type":"WebPage","@id":"https:\/\/sulin.ee\/en\/toode\/laste-hommikumantel-jollein-1-2-aastastele-2\/","url":"https:\/\/sulin.ee\/en\/toode\/laste-hommikumantel-jollein-1-2-aastastele-2\/","name":"Laste hommikumantel Jollein Miffy Jacquard (1-2 aastastele) - sulin.ee","isPartOf":{"@id":"https:\/\/sulin.ee\/en\/#website"},"primaryImageOfPage":{"@id":"https:\/\/sulin.ee\/en\/toode\/laste-hommikumantel-jollein-1-2-aastastele-2\/#primaryimage"},"image":{"@id":"https:\/\/sulin.ee\/en\/toode\/laste-hommikumantel-jollein-1-2-aastastele-2\/#primaryimage"},"thumbnailUrl":"https:\/\/sulin.ee\/wp-content\/uploads\/2023\/11\/Jollein-Nijntje_8717329378711_8717329378742_2.jpg","datePublished":"2023-11-08T21:07:22+00:00","dateModified":"2025-09-07T21:46:50+00:00","breadcrumb":{"@id":"https:\/\/sulin.ee\/en\/toode\/laste-hommikumantel-jollein-1-2-aastastele-2\/#breadcrumb"},"inLanguage":"en-US","potentialAction":[{"@type":"ReadAction","target":["https:\/\/sulin.ee\/en\/toode\/laste-hommikumantel-jollein-1-2-aastastele-2\/"]}]},{"@type":"ImageObject","inLanguage":"en-US","@id":"https:\/\/sulin.ee\/en\/toode\/laste-hommikumantel-jollein-1-2-aastastele-2\/#primaryimage","url":"https:\/\/sulin.ee\/wp-content\/uploads\/2023\/11\/Jollein-Nijntje_8717329378711_8717329378742_2.jpg","contentUrl":"https:\/\/sulin.ee\/wp-content\/uploads\/2023\/11\/Jollein-Nijntje_8717329378711_8717329378742_2.jpg","width":1001,"height":1500},{"@type":"BreadcrumbList","@id":"https:\/\/sulin.ee\/en\/toode\/laste-hommikumantel-jollein-1-2-aastastele-2\/#breadcrumb","itemListElement":[{"@type":"ListItem","position":1,"name":"Home","item":"https:\/\/sulin.ee\/en\/"},{"@type":"ListItem","position":2,"name":"Sulin.ee e-pood","item":"https:\/\/sulin.ee\/shop\/"},{"@type":"ListItem","position":3,"name":"Laste hommikumantel Jollein Miffy Jacquard (1-2 aastastele)"}]},{"@type":"WebSite","@id":"https:\/\/sulin.ee\/en\/#website","url":"https:\/\/sulin.ee\/en\/","name":"sulin.ee","description":"","publisher":{"@id":"https:\/\/sulin.ee\/en\/#organization"},"potentialAction":[{"@type":"SearchAction","target":{"@type":"EntryPoint","urlTemplate":"https:\/\/sulin.ee\/en\/?s={search_term_string}"},"query-input":{"@type":"PropertyValueSpecification","valueRequired":true,"valueName":"search_term_string"}}],"inLanguage":"en-US"},{"@type":"Organization","@id":"https:\/\/sulin.ee\/en\/#organization","name":"SULIN TRADE O\u00dc","url":"https:\/\/sulin.ee\/en\/","logo":{"@type":"ImageObject","inLanguage":"en-US","@id":"https:\/\/sulin.ee\/en\/#\/schema\/logo\/image\/","url":"https:\/\/sulin.ee\/wp-content\/uploads\/2022\/11\/sulin-logo.png","contentUrl":"https:\/\/sulin.ee\/wp-content\/uploads\/2022\/11\/sulin-logo.png","width":871,"height":321,"caption":"SULIN TRADE O\u00dc"},"image":{"@id":"https:\/\/sulin.ee\/en\/#\/schema\/logo\/image\/"},"sameAs":["https:\/\/www.facebook.com\/www.sulin.ee\/","https:\/\/www.instagram.com\/sulintrade\/"]}]}},"builder_content":"","_links":{"self":[{"href":"https:\/\/sulin.ee\/en\/wp-json\/wp\/v2\/product\/14508","targetHints":{"allow":["GET"]}}],"collection":[{"href":"https:\/\/sulin.ee\/en\/wp-json\/wp\/v2\/product"}],"about":[{"href":"https:\/\/sulin.ee\/en\/wp-json\/wp\/v2\/types\/product"}],"replies":[{"embeddable":true,"href":"https:\/\/sulin.ee\/en\/wp-json\/wp\/v2\/comments?post=14508"}],"wp:featuredmedia":[{"embeddable":true,"href":"https:\/\/sulin.ee\/en\/wp-json\/wp\/v2\/media\/14514"}],"wp:attachment":[{"href":"https:\/\/sulin.ee\/en\/wp-json\/wp\/v2\/media?parent=14508"}],"wp:term":[{"taxonomy":"product_brand","embeddable":true,"href":"https:\/\/sulin.ee\/en\/wp-json\/wp\/v2\/product_brand?post=14508"},{"taxonomy":"product_cat","embeddable":true,"href":"https:\/\/sulin.ee\/en\/wp-json\/wp\/v2\/product_cat?post=14508"},{"taxonomy":"product_tag","embeddable":true,"href":"https:\/\/sulin.ee\/en\/wp-json\/wp\/v2\/product_tag?post=14508"}],"curies":[{"name":"wp","href":"https:\/\/api.w.org\/{rel}","templated":true}]}}