{"id":14404,"date":"2023-11-08T13:04:30","date_gmt":"2023-11-08T13:04:30","guid":{"rendered":"https:\/\/sulin.ee\/?post_type=product&#038;p=14404"},"modified":"2025-09-07T21:46:50","modified_gmt":"2025-09-07T21:46:50","slug":"jollein-eemaldatavate-varrukatega-magamiskott-miffy-snuffy","status":"publish","type":"product","link":"https:\/\/sulin.ee\/en\/toode\/jollein-eemaldatavate-varrukatega-magamiskott-miffy-snuffy\/","title":{"rendered":"Jollein eemaldatavate varrukatega magamiskott Miffy Snuffy &#8211; Olive Green"},"content":{"rendered":"<p><strong>Jollein eemaldatavate varrukatega magamiskott on praktiline toode, milles lapsel on magades soe ja turvaline olla. Eemaldatavate varrukate abil saate magamiskoti soojust reguleerida. Jahedamate temperatuuride korral kasuta magamiskotti varrukatega ( TOG 3,0) ja temperatuuri soojenedes eemalda varrukad (TOG 2,0).<\/strong><\/p>\n<p>Magamiskotis magamine loob lapsele turvatunde( nagu ema k\u00f5hus olles) ning piirab lapse jalgade liikumist, t\u00e4nu millele ei ehmata laps ennast l\u00e4bi une \u00e4rkvele. Lisaks sellele ei pea te muretsema, et laps teki kogemata \u00fcle n\u00e4o t\u00f5mbab v\u00f5i jalgadega sahmides hoopis pealt \u00e4ra l\u00fckkab. T\u00e4nu magamiskotile saab ka vanem meelerahu ning ei pea pidevalt k\u00e4ima last kontrollimas.<\/p>\n<p>Magamiskott sobib kasutamiseks alates kolmandast elukuust. Enne seda m\u00e4ssi beebi <span style=\"color: #0000ff;\"><a style=\"color: #0000ff;\" href=\"https:\/\/sulin.ee\/tootekategooria\/beebid\/magamine-beebi\/musliintekid\/\" target=\"_blank\" rel=\"noopener\">musliinteki<\/a><\/span> sisse v\u00f5i kasuta beebidele m\u00f5eldud <span style=\"color: #0000ff;\"><a style=\"color: #0000ff;\" href=\"https:\/\/sulin.ee\/?post_type=product&amp;p=10277&amp;preview=true\" target=\"_blank\" rel=\"noopener\">magamiskotti.<\/a><\/span><\/p>\n<p>Magamiskoti lukk avaneb alt, t\u00e4nu millele ei pea last kotist v\u00e4lja v\u00f5tma ning m\u00e4hkmevahetus on lihtsam. Vaata toodet tutvustavat <span style=\"color: #0000ff;\"><a style=\"color: #0000ff;\" href=\"https:\/\/www.youtube.com\/watch?v=SDqZ12IYiGE\" target=\"_blank\" rel=\"noopener\">videot.<\/a><\/span><\/p>\n<p><strong>Materjal:<\/strong> Magamiskott on valmistatud 100% pehmest Jersey puuvillast ja vooder pol\u00fcestrist.<\/p>\n<p><strong>Jollein eemaldatavate varrukatega magamiskott on saadaval kolmes m\u00f5\u00f5dus<\/strong> (NB! tegemist on koti enda m\u00f5\u00f5duga, mitte lapse pikkusega)<strong>:<\/strong><\/p>\n<p><strong>70 cm<\/strong> &#8211; sobib 3 &#8211; 9 kuu vanusele lapsele.<\/p>\n<p><strong>90 cm<\/strong> &#8211; sobib 6 &#8211; 24 kuu vanusele lapsele.<\/p>\n<p><strong>110 cm<\/strong> &#8211; sobib 18+ kuu vanusele lapsele.<\/p>\n<p><strong>Mis on TOG v\u00e4\u00e4rtus?<\/strong><\/p>\n<p>TOG (Thermal Overall Grade) v\u00e4\u00e4rtus annab lihtsad juhtun\u00f6\u00f6rid, millist magamiskotti vastavalt hooajale ja temperatuurile valida. Mida suurem TOG v\u00e4\u00e4rtus seda soojem on toode.<\/p>\n","protected":false},"excerpt":{"rendered":"<p>Jollein eemaldatavate varrukatega magamiskott on praktiline toode, milles lapsel on magades soe ja turvaline olla. Eemaldatavate varrukate abil saate magamiskoti soojust reguleerida. Jahedamate temperatuuride korral kasuta magamiskotti varrukatega ( TOG 3,0) ja temperatuuri soojenedes eemalda varrukad (TOG 2,0). Magamiskotis magamine loob lapsele turvatunde( nagu ema k\u00f5hus olles) ning piirab lapse jalgade liikumist, t\u00e4nu millele ei [&hellip;]<\/p>\n","protected":false},"featured_media":14971,"comment_status":"open","ping_status":"closed","template":"","meta":[],"product_brand":[],"product_cat":[809,776],"product_tag":[],"class_list":{"0":"post-14404","1":"product","2":"type-product","3":"status-publish","4":"has-post-thumbnail","6":"product_cat-magamiskotid","7":"product_cat-jollein-2","8":"has-post-title","9":"has-post-date","10":"has-post-category","11":"has-post-tag","12":"has-post-comment","13":"has-post-author","14":"","16":"first","17":"outofstock","18":"taxable","19":"shipping-taxable","20":"product-type-variable"},"yoast_head":"<!-- This site is optimized with the Yoast SEO plugin v26.8 - https:\/\/yoast.com\/product\/yoast-seo-wordpress\/ -->\n<title>Jollein eemaldatavate varrukatega magamiskott Miffy Snuffy - Olive Green - sulin.ee<\/title>\n<meta name=\"robots\" content=\"index, follow, max-snippet:-1, max-image-preview:large, max-video-preview:-1\" \/>\n<link rel=\"canonical\" href=\"https:\/\/sulin.ee\/en\/toode\/jollein-eemaldatavate-varrukatega-magamiskott-miffy-snuffy\/\" \/>\n<meta property=\"og:locale\" content=\"en_US\" \/>\n<meta property=\"og:type\" content=\"article\" \/>\n<meta property=\"og:title\" content=\"Jollein eemaldatavate varrukatega magamiskott Miffy Snuffy - Olive Green - sulin.ee\" \/>\n<meta property=\"og:description\" content=\"Jollein eemaldatavate varrukatega magamiskott on praktiline toode, milles lapsel on magades soe ja turvaline olla. Eemaldatavate varrukate abil saate magamiskoti soojust reguleerida. Jahedamate temperatuuride korral kasuta magamiskotti varrukatega ( TOG 3,0) ja temperatuuri soojenedes eemalda varrukad (TOG 2,0). Magamiskotis magamine loob lapsele turvatunde( nagu ema k\u00f5hus olles) ning piirab lapse jalgade liikumist, t\u00e4nu millele ei [&hellip;]\" \/>\n<meta property=\"og:url\" content=\"https:\/\/sulin.ee\/en\/toode\/jollein-eemaldatavate-varrukatega-magamiskott-miffy-snuffy\/\" \/>\n<meta property=\"og:site_name\" content=\"sulin.ee\" \/>\n<meta property=\"article:publisher\" content=\"https:\/\/www.facebook.com\/www.sulin.ee\/\" \/>\n<meta property=\"article:modified_time\" content=\"2025-09-07T21:46:50+00:00\" \/>\n<meta property=\"og:image\" content=\"https:\/\/sulin.ee\/wp-content\/uploads\/2023\/11\/Postitused-68.png\" \/>\n\t<meta property=\"og:image:width\" content=\"1080\" \/>\n\t<meta property=\"og:image:height\" content=\"1080\" \/>\n\t<meta property=\"og:image:type\" content=\"image\/png\" \/>\n<meta name=\"twitter:card\" content=\"summary_large_image\" \/>\n<meta name=\"twitter:label1\" content=\"Est. reading time\" \/>\n\t<meta name=\"twitter:data1\" content=\"2 minutes\" \/>\n<script type=\"application\/ld+json\" class=\"yoast-schema-graph\">{\"@context\":\"https:\/\/schema.org\",\"@graph\":[{\"@type\":\"WebPage\",\"@id\":\"https:\/\/sulin.ee\/en\/toode\/jollein-eemaldatavate-varrukatega-magamiskott-miffy-snuffy\/\",\"url\":\"https:\/\/sulin.ee\/en\/toode\/jollein-eemaldatavate-varrukatega-magamiskott-miffy-snuffy\/\",\"name\":\"Jollein eemaldatavate varrukatega magamiskott Miffy Snuffy - Olive Green - sulin.ee\",\"isPartOf\":{\"@id\":\"https:\/\/sulin.ee\/en\/#website\"},\"primaryImageOfPage\":{\"@id\":\"https:\/\/sulin.ee\/en\/toode\/jollein-eemaldatavate-varrukatega-magamiskott-miffy-snuffy\/#primaryimage\"},\"image\":{\"@id\":\"https:\/\/sulin.ee\/en\/toode\/jollein-eemaldatavate-varrukatega-magamiskott-miffy-snuffy\/#primaryimage\"},\"thumbnailUrl\":\"https:\/\/sulin.ee\/wp-content\/uploads\/2023\/11\/Postitused-68.png\",\"datePublished\":\"2023-11-08T13:04:30+00:00\",\"dateModified\":\"2025-09-07T21:46:50+00:00\",\"breadcrumb\":{\"@id\":\"https:\/\/sulin.ee\/en\/toode\/jollein-eemaldatavate-varrukatega-magamiskott-miffy-snuffy\/#breadcrumb\"},\"inLanguage\":\"en-US\",\"potentialAction\":[{\"@type\":\"ReadAction\",\"target\":[\"https:\/\/sulin.ee\/en\/toode\/jollein-eemaldatavate-varrukatega-magamiskott-miffy-snuffy\/\"]}]},{\"@type\":\"ImageObject\",\"inLanguage\":\"en-US\",\"@id\":\"https:\/\/sulin.ee\/en\/toode\/jollein-eemaldatavate-varrukatega-magamiskott-miffy-snuffy\/#primaryimage\",\"url\":\"https:\/\/sulin.ee\/wp-content\/uploads\/2023\/11\/Postitused-68.png\",\"contentUrl\":\"https:\/\/sulin.ee\/wp-content\/uploads\/2023\/11\/Postitused-68.png\",\"width\":1080,\"height\":1080},{\"@type\":\"BreadcrumbList\",\"@id\":\"https:\/\/sulin.ee\/en\/toode\/jollein-eemaldatavate-varrukatega-magamiskott-miffy-snuffy\/#breadcrumb\",\"itemListElement\":[{\"@type\":\"ListItem\",\"position\":1,\"name\":\"Home\",\"item\":\"https:\/\/sulin.ee\/en\/\"},{\"@type\":\"ListItem\",\"position\":2,\"name\":\"Sulin.ee e-pood\",\"item\":\"https:\/\/sulin.ee\/shop\/\"},{\"@type\":\"ListItem\",\"position\":3,\"name\":\"Jollein eemaldatavate varrukatega magamiskott Miffy Snuffy &#8211; Olive Green\"}]},{\"@type\":\"WebSite\",\"@id\":\"https:\/\/sulin.ee\/en\/#website\",\"url\":\"https:\/\/sulin.ee\/en\/\",\"name\":\"sulin.ee\",\"description\":\"\",\"publisher\":{\"@id\":\"https:\/\/sulin.ee\/en\/#organization\"},\"potentialAction\":[{\"@type\":\"SearchAction\",\"target\":{\"@type\":\"EntryPoint\",\"urlTemplate\":\"https:\/\/sulin.ee\/en\/?s={search_term_string}\"},\"query-input\":{\"@type\":\"PropertyValueSpecification\",\"valueRequired\":true,\"valueName\":\"search_term_string\"}}],\"inLanguage\":\"en-US\"},{\"@type\":\"Organization\",\"@id\":\"https:\/\/sulin.ee\/en\/#organization\",\"name\":\"SULIN TRADE O\u00dc\",\"url\":\"https:\/\/sulin.ee\/en\/\",\"logo\":{\"@type\":\"ImageObject\",\"inLanguage\":\"en-US\",\"@id\":\"https:\/\/sulin.ee\/en\/#\/schema\/logo\/image\/\",\"url\":\"https:\/\/sulin.ee\/wp-content\/uploads\/2022\/11\/sulin-logo.png\",\"contentUrl\":\"https:\/\/sulin.ee\/wp-content\/uploads\/2022\/11\/sulin-logo.png\",\"width\":871,\"height\":321,\"caption\":\"SULIN TRADE O\u00dc\"},\"image\":{\"@id\":\"https:\/\/sulin.ee\/en\/#\/schema\/logo\/image\/\"},\"sameAs\":[\"https:\/\/www.facebook.com\/www.sulin.ee\/\",\"https:\/\/www.instagram.com\/sulintrade\/\"]}]}<\/script>\n<!-- \/ Yoast SEO plugin. -->","yoast_head_json":{"title":"Jollein eemaldatavate varrukatega magamiskott Miffy Snuffy - Olive Green - sulin.ee","robots":{"index":"index","follow":"follow","max-snippet":"max-snippet:-1","max-image-preview":"max-image-preview:large","max-video-preview":"max-video-preview:-1"},"canonical":"https:\/\/sulin.ee\/en\/toode\/jollein-eemaldatavate-varrukatega-magamiskott-miffy-snuffy\/","og_locale":"en_US","og_type":"article","og_title":"Jollein eemaldatavate varrukatega magamiskott Miffy Snuffy - Olive Green - sulin.ee","og_description":"Jollein eemaldatavate varrukatega magamiskott on praktiline toode, milles lapsel on magades soe ja turvaline olla. Eemaldatavate varrukate abil saate magamiskoti soojust reguleerida. Jahedamate temperatuuride korral kasuta magamiskotti varrukatega ( TOG 3,0) ja temperatuuri soojenedes eemalda varrukad (TOG 2,0). Magamiskotis magamine loob lapsele turvatunde( nagu ema k\u00f5hus olles) ning piirab lapse jalgade liikumist, t\u00e4nu millele ei [&hellip;]","og_url":"https:\/\/sulin.ee\/en\/toode\/jollein-eemaldatavate-varrukatega-magamiskott-miffy-snuffy\/","og_site_name":"sulin.ee","article_publisher":"https:\/\/www.facebook.com\/www.sulin.ee\/","article_modified_time":"2025-09-07T21:46:50+00:00","og_image":[{"width":1080,"height":1080,"url":"https:\/\/sulin.ee\/wp-content\/uploads\/2023\/11\/Postitused-68.png","type":"image\/png"}],"twitter_card":"summary_large_image","twitter_misc":{"Est. reading time":"2 minutes"},"schema":{"@context":"https:\/\/schema.org","@graph":[{"@type":"WebPage","@id":"https:\/\/sulin.ee\/en\/toode\/jollein-eemaldatavate-varrukatega-magamiskott-miffy-snuffy\/","url":"https:\/\/sulin.ee\/en\/toode\/jollein-eemaldatavate-varrukatega-magamiskott-miffy-snuffy\/","name":"Jollein eemaldatavate varrukatega magamiskott Miffy Snuffy - Olive Green - sulin.ee","isPartOf":{"@id":"https:\/\/sulin.ee\/en\/#website"},"primaryImageOfPage":{"@id":"https:\/\/sulin.ee\/en\/toode\/jollein-eemaldatavate-varrukatega-magamiskott-miffy-snuffy\/#primaryimage"},"image":{"@id":"https:\/\/sulin.ee\/en\/toode\/jollein-eemaldatavate-varrukatega-magamiskott-miffy-snuffy\/#primaryimage"},"thumbnailUrl":"https:\/\/sulin.ee\/wp-content\/uploads\/2023\/11\/Postitused-68.png","datePublished":"2023-11-08T13:04:30+00:00","dateModified":"2025-09-07T21:46:50+00:00","breadcrumb":{"@id":"https:\/\/sulin.ee\/en\/toode\/jollein-eemaldatavate-varrukatega-magamiskott-miffy-snuffy\/#breadcrumb"},"inLanguage":"en-US","potentialAction":[{"@type":"ReadAction","target":["https:\/\/sulin.ee\/en\/toode\/jollein-eemaldatavate-varrukatega-magamiskott-miffy-snuffy\/"]}]},{"@type":"ImageObject","inLanguage":"en-US","@id":"https:\/\/sulin.ee\/en\/toode\/jollein-eemaldatavate-varrukatega-magamiskott-miffy-snuffy\/#primaryimage","url":"https:\/\/sulin.ee\/wp-content\/uploads\/2023\/11\/Postitused-68.png","contentUrl":"https:\/\/sulin.ee\/wp-content\/uploads\/2023\/11\/Postitused-68.png","width":1080,"height":1080},{"@type":"BreadcrumbList","@id":"https:\/\/sulin.ee\/en\/toode\/jollein-eemaldatavate-varrukatega-magamiskott-miffy-snuffy\/#breadcrumb","itemListElement":[{"@type":"ListItem","position":1,"name":"Home","item":"https:\/\/sulin.ee\/en\/"},{"@type":"ListItem","position":2,"name":"Sulin.ee e-pood","item":"https:\/\/sulin.ee\/shop\/"},{"@type":"ListItem","position":3,"name":"Jollein eemaldatavate varrukatega magamiskott Miffy Snuffy &#8211; Olive Green"}]},{"@type":"WebSite","@id":"https:\/\/sulin.ee\/en\/#website","url":"https:\/\/sulin.ee\/en\/","name":"sulin.ee","description":"","publisher":{"@id":"https:\/\/sulin.ee\/en\/#organization"},"potentialAction":[{"@type":"SearchAction","target":{"@type":"EntryPoint","urlTemplate":"https:\/\/sulin.ee\/en\/?s={search_term_string}"},"query-input":{"@type":"PropertyValueSpecification","valueRequired":true,"valueName":"search_term_string"}}],"inLanguage":"en-US"},{"@type":"Organization","@id":"https:\/\/sulin.ee\/en\/#organization","name":"SULIN TRADE O\u00dc","url":"https:\/\/sulin.ee\/en\/","logo":{"@type":"ImageObject","inLanguage":"en-US","@id":"https:\/\/sulin.ee\/en\/#\/schema\/logo\/image\/","url":"https:\/\/sulin.ee\/wp-content\/uploads\/2022\/11\/sulin-logo.png","contentUrl":"https:\/\/sulin.ee\/wp-content\/uploads\/2022\/11\/sulin-logo.png","width":871,"height":321,"caption":"SULIN TRADE O\u00dc"},"image":{"@id":"https:\/\/sulin.ee\/en\/#\/schema\/logo\/image\/"},"sameAs":["https:\/\/www.facebook.com\/www.sulin.ee\/","https:\/\/www.instagram.com\/sulintrade\/"]}]}},"builder_content":"","_links":{"self":[{"href":"https:\/\/sulin.ee\/en\/wp-json\/wp\/v2\/product\/14404","targetHints":{"allow":["GET"]}}],"collection":[{"href":"https:\/\/sulin.ee\/en\/wp-json\/wp\/v2\/product"}],"about":[{"href":"https:\/\/sulin.ee\/en\/wp-json\/wp\/v2\/types\/product"}],"replies":[{"embeddable":true,"href":"https:\/\/sulin.ee\/en\/wp-json\/wp\/v2\/comments?post=14404"}],"wp:featuredmedia":[{"embeddable":true,"href":"https:\/\/sulin.ee\/en\/wp-json\/wp\/v2\/media\/14971"}],"wp:attachment":[{"href":"https:\/\/sulin.ee\/en\/wp-json\/wp\/v2\/media?parent=14404"}],"wp:term":[{"taxonomy":"product_brand","embeddable":true,"href":"https:\/\/sulin.ee\/en\/wp-json\/wp\/v2\/product_brand?post=14404"},{"taxonomy":"product_cat","embeddable":true,"href":"https:\/\/sulin.ee\/en\/wp-json\/wp\/v2\/product_cat?post=14404"},{"taxonomy":"product_tag","embeddable":true,"href":"https:\/\/sulin.ee\/en\/wp-json\/wp\/v2\/product_tag?post=14404"}],"curies":[{"name":"wp","href":"https:\/\/api.w.org\/{rel}","templated":true}]}}