{"id":14155,"date":"2023-10-29T20:55:14","date_gmt":"2023-10-29T20:55:14","guid":{"rendered":"https:\/\/sulin.ee\/?post_type=product&#038;p=14155"},"modified":"2025-09-17T04:47:50","modified_gmt":"2025-09-17T04:47:50","slug":"kaarid-vaikelapsele-djeco","status":"publish","type":"product","link":"https:\/\/sulin.ee\/en\/toode\/kaarid-vaikelapsele-djeco\/","title":{"rendered":"K\u00e4\u00e4rid v\u00e4ikelapsele"},"content":{"rendered":"<p><strong>K\u00e4\u00e4rid v\u00e4ikelapsele on hoolikalt disainitud just noorte kunstnike ja meisterdajate vajadusi silmas pidades. Nende kompaktne suurus ja kerge kaal muudavad k\u00e4\u00e4rid ideaalseks esimeseks l\u00f5ikeriistaks, andes lastele vabaduse ja enesekindluse iseseisvalt l\u00f5igata ja meisterdada. K\u00e4\u00e4rid on spetsiaalselt kohandatud v\u00e4ikestele k\u00e4tele, tagades, et need on lihtsalt kasutatavad ilma lisapingutuseta.<\/strong><\/p>\n<p>K\u00e4\u00e4ride avanemis- ja sulgumismehhanism on sujuv, v\u00f5imaldades lastel kergesti l\u00f5igata paberit ja \u00f5hukesi materjale. T\u00e4nu spetsiaalselt disainitud turvaservadele on k\u00e4\u00e4ride teravad otsad \u00fcmardatud, mis minimeerib vigastuste ohtu, pakkudes samal ajal piisavat teravust, et l\u00f5igata t\u00f5husalt ilma materjali rebimata.<\/p>\n<p><a href=\"https:\/\/www.djeco.com\/\">Djeco<\/a> k\u00e4\u00e4rid v\u00e4ikelapsele on suurep\u00e4rane vahend igale<strong> lapsele vanuses 3 kuni 6 aastat,<\/strong> aidates arendada peenmotoorikat ja koordinatsiooni, samuti edendades loovust ja iseseisvust. Ideaalne nii koduseks kasutamiseks kui ka lasteaia kunstitundides, need k\u00e4\u00e4rid on turvaline ja praktiline valik igale v\u00e4ikesele k\u00e4sit\u00f6\u00f6lisele.<\/p>\n<p>Meie sortimendist leiate k\u00f5ike palju huvitavaid <a href=\"https:\/\/sulin.ee\/tootekategooria\/mangimine\/kunstivahendid\/\">kunstitarbeid<\/a>, mis k\u00f5ik on disainitud laste ohutust ja loovuse arendamist silmas pidades. T\u00e4iendage oma lapse kunstivahendite kogu ja inspireerige neid uusi ja p\u00f5nevaid projekte looma!<\/p>\n","protected":false},"excerpt":{"rendered":"<p><strong>K\u00e4\u00e4rid v\u00e4ikelapsele on loodud spetsiaalselt v\u00e4ikeste k\u00e4te jaoks, tagades lihtsa kasutamise. Nende kerge kaal ja sujuv avanemis- ning sulgumismehhanism muudavad l\u00f5ikamise mugavaks ja j\u00f5ukohaseks. K\u00e4\u00e4ridel on turvalised \u00fcmardatud otsad, et minimeerida vigastuste ohtu. Sobivad ideaalselt lastele vanuses 3-6 eluaastat, aidates arendada peenmotoorikat ja edendada iseseisvat meisterdamist.<\/strong><\/p>\n","protected":false},"featured_media":16779,"comment_status":"open","ping_status":"closed","template":"","meta":[],"product_brand":[],"product_cat":[1162,1165,1166,1002,1023,102,1017,928],"product_tag":[],"class_list":{"0":"post-14155","1":"product","2":"type-product","3":"status-publish","4":"has-post-thumbnail","6":"product_cat-kingituseks","7":"product_cat-3-5-aastat","8":"product_cat-6-8-aastat","9":"product_cat-oppemangud","10":"product_cat-motoorika","11":"product_cat-kunstivahendid","12":"product_cat-meisterdamine","13":"product_cat-djeco","14":"has-post-title","15":"has-post-date","16":"has-post-category","17":"has-post-tag","18":"has-post-comment","19":"has-post-author","20":"","22":"first","23":"instock","24":"sale","25":"taxable","26":"shipping-taxable","27":"purchasable","28":"product-type-simple"},"yoast_head":"<!-- This site is optimized with the Yoast SEO plugin v26.8 - https:\/\/yoast.com\/product\/yoast-seo-wordpress\/ -->\n<title>K\u00e4\u00e4rid v\u00e4ikelapsele - sulin.ee<\/title>\n<meta name=\"description\" content=\"K\u00e4\u00e4rid v\u00e4ikelapsele on disainitud spetsiaalselt v\u00e4ikeste k\u00e4te jaoks. Nende v\u00e4ike suurus t\u00e4hendab, et lapsel on nendega lihtne ise l\u00f5igata.\" \/>\n<meta name=\"robots\" content=\"index, follow, max-snippet:-1, max-image-preview:large, max-video-preview:-1\" \/>\n<link rel=\"canonical\" href=\"https:\/\/sulin.ee\/en\/toode\/kaarid-vaikelapsele-djeco\/\" \/>\n<meta property=\"og:locale\" content=\"en_US\" \/>\n<meta property=\"og:type\" content=\"article\" \/>\n<meta property=\"og:title\" content=\"K\u00e4\u00e4rid v\u00e4ikelapsele - sulin.ee\" \/>\n<meta property=\"og:description\" content=\"K\u00e4\u00e4rid v\u00e4ikelapsele on disainitud spetsiaalselt v\u00e4ikeste k\u00e4te jaoks. Nende v\u00e4ike suurus t\u00e4hendab, et lapsel on nendega lihtne ise l\u00f5igata.\" \/>\n<meta property=\"og:url\" content=\"https:\/\/sulin.ee\/en\/toode\/kaarid-vaikelapsele-djeco\/\" \/>\n<meta property=\"og:site_name\" content=\"sulin.ee\" \/>\n<meta property=\"article:publisher\" content=\"https:\/\/www.facebook.com\/www.sulin.ee\/\" \/>\n<meta property=\"article:modified_time\" content=\"2025-09-17T04:47:50+00:00\" \/>\n<meta property=\"og:image\" content=\"https:\/\/sulin.ee\/wp-content\/uploads\/2023\/10\/Kaarid.png\" \/>\n\t<meta property=\"og:image:width\" content=\"1080\" \/>\n\t<meta property=\"og:image:height\" content=\"1080\" \/>\n\t<meta property=\"og:image:type\" content=\"image\/png\" \/>\n<meta name=\"twitter:card\" content=\"summary_large_image\" \/>\n<meta name=\"twitter:label1\" content=\"Est. reading time\" \/>\n\t<meta name=\"twitter:data1\" content=\"2 minutes\" \/>\n<script type=\"application\/ld+json\" class=\"yoast-schema-graph\">{\"@context\":\"https:\/\/schema.org\",\"@graph\":[{\"@type\":\"WebPage\",\"@id\":\"https:\/\/sulin.ee\/en\/toode\/kaarid-vaikelapsele-djeco\/\",\"url\":\"https:\/\/sulin.ee\/en\/toode\/kaarid-vaikelapsele-djeco\/\",\"name\":\"K\u00e4\u00e4rid v\u00e4ikelapsele - sulin.ee\",\"isPartOf\":{\"@id\":\"https:\/\/sulin.ee\/en\/#website\"},\"primaryImageOfPage\":{\"@id\":\"https:\/\/sulin.ee\/en\/toode\/kaarid-vaikelapsele-djeco\/#primaryimage\"},\"image\":{\"@id\":\"https:\/\/sulin.ee\/en\/toode\/kaarid-vaikelapsele-djeco\/#primaryimage\"},\"thumbnailUrl\":\"https:\/\/sulin.ee\/wp-content\/uploads\/2023\/10\/Kaarid.png\",\"datePublished\":\"2023-10-29T20:55:14+00:00\",\"dateModified\":\"2025-09-17T04:47:50+00:00\",\"description\":\"K\u00e4\u00e4rid v\u00e4ikelapsele on disainitud spetsiaalselt v\u00e4ikeste k\u00e4te jaoks. Nende v\u00e4ike suurus t\u00e4hendab, et lapsel on nendega lihtne ise l\u00f5igata.\",\"breadcrumb\":{\"@id\":\"https:\/\/sulin.ee\/en\/toode\/kaarid-vaikelapsele-djeco\/#breadcrumb\"},\"inLanguage\":\"en-US\",\"potentialAction\":[{\"@type\":\"ReadAction\",\"target\":[\"https:\/\/sulin.ee\/en\/toode\/kaarid-vaikelapsele-djeco\/\"]}]},{\"@type\":\"ImageObject\",\"inLanguage\":\"en-US\",\"@id\":\"https:\/\/sulin.ee\/en\/toode\/kaarid-vaikelapsele-djeco\/#primaryimage\",\"url\":\"https:\/\/sulin.ee\/wp-content\/uploads\/2023\/10\/Kaarid.png\",\"contentUrl\":\"https:\/\/sulin.ee\/wp-content\/uploads\/2023\/10\/Kaarid.png\",\"width\":1080,\"height\":1080,\"caption\":\"K\u00e4\u00e4rid v\u00e4ikelapsele\"},{\"@type\":\"BreadcrumbList\",\"@id\":\"https:\/\/sulin.ee\/en\/toode\/kaarid-vaikelapsele-djeco\/#breadcrumb\",\"itemListElement\":[{\"@type\":\"ListItem\",\"position\":1,\"name\":\"Home\",\"item\":\"https:\/\/sulin.ee\/en\/\"},{\"@type\":\"ListItem\",\"position\":2,\"name\":\"Sulin.ee e-pood\",\"item\":\"https:\/\/sulin.ee\/shop\/\"},{\"@type\":\"ListItem\",\"position\":3,\"name\":\"K\u00e4\u00e4rid v\u00e4ikelapsele\"}]},{\"@type\":\"WebSite\",\"@id\":\"https:\/\/sulin.ee\/en\/#website\",\"url\":\"https:\/\/sulin.ee\/en\/\",\"name\":\"sulin.ee\",\"description\":\"\",\"publisher\":{\"@id\":\"https:\/\/sulin.ee\/en\/#organization\"},\"potentialAction\":[{\"@type\":\"SearchAction\",\"target\":{\"@type\":\"EntryPoint\",\"urlTemplate\":\"https:\/\/sulin.ee\/en\/?s={search_term_string}\"},\"query-input\":{\"@type\":\"PropertyValueSpecification\",\"valueRequired\":true,\"valueName\":\"search_term_string\"}}],\"inLanguage\":\"en-US\"},{\"@type\":\"Organization\",\"@id\":\"https:\/\/sulin.ee\/en\/#organization\",\"name\":\"SULIN TRADE O\u00dc\",\"url\":\"https:\/\/sulin.ee\/en\/\",\"logo\":{\"@type\":\"ImageObject\",\"inLanguage\":\"en-US\",\"@id\":\"https:\/\/sulin.ee\/en\/#\/schema\/logo\/image\/\",\"url\":\"https:\/\/sulin.ee\/wp-content\/uploads\/2022\/11\/sulin-logo.png\",\"contentUrl\":\"https:\/\/sulin.ee\/wp-content\/uploads\/2022\/11\/sulin-logo.png\",\"width\":871,\"height\":321,\"caption\":\"SULIN TRADE O\u00dc\"},\"image\":{\"@id\":\"https:\/\/sulin.ee\/en\/#\/schema\/logo\/image\/\"},\"sameAs\":[\"https:\/\/www.facebook.com\/www.sulin.ee\/\",\"https:\/\/www.instagram.com\/sulintrade\/\"]}]}<\/script>\n<!-- \/ Yoast SEO plugin. -->","yoast_head_json":{"title":"K\u00e4\u00e4rid v\u00e4ikelapsele - sulin.ee","description":"K\u00e4\u00e4rid v\u00e4ikelapsele on disainitud spetsiaalselt v\u00e4ikeste k\u00e4te jaoks. Nende v\u00e4ike suurus t\u00e4hendab, et lapsel on nendega lihtne ise l\u00f5igata.","robots":{"index":"index","follow":"follow","max-snippet":"max-snippet:-1","max-image-preview":"max-image-preview:large","max-video-preview":"max-video-preview:-1"},"canonical":"https:\/\/sulin.ee\/en\/toode\/kaarid-vaikelapsele-djeco\/","og_locale":"en_US","og_type":"article","og_title":"K\u00e4\u00e4rid v\u00e4ikelapsele - sulin.ee","og_description":"K\u00e4\u00e4rid v\u00e4ikelapsele on disainitud spetsiaalselt v\u00e4ikeste k\u00e4te jaoks. Nende v\u00e4ike suurus t\u00e4hendab, et lapsel on nendega lihtne ise l\u00f5igata.","og_url":"https:\/\/sulin.ee\/en\/toode\/kaarid-vaikelapsele-djeco\/","og_site_name":"sulin.ee","article_publisher":"https:\/\/www.facebook.com\/www.sulin.ee\/","article_modified_time":"2025-09-17T04:47:50+00:00","og_image":[{"width":1080,"height":1080,"url":"https:\/\/sulin.ee\/wp-content\/uploads\/2023\/10\/Kaarid.png","type":"image\/png"}],"twitter_card":"summary_large_image","twitter_misc":{"Est. reading time":"2 minutes"},"schema":{"@context":"https:\/\/schema.org","@graph":[{"@type":"WebPage","@id":"https:\/\/sulin.ee\/en\/toode\/kaarid-vaikelapsele-djeco\/","url":"https:\/\/sulin.ee\/en\/toode\/kaarid-vaikelapsele-djeco\/","name":"K\u00e4\u00e4rid v\u00e4ikelapsele - sulin.ee","isPartOf":{"@id":"https:\/\/sulin.ee\/en\/#website"},"primaryImageOfPage":{"@id":"https:\/\/sulin.ee\/en\/toode\/kaarid-vaikelapsele-djeco\/#primaryimage"},"image":{"@id":"https:\/\/sulin.ee\/en\/toode\/kaarid-vaikelapsele-djeco\/#primaryimage"},"thumbnailUrl":"https:\/\/sulin.ee\/wp-content\/uploads\/2023\/10\/Kaarid.png","datePublished":"2023-10-29T20:55:14+00:00","dateModified":"2025-09-17T04:47:50+00:00","description":"K\u00e4\u00e4rid v\u00e4ikelapsele on disainitud spetsiaalselt v\u00e4ikeste k\u00e4te jaoks. Nende v\u00e4ike suurus t\u00e4hendab, et lapsel on nendega lihtne ise l\u00f5igata.","breadcrumb":{"@id":"https:\/\/sulin.ee\/en\/toode\/kaarid-vaikelapsele-djeco\/#breadcrumb"},"inLanguage":"en-US","potentialAction":[{"@type":"ReadAction","target":["https:\/\/sulin.ee\/en\/toode\/kaarid-vaikelapsele-djeco\/"]}]},{"@type":"ImageObject","inLanguage":"en-US","@id":"https:\/\/sulin.ee\/en\/toode\/kaarid-vaikelapsele-djeco\/#primaryimage","url":"https:\/\/sulin.ee\/wp-content\/uploads\/2023\/10\/Kaarid.png","contentUrl":"https:\/\/sulin.ee\/wp-content\/uploads\/2023\/10\/Kaarid.png","width":1080,"height":1080,"caption":"K\u00e4\u00e4rid v\u00e4ikelapsele"},{"@type":"BreadcrumbList","@id":"https:\/\/sulin.ee\/en\/toode\/kaarid-vaikelapsele-djeco\/#breadcrumb","itemListElement":[{"@type":"ListItem","position":1,"name":"Home","item":"https:\/\/sulin.ee\/en\/"},{"@type":"ListItem","position":2,"name":"Sulin.ee e-pood","item":"https:\/\/sulin.ee\/shop\/"},{"@type":"ListItem","position":3,"name":"K\u00e4\u00e4rid v\u00e4ikelapsele"}]},{"@type":"WebSite","@id":"https:\/\/sulin.ee\/en\/#website","url":"https:\/\/sulin.ee\/en\/","name":"sulin.ee","description":"","publisher":{"@id":"https:\/\/sulin.ee\/en\/#organization"},"potentialAction":[{"@type":"SearchAction","target":{"@type":"EntryPoint","urlTemplate":"https:\/\/sulin.ee\/en\/?s={search_term_string}"},"query-input":{"@type":"PropertyValueSpecification","valueRequired":true,"valueName":"search_term_string"}}],"inLanguage":"en-US"},{"@type":"Organization","@id":"https:\/\/sulin.ee\/en\/#organization","name":"SULIN TRADE O\u00dc","url":"https:\/\/sulin.ee\/en\/","logo":{"@type":"ImageObject","inLanguage":"en-US","@id":"https:\/\/sulin.ee\/en\/#\/schema\/logo\/image\/","url":"https:\/\/sulin.ee\/wp-content\/uploads\/2022\/11\/sulin-logo.png","contentUrl":"https:\/\/sulin.ee\/wp-content\/uploads\/2022\/11\/sulin-logo.png","width":871,"height":321,"caption":"SULIN TRADE O\u00dc"},"image":{"@id":"https:\/\/sulin.ee\/en\/#\/schema\/logo\/image\/"},"sameAs":["https:\/\/www.facebook.com\/www.sulin.ee\/","https:\/\/www.instagram.com\/sulintrade\/"]}]}},"builder_content":"","_links":{"self":[{"href":"https:\/\/sulin.ee\/en\/wp-json\/wp\/v2\/product\/14155","targetHints":{"allow":["GET"]}}],"collection":[{"href":"https:\/\/sulin.ee\/en\/wp-json\/wp\/v2\/product"}],"about":[{"href":"https:\/\/sulin.ee\/en\/wp-json\/wp\/v2\/types\/product"}],"replies":[{"embeddable":true,"href":"https:\/\/sulin.ee\/en\/wp-json\/wp\/v2\/comments?post=14155"}],"wp:featuredmedia":[{"embeddable":true,"href":"https:\/\/sulin.ee\/en\/wp-json\/wp\/v2\/media\/16779"}],"wp:attachment":[{"href":"https:\/\/sulin.ee\/en\/wp-json\/wp\/v2\/media?parent=14155"}],"wp:term":[{"taxonomy":"product_brand","embeddable":true,"href":"https:\/\/sulin.ee\/en\/wp-json\/wp\/v2\/product_brand?post=14155"},{"taxonomy":"product_cat","embeddable":true,"href":"https:\/\/sulin.ee\/en\/wp-json\/wp\/v2\/product_cat?post=14155"},{"taxonomy":"product_tag","embeddable":true,"href":"https:\/\/sulin.ee\/en\/wp-json\/wp\/v2\/product_tag?post=14155"}],"curies":[{"name":"wp","href":"https:\/\/api.w.org\/{rel}","templated":true}]}}