{"id":14094,"date":"2023-11-11T07:02:12","date_gmt":"2023-11-11T07:02:12","guid":{"rendered":"https:\/\/sulin.ee\/?post_type=product&#038;p=14094"},"modified":"2025-09-07T21:46:00","modified_gmt":"2025-09-07T21:46:00","slug":"kolmekihiline-puidust-pusle-chez-moo-djeco","status":"publish","type":"product","link":"https:\/\/sulin.ee\/en\/toode\/kolmekihiline-puidust-pusle-chez-moo-djeco\/","title":{"rendered":"Kolmekihiline puidust pusle &#8220;Chez Moo&#8221;"},"content":{"rendered":"<p><strong>Kolmekihiline puidust pusle &#8220;Chez Moo&#8221; on suurep\u00e4rane arendav m\u00e4nguasi, mis pakub lastele r\u00f5\u00f5mu ja \u00f5petlikke momente. Pusle koosneb 12 suurest t\u00fckist, mis on jagatud kolmeks erinevaks kihiks, iga\u00fcks erineva v\u00e4rviga, et aidata lapsel m\u00f5ista ja h\u00f5lbustada kihtide kokkupanekut.<\/strong><\/p>\n<p>Iga kiht toob esile uue stseeni laudas elavate loomade igap\u00e4evaelust, pakkudes lapsele v\u00f5imalust avastada ja \u00f5ppida erinevate farmiloomade kohta. Suurte puslet\u00fckkide disain on m\u00f5eldud v\u00e4ikestele k\u00e4tele, et neid oleks lihtne haarata ja paigutada, mis toetab peenmotoorika arengut ning \u00f5petab lapsele kujundeid ja v\u00e4rve.<\/p>\n<p>Pusle kokkupanemine mitte ainult ei arenda lapse motoorseid oskusi, vaid suurendab ka nende probleemilahendusv\u00f5imet ja ruumilist m\u00f5tlemist. Erinevate kihtide paigutamine \u00fcksteise peale aitab lastel m\u00f5ista objektide suhet ruumis ning arendab nende anal\u00fc\u00fcsiv\u00f5imet ja t\u00e4helepanu detailidele.<\/p>\n<p><a href=\"https:\/\/www.djeco.com\/\">Djeco<\/a> kolmekihiline puidust pusle &#8220;Chez Moo&#8221; on suurep\u00e4rane kingitus igale lapsele, kes on huvitatud loomadest ja puslem\u00e4ngudest. See on mitte ainult meelelahutuslik, vaid ka hariv, aidates kaasa lapse \u00fcldisele arengule ja pakkudes tunde kestvat l\u00f5busat tegevust. Sobib lastele alates varajasest eelkoolieast, toetades nende varajast \u00f5ppekogemust ja loovuse arengut.<\/p>\n<p><strong>Pusle m\u00f5\u00f5dud:<\/strong> 25 x 25 x 1 cm.<\/p>\n<p>Sobib alates 2. eluaastast.<\/p>\n<p>Koos m\u00e4ngida on vahva! Vaata ka teisi e-poes olemas olevaid <span style=\"color: #ff9900;\"><a style=\"color: #ff9900;\" href=\"https:\/\/sulin.ee\/tootekategooria\/lastele\/mangimine\/pusled\/\" target=\"_blank\" rel=\"noopener\">puslesid<\/a><\/span> ja <span style=\"color: #ff9900;\"><a style=\"color: #ff9900;\" href=\"https:\/\/sulin.ee\/tootekategooria\/lastele\/mangimine\/arendavad-manguasjad\/page\/2\/\" target=\"_blank\" rel=\"noopener\">arendavaid m\u00e4nguasju<\/a><\/span>.<\/p>\n","protected":false},"excerpt":{"rendered":"<p><strong>Kolmekihiline puidust pusle &#8220;Chez Moo&#8221; on hariv ja l\u00f5bus m\u00e4nguasi, mis koosneb 12 suurest, kergesti haaratavast puslet\u00fckist ja kolmest erinevast v\u00e4rvikihist. Iga kiht kujutab laudas elavate loomade elu, aidates lastel \u00f5ppida tundma farmielu ja arendada peenmotoorikat. Pusle v\u00e4rvieristused ja mitmekihiline struktuur toetavad kujundite ning v\u00e4rvide tundma\u00f5ppimist, pakkudes samal ajal ka p\u00f5nevat avastamisr\u00f5\u00f5mu.\u00a0<\/strong><\/p>\n<p><strong>Pusle m\u00f5\u00f5dud:<\/strong> 25 x 25 x 1 cm.<\/p>\n<p><strong>Sobib alates 2. eluaastast.<\/strong><\/p>\n","protected":false},"featured_media":14105,"comment_status":"open","ping_status":"closed","template":"","meta":[],"product_brand":[],"product_cat":[1162,1164,1165,925,175,928],"product_tag":[],"class_list":{"0":"post-14094","1":"product","2":"type-product","3":"status-publish","4":"has-post-thumbnail","6":"product_cat-kingituseks","7":"product_cat-1-3-aastat","8":"product_cat-3-5-aastat","9":"product_cat-pusled","10":"product_cat-puidust-manguasjad","11":"product_cat-djeco","12":"has-post-title","13":"has-post-date","14":"has-post-category","15":"has-post-tag","16":"has-post-comment","17":"has-post-author","18":"","20":"first","21":"instock","22":"sale","23":"taxable","24":"shipping-taxable","25":"purchasable","26":"product-type-simple"},"yoast_head":"<!-- This site is optimized with the Yoast SEO plugin v26.8 - https:\/\/yoast.com\/product\/yoast-seo-wordpress\/ -->\n<title>Kolmekihiline puidust pusle &quot;Chez Moo&quot; - sulin.ee<\/title>\n<meta name=\"description\" content=\"Kolmekihiline puidust pusle &quot;Chez Moo&quot; koosneb 12st pusle t\u00fckist ning kolmest erinevast kihist. Igal kihil on oma \u00fclesannne.\" \/>\n<meta name=\"robots\" content=\"index, follow, max-snippet:-1, max-image-preview:large, max-video-preview:-1\" \/>\n<link rel=\"canonical\" href=\"https:\/\/sulin.ee\/en\/toode\/kolmekihiline-puidust-pusle-chez-moo-djeco\/\" \/>\n<meta property=\"og:locale\" content=\"en_US\" \/>\n<meta property=\"og:type\" content=\"article\" \/>\n<meta property=\"og:title\" content=\"Kolmekihiline puidust pusle &quot;Chez Moo&quot; - sulin.ee\" \/>\n<meta property=\"og:description\" content=\"Kolmekihiline puidust pusle &quot;Chez Moo&quot; koosneb 12st pusle t\u00fckist ning kolmest erinevast kihist. Igal kihil on oma \u00fclesannne.\" \/>\n<meta property=\"og:url\" content=\"https:\/\/sulin.ee\/en\/toode\/kolmekihiline-puidust-pusle-chez-moo-djeco\/\" \/>\n<meta property=\"og:site_name\" content=\"sulin.ee\" \/>\n<meta property=\"article:publisher\" content=\"https:\/\/www.facebook.com\/www.sulin.ee\/\" \/>\n<meta property=\"article:modified_time\" content=\"2025-09-07T21:46:00+00:00\" \/>\n<meta property=\"og:image\" content=\"https:\/\/sulin.ee\/wp-content\/uploads\/2023\/10\/10893-DJ01482-kolmekihiline-puidust-pusle-chez-moo.jpg\" \/>\n\t<meta property=\"og:image:width\" content=\"600\" \/>\n\t<meta property=\"og:image:height\" content=\"600\" \/>\n\t<meta property=\"og:image:type\" content=\"image\/jpeg\" \/>\n<meta name=\"twitter:card\" content=\"summary_large_image\" \/>\n<meta name=\"twitter:label1\" content=\"Est. reading time\" \/>\n\t<meta name=\"twitter:data1\" content=\"2 minutes\" \/>\n<script type=\"application\/ld+json\" class=\"yoast-schema-graph\">{\"@context\":\"https:\/\/schema.org\",\"@graph\":[{\"@type\":\"WebPage\",\"@id\":\"https:\/\/sulin.ee\/en\/toode\/kolmekihiline-puidust-pusle-chez-moo-djeco\/\",\"url\":\"https:\/\/sulin.ee\/en\/toode\/kolmekihiline-puidust-pusle-chez-moo-djeco\/\",\"name\":\"Kolmekihiline puidust pusle \\\"Chez Moo\\\" - sulin.ee\",\"isPartOf\":{\"@id\":\"https:\/\/sulin.ee\/en\/#website\"},\"primaryImageOfPage\":{\"@id\":\"https:\/\/sulin.ee\/en\/toode\/kolmekihiline-puidust-pusle-chez-moo-djeco\/#primaryimage\"},\"image\":{\"@id\":\"https:\/\/sulin.ee\/en\/toode\/kolmekihiline-puidust-pusle-chez-moo-djeco\/#primaryimage\"},\"thumbnailUrl\":\"https:\/\/sulin.ee\/wp-content\/uploads\/2023\/10\/10893-DJ01482-kolmekihiline-puidust-pusle-chez-moo.jpg\",\"datePublished\":\"2023-11-11T07:02:12+00:00\",\"dateModified\":\"2025-09-07T21:46:00+00:00\",\"description\":\"Kolmekihiline puidust pusle \\\"Chez Moo\\\" koosneb 12st pusle t\u00fckist ning kolmest erinevast kihist. Igal kihil on oma \u00fclesannne.\",\"breadcrumb\":{\"@id\":\"https:\/\/sulin.ee\/en\/toode\/kolmekihiline-puidust-pusle-chez-moo-djeco\/#breadcrumb\"},\"inLanguage\":\"en-US\",\"potentialAction\":[{\"@type\":\"ReadAction\",\"target\":[\"https:\/\/sulin.ee\/en\/toode\/kolmekihiline-puidust-pusle-chez-moo-djeco\/\"]}]},{\"@type\":\"ImageObject\",\"inLanguage\":\"en-US\",\"@id\":\"https:\/\/sulin.ee\/en\/toode\/kolmekihiline-puidust-pusle-chez-moo-djeco\/#primaryimage\",\"url\":\"https:\/\/sulin.ee\/wp-content\/uploads\/2023\/10\/10893-DJ01482-kolmekihiline-puidust-pusle-chez-moo.jpg\",\"contentUrl\":\"https:\/\/sulin.ee\/wp-content\/uploads\/2023\/10\/10893-DJ01482-kolmekihiline-puidust-pusle-chez-moo.jpg\",\"width\":600,\"height\":600,\"caption\":\"Kolmekihiline puidust pusle \\\"Chez Moo\\\"\"},{\"@type\":\"BreadcrumbList\",\"@id\":\"https:\/\/sulin.ee\/en\/toode\/kolmekihiline-puidust-pusle-chez-moo-djeco\/#breadcrumb\",\"itemListElement\":[{\"@type\":\"ListItem\",\"position\":1,\"name\":\"Home\",\"item\":\"https:\/\/sulin.ee\/en\/\"},{\"@type\":\"ListItem\",\"position\":2,\"name\":\"Sulin.ee e-pood\",\"item\":\"https:\/\/sulin.ee\/shop\/\"},{\"@type\":\"ListItem\",\"position\":3,\"name\":\"Kolmekihiline puidust pusle &#8220;Chez Moo&#8221;\"}]},{\"@type\":\"WebSite\",\"@id\":\"https:\/\/sulin.ee\/en\/#website\",\"url\":\"https:\/\/sulin.ee\/en\/\",\"name\":\"sulin.ee\",\"description\":\"\",\"publisher\":{\"@id\":\"https:\/\/sulin.ee\/en\/#organization\"},\"potentialAction\":[{\"@type\":\"SearchAction\",\"target\":{\"@type\":\"EntryPoint\",\"urlTemplate\":\"https:\/\/sulin.ee\/en\/?s={search_term_string}\"},\"query-input\":{\"@type\":\"PropertyValueSpecification\",\"valueRequired\":true,\"valueName\":\"search_term_string\"}}],\"inLanguage\":\"en-US\"},{\"@type\":\"Organization\",\"@id\":\"https:\/\/sulin.ee\/en\/#organization\",\"name\":\"SULIN TRADE O\u00dc\",\"url\":\"https:\/\/sulin.ee\/en\/\",\"logo\":{\"@type\":\"ImageObject\",\"inLanguage\":\"en-US\",\"@id\":\"https:\/\/sulin.ee\/en\/#\/schema\/logo\/image\/\",\"url\":\"https:\/\/sulin.ee\/wp-content\/uploads\/2022\/11\/sulin-logo.png\",\"contentUrl\":\"https:\/\/sulin.ee\/wp-content\/uploads\/2022\/11\/sulin-logo.png\",\"width\":871,\"height\":321,\"caption\":\"SULIN TRADE O\u00dc\"},\"image\":{\"@id\":\"https:\/\/sulin.ee\/en\/#\/schema\/logo\/image\/\"},\"sameAs\":[\"https:\/\/www.facebook.com\/www.sulin.ee\/\",\"https:\/\/www.instagram.com\/sulintrade\/\"]}]}<\/script>\n<!-- \/ Yoast SEO plugin. -->","yoast_head_json":{"title":"Kolmekihiline puidust pusle \"Chez Moo\" - sulin.ee","description":"Kolmekihiline puidust pusle \"Chez Moo\" koosneb 12st pusle t\u00fckist ning kolmest erinevast kihist. Igal kihil on oma \u00fclesannne.","robots":{"index":"index","follow":"follow","max-snippet":"max-snippet:-1","max-image-preview":"max-image-preview:large","max-video-preview":"max-video-preview:-1"},"canonical":"https:\/\/sulin.ee\/en\/toode\/kolmekihiline-puidust-pusle-chez-moo-djeco\/","og_locale":"en_US","og_type":"article","og_title":"Kolmekihiline puidust pusle \"Chez Moo\" - sulin.ee","og_description":"Kolmekihiline puidust pusle \"Chez Moo\" koosneb 12st pusle t\u00fckist ning kolmest erinevast kihist. Igal kihil on oma \u00fclesannne.","og_url":"https:\/\/sulin.ee\/en\/toode\/kolmekihiline-puidust-pusle-chez-moo-djeco\/","og_site_name":"sulin.ee","article_publisher":"https:\/\/www.facebook.com\/www.sulin.ee\/","article_modified_time":"2025-09-07T21:46:00+00:00","og_image":[{"width":600,"height":600,"url":"https:\/\/sulin.ee\/wp-content\/uploads\/2023\/10\/10893-DJ01482-kolmekihiline-puidust-pusle-chez-moo.jpg","type":"image\/jpeg"}],"twitter_card":"summary_large_image","twitter_misc":{"Est. reading time":"2 minutes"},"schema":{"@context":"https:\/\/schema.org","@graph":[{"@type":"WebPage","@id":"https:\/\/sulin.ee\/en\/toode\/kolmekihiline-puidust-pusle-chez-moo-djeco\/","url":"https:\/\/sulin.ee\/en\/toode\/kolmekihiline-puidust-pusle-chez-moo-djeco\/","name":"Kolmekihiline puidust pusle \"Chez Moo\" - sulin.ee","isPartOf":{"@id":"https:\/\/sulin.ee\/en\/#website"},"primaryImageOfPage":{"@id":"https:\/\/sulin.ee\/en\/toode\/kolmekihiline-puidust-pusle-chez-moo-djeco\/#primaryimage"},"image":{"@id":"https:\/\/sulin.ee\/en\/toode\/kolmekihiline-puidust-pusle-chez-moo-djeco\/#primaryimage"},"thumbnailUrl":"https:\/\/sulin.ee\/wp-content\/uploads\/2023\/10\/10893-DJ01482-kolmekihiline-puidust-pusle-chez-moo.jpg","datePublished":"2023-11-11T07:02:12+00:00","dateModified":"2025-09-07T21:46:00+00:00","description":"Kolmekihiline puidust pusle \"Chez Moo\" koosneb 12st pusle t\u00fckist ning kolmest erinevast kihist. Igal kihil on oma \u00fclesannne.","breadcrumb":{"@id":"https:\/\/sulin.ee\/en\/toode\/kolmekihiline-puidust-pusle-chez-moo-djeco\/#breadcrumb"},"inLanguage":"en-US","potentialAction":[{"@type":"ReadAction","target":["https:\/\/sulin.ee\/en\/toode\/kolmekihiline-puidust-pusle-chez-moo-djeco\/"]}]},{"@type":"ImageObject","inLanguage":"en-US","@id":"https:\/\/sulin.ee\/en\/toode\/kolmekihiline-puidust-pusle-chez-moo-djeco\/#primaryimage","url":"https:\/\/sulin.ee\/wp-content\/uploads\/2023\/10\/10893-DJ01482-kolmekihiline-puidust-pusle-chez-moo.jpg","contentUrl":"https:\/\/sulin.ee\/wp-content\/uploads\/2023\/10\/10893-DJ01482-kolmekihiline-puidust-pusle-chez-moo.jpg","width":600,"height":600,"caption":"Kolmekihiline puidust pusle \"Chez Moo\""},{"@type":"BreadcrumbList","@id":"https:\/\/sulin.ee\/en\/toode\/kolmekihiline-puidust-pusle-chez-moo-djeco\/#breadcrumb","itemListElement":[{"@type":"ListItem","position":1,"name":"Home","item":"https:\/\/sulin.ee\/en\/"},{"@type":"ListItem","position":2,"name":"Sulin.ee e-pood","item":"https:\/\/sulin.ee\/shop\/"},{"@type":"ListItem","position":3,"name":"Kolmekihiline puidust pusle &#8220;Chez Moo&#8221;"}]},{"@type":"WebSite","@id":"https:\/\/sulin.ee\/en\/#website","url":"https:\/\/sulin.ee\/en\/","name":"sulin.ee","description":"","publisher":{"@id":"https:\/\/sulin.ee\/en\/#organization"},"potentialAction":[{"@type":"SearchAction","target":{"@type":"EntryPoint","urlTemplate":"https:\/\/sulin.ee\/en\/?s={search_term_string}"},"query-input":{"@type":"PropertyValueSpecification","valueRequired":true,"valueName":"search_term_string"}}],"inLanguage":"en-US"},{"@type":"Organization","@id":"https:\/\/sulin.ee\/en\/#organization","name":"SULIN TRADE O\u00dc","url":"https:\/\/sulin.ee\/en\/","logo":{"@type":"ImageObject","inLanguage":"en-US","@id":"https:\/\/sulin.ee\/en\/#\/schema\/logo\/image\/","url":"https:\/\/sulin.ee\/wp-content\/uploads\/2022\/11\/sulin-logo.png","contentUrl":"https:\/\/sulin.ee\/wp-content\/uploads\/2022\/11\/sulin-logo.png","width":871,"height":321,"caption":"SULIN TRADE O\u00dc"},"image":{"@id":"https:\/\/sulin.ee\/en\/#\/schema\/logo\/image\/"},"sameAs":["https:\/\/www.facebook.com\/www.sulin.ee\/","https:\/\/www.instagram.com\/sulintrade\/"]}]}},"builder_content":"","_links":{"self":[{"href":"https:\/\/sulin.ee\/en\/wp-json\/wp\/v2\/product\/14094","targetHints":{"allow":["GET"]}}],"collection":[{"href":"https:\/\/sulin.ee\/en\/wp-json\/wp\/v2\/product"}],"about":[{"href":"https:\/\/sulin.ee\/en\/wp-json\/wp\/v2\/types\/product"}],"replies":[{"embeddable":true,"href":"https:\/\/sulin.ee\/en\/wp-json\/wp\/v2\/comments?post=14094"}],"wp:featuredmedia":[{"embeddable":true,"href":"https:\/\/sulin.ee\/en\/wp-json\/wp\/v2\/media\/14105"}],"wp:attachment":[{"href":"https:\/\/sulin.ee\/en\/wp-json\/wp\/v2\/media?parent=14094"}],"wp:term":[{"taxonomy":"product_brand","embeddable":true,"href":"https:\/\/sulin.ee\/en\/wp-json\/wp\/v2\/product_brand?post=14094"},{"taxonomy":"product_cat","embeddable":true,"href":"https:\/\/sulin.ee\/en\/wp-json\/wp\/v2\/product_cat?post=14094"},{"taxonomy":"product_tag","embeddable":true,"href":"https:\/\/sulin.ee\/en\/wp-json\/wp\/v2\/product_tag?post=14094"}],"curies":[{"name":"wp","href":"https:\/\/api.w.org\/{rel}","templated":true}]}}