{"id":14084,"date":"2024-01-16T12:21:46","date_gmt":"2024-01-16T12:21:46","guid":{"rendered":"https:\/\/sulin.ee\/?post_type=product&#038;p=14084"},"modified":"2025-09-07T21:45:31","modified_gmt":"2025-09-07T21:45:31","slug":"lauamang-tactilo-basic-djeco","status":"publish","type":"product","link":"https:\/\/sulin.ee\/en\/toode\/lauamang-tactilo-basic-djeco\/","title":{"rendered":"Lauam\u00e4ng &#8220;Tactilo Basic&#8221;"},"content":{"rendered":"<p><strong>Lauam\u00e4ng &#8220;Tactilo Basic&#8221; on vahva \u00e4raarvamism\u00e4ng, mis \u00f5petab lapsele erinevaid geomeetrilisi kujundeid.<\/strong><\/p>\n<p>M\u00e4ngu k\u00e4igus tuleb keerutada keerutusratast ning leida kotist \u00f5ige geomeetriline kujund, ilma kotti vaatamata. L\u00f5bus koguperem\u00e4ng, mille k\u00e4igus saab lapsele \u00f5petada erinevaid geomeetrilisi kujundeid. Lisaks aitab kujundite pimesi tajumine arendada peenmotoorikat.<\/p>\n<p><strong>Komplekti kuulub:<\/strong> 1 puidust keerutusratas, 1 riidest kott ja 9 puidust kaunistatud geomeetrilist kujundit.<\/p>\n<p>Sobib alates 3. eluaastast.<\/p>\n<p>Vaata ka teisi arendavaid m\u00e4nge <span style=\"color: #ff9900;\"><a style=\"color: #ff9900;\" href=\"https:\/\/sulin.ee\/tootekategooria\/lapsele\/mangimine\/arendavad-manguasjad\/\" target=\"_blank\" rel=\"noopener\">siit.<\/a><\/span><\/p>\n","protected":false},"excerpt":{"rendered":"<p>Lauam\u00e4ng &#8220;Tactilo Basic&#8221; on vahva \u00e4raarvamism\u00e4ng, mis \u00f5petab lapsele erinevaid geomeetrilisi kujundeid. M\u00e4ngu k\u00e4igus tuleb keerutada keerutusratast ning leida kotist \u00f5ige geomeetriline kujund, ilma kotti vaatamata. L\u00f5bus koguperem\u00e4ng, mille k\u00e4igus saab lapsele \u00f5petada erinevaid geomeetrilisi kujundeid. Lisaks aitab kujundite pimesi tajumine arendada peenmotoorikat. Komplekti kuulub: 1 puidust keerutusratas, 1 riidest kott ja 9 puidust kaunistatud [&hellip;]<\/p>\n","protected":false},"featured_media":15821,"comment_status":"open","ping_status":"closed","template":"","meta":[],"product_brand":[],"product_cat":[1162,1165,1002,1022,942,928],"product_tag":[],"class_list":{"0":"post-14084","1":"product","2":"type-product","3":"status-publish","4":"has-post-thumbnail","6":"product_cat-kingituseks","7":"product_cat-3-5-aastat","8":"product_cat-oppemangud","9":"product_cat-varvid-ja-kujundid","10":"product_cat-lauamangud","11":"product_cat-djeco","12":"has-post-title","13":"has-post-date","14":"has-post-category","15":"has-post-tag","16":"has-post-comment","17":"has-post-author","18":"","20":"first","21":"instock","22":"sale","23":"taxable","24":"shipping-taxable","25":"purchasable","26":"product-type-simple"},"yoast_head":"<!-- This site is optimized with the Yoast SEO plugin v26.8 - https:\/\/yoast.com\/product\/yoast-seo-wordpress\/ -->\n<title>Lauam\u00e4ng &quot;Tactilo Basic&quot; - sulin.ee<\/title>\n<meta name=\"description\" content=\"Lauam\u00e4ng &quot;Tactilo Basic&quot; on vahva \u00e4raarvamism\u00e4ng, mis \u00f5petab lapsele erinevaid geomeetrilisi kujundeid. Sobib alates 3. eluaastast.\" \/>\n<meta name=\"robots\" content=\"index, follow, max-snippet:-1, max-image-preview:large, max-video-preview:-1\" \/>\n<link rel=\"canonical\" href=\"https:\/\/sulin.ee\/en\/toode\/lauamang-tactilo-basic-djeco\/\" \/>\n<meta property=\"og:locale\" content=\"en_US\" \/>\n<meta property=\"og:type\" content=\"article\" \/>\n<meta property=\"og:title\" content=\"Lauam\u00e4ng &quot;Tactilo Basic&quot; - sulin.ee\" \/>\n<meta property=\"og:description\" content=\"Lauam\u00e4ng &quot;Tactilo Basic&quot; on vahva \u00e4raarvamism\u00e4ng, mis \u00f5petab lapsele erinevaid geomeetrilisi kujundeid. Sobib alates 3. eluaastast.\" \/>\n<meta property=\"og:url\" content=\"https:\/\/sulin.ee\/en\/toode\/lauamang-tactilo-basic-djeco\/\" \/>\n<meta property=\"og:site_name\" content=\"sulin.ee\" \/>\n<meta property=\"article:publisher\" content=\"https:\/\/www.facebook.com\/www.sulin.ee\/\" \/>\n<meta property=\"article:modified_time\" content=\"2025-09-07T21:45:31+00:00\" \/>\n<meta property=\"og:image\" content=\"https:\/\/sulin.ee\/wp-content\/uploads\/2024\/01\/Tactilo.png\" \/>\n\t<meta property=\"og:image:width\" content=\"1080\" \/>\n\t<meta property=\"og:image:height\" content=\"1080\" \/>\n\t<meta property=\"og:image:type\" content=\"image\/png\" \/>\n<meta name=\"twitter:card\" content=\"summary_large_image\" \/>\n<meta name=\"twitter:label1\" content=\"Est. reading time\" \/>\n\t<meta name=\"twitter:data1\" content=\"1 minute\" \/>\n<script type=\"application\/ld+json\" class=\"yoast-schema-graph\">{\"@context\":\"https:\/\/schema.org\",\"@graph\":[{\"@type\":\"WebPage\",\"@id\":\"https:\/\/sulin.ee\/en\/toode\/lauamang-tactilo-basic-djeco\/\",\"url\":\"https:\/\/sulin.ee\/en\/toode\/lauamang-tactilo-basic-djeco\/\",\"name\":\"Lauam\u00e4ng \\\"Tactilo Basic\\\" - sulin.ee\",\"isPartOf\":{\"@id\":\"https:\/\/sulin.ee\/en\/#website\"},\"primaryImageOfPage\":{\"@id\":\"https:\/\/sulin.ee\/en\/toode\/lauamang-tactilo-basic-djeco\/#primaryimage\"},\"image\":{\"@id\":\"https:\/\/sulin.ee\/en\/toode\/lauamang-tactilo-basic-djeco\/#primaryimage\"},\"thumbnailUrl\":\"https:\/\/sulin.ee\/wp-content\/uploads\/2024\/01\/Tactilo.png\",\"datePublished\":\"2024-01-16T12:21:46+00:00\",\"dateModified\":\"2025-09-07T21:45:31+00:00\",\"description\":\"Lauam\u00e4ng \\\"Tactilo Basic\\\" on vahva \u00e4raarvamism\u00e4ng, mis \u00f5petab lapsele erinevaid geomeetrilisi kujundeid. Sobib alates 3. eluaastast.\",\"breadcrumb\":{\"@id\":\"https:\/\/sulin.ee\/en\/toode\/lauamang-tactilo-basic-djeco\/#breadcrumb\"},\"inLanguage\":\"en-US\",\"potentialAction\":[{\"@type\":\"ReadAction\",\"target\":[\"https:\/\/sulin.ee\/en\/toode\/lauamang-tactilo-basic-djeco\/\"]}]},{\"@type\":\"ImageObject\",\"inLanguage\":\"en-US\",\"@id\":\"https:\/\/sulin.ee\/en\/toode\/lauamang-tactilo-basic-djeco\/#primaryimage\",\"url\":\"https:\/\/sulin.ee\/wp-content\/uploads\/2024\/01\/Tactilo.png\",\"contentUrl\":\"https:\/\/sulin.ee\/wp-content\/uploads\/2024\/01\/Tactilo.png\",\"width\":1080,\"height\":1080,\"caption\":\"Lauam\u00e4ng \\\"Tactilo Basic\\\"\"},{\"@type\":\"BreadcrumbList\",\"@id\":\"https:\/\/sulin.ee\/en\/toode\/lauamang-tactilo-basic-djeco\/#breadcrumb\",\"itemListElement\":[{\"@type\":\"ListItem\",\"position\":1,\"name\":\"Home\",\"item\":\"https:\/\/sulin.ee\/en\/\"},{\"@type\":\"ListItem\",\"position\":2,\"name\":\"Sulin.ee e-pood\",\"item\":\"https:\/\/sulin.ee\/shop\/\"},{\"@type\":\"ListItem\",\"position\":3,\"name\":\"Lauam\u00e4ng &#8220;Tactilo Basic&#8221;\"}]},{\"@type\":\"WebSite\",\"@id\":\"https:\/\/sulin.ee\/en\/#website\",\"url\":\"https:\/\/sulin.ee\/en\/\",\"name\":\"sulin.ee\",\"description\":\"\",\"publisher\":{\"@id\":\"https:\/\/sulin.ee\/en\/#organization\"},\"potentialAction\":[{\"@type\":\"SearchAction\",\"target\":{\"@type\":\"EntryPoint\",\"urlTemplate\":\"https:\/\/sulin.ee\/en\/?s={search_term_string}\"},\"query-input\":{\"@type\":\"PropertyValueSpecification\",\"valueRequired\":true,\"valueName\":\"search_term_string\"}}],\"inLanguage\":\"en-US\"},{\"@type\":\"Organization\",\"@id\":\"https:\/\/sulin.ee\/en\/#organization\",\"name\":\"SULIN TRADE O\u00dc\",\"url\":\"https:\/\/sulin.ee\/en\/\",\"logo\":{\"@type\":\"ImageObject\",\"inLanguage\":\"en-US\",\"@id\":\"https:\/\/sulin.ee\/en\/#\/schema\/logo\/image\/\",\"url\":\"https:\/\/sulin.ee\/wp-content\/uploads\/2022\/11\/sulin-logo.png\",\"contentUrl\":\"https:\/\/sulin.ee\/wp-content\/uploads\/2022\/11\/sulin-logo.png\",\"width\":871,\"height\":321,\"caption\":\"SULIN TRADE O\u00dc\"},\"image\":{\"@id\":\"https:\/\/sulin.ee\/en\/#\/schema\/logo\/image\/\"},\"sameAs\":[\"https:\/\/www.facebook.com\/www.sulin.ee\/\",\"https:\/\/www.instagram.com\/sulintrade\/\"]}]}<\/script>\n<!-- \/ Yoast SEO plugin. -->","yoast_head_json":{"title":"Lauam\u00e4ng \"Tactilo Basic\" - sulin.ee","description":"Lauam\u00e4ng \"Tactilo Basic\" on vahva \u00e4raarvamism\u00e4ng, mis \u00f5petab lapsele erinevaid geomeetrilisi kujundeid. Sobib alates 3. eluaastast.","robots":{"index":"index","follow":"follow","max-snippet":"max-snippet:-1","max-image-preview":"max-image-preview:large","max-video-preview":"max-video-preview:-1"},"canonical":"https:\/\/sulin.ee\/en\/toode\/lauamang-tactilo-basic-djeco\/","og_locale":"en_US","og_type":"article","og_title":"Lauam\u00e4ng \"Tactilo Basic\" - sulin.ee","og_description":"Lauam\u00e4ng \"Tactilo Basic\" on vahva \u00e4raarvamism\u00e4ng, mis \u00f5petab lapsele erinevaid geomeetrilisi kujundeid. Sobib alates 3. eluaastast.","og_url":"https:\/\/sulin.ee\/en\/toode\/lauamang-tactilo-basic-djeco\/","og_site_name":"sulin.ee","article_publisher":"https:\/\/www.facebook.com\/www.sulin.ee\/","article_modified_time":"2025-09-07T21:45:31+00:00","og_image":[{"width":1080,"height":1080,"url":"https:\/\/sulin.ee\/wp-content\/uploads\/2024\/01\/Tactilo.png","type":"image\/png"}],"twitter_card":"summary_large_image","twitter_misc":{"Est. reading time":"1 minute"},"schema":{"@context":"https:\/\/schema.org","@graph":[{"@type":"WebPage","@id":"https:\/\/sulin.ee\/en\/toode\/lauamang-tactilo-basic-djeco\/","url":"https:\/\/sulin.ee\/en\/toode\/lauamang-tactilo-basic-djeco\/","name":"Lauam\u00e4ng \"Tactilo Basic\" - sulin.ee","isPartOf":{"@id":"https:\/\/sulin.ee\/en\/#website"},"primaryImageOfPage":{"@id":"https:\/\/sulin.ee\/en\/toode\/lauamang-tactilo-basic-djeco\/#primaryimage"},"image":{"@id":"https:\/\/sulin.ee\/en\/toode\/lauamang-tactilo-basic-djeco\/#primaryimage"},"thumbnailUrl":"https:\/\/sulin.ee\/wp-content\/uploads\/2024\/01\/Tactilo.png","datePublished":"2024-01-16T12:21:46+00:00","dateModified":"2025-09-07T21:45:31+00:00","description":"Lauam\u00e4ng \"Tactilo Basic\" on vahva \u00e4raarvamism\u00e4ng, mis \u00f5petab lapsele erinevaid geomeetrilisi kujundeid. Sobib alates 3. eluaastast.","breadcrumb":{"@id":"https:\/\/sulin.ee\/en\/toode\/lauamang-tactilo-basic-djeco\/#breadcrumb"},"inLanguage":"en-US","potentialAction":[{"@type":"ReadAction","target":["https:\/\/sulin.ee\/en\/toode\/lauamang-tactilo-basic-djeco\/"]}]},{"@type":"ImageObject","inLanguage":"en-US","@id":"https:\/\/sulin.ee\/en\/toode\/lauamang-tactilo-basic-djeco\/#primaryimage","url":"https:\/\/sulin.ee\/wp-content\/uploads\/2024\/01\/Tactilo.png","contentUrl":"https:\/\/sulin.ee\/wp-content\/uploads\/2024\/01\/Tactilo.png","width":1080,"height":1080,"caption":"Lauam\u00e4ng \"Tactilo Basic\""},{"@type":"BreadcrumbList","@id":"https:\/\/sulin.ee\/en\/toode\/lauamang-tactilo-basic-djeco\/#breadcrumb","itemListElement":[{"@type":"ListItem","position":1,"name":"Home","item":"https:\/\/sulin.ee\/en\/"},{"@type":"ListItem","position":2,"name":"Sulin.ee e-pood","item":"https:\/\/sulin.ee\/shop\/"},{"@type":"ListItem","position":3,"name":"Lauam\u00e4ng &#8220;Tactilo Basic&#8221;"}]},{"@type":"WebSite","@id":"https:\/\/sulin.ee\/en\/#website","url":"https:\/\/sulin.ee\/en\/","name":"sulin.ee","description":"","publisher":{"@id":"https:\/\/sulin.ee\/en\/#organization"},"potentialAction":[{"@type":"SearchAction","target":{"@type":"EntryPoint","urlTemplate":"https:\/\/sulin.ee\/en\/?s={search_term_string}"},"query-input":{"@type":"PropertyValueSpecification","valueRequired":true,"valueName":"search_term_string"}}],"inLanguage":"en-US"},{"@type":"Organization","@id":"https:\/\/sulin.ee\/en\/#organization","name":"SULIN TRADE O\u00dc","url":"https:\/\/sulin.ee\/en\/","logo":{"@type":"ImageObject","inLanguage":"en-US","@id":"https:\/\/sulin.ee\/en\/#\/schema\/logo\/image\/","url":"https:\/\/sulin.ee\/wp-content\/uploads\/2022\/11\/sulin-logo.png","contentUrl":"https:\/\/sulin.ee\/wp-content\/uploads\/2022\/11\/sulin-logo.png","width":871,"height":321,"caption":"SULIN TRADE O\u00dc"},"image":{"@id":"https:\/\/sulin.ee\/en\/#\/schema\/logo\/image\/"},"sameAs":["https:\/\/www.facebook.com\/www.sulin.ee\/","https:\/\/www.instagram.com\/sulintrade\/"]}]}},"builder_content":"","_links":{"self":[{"href":"https:\/\/sulin.ee\/en\/wp-json\/wp\/v2\/product\/14084","targetHints":{"allow":["GET"]}}],"collection":[{"href":"https:\/\/sulin.ee\/en\/wp-json\/wp\/v2\/product"}],"about":[{"href":"https:\/\/sulin.ee\/en\/wp-json\/wp\/v2\/types\/product"}],"replies":[{"embeddable":true,"href":"https:\/\/sulin.ee\/en\/wp-json\/wp\/v2\/comments?post=14084"}],"wp:featuredmedia":[{"embeddable":true,"href":"https:\/\/sulin.ee\/en\/wp-json\/wp\/v2\/media\/15821"}],"wp:attachment":[{"href":"https:\/\/sulin.ee\/en\/wp-json\/wp\/v2\/media?parent=14084"}],"wp:term":[{"taxonomy":"product_brand","embeddable":true,"href":"https:\/\/sulin.ee\/en\/wp-json\/wp\/v2\/product_brand?post=14084"},{"taxonomy":"product_cat","embeddable":true,"href":"https:\/\/sulin.ee\/en\/wp-json\/wp\/v2\/product_cat?post=14084"},{"taxonomy":"product_tag","embeddable":true,"href":"https:\/\/sulin.ee\/en\/wp-json\/wp\/v2\/product_tag?post=14084"}],"curies":[{"name":"wp","href":"https:\/\/api.w.org\/{rel}","templated":true}]}}