{"id":14049,"date":"2023-11-13T20:53:42","date_gmt":"2023-11-13T20:53:42","guid":{"rendered":"https:\/\/sulin.ee\/?post_type=product&#038;p=14049"},"modified":"2025-12-09T14:14:01","modified_gmt":"2025-12-09T14:14:01","slug":"puidust-ksulofon-animambo-djeco","status":"publish","type":"product","link":"https:\/\/sulin.ee\/en\/toode\/puidust-ksulofon-animambo-djeco\/","title":{"rendered":"Puidust ks\u00fclofon Animambo"},"content":{"rendered":"<p><strong>Puidust ks\u00fclofon kaunite illustratsioonide on ideaalne kingitus v\u00e4ikesele muusikule alates 18. elukuust. Ks\u00fclofonil on v\u00f5imalik m\u00e4ngida 4 nooti ning selleks kasutatakse kahte pulka.<\/strong><\/p>\n<p>Laps l\u00f6\u00f6b ks\u00fclofoni kahe kaasas oleva puidust pulgaga ning nii tekib heli. Laske fantaasial lennata ning looge oma lugu.<\/p>\n<p>Armas kalakujuline ks\u00fclofon sobib lapsele muusika tutvustamiseks ja r\u00fctmitaju arendamiseks.<\/p>\n<p><strong>Ks\u00fclofoni m\u00f5\u00f5dud:<\/strong> 22,3 x 18,8 x 2,7 cm.<\/p>\n<p>Sobib alates 18. elukuust.<\/p>\n<p>Vaata ka teisi lastele m\u00f5eldud muusikariistu <a href=\"https:\/\/sulin.ee\/tootekategooria\/lastele\/mangimine\/laste-muusikariistad\/\" target=\"_blank\" rel=\"noopener\"><span style=\"color: #ff9900;\">siit<\/span><\/a>.<\/p>\n<p>Teised vahvad ja arendavad DJECO m\u00e4nguasjad leiad <span style=\"color: #ff9900;\"><a style=\"color: #ff9900;\" href=\"https:\/\/sulin.ee\/tootekategooria\/brandid\/djeco\/\" target=\"_blank\" rel=\"noopener\">siit.<\/a><\/span><\/p>\n","protected":false},"excerpt":{"rendered":"<p>Puidust ks\u00fclofon kaunite illustratsioonide on ideaalne kingitus v\u00e4ikesele muusikule alates 18. elukuust. Ks\u00fclofonil on v\u00f5imalik m\u00e4ngida 4 nooti ning selleks kasutatakse kahte pulka. Laps l\u00f6\u00f6b ks\u00fclofoni kahe kaasas oleva puidust pulgaga ning nii tekib heli. Laske fantaasial lennata ning looge oma lugu. Armas kalakujuline ks\u00fclofon sobib lapsele muusika tutvustamiseks ja r\u00fctmitaju arendamiseks. Ks\u00fclofoni m\u00f5\u00f5dud: 22,3 [&hellip;]<\/p>\n","protected":false},"featured_media":15228,"comment_status":"open","ping_status":"closed","template":"","meta":[],"product_brand":[],"product_cat":[1162,1164,1165,946,175,928],"product_tag":[],"class_list":{"0":"post-14049","1":"product","2":"type-product","3":"status-publish","4":"has-post-thumbnail","6":"product_cat-kingituseks","7":"product_cat-1-3-aastat","8":"product_cat-3-5-aastat","9":"product_cat-muusika-ja-helid","10":"product_cat-puidust-manguasjad","11":"product_cat-djeco","12":"has-post-title","13":"has-post-date","14":"has-post-category","15":"has-post-tag","16":"has-post-comment","17":"has-post-author","18":"","20":"first","21":"instock","22":"sale","23":"taxable","24":"shipping-taxable","25":"purchasable","26":"product-type-simple"},"yoast_head":"<!-- This site is optimized with the Yoast SEO plugin v26.8 - https:\/\/yoast.com\/product\/yoast-seo-wordpress\/ -->\n<title>Puidust ks\u00fclofon Animambo - sulin.ee<\/title>\n<meta name=\"description\" content=\"Puidust ks\u00fclofon kaunite illustratsioonide on ideaalne kingitus v\u00e4ikesele muusikule alates 18. elukuust. Ks\u00fclofonil on v\u00f5imalik m\u00e4ngida 4 nooti.\" \/>\n<meta name=\"robots\" content=\"index, follow, max-snippet:-1, max-image-preview:large, max-video-preview:-1\" \/>\n<link rel=\"canonical\" href=\"https:\/\/sulin.ee\/en\/toode\/puidust-ksulofon-animambo-djeco\/\" \/>\n<meta property=\"og:locale\" content=\"en_US\" \/>\n<meta property=\"og:type\" content=\"article\" \/>\n<meta property=\"og:title\" content=\"Puidust ks\u00fclofon Animambo - sulin.ee\" \/>\n<meta property=\"og:description\" content=\"Puidust ks\u00fclofon kaunite illustratsioonide on ideaalne kingitus v\u00e4ikesele muusikule alates 18. elukuust. Ks\u00fclofonil on v\u00f5imalik m\u00e4ngida 4 nooti.\" \/>\n<meta property=\"og:url\" content=\"https:\/\/sulin.ee\/en\/toode\/puidust-ksulofon-animambo-djeco\/\" \/>\n<meta property=\"og:site_name\" content=\"sulin.ee\" \/>\n<meta property=\"article:publisher\" content=\"https:\/\/www.facebook.com\/www.sulin.ee\/\" \/>\n<meta property=\"article:modified_time\" content=\"2025-12-09T14:14:01+00:00\" \/>\n<meta property=\"og:image\" content=\"https:\/\/sulin.ee\/wp-content\/uploads\/2023\/11\/4-1.png\" \/>\n\t<meta property=\"og:image:width\" content=\"1080\" \/>\n\t<meta property=\"og:image:height\" content=\"1080\" \/>\n\t<meta property=\"og:image:type\" content=\"image\/png\" \/>\n<meta name=\"twitter:card\" content=\"summary_large_image\" \/>\n<meta name=\"twitter:label1\" content=\"Est. reading time\" \/>\n\t<meta name=\"twitter:data1\" content=\"1 minute\" \/>\n<script type=\"application\/ld+json\" class=\"yoast-schema-graph\">{\"@context\":\"https:\/\/schema.org\",\"@graph\":[{\"@type\":\"WebPage\",\"@id\":\"https:\/\/sulin.ee\/en\/toode\/puidust-ksulofon-animambo-djeco\/\",\"url\":\"https:\/\/sulin.ee\/en\/toode\/puidust-ksulofon-animambo-djeco\/\",\"name\":\"Puidust ks\u00fclofon Animambo - sulin.ee\",\"isPartOf\":{\"@id\":\"https:\/\/sulin.ee\/en\/#website\"},\"primaryImageOfPage\":{\"@id\":\"https:\/\/sulin.ee\/en\/toode\/puidust-ksulofon-animambo-djeco\/#primaryimage\"},\"image\":{\"@id\":\"https:\/\/sulin.ee\/en\/toode\/puidust-ksulofon-animambo-djeco\/#primaryimage\"},\"thumbnailUrl\":\"https:\/\/sulin.ee\/wp-content\/uploads\/2023\/11\/4-1.png\",\"datePublished\":\"2023-11-13T20:53:42+00:00\",\"dateModified\":\"2025-12-09T14:14:01+00:00\",\"description\":\"Puidust ks\u00fclofon kaunite illustratsioonide on ideaalne kingitus v\u00e4ikesele muusikule alates 18. elukuust. Ks\u00fclofonil on v\u00f5imalik m\u00e4ngida 4 nooti.\",\"breadcrumb\":{\"@id\":\"https:\/\/sulin.ee\/en\/toode\/puidust-ksulofon-animambo-djeco\/#breadcrumb\"},\"inLanguage\":\"en-US\",\"potentialAction\":[{\"@type\":\"ReadAction\",\"target\":[\"https:\/\/sulin.ee\/en\/toode\/puidust-ksulofon-animambo-djeco\/\"]}]},{\"@type\":\"ImageObject\",\"inLanguage\":\"en-US\",\"@id\":\"https:\/\/sulin.ee\/en\/toode\/puidust-ksulofon-animambo-djeco\/#primaryimage\",\"url\":\"https:\/\/sulin.ee\/wp-content\/uploads\/2023\/11\/4-1.png\",\"contentUrl\":\"https:\/\/sulin.ee\/wp-content\/uploads\/2023\/11\/4-1.png\",\"width\":1080,\"height\":1080,\"caption\":\"Puidust ks\u00fclofon Animambo\"},{\"@type\":\"BreadcrumbList\",\"@id\":\"https:\/\/sulin.ee\/en\/toode\/puidust-ksulofon-animambo-djeco\/#breadcrumb\",\"itemListElement\":[{\"@type\":\"ListItem\",\"position\":1,\"name\":\"Home\",\"item\":\"https:\/\/sulin.ee\/en\/\"},{\"@type\":\"ListItem\",\"position\":2,\"name\":\"Sulin.ee e-pood\",\"item\":\"https:\/\/sulin.ee\/shop\/\"},{\"@type\":\"ListItem\",\"position\":3,\"name\":\"Puidust ks\u00fclofon Animambo\"}]},{\"@type\":\"WebSite\",\"@id\":\"https:\/\/sulin.ee\/en\/#website\",\"url\":\"https:\/\/sulin.ee\/en\/\",\"name\":\"sulin.ee\",\"description\":\"\",\"publisher\":{\"@id\":\"https:\/\/sulin.ee\/en\/#organization\"},\"potentialAction\":[{\"@type\":\"SearchAction\",\"target\":{\"@type\":\"EntryPoint\",\"urlTemplate\":\"https:\/\/sulin.ee\/en\/?s={search_term_string}\"},\"query-input\":{\"@type\":\"PropertyValueSpecification\",\"valueRequired\":true,\"valueName\":\"search_term_string\"}}],\"inLanguage\":\"en-US\"},{\"@type\":\"Organization\",\"@id\":\"https:\/\/sulin.ee\/en\/#organization\",\"name\":\"SULIN TRADE O\u00dc\",\"url\":\"https:\/\/sulin.ee\/en\/\",\"logo\":{\"@type\":\"ImageObject\",\"inLanguage\":\"en-US\",\"@id\":\"https:\/\/sulin.ee\/en\/#\/schema\/logo\/image\/\",\"url\":\"https:\/\/sulin.ee\/wp-content\/uploads\/2022\/11\/sulin-logo.png\",\"contentUrl\":\"https:\/\/sulin.ee\/wp-content\/uploads\/2022\/11\/sulin-logo.png\",\"width\":871,\"height\":321,\"caption\":\"SULIN TRADE O\u00dc\"},\"image\":{\"@id\":\"https:\/\/sulin.ee\/en\/#\/schema\/logo\/image\/\"},\"sameAs\":[\"https:\/\/www.facebook.com\/www.sulin.ee\/\",\"https:\/\/www.instagram.com\/sulintrade\/\"]}]}<\/script>\n<!-- \/ Yoast SEO plugin. -->","yoast_head_json":{"title":"Puidust ks\u00fclofon Animambo - sulin.ee","description":"Puidust ks\u00fclofon kaunite illustratsioonide on ideaalne kingitus v\u00e4ikesele muusikule alates 18. elukuust. Ks\u00fclofonil on v\u00f5imalik m\u00e4ngida 4 nooti.","robots":{"index":"index","follow":"follow","max-snippet":"max-snippet:-1","max-image-preview":"max-image-preview:large","max-video-preview":"max-video-preview:-1"},"canonical":"https:\/\/sulin.ee\/en\/toode\/puidust-ksulofon-animambo-djeco\/","og_locale":"en_US","og_type":"article","og_title":"Puidust ks\u00fclofon Animambo - sulin.ee","og_description":"Puidust ks\u00fclofon kaunite illustratsioonide on ideaalne kingitus v\u00e4ikesele muusikule alates 18. elukuust. Ks\u00fclofonil on v\u00f5imalik m\u00e4ngida 4 nooti.","og_url":"https:\/\/sulin.ee\/en\/toode\/puidust-ksulofon-animambo-djeco\/","og_site_name":"sulin.ee","article_publisher":"https:\/\/www.facebook.com\/www.sulin.ee\/","article_modified_time":"2025-12-09T14:14:01+00:00","og_image":[{"width":1080,"height":1080,"url":"https:\/\/sulin.ee\/wp-content\/uploads\/2023\/11\/4-1.png","type":"image\/png"}],"twitter_card":"summary_large_image","twitter_misc":{"Est. reading time":"1 minute"},"schema":{"@context":"https:\/\/schema.org","@graph":[{"@type":"WebPage","@id":"https:\/\/sulin.ee\/en\/toode\/puidust-ksulofon-animambo-djeco\/","url":"https:\/\/sulin.ee\/en\/toode\/puidust-ksulofon-animambo-djeco\/","name":"Puidust ks\u00fclofon Animambo - sulin.ee","isPartOf":{"@id":"https:\/\/sulin.ee\/en\/#website"},"primaryImageOfPage":{"@id":"https:\/\/sulin.ee\/en\/toode\/puidust-ksulofon-animambo-djeco\/#primaryimage"},"image":{"@id":"https:\/\/sulin.ee\/en\/toode\/puidust-ksulofon-animambo-djeco\/#primaryimage"},"thumbnailUrl":"https:\/\/sulin.ee\/wp-content\/uploads\/2023\/11\/4-1.png","datePublished":"2023-11-13T20:53:42+00:00","dateModified":"2025-12-09T14:14:01+00:00","description":"Puidust ks\u00fclofon kaunite illustratsioonide on ideaalne kingitus v\u00e4ikesele muusikule alates 18. elukuust. Ks\u00fclofonil on v\u00f5imalik m\u00e4ngida 4 nooti.","breadcrumb":{"@id":"https:\/\/sulin.ee\/en\/toode\/puidust-ksulofon-animambo-djeco\/#breadcrumb"},"inLanguage":"en-US","potentialAction":[{"@type":"ReadAction","target":["https:\/\/sulin.ee\/en\/toode\/puidust-ksulofon-animambo-djeco\/"]}]},{"@type":"ImageObject","inLanguage":"en-US","@id":"https:\/\/sulin.ee\/en\/toode\/puidust-ksulofon-animambo-djeco\/#primaryimage","url":"https:\/\/sulin.ee\/wp-content\/uploads\/2023\/11\/4-1.png","contentUrl":"https:\/\/sulin.ee\/wp-content\/uploads\/2023\/11\/4-1.png","width":1080,"height":1080,"caption":"Puidust ks\u00fclofon Animambo"},{"@type":"BreadcrumbList","@id":"https:\/\/sulin.ee\/en\/toode\/puidust-ksulofon-animambo-djeco\/#breadcrumb","itemListElement":[{"@type":"ListItem","position":1,"name":"Home","item":"https:\/\/sulin.ee\/en\/"},{"@type":"ListItem","position":2,"name":"Sulin.ee e-pood","item":"https:\/\/sulin.ee\/shop\/"},{"@type":"ListItem","position":3,"name":"Puidust ks\u00fclofon Animambo"}]},{"@type":"WebSite","@id":"https:\/\/sulin.ee\/en\/#website","url":"https:\/\/sulin.ee\/en\/","name":"sulin.ee","description":"","publisher":{"@id":"https:\/\/sulin.ee\/en\/#organization"},"potentialAction":[{"@type":"SearchAction","target":{"@type":"EntryPoint","urlTemplate":"https:\/\/sulin.ee\/en\/?s={search_term_string}"},"query-input":{"@type":"PropertyValueSpecification","valueRequired":true,"valueName":"search_term_string"}}],"inLanguage":"en-US"},{"@type":"Organization","@id":"https:\/\/sulin.ee\/en\/#organization","name":"SULIN TRADE O\u00dc","url":"https:\/\/sulin.ee\/en\/","logo":{"@type":"ImageObject","inLanguage":"en-US","@id":"https:\/\/sulin.ee\/en\/#\/schema\/logo\/image\/","url":"https:\/\/sulin.ee\/wp-content\/uploads\/2022\/11\/sulin-logo.png","contentUrl":"https:\/\/sulin.ee\/wp-content\/uploads\/2022\/11\/sulin-logo.png","width":871,"height":321,"caption":"SULIN TRADE O\u00dc"},"image":{"@id":"https:\/\/sulin.ee\/en\/#\/schema\/logo\/image\/"},"sameAs":["https:\/\/www.facebook.com\/www.sulin.ee\/","https:\/\/www.instagram.com\/sulintrade\/"]}]}},"builder_content":"","_links":{"self":[{"href":"https:\/\/sulin.ee\/en\/wp-json\/wp\/v2\/product\/14049","targetHints":{"allow":["GET"]}}],"collection":[{"href":"https:\/\/sulin.ee\/en\/wp-json\/wp\/v2\/product"}],"about":[{"href":"https:\/\/sulin.ee\/en\/wp-json\/wp\/v2\/types\/product"}],"replies":[{"embeddable":true,"href":"https:\/\/sulin.ee\/en\/wp-json\/wp\/v2\/comments?post=14049"}],"wp:featuredmedia":[{"embeddable":true,"href":"https:\/\/sulin.ee\/en\/wp-json\/wp\/v2\/media\/15228"}],"wp:attachment":[{"href":"https:\/\/sulin.ee\/en\/wp-json\/wp\/v2\/media?parent=14049"}],"wp:term":[{"taxonomy":"product_brand","embeddable":true,"href":"https:\/\/sulin.ee\/en\/wp-json\/wp\/v2\/product_brand?post=14049"},{"taxonomy":"product_cat","embeddable":true,"href":"https:\/\/sulin.ee\/en\/wp-json\/wp\/v2\/product_cat?post=14049"},{"taxonomy":"product_tag","embeddable":true,"href":"https:\/\/sulin.ee\/en\/wp-json\/wp\/v2\/product_tag?post=14049"}],"curies":[{"name":"wp","href":"https:\/\/api.w.org\/{rel}","templated":true}]}}