{"id":13830,"date":"2023-09-22T18:11:36","date_gmt":"2023-09-22T18:11:36","guid":{"rendered":"https:\/\/sulin.ee\/?post_type=product&#038;p=13830"},"modified":"2025-09-07T21:47:34","modified_gmt":"2025-09-07T21:47:34","slug":"puidust-magnetid-farm-24tk-djeco","status":"publish","type":"product","link":"https:\/\/sulin.ee\/en\/toode\/puidust-magnetid-farm-24tk-djeco\/","title":{"rendered":"Puidust magnetid &#8220;Farm&#8221; &#8211; 24tk"},"content":{"rendered":"<p><strong>Puidust magnetid &#8220;Farm&#8221; on mitmek\u00fclgne ja l\u00f5bus \u00f5ppevahend, mis tutvustab lapsele farmielu mitmekesisust ja p\u00f5nevust. See 24-osaline magnetikomplekt pakub lastele v\u00f5imalust \u00f5ppida tundma erinevaid koduloomi, linde ning farmis tehtavaid t\u00f6id l\u00e4bi m\u00e4ngulise tegevuse. Lapsed saavad uurida, milliseid t\u00f6id teeb traktor, kuidas hoolitsetakse loomade eest ja millised loomad farmis elavad.<\/strong><\/p>\n<p>Iga magnet on valmistatud kvaliteetsest puidust, mis tagab nende vastupidavuse ja ohutuse. Lastele m\u00f5eldud elav ja k\u00f6itev disain ning v\u00e4rvik\u00fcllased illustratsioonid aitavad kaasa loovuse ja kujutlusv\u00f5ime arengule. Magneteid saab kasutada magnettahvlil, k\u00fclmkapi uksel v\u00f5i mis tahes muul metallpinnal, pakkudes l\u00f5putuid v\u00f5imalusi loovaks m\u00e4nguks ja jutustamiseks.<\/p>\n<p>Lisaks harivatele elementidele julgustab see m\u00e4nguasi lapsi kasutama oma fantaasiat ja looma oma lugusid farmis toimuvast.<a href=\"https:\/\/www.djeco.com\/\"> Djeco<\/a> puidust magnetid &#8220;Farm&#8221; stimuleerib suhtlemisoskust ja annab lastele v\u00f5imaluse v\u00e4ljendada ennast l\u00e4bi rollim\u00e4ngude.<\/p>\n<p>Komplektis olevad 24 puidust magnetit teevad sellest ideaalse vahendi igap\u00e4evaseks \u00f5ppimiseks ja meelelahutuseks. Sobib suurep\u00e4raselt lastele, kes on huvitatud loomadest ja p\u00f5llumajandusest, pakkudes harivat ja l\u00f5busat tegevust, mis toetab nende \u00fcldist arengut.<\/p>\n<p><strong>Komplektis 24 puidust magnetit.<\/strong><\/p>\n<p><strong>HOIATUS!<\/strong> Ei sobi alla 3-aastastele lastele. Sisaldab v\u00e4ikeseid osi &#8211; l\u00e4mbumisoht.<\/p>\n<p>Vaata ka teisi vahvaid ja arendavaid DJECO m\u00e4nguasju\u00a0<span style=\"color: #0000ff;\"><a style=\"color: #0000ff;\" href=\"https:\/\/sulin.ee\/tootekategooria\/brandid\/djeco\/\" target=\"_blank\" rel=\"noopener\">siit.<\/a><\/span><\/p>\n","protected":false},"excerpt":{"rendered":"<p><strong>Puidust magnetid &#8220;Farm&#8221; on hariv 24-osaline komplekt, mis tutvustab lastele farmielu, koduloomi ja p\u00f5llumajandust\u00f6id. V\u00e4rvikad ja elavalt illustreeritud magnetid on ideaalsed kasutamiseks magnettahvlil v\u00f5i k\u00fclmkapi uksel, aidates lastel \u00f5ppida m\u00e4nguliselt ja loovalt.<\/strong><\/p>\n<p>Komplekt julgustab fantaasia kasutamist ja lugude jutustamist, arendades samal ajal lapse suhtlemisoskusi ja kujutlusv\u00f5imet.<\/p>\n<p>Sobib suurep\u00e4raselt noortele \u00f5ppijatele, kes on huvitatud loomadest ja farmi tegevustest.<\/p>\n","protected":false},"featured_media":13924,"comment_status":"open","ping_status":"closed","template":"","meta":[],"product_brand":[],"product_cat":[1162,1164,1165,1002,1021,942,175,928],"product_tag":[],"class_list":{"0":"post-13830","1":"product","2":"type-product","3":"status-publish","4":"has-post-thumbnail","6":"product_cat-kingituseks","7":"product_cat-1-3-aastat","8":"product_cat-3-5-aastat","9":"product_cat-oppemangud","10":"product_cat-loodusopetus","11":"product_cat-lauamangud","12":"product_cat-puidust-manguasjad","13":"product_cat-djeco","14":"has-post-title","15":"has-post-date","16":"has-post-category","17":"has-post-tag","18":"has-post-comment","19":"has-post-author","20":"","22":"first","23":"instock","24":"sale","25":"taxable","26":"shipping-taxable","27":"purchasable","28":"product-type-simple"},"yoast_head":"<!-- This site is optimized with the Yoast SEO plugin v26.8 - https:\/\/yoast.com\/product\/yoast-seo-wordpress\/ -->\n<title>Puidust magnetid &quot;Farm&quot; - 24tk - sulin.ee<\/title>\n<meta name=\"description\" content=\"Puidust magnetid &quot;Farm&quot; tutvustavad lapsele erinevaid koduloomi ja linde ning farmis tehtavaid t\u00f6id. Komplektis 24 puidust magnetit.\" \/>\n<meta name=\"robots\" content=\"index, follow, max-snippet:-1, max-image-preview:large, max-video-preview:-1\" \/>\n<link rel=\"canonical\" href=\"https:\/\/sulin.ee\/en\/toode\/puidust-magnetid-farm-24tk-djeco\/\" \/>\n<meta property=\"og:locale\" content=\"en_US\" \/>\n<meta property=\"og:type\" content=\"article\" \/>\n<meta property=\"og:title\" content=\"Puidust magnetid &quot;Farm&quot; - 24tk - sulin.ee\" \/>\n<meta property=\"og:description\" content=\"Puidust magnetid &quot;Farm&quot; tutvustavad lapsele erinevaid koduloomi ja linde ning farmis tehtavaid t\u00f6id. Komplektis 24 puidust magnetit.\" \/>\n<meta property=\"og:url\" content=\"https:\/\/sulin.ee\/en\/toode\/puidust-magnetid-farm-24tk-djeco\/\" \/>\n<meta property=\"og:site_name\" content=\"sulin.ee\" \/>\n<meta property=\"article:publisher\" content=\"https:\/\/www.facebook.com\/www.sulin.ee\/\" \/>\n<meta property=\"article:modified_time\" content=\"2025-09-07T21:47:34+00:00\" \/>\n<meta property=\"og:image\" content=\"https:\/\/sulin.ee\/wp-content\/uploads\/2023\/09\/10908-DJ03127.jpg\" \/>\n\t<meta property=\"og:image:width\" content=\"600\" \/>\n\t<meta property=\"og:image:height\" content=\"600\" \/>\n\t<meta property=\"og:image:type\" content=\"image\/jpeg\" \/>\n<meta name=\"twitter:card\" content=\"summary_large_image\" \/>\n<meta name=\"twitter:label1\" content=\"Est. reading time\" \/>\n\t<meta name=\"twitter:data1\" content=\"2 minutes\" \/>\n<script type=\"application\/ld+json\" class=\"yoast-schema-graph\">{\"@context\":\"https:\/\/schema.org\",\"@graph\":[{\"@type\":\"WebPage\",\"@id\":\"https:\/\/sulin.ee\/en\/toode\/puidust-magnetid-farm-24tk-djeco\/\",\"url\":\"https:\/\/sulin.ee\/en\/toode\/puidust-magnetid-farm-24tk-djeco\/\",\"name\":\"Puidust magnetid \\\"Farm\\\" - 24tk - sulin.ee\",\"isPartOf\":{\"@id\":\"https:\/\/sulin.ee\/en\/#website\"},\"primaryImageOfPage\":{\"@id\":\"https:\/\/sulin.ee\/en\/toode\/puidust-magnetid-farm-24tk-djeco\/#primaryimage\"},\"image\":{\"@id\":\"https:\/\/sulin.ee\/en\/toode\/puidust-magnetid-farm-24tk-djeco\/#primaryimage\"},\"thumbnailUrl\":\"https:\/\/sulin.ee\/wp-content\/uploads\/2023\/09\/10908-DJ03127.jpg\",\"datePublished\":\"2023-09-22T18:11:36+00:00\",\"dateModified\":\"2025-09-07T21:47:34+00:00\",\"description\":\"Puidust magnetid \\\"Farm\\\" tutvustavad lapsele erinevaid koduloomi ja linde ning farmis tehtavaid t\u00f6id. Komplektis 24 puidust magnetit.\",\"breadcrumb\":{\"@id\":\"https:\/\/sulin.ee\/en\/toode\/puidust-magnetid-farm-24tk-djeco\/#breadcrumb\"},\"inLanguage\":\"en-US\",\"potentialAction\":[{\"@type\":\"ReadAction\",\"target\":[\"https:\/\/sulin.ee\/en\/toode\/puidust-magnetid-farm-24tk-djeco\/\"]}]},{\"@type\":\"ImageObject\",\"inLanguage\":\"en-US\",\"@id\":\"https:\/\/sulin.ee\/en\/toode\/puidust-magnetid-farm-24tk-djeco\/#primaryimage\",\"url\":\"https:\/\/sulin.ee\/wp-content\/uploads\/2023\/09\/10908-DJ03127.jpg\",\"contentUrl\":\"https:\/\/sulin.ee\/wp-content\/uploads\/2023\/09\/10908-DJ03127.jpg\",\"width\":600,\"height\":600,\"caption\":\"Puidust magnetid \\\"Farm\\\"\"},{\"@type\":\"BreadcrumbList\",\"@id\":\"https:\/\/sulin.ee\/en\/toode\/puidust-magnetid-farm-24tk-djeco\/#breadcrumb\",\"itemListElement\":[{\"@type\":\"ListItem\",\"position\":1,\"name\":\"Home\",\"item\":\"https:\/\/sulin.ee\/en\/\"},{\"@type\":\"ListItem\",\"position\":2,\"name\":\"Sulin.ee e-pood\",\"item\":\"https:\/\/sulin.ee\/shop\/\"},{\"@type\":\"ListItem\",\"position\":3,\"name\":\"Puidust magnetid &#8220;Farm&#8221; &#8211; 24tk\"}]},{\"@type\":\"WebSite\",\"@id\":\"https:\/\/sulin.ee\/en\/#website\",\"url\":\"https:\/\/sulin.ee\/en\/\",\"name\":\"sulin.ee\",\"description\":\"\",\"publisher\":{\"@id\":\"https:\/\/sulin.ee\/en\/#organization\"},\"potentialAction\":[{\"@type\":\"SearchAction\",\"target\":{\"@type\":\"EntryPoint\",\"urlTemplate\":\"https:\/\/sulin.ee\/en\/?s={search_term_string}\"},\"query-input\":{\"@type\":\"PropertyValueSpecification\",\"valueRequired\":true,\"valueName\":\"search_term_string\"}}],\"inLanguage\":\"en-US\"},{\"@type\":\"Organization\",\"@id\":\"https:\/\/sulin.ee\/en\/#organization\",\"name\":\"SULIN TRADE O\u00dc\",\"url\":\"https:\/\/sulin.ee\/en\/\",\"logo\":{\"@type\":\"ImageObject\",\"inLanguage\":\"en-US\",\"@id\":\"https:\/\/sulin.ee\/en\/#\/schema\/logo\/image\/\",\"url\":\"https:\/\/sulin.ee\/wp-content\/uploads\/2022\/11\/sulin-logo.png\",\"contentUrl\":\"https:\/\/sulin.ee\/wp-content\/uploads\/2022\/11\/sulin-logo.png\",\"width\":871,\"height\":321,\"caption\":\"SULIN TRADE O\u00dc\"},\"image\":{\"@id\":\"https:\/\/sulin.ee\/en\/#\/schema\/logo\/image\/\"},\"sameAs\":[\"https:\/\/www.facebook.com\/www.sulin.ee\/\",\"https:\/\/www.instagram.com\/sulintrade\/\"]}]}<\/script>\n<!-- \/ Yoast SEO plugin. -->","yoast_head_json":{"title":"Puidust magnetid \"Farm\" - 24tk - sulin.ee","description":"Puidust magnetid \"Farm\" tutvustavad lapsele erinevaid koduloomi ja linde ning farmis tehtavaid t\u00f6id. Komplektis 24 puidust magnetit.","robots":{"index":"index","follow":"follow","max-snippet":"max-snippet:-1","max-image-preview":"max-image-preview:large","max-video-preview":"max-video-preview:-1"},"canonical":"https:\/\/sulin.ee\/en\/toode\/puidust-magnetid-farm-24tk-djeco\/","og_locale":"en_US","og_type":"article","og_title":"Puidust magnetid \"Farm\" - 24tk - sulin.ee","og_description":"Puidust magnetid \"Farm\" tutvustavad lapsele erinevaid koduloomi ja linde ning farmis tehtavaid t\u00f6id. Komplektis 24 puidust magnetit.","og_url":"https:\/\/sulin.ee\/en\/toode\/puidust-magnetid-farm-24tk-djeco\/","og_site_name":"sulin.ee","article_publisher":"https:\/\/www.facebook.com\/www.sulin.ee\/","article_modified_time":"2025-09-07T21:47:34+00:00","og_image":[{"width":600,"height":600,"url":"https:\/\/sulin.ee\/wp-content\/uploads\/2023\/09\/10908-DJ03127.jpg","type":"image\/jpeg"}],"twitter_card":"summary_large_image","twitter_misc":{"Est. reading time":"2 minutes"},"schema":{"@context":"https:\/\/schema.org","@graph":[{"@type":"WebPage","@id":"https:\/\/sulin.ee\/en\/toode\/puidust-magnetid-farm-24tk-djeco\/","url":"https:\/\/sulin.ee\/en\/toode\/puidust-magnetid-farm-24tk-djeco\/","name":"Puidust magnetid \"Farm\" - 24tk - sulin.ee","isPartOf":{"@id":"https:\/\/sulin.ee\/en\/#website"},"primaryImageOfPage":{"@id":"https:\/\/sulin.ee\/en\/toode\/puidust-magnetid-farm-24tk-djeco\/#primaryimage"},"image":{"@id":"https:\/\/sulin.ee\/en\/toode\/puidust-magnetid-farm-24tk-djeco\/#primaryimage"},"thumbnailUrl":"https:\/\/sulin.ee\/wp-content\/uploads\/2023\/09\/10908-DJ03127.jpg","datePublished":"2023-09-22T18:11:36+00:00","dateModified":"2025-09-07T21:47:34+00:00","description":"Puidust magnetid \"Farm\" tutvustavad lapsele erinevaid koduloomi ja linde ning farmis tehtavaid t\u00f6id. Komplektis 24 puidust magnetit.","breadcrumb":{"@id":"https:\/\/sulin.ee\/en\/toode\/puidust-magnetid-farm-24tk-djeco\/#breadcrumb"},"inLanguage":"en-US","potentialAction":[{"@type":"ReadAction","target":["https:\/\/sulin.ee\/en\/toode\/puidust-magnetid-farm-24tk-djeco\/"]}]},{"@type":"ImageObject","inLanguage":"en-US","@id":"https:\/\/sulin.ee\/en\/toode\/puidust-magnetid-farm-24tk-djeco\/#primaryimage","url":"https:\/\/sulin.ee\/wp-content\/uploads\/2023\/09\/10908-DJ03127.jpg","contentUrl":"https:\/\/sulin.ee\/wp-content\/uploads\/2023\/09\/10908-DJ03127.jpg","width":600,"height":600,"caption":"Puidust magnetid \"Farm\""},{"@type":"BreadcrumbList","@id":"https:\/\/sulin.ee\/en\/toode\/puidust-magnetid-farm-24tk-djeco\/#breadcrumb","itemListElement":[{"@type":"ListItem","position":1,"name":"Home","item":"https:\/\/sulin.ee\/en\/"},{"@type":"ListItem","position":2,"name":"Sulin.ee e-pood","item":"https:\/\/sulin.ee\/shop\/"},{"@type":"ListItem","position":3,"name":"Puidust magnetid &#8220;Farm&#8221; &#8211; 24tk"}]},{"@type":"WebSite","@id":"https:\/\/sulin.ee\/en\/#website","url":"https:\/\/sulin.ee\/en\/","name":"sulin.ee","description":"","publisher":{"@id":"https:\/\/sulin.ee\/en\/#organization"},"potentialAction":[{"@type":"SearchAction","target":{"@type":"EntryPoint","urlTemplate":"https:\/\/sulin.ee\/en\/?s={search_term_string}"},"query-input":{"@type":"PropertyValueSpecification","valueRequired":true,"valueName":"search_term_string"}}],"inLanguage":"en-US"},{"@type":"Organization","@id":"https:\/\/sulin.ee\/en\/#organization","name":"SULIN TRADE O\u00dc","url":"https:\/\/sulin.ee\/en\/","logo":{"@type":"ImageObject","inLanguage":"en-US","@id":"https:\/\/sulin.ee\/en\/#\/schema\/logo\/image\/","url":"https:\/\/sulin.ee\/wp-content\/uploads\/2022\/11\/sulin-logo.png","contentUrl":"https:\/\/sulin.ee\/wp-content\/uploads\/2022\/11\/sulin-logo.png","width":871,"height":321,"caption":"SULIN TRADE O\u00dc"},"image":{"@id":"https:\/\/sulin.ee\/en\/#\/schema\/logo\/image\/"},"sameAs":["https:\/\/www.facebook.com\/www.sulin.ee\/","https:\/\/www.instagram.com\/sulintrade\/"]}]}},"builder_content":"","_links":{"self":[{"href":"https:\/\/sulin.ee\/en\/wp-json\/wp\/v2\/product\/13830","targetHints":{"allow":["GET"]}}],"collection":[{"href":"https:\/\/sulin.ee\/en\/wp-json\/wp\/v2\/product"}],"about":[{"href":"https:\/\/sulin.ee\/en\/wp-json\/wp\/v2\/types\/product"}],"replies":[{"embeddable":true,"href":"https:\/\/sulin.ee\/en\/wp-json\/wp\/v2\/comments?post=13830"}],"wp:featuredmedia":[{"embeddable":true,"href":"https:\/\/sulin.ee\/en\/wp-json\/wp\/v2\/media\/13924"}],"wp:attachment":[{"href":"https:\/\/sulin.ee\/en\/wp-json\/wp\/v2\/media?parent=13830"}],"wp:term":[{"taxonomy":"product_brand","embeddable":true,"href":"https:\/\/sulin.ee\/en\/wp-json\/wp\/v2\/product_brand?post=13830"},{"taxonomy":"product_cat","embeddable":true,"href":"https:\/\/sulin.ee\/en\/wp-json\/wp\/v2\/product_cat?post=13830"},{"taxonomy":"product_tag","embeddable":true,"href":"https:\/\/sulin.ee\/en\/wp-json\/wp\/v2\/product_tag?post=13830"}],"curies":[{"name":"wp","href":"https:\/\/api.w.org\/{rel}","templated":true}]}}