{"id":13805,"date":"2023-09-29T12:02:52","date_gmt":"2023-09-29T12:02:52","guid":{"rendered":"https:\/\/sulin.ee\/?post_type=product&#038;p=13805"},"modified":"2025-09-07T21:46:49","modified_gmt":"2025-09-07T21:46:49","slug":"lotomang-neli-aastaaega-djeco","status":"publish","type":"product","link":"https:\/\/sulin.ee\/en\/toode\/lotomang-neli-aastaaega-djeco\/","title":{"rendered":"Lotom\u00e4ng &#8220;Neli aastaaega&#8221;"},"content":{"rendered":"<p><strong>Lotom\u00e4ng &#8220;Neli aastaaega&#8221; on vahva lauam\u00e4ng 2-4 m\u00e4ngijaga, millega laps \u00f5pib tundma erinevaid aastaaegu ning nendega seotud tegevusi. M\u00e4ng arendab vaatlusoskust ja m\u00e4lu.<\/strong><\/p>\n<p>M\u00e4ng sisaldab 4 erinevat v\u00e4rvi lotokaarte ja igale kaardile sobivaid pilte. Pane pildid tagurpidi lauale ning leia oma kaardile \u00f5iged pildid. Kes esimesena k\u00f5ik pildid leiab on v\u00f5itja!\u00a0 Kaardid ja pildid on valmistatud paksust papist ning on vastupidavad.<\/p>\n<p><a href=\"https:\/\/www.djeco.com\/\">Djeco<\/a> lotom\u00e4ng &#8220;Neli aastaaega&#8221; on vahva viis veeta lapsega aega, \u00f5ppida erinevaid aastaaegu ning treenida m\u00e4lu.<\/p>\n<p><strong>Komplektis:<\/strong> 4 lotokaarti ja 16 erinevat pilti.<\/p>\n<p>Sobib alates 2+ eluaastast.<\/p>\n<p>Vaata ka teisi l\u00f5busaid ja arendavaid lauam\u00e4nge <span style=\"color: #0000ff;\"><a style=\"color: #0000ff;\" href=\"https:\/\/sulin.ee\/tootekategooria\/lastele\/mangimine\/lauamangud\/\" target=\"_blank\" rel=\"noopener\">siit<\/a><\/span>.<\/p>\n","protected":false},"excerpt":{"rendered":"<p>Lotom\u00e4ng &#8220;Neli aastaaega&#8221; on vahva lauam\u00e4ng 2-4 m\u00e4ngijaga, millega laps \u00f5pib tundma erinevaid aastaaegu ning nendega seotud tegevusi. M\u00e4ng arendab vaatlusoskust ja m\u00e4lu. M\u00e4ng sisaldab 4 erinevat v\u00e4rvi lotokaarte ja igale kaardile sobivaid pilte. Pane pildid tagurpidi lauale ning leia oma kaardile \u00f5iged pildid. Kes esimesena k\u00f5ik pildid leiab on v\u00f5itja!\u00a0 Kaardid ja pildid on [&hellip;]<\/p>\n","protected":false},"featured_media":13806,"comment_status":"open","ping_status":"closed","template":"","meta":[],"product_brand":[],"product_cat":[1162,1164,942,928],"product_tag":[],"class_list":{"0":"post-13805","1":"product","2":"type-product","3":"status-publish","4":"has-post-thumbnail","6":"product_cat-kingituseks","7":"product_cat-1-3-aastat","8":"product_cat-lauamangud","9":"product_cat-djeco","10":"has-post-title","11":"has-post-date","12":"has-post-category","13":"has-post-tag","14":"has-post-comment","15":"has-post-author","16":"","18":"first","19":"instock","20":"sale","21":"taxable","22":"shipping-taxable","23":"purchasable","24":"product-type-simple"},"yoast_head":"<!-- This site is optimized with the Yoast SEO plugin v26.8 - https:\/\/yoast.com\/product\/yoast-seo-wordpress\/ -->\n<title>Lotom\u00e4ng &quot;Neli aastaaega&quot; - sulin.ee<\/title>\n<meta name=\"description\" content=\"Lotom\u00e4ng &quot;Neli aastaaega&quot; on vahva lauam\u00e4ng 2-4 m\u00e4ngijaga, millega laps \u00f5pib tundma erinevaid aastaaegu ning nendega seotud tegevusi.\" \/>\n<meta name=\"robots\" content=\"index, follow, max-snippet:-1, max-image-preview:large, max-video-preview:-1\" \/>\n<link rel=\"canonical\" href=\"https:\/\/sulin.ee\/en\/toode\/lotomang-neli-aastaaega-djeco\/\" \/>\n<meta property=\"og:locale\" content=\"en_US\" \/>\n<meta property=\"og:type\" content=\"article\" \/>\n<meta property=\"og:title\" content=\"Lotom\u00e4ng &quot;Neli aastaaega&quot; - sulin.ee\" \/>\n<meta property=\"og:description\" content=\"Lotom\u00e4ng &quot;Neli aastaaega&quot; on vahva lauam\u00e4ng 2-4 m\u00e4ngijaga, millega laps \u00f5pib tundma erinevaid aastaaegu ning nendega seotud tegevusi.\" \/>\n<meta property=\"og:url\" content=\"https:\/\/sulin.ee\/en\/toode\/lotomang-neli-aastaaega-djeco\/\" \/>\n<meta property=\"og:site_name\" content=\"sulin.ee\" \/>\n<meta property=\"article:publisher\" content=\"https:\/\/www.facebook.com\/www.sulin.ee\/\" \/>\n<meta property=\"article:modified_time\" content=\"2025-09-07T21:46:49+00:00\" \/>\n<meta property=\"og:image\" content=\"https:\/\/sulin.ee\/wp-content\/uploads\/2023\/09\/5596-DJ08123.jpg\" \/>\n\t<meta property=\"og:image:width\" content=\"600\" \/>\n\t<meta property=\"og:image:height\" content=\"600\" \/>\n\t<meta property=\"og:image:type\" content=\"image\/jpeg\" \/>\n<meta name=\"twitter:card\" content=\"summary_large_image\" \/>\n<meta name=\"twitter:label1\" content=\"Est. reading time\" \/>\n\t<meta name=\"twitter:data1\" content=\"1 minute\" \/>\n<script type=\"application\/ld+json\" class=\"yoast-schema-graph\">{\"@context\":\"https:\/\/schema.org\",\"@graph\":[{\"@type\":\"WebPage\",\"@id\":\"https:\/\/sulin.ee\/en\/toode\/lotomang-neli-aastaaega-djeco\/\",\"url\":\"https:\/\/sulin.ee\/en\/toode\/lotomang-neli-aastaaega-djeco\/\",\"name\":\"Lotom\u00e4ng \\\"Neli aastaaega\\\" - sulin.ee\",\"isPartOf\":{\"@id\":\"https:\/\/sulin.ee\/en\/#website\"},\"primaryImageOfPage\":{\"@id\":\"https:\/\/sulin.ee\/en\/toode\/lotomang-neli-aastaaega-djeco\/#primaryimage\"},\"image\":{\"@id\":\"https:\/\/sulin.ee\/en\/toode\/lotomang-neli-aastaaega-djeco\/#primaryimage\"},\"thumbnailUrl\":\"https:\/\/sulin.ee\/wp-content\/uploads\/2023\/09\/5596-DJ08123.jpg\",\"datePublished\":\"2023-09-29T12:02:52+00:00\",\"dateModified\":\"2025-09-07T21:46:49+00:00\",\"description\":\"Lotom\u00e4ng \\\"Neli aastaaega\\\" on vahva lauam\u00e4ng 2-4 m\u00e4ngijaga, millega laps \u00f5pib tundma erinevaid aastaaegu ning nendega seotud tegevusi.\",\"breadcrumb\":{\"@id\":\"https:\/\/sulin.ee\/en\/toode\/lotomang-neli-aastaaega-djeco\/#breadcrumb\"},\"inLanguage\":\"en-US\",\"potentialAction\":[{\"@type\":\"ReadAction\",\"target\":[\"https:\/\/sulin.ee\/en\/toode\/lotomang-neli-aastaaega-djeco\/\"]}]},{\"@type\":\"ImageObject\",\"inLanguage\":\"en-US\",\"@id\":\"https:\/\/sulin.ee\/en\/toode\/lotomang-neli-aastaaega-djeco\/#primaryimage\",\"url\":\"https:\/\/sulin.ee\/wp-content\/uploads\/2023\/09\/5596-DJ08123.jpg\",\"contentUrl\":\"https:\/\/sulin.ee\/wp-content\/uploads\/2023\/09\/5596-DJ08123.jpg\",\"width\":600,\"height\":600,\"caption\":\"Lotom\u00e4ng \\\"Neli aastaaega\\\"\"},{\"@type\":\"BreadcrumbList\",\"@id\":\"https:\/\/sulin.ee\/en\/toode\/lotomang-neli-aastaaega-djeco\/#breadcrumb\",\"itemListElement\":[{\"@type\":\"ListItem\",\"position\":1,\"name\":\"Home\",\"item\":\"https:\/\/sulin.ee\/en\/\"},{\"@type\":\"ListItem\",\"position\":2,\"name\":\"Sulin.ee e-pood\",\"item\":\"https:\/\/sulin.ee\/shop\/\"},{\"@type\":\"ListItem\",\"position\":3,\"name\":\"Lotom\u00e4ng &#8220;Neli aastaaega&#8221;\"}]},{\"@type\":\"WebSite\",\"@id\":\"https:\/\/sulin.ee\/en\/#website\",\"url\":\"https:\/\/sulin.ee\/en\/\",\"name\":\"sulin.ee\",\"description\":\"\",\"publisher\":{\"@id\":\"https:\/\/sulin.ee\/en\/#organization\"},\"potentialAction\":[{\"@type\":\"SearchAction\",\"target\":{\"@type\":\"EntryPoint\",\"urlTemplate\":\"https:\/\/sulin.ee\/en\/?s={search_term_string}\"},\"query-input\":{\"@type\":\"PropertyValueSpecification\",\"valueRequired\":true,\"valueName\":\"search_term_string\"}}],\"inLanguage\":\"en-US\"},{\"@type\":\"Organization\",\"@id\":\"https:\/\/sulin.ee\/en\/#organization\",\"name\":\"SULIN TRADE O\u00dc\",\"url\":\"https:\/\/sulin.ee\/en\/\",\"logo\":{\"@type\":\"ImageObject\",\"inLanguage\":\"en-US\",\"@id\":\"https:\/\/sulin.ee\/en\/#\/schema\/logo\/image\/\",\"url\":\"https:\/\/sulin.ee\/wp-content\/uploads\/2022\/11\/sulin-logo.png\",\"contentUrl\":\"https:\/\/sulin.ee\/wp-content\/uploads\/2022\/11\/sulin-logo.png\",\"width\":871,\"height\":321,\"caption\":\"SULIN TRADE O\u00dc\"},\"image\":{\"@id\":\"https:\/\/sulin.ee\/en\/#\/schema\/logo\/image\/\"},\"sameAs\":[\"https:\/\/www.facebook.com\/www.sulin.ee\/\",\"https:\/\/www.instagram.com\/sulintrade\/\"]}]}<\/script>\n<!-- \/ Yoast SEO plugin. -->","yoast_head_json":{"title":"Lotom\u00e4ng \"Neli aastaaega\" - sulin.ee","description":"Lotom\u00e4ng \"Neli aastaaega\" on vahva lauam\u00e4ng 2-4 m\u00e4ngijaga, millega laps \u00f5pib tundma erinevaid aastaaegu ning nendega seotud tegevusi.","robots":{"index":"index","follow":"follow","max-snippet":"max-snippet:-1","max-image-preview":"max-image-preview:large","max-video-preview":"max-video-preview:-1"},"canonical":"https:\/\/sulin.ee\/en\/toode\/lotomang-neli-aastaaega-djeco\/","og_locale":"en_US","og_type":"article","og_title":"Lotom\u00e4ng \"Neli aastaaega\" - sulin.ee","og_description":"Lotom\u00e4ng \"Neli aastaaega\" on vahva lauam\u00e4ng 2-4 m\u00e4ngijaga, millega laps \u00f5pib tundma erinevaid aastaaegu ning nendega seotud tegevusi.","og_url":"https:\/\/sulin.ee\/en\/toode\/lotomang-neli-aastaaega-djeco\/","og_site_name":"sulin.ee","article_publisher":"https:\/\/www.facebook.com\/www.sulin.ee\/","article_modified_time":"2025-09-07T21:46:49+00:00","og_image":[{"width":600,"height":600,"url":"https:\/\/sulin.ee\/wp-content\/uploads\/2023\/09\/5596-DJ08123.jpg","type":"image\/jpeg"}],"twitter_card":"summary_large_image","twitter_misc":{"Est. reading time":"1 minute"},"schema":{"@context":"https:\/\/schema.org","@graph":[{"@type":"WebPage","@id":"https:\/\/sulin.ee\/en\/toode\/lotomang-neli-aastaaega-djeco\/","url":"https:\/\/sulin.ee\/en\/toode\/lotomang-neli-aastaaega-djeco\/","name":"Lotom\u00e4ng \"Neli aastaaega\" - sulin.ee","isPartOf":{"@id":"https:\/\/sulin.ee\/en\/#website"},"primaryImageOfPage":{"@id":"https:\/\/sulin.ee\/en\/toode\/lotomang-neli-aastaaega-djeco\/#primaryimage"},"image":{"@id":"https:\/\/sulin.ee\/en\/toode\/lotomang-neli-aastaaega-djeco\/#primaryimage"},"thumbnailUrl":"https:\/\/sulin.ee\/wp-content\/uploads\/2023\/09\/5596-DJ08123.jpg","datePublished":"2023-09-29T12:02:52+00:00","dateModified":"2025-09-07T21:46:49+00:00","description":"Lotom\u00e4ng \"Neli aastaaega\" on vahva lauam\u00e4ng 2-4 m\u00e4ngijaga, millega laps \u00f5pib tundma erinevaid aastaaegu ning nendega seotud tegevusi.","breadcrumb":{"@id":"https:\/\/sulin.ee\/en\/toode\/lotomang-neli-aastaaega-djeco\/#breadcrumb"},"inLanguage":"en-US","potentialAction":[{"@type":"ReadAction","target":["https:\/\/sulin.ee\/en\/toode\/lotomang-neli-aastaaega-djeco\/"]}]},{"@type":"ImageObject","inLanguage":"en-US","@id":"https:\/\/sulin.ee\/en\/toode\/lotomang-neli-aastaaega-djeco\/#primaryimage","url":"https:\/\/sulin.ee\/wp-content\/uploads\/2023\/09\/5596-DJ08123.jpg","contentUrl":"https:\/\/sulin.ee\/wp-content\/uploads\/2023\/09\/5596-DJ08123.jpg","width":600,"height":600,"caption":"Lotom\u00e4ng \"Neli aastaaega\""},{"@type":"BreadcrumbList","@id":"https:\/\/sulin.ee\/en\/toode\/lotomang-neli-aastaaega-djeco\/#breadcrumb","itemListElement":[{"@type":"ListItem","position":1,"name":"Home","item":"https:\/\/sulin.ee\/en\/"},{"@type":"ListItem","position":2,"name":"Sulin.ee e-pood","item":"https:\/\/sulin.ee\/shop\/"},{"@type":"ListItem","position":3,"name":"Lotom\u00e4ng &#8220;Neli aastaaega&#8221;"}]},{"@type":"WebSite","@id":"https:\/\/sulin.ee\/en\/#website","url":"https:\/\/sulin.ee\/en\/","name":"sulin.ee","description":"","publisher":{"@id":"https:\/\/sulin.ee\/en\/#organization"},"potentialAction":[{"@type":"SearchAction","target":{"@type":"EntryPoint","urlTemplate":"https:\/\/sulin.ee\/en\/?s={search_term_string}"},"query-input":{"@type":"PropertyValueSpecification","valueRequired":true,"valueName":"search_term_string"}}],"inLanguage":"en-US"},{"@type":"Organization","@id":"https:\/\/sulin.ee\/en\/#organization","name":"SULIN TRADE O\u00dc","url":"https:\/\/sulin.ee\/en\/","logo":{"@type":"ImageObject","inLanguage":"en-US","@id":"https:\/\/sulin.ee\/en\/#\/schema\/logo\/image\/","url":"https:\/\/sulin.ee\/wp-content\/uploads\/2022\/11\/sulin-logo.png","contentUrl":"https:\/\/sulin.ee\/wp-content\/uploads\/2022\/11\/sulin-logo.png","width":871,"height":321,"caption":"SULIN TRADE O\u00dc"},"image":{"@id":"https:\/\/sulin.ee\/en\/#\/schema\/logo\/image\/"},"sameAs":["https:\/\/www.facebook.com\/www.sulin.ee\/","https:\/\/www.instagram.com\/sulintrade\/"]}]}},"builder_content":"","_links":{"self":[{"href":"https:\/\/sulin.ee\/en\/wp-json\/wp\/v2\/product\/13805","targetHints":{"allow":["GET"]}}],"collection":[{"href":"https:\/\/sulin.ee\/en\/wp-json\/wp\/v2\/product"}],"about":[{"href":"https:\/\/sulin.ee\/en\/wp-json\/wp\/v2\/types\/product"}],"replies":[{"embeddable":true,"href":"https:\/\/sulin.ee\/en\/wp-json\/wp\/v2\/comments?post=13805"}],"wp:featuredmedia":[{"embeddable":true,"href":"https:\/\/sulin.ee\/en\/wp-json\/wp\/v2\/media\/13806"}],"wp:attachment":[{"href":"https:\/\/sulin.ee\/en\/wp-json\/wp\/v2\/media?parent=13805"}],"wp:term":[{"taxonomy":"product_brand","embeddable":true,"href":"https:\/\/sulin.ee\/en\/wp-json\/wp\/v2\/product_brand?post=13805"},{"taxonomy":"product_cat","embeddable":true,"href":"https:\/\/sulin.ee\/en\/wp-json\/wp\/v2\/product_cat?post=13805"},{"taxonomy":"product_tag","embeddable":true,"href":"https:\/\/sulin.ee\/en\/wp-json\/wp\/v2\/product_tag?post=13805"}],"curies":[{"name":"wp","href":"https:\/\/api.w.org\/{rel}","templated":true}]}}