{"id":13790,"date":"2023-09-26T20:06:55","date_gmt":"2023-09-26T20:06:55","guid":{"rendered":"https:\/\/sulin.ee\/?post_type=product&#038;p=13790"},"modified":"2025-09-07T21:46:49","modified_gmt":"2025-09-07T21:46:49","slug":"voolimismassi-komplekt-loodus-4tk-djeco","status":"publish","type":"product","link":"https:\/\/sulin.ee\/en\/toode\/voolimismassi-komplekt-loodus-4tk-djeco\/","title":{"rendered":"Voolimismassi komplekt &#8220;Loodus&#8221; (4tk)"},"content":{"rendered":"<p><strong>Voolimismassi komplekt &#8220;Loodus&#8221; koosneb neljast eriv\u00e4rvi voolimismassist. Pehme voolimismassiga m\u00e4ngimine aitab arendada peenmotoorikat, ergutab meeli ning aitab fantaasial lennata.\u00a0<\/strong><\/p>\n<p><strong>Komplektis 4 (140g) erinevat v\u00e4rvi:<\/strong> oran\u017e, helesinine, kollane ja tumesinine.<\/p>\n<p>Voolimismass ei kleepu ega j\u00e4ta plekke.<\/p>\n<p>Sobib alates 18. elukuust.<\/p>\n","protected":false},"excerpt":{"rendered":"<p>Voolimismassi komplekt &#8220;Loodus&#8221; koosneb neljast eriv\u00e4rvi voolimismassist. Pehme voolimismassiga m\u00e4ngimine aitab arendada peenmotoorikat, ergutab meeli ning aitab fantaasial lennata.\u00a0 Komplektis 4 (140g) erinevat v\u00e4rvi: oran\u017e, helesinine, kollane ja tumesinine. Voolimismass ei kleepu ega j\u00e4ta plekke. Sobib alates 18. elukuust.<\/p>\n","protected":false},"featured_media":13793,"comment_status":"open","ping_status":"closed","template":"","meta":[],"product_brand":[],"product_cat":[1162,1164,1165,1166,926,928],"product_tag":[],"class_list":{"0":"post-13790","1":"product","2":"type-product","3":"status-publish","4":"has-post-thumbnail","6":"product_cat-kingituseks","7":"product_cat-1-3-aastat","8":"product_cat-3-5-aastat","9":"product_cat-6-8-aastat","10":"product_cat-voolimismassid","11":"product_cat-djeco","12":"has-post-title","13":"has-post-date","14":"has-post-category","15":"has-post-tag","16":"has-post-comment","17":"has-post-author","18":"","20":"first","21":"instock","22":"sale","23":"taxable","24":"shipping-taxable","25":"purchasable","26":"product-type-simple"},"yoast_head":"<!-- This site is optimized with the Yoast SEO plugin v26.8 - https:\/\/yoast.com\/product\/yoast-seo-wordpress\/ -->\n<title>Voolimismassi komplekt &quot;Loodus&quot; (4tk) - sulin.ee<\/title>\n<meta name=\"description\" content=\"Voolimismassi komplekt &quot;Loodus&quot; koosneb neljast eriv\u00e4rvi voolimismassist. Pehme voolimismassiga m\u00e4ngimine aitab arendada peenmotoorikat,\" \/>\n<meta name=\"robots\" content=\"index, follow, max-snippet:-1, max-image-preview:large, max-video-preview:-1\" \/>\n<link rel=\"canonical\" href=\"https:\/\/sulin.ee\/en\/toode\/voolimismassi-komplekt-loodus-4tk-djeco\/\" \/>\n<meta property=\"og:locale\" content=\"en_US\" \/>\n<meta property=\"og:type\" content=\"article\" \/>\n<meta property=\"og:title\" content=\"Voolimismassi komplekt &quot;Loodus&quot; (4tk) - sulin.ee\" \/>\n<meta property=\"og:description\" content=\"Voolimismassi komplekt &quot;Loodus&quot; koosneb neljast eriv\u00e4rvi voolimismassist. Pehme voolimismassiga m\u00e4ngimine aitab arendada peenmotoorikat,\" \/>\n<meta property=\"og:url\" content=\"https:\/\/sulin.ee\/en\/toode\/voolimismassi-komplekt-loodus-4tk-djeco\/\" \/>\n<meta property=\"og:site_name\" content=\"sulin.ee\" \/>\n<meta property=\"article:publisher\" content=\"https:\/\/www.facebook.com\/www.sulin.ee\/\" \/>\n<meta property=\"article:modified_time\" content=\"2025-09-07T21:46:49+00:00\" \/>\n<meta property=\"og:image\" content=\"https:\/\/sulin.ee\/wp-content\/uploads\/2023\/09\/6550-DJ09027-neli-topsi-voolimismassi-loodus.jpg\" \/>\n\t<meta property=\"og:image:width\" content=\"600\" \/>\n\t<meta property=\"og:image:height\" content=\"600\" \/>\n\t<meta property=\"og:image:type\" content=\"image\/jpeg\" \/>\n<meta name=\"twitter:card\" content=\"summary_large_image\" \/>\n<meta name=\"twitter:label1\" content=\"Est. reading time\" \/>\n\t<meta name=\"twitter:data1\" content=\"1 minute\" \/>\n<script type=\"application\/ld+json\" class=\"yoast-schema-graph\">{\"@context\":\"https:\/\/schema.org\",\"@graph\":[{\"@type\":\"WebPage\",\"@id\":\"https:\/\/sulin.ee\/en\/toode\/voolimismassi-komplekt-loodus-4tk-djeco\/\",\"url\":\"https:\/\/sulin.ee\/en\/toode\/voolimismassi-komplekt-loodus-4tk-djeco\/\",\"name\":\"Voolimismassi komplekt \\\"Loodus\\\" (4tk) - sulin.ee\",\"isPartOf\":{\"@id\":\"https:\/\/sulin.ee\/en\/#website\"},\"primaryImageOfPage\":{\"@id\":\"https:\/\/sulin.ee\/en\/toode\/voolimismassi-komplekt-loodus-4tk-djeco\/#primaryimage\"},\"image\":{\"@id\":\"https:\/\/sulin.ee\/en\/toode\/voolimismassi-komplekt-loodus-4tk-djeco\/#primaryimage\"},\"thumbnailUrl\":\"https:\/\/sulin.ee\/wp-content\/uploads\/2023\/09\/6550-DJ09027-neli-topsi-voolimismassi-loodus.jpg\",\"datePublished\":\"2023-09-26T20:06:55+00:00\",\"dateModified\":\"2025-09-07T21:46:49+00:00\",\"description\":\"Voolimismassi komplekt \\\"Loodus\\\" koosneb neljast eriv\u00e4rvi voolimismassist. Pehme voolimismassiga m\u00e4ngimine aitab arendada peenmotoorikat,\",\"breadcrumb\":{\"@id\":\"https:\/\/sulin.ee\/en\/toode\/voolimismassi-komplekt-loodus-4tk-djeco\/#breadcrumb\"},\"inLanguage\":\"en-US\",\"potentialAction\":[{\"@type\":\"ReadAction\",\"target\":[\"https:\/\/sulin.ee\/en\/toode\/voolimismassi-komplekt-loodus-4tk-djeco\/\"]}]},{\"@type\":\"ImageObject\",\"inLanguage\":\"en-US\",\"@id\":\"https:\/\/sulin.ee\/en\/toode\/voolimismassi-komplekt-loodus-4tk-djeco\/#primaryimage\",\"url\":\"https:\/\/sulin.ee\/wp-content\/uploads\/2023\/09\/6550-DJ09027-neli-topsi-voolimismassi-loodus.jpg\",\"contentUrl\":\"https:\/\/sulin.ee\/wp-content\/uploads\/2023\/09\/6550-DJ09027-neli-topsi-voolimismassi-loodus.jpg\",\"width\":600,\"height\":600,\"caption\":\"Voolimismassi komplekt \\\"Loodus\\\" (4tk)\"},{\"@type\":\"BreadcrumbList\",\"@id\":\"https:\/\/sulin.ee\/en\/toode\/voolimismassi-komplekt-loodus-4tk-djeco\/#breadcrumb\",\"itemListElement\":[{\"@type\":\"ListItem\",\"position\":1,\"name\":\"Home\",\"item\":\"https:\/\/sulin.ee\/en\/\"},{\"@type\":\"ListItem\",\"position\":2,\"name\":\"Sulin.ee e-pood\",\"item\":\"https:\/\/sulin.ee\/shop\/\"},{\"@type\":\"ListItem\",\"position\":3,\"name\":\"Voolimismassi komplekt &#8220;Loodus&#8221; (4tk)\"}]},{\"@type\":\"WebSite\",\"@id\":\"https:\/\/sulin.ee\/en\/#website\",\"url\":\"https:\/\/sulin.ee\/en\/\",\"name\":\"sulin.ee\",\"description\":\"\",\"publisher\":{\"@id\":\"https:\/\/sulin.ee\/en\/#organization\"},\"potentialAction\":[{\"@type\":\"SearchAction\",\"target\":{\"@type\":\"EntryPoint\",\"urlTemplate\":\"https:\/\/sulin.ee\/en\/?s={search_term_string}\"},\"query-input\":{\"@type\":\"PropertyValueSpecification\",\"valueRequired\":true,\"valueName\":\"search_term_string\"}}],\"inLanguage\":\"en-US\"},{\"@type\":\"Organization\",\"@id\":\"https:\/\/sulin.ee\/en\/#organization\",\"name\":\"SULIN TRADE O\u00dc\",\"url\":\"https:\/\/sulin.ee\/en\/\",\"logo\":{\"@type\":\"ImageObject\",\"inLanguage\":\"en-US\",\"@id\":\"https:\/\/sulin.ee\/en\/#\/schema\/logo\/image\/\",\"url\":\"https:\/\/sulin.ee\/wp-content\/uploads\/2022\/11\/sulin-logo.png\",\"contentUrl\":\"https:\/\/sulin.ee\/wp-content\/uploads\/2022\/11\/sulin-logo.png\",\"width\":871,\"height\":321,\"caption\":\"SULIN TRADE O\u00dc\"},\"image\":{\"@id\":\"https:\/\/sulin.ee\/en\/#\/schema\/logo\/image\/\"},\"sameAs\":[\"https:\/\/www.facebook.com\/www.sulin.ee\/\",\"https:\/\/www.instagram.com\/sulintrade\/\"]}]}<\/script>\n<!-- \/ Yoast SEO plugin. -->","yoast_head_json":{"title":"Voolimismassi komplekt \"Loodus\" (4tk) - sulin.ee","description":"Voolimismassi komplekt \"Loodus\" koosneb neljast eriv\u00e4rvi voolimismassist. Pehme voolimismassiga m\u00e4ngimine aitab arendada peenmotoorikat,","robots":{"index":"index","follow":"follow","max-snippet":"max-snippet:-1","max-image-preview":"max-image-preview:large","max-video-preview":"max-video-preview:-1"},"canonical":"https:\/\/sulin.ee\/en\/toode\/voolimismassi-komplekt-loodus-4tk-djeco\/","og_locale":"en_US","og_type":"article","og_title":"Voolimismassi komplekt \"Loodus\" (4tk) - sulin.ee","og_description":"Voolimismassi komplekt \"Loodus\" koosneb neljast eriv\u00e4rvi voolimismassist. Pehme voolimismassiga m\u00e4ngimine aitab arendada peenmotoorikat,","og_url":"https:\/\/sulin.ee\/en\/toode\/voolimismassi-komplekt-loodus-4tk-djeco\/","og_site_name":"sulin.ee","article_publisher":"https:\/\/www.facebook.com\/www.sulin.ee\/","article_modified_time":"2025-09-07T21:46:49+00:00","og_image":[{"width":600,"height":600,"url":"https:\/\/sulin.ee\/wp-content\/uploads\/2023\/09\/6550-DJ09027-neli-topsi-voolimismassi-loodus.jpg","type":"image\/jpeg"}],"twitter_card":"summary_large_image","twitter_misc":{"Est. reading time":"1 minute"},"schema":{"@context":"https:\/\/schema.org","@graph":[{"@type":"WebPage","@id":"https:\/\/sulin.ee\/en\/toode\/voolimismassi-komplekt-loodus-4tk-djeco\/","url":"https:\/\/sulin.ee\/en\/toode\/voolimismassi-komplekt-loodus-4tk-djeco\/","name":"Voolimismassi komplekt \"Loodus\" (4tk) - sulin.ee","isPartOf":{"@id":"https:\/\/sulin.ee\/en\/#website"},"primaryImageOfPage":{"@id":"https:\/\/sulin.ee\/en\/toode\/voolimismassi-komplekt-loodus-4tk-djeco\/#primaryimage"},"image":{"@id":"https:\/\/sulin.ee\/en\/toode\/voolimismassi-komplekt-loodus-4tk-djeco\/#primaryimage"},"thumbnailUrl":"https:\/\/sulin.ee\/wp-content\/uploads\/2023\/09\/6550-DJ09027-neli-topsi-voolimismassi-loodus.jpg","datePublished":"2023-09-26T20:06:55+00:00","dateModified":"2025-09-07T21:46:49+00:00","description":"Voolimismassi komplekt \"Loodus\" koosneb neljast eriv\u00e4rvi voolimismassist. Pehme voolimismassiga m\u00e4ngimine aitab arendada peenmotoorikat,","breadcrumb":{"@id":"https:\/\/sulin.ee\/en\/toode\/voolimismassi-komplekt-loodus-4tk-djeco\/#breadcrumb"},"inLanguage":"en-US","potentialAction":[{"@type":"ReadAction","target":["https:\/\/sulin.ee\/en\/toode\/voolimismassi-komplekt-loodus-4tk-djeco\/"]}]},{"@type":"ImageObject","inLanguage":"en-US","@id":"https:\/\/sulin.ee\/en\/toode\/voolimismassi-komplekt-loodus-4tk-djeco\/#primaryimage","url":"https:\/\/sulin.ee\/wp-content\/uploads\/2023\/09\/6550-DJ09027-neli-topsi-voolimismassi-loodus.jpg","contentUrl":"https:\/\/sulin.ee\/wp-content\/uploads\/2023\/09\/6550-DJ09027-neli-topsi-voolimismassi-loodus.jpg","width":600,"height":600,"caption":"Voolimismassi komplekt \"Loodus\" (4tk)"},{"@type":"BreadcrumbList","@id":"https:\/\/sulin.ee\/en\/toode\/voolimismassi-komplekt-loodus-4tk-djeco\/#breadcrumb","itemListElement":[{"@type":"ListItem","position":1,"name":"Home","item":"https:\/\/sulin.ee\/en\/"},{"@type":"ListItem","position":2,"name":"Sulin.ee e-pood","item":"https:\/\/sulin.ee\/shop\/"},{"@type":"ListItem","position":3,"name":"Voolimismassi komplekt &#8220;Loodus&#8221; (4tk)"}]},{"@type":"WebSite","@id":"https:\/\/sulin.ee\/en\/#website","url":"https:\/\/sulin.ee\/en\/","name":"sulin.ee","description":"","publisher":{"@id":"https:\/\/sulin.ee\/en\/#organization"},"potentialAction":[{"@type":"SearchAction","target":{"@type":"EntryPoint","urlTemplate":"https:\/\/sulin.ee\/en\/?s={search_term_string}"},"query-input":{"@type":"PropertyValueSpecification","valueRequired":true,"valueName":"search_term_string"}}],"inLanguage":"en-US"},{"@type":"Organization","@id":"https:\/\/sulin.ee\/en\/#organization","name":"SULIN TRADE O\u00dc","url":"https:\/\/sulin.ee\/en\/","logo":{"@type":"ImageObject","inLanguage":"en-US","@id":"https:\/\/sulin.ee\/en\/#\/schema\/logo\/image\/","url":"https:\/\/sulin.ee\/wp-content\/uploads\/2022\/11\/sulin-logo.png","contentUrl":"https:\/\/sulin.ee\/wp-content\/uploads\/2022\/11\/sulin-logo.png","width":871,"height":321,"caption":"SULIN TRADE O\u00dc"},"image":{"@id":"https:\/\/sulin.ee\/en\/#\/schema\/logo\/image\/"},"sameAs":["https:\/\/www.facebook.com\/www.sulin.ee\/","https:\/\/www.instagram.com\/sulintrade\/"]}]}},"builder_content":"","_links":{"self":[{"href":"https:\/\/sulin.ee\/en\/wp-json\/wp\/v2\/product\/13790","targetHints":{"allow":["GET"]}}],"collection":[{"href":"https:\/\/sulin.ee\/en\/wp-json\/wp\/v2\/product"}],"about":[{"href":"https:\/\/sulin.ee\/en\/wp-json\/wp\/v2\/types\/product"}],"replies":[{"embeddable":true,"href":"https:\/\/sulin.ee\/en\/wp-json\/wp\/v2\/comments?post=13790"}],"wp:featuredmedia":[{"embeddable":true,"href":"https:\/\/sulin.ee\/en\/wp-json\/wp\/v2\/media\/13793"}],"wp:attachment":[{"href":"https:\/\/sulin.ee\/en\/wp-json\/wp\/v2\/media?parent=13790"}],"wp:term":[{"taxonomy":"product_brand","embeddable":true,"href":"https:\/\/sulin.ee\/en\/wp-json\/wp\/v2\/product_brand?post=13790"},{"taxonomy":"product_cat","embeddable":true,"href":"https:\/\/sulin.ee\/en\/wp-json\/wp\/v2\/product_cat?post=13790"},{"taxonomy":"product_tag","embeddable":true,"href":"https:\/\/sulin.ee\/en\/wp-json\/wp\/v2\/product_tag?post=13790"}],"curies":[{"name":"wp","href":"https:\/\/api.w.org\/{rel}","templated":true}]}}