{"id":13766,"date":"2023-09-25T19:55:10","date_gmt":"2023-09-25T19:55:10","guid":{"rendered":"https:\/\/sulin.ee\/?post_type=product&#038;p=13766"},"modified":"2025-12-13T18:45:19","modified_gmt":"2025-12-13T18:45:19","slug":"vahumarkerite-komplekt-6tk-djeco","status":"publish","type":"product","link":"https:\/\/sulin.ee\/en\/toode\/vahumarkerite-komplekt-6tk-djeco\/","title":{"rendered":"Vahumarkerite komplekt (6tk)"},"content":{"rendered":"<p><strong>Vahumarkerite komplekt lastele on l\u00f5bus ja loov viis viia v\u00e4ikesed kunstis\u00f5brad v\u00e4rvide maailma. See unikaalne komplekt on disainitud spetsiaalselt v\u00e4ikeste k\u00e4te jaoks, pakkudes lastele lihtsat ja puhtamat viisi oma kunstiliste ideede elluviimiseks.<\/strong><\/p>\n<p>Vahumarkerite otsad on kaetud v\u00e4ikese k\u00e4snaga, mis tagab sujuva v\u00e4rvi kandmise paberile ning aitab v\u00e4ltida liigset m\u00e4\u00e4rdumist v\u00f5i segadust. Lapsed saavad m\u00e4nguliselt katsetada erinevate v\u00e4rvidega, arendada oma loovust ning harjutada samal ajal ka k\u00e4elist osavust ja koordinatsiooni.<\/p>\n<p><a href=\"https:\/\/www.djeco.com\/en\" target=\"_blank\" rel=\"noopener\"><strong>Djeco<\/strong><\/a> vahumarkerid on ideaalsed v\u00e4ikestele avastajatele, kes soovivad hakata kunstiga l\u00e4hemalt tutvust tegema, pakkudes turvalist ja sobilikku lahendust alates 18. elukuust. Lisaks on need suurep\u00e4rane v\u00f5imalus vanematele ja lastele koos aega veeta, avastada uusi v\u00e4rvikombinatsioone ning luua armsaid ja meeldej\u00e4\u00e4vaid kunstiteoseid.<\/p>\n<p><strong>Komplektis:<\/strong> 6 erinevat v\u00e4rvi.<\/p>\n<p>Vaata veel kunstivahendeid <a href=\"https:\/\/sulin.ee\/tootekategooria\/mangimine\/kunstivahendid\/\" target=\"_blank\" rel=\"noopener\"><strong>siit.<\/strong><\/a><\/p>\n","protected":false},"excerpt":{"rendered":"<p><strong>Vahumarkerite komplekt on l\u00f5bus ja puhas viis tutvustada lastele v\u00e4rvide maailma, kus v\u00e4rvi kantakse paberile l\u00e4bi v\u00e4ikese k\u00e4sna. Sobib suurep\u00e4raselt loovuse arendamiseks alates 18. elukuust.<\/strong><\/p>\n<p><strong>Komplektis:<\/strong> 6 erinevat v\u00e4rvi<\/p>\n","protected":false},"featured_media":13771,"comment_status":"open","ping_status":"closed","template":"","meta":[],"product_brand":[],"product_cat":[1162,1164,1165,102,927,928],"product_tag":[],"class_list":{"0":"post-13766","1":"product","2":"type-product","3":"status-publish","4":"has-post-thumbnail","6":"product_cat-kingituseks","7":"product_cat-1-3-aastat","8":"product_cat-3-5-aastat","9":"product_cat-kunstivahendid","10":"product_cat-joonistamine","11":"product_cat-djeco","12":"has-post-title","13":"has-post-date","14":"has-post-category","15":"has-post-tag","16":"has-post-comment","17":"has-post-author","18":"","20":"first","21":"instock","22":"sale","23":"taxable","24":"shipping-taxable","25":"purchasable","26":"product-type-simple"},"yoast_head":"<!-- This site is optimized with the Yoast SEO plugin v26.8 - https:\/\/yoast.com\/product\/yoast-seo-wordpress\/ -->\n<title>Vahumarkerite komplekt (6tk) - sulin.ee<\/title>\n<meta name=\"description\" content=\"Vahumarkerite komplekt lastele on vahva viis tutvustada lapsele v\u00e4rve. Erilise lahendusega markerid, kuna v\u00e4rvi doseeritakse l\u00e4bi v\u00e4ikese k\u00e4sna.\" \/>\n<meta name=\"robots\" content=\"index, follow, max-snippet:-1, max-image-preview:large, max-video-preview:-1\" \/>\n<link rel=\"canonical\" href=\"https:\/\/sulin.ee\/en\/toode\/vahumarkerite-komplekt-6tk-djeco\/\" \/>\n<meta property=\"og:locale\" content=\"en_US\" \/>\n<meta property=\"og:type\" content=\"article\" \/>\n<meta property=\"og:title\" content=\"Vahumarkerite komplekt (6tk) - sulin.ee\" \/>\n<meta property=\"og:description\" content=\"Vahumarkerite komplekt lastele on vahva viis tutvustada lapsele v\u00e4rve. Erilise lahendusega markerid, kuna v\u00e4rvi doseeritakse l\u00e4bi v\u00e4ikese k\u00e4sna.\" \/>\n<meta property=\"og:url\" content=\"https:\/\/sulin.ee\/en\/toode\/vahumarkerite-komplekt-6tk-djeco\/\" \/>\n<meta property=\"og:site_name\" content=\"sulin.ee\" \/>\n<meta property=\"article:publisher\" content=\"https:\/\/www.facebook.com\/www.sulin.ee\/\" \/>\n<meta property=\"article:modified_time\" content=\"2025-12-13T18:45:19+00:00\" \/>\n<meta property=\"og:image\" content=\"https:\/\/sulin.ee\/wp-content\/uploads\/2023\/09\/8439-DJ09002-varvid-kuus-vahumarkerit-3.jpg\" \/>\n\t<meta property=\"og:image:width\" content=\"600\" \/>\n\t<meta property=\"og:image:height\" content=\"600\" \/>\n\t<meta property=\"og:image:type\" content=\"image\/jpeg\" \/>\n<meta name=\"twitter:card\" content=\"summary_large_image\" \/>\n<meta name=\"twitter:label1\" content=\"Est. reading time\" \/>\n\t<meta name=\"twitter:data1\" content=\"1 minute\" \/>\n<script type=\"application\/ld+json\" class=\"yoast-schema-graph\">{\"@context\":\"https:\/\/schema.org\",\"@graph\":[{\"@type\":\"WebPage\",\"@id\":\"https:\/\/sulin.ee\/en\/toode\/vahumarkerite-komplekt-6tk-djeco\/\",\"url\":\"https:\/\/sulin.ee\/en\/toode\/vahumarkerite-komplekt-6tk-djeco\/\",\"name\":\"Vahumarkerite komplekt (6tk) - sulin.ee\",\"isPartOf\":{\"@id\":\"https:\/\/sulin.ee\/en\/#website\"},\"primaryImageOfPage\":{\"@id\":\"https:\/\/sulin.ee\/en\/toode\/vahumarkerite-komplekt-6tk-djeco\/#primaryimage\"},\"image\":{\"@id\":\"https:\/\/sulin.ee\/en\/toode\/vahumarkerite-komplekt-6tk-djeco\/#primaryimage\"},\"thumbnailUrl\":\"https:\/\/sulin.ee\/wp-content\/uploads\/2023\/09\/8439-DJ09002-varvid-kuus-vahumarkerit-3.jpg\",\"datePublished\":\"2023-09-25T19:55:10+00:00\",\"dateModified\":\"2025-12-13T18:45:19+00:00\",\"description\":\"Vahumarkerite komplekt lastele on vahva viis tutvustada lapsele v\u00e4rve. Erilise lahendusega markerid, kuna v\u00e4rvi doseeritakse l\u00e4bi v\u00e4ikese k\u00e4sna.\",\"breadcrumb\":{\"@id\":\"https:\/\/sulin.ee\/en\/toode\/vahumarkerite-komplekt-6tk-djeco\/#breadcrumb\"},\"inLanguage\":\"en-US\",\"potentialAction\":[{\"@type\":\"ReadAction\",\"target\":[\"https:\/\/sulin.ee\/en\/toode\/vahumarkerite-komplekt-6tk-djeco\/\"]}]},{\"@type\":\"ImageObject\",\"inLanguage\":\"en-US\",\"@id\":\"https:\/\/sulin.ee\/en\/toode\/vahumarkerite-komplekt-6tk-djeco\/#primaryimage\",\"url\":\"https:\/\/sulin.ee\/wp-content\/uploads\/2023\/09\/8439-DJ09002-varvid-kuus-vahumarkerit-3.jpg\",\"contentUrl\":\"https:\/\/sulin.ee\/wp-content\/uploads\/2023\/09\/8439-DJ09002-varvid-kuus-vahumarkerit-3.jpg\",\"width\":600,\"height\":600,\"caption\":\"Vahumarkerite komplekt\"},{\"@type\":\"BreadcrumbList\",\"@id\":\"https:\/\/sulin.ee\/en\/toode\/vahumarkerite-komplekt-6tk-djeco\/#breadcrumb\",\"itemListElement\":[{\"@type\":\"ListItem\",\"position\":1,\"name\":\"Home\",\"item\":\"https:\/\/sulin.ee\/en\/\"},{\"@type\":\"ListItem\",\"position\":2,\"name\":\"Sulin.ee e-pood\",\"item\":\"https:\/\/sulin.ee\/shop\/\"},{\"@type\":\"ListItem\",\"position\":3,\"name\":\"Vahumarkerite komplekt (6tk)\"}]},{\"@type\":\"WebSite\",\"@id\":\"https:\/\/sulin.ee\/en\/#website\",\"url\":\"https:\/\/sulin.ee\/en\/\",\"name\":\"sulin.ee\",\"description\":\"\",\"publisher\":{\"@id\":\"https:\/\/sulin.ee\/en\/#organization\"},\"potentialAction\":[{\"@type\":\"SearchAction\",\"target\":{\"@type\":\"EntryPoint\",\"urlTemplate\":\"https:\/\/sulin.ee\/en\/?s={search_term_string}\"},\"query-input\":{\"@type\":\"PropertyValueSpecification\",\"valueRequired\":true,\"valueName\":\"search_term_string\"}}],\"inLanguage\":\"en-US\"},{\"@type\":\"Organization\",\"@id\":\"https:\/\/sulin.ee\/en\/#organization\",\"name\":\"SULIN TRADE O\u00dc\",\"url\":\"https:\/\/sulin.ee\/en\/\",\"logo\":{\"@type\":\"ImageObject\",\"inLanguage\":\"en-US\",\"@id\":\"https:\/\/sulin.ee\/en\/#\/schema\/logo\/image\/\",\"url\":\"https:\/\/sulin.ee\/wp-content\/uploads\/2022\/11\/sulin-logo.png\",\"contentUrl\":\"https:\/\/sulin.ee\/wp-content\/uploads\/2022\/11\/sulin-logo.png\",\"width\":871,\"height\":321,\"caption\":\"SULIN TRADE O\u00dc\"},\"image\":{\"@id\":\"https:\/\/sulin.ee\/en\/#\/schema\/logo\/image\/\"},\"sameAs\":[\"https:\/\/www.facebook.com\/www.sulin.ee\/\",\"https:\/\/www.instagram.com\/sulintrade\/\"]}]}<\/script>\n<!-- \/ Yoast SEO plugin. -->","yoast_head_json":{"title":"Vahumarkerite komplekt (6tk) - sulin.ee","description":"Vahumarkerite komplekt lastele on vahva viis tutvustada lapsele v\u00e4rve. Erilise lahendusega markerid, kuna v\u00e4rvi doseeritakse l\u00e4bi v\u00e4ikese k\u00e4sna.","robots":{"index":"index","follow":"follow","max-snippet":"max-snippet:-1","max-image-preview":"max-image-preview:large","max-video-preview":"max-video-preview:-1"},"canonical":"https:\/\/sulin.ee\/en\/toode\/vahumarkerite-komplekt-6tk-djeco\/","og_locale":"en_US","og_type":"article","og_title":"Vahumarkerite komplekt (6tk) - sulin.ee","og_description":"Vahumarkerite komplekt lastele on vahva viis tutvustada lapsele v\u00e4rve. Erilise lahendusega markerid, kuna v\u00e4rvi doseeritakse l\u00e4bi v\u00e4ikese k\u00e4sna.","og_url":"https:\/\/sulin.ee\/en\/toode\/vahumarkerite-komplekt-6tk-djeco\/","og_site_name":"sulin.ee","article_publisher":"https:\/\/www.facebook.com\/www.sulin.ee\/","article_modified_time":"2025-12-13T18:45:19+00:00","og_image":[{"width":600,"height":600,"url":"https:\/\/sulin.ee\/wp-content\/uploads\/2023\/09\/8439-DJ09002-varvid-kuus-vahumarkerit-3.jpg","type":"image\/jpeg"}],"twitter_card":"summary_large_image","twitter_misc":{"Est. reading time":"1 minute"},"schema":{"@context":"https:\/\/schema.org","@graph":[{"@type":"WebPage","@id":"https:\/\/sulin.ee\/en\/toode\/vahumarkerite-komplekt-6tk-djeco\/","url":"https:\/\/sulin.ee\/en\/toode\/vahumarkerite-komplekt-6tk-djeco\/","name":"Vahumarkerite komplekt (6tk) - sulin.ee","isPartOf":{"@id":"https:\/\/sulin.ee\/en\/#website"},"primaryImageOfPage":{"@id":"https:\/\/sulin.ee\/en\/toode\/vahumarkerite-komplekt-6tk-djeco\/#primaryimage"},"image":{"@id":"https:\/\/sulin.ee\/en\/toode\/vahumarkerite-komplekt-6tk-djeco\/#primaryimage"},"thumbnailUrl":"https:\/\/sulin.ee\/wp-content\/uploads\/2023\/09\/8439-DJ09002-varvid-kuus-vahumarkerit-3.jpg","datePublished":"2023-09-25T19:55:10+00:00","dateModified":"2025-12-13T18:45:19+00:00","description":"Vahumarkerite komplekt lastele on vahva viis tutvustada lapsele v\u00e4rve. Erilise lahendusega markerid, kuna v\u00e4rvi doseeritakse l\u00e4bi v\u00e4ikese k\u00e4sna.","breadcrumb":{"@id":"https:\/\/sulin.ee\/en\/toode\/vahumarkerite-komplekt-6tk-djeco\/#breadcrumb"},"inLanguage":"en-US","potentialAction":[{"@type":"ReadAction","target":["https:\/\/sulin.ee\/en\/toode\/vahumarkerite-komplekt-6tk-djeco\/"]}]},{"@type":"ImageObject","inLanguage":"en-US","@id":"https:\/\/sulin.ee\/en\/toode\/vahumarkerite-komplekt-6tk-djeco\/#primaryimage","url":"https:\/\/sulin.ee\/wp-content\/uploads\/2023\/09\/8439-DJ09002-varvid-kuus-vahumarkerit-3.jpg","contentUrl":"https:\/\/sulin.ee\/wp-content\/uploads\/2023\/09\/8439-DJ09002-varvid-kuus-vahumarkerit-3.jpg","width":600,"height":600,"caption":"Vahumarkerite komplekt"},{"@type":"BreadcrumbList","@id":"https:\/\/sulin.ee\/en\/toode\/vahumarkerite-komplekt-6tk-djeco\/#breadcrumb","itemListElement":[{"@type":"ListItem","position":1,"name":"Home","item":"https:\/\/sulin.ee\/en\/"},{"@type":"ListItem","position":2,"name":"Sulin.ee e-pood","item":"https:\/\/sulin.ee\/shop\/"},{"@type":"ListItem","position":3,"name":"Vahumarkerite komplekt (6tk)"}]},{"@type":"WebSite","@id":"https:\/\/sulin.ee\/en\/#website","url":"https:\/\/sulin.ee\/en\/","name":"sulin.ee","description":"","publisher":{"@id":"https:\/\/sulin.ee\/en\/#organization"},"potentialAction":[{"@type":"SearchAction","target":{"@type":"EntryPoint","urlTemplate":"https:\/\/sulin.ee\/en\/?s={search_term_string}"},"query-input":{"@type":"PropertyValueSpecification","valueRequired":true,"valueName":"search_term_string"}}],"inLanguage":"en-US"},{"@type":"Organization","@id":"https:\/\/sulin.ee\/en\/#organization","name":"SULIN TRADE O\u00dc","url":"https:\/\/sulin.ee\/en\/","logo":{"@type":"ImageObject","inLanguage":"en-US","@id":"https:\/\/sulin.ee\/en\/#\/schema\/logo\/image\/","url":"https:\/\/sulin.ee\/wp-content\/uploads\/2022\/11\/sulin-logo.png","contentUrl":"https:\/\/sulin.ee\/wp-content\/uploads\/2022\/11\/sulin-logo.png","width":871,"height":321,"caption":"SULIN TRADE O\u00dc"},"image":{"@id":"https:\/\/sulin.ee\/en\/#\/schema\/logo\/image\/"},"sameAs":["https:\/\/www.facebook.com\/www.sulin.ee\/","https:\/\/www.instagram.com\/sulintrade\/"]}]}},"builder_content":"","_links":{"self":[{"href":"https:\/\/sulin.ee\/en\/wp-json\/wp\/v2\/product\/13766","targetHints":{"allow":["GET"]}}],"collection":[{"href":"https:\/\/sulin.ee\/en\/wp-json\/wp\/v2\/product"}],"about":[{"href":"https:\/\/sulin.ee\/en\/wp-json\/wp\/v2\/types\/product"}],"replies":[{"embeddable":true,"href":"https:\/\/sulin.ee\/en\/wp-json\/wp\/v2\/comments?post=13766"}],"wp:featuredmedia":[{"embeddable":true,"href":"https:\/\/sulin.ee\/en\/wp-json\/wp\/v2\/media\/13771"}],"wp:attachment":[{"href":"https:\/\/sulin.ee\/en\/wp-json\/wp\/v2\/media?parent=13766"}],"wp:term":[{"taxonomy":"product_brand","embeddable":true,"href":"https:\/\/sulin.ee\/en\/wp-json\/wp\/v2\/product_brand?post=13766"},{"taxonomy":"product_cat","embeddable":true,"href":"https:\/\/sulin.ee\/en\/wp-json\/wp\/v2\/product_cat?post=13766"},{"taxonomy":"product_tag","embeddable":true,"href":"https:\/\/sulin.ee\/en\/wp-json\/wp\/v2\/product_tag?post=13766"}],"curies":[{"name":"wp","href":"https:\/\/api.w.org\/{rel}","templated":true}]}}