{"id":13746,"date":"2023-09-29T11:06:19","date_gmt":"2023-09-29T11:06:19","guid":{"rendered":"https:\/\/sulin.ee\/?post_type=product&#038;p=13746"},"modified":"2025-09-07T21:54:27","modified_gmt":"2025-09-07T21:54:27","slug":"ehete-valmistamise-komplekt-lilled-djeco","status":"publish","type":"product","link":"https:\/\/sulin.ee\/en\/toode\/ehete-valmistamise-komplekt-lilled-djeco\/","title":{"rendered":"Ehete valmistamise komplekt &#8220;Lilled&#8221;"},"content":{"rendered":"<p><strong>Ehete valmistamise komplekt &#8220;Lilled&#8221; sisaldab 285 akr\u00fc\u00fclhelmest, 6 lillekujulist ripatsit ja 6 meetrit elastset n\u00f6\u00f6ri kaunite ehete valmistamiseks. Hoolikalt valitud v\u00e4rvivalik, et helmed omavahel sobiks ja l\u00f5pptulemus j\u00e4\u00e4ks kaunis.<\/strong><\/p>\n<p>Ehete valmistamine laseb lapsel olla loov, see rahustab ning sobib tubaseks ajaviitmiseks kui \u00f5ue minna ei saa. Tegevus mida saab laps nautida \u00fcksi, koos oma s\u00f5prade v\u00f5i vanematega.<\/p>\n<p>Sobib vanusele 6+ eluaastat.<\/p>\n<p><strong>HOIATUS!<\/strong> Ei sobi alla 3-aastastele lastele. Sisaldab v\u00e4ikeseid osi &#8211; l\u00e4mbumisoht.<\/p>\n<p>Vaata ka teisi vahvaid ja arendavaid DJECO m\u00e4nguasju<span style=\"color: #0000ff;\"> <a style=\"color: #0000ff;\" href=\"https:\/\/sulin.ee\/tootekategooria\/brandid\/djeco\/\" target=\"_blank\" rel=\"noopener\">siit.<\/a><\/span><\/p>\n","protected":false},"excerpt":{"rendered":"<p>Ehete valmistamise komplekt &#8220;Lilled&#8221; sisaldab 285 akr\u00fc\u00fclhelmest, 6 lillekujulist ripatsit ja 6 meetrit elastset n\u00f6\u00f6ri kaunite ehete valmistamiseks. Hoolikalt valitud v\u00e4rvivalik, et helmed omavahel sobiks ja l\u00f5pptulemus j\u00e4\u00e4ks kaunis. Ehete valmistamine laseb lapsel olla loov, see rahustab ning sobib tubaseks ajaviitmiseks kui \u00f5ue minna ei saa. Tegevus mida saab laps nautida \u00fcksi, koos oma s\u00f5prade [&hellip;]<\/p>\n","protected":false},"featured_media":15218,"comment_status":"open","ping_status":"closed","template":"","meta":[],"product_brand":[],"product_cat":[1162,1165,1166,102,1017,928],"product_tag":[],"class_list":{"0":"post-13746","1":"product","2":"type-product","3":"status-publish","4":"has-post-thumbnail","6":"product_cat-kingituseks","7":"product_cat-3-5-aastat","8":"product_cat-6-8-aastat","9":"product_cat-kunstivahendid","10":"product_cat-meisterdamine","11":"product_cat-djeco","12":"has-post-title","13":"has-post-date","14":"has-post-category","15":"has-post-tag","16":"has-post-comment","17":"has-post-author","18":"","20":"first","21":"instock","22":"sale","23":"taxable","24":"shipping-taxable","25":"purchasable","26":"product-type-simple"},"yoast_head":"<!-- This site is optimized with the Yoast SEO plugin v26.8 - https:\/\/yoast.com\/product\/yoast-seo-wordpress\/ -->\n<title>Ehete valmistamise komplekt &quot;Lilled&quot; - sulin.ee<\/title>\n<meta name=\"description\" content=\"Ehete valmistamise komplekt &quot;Lilled&quot; sisaldab 285 akr\u00fc\u00fclhelmest, 6 lillekujulist ripatsit ja 6 meetrit elastset n\u00f6\u00f6ri kaunite ehete valmistamiseks.\" \/>\n<meta name=\"robots\" content=\"index, follow, max-snippet:-1, max-image-preview:large, max-video-preview:-1\" \/>\n<link rel=\"canonical\" href=\"https:\/\/sulin.ee\/en\/toode\/ehete-valmistamise-komplekt-lilled-djeco\/\" \/>\n<meta property=\"og:locale\" content=\"en_US\" \/>\n<meta property=\"og:type\" content=\"article\" \/>\n<meta property=\"og:title\" content=\"Ehete valmistamise komplekt &quot;Lilled&quot; - sulin.ee\" \/>\n<meta property=\"og:description\" content=\"Ehete valmistamise komplekt &quot;Lilled&quot; sisaldab 285 akr\u00fc\u00fclhelmest, 6 lillekujulist ripatsit ja 6 meetrit elastset n\u00f6\u00f6ri kaunite ehete valmistamiseks.\" \/>\n<meta property=\"og:url\" content=\"https:\/\/sulin.ee\/en\/toode\/ehete-valmistamise-komplekt-lilled-djeco\/\" \/>\n<meta property=\"og:site_name\" content=\"sulin.ee\" \/>\n<meta property=\"article:publisher\" content=\"https:\/\/www.facebook.com\/www.sulin.ee\/\" \/>\n<meta property=\"article:modified_time\" content=\"2025-09-07T21:54:27+00:00\" \/>\n<meta property=\"og:image\" content=\"https:\/\/sulin.ee\/wp-content\/uploads\/2023\/09\/3-2.png\" \/>\n\t<meta property=\"og:image:width\" content=\"1080\" \/>\n\t<meta property=\"og:image:height\" content=\"1080\" \/>\n\t<meta property=\"og:image:type\" content=\"image\/png\" \/>\n<meta name=\"twitter:card\" content=\"summary_large_image\" \/>\n<meta name=\"twitter:label1\" content=\"Est. reading time\" \/>\n\t<meta name=\"twitter:data1\" content=\"1 minute\" \/>\n<script type=\"application\/ld+json\" class=\"yoast-schema-graph\">{\"@context\":\"https:\/\/schema.org\",\"@graph\":[{\"@type\":\"WebPage\",\"@id\":\"https:\/\/sulin.ee\/en\/toode\/ehete-valmistamise-komplekt-lilled-djeco\/\",\"url\":\"https:\/\/sulin.ee\/en\/toode\/ehete-valmistamise-komplekt-lilled-djeco\/\",\"name\":\"Ehete valmistamise komplekt \\\"Lilled\\\" - sulin.ee\",\"isPartOf\":{\"@id\":\"https:\/\/sulin.ee\/en\/#website\"},\"primaryImageOfPage\":{\"@id\":\"https:\/\/sulin.ee\/en\/toode\/ehete-valmistamise-komplekt-lilled-djeco\/#primaryimage\"},\"image\":{\"@id\":\"https:\/\/sulin.ee\/en\/toode\/ehete-valmistamise-komplekt-lilled-djeco\/#primaryimage\"},\"thumbnailUrl\":\"https:\/\/sulin.ee\/wp-content\/uploads\/2023\/09\/3-2.png\",\"datePublished\":\"2023-09-29T11:06:19+00:00\",\"dateModified\":\"2025-09-07T21:54:27+00:00\",\"description\":\"Ehete valmistamise komplekt \\\"Lilled\\\" sisaldab 285 akr\u00fc\u00fclhelmest, 6 lillekujulist ripatsit ja 6 meetrit elastset n\u00f6\u00f6ri kaunite ehete valmistamiseks.\",\"breadcrumb\":{\"@id\":\"https:\/\/sulin.ee\/en\/toode\/ehete-valmistamise-komplekt-lilled-djeco\/#breadcrumb\"},\"inLanguage\":\"en-US\",\"potentialAction\":[{\"@type\":\"ReadAction\",\"target\":[\"https:\/\/sulin.ee\/en\/toode\/ehete-valmistamise-komplekt-lilled-djeco\/\"]}]},{\"@type\":\"ImageObject\",\"inLanguage\":\"en-US\",\"@id\":\"https:\/\/sulin.ee\/en\/toode\/ehete-valmistamise-komplekt-lilled-djeco\/#primaryimage\",\"url\":\"https:\/\/sulin.ee\/wp-content\/uploads\/2023\/09\/3-2.png\",\"contentUrl\":\"https:\/\/sulin.ee\/wp-content\/uploads\/2023\/09\/3-2.png\",\"width\":1080,\"height\":1080,\"caption\":\"Ehete valmistamise komplekt \\\"Lilled\\\"\"},{\"@type\":\"BreadcrumbList\",\"@id\":\"https:\/\/sulin.ee\/en\/toode\/ehete-valmistamise-komplekt-lilled-djeco\/#breadcrumb\",\"itemListElement\":[{\"@type\":\"ListItem\",\"position\":1,\"name\":\"Home\",\"item\":\"https:\/\/sulin.ee\/en\/\"},{\"@type\":\"ListItem\",\"position\":2,\"name\":\"Sulin.ee e-pood\",\"item\":\"https:\/\/sulin.ee\/shop\/\"},{\"@type\":\"ListItem\",\"position\":3,\"name\":\"Ehete valmistamise komplekt &#8220;Lilled&#8221;\"}]},{\"@type\":\"WebSite\",\"@id\":\"https:\/\/sulin.ee\/en\/#website\",\"url\":\"https:\/\/sulin.ee\/en\/\",\"name\":\"sulin.ee\",\"description\":\"\",\"publisher\":{\"@id\":\"https:\/\/sulin.ee\/en\/#organization\"},\"potentialAction\":[{\"@type\":\"SearchAction\",\"target\":{\"@type\":\"EntryPoint\",\"urlTemplate\":\"https:\/\/sulin.ee\/en\/?s={search_term_string}\"},\"query-input\":{\"@type\":\"PropertyValueSpecification\",\"valueRequired\":true,\"valueName\":\"search_term_string\"}}],\"inLanguage\":\"en-US\"},{\"@type\":\"Organization\",\"@id\":\"https:\/\/sulin.ee\/en\/#organization\",\"name\":\"SULIN TRADE O\u00dc\",\"url\":\"https:\/\/sulin.ee\/en\/\",\"logo\":{\"@type\":\"ImageObject\",\"inLanguage\":\"en-US\",\"@id\":\"https:\/\/sulin.ee\/en\/#\/schema\/logo\/image\/\",\"url\":\"https:\/\/sulin.ee\/wp-content\/uploads\/2022\/11\/sulin-logo.png\",\"contentUrl\":\"https:\/\/sulin.ee\/wp-content\/uploads\/2022\/11\/sulin-logo.png\",\"width\":871,\"height\":321,\"caption\":\"SULIN TRADE O\u00dc\"},\"image\":{\"@id\":\"https:\/\/sulin.ee\/en\/#\/schema\/logo\/image\/\"},\"sameAs\":[\"https:\/\/www.facebook.com\/www.sulin.ee\/\",\"https:\/\/www.instagram.com\/sulintrade\/\"]}]}<\/script>\n<!-- \/ Yoast SEO plugin. -->","yoast_head_json":{"title":"Ehete valmistamise komplekt \"Lilled\" - sulin.ee","description":"Ehete valmistamise komplekt \"Lilled\" sisaldab 285 akr\u00fc\u00fclhelmest, 6 lillekujulist ripatsit ja 6 meetrit elastset n\u00f6\u00f6ri kaunite ehete valmistamiseks.","robots":{"index":"index","follow":"follow","max-snippet":"max-snippet:-1","max-image-preview":"max-image-preview:large","max-video-preview":"max-video-preview:-1"},"canonical":"https:\/\/sulin.ee\/en\/toode\/ehete-valmistamise-komplekt-lilled-djeco\/","og_locale":"en_US","og_type":"article","og_title":"Ehete valmistamise komplekt \"Lilled\" - sulin.ee","og_description":"Ehete valmistamise komplekt \"Lilled\" sisaldab 285 akr\u00fc\u00fclhelmest, 6 lillekujulist ripatsit ja 6 meetrit elastset n\u00f6\u00f6ri kaunite ehete valmistamiseks.","og_url":"https:\/\/sulin.ee\/en\/toode\/ehete-valmistamise-komplekt-lilled-djeco\/","og_site_name":"sulin.ee","article_publisher":"https:\/\/www.facebook.com\/www.sulin.ee\/","article_modified_time":"2025-09-07T21:54:27+00:00","og_image":[{"width":1080,"height":1080,"url":"https:\/\/sulin.ee\/wp-content\/uploads\/2023\/09\/3-2.png","type":"image\/png"}],"twitter_card":"summary_large_image","twitter_misc":{"Est. reading time":"1 minute"},"schema":{"@context":"https:\/\/schema.org","@graph":[{"@type":"WebPage","@id":"https:\/\/sulin.ee\/en\/toode\/ehete-valmistamise-komplekt-lilled-djeco\/","url":"https:\/\/sulin.ee\/en\/toode\/ehete-valmistamise-komplekt-lilled-djeco\/","name":"Ehete valmistamise komplekt \"Lilled\" - sulin.ee","isPartOf":{"@id":"https:\/\/sulin.ee\/en\/#website"},"primaryImageOfPage":{"@id":"https:\/\/sulin.ee\/en\/toode\/ehete-valmistamise-komplekt-lilled-djeco\/#primaryimage"},"image":{"@id":"https:\/\/sulin.ee\/en\/toode\/ehete-valmistamise-komplekt-lilled-djeco\/#primaryimage"},"thumbnailUrl":"https:\/\/sulin.ee\/wp-content\/uploads\/2023\/09\/3-2.png","datePublished":"2023-09-29T11:06:19+00:00","dateModified":"2025-09-07T21:54:27+00:00","description":"Ehete valmistamise komplekt \"Lilled\" sisaldab 285 akr\u00fc\u00fclhelmest, 6 lillekujulist ripatsit ja 6 meetrit elastset n\u00f6\u00f6ri kaunite ehete valmistamiseks.","breadcrumb":{"@id":"https:\/\/sulin.ee\/en\/toode\/ehete-valmistamise-komplekt-lilled-djeco\/#breadcrumb"},"inLanguage":"en-US","potentialAction":[{"@type":"ReadAction","target":["https:\/\/sulin.ee\/en\/toode\/ehete-valmistamise-komplekt-lilled-djeco\/"]}]},{"@type":"ImageObject","inLanguage":"en-US","@id":"https:\/\/sulin.ee\/en\/toode\/ehete-valmistamise-komplekt-lilled-djeco\/#primaryimage","url":"https:\/\/sulin.ee\/wp-content\/uploads\/2023\/09\/3-2.png","contentUrl":"https:\/\/sulin.ee\/wp-content\/uploads\/2023\/09\/3-2.png","width":1080,"height":1080,"caption":"Ehete valmistamise komplekt \"Lilled\""},{"@type":"BreadcrumbList","@id":"https:\/\/sulin.ee\/en\/toode\/ehete-valmistamise-komplekt-lilled-djeco\/#breadcrumb","itemListElement":[{"@type":"ListItem","position":1,"name":"Home","item":"https:\/\/sulin.ee\/en\/"},{"@type":"ListItem","position":2,"name":"Sulin.ee e-pood","item":"https:\/\/sulin.ee\/shop\/"},{"@type":"ListItem","position":3,"name":"Ehete valmistamise komplekt &#8220;Lilled&#8221;"}]},{"@type":"WebSite","@id":"https:\/\/sulin.ee\/en\/#website","url":"https:\/\/sulin.ee\/en\/","name":"sulin.ee","description":"","publisher":{"@id":"https:\/\/sulin.ee\/en\/#organization"},"potentialAction":[{"@type":"SearchAction","target":{"@type":"EntryPoint","urlTemplate":"https:\/\/sulin.ee\/en\/?s={search_term_string}"},"query-input":{"@type":"PropertyValueSpecification","valueRequired":true,"valueName":"search_term_string"}}],"inLanguage":"en-US"},{"@type":"Organization","@id":"https:\/\/sulin.ee\/en\/#organization","name":"SULIN TRADE O\u00dc","url":"https:\/\/sulin.ee\/en\/","logo":{"@type":"ImageObject","inLanguage":"en-US","@id":"https:\/\/sulin.ee\/en\/#\/schema\/logo\/image\/","url":"https:\/\/sulin.ee\/wp-content\/uploads\/2022\/11\/sulin-logo.png","contentUrl":"https:\/\/sulin.ee\/wp-content\/uploads\/2022\/11\/sulin-logo.png","width":871,"height":321,"caption":"SULIN TRADE O\u00dc"},"image":{"@id":"https:\/\/sulin.ee\/en\/#\/schema\/logo\/image\/"},"sameAs":["https:\/\/www.facebook.com\/www.sulin.ee\/","https:\/\/www.instagram.com\/sulintrade\/"]}]}},"builder_content":"","_links":{"self":[{"href":"https:\/\/sulin.ee\/en\/wp-json\/wp\/v2\/product\/13746","targetHints":{"allow":["GET"]}}],"collection":[{"href":"https:\/\/sulin.ee\/en\/wp-json\/wp\/v2\/product"}],"about":[{"href":"https:\/\/sulin.ee\/en\/wp-json\/wp\/v2\/types\/product"}],"replies":[{"embeddable":true,"href":"https:\/\/sulin.ee\/en\/wp-json\/wp\/v2\/comments?post=13746"}],"wp:featuredmedia":[{"embeddable":true,"href":"https:\/\/sulin.ee\/en\/wp-json\/wp\/v2\/media\/15218"}],"wp:attachment":[{"href":"https:\/\/sulin.ee\/en\/wp-json\/wp\/v2\/media?parent=13746"}],"wp:term":[{"taxonomy":"product_brand","embeddable":true,"href":"https:\/\/sulin.ee\/en\/wp-json\/wp\/v2\/product_brand?post=13746"},{"taxonomy":"product_cat","embeddable":true,"href":"https:\/\/sulin.ee\/en\/wp-json\/wp\/v2\/product_cat?post=13746"},{"taxonomy":"product_tag","embeddable":true,"href":"https:\/\/sulin.ee\/en\/wp-json\/wp\/v2\/product_tag?post=13746"}],"curies":[{"name":"wp","href":"https:\/\/api.w.org\/{rel}","templated":true}]}}