{"id":13706,"date":"2023-09-26T20:31:36","date_gmt":"2023-09-26T20:31:36","guid":{"rendered":"https:\/\/sulin.ee\/?post_type=product&#038;p=13706"},"modified":"2025-09-07T21:54:31","modified_gmt":"2025-09-07T21:54:31","slug":"sabloonid-joonistamiseks-loomad-djeco","status":"publish","type":"product","link":"https:\/\/sulin.ee\/en\/toode\/sabloonid-joonistamiseks-loomad-djeco\/","title":{"rendered":"\u0160abloonid joonistamiseks &#8220;Loomad&#8221;"},"content":{"rendered":"<p><strong>\u0160abloonid joonistamiseks &#8220;Loomad&#8221;. 5 metsikutest loomadest inspireeritud \u0161ablooni (20 x 20 cm), mis inspireerivad lapsi loominguliselt tegutsema. \u0160abloonide abil saab joonistada elevanti, sebrat, antiloopi, l\u00f5vi ja krokodilli. Laiad sooned v\u00f5imaldavad joonistada nii pliiatsi kui vildikatega.\u00a0<\/strong><\/p>\n<p>\u0160abloonid on v\u00e4ga vastupidavad ning pestavad.<\/p>\n<p>Sobivad vanusele 4+ eluaastat.<\/p>\n","protected":false},"excerpt":{"rendered":"<p>\u0160abloonid joonistamiseks &#8220;Loomad&#8221;. 5 metsikutest loomadest inspireeritud \u0161ablooni (20 x 20 cm), mis inspireerivad lapsi loominguliselt tegutsema. \u0160abloonide abil saab joonistada elevanti, sebrat, antiloopi, l\u00f5vi ja krokodilli. Laiad sooned v\u00f5imaldavad joonistada nii pliiatsi kui vildikatega.\u00a0 \u0160abloonid on v\u00e4ga vastupidavad ning pestavad. Sobivad vanusele 4+ eluaastat.<\/p>\n","protected":false},"featured_media":15147,"comment_status":"open","ping_status":"closed","template":"","meta":[],"product_brand":[],"product_cat":[1162,1165,102,927,928],"product_tag":[],"class_list":{"0":"post-13706","1":"product","2":"type-product","3":"status-publish","4":"has-post-thumbnail","6":"product_cat-kingituseks","7":"product_cat-3-5-aastat","8":"product_cat-kunstivahendid","9":"product_cat-joonistamine","10":"product_cat-djeco","11":"has-post-title","12":"has-post-date","13":"has-post-category","14":"has-post-tag","15":"has-post-comment","16":"has-post-author","17":"","19":"first","20":"instock","21":"sale","22":"taxable","23":"shipping-taxable","24":"purchasable","25":"product-type-simple"},"yoast_head":"<!-- This site is optimized with the Yoast SEO plugin v26.8 - https:\/\/yoast.com\/product\/yoast-seo-wordpress\/ -->\n<title>\u0160abloonid joonistamiseks &quot;Loomad&quot; - sulin.ee<\/title>\n<meta name=\"robots\" content=\"index, follow, max-snippet:-1, max-image-preview:large, max-video-preview:-1\" \/>\n<link rel=\"canonical\" href=\"https:\/\/sulin.ee\/en\/toode\/sabloonid-joonistamiseks-loomad-djeco\/\" \/>\n<meta property=\"og:locale\" content=\"en_US\" \/>\n<meta property=\"og:type\" content=\"article\" \/>\n<meta property=\"og:title\" content=\"\u0160abloonid joonistamiseks &quot;Loomad&quot; - sulin.ee\" \/>\n<meta property=\"og:description\" content=\"\u0160abloonid joonistamiseks &#8220;Loomad&#8221;. 5 metsikutest loomadest inspireeritud \u0161ablooni (20 x 20 cm), mis inspireerivad lapsi loominguliselt tegutsema. \u0160abloonide abil saab joonistada elevanti, sebrat, antiloopi, l\u00f5vi ja krokodilli. Laiad sooned v\u00f5imaldavad joonistada nii pliiatsi kui vildikatega.\u00a0 \u0160abloonid on v\u00e4ga vastupidavad ning pestavad. Sobivad vanusele 4+ eluaastat.\" \/>\n<meta property=\"og:url\" content=\"https:\/\/sulin.ee\/en\/toode\/sabloonid-joonistamiseks-loomad-djeco\/\" \/>\n<meta property=\"og:site_name\" content=\"sulin.ee\" \/>\n<meta property=\"article:publisher\" content=\"https:\/\/www.facebook.com\/www.sulin.ee\/\" \/>\n<meta property=\"article:modified_time\" content=\"2025-09-07T21:54:31+00:00\" \/>\n<meta property=\"og:image\" content=\"https:\/\/sulin.ee\/wp-content\/uploads\/2023\/09\/1-1.png\" \/>\n\t<meta property=\"og:image:width\" content=\"1080\" \/>\n\t<meta property=\"og:image:height\" content=\"1080\" \/>\n\t<meta property=\"og:image:type\" content=\"image\/png\" \/>\n<meta name=\"twitter:card\" content=\"summary_large_image\" \/>\n<meta name=\"twitter:label1\" content=\"Est. reading time\" \/>\n\t<meta name=\"twitter:data1\" content=\"1 minute\" \/>\n<script type=\"application\/ld+json\" class=\"yoast-schema-graph\">{\"@context\":\"https:\/\/schema.org\",\"@graph\":[{\"@type\":\"WebPage\",\"@id\":\"https:\/\/sulin.ee\/en\/toode\/sabloonid-joonistamiseks-loomad-djeco\/\",\"url\":\"https:\/\/sulin.ee\/en\/toode\/sabloonid-joonistamiseks-loomad-djeco\/\",\"name\":\"\u0160abloonid joonistamiseks \\\"Loomad\\\" - sulin.ee\",\"isPartOf\":{\"@id\":\"https:\/\/sulin.ee\/en\/#website\"},\"primaryImageOfPage\":{\"@id\":\"https:\/\/sulin.ee\/en\/toode\/sabloonid-joonistamiseks-loomad-djeco\/#primaryimage\"},\"image\":{\"@id\":\"https:\/\/sulin.ee\/en\/toode\/sabloonid-joonistamiseks-loomad-djeco\/#primaryimage\"},\"thumbnailUrl\":\"https:\/\/sulin.ee\/wp-content\/uploads\/2023\/09\/1-1.png\",\"datePublished\":\"2023-09-26T20:31:36+00:00\",\"dateModified\":\"2025-09-07T21:54:31+00:00\",\"breadcrumb\":{\"@id\":\"https:\/\/sulin.ee\/en\/toode\/sabloonid-joonistamiseks-loomad-djeco\/#breadcrumb\"},\"inLanguage\":\"en-US\",\"potentialAction\":[{\"@type\":\"ReadAction\",\"target\":[\"https:\/\/sulin.ee\/en\/toode\/sabloonid-joonistamiseks-loomad-djeco\/\"]}]},{\"@type\":\"ImageObject\",\"inLanguage\":\"en-US\",\"@id\":\"https:\/\/sulin.ee\/en\/toode\/sabloonid-joonistamiseks-loomad-djeco\/#primaryimage\",\"url\":\"https:\/\/sulin.ee\/wp-content\/uploads\/2023\/09\/1-1.png\",\"contentUrl\":\"https:\/\/sulin.ee\/wp-content\/uploads\/2023\/09\/1-1.png\",\"width\":1080,\"height\":1080},{\"@type\":\"BreadcrumbList\",\"@id\":\"https:\/\/sulin.ee\/en\/toode\/sabloonid-joonistamiseks-loomad-djeco\/#breadcrumb\",\"itemListElement\":[{\"@type\":\"ListItem\",\"position\":1,\"name\":\"Home\",\"item\":\"https:\/\/sulin.ee\/en\/\"},{\"@type\":\"ListItem\",\"position\":2,\"name\":\"Sulin.ee e-pood\",\"item\":\"https:\/\/sulin.ee\/shop\/\"},{\"@type\":\"ListItem\",\"position\":3,\"name\":\"\u0160abloonid joonistamiseks &#8220;Loomad&#8221;\"}]},{\"@type\":\"WebSite\",\"@id\":\"https:\/\/sulin.ee\/en\/#website\",\"url\":\"https:\/\/sulin.ee\/en\/\",\"name\":\"sulin.ee\",\"description\":\"\",\"publisher\":{\"@id\":\"https:\/\/sulin.ee\/en\/#organization\"},\"potentialAction\":[{\"@type\":\"SearchAction\",\"target\":{\"@type\":\"EntryPoint\",\"urlTemplate\":\"https:\/\/sulin.ee\/en\/?s={search_term_string}\"},\"query-input\":{\"@type\":\"PropertyValueSpecification\",\"valueRequired\":true,\"valueName\":\"search_term_string\"}}],\"inLanguage\":\"en-US\"},{\"@type\":\"Organization\",\"@id\":\"https:\/\/sulin.ee\/en\/#organization\",\"name\":\"SULIN TRADE O\u00dc\",\"url\":\"https:\/\/sulin.ee\/en\/\",\"logo\":{\"@type\":\"ImageObject\",\"inLanguage\":\"en-US\",\"@id\":\"https:\/\/sulin.ee\/en\/#\/schema\/logo\/image\/\",\"url\":\"https:\/\/sulin.ee\/wp-content\/uploads\/2022\/11\/sulin-logo.png\",\"contentUrl\":\"https:\/\/sulin.ee\/wp-content\/uploads\/2022\/11\/sulin-logo.png\",\"width\":871,\"height\":321,\"caption\":\"SULIN TRADE O\u00dc\"},\"image\":{\"@id\":\"https:\/\/sulin.ee\/en\/#\/schema\/logo\/image\/\"},\"sameAs\":[\"https:\/\/www.facebook.com\/www.sulin.ee\/\",\"https:\/\/www.instagram.com\/sulintrade\/\"]}]}<\/script>\n<!-- \/ Yoast SEO plugin. -->","yoast_head_json":{"title":"\u0160abloonid joonistamiseks \"Loomad\" - sulin.ee","robots":{"index":"index","follow":"follow","max-snippet":"max-snippet:-1","max-image-preview":"max-image-preview:large","max-video-preview":"max-video-preview:-1"},"canonical":"https:\/\/sulin.ee\/en\/toode\/sabloonid-joonistamiseks-loomad-djeco\/","og_locale":"en_US","og_type":"article","og_title":"\u0160abloonid joonistamiseks \"Loomad\" - sulin.ee","og_description":"\u0160abloonid joonistamiseks &#8220;Loomad&#8221;. 5 metsikutest loomadest inspireeritud \u0161ablooni (20 x 20 cm), mis inspireerivad lapsi loominguliselt tegutsema. \u0160abloonide abil saab joonistada elevanti, sebrat, antiloopi, l\u00f5vi ja krokodilli. Laiad sooned v\u00f5imaldavad joonistada nii pliiatsi kui vildikatega.\u00a0 \u0160abloonid on v\u00e4ga vastupidavad ning pestavad. Sobivad vanusele 4+ eluaastat.","og_url":"https:\/\/sulin.ee\/en\/toode\/sabloonid-joonistamiseks-loomad-djeco\/","og_site_name":"sulin.ee","article_publisher":"https:\/\/www.facebook.com\/www.sulin.ee\/","article_modified_time":"2025-09-07T21:54:31+00:00","og_image":[{"width":1080,"height":1080,"url":"https:\/\/sulin.ee\/wp-content\/uploads\/2023\/09\/1-1.png","type":"image\/png"}],"twitter_card":"summary_large_image","twitter_misc":{"Est. reading time":"1 minute"},"schema":{"@context":"https:\/\/schema.org","@graph":[{"@type":"WebPage","@id":"https:\/\/sulin.ee\/en\/toode\/sabloonid-joonistamiseks-loomad-djeco\/","url":"https:\/\/sulin.ee\/en\/toode\/sabloonid-joonistamiseks-loomad-djeco\/","name":"\u0160abloonid joonistamiseks \"Loomad\" - sulin.ee","isPartOf":{"@id":"https:\/\/sulin.ee\/en\/#website"},"primaryImageOfPage":{"@id":"https:\/\/sulin.ee\/en\/toode\/sabloonid-joonistamiseks-loomad-djeco\/#primaryimage"},"image":{"@id":"https:\/\/sulin.ee\/en\/toode\/sabloonid-joonistamiseks-loomad-djeco\/#primaryimage"},"thumbnailUrl":"https:\/\/sulin.ee\/wp-content\/uploads\/2023\/09\/1-1.png","datePublished":"2023-09-26T20:31:36+00:00","dateModified":"2025-09-07T21:54:31+00:00","breadcrumb":{"@id":"https:\/\/sulin.ee\/en\/toode\/sabloonid-joonistamiseks-loomad-djeco\/#breadcrumb"},"inLanguage":"en-US","potentialAction":[{"@type":"ReadAction","target":["https:\/\/sulin.ee\/en\/toode\/sabloonid-joonistamiseks-loomad-djeco\/"]}]},{"@type":"ImageObject","inLanguage":"en-US","@id":"https:\/\/sulin.ee\/en\/toode\/sabloonid-joonistamiseks-loomad-djeco\/#primaryimage","url":"https:\/\/sulin.ee\/wp-content\/uploads\/2023\/09\/1-1.png","contentUrl":"https:\/\/sulin.ee\/wp-content\/uploads\/2023\/09\/1-1.png","width":1080,"height":1080},{"@type":"BreadcrumbList","@id":"https:\/\/sulin.ee\/en\/toode\/sabloonid-joonistamiseks-loomad-djeco\/#breadcrumb","itemListElement":[{"@type":"ListItem","position":1,"name":"Home","item":"https:\/\/sulin.ee\/en\/"},{"@type":"ListItem","position":2,"name":"Sulin.ee e-pood","item":"https:\/\/sulin.ee\/shop\/"},{"@type":"ListItem","position":3,"name":"\u0160abloonid joonistamiseks &#8220;Loomad&#8221;"}]},{"@type":"WebSite","@id":"https:\/\/sulin.ee\/en\/#website","url":"https:\/\/sulin.ee\/en\/","name":"sulin.ee","description":"","publisher":{"@id":"https:\/\/sulin.ee\/en\/#organization"},"potentialAction":[{"@type":"SearchAction","target":{"@type":"EntryPoint","urlTemplate":"https:\/\/sulin.ee\/en\/?s={search_term_string}"},"query-input":{"@type":"PropertyValueSpecification","valueRequired":true,"valueName":"search_term_string"}}],"inLanguage":"en-US"},{"@type":"Organization","@id":"https:\/\/sulin.ee\/en\/#organization","name":"SULIN TRADE O\u00dc","url":"https:\/\/sulin.ee\/en\/","logo":{"@type":"ImageObject","inLanguage":"en-US","@id":"https:\/\/sulin.ee\/en\/#\/schema\/logo\/image\/","url":"https:\/\/sulin.ee\/wp-content\/uploads\/2022\/11\/sulin-logo.png","contentUrl":"https:\/\/sulin.ee\/wp-content\/uploads\/2022\/11\/sulin-logo.png","width":871,"height":321,"caption":"SULIN TRADE O\u00dc"},"image":{"@id":"https:\/\/sulin.ee\/en\/#\/schema\/logo\/image\/"},"sameAs":["https:\/\/www.facebook.com\/www.sulin.ee\/","https:\/\/www.instagram.com\/sulintrade\/"]}]}},"builder_content":"","_links":{"self":[{"href":"https:\/\/sulin.ee\/en\/wp-json\/wp\/v2\/product\/13706","targetHints":{"allow":["GET"]}}],"collection":[{"href":"https:\/\/sulin.ee\/en\/wp-json\/wp\/v2\/product"}],"about":[{"href":"https:\/\/sulin.ee\/en\/wp-json\/wp\/v2\/types\/product"}],"replies":[{"embeddable":true,"href":"https:\/\/sulin.ee\/en\/wp-json\/wp\/v2\/comments?post=13706"}],"wp:featuredmedia":[{"embeddable":true,"href":"https:\/\/sulin.ee\/en\/wp-json\/wp\/v2\/media\/15147"}],"wp:attachment":[{"href":"https:\/\/sulin.ee\/en\/wp-json\/wp\/v2\/media?parent=13706"}],"wp:term":[{"taxonomy":"product_brand","embeddable":true,"href":"https:\/\/sulin.ee\/en\/wp-json\/wp\/v2\/product_brand?post=13706"},{"taxonomy":"product_cat","embeddable":true,"href":"https:\/\/sulin.ee\/en\/wp-json\/wp\/v2\/product_cat?post=13706"},{"taxonomy":"product_tag","embeddable":true,"href":"https:\/\/sulin.ee\/en\/wp-json\/wp\/v2\/product_tag?post=13706"}],"curies":[{"name":"wp","href":"https:\/\/api.w.org\/{rel}","templated":true}]}}