{"id":13623,"date":"2023-09-24T20:06:56","date_gmt":"2023-09-24T20:06:56","guid":{"rendered":"https:\/\/sulin.ee\/?post_type=product&#038;p=13623"},"modified":"2026-02-09T05:44:07","modified_gmt":"2026-02-09T05:44:07","slug":"ajutised-tatoveeringud-lastele-50-tatoveeringut-erinevad-pildid-djeco","status":"publish","type":"product","link":"https:\/\/sulin.ee\/en\/toode\/ajutised-tatoveeringud-lastele-50-tatoveeringut-erinevad-pildid-djeco\/","title":{"rendered":"Ajutised t\u00e4toveeringud lastele (50+ t\u00e4toveeringut) &#8211; erinevad pildid"},"content":{"rendered":"<p><strong>Ajutised t\u00e4toveeringud lastele<\/strong> on l\u00f5bus ja loov viis, kuidas lapsed saavad v\u00e4ljendada oma isikup\u00e4ra ja kujutlusv\u00f5imet. Valikus on lai valik p\u00f5nevaid teemakohaseid t\u00e4toveeringuid, sealhulgas dinosaurused, haldjad, ehted, erinevad loomad ja isegi pimedas helendavad kujundid. T\u00e4toveeringud annavad lastele v\u00f5imaluse kehastuda n\u00e4iteks vaprateks piraatideks, superkangelasteks v\u00f5i unistuste maailmast p\u00e4rit tegelasteks.<\/p>\n<p>T\u00e4toveeringute pealekandmine on lihtne ja turvaline. L\u00f5ika v\u00e4lja sobiv pildike, eemalda ettevaatlikult kaitsekile ja aseta t\u00e4toveering nahale. Tee paberi tagak\u00fclg m\u00e4rjaks, suru see nahale umbes 30 sekundiks ja eemalda seej\u00e4rel paber. Tulemus on s\u00e4rav ja detailne, pakkudes r\u00f5\u00f5mu nii lapsele kui ka vaatajatele.<\/p>\n<p>T\u00e4toveeringud on <strong>dermatoloogiliselt testitud<\/strong>, et tagada ohutus ja nahas\u00f5bralikkus. Need on suurep\u00e4rased nii igap\u00e4evaseks m\u00e4nguks kui ka eriliseks peokaunistuseks, tuues igale lapsele naeratuse n\u00e4ole.<\/p>\n<p>Lisaks sellele vahvale komplektile tasub tutvuda ka teiste <a href=\"https:\/\/sulin.ee\/tootekategooria\/mangimine\/\"><strong>arendavate ja inspireerivate m\u00e4nguasjadega<\/strong><\/a>, mis toovad laste ellu rohkelt loovust ja m\u00e4ngulusti. <a href=\"https:\/\/www.djeco.com\/en\">DJECO<\/a> <strong>ajutised t\u00e4toveeringud lastele<\/strong> on ideaalne viis fantaasiarikka m\u00e4ngumaailma avastamiseks!<\/p>\n<p>&nbsp;<\/p>\n","protected":false},"excerpt":{"rendered":"<p><strong>Ajutised t\u00e4toveeringud lastele<\/strong> <strong>pakuvad l\u00f5busat v\u00f5imalust v\u00e4ljendada oma loovust ja kehastuda dinosaurusteks, haldjateks, superkangelasteks v\u00f5i piraatideks. Dermatoloogiliselt testitud ja lihtsasti nahale kantavad!<\/strong><\/p>\n","protected":false},"featured_media":16739,"comment_status":"open","ping_status":"closed","template":"","meta":[],"product_brand":[],"product_cat":[1162,1164,1165,1166,102,1017,176,1015,928],"product_tag":[],"class_list":{"0":"post-13623","1":"product","2":"type-product","3":"status-publish","4":"has-post-thumbnail","6":"product_cat-kingituseks","7":"product_cat-1-3-aastat","8":"product_cat-3-5-aastat","9":"product_cat-6-8-aastat","10":"product_cat-kunstivahendid","11":"product_cat-meisterdamine","12":"product_cat-rollimangud","13":"product_cat-muud-rollimangud","14":"product_cat-djeco","15":"has-post-title","16":"has-post-date","17":"has-post-category","18":"has-post-tag","19":"has-post-comment","20":"has-post-author","21":"","23":"first","24":"instock","25":"sale","26":"taxable","27":"shipping-taxable","28":"purchasable","29":"product-type-variable"},"yoast_head":"<!-- This site is optimized with the Yoast SEO plugin v26.8 - https:\/\/yoast.com\/product\/yoast-seo-wordpress\/ -->\n<title>Ajutised t\u00e4toveeringud lastele (50+ t\u00e4toveeringut) - erinevad pildid - sulin.ee<\/title>\n<meta name=\"description\" content=\"Ajutised t\u00e4toveeringud lastele on vahvad pildikesed, mis annavad lapsele v\u00f5imaluse katsetada ja kehastuda nt piraadiks v\u00f5i superkangelaseks.\" \/>\n<meta name=\"robots\" content=\"index, follow, max-snippet:-1, max-image-preview:large, max-video-preview:-1\" \/>\n<link rel=\"canonical\" href=\"https:\/\/sulin.ee\/en\/toode\/ajutised-tatoveeringud-lastele-50-tatoveeringut-erinevad-pildid-djeco\/\" \/>\n<meta property=\"og:locale\" content=\"en_US\" \/>\n<meta property=\"og:type\" content=\"article\" \/>\n<meta property=\"og:title\" content=\"Ajutised t\u00e4toveeringud lastele (50+ t\u00e4toveeringut) - erinevad pildid - sulin.ee\" \/>\n<meta property=\"og:description\" content=\"Ajutised t\u00e4toveeringud lastele on vahvad pildikesed, mis annavad lapsele v\u00f5imaluse katsetada ja kehastuda nt piraadiks v\u00f5i superkangelaseks.\" \/>\n<meta property=\"og:url\" content=\"https:\/\/sulin.ee\/en\/toode\/ajutised-tatoveeringud-lastele-50-tatoveeringut-erinevad-pildid-djeco\/\" \/>\n<meta property=\"og:site_name\" content=\"sulin.ee\" \/>\n<meta property=\"article:publisher\" content=\"https:\/\/www.facebook.com\/www.sulin.ee\/\" \/>\n<meta property=\"article:modified_time\" content=\"2026-02-09T05:44:07+00:00\" \/>\n<meta property=\"og:image\" content=\"https:\/\/sulin.ee\/wp-content\/uploads\/2024\/02\/Rainbow-2.png\" \/>\n\t<meta property=\"og:image:width\" content=\"1080\" \/>\n\t<meta property=\"og:image:height\" content=\"1080\" \/>\n\t<meta property=\"og:image:type\" content=\"image\/png\" \/>\n<meta name=\"twitter:card\" content=\"summary_large_image\" \/>\n<meta name=\"twitter:label1\" content=\"Est. reading time\" \/>\n\t<meta name=\"twitter:data1\" content=\"1 minute\" \/>\n<script type=\"application\/ld+json\" class=\"yoast-schema-graph\">{\"@context\":\"https:\/\/schema.org\",\"@graph\":[{\"@type\":\"WebPage\",\"@id\":\"https:\/\/sulin.ee\/en\/toode\/ajutised-tatoveeringud-lastele-50-tatoveeringut-erinevad-pildid-djeco\/\",\"url\":\"https:\/\/sulin.ee\/en\/toode\/ajutised-tatoveeringud-lastele-50-tatoveeringut-erinevad-pildid-djeco\/\",\"name\":\"Ajutised t\u00e4toveeringud lastele (50+ t\u00e4toveeringut) - erinevad pildid - sulin.ee\",\"isPartOf\":{\"@id\":\"https:\/\/sulin.ee\/en\/#website\"},\"primaryImageOfPage\":{\"@id\":\"https:\/\/sulin.ee\/en\/toode\/ajutised-tatoveeringud-lastele-50-tatoveeringut-erinevad-pildid-djeco\/#primaryimage\"},\"image\":{\"@id\":\"https:\/\/sulin.ee\/en\/toode\/ajutised-tatoveeringud-lastele-50-tatoveeringut-erinevad-pildid-djeco\/#primaryimage\"},\"thumbnailUrl\":\"https:\/\/sulin.ee\/wp-content\/uploads\/2024\/02\/Rainbow-2.png\",\"datePublished\":\"2023-09-24T20:06:56+00:00\",\"dateModified\":\"2026-02-09T05:44:07+00:00\",\"description\":\"Ajutised t\u00e4toveeringud lastele on vahvad pildikesed, mis annavad lapsele v\u00f5imaluse katsetada ja kehastuda nt piraadiks v\u00f5i superkangelaseks.\",\"breadcrumb\":{\"@id\":\"https:\/\/sulin.ee\/en\/toode\/ajutised-tatoveeringud-lastele-50-tatoveeringut-erinevad-pildid-djeco\/#breadcrumb\"},\"inLanguage\":\"en-US\",\"potentialAction\":[{\"@type\":\"ReadAction\",\"target\":[\"https:\/\/sulin.ee\/en\/toode\/ajutised-tatoveeringud-lastele-50-tatoveeringut-erinevad-pildid-djeco\/\"]}]},{\"@type\":\"ImageObject\",\"inLanguage\":\"en-US\",\"@id\":\"https:\/\/sulin.ee\/en\/toode\/ajutised-tatoveeringud-lastele-50-tatoveeringut-erinevad-pildid-djeco\/#primaryimage\",\"url\":\"https:\/\/sulin.ee\/wp-content\/uploads\/2024\/02\/Rainbow-2.png\",\"contentUrl\":\"https:\/\/sulin.ee\/wp-content\/uploads\/2024\/02\/Rainbow-2.png\",\"width\":1080,\"height\":1080,\"caption\":\"Ajutised t\u00e4toveeringud lastele\"},{\"@type\":\"BreadcrumbList\",\"@id\":\"https:\/\/sulin.ee\/en\/toode\/ajutised-tatoveeringud-lastele-50-tatoveeringut-erinevad-pildid-djeco\/#breadcrumb\",\"itemListElement\":[{\"@type\":\"ListItem\",\"position\":1,\"name\":\"Home\",\"item\":\"https:\/\/sulin.ee\/en\/\"},{\"@type\":\"ListItem\",\"position\":2,\"name\":\"Sulin.ee e-pood\",\"item\":\"https:\/\/sulin.ee\/shop\/\"},{\"@type\":\"ListItem\",\"position\":3,\"name\":\"Ajutised t\u00e4toveeringud lastele (50+ t\u00e4toveeringut) &#8211; erinevad pildid\"}]},{\"@type\":\"WebSite\",\"@id\":\"https:\/\/sulin.ee\/en\/#website\",\"url\":\"https:\/\/sulin.ee\/en\/\",\"name\":\"sulin.ee\",\"description\":\"\",\"publisher\":{\"@id\":\"https:\/\/sulin.ee\/en\/#organization\"},\"potentialAction\":[{\"@type\":\"SearchAction\",\"target\":{\"@type\":\"EntryPoint\",\"urlTemplate\":\"https:\/\/sulin.ee\/en\/?s={search_term_string}\"},\"query-input\":{\"@type\":\"PropertyValueSpecification\",\"valueRequired\":true,\"valueName\":\"search_term_string\"}}],\"inLanguage\":\"en-US\"},{\"@type\":\"Organization\",\"@id\":\"https:\/\/sulin.ee\/en\/#organization\",\"name\":\"SULIN TRADE O\u00dc\",\"url\":\"https:\/\/sulin.ee\/en\/\",\"logo\":{\"@type\":\"ImageObject\",\"inLanguage\":\"en-US\",\"@id\":\"https:\/\/sulin.ee\/en\/#\/schema\/logo\/image\/\",\"url\":\"https:\/\/sulin.ee\/wp-content\/uploads\/2022\/11\/sulin-logo.png\",\"contentUrl\":\"https:\/\/sulin.ee\/wp-content\/uploads\/2022\/11\/sulin-logo.png\",\"width\":871,\"height\":321,\"caption\":\"SULIN TRADE O\u00dc\"},\"image\":{\"@id\":\"https:\/\/sulin.ee\/en\/#\/schema\/logo\/image\/\"},\"sameAs\":[\"https:\/\/www.facebook.com\/www.sulin.ee\/\",\"https:\/\/www.instagram.com\/sulintrade\/\"]}]}<\/script>\n<!-- \/ Yoast SEO plugin. -->","yoast_head_json":{"title":"Ajutised t\u00e4toveeringud lastele (50+ t\u00e4toveeringut) - erinevad pildid - sulin.ee","description":"Ajutised t\u00e4toveeringud lastele on vahvad pildikesed, mis annavad lapsele v\u00f5imaluse katsetada ja kehastuda nt piraadiks v\u00f5i superkangelaseks.","robots":{"index":"index","follow":"follow","max-snippet":"max-snippet:-1","max-image-preview":"max-image-preview:large","max-video-preview":"max-video-preview:-1"},"canonical":"https:\/\/sulin.ee\/en\/toode\/ajutised-tatoveeringud-lastele-50-tatoveeringut-erinevad-pildid-djeco\/","og_locale":"en_US","og_type":"article","og_title":"Ajutised t\u00e4toveeringud lastele (50+ t\u00e4toveeringut) - erinevad pildid - sulin.ee","og_description":"Ajutised t\u00e4toveeringud lastele on vahvad pildikesed, mis annavad lapsele v\u00f5imaluse katsetada ja kehastuda nt piraadiks v\u00f5i superkangelaseks.","og_url":"https:\/\/sulin.ee\/en\/toode\/ajutised-tatoveeringud-lastele-50-tatoveeringut-erinevad-pildid-djeco\/","og_site_name":"sulin.ee","article_publisher":"https:\/\/www.facebook.com\/www.sulin.ee\/","article_modified_time":"2026-02-09T05:44:07+00:00","og_image":[{"width":1080,"height":1080,"url":"https:\/\/sulin.ee\/wp-content\/uploads\/2024\/02\/Rainbow-2.png","type":"image\/png"}],"twitter_card":"summary_large_image","twitter_misc":{"Est. reading time":"1 minute"},"schema":{"@context":"https:\/\/schema.org","@graph":[{"@type":"WebPage","@id":"https:\/\/sulin.ee\/en\/toode\/ajutised-tatoveeringud-lastele-50-tatoveeringut-erinevad-pildid-djeco\/","url":"https:\/\/sulin.ee\/en\/toode\/ajutised-tatoveeringud-lastele-50-tatoveeringut-erinevad-pildid-djeco\/","name":"Ajutised t\u00e4toveeringud lastele (50+ t\u00e4toveeringut) - erinevad pildid - sulin.ee","isPartOf":{"@id":"https:\/\/sulin.ee\/en\/#website"},"primaryImageOfPage":{"@id":"https:\/\/sulin.ee\/en\/toode\/ajutised-tatoveeringud-lastele-50-tatoveeringut-erinevad-pildid-djeco\/#primaryimage"},"image":{"@id":"https:\/\/sulin.ee\/en\/toode\/ajutised-tatoveeringud-lastele-50-tatoveeringut-erinevad-pildid-djeco\/#primaryimage"},"thumbnailUrl":"https:\/\/sulin.ee\/wp-content\/uploads\/2024\/02\/Rainbow-2.png","datePublished":"2023-09-24T20:06:56+00:00","dateModified":"2026-02-09T05:44:07+00:00","description":"Ajutised t\u00e4toveeringud lastele on vahvad pildikesed, mis annavad lapsele v\u00f5imaluse katsetada ja kehastuda nt piraadiks v\u00f5i superkangelaseks.","breadcrumb":{"@id":"https:\/\/sulin.ee\/en\/toode\/ajutised-tatoveeringud-lastele-50-tatoveeringut-erinevad-pildid-djeco\/#breadcrumb"},"inLanguage":"en-US","potentialAction":[{"@type":"ReadAction","target":["https:\/\/sulin.ee\/en\/toode\/ajutised-tatoveeringud-lastele-50-tatoveeringut-erinevad-pildid-djeco\/"]}]},{"@type":"ImageObject","inLanguage":"en-US","@id":"https:\/\/sulin.ee\/en\/toode\/ajutised-tatoveeringud-lastele-50-tatoveeringut-erinevad-pildid-djeco\/#primaryimage","url":"https:\/\/sulin.ee\/wp-content\/uploads\/2024\/02\/Rainbow-2.png","contentUrl":"https:\/\/sulin.ee\/wp-content\/uploads\/2024\/02\/Rainbow-2.png","width":1080,"height":1080,"caption":"Ajutised t\u00e4toveeringud lastele"},{"@type":"BreadcrumbList","@id":"https:\/\/sulin.ee\/en\/toode\/ajutised-tatoveeringud-lastele-50-tatoveeringut-erinevad-pildid-djeco\/#breadcrumb","itemListElement":[{"@type":"ListItem","position":1,"name":"Home","item":"https:\/\/sulin.ee\/en\/"},{"@type":"ListItem","position":2,"name":"Sulin.ee e-pood","item":"https:\/\/sulin.ee\/shop\/"},{"@type":"ListItem","position":3,"name":"Ajutised t\u00e4toveeringud lastele (50+ t\u00e4toveeringut) &#8211; erinevad pildid"}]},{"@type":"WebSite","@id":"https:\/\/sulin.ee\/en\/#website","url":"https:\/\/sulin.ee\/en\/","name":"sulin.ee","description":"","publisher":{"@id":"https:\/\/sulin.ee\/en\/#organization"},"potentialAction":[{"@type":"SearchAction","target":{"@type":"EntryPoint","urlTemplate":"https:\/\/sulin.ee\/en\/?s={search_term_string}"},"query-input":{"@type":"PropertyValueSpecification","valueRequired":true,"valueName":"search_term_string"}}],"inLanguage":"en-US"},{"@type":"Organization","@id":"https:\/\/sulin.ee\/en\/#organization","name":"SULIN TRADE O\u00dc","url":"https:\/\/sulin.ee\/en\/","logo":{"@type":"ImageObject","inLanguage":"en-US","@id":"https:\/\/sulin.ee\/en\/#\/schema\/logo\/image\/","url":"https:\/\/sulin.ee\/wp-content\/uploads\/2022\/11\/sulin-logo.png","contentUrl":"https:\/\/sulin.ee\/wp-content\/uploads\/2022\/11\/sulin-logo.png","width":871,"height":321,"caption":"SULIN TRADE O\u00dc"},"image":{"@id":"https:\/\/sulin.ee\/en\/#\/schema\/logo\/image\/"},"sameAs":["https:\/\/www.facebook.com\/www.sulin.ee\/","https:\/\/www.instagram.com\/sulintrade\/"]}]}},"builder_content":"","_links":{"self":[{"href":"https:\/\/sulin.ee\/en\/wp-json\/wp\/v2\/product\/13623","targetHints":{"allow":["GET"]}}],"collection":[{"href":"https:\/\/sulin.ee\/en\/wp-json\/wp\/v2\/product"}],"about":[{"href":"https:\/\/sulin.ee\/en\/wp-json\/wp\/v2\/types\/product"}],"replies":[{"embeddable":true,"href":"https:\/\/sulin.ee\/en\/wp-json\/wp\/v2\/comments?post=13623"}],"wp:featuredmedia":[{"embeddable":true,"href":"https:\/\/sulin.ee\/en\/wp-json\/wp\/v2\/media\/16739"}],"wp:attachment":[{"href":"https:\/\/sulin.ee\/en\/wp-json\/wp\/v2\/media?parent=13623"}],"wp:term":[{"taxonomy":"product_brand","embeddable":true,"href":"https:\/\/sulin.ee\/en\/wp-json\/wp\/v2\/product_brand?post=13623"},{"taxonomy":"product_cat","embeddable":true,"href":"https:\/\/sulin.ee\/en\/wp-json\/wp\/v2\/product_cat?post=13623"},{"taxonomy":"product_tag","embeddable":true,"href":"https:\/\/sulin.ee\/en\/wp-json\/wp\/v2\/product_tag?post=13623"}],"curies":[{"name":"wp","href":"https:\/\/api.w.org\/{rel}","templated":true}]}}