{"id":13549,"date":"2023-09-23T19:36:22","date_gmt":"2023-09-23T19:36:22","guid":{"rendered":"https:\/\/sulin.ee\/?post_type=product&#038;p=13549"},"modified":"2025-09-07T21:54:42","modified_gmt":"2025-09-07T21:54:42","slug":"meisterda-ise-unenaopuudja-lovi-vike-djeco","status":"publish","type":"product","link":"https:\/\/sulin.ee\/en\/toode\/meisterda-ise-unenaopuudja-lovi-vike-djeco\/","title":{"rendered":"Meisterda ise unen\u00e4op\u00fc\u00fcdja &#8220;L\u00f5vi Vike&#8221;"},"content":{"rendered":"<p><strong>Meisterda ise unen\u00e4op\u00fc\u00fcdja &#8220;L\u00f5vi Vike&#8221; on vahva isetegemise komplekt, mille abil saab laps ise luua ja kaunistada \u00fche vahva unen\u00e4op\u00fc\u00fcdja. <\/strong><\/p>\n<p>Komplekti kuuluvad paksud eelnevalt perforeeritud kaardid, 10 kleepsu, valik v\u00e4rvilisi sametist ja satiinist paelu, 1 leht 8 eelnevalt l\u00f5igatud ja kaunistatud detailiga, 1 \u00fcmara otsaga plastikn\u00f5el, 1 leht liimipatju ja juhised unen\u00e4ep\u00fc\u00fcdja valmistamiseks.<\/p>\n<p>Unen\u00e4op\u00fc\u00fcdja m\u00f5\u00f5dud 15 x 40 cm.<\/p>\n<p>Sobib vanusele 4+<\/p>\n<p><strong>HOIATUS!<\/strong> Ei sobi alla 3-aastastele lastele. Sisaldab v\u00e4ikeseid osi &#8211; l\u00e4mbumisoht.<\/p>\n<p>Vaata ka teisi vahvaid ja arendavaid DJECO m\u00e4nguasju\u00a0<span style=\"color: #0000ff;\"><a style=\"color: #0000ff;\" href=\"https:\/\/sulin.ee\/tootekategooria\/brandid\/djeco\/\" target=\"_blank\" rel=\"noopener\">siit.<\/a><\/span><\/p>\n","protected":false},"excerpt":{"rendered":"<p>Meisterda ise unen\u00e4op\u00fc\u00fcdja &#8220;L\u00f5vi Vike&#8221; on vahva isetegemise komplekt, mille abil saab laps ise luua ja kaunistada \u00fche vahva unen\u00e4op\u00fc\u00fcdja. Komplekti kuuluvad paksud eelnevalt perforeeritud kaardid, 10 kleepsu, valik v\u00e4rvilisi sametist ja satiinist paelu, 1 leht 8 eelnevalt l\u00f5igatud ja kaunistatud detailiga, 1 \u00fcmara otsaga plastikn\u00f5el, 1 leht liimipatju ja juhised unen\u00e4ep\u00fc\u00fcdja valmistamiseks. Unen\u00e4op\u00fc\u00fcdja m\u00f5\u00f5dud [&hellip;]<\/p>\n","protected":false},"featured_media":15517,"comment_status":"open","ping_status":"closed","template":"","meta":[],"product_brand":[],"product_cat":[1162,1166,102,1017,928],"product_tag":[],"class_list":{"0":"post-13549","1":"product","2":"type-product","3":"status-publish","4":"has-post-thumbnail","6":"product_cat-kingituseks","7":"product_cat-6-8-aastat","8":"product_cat-kunstivahendid","9":"product_cat-meisterdamine","10":"product_cat-djeco","11":"has-post-title","12":"has-post-date","13":"has-post-category","14":"has-post-tag","15":"has-post-comment","16":"has-post-author","17":"","19":"first","20":"instock","21":"sale","22":"taxable","23":"shipping-taxable","24":"purchasable","25":"product-type-simple"},"yoast_head":"<!-- This site is optimized with the Yoast SEO plugin v26.8 - https:\/\/yoast.com\/product\/yoast-seo-wordpress\/ -->\n<title>Meisterda ise unen\u00e4op\u00fc\u00fcdja &quot;L\u00f5vi Vike&quot; - sulin.ee<\/title>\n<meta name=\"description\" content=\"Meisterda ise unen\u00e4op\u00fc\u00fcdja &quot;L\u00f5vi Vike&quot; on vahva isetegemise komplekt, mille abil saab laps ise luua ja kaunistada \u00fche vahva unen\u00e4op\u00fc\u00fcdja.\" \/>\n<meta name=\"robots\" content=\"index, follow, max-snippet:-1, max-image-preview:large, max-video-preview:-1\" \/>\n<link rel=\"canonical\" href=\"https:\/\/sulin.ee\/en\/toode\/meisterda-ise-unenaopuudja-lovi-vike-djeco\/\" \/>\n<meta property=\"og:locale\" content=\"en_US\" \/>\n<meta property=\"og:type\" content=\"article\" \/>\n<meta property=\"og:title\" content=\"Meisterda ise unen\u00e4op\u00fc\u00fcdja &quot;L\u00f5vi Vike&quot; - sulin.ee\" \/>\n<meta property=\"og:description\" content=\"Meisterda ise unen\u00e4op\u00fc\u00fcdja &quot;L\u00f5vi Vike&quot; on vahva isetegemise komplekt, mille abil saab laps ise luua ja kaunistada \u00fche vahva unen\u00e4op\u00fc\u00fcdja.\" \/>\n<meta property=\"og:url\" content=\"https:\/\/sulin.ee\/en\/toode\/meisterda-ise-unenaopuudja-lovi-vike-djeco\/\" \/>\n<meta property=\"og:site_name\" content=\"sulin.ee\" \/>\n<meta property=\"article:publisher\" content=\"https:\/\/www.facebook.com\/www.sulin.ee\/\" \/>\n<meta property=\"article:modified_time\" content=\"2025-09-07T21:54:42+00:00\" \/>\n<meta property=\"og:image\" content=\"https:\/\/sulin.ee\/wp-content\/uploads\/2023\/09\/1-3.png\" \/>\n\t<meta property=\"og:image:width\" content=\"1080\" \/>\n\t<meta property=\"og:image:height\" content=\"1080\" \/>\n\t<meta property=\"og:image:type\" content=\"image\/png\" \/>\n<meta name=\"twitter:card\" content=\"summary_large_image\" \/>\n<meta name=\"twitter:label1\" content=\"Est. reading time\" \/>\n\t<meta name=\"twitter:data1\" content=\"1 minute\" \/>\n<script type=\"application\/ld+json\" class=\"yoast-schema-graph\">{\"@context\":\"https:\/\/schema.org\",\"@graph\":[{\"@type\":\"WebPage\",\"@id\":\"https:\/\/sulin.ee\/en\/toode\/meisterda-ise-unenaopuudja-lovi-vike-djeco\/\",\"url\":\"https:\/\/sulin.ee\/en\/toode\/meisterda-ise-unenaopuudja-lovi-vike-djeco\/\",\"name\":\"Meisterda ise unen\u00e4op\u00fc\u00fcdja \\\"L\u00f5vi Vike\\\" - sulin.ee\",\"isPartOf\":{\"@id\":\"https:\/\/sulin.ee\/en\/#website\"},\"primaryImageOfPage\":{\"@id\":\"https:\/\/sulin.ee\/en\/toode\/meisterda-ise-unenaopuudja-lovi-vike-djeco\/#primaryimage\"},\"image\":{\"@id\":\"https:\/\/sulin.ee\/en\/toode\/meisterda-ise-unenaopuudja-lovi-vike-djeco\/#primaryimage\"},\"thumbnailUrl\":\"https:\/\/sulin.ee\/wp-content\/uploads\/2023\/09\/1-3.png\",\"datePublished\":\"2023-09-23T19:36:22+00:00\",\"dateModified\":\"2025-09-07T21:54:42+00:00\",\"description\":\"Meisterda ise unen\u00e4op\u00fc\u00fcdja \\\"L\u00f5vi Vike\\\" on vahva isetegemise komplekt, mille abil saab laps ise luua ja kaunistada \u00fche vahva unen\u00e4op\u00fc\u00fcdja.\",\"breadcrumb\":{\"@id\":\"https:\/\/sulin.ee\/en\/toode\/meisterda-ise-unenaopuudja-lovi-vike-djeco\/#breadcrumb\"},\"inLanguage\":\"en-US\",\"potentialAction\":[{\"@type\":\"ReadAction\",\"target\":[\"https:\/\/sulin.ee\/en\/toode\/meisterda-ise-unenaopuudja-lovi-vike-djeco\/\"]}]},{\"@type\":\"ImageObject\",\"inLanguage\":\"en-US\",\"@id\":\"https:\/\/sulin.ee\/en\/toode\/meisterda-ise-unenaopuudja-lovi-vike-djeco\/#primaryimage\",\"url\":\"https:\/\/sulin.ee\/wp-content\/uploads\/2023\/09\/1-3.png\",\"contentUrl\":\"https:\/\/sulin.ee\/wp-content\/uploads\/2023\/09\/1-3.png\",\"width\":1080,\"height\":1080,\"caption\":\"Meisterda ise unen\u00e4op\u00fc\u00fcdja \\\"L\u00f5vi Vike\\\"\"},{\"@type\":\"BreadcrumbList\",\"@id\":\"https:\/\/sulin.ee\/en\/toode\/meisterda-ise-unenaopuudja-lovi-vike-djeco\/#breadcrumb\",\"itemListElement\":[{\"@type\":\"ListItem\",\"position\":1,\"name\":\"Home\",\"item\":\"https:\/\/sulin.ee\/en\/\"},{\"@type\":\"ListItem\",\"position\":2,\"name\":\"Sulin.ee e-pood\",\"item\":\"https:\/\/sulin.ee\/shop\/\"},{\"@type\":\"ListItem\",\"position\":3,\"name\":\"Meisterda ise unen\u00e4op\u00fc\u00fcdja &#8220;L\u00f5vi Vike&#8221;\"}]},{\"@type\":\"WebSite\",\"@id\":\"https:\/\/sulin.ee\/en\/#website\",\"url\":\"https:\/\/sulin.ee\/en\/\",\"name\":\"sulin.ee\",\"description\":\"\",\"publisher\":{\"@id\":\"https:\/\/sulin.ee\/en\/#organization\"},\"potentialAction\":[{\"@type\":\"SearchAction\",\"target\":{\"@type\":\"EntryPoint\",\"urlTemplate\":\"https:\/\/sulin.ee\/en\/?s={search_term_string}\"},\"query-input\":{\"@type\":\"PropertyValueSpecification\",\"valueRequired\":true,\"valueName\":\"search_term_string\"}}],\"inLanguage\":\"en-US\"},{\"@type\":\"Organization\",\"@id\":\"https:\/\/sulin.ee\/en\/#organization\",\"name\":\"SULIN TRADE O\u00dc\",\"url\":\"https:\/\/sulin.ee\/en\/\",\"logo\":{\"@type\":\"ImageObject\",\"inLanguage\":\"en-US\",\"@id\":\"https:\/\/sulin.ee\/en\/#\/schema\/logo\/image\/\",\"url\":\"https:\/\/sulin.ee\/wp-content\/uploads\/2022\/11\/sulin-logo.png\",\"contentUrl\":\"https:\/\/sulin.ee\/wp-content\/uploads\/2022\/11\/sulin-logo.png\",\"width\":871,\"height\":321,\"caption\":\"SULIN TRADE O\u00dc\"},\"image\":{\"@id\":\"https:\/\/sulin.ee\/en\/#\/schema\/logo\/image\/\"},\"sameAs\":[\"https:\/\/www.facebook.com\/www.sulin.ee\/\",\"https:\/\/www.instagram.com\/sulintrade\/\"]}]}<\/script>\n<!-- \/ Yoast SEO plugin. -->","yoast_head_json":{"title":"Meisterda ise unen\u00e4op\u00fc\u00fcdja \"L\u00f5vi Vike\" - sulin.ee","description":"Meisterda ise unen\u00e4op\u00fc\u00fcdja \"L\u00f5vi Vike\" on vahva isetegemise komplekt, mille abil saab laps ise luua ja kaunistada \u00fche vahva unen\u00e4op\u00fc\u00fcdja.","robots":{"index":"index","follow":"follow","max-snippet":"max-snippet:-1","max-image-preview":"max-image-preview:large","max-video-preview":"max-video-preview:-1"},"canonical":"https:\/\/sulin.ee\/en\/toode\/meisterda-ise-unenaopuudja-lovi-vike-djeco\/","og_locale":"en_US","og_type":"article","og_title":"Meisterda ise unen\u00e4op\u00fc\u00fcdja \"L\u00f5vi Vike\" - sulin.ee","og_description":"Meisterda ise unen\u00e4op\u00fc\u00fcdja \"L\u00f5vi Vike\" on vahva isetegemise komplekt, mille abil saab laps ise luua ja kaunistada \u00fche vahva unen\u00e4op\u00fc\u00fcdja.","og_url":"https:\/\/sulin.ee\/en\/toode\/meisterda-ise-unenaopuudja-lovi-vike-djeco\/","og_site_name":"sulin.ee","article_publisher":"https:\/\/www.facebook.com\/www.sulin.ee\/","article_modified_time":"2025-09-07T21:54:42+00:00","og_image":[{"width":1080,"height":1080,"url":"https:\/\/sulin.ee\/wp-content\/uploads\/2023\/09\/1-3.png","type":"image\/png"}],"twitter_card":"summary_large_image","twitter_misc":{"Est. reading time":"1 minute"},"schema":{"@context":"https:\/\/schema.org","@graph":[{"@type":"WebPage","@id":"https:\/\/sulin.ee\/en\/toode\/meisterda-ise-unenaopuudja-lovi-vike-djeco\/","url":"https:\/\/sulin.ee\/en\/toode\/meisterda-ise-unenaopuudja-lovi-vike-djeco\/","name":"Meisterda ise unen\u00e4op\u00fc\u00fcdja \"L\u00f5vi Vike\" - sulin.ee","isPartOf":{"@id":"https:\/\/sulin.ee\/en\/#website"},"primaryImageOfPage":{"@id":"https:\/\/sulin.ee\/en\/toode\/meisterda-ise-unenaopuudja-lovi-vike-djeco\/#primaryimage"},"image":{"@id":"https:\/\/sulin.ee\/en\/toode\/meisterda-ise-unenaopuudja-lovi-vike-djeco\/#primaryimage"},"thumbnailUrl":"https:\/\/sulin.ee\/wp-content\/uploads\/2023\/09\/1-3.png","datePublished":"2023-09-23T19:36:22+00:00","dateModified":"2025-09-07T21:54:42+00:00","description":"Meisterda ise unen\u00e4op\u00fc\u00fcdja \"L\u00f5vi Vike\" on vahva isetegemise komplekt, mille abil saab laps ise luua ja kaunistada \u00fche vahva unen\u00e4op\u00fc\u00fcdja.","breadcrumb":{"@id":"https:\/\/sulin.ee\/en\/toode\/meisterda-ise-unenaopuudja-lovi-vike-djeco\/#breadcrumb"},"inLanguage":"en-US","potentialAction":[{"@type":"ReadAction","target":["https:\/\/sulin.ee\/en\/toode\/meisterda-ise-unenaopuudja-lovi-vike-djeco\/"]}]},{"@type":"ImageObject","inLanguage":"en-US","@id":"https:\/\/sulin.ee\/en\/toode\/meisterda-ise-unenaopuudja-lovi-vike-djeco\/#primaryimage","url":"https:\/\/sulin.ee\/wp-content\/uploads\/2023\/09\/1-3.png","contentUrl":"https:\/\/sulin.ee\/wp-content\/uploads\/2023\/09\/1-3.png","width":1080,"height":1080,"caption":"Meisterda ise unen\u00e4op\u00fc\u00fcdja \"L\u00f5vi Vike\""},{"@type":"BreadcrumbList","@id":"https:\/\/sulin.ee\/en\/toode\/meisterda-ise-unenaopuudja-lovi-vike-djeco\/#breadcrumb","itemListElement":[{"@type":"ListItem","position":1,"name":"Home","item":"https:\/\/sulin.ee\/en\/"},{"@type":"ListItem","position":2,"name":"Sulin.ee e-pood","item":"https:\/\/sulin.ee\/shop\/"},{"@type":"ListItem","position":3,"name":"Meisterda ise unen\u00e4op\u00fc\u00fcdja &#8220;L\u00f5vi Vike&#8221;"}]},{"@type":"WebSite","@id":"https:\/\/sulin.ee\/en\/#website","url":"https:\/\/sulin.ee\/en\/","name":"sulin.ee","description":"","publisher":{"@id":"https:\/\/sulin.ee\/en\/#organization"},"potentialAction":[{"@type":"SearchAction","target":{"@type":"EntryPoint","urlTemplate":"https:\/\/sulin.ee\/en\/?s={search_term_string}"},"query-input":{"@type":"PropertyValueSpecification","valueRequired":true,"valueName":"search_term_string"}}],"inLanguage":"en-US"},{"@type":"Organization","@id":"https:\/\/sulin.ee\/en\/#organization","name":"SULIN TRADE O\u00dc","url":"https:\/\/sulin.ee\/en\/","logo":{"@type":"ImageObject","inLanguage":"en-US","@id":"https:\/\/sulin.ee\/en\/#\/schema\/logo\/image\/","url":"https:\/\/sulin.ee\/wp-content\/uploads\/2022\/11\/sulin-logo.png","contentUrl":"https:\/\/sulin.ee\/wp-content\/uploads\/2022\/11\/sulin-logo.png","width":871,"height":321,"caption":"SULIN TRADE O\u00dc"},"image":{"@id":"https:\/\/sulin.ee\/en\/#\/schema\/logo\/image\/"},"sameAs":["https:\/\/www.facebook.com\/www.sulin.ee\/","https:\/\/www.instagram.com\/sulintrade\/"]}]}},"builder_content":"","_links":{"self":[{"href":"https:\/\/sulin.ee\/en\/wp-json\/wp\/v2\/product\/13549","targetHints":{"allow":["GET"]}}],"collection":[{"href":"https:\/\/sulin.ee\/en\/wp-json\/wp\/v2\/product"}],"about":[{"href":"https:\/\/sulin.ee\/en\/wp-json\/wp\/v2\/types\/product"}],"replies":[{"embeddable":true,"href":"https:\/\/sulin.ee\/en\/wp-json\/wp\/v2\/comments?post=13549"}],"wp:featuredmedia":[{"embeddable":true,"href":"https:\/\/sulin.ee\/en\/wp-json\/wp\/v2\/media\/15517"}],"wp:attachment":[{"href":"https:\/\/sulin.ee\/en\/wp-json\/wp\/v2\/media?parent=13549"}],"wp:term":[{"taxonomy":"product_brand","embeddable":true,"href":"https:\/\/sulin.ee\/en\/wp-json\/wp\/v2\/product_brand?post=13549"},{"taxonomy":"product_cat","embeddable":true,"href":"https:\/\/sulin.ee\/en\/wp-json\/wp\/v2\/product_cat?post=13549"},{"taxonomy":"product_tag","embeddable":true,"href":"https:\/\/sulin.ee\/en\/wp-json\/wp\/v2\/product_tag?post=13549"}],"curies":[{"name":"wp","href":"https:\/\/api.w.org\/{rel}","templated":true}]}}