{"id":13486,"date":"2023-09-23T18:34:22","date_gmt":"2023-09-23T18:34:22","guid":{"rendered":"https:\/\/sulin.ee\/?post_type=product&#038;p=13486"},"modified":"2025-09-07T21:54:42","modified_gmt":"2025-09-07T21:54:42","slug":"mitmevarvilised-rasvakriidid-6tk-djeco","status":"publish","type":"product","link":"https:\/\/sulin.ee\/en\/toode\/mitmevarvilised-rasvakriidid-6tk-djeco\/","title":{"rendered":"Mitmev\u00e4rvilised rasvakriidid (6tk)"},"content":{"rendered":"<p><strong>Mitmev\u00e4rvilised rasvakriidid (6 tk)<\/strong> on p\u00f5nevad ja loovust arendavad joonistusvahendid, mis pakuvad lastele unikaalset kunstikogemust. Igas kriidis on kombineeritud kolm erinevat v\u00e4rvi, mis muudavad iga t\u00f5mbe eriliseks ja v\u00e4rvikirevaks. Nende abil saab laps luua kordumatuid v\u00e4rvikombinatsioone ja mustreid, mis inspireerivad loovust ja innustavad katsetama erinevaid kunstiv\u00f5tteid.<\/p>\n<p><strong><a href=\"https:\/\/www.djeco.com\/en\">Djeco<\/a> <\/strong>rasvakriidid on mugavad kasutada ja sobivad suurep\u00e4raselt nii algajatele kui ka v\u00e4ikestele kunstihuvilistele, pakkudes palju r\u00f5\u00f5mu ja loomingulisi v\u00f5imalusi. Kuigi need on ideaalne vahend kunstiprojektide ja joonistuste t\u00e4iendamiseks, tasub meeles pidada, et need <strong>ei sobi alla 3-aastastele lastele,<\/strong> kuna sisaldavad v\u00e4ikeseid osi, mis v\u00f5ivad l\u00e4mbumisohtu kujutada.<\/p>\n<p>Lisaks neile mitmev\u00e4rvilistele rasvakriitidele soovitame tutvuda ka teiste<strong>\u00a0<a href=\"https:\/\/sulin.ee\/tootekategooria\/mangimine\/kunstivahendid\/\" target=\"_blank\" rel=\"noopener\">kunstivahendite ja m\u00e4nguasjadega<\/a><\/strong>, mis on loodud inspireerima ja toetama laste arengut l\u00e4bi m\u00e4ngu ja loovuse. Leiad sealt palju p\u00f5nevaid joonistuskomplekte, v\u00e4rvimisvahendeid ja muid arendavaid tooteid, mis rikastavad iga v\u00e4ikese kunstniku loomingumaailma. <strong>Vaata lisaks ja leia uued lemmikud!<\/strong><\/p>\n<p>&nbsp;<\/p>\n","protected":false},"excerpt":{"rendered":"<p><strong>Mitmev\u00e4rvilised rasvakriidid<\/strong>\u00a0<strong>on ainulaadsed joonistusvahendid, kus iga kriit \u00fchendab kolm v\u00e4rvi, luues kordumatuid ja v\u00e4rvikirevaid kunstiteoseid. L\u00f5bus ja loov viis laste kunstioskuste arendamiseks!<\/strong><\/p>\n","protected":false},"featured_media":13487,"comment_status":"open","ping_status":"closed","template":"","meta":[],"product_brand":[],"product_cat":[1162,1164,1165,102,927,928],"product_tag":[],"class_list":{"0":"post-13486","1":"product","2":"type-product","3":"status-publish","4":"has-post-thumbnail","6":"product_cat-kingituseks","7":"product_cat-1-3-aastat","8":"product_cat-3-5-aastat","9":"product_cat-kunstivahendid","10":"product_cat-joonistamine","11":"product_cat-djeco","12":"has-post-title","13":"has-post-date","14":"has-post-category","15":"has-post-tag","16":"has-post-comment","17":"has-post-author","18":"","20":"first","21":"instock","22":"sale","23":"taxable","24":"shipping-taxable","25":"purchasable","26":"product-type-simple"},"yoast_head":"<!-- This site is optimized with the Yoast SEO plugin v26.8 - https:\/\/yoast.com\/product\/yoast-seo-wordpress\/ -->\n<title>Mitmev\u00e4rvilised rasvakriidid (6tk) - sulin.ee<\/title>\n<meta name=\"description\" content=\"Mitmev\u00e4rvilised rasvakriidid (6tk) aitavad luua ainulaadseid kunstiteoseid. Igas kriidis on 3 erinevat v\u00e4rvi, mis loovad kordumatuid v\u00e4rvikombinatsioone\" \/>\n<meta name=\"robots\" content=\"index, follow, max-snippet:-1, max-image-preview:large, max-video-preview:-1\" \/>\n<link rel=\"canonical\" href=\"https:\/\/sulin.ee\/en\/toode\/mitmevarvilised-rasvakriidid-6tk-djeco\/\" \/>\n<meta property=\"og:locale\" content=\"en_US\" \/>\n<meta property=\"og:type\" content=\"article\" \/>\n<meta property=\"og:title\" content=\"Mitmev\u00e4rvilised rasvakriidid (6tk) - sulin.ee\" \/>\n<meta property=\"og:description\" content=\"Mitmev\u00e4rvilised rasvakriidid (6tk) aitavad luua ainulaadseid kunstiteoseid. Igas kriidis on 3 erinevat v\u00e4rvi, mis loovad kordumatuid v\u00e4rvikombinatsioone\" \/>\n<meta property=\"og:url\" content=\"https:\/\/sulin.ee\/en\/toode\/mitmevarvilised-rasvakriidid-6tk-djeco\/\" \/>\n<meta property=\"og:site_name\" content=\"sulin.ee\" \/>\n<meta property=\"article:publisher\" content=\"https:\/\/www.facebook.com\/www.sulin.ee\/\" \/>\n<meta property=\"article:modified_time\" content=\"2025-09-07T21:54:42+00:00\" \/>\n<meta property=\"og:image\" content=\"https:\/\/sulin.ee\/wp-content\/uploads\/2023\/09\/10369-DJ09006-varvid-6-kirjut-varvilist-kriiti.jpg\" \/>\n\t<meta property=\"og:image:width\" content=\"600\" \/>\n\t<meta property=\"og:image:height\" content=\"600\" \/>\n\t<meta property=\"og:image:type\" content=\"image\/jpeg\" \/>\n<meta name=\"twitter:card\" content=\"summary_large_image\" \/>\n<meta name=\"twitter:label1\" content=\"Est. reading time\" \/>\n\t<meta name=\"twitter:data1\" content=\"1 minute\" \/>\n<script type=\"application\/ld+json\" class=\"yoast-schema-graph\">{\"@context\":\"https:\/\/schema.org\",\"@graph\":[{\"@type\":\"WebPage\",\"@id\":\"https:\/\/sulin.ee\/en\/toode\/mitmevarvilised-rasvakriidid-6tk-djeco\/\",\"url\":\"https:\/\/sulin.ee\/en\/toode\/mitmevarvilised-rasvakriidid-6tk-djeco\/\",\"name\":\"Mitmev\u00e4rvilised rasvakriidid (6tk) - sulin.ee\",\"isPartOf\":{\"@id\":\"https:\/\/sulin.ee\/en\/#website\"},\"primaryImageOfPage\":{\"@id\":\"https:\/\/sulin.ee\/en\/toode\/mitmevarvilised-rasvakriidid-6tk-djeco\/#primaryimage\"},\"image\":{\"@id\":\"https:\/\/sulin.ee\/en\/toode\/mitmevarvilised-rasvakriidid-6tk-djeco\/#primaryimage\"},\"thumbnailUrl\":\"https:\/\/sulin.ee\/wp-content\/uploads\/2023\/09\/10369-DJ09006-varvid-6-kirjut-varvilist-kriiti.jpg\",\"datePublished\":\"2023-09-23T18:34:22+00:00\",\"dateModified\":\"2025-09-07T21:54:42+00:00\",\"description\":\"Mitmev\u00e4rvilised rasvakriidid (6tk) aitavad luua ainulaadseid kunstiteoseid. Igas kriidis on 3 erinevat v\u00e4rvi, mis loovad kordumatuid v\u00e4rvikombinatsioone\",\"breadcrumb\":{\"@id\":\"https:\/\/sulin.ee\/en\/toode\/mitmevarvilised-rasvakriidid-6tk-djeco\/#breadcrumb\"},\"inLanguage\":\"en-US\",\"potentialAction\":[{\"@type\":\"ReadAction\",\"target\":[\"https:\/\/sulin.ee\/en\/toode\/mitmevarvilised-rasvakriidid-6tk-djeco\/\"]}]},{\"@type\":\"ImageObject\",\"inLanguage\":\"en-US\",\"@id\":\"https:\/\/sulin.ee\/en\/toode\/mitmevarvilised-rasvakriidid-6tk-djeco\/#primaryimage\",\"url\":\"https:\/\/sulin.ee\/wp-content\/uploads\/2023\/09\/10369-DJ09006-varvid-6-kirjut-varvilist-kriiti.jpg\",\"contentUrl\":\"https:\/\/sulin.ee\/wp-content\/uploads\/2023\/09\/10369-DJ09006-varvid-6-kirjut-varvilist-kriiti.jpg\",\"width\":600,\"height\":600,\"caption\":\"Mitmev\u00e4rvilised rasvakriidid\"},{\"@type\":\"BreadcrumbList\",\"@id\":\"https:\/\/sulin.ee\/en\/toode\/mitmevarvilised-rasvakriidid-6tk-djeco\/#breadcrumb\",\"itemListElement\":[{\"@type\":\"ListItem\",\"position\":1,\"name\":\"Home\",\"item\":\"https:\/\/sulin.ee\/en\/\"},{\"@type\":\"ListItem\",\"position\":2,\"name\":\"Sulin.ee e-pood\",\"item\":\"https:\/\/sulin.ee\/shop\/\"},{\"@type\":\"ListItem\",\"position\":3,\"name\":\"Mitmev\u00e4rvilised rasvakriidid (6tk)\"}]},{\"@type\":\"WebSite\",\"@id\":\"https:\/\/sulin.ee\/en\/#website\",\"url\":\"https:\/\/sulin.ee\/en\/\",\"name\":\"sulin.ee\",\"description\":\"\",\"publisher\":{\"@id\":\"https:\/\/sulin.ee\/en\/#organization\"},\"potentialAction\":[{\"@type\":\"SearchAction\",\"target\":{\"@type\":\"EntryPoint\",\"urlTemplate\":\"https:\/\/sulin.ee\/en\/?s={search_term_string}\"},\"query-input\":{\"@type\":\"PropertyValueSpecification\",\"valueRequired\":true,\"valueName\":\"search_term_string\"}}],\"inLanguage\":\"en-US\"},{\"@type\":\"Organization\",\"@id\":\"https:\/\/sulin.ee\/en\/#organization\",\"name\":\"SULIN TRADE O\u00dc\",\"url\":\"https:\/\/sulin.ee\/en\/\",\"logo\":{\"@type\":\"ImageObject\",\"inLanguage\":\"en-US\",\"@id\":\"https:\/\/sulin.ee\/en\/#\/schema\/logo\/image\/\",\"url\":\"https:\/\/sulin.ee\/wp-content\/uploads\/2022\/11\/sulin-logo.png\",\"contentUrl\":\"https:\/\/sulin.ee\/wp-content\/uploads\/2022\/11\/sulin-logo.png\",\"width\":871,\"height\":321,\"caption\":\"SULIN TRADE O\u00dc\"},\"image\":{\"@id\":\"https:\/\/sulin.ee\/en\/#\/schema\/logo\/image\/\"},\"sameAs\":[\"https:\/\/www.facebook.com\/www.sulin.ee\/\",\"https:\/\/www.instagram.com\/sulintrade\/\"]}]}<\/script>\n<!-- \/ Yoast SEO plugin. -->","yoast_head_json":{"title":"Mitmev\u00e4rvilised rasvakriidid (6tk) - sulin.ee","description":"Mitmev\u00e4rvilised rasvakriidid (6tk) aitavad luua ainulaadseid kunstiteoseid. Igas kriidis on 3 erinevat v\u00e4rvi, mis loovad kordumatuid v\u00e4rvikombinatsioone","robots":{"index":"index","follow":"follow","max-snippet":"max-snippet:-1","max-image-preview":"max-image-preview:large","max-video-preview":"max-video-preview:-1"},"canonical":"https:\/\/sulin.ee\/en\/toode\/mitmevarvilised-rasvakriidid-6tk-djeco\/","og_locale":"en_US","og_type":"article","og_title":"Mitmev\u00e4rvilised rasvakriidid (6tk) - sulin.ee","og_description":"Mitmev\u00e4rvilised rasvakriidid (6tk) aitavad luua ainulaadseid kunstiteoseid. Igas kriidis on 3 erinevat v\u00e4rvi, mis loovad kordumatuid v\u00e4rvikombinatsioone","og_url":"https:\/\/sulin.ee\/en\/toode\/mitmevarvilised-rasvakriidid-6tk-djeco\/","og_site_name":"sulin.ee","article_publisher":"https:\/\/www.facebook.com\/www.sulin.ee\/","article_modified_time":"2025-09-07T21:54:42+00:00","og_image":[{"width":600,"height":600,"url":"https:\/\/sulin.ee\/wp-content\/uploads\/2023\/09\/10369-DJ09006-varvid-6-kirjut-varvilist-kriiti.jpg","type":"image\/jpeg"}],"twitter_card":"summary_large_image","twitter_misc":{"Est. reading time":"1 minute"},"schema":{"@context":"https:\/\/schema.org","@graph":[{"@type":"WebPage","@id":"https:\/\/sulin.ee\/en\/toode\/mitmevarvilised-rasvakriidid-6tk-djeco\/","url":"https:\/\/sulin.ee\/en\/toode\/mitmevarvilised-rasvakriidid-6tk-djeco\/","name":"Mitmev\u00e4rvilised rasvakriidid (6tk) - sulin.ee","isPartOf":{"@id":"https:\/\/sulin.ee\/en\/#website"},"primaryImageOfPage":{"@id":"https:\/\/sulin.ee\/en\/toode\/mitmevarvilised-rasvakriidid-6tk-djeco\/#primaryimage"},"image":{"@id":"https:\/\/sulin.ee\/en\/toode\/mitmevarvilised-rasvakriidid-6tk-djeco\/#primaryimage"},"thumbnailUrl":"https:\/\/sulin.ee\/wp-content\/uploads\/2023\/09\/10369-DJ09006-varvid-6-kirjut-varvilist-kriiti.jpg","datePublished":"2023-09-23T18:34:22+00:00","dateModified":"2025-09-07T21:54:42+00:00","description":"Mitmev\u00e4rvilised rasvakriidid (6tk) aitavad luua ainulaadseid kunstiteoseid. Igas kriidis on 3 erinevat v\u00e4rvi, mis loovad kordumatuid v\u00e4rvikombinatsioone","breadcrumb":{"@id":"https:\/\/sulin.ee\/en\/toode\/mitmevarvilised-rasvakriidid-6tk-djeco\/#breadcrumb"},"inLanguage":"en-US","potentialAction":[{"@type":"ReadAction","target":["https:\/\/sulin.ee\/en\/toode\/mitmevarvilised-rasvakriidid-6tk-djeco\/"]}]},{"@type":"ImageObject","inLanguage":"en-US","@id":"https:\/\/sulin.ee\/en\/toode\/mitmevarvilised-rasvakriidid-6tk-djeco\/#primaryimage","url":"https:\/\/sulin.ee\/wp-content\/uploads\/2023\/09\/10369-DJ09006-varvid-6-kirjut-varvilist-kriiti.jpg","contentUrl":"https:\/\/sulin.ee\/wp-content\/uploads\/2023\/09\/10369-DJ09006-varvid-6-kirjut-varvilist-kriiti.jpg","width":600,"height":600,"caption":"Mitmev\u00e4rvilised rasvakriidid"},{"@type":"BreadcrumbList","@id":"https:\/\/sulin.ee\/en\/toode\/mitmevarvilised-rasvakriidid-6tk-djeco\/#breadcrumb","itemListElement":[{"@type":"ListItem","position":1,"name":"Home","item":"https:\/\/sulin.ee\/en\/"},{"@type":"ListItem","position":2,"name":"Sulin.ee e-pood","item":"https:\/\/sulin.ee\/shop\/"},{"@type":"ListItem","position":3,"name":"Mitmev\u00e4rvilised rasvakriidid (6tk)"}]},{"@type":"WebSite","@id":"https:\/\/sulin.ee\/en\/#website","url":"https:\/\/sulin.ee\/en\/","name":"sulin.ee","description":"","publisher":{"@id":"https:\/\/sulin.ee\/en\/#organization"},"potentialAction":[{"@type":"SearchAction","target":{"@type":"EntryPoint","urlTemplate":"https:\/\/sulin.ee\/en\/?s={search_term_string}"},"query-input":{"@type":"PropertyValueSpecification","valueRequired":true,"valueName":"search_term_string"}}],"inLanguage":"en-US"},{"@type":"Organization","@id":"https:\/\/sulin.ee\/en\/#organization","name":"SULIN TRADE O\u00dc","url":"https:\/\/sulin.ee\/en\/","logo":{"@type":"ImageObject","inLanguage":"en-US","@id":"https:\/\/sulin.ee\/en\/#\/schema\/logo\/image\/","url":"https:\/\/sulin.ee\/wp-content\/uploads\/2022\/11\/sulin-logo.png","contentUrl":"https:\/\/sulin.ee\/wp-content\/uploads\/2022\/11\/sulin-logo.png","width":871,"height":321,"caption":"SULIN TRADE O\u00dc"},"image":{"@id":"https:\/\/sulin.ee\/en\/#\/schema\/logo\/image\/"},"sameAs":["https:\/\/www.facebook.com\/www.sulin.ee\/","https:\/\/www.instagram.com\/sulintrade\/"]}]}},"builder_content":"","_links":{"self":[{"href":"https:\/\/sulin.ee\/en\/wp-json\/wp\/v2\/product\/13486","targetHints":{"allow":["GET"]}}],"collection":[{"href":"https:\/\/sulin.ee\/en\/wp-json\/wp\/v2\/product"}],"about":[{"href":"https:\/\/sulin.ee\/en\/wp-json\/wp\/v2\/types\/product"}],"replies":[{"embeddable":true,"href":"https:\/\/sulin.ee\/en\/wp-json\/wp\/v2\/comments?post=13486"}],"wp:featuredmedia":[{"embeddable":true,"href":"https:\/\/sulin.ee\/en\/wp-json\/wp\/v2\/media\/13487"}],"wp:attachment":[{"href":"https:\/\/sulin.ee\/en\/wp-json\/wp\/v2\/media?parent=13486"}],"wp:term":[{"taxonomy":"product_brand","embeddable":true,"href":"https:\/\/sulin.ee\/en\/wp-json\/wp\/v2\/product_brand?post=13486"},{"taxonomy":"product_cat","embeddable":true,"href":"https:\/\/sulin.ee\/en\/wp-json\/wp\/v2\/product_cat?post=13486"},{"taxonomy":"product_tag","embeddable":true,"href":"https:\/\/sulin.ee\/en\/wp-json\/wp\/v2\/product_tag?post=13486"}],"curies":[{"name":"wp","href":"https:\/\/api.w.org\/{rel}","templated":true}]}}