{"id":13470,"date":"2023-09-22T18:31:30","date_gmt":"2023-09-22T18:31:30","guid":{"rendered":"https:\/\/sulin.ee\/?post_type=product&#038;p=13470"},"modified":"2025-09-07T21:54:42","modified_gmt":"2025-09-07T21:54:42","slug":"kraabitavad-pildid-dinosaurused","status":"publish","type":"product","link":"https:\/\/sulin.ee\/en\/toode\/kraabitavad-pildid-dinosaurused\/","title":{"rendered":"Kraabitavad pildid &#8220;Dinosaurused&#8221;"},"content":{"rendered":"<p><strong>Kraabitavad pildid &#8220;Dinosaurused&#8221; on suurep\u00e4rane vahend laste peenmotoorika arendamiseks ning pakuvad rahulikku ja keskendunud tegevust, mis sobib ideaalselt toas veedetud aegade sisustamiseks. See komplekt sisaldab nelja erinevat dinosauruseteemalist pildi, mille iga\u00fcks peidab endas v\u00f5luvat stseeni, mis ootab avastamist.<\/strong><\/p>\n<p>Komplekti kuuluv kraapimisvahend on spetsiaalselt disainitud laste v\u00e4ikestele k\u00e4tele, tagades mugava haarde ja ohutu kasutuse. Kraapides pildi pinnalt musta kihti, ilmuvad esile v\u00e4rvilised ja s\u00e4delevad detailid, mis \u00e4ratavad pildid ellu. See tegevus mitte ainult ei arenda lapse peenmotoorseid oskusi, nagu k\u00e4e-silma koordinatsioon ja k\u00e4te v\u00e4ikeste lihaste t\u00e4psus, vaid soodustab ka kannatlikkust ja t\u00e4psust.<\/p>\n<p><a href=\"https:\/\/www.djeco.com\/\">Djeco<\/a> kraabitavad pildid &#8220;Dinosaurused&#8221;\u00a0sisaldab lisaks ka \u00f5petust, mis juhendab last samm-sammult, kuidas k\u00f5ige efektiivsemalt kraapida, et saavutada parim tulemus. See \u00f5petlik element muudab kraapimise mitte ainult l\u00f5busaks, vaid ka harivaks tegevuseks.<\/p>\n<p><strong>Sobib suurep\u00e4raselt lastele alates 3. eluaastast,<\/strong> kraabitavad pildid on mitte ainult meelelahutuslikud, vaid ka arendavad, aidates kaasa lapse loovuse ja keskendumisv\u00f5ime kasvule. See komplekt on t\u00e4iuslik kingitus igale uudishimulikule ja loovale lapsele, pakkudes tunde kestvat rahulikku ja produktiivset meelelahutust.<\/p>\n<p>Vaata ka teisi vahvaid ja arendavaid DJECO m\u00e4nguasju<span style=\"color: #0000ff;\"> <a style=\"color: #0000ff;\" href=\"https:\/\/sulin.ee\/tootekategooria\/brandid\/djeco\/\" target=\"_blank\" rel=\"noopener\">siit.<\/a><\/span><\/p>\n","protected":false},"excerpt":{"rendered":"<div class=\"flex max-w-full flex-col flex-grow\">\n<div class=\"min-h-8 text-message flex w-full flex-col items-end gap-2 whitespace-normal break-words text-start [.text-message+&amp;]:mt-5\" dir=\"auto\" data-message-author-role=\"assistant\" data-message-id=\"c984ffe5-4009-404e-8955-8c6f0fe70c56\" data-message-model-slug=\"gpt-4\">\n<div class=\"flex w-full flex-col gap-1 empty:hidden first:pt-[3px]\">\n<div class=\"markdown prose w-full break-words dark:prose-invert light\">\n<p><strong>Kraabitavad pildid dinosauruste teemal on suurep\u00e4rane vahend laste peenmotoorika ja keskendumisv\u00f5ime arendamiseks. <\/strong><\/p>\n<p><strong>Komplekt sisaldab<\/strong> nelja detailirohket dinosaurust kujutavat pilti, kraapimisvahendit ja samm-sammult juhendit. See tegevus pakub lastele p\u00f5nevat v\u00f5imalust avastada eelajaloolisi olendeid, samal ajal oma k\u00e4elist osavust ja t\u00e4psust parandades.<\/p>\n<p><strong>Sobib suurep\u00e4raselt lastele alates 3. eluaastast<\/strong>, pakkudes harivat ja rahulikku tegevust toas.<\/p>\n<\/div>\n<\/div>\n<\/div>\n<\/div>\n","protected":false},"featured_media":15145,"comment_status":"open","ping_status":"closed","template":"","meta":[],"product_brand":[],"product_cat":[1162,1165,102,927,928],"product_tag":[],"class_list":{"0":"post-13470","1":"product","2":"type-product","3":"status-publish","4":"has-post-thumbnail","6":"product_cat-kingituseks","7":"product_cat-3-5-aastat","8":"product_cat-kunstivahendid","9":"product_cat-joonistamine","10":"product_cat-djeco","11":"has-post-title","12":"has-post-date","13":"has-post-category","14":"has-post-tag","15":"has-post-comment","16":"has-post-author","17":"","19":"first","20":"instock","21":"sale","22":"taxable","23":"shipping-taxable","24":"purchasable","25":"product-type-simple"},"yoast_head":"<!-- This site is optimized with the Yoast SEO plugin v26.8 - https:\/\/yoast.com\/product\/yoast-seo-wordpress\/ -->\n<title>Kraabitavad pildid &quot;Dinosaurused&quot; - sulin.ee<\/title>\n<meta name=\"description\" content=\"Kraabitavad pildid &quot;Dinosaurused&quot; on suurep\u00e4rane vahend laste peenmotoorika arendamiseks ning pakuvad rahulikku ja keskendunud tegevust\" \/>\n<meta name=\"robots\" content=\"index, follow, max-snippet:-1, max-image-preview:large, max-video-preview:-1\" \/>\n<link rel=\"canonical\" href=\"https:\/\/sulin.ee\/en\/toode\/kraabitavad-pildid-dinosaurused\/\" \/>\n<meta property=\"og:locale\" content=\"en_US\" \/>\n<meta property=\"og:type\" content=\"article\" \/>\n<meta property=\"og:title\" content=\"Kraabitavad pildid &quot;Dinosaurused&quot; - sulin.ee\" \/>\n<meta property=\"og:description\" content=\"Kraabitavad pildid &quot;Dinosaurused&quot; on suurep\u00e4rane vahend laste peenmotoorika arendamiseks ning pakuvad rahulikku ja keskendunud tegevust\" \/>\n<meta property=\"og:url\" content=\"https:\/\/sulin.ee\/en\/toode\/kraabitavad-pildid-dinosaurused\/\" \/>\n<meta property=\"og:site_name\" content=\"sulin.ee\" \/>\n<meta property=\"article:publisher\" content=\"https:\/\/www.facebook.com\/www.sulin.ee\/\" \/>\n<meta property=\"article:modified_time\" content=\"2025-09-07T21:54:42+00:00\" \/>\n<meta property=\"og:image\" content=\"https:\/\/sulin.ee\/wp-content\/uploads\/2023\/09\/5.png\" \/>\n\t<meta property=\"og:image:width\" content=\"1080\" \/>\n\t<meta property=\"og:image:height\" content=\"1080\" \/>\n\t<meta property=\"og:image:type\" content=\"image\/png\" \/>\n<meta name=\"twitter:card\" content=\"summary_large_image\" \/>\n<meta name=\"twitter:label1\" content=\"Est. reading time\" \/>\n\t<meta name=\"twitter:data1\" content=\"2 minutes\" \/>\n<script type=\"application\/ld+json\" class=\"yoast-schema-graph\">{\"@context\":\"https:\/\/schema.org\",\"@graph\":[{\"@type\":\"WebPage\",\"@id\":\"https:\/\/sulin.ee\/en\/toode\/kraabitavad-pildid-dinosaurused\/\",\"url\":\"https:\/\/sulin.ee\/en\/toode\/kraabitavad-pildid-dinosaurused\/\",\"name\":\"Kraabitavad pildid \\\"Dinosaurused\\\" - sulin.ee\",\"isPartOf\":{\"@id\":\"https:\/\/sulin.ee\/en\/#website\"},\"primaryImageOfPage\":{\"@id\":\"https:\/\/sulin.ee\/en\/toode\/kraabitavad-pildid-dinosaurused\/#primaryimage\"},\"image\":{\"@id\":\"https:\/\/sulin.ee\/en\/toode\/kraabitavad-pildid-dinosaurused\/#primaryimage\"},\"thumbnailUrl\":\"https:\/\/sulin.ee\/wp-content\/uploads\/2023\/09\/5.png\",\"datePublished\":\"2023-09-22T18:31:30+00:00\",\"dateModified\":\"2025-09-07T21:54:42+00:00\",\"description\":\"Kraabitavad pildid \\\"Dinosaurused\\\" on suurep\u00e4rane vahend laste peenmotoorika arendamiseks ning pakuvad rahulikku ja keskendunud tegevust\",\"breadcrumb\":{\"@id\":\"https:\/\/sulin.ee\/en\/toode\/kraabitavad-pildid-dinosaurused\/#breadcrumb\"},\"inLanguage\":\"en-US\",\"potentialAction\":[{\"@type\":\"ReadAction\",\"target\":[\"https:\/\/sulin.ee\/en\/toode\/kraabitavad-pildid-dinosaurused\/\"]}]},{\"@type\":\"ImageObject\",\"inLanguage\":\"en-US\",\"@id\":\"https:\/\/sulin.ee\/en\/toode\/kraabitavad-pildid-dinosaurused\/#primaryimage\",\"url\":\"https:\/\/sulin.ee\/wp-content\/uploads\/2023\/09\/5.png\",\"contentUrl\":\"https:\/\/sulin.ee\/wp-content\/uploads\/2023\/09\/5.png\",\"width\":1080,\"height\":1080,\"caption\":\"Kraabitavad pildid \\\"Dinosaurused\\\"\"},{\"@type\":\"BreadcrumbList\",\"@id\":\"https:\/\/sulin.ee\/en\/toode\/kraabitavad-pildid-dinosaurused\/#breadcrumb\",\"itemListElement\":[{\"@type\":\"ListItem\",\"position\":1,\"name\":\"Home\",\"item\":\"https:\/\/sulin.ee\/en\/\"},{\"@type\":\"ListItem\",\"position\":2,\"name\":\"Sulin.ee e-pood\",\"item\":\"https:\/\/sulin.ee\/shop\/\"},{\"@type\":\"ListItem\",\"position\":3,\"name\":\"Kraabitavad pildid &#8220;Dinosaurused&#8221;\"}]},{\"@type\":\"WebSite\",\"@id\":\"https:\/\/sulin.ee\/en\/#website\",\"url\":\"https:\/\/sulin.ee\/en\/\",\"name\":\"sulin.ee\",\"description\":\"\",\"publisher\":{\"@id\":\"https:\/\/sulin.ee\/en\/#organization\"},\"potentialAction\":[{\"@type\":\"SearchAction\",\"target\":{\"@type\":\"EntryPoint\",\"urlTemplate\":\"https:\/\/sulin.ee\/en\/?s={search_term_string}\"},\"query-input\":{\"@type\":\"PropertyValueSpecification\",\"valueRequired\":true,\"valueName\":\"search_term_string\"}}],\"inLanguage\":\"en-US\"},{\"@type\":\"Organization\",\"@id\":\"https:\/\/sulin.ee\/en\/#organization\",\"name\":\"SULIN TRADE O\u00dc\",\"url\":\"https:\/\/sulin.ee\/en\/\",\"logo\":{\"@type\":\"ImageObject\",\"inLanguage\":\"en-US\",\"@id\":\"https:\/\/sulin.ee\/en\/#\/schema\/logo\/image\/\",\"url\":\"https:\/\/sulin.ee\/wp-content\/uploads\/2022\/11\/sulin-logo.png\",\"contentUrl\":\"https:\/\/sulin.ee\/wp-content\/uploads\/2022\/11\/sulin-logo.png\",\"width\":871,\"height\":321,\"caption\":\"SULIN TRADE O\u00dc\"},\"image\":{\"@id\":\"https:\/\/sulin.ee\/en\/#\/schema\/logo\/image\/\"},\"sameAs\":[\"https:\/\/www.facebook.com\/www.sulin.ee\/\",\"https:\/\/www.instagram.com\/sulintrade\/\"]}]}<\/script>\n<!-- \/ Yoast SEO plugin. -->","yoast_head_json":{"title":"Kraabitavad pildid \"Dinosaurused\" - sulin.ee","description":"Kraabitavad pildid \"Dinosaurused\" on suurep\u00e4rane vahend laste peenmotoorika arendamiseks ning pakuvad rahulikku ja keskendunud tegevust","robots":{"index":"index","follow":"follow","max-snippet":"max-snippet:-1","max-image-preview":"max-image-preview:large","max-video-preview":"max-video-preview:-1"},"canonical":"https:\/\/sulin.ee\/en\/toode\/kraabitavad-pildid-dinosaurused\/","og_locale":"en_US","og_type":"article","og_title":"Kraabitavad pildid \"Dinosaurused\" - sulin.ee","og_description":"Kraabitavad pildid \"Dinosaurused\" on suurep\u00e4rane vahend laste peenmotoorika arendamiseks ning pakuvad rahulikku ja keskendunud tegevust","og_url":"https:\/\/sulin.ee\/en\/toode\/kraabitavad-pildid-dinosaurused\/","og_site_name":"sulin.ee","article_publisher":"https:\/\/www.facebook.com\/www.sulin.ee\/","article_modified_time":"2025-09-07T21:54:42+00:00","og_image":[{"width":1080,"height":1080,"url":"https:\/\/sulin.ee\/wp-content\/uploads\/2023\/09\/5.png","type":"image\/png"}],"twitter_card":"summary_large_image","twitter_misc":{"Est. reading time":"2 minutes"},"schema":{"@context":"https:\/\/schema.org","@graph":[{"@type":"WebPage","@id":"https:\/\/sulin.ee\/en\/toode\/kraabitavad-pildid-dinosaurused\/","url":"https:\/\/sulin.ee\/en\/toode\/kraabitavad-pildid-dinosaurused\/","name":"Kraabitavad pildid \"Dinosaurused\" - sulin.ee","isPartOf":{"@id":"https:\/\/sulin.ee\/en\/#website"},"primaryImageOfPage":{"@id":"https:\/\/sulin.ee\/en\/toode\/kraabitavad-pildid-dinosaurused\/#primaryimage"},"image":{"@id":"https:\/\/sulin.ee\/en\/toode\/kraabitavad-pildid-dinosaurused\/#primaryimage"},"thumbnailUrl":"https:\/\/sulin.ee\/wp-content\/uploads\/2023\/09\/5.png","datePublished":"2023-09-22T18:31:30+00:00","dateModified":"2025-09-07T21:54:42+00:00","description":"Kraabitavad pildid \"Dinosaurused\" on suurep\u00e4rane vahend laste peenmotoorika arendamiseks ning pakuvad rahulikku ja keskendunud tegevust","breadcrumb":{"@id":"https:\/\/sulin.ee\/en\/toode\/kraabitavad-pildid-dinosaurused\/#breadcrumb"},"inLanguage":"en-US","potentialAction":[{"@type":"ReadAction","target":["https:\/\/sulin.ee\/en\/toode\/kraabitavad-pildid-dinosaurused\/"]}]},{"@type":"ImageObject","inLanguage":"en-US","@id":"https:\/\/sulin.ee\/en\/toode\/kraabitavad-pildid-dinosaurused\/#primaryimage","url":"https:\/\/sulin.ee\/wp-content\/uploads\/2023\/09\/5.png","contentUrl":"https:\/\/sulin.ee\/wp-content\/uploads\/2023\/09\/5.png","width":1080,"height":1080,"caption":"Kraabitavad pildid \"Dinosaurused\""},{"@type":"BreadcrumbList","@id":"https:\/\/sulin.ee\/en\/toode\/kraabitavad-pildid-dinosaurused\/#breadcrumb","itemListElement":[{"@type":"ListItem","position":1,"name":"Home","item":"https:\/\/sulin.ee\/en\/"},{"@type":"ListItem","position":2,"name":"Sulin.ee e-pood","item":"https:\/\/sulin.ee\/shop\/"},{"@type":"ListItem","position":3,"name":"Kraabitavad pildid &#8220;Dinosaurused&#8221;"}]},{"@type":"WebSite","@id":"https:\/\/sulin.ee\/en\/#website","url":"https:\/\/sulin.ee\/en\/","name":"sulin.ee","description":"","publisher":{"@id":"https:\/\/sulin.ee\/en\/#organization"},"potentialAction":[{"@type":"SearchAction","target":{"@type":"EntryPoint","urlTemplate":"https:\/\/sulin.ee\/en\/?s={search_term_string}"},"query-input":{"@type":"PropertyValueSpecification","valueRequired":true,"valueName":"search_term_string"}}],"inLanguage":"en-US"},{"@type":"Organization","@id":"https:\/\/sulin.ee\/en\/#organization","name":"SULIN TRADE O\u00dc","url":"https:\/\/sulin.ee\/en\/","logo":{"@type":"ImageObject","inLanguage":"en-US","@id":"https:\/\/sulin.ee\/en\/#\/schema\/logo\/image\/","url":"https:\/\/sulin.ee\/wp-content\/uploads\/2022\/11\/sulin-logo.png","contentUrl":"https:\/\/sulin.ee\/wp-content\/uploads\/2022\/11\/sulin-logo.png","width":871,"height":321,"caption":"SULIN TRADE O\u00dc"},"image":{"@id":"https:\/\/sulin.ee\/en\/#\/schema\/logo\/image\/"},"sameAs":["https:\/\/www.facebook.com\/www.sulin.ee\/","https:\/\/www.instagram.com\/sulintrade\/"]}]}},"builder_content":"","_links":{"self":[{"href":"https:\/\/sulin.ee\/en\/wp-json\/wp\/v2\/product\/13470","targetHints":{"allow":["GET"]}}],"collection":[{"href":"https:\/\/sulin.ee\/en\/wp-json\/wp\/v2\/product"}],"about":[{"href":"https:\/\/sulin.ee\/en\/wp-json\/wp\/v2\/types\/product"}],"replies":[{"embeddable":true,"href":"https:\/\/sulin.ee\/en\/wp-json\/wp\/v2\/comments?post=13470"}],"wp:featuredmedia":[{"embeddable":true,"href":"https:\/\/sulin.ee\/en\/wp-json\/wp\/v2\/media\/15145"}],"wp:attachment":[{"href":"https:\/\/sulin.ee\/en\/wp-json\/wp\/v2\/media?parent=13470"}],"wp:term":[{"taxonomy":"product_brand","embeddable":true,"href":"https:\/\/sulin.ee\/en\/wp-json\/wp\/v2\/product_brand?post=13470"},{"taxonomy":"product_cat","embeddable":true,"href":"https:\/\/sulin.ee\/en\/wp-json\/wp\/v2\/product_cat?post=13470"},{"taxonomy":"product_tag","embeddable":true,"href":"https:\/\/sulin.ee\/en\/wp-json\/wp\/v2\/product_tag?post=13470"}],"curies":[{"name":"wp","href":"https:\/\/api.w.org\/{rel}","templated":true}]}}