{"id":13458,"date":"2023-09-22T18:45:07","date_gmt":"2023-09-22T18:45:07","guid":{"rendered":"https:\/\/sulin.ee\/?post_type=product&#038;p=13458"},"modified":"2025-09-07T21:54:42","modified_gmt":"2025-09-07T21:54:42","slug":"kraabitavad-pildid-haldjad-djeco","status":"publish","type":"product","link":"https:\/\/sulin.ee\/en\/toode\/kraabitavad-pildid-haldjad-djeco\/","title":{"rendered":"Kraabitavad pildid &#8220;Haldjad&#8221;"},"content":{"rendered":"<p><strong>Kraabitavad pildid &#8220;Haldjad&#8221; on suurep\u00e4rane vahend laste peenmotoorika arendamiseks ning pakuvad rahulikku ja keskendunud tegevust, mis sobib ideaalselt toas veedetud aegade sisustamiseks. See komplekt sisaldab nelja erinevat haldjateteemalist pildi, mille iga\u00fcks peidab endas v\u00f5luvat stseeni, mis ootab avastamist.<\/strong><\/p>\n<p>Komplekti kuuluv kraapimisvahend on spetsiaalselt disainitud laste v\u00e4ikestele k\u00e4tele, tagades mugava haarde ja ohutu kasutuse. Kraapides pildi pinnalt musta kihti, ilmuvad esile v\u00e4rvilised ja s\u00e4delevad detailid, mis \u00e4ratavad pildid ellu. See tegevus mitte ainult ei arenda lapse peenmotoorseid oskusi, nagu k\u00e4e-silma koordinatsioon ja k\u00e4te v\u00e4ikeste lihaste t\u00e4psus, vaid soodustab ka kannatlikkust ja t\u00e4psust.<\/p>\n<p><a href=\"https:\/\/www.djeco.com\/\">Djeco<\/a> kaabitavad pildid &#8220;Haldjad&#8221; sisaldab lisaks ka \u00f5petust, mis juhendab last samm-sammult, kuidas k\u00f5ige efektiivsemalt kraapida, et saavutada parim tulemus. See \u00f5petlik element muudab kraapimise mitte ainult l\u00f5busaks, vaid ka harivaks tegevuseks.<\/p>\n<p><strong>Sobib suurep\u00e4raselt lastele alates 3. eluaastast,<\/strong> kraabitavad pildid on mitte ainult meelelahutuslikud, vaid ka arendavad, aidates kaasa lapse loovuse ja keskendumisv\u00f5ime kasvule. See komplekt on t\u00e4iuslik kingitus igale uudishimulikule ja loovale lapsele, pakkudes tunde kestvat rahulikku ja produktiivset meelelahutust.<\/p>\n<p>Vaata ka teisi vahvaid ja arendavaid DJECO m\u00e4nguasju<span style=\"color: #0000ff;\"> <a style=\"color: #0000ff;\" href=\"https:\/\/sulin.ee\/tootekategooria\/brandid\/djeco\/\" target=\"_blank\" rel=\"noopener\">siit.<\/a><\/span><\/p>\n","protected":false},"excerpt":{"rendered":"<p><strong>Kraabitavad pildid &#8220;Haldjad&#8221; on lummav ja arendav tegevuskomplekt, mis aitab lastel arendada peenmotoorikat ning pakub keskendunud meelelahutust. <\/strong><\/p>\n<p><strong>Komplekt sisaldab<\/strong> nelja haldjateteemalist pilti, mis on kaetud musta kihi all peituvate v\u00e4rviliste ja s\u00e4delevate detailidega. Kraapides ilmnevad maagilised stseenid, mis \u00e4ratavad pildid ellu. Kaasasolev kraapimisvahend on disainitud laste v\u00e4ikestele k\u00e4tele, tagades mugava ja turvalise kasutuse. Lisaks on komplektis samm-sammult juhend, mis aitab lastel kraapimistehnikat t\u00e4iustada.<\/p>\n<p><strong>Sobib ideaalselt lastele alates 3. eluaastast,<\/strong> pakkudes harivat ja l\u00f5busat tegevust toas veedetud aegade sisustamiseks.<\/p>\n","protected":false},"featured_media":15143,"comment_status":"open","ping_status":"closed","template":"","meta":[],"product_brand":[],"product_cat":[1162,1165,102,927,928],"product_tag":[],"class_list":{"0":"post-13458","1":"product","2":"type-product","3":"status-publish","4":"has-post-thumbnail","6":"product_cat-kingituseks","7":"product_cat-3-5-aastat","8":"product_cat-kunstivahendid","9":"product_cat-joonistamine","10":"product_cat-djeco","11":"has-post-title","12":"has-post-date","13":"has-post-category","14":"has-post-tag","15":"has-post-comment","16":"has-post-author","17":"","19":"first","20":"instock","21":"sale","22":"taxable","23":"shipping-taxable","24":"purchasable","25":"product-type-simple"},"yoast_head":"<!-- This site is optimized with the Yoast SEO plugin v26.8 - https:\/\/yoast.com\/product\/yoast-seo-wordpress\/ -->\n<title>Kraabitavad pildid &quot;Haldjad&quot; - sulin.ee<\/title>\n<meta name=\"description\" content=\"Kraabitavad pildid &quot;Haldjad&quot; on lummav ja arendav tegevuskomplekt, mis aitab lastel arendada peenmotoorikat ning pakub keskendunud meelelahutust.\" \/>\n<meta name=\"robots\" content=\"index, follow, max-snippet:-1, max-image-preview:large, max-video-preview:-1\" \/>\n<link rel=\"canonical\" href=\"https:\/\/sulin.ee\/en\/toode\/kraabitavad-pildid-haldjad-djeco\/\" \/>\n<meta property=\"og:locale\" content=\"en_US\" \/>\n<meta property=\"og:type\" content=\"article\" \/>\n<meta property=\"og:title\" content=\"Kraabitavad pildid &quot;Haldjad&quot; - sulin.ee\" \/>\n<meta property=\"og:description\" content=\"Kraabitavad pildid &quot;Haldjad&quot; on lummav ja arendav tegevuskomplekt, mis aitab lastel arendada peenmotoorikat ning pakub keskendunud meelelahutust.\" \/>\n<meta property=\"og:url\" content=\"https:\/\/sulin.ee\/en\/toode\/kraabitavad-pildid-haldjad-djeco\/\" \/>\n<meta property=\"og:site_name\" content=\"sulin.ee\" \/>\n<meta property=\"article:publisher\" content=\"https:\/\/www.facebook.com\/www.sulin.ee\/\" \/>\n<meta property=\"article:modified_time\" content=\"2025-09-07T21:54:42+00:00\" \/>\n<meta property=\"og:image\" content=\"https:\/\/sulin.ee\/wp-content\/uploads\/2023\/09\/4.png\" \/>\n\t<meta property=\"og:image:width\" content=\"1080\" \/>\n\t<meta property=\"og:image:height\" content=\"1080\" \/>\n\t<meta property=\"og:image:type\" content=\"image\/png\" \/>\n<meta name=\"twitter:card\" content=\"summary_large_image\" \/>\n<meta name=\"twitter:label1\" content=\"Est. reading time\" \/>\n\t<meta name=\"twitter:data1\" content=\"2 minutes\" \/>\n<script type=\"application\/ld+json\" class=\"yoast-schema-graph\">{\"@context\":\"https:\/\/schema.org\",\"@graph\":[{\"@type\":\"WebPage\",\"@id\":\"https:\/\/sulin.ee\/en\/toode\/kraabitavad-pildid-haldjad-djeco\/\",\"url\":\"https:\/\/sulin.ee\/en\/toode\/kraabitavad-pildid-haldjad-djeco\/\",\"name\":\"Kraabitavad pildid \\\"Haldjad\\\" - sulin.ee\",\"isPartOf\":{\"@id\":\"https:\/\/sulin.ee\/en\/#website\"},\"primaryImageOfPage\":{\"@id\":\"https:\/\/sulin.ee\/en\/toode\/kraabitavad-pildid-haldjad-djeco\/#primaryimage\"},\"image\":{\"@id\":\"https:\/\/sulin.ee\/en\/toode\/kraabitavad-pildid-haldjad-djeco\/#primaryimage\"},\"thumbnailUrl\":\"https:\/\/sulin.ee\/wp-content\/uploads\/2023\/09\/4.png\",\"datePublished\":\"2023-09-22T18:45:07+00:00\",\"dateModified\":\"2025-09-07T21:54:42+00:00\",\"description\":\"Kraabitavad pildid \\\"Haldjad\\\" on lummav ja arendav tegevuskomplekt, mis aitab lastel arendada peenmotoorikat ning pakub keskendunud meelelahutust.\",\"breadcrumb\":{\"@id\":\"https:\/\/sulin.ee\/en\/toode\/kraabitavad-pildid-haldjad-djeco\/#breadcrumb\"},\"inLanguage\":\"en-US\",\"potentialAction\":[{\"@type\":\"ReadAction\",\"target\":[\"https:\/\/sulin.ee\/en\/toode\/kraabitavad-pildid-haldjad-djeco\/\"]}]},{\"@type\":\"ImageObject\",\"inLanguage\":\"en-US\",\"@id\":\"https:\/\/sulin.ee\/en\/toode\/kraabitavad-pildid-haldjad-djeco\/#primaryimage\",\"url\":\"https:\/\/sulin.ee\/wp-content\/uploads\/2023\/09\/4.png\",\"contentUrl\":\"https:\/\/sulin.ee\/wp-content\/uploads\/2023\/09\/4.png\",\"width\":1080,\"height\":1080,\"caption\":\"Kraabitavad pildid \\\"Haldjad\\\"\"},{\"@type\":\"BreadcrumbList\",\"@id\":\"https:\/\/sulin.ee\/en\/toode\/kraabitavad-pildid-haldjad-djeco\/#breadcrumb\",\"itemListElement\":[{\"@type\":\"ListItem\",\"position\":1,\"name\":\"Home\",\"item\":\"https:\/\/sulin.ee\/en\/\"},{\"@type\":\"ListItem\",\"position\":2,\"name\":\"Sulin.ee e-pood\",\"item\":\"https:\/\/sulin.ee\/shop\/\"},{\"@type\":\"ListItem\",\"position\":3,\"name\":\"Kraabitavad pildid &#8220;Haldjad&#8221;\"}]},{\"@type\":\"WebSite\",\"@id\":\"https:\/\/sulin.ee\/en\/#website\",\"url\":\"https:\/\/sulin.ee\/en\/\",\"name\":\"sulin.ee\",\"description\":\"\",\"publisher\":{\"@id\":\"https:\/\/sulin.ee\/en\/#organization\"},\"potentialAction\":[{\"@type\":\"SearchAction\",\"target\":{\"@type\":\"EntryPoint\",\"urlTemplate\":\"https:\/\/sulin.ee\/en\/?s={search_term_string}\"},\"query-input\":{\"@type\":\"PropertyValueSpecification\",\"valueRequired\":true,\"valueName\":\"search_term_string\"}}],\"inLanguage\":\"en-US\"},{\"@type\":\"Organization\",\"@id\":\"https:\/\/sulin.ee\/en\/#organization\",\"name\":\"SULIN TRADE O\u00dc\",\"url\":\"https:\/\/sulin.ee\/en\/\",\"logo\":{\"@type\":\"ImageObject\",\"inLanguage\":\"en-US\",\"@id\":\"https:\/\/sulin.ee\/en\/#\/schema\/logo\/image\/\",\"url\":\"https:\/\/sulin.ee\/wp-content\/uploads\/2022\/11\/sulin-logo.png\",\"contentUrl\":\"https:\/\/sulin.ee\/wp-content\/uploads\/2022\/11\/sulin-logo.png\",\"width\":871,\"height\":321,\"caption\":\"SULIN TRADE O\u00dc\"},\"image\":{\"@id\":\"https:\/\/sulin.ee\/en\/#\/schema\/logo\/image\/\"},\"sameAs\":[\"https:\/\/www.facebook.com\/www.sulin.ee\/\",\"https:\/\/www.instagram.com\/sulintrade\/\"]}]}<\/script>\n<!-- \/ Yoast SEO plugin. -->","yoast_head_json":{"title":"Kraabitavad pildid \"Haldjad\" - sulin.ee","description":"Kraabitavad pildid \"Haldjad\" on lummav ja arendav tegevuskomplekt, mis aitab lastel arendada peenmotoorikat ning pakub keskendunud meelelahutust.","robots":{"index":"index","follow":"follow","max-snippet":"max-snippet:-1","max-image-preview":"max-image-preview:large","max-video-preview":"max-video-preview:-1"},"canonical":"https:\/\/sulin.ee\/en\/toode\/kraabitavad-pildid-haldjad-djeco\/","og_locale":"en_US","og_type":"article","og_title":"Kraabitavad pildid \"Haldjad\" - sulin.ee","og_description":"Kraabitavad pildid \"Haldjad\" on lummav ja arendav tegevuskomplekt, mis aitab lastel arendada peenmotoorikat ning pakub keskendunud meelelahutust.","og_url":"https:\/\/sulin.ee\/en\/toode\/kraabitavad-pildid-haldjad-djeco\/","og_site_name":"sulin.ee","article_publisher":"https:\/\/www.facebook.com\/www.sulin.ee\/","article_modified_time":"2025-09-07T21:54:42+00:00","og_image":[{"width":1080,"height":1080,"url":"https:\/\/sulin.ee\/wp-content\/uploads\/2023\/09\/4.png","type":"image\/png"}],"twitter_card":"summary_large_image","twitter_misc":{"Est. reading time":"2 minutes"},"schema":{"@context":"https:\/\/schema.org","@graph":[{"@type":"WebPage","@id":"https:\/\/sulin.ee\/en\/toode\/kraabitavad-pildid-haldjad-djeco\/","url":"https:\/\/sulin.ee\/en\/toode\/kraabitavad-pildid-haldjad-djeco\/","name":"Kraabitavad pildid \"Haldjad\" - sulin.ee","isPartOf":{"@id":"https:\/\/sulin.ee\/en\/#website"},"primaryImageOfPage":{"@id":"https:\/\/sulin.ee\/en\/toode\/kraabitavad-pildid-haldjad-djeco\/#primaryimage"},"image":{"@id":"https:\/\/sulin.ee\/en\/toode\/kraabitavad-pildid-haldjad-djeco\/#primaryimage"},"thumbnailUrl":"https:\/\/sulin.ee\/wp-content\/uploads\/2023\/09\/4.png","datePublished":"2023-09-22T18:45:07+00:00","dateModified":"2025-09-07T21:54:42+00:00","description":"Kraabitavad pildid \"Haldjad\" on lummav ja arendav tegevuskomplekt, mis aitab lastel arendada peenmotoorikat ning pakub keskendunud meelelahutust.","breadcrumb":{"@id":"https:\/\/sulin.ee\/en\/toode\/kraabitavad-pildid-haldjad-djeco\/#breadcrumb"},"inLanguage":"en-US","potentialAction":[{"@type":"ReadAction","target":["https:\/\/sulin.ee\/en\/toode\/kraabitavad-pildid-haldjad-djeco\/"]}]},{"@type":"ImageObject","inLanguage":"en-US","@id":"https:\/\/sulin.ee\/en\/toode\/kraabitavad-pildid-haldjad-djeco\/#primaryimage","url":"https:\/\/sulin.ee\/wp-content\/uploads\/2023\/09\/4.png","contentUrl":"https:\/\/sulin.ee\/wp-content\/uploads\/2023\/09\/4.png","width":1080,"height":1080,"caption":"Kraabitavad pildid \"Haldjad\""},{"@type":"BreadcrumbList","@id":"https:\/\/sulin.ee\/en\/toode\/kraabitavad-pildid-haldjad-djeco\/#breadcrumb","itemListElement":[{"@type":"ListItem","position":1,"name":"Home","item":"https:\/\/sulin.ee\/en\/"},{"@type":"ListItem","position":2,"name":"Sulin.ee e-pood","item":"https:\/\/sulin.ee\/shop\/"},{"@type":"ListItem","position":3,"name":"Kraabitavad pildid &#8220;Haldjad&#8221;"}]},{"@type":"WebSite","@id":"https:\/\/sulin.ee\/en\/#website","url":"https:\/\/sulin.ee\/en\/","name":"sulin.ee","description":"","publisher":{"@id":"https:\/\/sulin.ee\/en\/#organization"},"potentialAction":[{"@type":"SearchAction","target":{"@type":"EntryPoint","urlTemplate":"https:\/\/sulin.ee\/en\/?s={search_term_string}"},"query-input":{"@type":"PropertyValueSpecification","valueRequired":true,"valueName":"search_term_string"}}],"inLanguage":"en-US"},{"@type":"Organization","@id":"https:\/\/sulin.ee\/en\/#organization","name":"SULIN TRADE O\u00dc","url":"https:\/\/sulin.ee\/en\/","logo":{"@type":"ImageObject","inLanguage":"en-US","@id":"https:\/\/sulin.ee\/en\/#\/schema\/logo\/image\/","url":"https:\/\/sulin.ee\/wp-content\/uploads\/2022\/11\/sulin-logo.png","contentUrl":"https:\/\/sulin.ee\/wp-content\/uploads\/2022\/11\/sulin-logo.png","width":871,"height":321,"caption":"SULIN TRADE O\u00dc"},"image":{"@id":"https:\/\/sulin.ee\/en\/#\/schema\/logo\/image\/"},"sameAs":["https:\/\/www.facebook.com\/www.sulin.ee\/","https:\/\/www.instagram.com\/sulintrade\/"]}]}},"builder_content":"","_links":{"self":[{"href":"https:\/\/sulin.ee\/en\/wp-json\/wp\/v2\/product\/13458","targetHints":{"allow":["GET"]}}],"collection":[{"href":"https:\/\/sulin.ee\/en\/wp-json\/wp\/v2\/product"}],"about":[{"href":"https:\/\/sulin.ee\/en\/wp-json\/wp\/v2\/types\/product"}],"replies":[{"embeddable":true,"href":"https:\/\/sulin.ee\/en\/wp-json\/wp\/v2\/comments?post=13458"}],"wp:featuredmedia":[{"embeddable":true,"href":"https:\/\/sulin.ee\/en\/wp-json\/wp\/v2\/media\/15143"}],"wp:attachment":[{"href":"https:\/\/sulin.ee\/en\/wp-json\/wp\/v2\/media?parent=13458"}],"wp:term":[{"taxonomy":"product_brand","embeddable":true,"href":"https:\/\/sulin.ee\/en\/wp-json\/wp\/v2\/product_brand?post=13458"},{"taxonomy":"product_cat","embeddable":true,"href":"https:\/\/sulin.ee\/en\/wp-json\/wp\/v2\/product_cat?post=13458"},{"taxonomy":"product_tag","embeddable":true,"href":"https:\/\/sulin.ee\/en\/wp-json\/wp\/v2\/product_tag?post=13458"}],"curies":[{"name":"wp","href":"https:\/\/api.w.org\/{rel}","templated":true}]}}