{"id":13088,"date":"2023-07-23T19:09:46","date_gmt":"2023-07-23T19:09:46","guid":{"rendered":"https:\/\/sulin.ee\/?post_type=product&#038;p=13088"},"modified":"2026-02-13T13:25:19","modified_gmt":"2026-02-13T13:25:19","slug":"raseerimisseep-erinevad-lohnad","status":"publish","type":"product","link":"https:\/\/sulin.ee\/en\/toode\/raseerimisseep-erinevad-lohnad\/","title":{"rendered":"Raseerimisseep (erinevad l\u00f5hnad)"},"content":{"rendered":"<p><strong>Raseerimisseep aitab karvu pehmendada ja nahka raseerimiseks ette valmistada. <a href=\"https:\/\/www.bambaw.com\/collections\/all\/products\/shaving-soap?variant=39939391062079\" target=\"_blank\" rel=\"noopener\">Bambaw<\/a> keskkonnas\u00f5bralikud raseerimiseebid sisaldavad naturaalseid koostisosi on keskonnas\u00f5bralikud ning ei sisalda ohtlike aineid.<\/strong><\/p>\n<ul>\n<li>Luksuslik vaht, mis aitab \u00e4ra hoida naha \u00e4rritust<\/li>\n<li>Niistutab ja rahustab nahka<\/li>\n<li>Keskkonnas\u00f5bralik<\/li>\n<li>Ideaalne reisile kaasa v\u00f5tta<\/li>\n<li>Sobib nii naistele kui meestele<\/li>\n<\/ul>\n<p><strong>Ilma l\u00f5hnata seep<\/strong> &#8211; rahustab nahka ja sobib tundlikule nahale. Sisaldab aloe verat, mis rahustab ja niisutab nahka. Seebis leiduv valge savi puhastab ja aitab nahka tervendada.<\/p>\n<p><strong>Rosmariiniseep<\/strong> &#8211; koorib ja puhastab nahka ning aitab ennetada raseerimisest tulenevat \u00e4rritust. Sobib pigem rasusele ja sega t\u00fc\u00fcpi nahale.\u00a0 Orgaaniline roheline savi aitab v\u00f5idelda liigse rasu vastu ning toimib \u00f5rna puhastusvahendina. Orgaaniline sheav\u00f5i hoiab naha niisutatuna ning aitab nahka pingutada ning kaitseb seda raseerimisest tuleneva \u00e4rrituse suhtes.<\/p>\n<p><strong>Aprikoosiseep<\/strong> &#8211; sisaldab aprikoosi\u00f5li ja E-vitamiini ning sobib k\u00f5ikidele nahat\u00fc\u00fcpidele. Aprikoosi\u00f5li aitab nahka toniseerida ja pehmendada. E-vitamiin v\u00e4hendab p\u00f5letikutunnuseid t\u00e4nu p\u00f5letikuvastasele toimele ja ei lase nahal liigselt kuivada<\/p>\n<p>Korduvkasutatavad ja keskkonnas\u00f5bralikud raseerijad leiad<span style=\"color: #0000ff;\"><a style=\"color: #0000ff;\" href=\"https:\/\/sulin.ee\/tootekategooria\/ilu\/kehahooldus\/raseerijad\/\" target=\"_blank\" rel=\"noopener\"> siit.<\/a><\/span><\/p>\n","protected":false},"excerpt":{"rendered":"<p>Raseerimisseep aitab karvu pehmendada ja nahka raseerimiseks ette valmistada. Bambaw keskkonnas\u00f5bralikud raseerimiseebid sisaldavad naturaalseid koostisosi on keskonnas\u00f5bralikud ning ei sisalda ohtlike aineid. Luksuslik vaht, mis aitab \u00e4ra hoida naha \u00e4rritust Niistutab ja rahustab nahka Keskkonnas\u00f5bralik Ideaalne reisile kaasa v\u00f5tta Sobib nii naistele kui meestele Ilma l\u00f5hnata seep &#8211; rahustab nahka ja sobib tundlikule nahale. Sisaldab [&hellip;]<\/p>\n","protected":false},"featured_media":13093,"comment_status":"open","ping_status":"closed","template":"","meta":[],"product_brand":[],"product_cat":[47,239],"product_tag":[],"class_list":{"0":"post-13088","1":"product","2":"type-product","3":"status-publish","4":"has-post-thumbnail","6":"product_cat-kehaseebid","7":"product_cat-bambaw","8":"has-post-title","9":"has-post-date","10":"has-post-category","11":"has-post-tag","12":"has-post-comment","13":"has-post-author","14":"","16":"first","17":"instock","18":"sale","19":"taxable","20":"shipping-taxable","21":"purchasable","22":"product-type-variable"},"yoast_head":"<!-- This site is optimized with the Yoast SEO plugin v26.8 - https:\/\/yoast.com\/product\/yoast-seo-wordpress\/ -->\n<title>Raseerimisseep (erinevad l\u00f5hnad) - sulin.ee<\/title>\n<meta name=\"description\" content=\"Raseerimisseep aitab karvu pehmendada ja nahka raseerimiseks ette valmistada. Bambaw keskkonnas\u00f5bralikud raseerimiseebid sisaldavad naturaalseid koostisosi.\" \/>\n<meta name=\"robots\" content=\"index, follow, max-snippet:-1, max-image-preview:large, max-video-preview:-1\" \/>\n<link rel=\"canonical\" href=\"https:\/\/sulin.ee\/en\/toode\/raseerimisseep-erinevad-lohnad\/\" \/>\n<meta property=\"og:locale\" content=\"en_US\" \/>\n<meta property=\"og:type\" content=\"article\" \/>\n<meta property=\"og:title\" content=\"Raseerimisseep (erinevad l\u00f5hnad) - sulin.ee\" \/>\n<meta property=\"og:description\" content=\"Raseerimisseep aitab karvu pehmendada ja nahka raseerimiseks ette valmistada. Bambaw keskkonnas\u00f5bralikud raseerimiseebid sisaldavad naturaalseid koostisosi.\" \/>\n<meta property=\"og:url\" content=\"https:\/\/sulin.ee\/en\/toode\/raseerimisseep-erinevad-lohnad\/\" \/>\n<meta property=\"og:site_name\" content=\"sulin.ee\" \/>\n<meta property=\"article:publisher\" content=\"https:\/\/www.facebook.com\/www.sulin.ee\/\" \/>\n<meta property=\"article:modified_time\" content=\"2026-02-13T13:25:19+00:00\" \/>\n<meta property=\"og:image\" content=\"https:\/\/sulin.ee\/wp-content\/uploads\/2023\/07\/bambaw-shaving-soap-fragrance-free_720x.webp\" \/>\n\t<meta property=\"og:image:width\" content=\"720\" \/>\n\t<meta property=\"og:image:height\" content=\"720\" \/>\n\t<meta property=\"og:image:type\" content=\"image\/webp\" \/>\n<meta name=\"twitter:card\" content=\"summary_large_image\" \/>\n<meta name=\"twitter:label1\" content=\"Est. reading time\" \/>\n\t<meta name=\"twitter:data1\" content=\"2 minutes\" \/>\n<script type=\"application\/ld+json\" class=\"yoast-schema-graph\">{\"@context\":\"https:\/\/schema.org\",\"@graph\":[{\"@type\":\"WebPage\",\"@id\":\"https:\/\/sulin.ee\/en\/toode\/raseerimisseep-erinevad-lohnad\/\",\"url\":\"https:\/\/sulin.ee\/en\/toode\/raseerimisseep-erinevad-lohnad\/\",\"name\":\"Raseerimisseep (erinevad l\u00f5hnad) - sulin.ee\",\"isPartOf\":{\"@id\":\"https:\/\/sulin.ee\/en\/#website\"},\"primaryImageOfPage\":{\"@id\":\"https:\/\/sulin.ee\/en\/toode\/raseerimisseep-erinevad-lohnad\/#primaryimage\"},\"image\":{\"@id\":\"https:\/\/sulin.ee\/en\/toode\/raseerimisseep-erinevad-lohnad\/#primaryimage\"},\"thumbnailUrl\":\"https:\/\/sulin.ee\/wp-content\/uploads\/2023\/07\/bambaw-shaving-soap-fragrance-free_720x.webp\",\"datePublished\":\"2023-07-23T19:09:46+00:00\",\"dateModified\":\"2026-02-13T13:25:19+00:00\",\"description\":\"Raseerimisseep aitab karvu pehmendada ja nahka raseerimiseks ette valmistada. Bambaw keskkonnas\u00f5bralikud raseerimiseebid sisaldavad naturaalseid koostisosi.\",\"breadcrumb\":{\"@id\":\"https:\/\/sulin.ee\/en\/toode\/raseerimisseep-erinevad-lohnad\/#breadcrumb\"},\"inLanguage\":\"en-US\",\"potentialAction\":[{\"@type\":\"ReadAction\",\"target\":[\"https:\/\/sulin.ee\/en\/toode\/raseerimisseep-erinevad-lohnad\/\"]}]},{\"@type\":\"ImageObject\",\"inLanguage\":\"en-US\",\"@id\":\"https:\/\/sulin.ee\/en\/toode\/raseerimisseep-erinevad-lohnad\/#primaryimage\",\"url\":\"https:\/\/sulin.ee\/wp-content\/uploads\/2023\/07\/bambaw-shaving-soap-fragrance-free_720x.webp\",\"contentUrl\":\"https:\/\/sulin.ee\/wp-content\/uploads\/2023\/07\/bambaw-shaving-soap-fragrance-free_720x.webp\",\"width\":720,\"height\":720,\"caption\":\"Raseerimisseep\"},{\"@type\":\"BreadcrumbList\",\"@id\":\"https:\/\/sulin.ee\/en\/toode\/raseerimisseep-erinevad-lohnad\/#breadcrumb\",\"itemListElement\":[{\"@type\":\"ListItem\",\"position\":1,\"name\":\"Home\",\"item\":\"https:\/\/sulin.ee\/en\/\"},{\"@type\":\"ListItem\",\"position\":2,\"name\":\"Sulin.ee e-pood\",\"item\":\"https:\/\/sulin.ee\/shop\/\"},{\"@type\":\"ListItem\",\"position\":3,\"name\":\"Raseerimisseep (erinevad l\u00f5hnad)\"}]},{\"@type\":\"WebSite\",\"@id\":\"https:\/\/sulin.ee\/en\/#website\",\"url\":\"https:\/\/sulin.ee\/en\/\",\"name\":\"sulin.ee\",\"description\":\"\",\"publisher\":{\"@id\":\"https:\/\/sulin.ee\/en\/#organization\"},\"potentialAction\":[{\"@type\":\"SearchAction\",\"target\":{\"@type\":\"EntryPoint\",\"urlTemplate\":\"https:\/\/sulin.ee\/en\/?s={search_term_string}\"},\"query-input\":{\"@type\":\"PropertyValueSpecification\",\"valueRequired\":true,\"valueName\":\"search_term_string\"}}],\"inLanguage\":\"en-US\"},{\"@type\":\"Organization\",\"@id\":\"https:\/\/sulin.ee\/en\/#organization\",\"name\":\"SULIN TRADE O\u00dc\",\"url\":\"https:\/\/sulin.ee\/en\/\",\"logo\":{\"@type\":\"ImageObject\",\"inLanguage\":\"en-US\",\"@id\":\"https:\/\/sulin.ee\/en\/#\/schema\/logo\/image\/\",\"url\":\"https:\/\/sulin.ee\/wp-content\/uploads\/2022\/11\/sulin-logo.png\",\"contentUrl\":\"https:\/\/sulin.ee\/wp-content\/uploads\/2022\/11\/sulin-logo.png\",\"width\":871,\"height\":321,\"caption\":\"SULIN TRADE O\u00dc\"},\"image\":{\"@id\":\"https:\/\/sulin.ee\/en\/#\/schema\/logo\/image\/\"},\"sameAs\":[\"https:\/\/www.facebook.com\/www.sulin.ee\/\",\"https:\/\/www.instagram.com\/sulintrade\/\"]}]}<\/script>\n<!-- \/ Yoast SEO plugin. -->","yoast_head_json":{"title":"Raseerimisseep (erinevad l\u00f5hnad) - sulin.ee","description":"Raseerimisseep aitab karvu pehmendada ja nahka raseerimiseks ette valmistada. Bambaw keskkonnas\u00f5bralikud raseerimiseebid sisaldavad naturaalseid koostisosi.","robots":{"index":"index","follow":"follow","max-snippet":"max-snippet:-1","max-image-preview":"max-image-preview:large","max-video-preview":"max-video-preview:-1"},"canonical":"https:\/\/sulin.ee\/en\/toode\/raseerimisseep-erinevad-lohnad\/","og_locale":"en_US","og_type":"article","og_title":"Raseerimisseep (erinevad l\u00f5hnad) - sulin.ee","og_description":"Raseerimisseep aitab karvu pehmendada ja nahka raseerimiseks ette valmistada. Bambaw keskkonnas\u00f5bralikud raseerimiseebid sisaldavad naturaalseid koostisosi.","og_url":"https:\/\/sulin.ee\/en\/toode\/raseerimisseep-erinevad-lohnad\/","og_site_name":"sulin.ee","article_publisher":"https:\/\/www.facebook.com\/www.sulin.ee\/","article_modified_time":"2026-02-13T13:25:19+00:00","og_image":[{"width":720,"height":720,"url":"https:\/\/sulin.ee\/wp-content\/uploads\/2023\/07\/bambaw-shaving-soap-fragrance-free_720x.webp","type":"image\/webp"}],"twitter_card":"summary_large_image","twitter_misc":{"Est. reading time":"2 minutes"},"schema":{"@context":"https:\/\/schema.org","@graph":[{"@type":"WebPage","@id":"https:\/\/sulin.ee\/en\/toode\/raseerimisseep-erinevad-lohnad\/","url":"https:\/\/sulin.ee\/en\/toode\/raseerimisseep-erinevad-lohnad\/","name":"Raseerimisseep (erinevad l\u00f5hnad) - sulin.ee","isPartOf":{"@id":"https:\/\/sulin.ee\/en\/#website"},"primaryImageOfPage":{"@id":"https:\/\/sulin.ee\/en\/toode\/raseerimisseep-erinevad-lohnad\/#primaryimage"},"image":{"@id":"https:\/\/sulin.ee\/en\/toode\/raseerimisseep-erinevad-lohnad\/#primaryimage"},"thumbnailUrl":"https:\/\/sulin.ee\/wp-content\/uploads\/2023\/07\/bambaw-shaving-soap-fragrance-free_720x.webp","datePublished":"2023-07-23T19:09:46+00:00","dateModified":"2026-02-13T13:25:19+00:00","description":"Raseerimisseep aitab karvu pehmendada ja nahka raseerimiseks ette valmistada. Bambaw keskkonnas\u00f5bralikud raseerimiseebid sisaldavad naturaalseid koostisosi.","breadcrumb":{"@id":"https:\/\/sulin.ee\/en\/toode\/raseerimisseep-erinevad-lohnad\/#breadcrumb"},"inLanguage":"en-US","potentialAction":[{"@type":"ReadAction","target":["https:\/\/sulin.ee\/en\/toode\/raseerimisseep-erinevad-lohnad\/"]}]},{"@type":"ImageObject","inLanguage":"en-US","@id":"https:\/\/sulin.ee\/en\/toode\/raseerimisseep-erinevad-lohnad\/#primaryimage","url":"https:\/\/sulin.ee\/wp-content\/uploads\/2023\/07\/bambaw-shaving-soap-fragrance-free_720x.webp","contentUrl":"https:\/\/sulin.ee\/wp-content\/uploads\/2023\/07\/bambaw-shaving-soap-fragrance-free_720x.webp","width":720,"height":720,"caption":"Raseerimisseep"},{"@type":"BreadcrumbList","@id":"https:\/\/sulin.ee\/en\/toode\/raseerimisseep-erinevad-lohnad\/#breadcrumb","itemListElement":[{"@type":"ListItem","position":1,"name":"Home","item":"https:\/\/sulin.ee\/en\/"},{"@type":"ListItem","position":2,"name":"Sulin.ee e-pood","item":"https:\/\/sulin.ee\/shop\/"},{"@type":"ListItem","position":3,"name":"Raseerimisseep (erinevad l\u00f5hnad)"}]},{"@type":"WebSite","@id":"https:\/\/sulin.ee\/en\/#website","url":"https:\/\/sulin.ee\/en\/","name":"sulin.ee","description":"","publisher":{"@id":"https:\/\/sulin.ee\/en\/#organization"},"potentialAction":[{"@type":"SearchAction","target":{"@type":"EntryPoint","urlTemplate":"https:\/\/sulin.ee\/en\/?s={search_term_string}"},"query-input":{"@type":"PropertyValueSpecification","valueRequired":true,"valueName":"search_term_string"}}],"inLanguage":"en-US"},{"@type":"Organization","@id":"https:\/\/sulin.ee\/en\/#organization","name":"SULIN TRADE O\u00dc","url":"https:\/\/sulin.ee\/en\/","logo":{"@type":"ImageObject","inLanguage":"en-US","@id":"https:\/\/sulin.ee\/en\/#\/schema\/logo\/image\/","url":"https:\/\/sulin.ee\/wp-content\/uploads\/2022\/11\/sulin-logo.png","contentUrl":"https:\/\/sulin.ee\/wp-content\/uploads\/2022\/11\/sulin-logo.png","width":871,"height":321,"caption":"SULIN TRADE O\u00dc"},"image":{"@id":"https:\/\/sulin.ee\/en\/#\/schema\/logo\/image\/"},"sameAs":["https:\/\/www.facebook.com\/www.sulin.ee\/","https:\/\/www.instagram.com\/sulintrade\/"]}]}},"builder_content":"","_links":{"self":[{"href":"https:\/\/sulin.ee\/en\/wp-json\/wp\/v2\/product\/13088","targetHints":{"allow":["GET"]}}],"collection":[{"href":"https:\/\/sulin.ee\/en\/wp-json\/wp\/v2\/product"}],"about":[{"href":"https:\/\/sulin.ee\/en\/wp-json\/wp\/v2\/types\/product"}],"replies":[{"embeddable":true,"href":"https:\/\/sulin.ee\/en\/wp-json\/wp\/v2\/comments?post=13088"}],"wp:featuredmedia":[{"embeddable":true,"href":"https:\/\/sulin.ee\/en\/wp-json\/wp\/v2\/media\/13093"}],"wp:attachment":[{"href":"https:\/\/sulin.ee\/en\/wp-json\/wp\/v2\/media?parent=13088"}],"wp:term":[{"taxonomy":"product_brand","embeddable":true,"href":"https:\/\/sulin.ee\/en\/wp-json\/wp\/v2\/product_brand?post=13088"},{"taxonomy":"product_cat","embeddable":true,"href":"https:\/\/sulin.ee\/en\/wp-json\/wp\/v2\/product_cat?post=13088"},{"taxonomy":"product_tag","embeddable":true,"href":"https:\/\/sulin.ee\/en\/wp-json\/wp\/v2\/product_tag?post=13088"}],"curies":[{"name":"wp","href":"https:\/\/api.w.org\/{rel}","templated":true}]}}