{"id":12925,"date":"2023-07-13T20:28:15","date_gmt":"2023-07-13T20:28:15","guid":{"rendered":"https:\/\/sulin.ee\/?post_type=product&#038;p=12925"},"modified":"2025-09-07T21:47:36","modified_gmt":"2025-09-07T21:47:36","slug":"bibs-colour-anatomical-lutt-2tk-sage-glow-cloud-glow","status":"publish","type":"product","link":"https:\/\/sulin.ee\/en\/toode\/bibs-colour-anatomical-lutt-2tk-sage-glow-cloud-glow\/","title":{"rendered":"BIBS Colour Anatomical lutt 2tk &#8211; Sage Glow \/ Cloud Glow"},"content":{"rendered":"<p><strong>BIBS Colour Anatomical lutt on \u00fclaosast kumer, et sobituda loomulikul viisil lapse suulaega. Kumer \u00fclaosa toetab keele loomulikku asetsust ning imiteerib k\u00f5ige paremini ema nibu, soodustades seel\u00e4bi loomulikku imetamistehnikat.<\/strong><\/p>\n<p>BIBS Colour Anatomical luti \u00fcmmargune \u00fcmbris on disainitud viisil, mis laseb \u00f5huvoolul vabalt liikuda ning on beebi naha vastas \u00f5rn.<\/p>\n<ul>\n<li><span style=\"color: #333333;\">Valmistatud looduslikust kaut\u0161ukist<\/span><\/li>\n<li>100% PVC ja BPA vaba<\/li>\n<li>Ei j\u00e4ta rante beebi n\u00e4ole<\/li>\n<li>Lutt on kerge<\/li>\n<li>Ajatu Taani disain<\/li>\n<li>Vastab EN 1400 Standardile<\/li>\n<\/ul>\n<p><strong>Komplektis 2 erinevat v\u00e4rvi lutti.<\/strong><\/p>\n<p>Meilt leiad ka laia valiku<span style=\"color: #0000ff;\"> <a style=\"color: #0000ff;\" href=\"https:\/\/sulin.ee\/tootekategooria\/beebid\/lutid\/bibs-lutid\/bibs-colour-round-lutid\/\">BIBS Colour Round<\/a><\/span> \u00fcmmarguse otsaga lutte.<\/p>\n<p>Rohkem infot erinevate lutikujude kohta leiad<span style=\"color: #0000ff;\"> <a style=\"color: #0000ff;\" href=\"https:\/\/www.youtube.com\/watch?v=SLEAJhpZimo\">siit.<\/a><\/span><\/p>\n","protected":false},"excerpt":{"rendered":"<p>BIBS Colour Anatomical lutt on \u00fclaosast kumer, et sobituda loomulikul viisil lapse suulaega. Kumer \u00fclaosa toetab keele loomulikku asetsust ning imiteerib k\u00f5ige paremini ema nibu, soodustades seel\u00e4bi loomulikku imetamistehnikat. BIBS Colour Anatomical luti \u00fcmmargune \u00fcmbris on disainitud viisil, mis laseb \u00f5huvoolul vabalt liikuda ning on beebi naha vastas \u00f5rn. Valmistatud looduslikust kaut\u0161ukist 100% PVC ja [&hellip;]<\/p>\n","protected":false},"featured_media":12926,"comment_status":"open","ping_status":"closed","template":"","meta":[],"product_brand":[],"product_cat":[120,798,801,563],"product_tag":[],"class_list":{"0":"post-12925","1":"product","2":"type-product","3":"status-publish","4":"has-post-thumbnail","6":"product_cat-lutid","7":"product_cat-bibs-colour-anatomical-lutid","8":"product_cat-bibs-oolutid","9":"product_cat-bibs","10":"has-post-title","11":"has-post-date","12":"has-post-category","13":"has-post-tag","14":"has-post-comment","15":"has-post-author","16":"","18":"first","19":"instock","20":"sale","21":"taxable","22":"shipping-taxable","23":"purchasable","24":"product-type-variable"},"yoast_head":"<!-- This site is optimized with the Yoast SEO plugin v26.8 - https:\/\/yoast.com\/product\/yoast-seo-wordpress\/ -->\n<title>BIBS Colour Anatomical lutt 2tk - Sage Glow \/ Cloud Glow - sulin.ee<\/title>\n<meta name=\"robots\" content=\"index, follow, max-snippet:-1, max-image-preview:large, max-video-preview:-1\" \/>\n<link rel=\"canonical\" href=\"https:\/\/sulin.ee\/en\/toode\/bibs-colour-anatomical-lutt-2tk-sage-glow-cloud-glow\/\" \/>\n<meta property=\"og:locale\" content=\"en_US\" \/>\n<meta property=\"og:type\" content=\"article\" \/>\n<meta property=\"og:title\" content=\"BIBS Colour Anatomical lutt 2tk - Sage Glow \/ Cloud Glow - sulin.ee\" \/>\n<meta property=\"og:description\" content=\"BIBS Colour Anatomical lutt on \u00fclaosast kumer, et sobituda loomulikul viisil lapse suulaega. Kumer \u00fclaosa toetab keele loomulikku asetsust ning imiteerib k\u00f5ige paremini ema nibu, soodustades seel\u00e4bi loomulikku imetamistehnikat. BIBS Colour Anatomical luti \u00fcmmargune \u00fcmbris on disainitud viisil, mis laseb \u00f5huvoolul vabalt liikuda ning on beebi naha vastas \u00f5rn. Valmistatud looduslikust kaut\u0161ukist 100% PVC ja [&hellip;]\" \/>\n<meta property=\"og:url\" content=\"https:\/\/sulin.ee\/en\/toode\/bibs-colour-anatomical-lutt-2tk-sage-glow-cloud-glow\/\" \/>\n<meta property=\"og:site_name\" content=\"sulin.ee\" \/>\n<meta property=\"article:publisher\" content=\"https:\/\/www.facebook.com\/www.sulin.ee\/\" \/>\n<meta property=\"article:modified_time\" content=\"2025-09-07T21:47:36+00:00\" \/>\n<meta property=\"og:image\" content=\"https:\/\/sulin.ee\/wp-content\/uploads\/2023\/07\/colour-anatomical-s1-glow-sagecloud-764796.webp\" \/>\n\t<meta property=\"og:image:width\" content=\"760\" \/>\n\t<meta property=\"og:image:height\" content=\"760\" \/>\n\t<meta property=\"og:image:type\" content=\"image\/webp\" \/>\n<meta name=\"twitter:card\" content=\"summary_large_image\" \/>\n<meta name=\"twitter:label1\" content=\"Est. reading time\" \/>\n\t<meta name=\"twitter:data1\" content=\"1 minute\" \/>\n<script type=\"application\/ld+json\" class=\"yoast-schema-graph\">{\"@context\":\"https:\/\/schema.org\",\"@graph\":[{\"@type\":\"WebPage\",\"@id\":\"https:\/\/sulin.ee\/en\/toode\/bibs-colour-anatomical-lutt-2tk-sage-glow-cloud-glow\/\",\"url\":\"https:\/\/sulin.ee\/en\/toode\/bibs-colour-anatomical-lutt-2tk-sage-glow-cloud-glow\/\",\"name\":\"BIBS Colour Anatomical lutt 2tk - Sage Glow \/ Cloud Glow - sulin.ee\",\"isPartOf\":{\"@id\":\"https:\/\/sulin.ee\/en\/#website\"},\"primaryImageOfPage\":{\"@id\":\"https:\/\/sulin.ee\/en\/toode\/bibs-colour-anatomical-lutt-2tk-sage-glow-cloud-glow\/#primaryimage\"},\"image\":{\"@id\":\"https:\/\/sulin.ee\/en\/toode\/bibs-colour-anatomical-lutt-2tk-sage-glow-cloud-glow\/#primaryimage\"},\"thumbnailUrl\":\"https:\/\/sulin.ee\/wp-content\/uploads\/2023\/07\/colour-anatomical-s1-glow-sagecloud-764796.webp\",\"datePublished\":\"2023-07-13T20:28:15+00:00\",\"dateModified\":\"2025-09-07T21:47:36+00:00\",\"breadcrumb\":{\"@id\":\"https:\/\/sulin.ee\/en\/toode\/bibs-colour-anatomical-lutt-2tk-sage-glow-cloud-glow\/#breadcrumb\"},\"inLanguage\":\"en-US\",\"potentialAction\":[{\"@type\":\"ReadAction\",\"target\":[\"https:\/\/sulin.ee\/en\/toode\/bibs-colour-anatomical-lutt-2tk-sage-glow-cloud-glow\/\"]}]},{\"@type\":\"ImageObject\",\"inLanguage\":\"en-US\",\"@id\":\"https:\/\/sulin.ee\/en\/toode\/bibs-colour-anatomical-lutt-2tk-sage-glow-cloud-glow\/#primaryimage\",\"url\":\"https:\/\/sulin.ee\/wp-content\/uploads\/2023\/07\/colour-anatomical-s1-glow-sagecloud-764796.webp\",\"contentUrl\":\"https:\/\/sulin.ee\/wp-content\/uploads\/2023\/07\/colour-anatomical-s1-glow-sagecloud-764796.webp\",\"width\":760,\"height\":760},{\"@type\":\"BreadcrumbList\",\"@id\":\"https:\/\/sulin.ee\/en\/toode\/bibs-colour-anatomical-lutt-2tk-sage-glow-cloud-glow\/#breadcrumb\",\"itemListElement\":[{\"@type\":\"ListItem\",\"position\":1,\"name\":\"Home\",\"item\":\"https:\/\/sulin.ee\/en\/\"},{\"@type\":\"ListItem\",\"position\":2,\"name\":\"Sulin.ee e-pood\",\"item\":\"https:\/\/sulin.ee\/shop\/\"},{\"@type\":\"ListItem\",\"position\":3,\"name\":\"BIBS Colour Anatomical lutt 2tk &#8211; Sage Glow \/ Cloud Glow\"}]},{\"@type\":\"WebSite\",\"@id\":\"https:\/\/sulin.ee\/en\/#website\",\"url\":\"https:\/\/sulin.ee\/en\/\",\"name\":\"sulin.ee\",\"description\":\"\",\"publisher\":{\"@id\":\"https:\/\/sulin.ee\/en\/#organization\"},\"potentialAction\":[{\"@type\":\"SearchAction\",\"target\":{\"@type\":\"EntryPoint\",\"urlTemplate\":\"https:\/\/sulin.ee\/en\/?s={search_term_string}\"},\"query-input\":{\"@type\":\"PropertyValueSpecification\",\"valueRequired\":true,\"valueName\":\"search_term_string\"}}],\"inLanguage\":\"en-US\"},{\"@type\":\"Organization\",\"@id\":\"https:\/\/sulin.ee\/en\/#organization\",\"name\":\"SULIN TRADE O\u00dc\",\"url\":\"https:\/\/sulin.ee\/en\/\",\"logo\":{\"@type\":\"ImageObject\",\"inLanguage\":\"en-US\",\"@id\":\"https:\/\/sulin.ee\/en\/#\/schema\/logo\/image\/\",\"url\":\"https:\/\/sulin.ee\/wp-content\/uploads\/2022\/11\/sulin-logo.png\",\"contentUrl\":\"https:\/\/sulin.ee\/wp-content\/uploads\/2022\/11\/sulin-logo.png\",\"width\":871,\"height\":321,\"caption\":\"SULIN TRADE O\u00dc\"},\"image\":{\"@id\":\"https:\/\/sulin.ee\/en\/#\/schema\/logo\/image\/\"},\"sameAs\":[\"https:\/\/www.facebook.com\/www.sulin.ee\/\",\"https:\/\/www.instagram.com\/sulintrade\/\"]}]}<\/script>\n<!-- \/ Yoast SEO plugin. -->","yoast_head_json":{"title":"BIBS Colour Anatomical lutt 2tk - Sage Glow \/ Cloud Glow - sulin.ee","robots":{"index":"index","follow":"follow","max-snippet":"max-snippet:-1","max-image-preview":"max-image-preview:large","max-video-preview":"max-video-preview:-1"},"canonical":"https:\/\/sulin.ee\/en\/toode\/bibs-colour-anatomical-lutt-2tk-sage-glow-cloud-glow\/","og_locale":"en_US","og_type":"article","og_title":"BIBS Colour Anatomical lutt 2tk - Sage Glow \/ Cloud Glow - sulin.ee","og_description":"BIBS Colour Anatomical lutt on \u00fclaosast kumer, et sobituda loomulikul viisil lapse suulaega. Kumer \u00fclaosa toetab keele loomulikku asetsust ning imiteerib k\u00f5ige paremini ema nibu, soodustades seel\u00e4bi loomulikku imetamistehnikat. BIBS Colour Anatomical luti \u00fcmmargune \u00fcmbris on disainitud viisil, mis laseb \u00f5huvoolul vabalt liikuda ning on beebi naha vastas \u00f5rn. Valmistatud looduslikust kaut\u0161ukist 100% PVC ja [&hellip;]","og_url":"https:\/\/sulin.ee\/en\/toode\/bibs-colour-anatomical-lutt-2tk-sage-glow-cloud-glow\/","og_site_name":"sulin.ee","article_publisher":"https:\/\/www.facebook.com\/www.sulin.ee\/","article_modified_time":"2025-09-07T21:47:36+00:00","og_image":[{"width":760,"height":760,"url":"https:\/\/sulin.ee\/wp-content\/uploads\/2023\/07\/colour-anatomical-s1-glow-sagecloud-764796.webp","type":"image\/webp"}],"twitter_card":"summary_large_image","twitter_misc":{"Est. reading time":"1 minute"},"schema":{"@context":"https:\/\/schema.org","@graph":[{"@type":"WebPage","@id":"https:\/\/sulin.ee\/en\/toode\/bibs-colour-anatomical-lutt-2tk-sage-glow-cloud-glow\/","url":"https:\/\/sulin.ee\/en\/toode\/bibs-colour-anatomical-lutt-2tk-sage-glow-cloud-glow\/","name":"BIBS Colour Anatomical lutt 2tk - Sage Glow \/ Cloud Glow - sulin.ee","isPartOf":{"@id":"https:\/\/sulin.ee\/en\/#website"},"primaryImageOfPage":{"@id":"https:\/\/sulin.ee\/en\/toode\/bibs-colour-anatomical-lutt-2tk-sage-glow-cloud-glow\/#primaryimage"},"image":{"@id":"https:\/\/sulin.ee\/en\/toode\/bibs-colour-anatomical-lutt-2tk-sage-glow-cloud-glow\/#primaryimage"},"thumbnailUrl":"https:\/\/sulin.ee\/wp-content\/uploads\/2023\/07\/colour-anatomical-s1-glow-sagecloud-764796.webp","datePublished":"2023-07-13T20:28:15+00:00","dateModified":"2025-09-07T21:47:36+00:00","breadcrumb":{"@id":"https:\/\/sulin.ee\/en\/toode\/bibs-colour-anatomical-lutt-2tk-sage-glow-cloud-glow\/#breadcrumb"},"inLanguage":"en-US","potentialAction":[{"@type":"ReadAction","target":["https:\/\/sulin.ee\/en\/toode\/bibs-colour-anatomical-lutt-2tk-sage-glow-cloud-glow\/"]}]},{"@type":"ImageObject","inLanguage":"en-US","@id":"https:\/\/sulin.ee\/en\/toode\/bibs-colour-anatomical-lutt-2tk-sage-glow-cloud-glow\/#primaryimage","url":"https:\/\/sulin.ee\/wp-content\/uploads\/2023\/07\/colour-anatomical-s1-glow-sagecloud-764796.webp","contentUrl":"https:\/\/sulin.ee\/wp-content\/uploads\/2023\/07\/colour-anatomical-s1-glow-sagecloud-764796.webp","width":760,"height":760},{"@type":"BreadcrumbList","@id":"https:\/\/sulin.ee\/en\/toode\/bibs-colour-anatomical-lutt-2tk-sage-glow-cloud-glow\/#breadcrumb","itemListElement":[{"@type":"ListItem","position":1,"name":"Home","item":"https:\/\/sulin.ee\/en\/"},{"@type":"ListItem","position":2,"name":"Sulin.ee e-pood","item":"https:\/\/sulin.ee\/shop\/"},{"@type":"ListItem","position":3,"name":"BIBS Colour Anatomical lutt 2tk &#8211; Sage Glow \/ Cloud Glow"}]},{"@type":"WebSite","@id":"https:\/\/sulin.ee\/en\/#website","url":"https:\/\/sulin.ee\/en\/","name":"sulin.ee","description":"","publisher":{"@id":"https:\/\/sulin.ee\/en\/#organization"},"potentialAction":[{"@type":"SearchAction","target":{"@type":"EntryPoint","urlTemplate":"https:\/\/sulin.ee\/en\/?s={search_term_string}"},"query-input":{"@type":"PropertyValueSpecification","valueRequired":true,"valueName":"search_term_string"}}],"inLanguage":"en-US"},{"@type":"Organization","@id":"https:\/\/sulin.ee\/en\/#organization","name":"SULIN TRADE O\u00dc","url":"https:\/\/sulin.ee\/en\/","logo":{"@type":"ImageObject","inLanguage":"en-US","@id":"https:\/\/sulin.ee\/en\/#\/schema\/logo\/image\/","url":"https:\/\/sulin.ee\/wp-content\/uploads\/2022\/11\/sulin-logo.png","contentUrl":"https:\/\/sulin.ee\/wp-content\/uploads\/2022\/11\/sulin-logo.png","width":871,"height":321,"caption":"SULIN TRADE O\u00dc"},"image":{"@id":"https:\/\/sulin.ee\/en\/#\/schema\/logo\/image\/"},"sameAs":["https:\/\/www.facebook.com\/www.sulin.ee\/","https:\/\/www.instagram.com\/sulintrade\/"]}]}},"builder_content":"","_links":{"self":[{"href":"https:\/\/sulin.ee\/en\/wp-json\/wp\/v2\/product\/12925","targetHints":{"allow":["GET"]}}],"collection":[{"href":"https:\/\/sulin.ee\/en\/wp-json\/wp\/v2\/product"}],"about":[{"href":"https:\/\/sulin.ee\/en\/wp-json\/wp\/v2\/types\/product"}],"replies":[{"embeddable":true,"href":"https:\/\/sulin.ee\/en\/wp-json\/wp\/v2\/comments?post=12925"}],"wp:featuredmedia":[{"embeddable":true,"href":"https:\/\/sulin.ee\/en\/wp-json\/wp\/v2\/media\/12926"}],"wp:attachment":[{"href":"https:\/\/sulin.ee\/en\/wp-json\/wp\/v2\/media?parent=12925"}],"wp:term":[{"taxonomy":"product_brand","embeddable":true,"href":"https:\/\/sulin.ee\/en\/wp-json\/wp\/v2\/product_brand?post=12925"},{"taxonomy":"product_cat","embeddable":true,"href":"https:\/\/sulin.ee\/en\/wp-json\/wp\/v2\/product_cat?post=12925"},{"taxonomy":"product_tag","embeddable":true,"href":"https:\/\/sulin.ee\/en\/wp-json\/wp\/v2\/product_tag?post=12925"}],"curies":[{"name":"wp","href":"https:\/\/api.w.org\/{rel}","templated":true}]}}