{"id":12574,"date":"2023-06-19T11:29:34","date_gmt":"2023-06-19T11:29:34","guid":{"rendered":"https:\/\/sulin.ee\/?post_type=product&#038;p=12574"},"modified":"2025-09-07T21:55:47","modified_gmt":"2025-09-07T21:55:47","slug":"seebimullivedelik-5l","status":"publish","type":"product","link":"https:\/\/sulin.ee\/en\/toode\/seebimullivedelik-5l\/","title":{"rendered":"Seebimullivedelik 5L"},"content":{"rendered":"<p><strong>Seebimullivedelik on ideaalne suurte mullide ja mullitunnelite tegemiseks, kellegi mulli sisse peitmiseks v\u00f5i mullitrikkideks. Sobib kasutamiseks igasuguste mullim\u00e4guasjade nagu p\u00fcstolid, m\u00f5\u00f5gad ja mullimasinad. V\u00f5imaldab teha kuni 2 meetri suuruseid mulle.<\/strong><\/p>\n<p>Vala seebimullivedelik kaussi v\u00f5i \u00e4mbrisse. Kasuta mullide tegemiseks mullir\u00f5ngast ja mulliseiklus v\u00f5ibki alata. Vaata kuidas hiigelmulle teha <a href=\"https:\/\/www.youtube.com\/watch?v=fHDQSmvHGJM\" target=\"_blank\" rel=\"noopener\"><span style=\"color: #0000ff;\">siit.<\/span><\/a><\/p>\n<p>Mullivedelik on meeldiva l\u00f5hnaga ning vastab EN71 m\u00e4nguasjade ohutusstandaritele ning kannab CE m\u00e4rgist. Vedelik ei vaja lahjendamist.<\/p>\n<p><strong>N\u00f5uanded mullide tegemiseks:<\/strong><\/p>\n<ul>\n<li>Mulle on parem teha, siis kui \u00f5huniiskus on k\u00f5rgem nt, peale vihma v\u00f5i udusel, pilvisel p\u00e4eval.<\/li>\n<li>\u00c4ra raputa liigselt vedelikku, nii tekib liigne vaht, mis p\u00e4rsib mullide tekkimist. Liigne vaht eemalda k\u00e4e, paberi v\u00f5i m\u00f5ne muu vahendiga.<\/li>\n<li>Toas mulle tehes pihustage enne \u00f5hku veidi vett, nii suureneb \u00f5huniiskust ja mulle on parem teha.<\/li>\n<\/ul>\n<p><strong>HOIATUS!<\/strong> Kasutada ainult t\u00e4iskasvanu j\u00e4relvalve all. Ei sobi alla 3-aastastele lastele.<\/p>\n<p>Vaata ka teisi Tuban kaubam\u00e4rgi tooteid <span style=\"color: #0000ff;\"><a style=\"color: #0000ff;\" href=\"https:\/\/sulin.ee\/tootekategooria\/brandid\/tuban\/\" target=\"_blank\" rel=\"noopener\">siit<\/a><\/span>.<\/p>\n","protected":false},"excerpt":{"rendered":"<p>Seebimullivedelik on ideaalne suurte mullide ja mullitunnelite tegemiseks, kellegi mulli sisse peitmiseks v\u00f5i mullitrikkideks. Sobib kasutamiseks igasuguste mullim\u00e4guasjade nagu p\u00fcstolid, m\u00f5\u00f5gad ja mullimasinad. V\u00f5imaldab teha kuni 2 meetri suuruseid mulle. Vala seebimullivedelik kaussi v\u00f5i \u00e4mbrisse. Kasuta mullide tegemiseks mullir\u00f5ngast ja mulliseiklus v\u00f5ibki alata. Vaata kuidas hiigelmulle teha siit. Mullivedelik on meeldiva l\u00f5hnaga ning vastab EN71 [&hellip;]<\/p>\n","protected":false},"featured_media":12577,"comment_status":"open","ping_status":"closed","template":"","meta":[],"product_brand":[],"product_cat":[885,892],"product_tag":[],"class_list":{"0":"post-12574","1":"product","2":"type-product","3":"status-publish","4":"has-post-thumbnail","6":"product_cat-ouemanguasjad","7":"product_cat-tuban","8":"has-post-title","9":"has-post-date","10":"has-post-category","11":"has-post-tag","12":"has-post-comment","13":"has-post-author","14":"","16":"first","17":"outofstock","18":"sale","19":"taxable","20":"shipping-taxable","21":"purchasable","22":"product-type-simple"},"yoast_head":"<!-- This site is optimized with the Yoast SEO plugin v26.8 - https:\/\/yoast.com\/product\/yoast-seo-wordpress\/ -->\n<title>Seebimullivedelik 5L - sulin.ee<\/title>\n<meta name=\"description\" content=\"Seebimullivedelik on ideaalne suurte mullide ja mullitunnelite tegemiseks, kellegi mulli sisse peitmiseks v\u00f5i mullitrikkideks.\" \/>\n<meta name=\"robots\" content=\"index, follow, max-snippet:-1, max-image-preview:large, max-video-preview:-1\" \/>\n<link rel=\"canonical\" href=\"https:\/\/sulin.ee\/en\/toode\/seebimullivedelik-5l\/\" \/>\n<meta property=\"og:locale\" content=\"en_US\" \/>\n<meta property=\"og:type\" content=\"article\" \/>\n<meta property=\"og:title\" content=\"Seebimullivedelik 5L - sulin.ee\" \/>\n<meta property=\"og:description\" content=\"Seebimullivedelik on ideaalne suurte mullide ja mullitunnelite tegemiseks, kellegi mulli sisse peitmiseks v\u00f5i mullitrikkideks.\" \/>\n<meta property=\"og:url\" content=\"https:\/\/sulin.ee\/en\/toode\/seebimullivedelik-5l\/\" \/>\n<meta property=\"og:site_name\" content=\"sulin.ee\" \/>\n<meta property=\"article:publisher\" content=\"https:\/\/www.facebook.com\/www.sulin.ee\/\" \/>\n<meta property=\"article:modified_time\" content=\"2025-09-07T21:55:47+00:00\" \/>\n<meta property=\"og:image\" content=\"https:\/\/sulin.ee\/wp-content\/uploads\/2023\/05\/8772-TU3603-soap-bubble-liquid-5-l.jpg\" \/>\n\t<meta property=\"og:image:width\" content=\"600\" \/>\n\t<meta property=\"og:image:height\" content=\"600\" \/>\n\t<meta property=\"og:image:type\" content=\"image\/jpeg\" \/>\n<meta name=\"twitter:card\" content=\"summary_large_image\" \/>\n<meta name=\"twitter:label1\" content=\"Est. reading time\" \/>\n\t<meta name=\"twitter:data1\" content=\"1 minute\" \/>\n<script type=\"application\/ld+json\" class=\"yoast-schema-graph\">{\"@context\":\"https:\/\/schema.org\",\"@graph\":[{\"@type\":\"WebPage\",\"@id\":\"https:\/\/sulin.ee\/en\/toode\/seebimullivedelik-5l\/\",\"url\":\"https:\/\/sulin.ee\/en\/toode\/seebimullivedelik-5l\/\",\"name\":\"Seebimullivedelik 5L - sulin.ee\",\"isPartOf\":{\"@id\":\"https:\/\/sulin.ee\/en\/#website\"},\"primaryImageOfPage\":{\"@id\":\"https:\/\/sulin.ee\/en\/toode\/seebimullivedelik-5l\/#primaryimage\"},\"image\":{\"@id\":\"https:\/\/sulin.ee\/en\/toode\/seebimullivedelik-5l\/#primaryimage\"},\"thumbnailUrl\":\"https:\/\/sulin.ee\/wp-content\/uploads\/2023\/05\/8772-TU3603-soap-bubble-liquid-5-l.jpg\",\"datePublished\":\"2023-06-19T11:29:34+00:00\",\"dateModified\":\"2025-09-07T21:55:47+00:00\",\"description\":\"Seebimullivedelik on ideaalne suurte mullide ja mullitunnelite tegemiseks, kellegi mulli sisse peitmiseks v\u00f5i mullitrikkideks.\",\"breadcrumb\":{\"@id\":\"https:\/\/sulin.ee\/en\/toode\/seebimullivedelik-5l\/#breadcrumb\"},\"inLanguage\":\"en-US\",\"potentialAction\":[{\"@type\":\"ReadAction\",\"target\":[\"https:\/\/sulin.ee\/en\/toode\/seebimullivedelik-5l\/\"]}]},{\"@type\":\"ImageObject\",\"inLanguage\":\"en-US\",\"@id\":\"https:\/\/sulin.ee\/en\/toode\/seebimullivedelik-5l\/#primaryimage\",\"url\":\"https:\/\/sulin.ee\/wp-content\/uploads\/2023\/05\/8772-TU3603-soap-bubble-liquid-5-l.jpg\",\"contentUrl\":\"https:\/\/sulin.ee\/wp-content\/uploads\/2023\/05\/8772-TU3603-soap-bubble-liquid-5-l.jpg\",\"width\":600,\"height\":600,\"caption\":\"Seebimullivedelik\"},{\"@type\":\"BreadcrumbList\",\"@id\":\"https:\/\/sulin.ee\/en\/toode\/seebimullivedelik-5l\/#breadcrumb\",\"itemListElement\":[{\"@type\":\"ListItem\",\"position\":1,\"name\":\"Home\",\"item\":\"https:\/\/sulin.ee\/en\/\"},{\"@type\":\"ListItem\",\"position\":2,\"name\":\"Sulin.ee e-pood\",\"item\":\"https:\/\/sulin.ee\/shop\/\"},{\"@type\":\"ListItem\",\"position\":3,\"name\":\"Seebimullivedelik 5L\"}]},{\"@type\":\"WebSite\",\"@id\":\"https:\/\/sulin.ee\/en\/#website\",\"url\":\"https:\/\/sulin.ee\/en\/\",\"name\":\"sulin.ee\",\"description\":\"\",\"publisher\":{\"@id\":\"https:\/\/sulin.ee\/en\/#organization\"},\"potentialAction\":[{\"@type\":\"SearchAction\",\"target\":{\"@type\":\"EntryPoint\",\"urlTemplate\":\"https:\/\/sulin.ee\/en\/?s={search_term_string}\"},\"query-input\":{\"@type\":\"PropertyValueSpecification\",\"valueRequired\":true,\"valueName\":\"search_term_string\"}}],\"inLanguage\":\"en-US\"},{\"@type\":\"Organization\",\"@id\":\"https:\/\/sulin.ee\/en\/#organization\",\"name\":\"SULIN TRADE O\u00dc\",\"url\":\"https:\/\/sulin.ee\/en\/\",\"logo\":{\"@type\":\"ImageObject\",\"inLanguage\":\"en-US\",\"@id\":\"https:\/\/sulin.ee\/en\/#\/schema\/logo\/image\/\",\"url\":\"https:\/\/sulin.ee\/wp-content\/uploads\/2022\/11\/sulin-logo.png\",\"contentUrl\":\"https:\/\/sulin.ee\/wp-content\/uploads\/2022\/11\/sulin-logo.png\",\"width\":871,\"height\":321,\"caption\":\"SULIN TRADE O\u00dc\"},\"image\":{\"@id\":\"https:\/\/sulin.ee\/en\/#\/schema\/logo\/image\/\"},\"sameAs\":[\"https:\/\/www.facebook.com\/www.sulin.ee\/\",\"https:\/\/www.instagram.com\/sulintrade\/\"]}]}<\/script>\n<!-- \/ Yoast SEO plugin. -->","yoast_head_json":{"title":"Seebimullivedelik 5L - sulin.ee","description":"Seebimullivedelik on ideaalne suurte mullide ja mullitunnelite tegemiseks, kellegi mulli sisse peitmiseks v\u00f5i mullitrikkideks.","robots":{"index":"index","follow":"follow","max-snippet":"max-snippet:-1","max-image-preview":"max-image-preview:large","max-video-preview":"max-video-preview:-1"},"canonical":"https:\/\/sulin.ee\/en\/toode\/seebimullivedelik-5l\/","og_locale":"en_US","og_type":"article","og_title":"Seebimullivedelik 5L - sulin.ee","og_description":"Seebimullivedelik on ideaalne suurte mullide ja mullitunnelite tegemiseks, kellegi mulli sisse peitmiseks v\u00f5i mullitrikkideks.","og_url":"https:\/\/sulin.ee\/en\/toode\/seebimullivedelik-5l\/","og_site_name":"sulin.ee","article_publisher":"https:\/\/www.facebook.com\/www.sulin.ee\/","article_modified_time":"2025-09-07T21:55:47+00:00","og_image":[{"width":600,"height":600,"url":"https:\/\/sulin.ee\/wp-content\/uploads\/2023\/05\/8772-TU3603-soap-bubble-liquid-5-l.jpg","type":"image\/jpeg"}],"twitter_card":"summary_large_image","twitter_misc":{"Est. reading time":"1 minute"},"schema":{"@context":"https:\/\/schema.org","@graph":[{"@type":"WebPage","@id":"https:\/\/sulin.ee\/en\/toode\/seebimullivedelik-5l\/","url":"https:\/\/sulin.ee\/en\/toode\/seebimullivedelik-5l\/","name":"Seebimullivedelik 5L - sulin.ee","isPartOf":{"@id":"https:\/\/sulin.ee\/en\/#website"},"primaryImageOfPage":{"@id":"https:\/\/sulin.ee\/en\/toode\/seebimullivedelik-5l\/#primaryimage"},"image":{"@id":"https:\/\/sulin.ee\/en\/toode\/seebimullivedelik-5l\/#primaryimage"},"thumbnailUrl":"https:\/\/sulin.ee\/wp-content\/uploads\/2023\/05\/8772-TU3603-soap-bubble-liquid-5-l.jpg","datePublished":"2023-06-19T11:29:34+00:00","dateModified":"2025-09-07T21:55:47+00:00","description":"Seebimullivedelik on ideaalne suurte mullide ja mullitunnelite tegemiseks, kellegi mulli sisse peitmiseks v\u00f5i mullitrikkideks.","breadcrumb":{"@id":"https:\/\/sulin.ee\/en\/toode\/seebimullivedelik-5l\/#breadcrumb"},"inLanguage":"en-US","potentialAction":[{"@type":"ReadAction","target":["https:\/\/sulin.ee\/en\/toode\/seebimullivedelik-5l\/"]}]},{"@type":"ImageObject","inLanguage":"en-US","@id":"https:\/\/sulin.ee\/en\/toode\/seebimullivedelik-5l\/#primaryimage","url":"https:\/\/sulin.ee\/wp-content\/uploads\/2023\/05\/8772-TU3603-soap-bubble-liquid-5-l.jpg","contentUrl":"https:\/\/sulin.ee\/wp-content\/uploads\/2023\/05\/8772-TU3603-soap-bubble-liquid-5-l.jpg","width":600,"height":600,"caption":"Seebimullivedelik"},{"@type":"BreadcrumbList","@id":"https:\/\/sulin.ee\/en\/toode\/seebimullivedelik-5l\/#breadcrumb","itemListElement":[{"@type":"ListItem","position":1,"name":"Home","item":"https:\/\/sulin.ee\/en\/"},{"@type":"ListItem","position":2,"name":"Sulin.ee e-pood","item":"https:\/\/sulin.ee\/shop\/"},{"@type":"ListItem","position":3,"name":"Seebimullivedelik 5L"}]},{"@type":"WebSite","@id":"https:\/\/sulin.ee\/en\/#website","url":"https:\/\/sulin.ee\/en\/","name":"sulin.ee","description":"","publisher":{"@id":"https:\/\/sulin.ee\/en\/#organization"},"potentialAction":[{"@type":"SearchAction","target":{"@type":"EntryPoint","urlTemplate":"https:\/\/sulin.ee\/en\/?s={search_term_string}"},"query-input":{"@type":"PropertyValueSpecification","valueRequired":true,"valueName":"search_term_string"}}],"inLanguage":"en-US"},{"@type":"Organization","@id":"https:\/\/sulin.ee\/en\/#organization","name":"SULIN TRADE O\u00dc","url":"https:\/\/sulin.ee\/en\/","logo":{"@type":"ImageObject","inLanguage":"en-US","@id":"https:\/\/sulin.ee\/en\/#\/schema\/logo\/image\/","url":"https:\/\/sulin.ee\/wp-content\/uploads\/2022\/11\/sulin-logo.png","contentUrl":"https:\/\/sulin.ee\/wp-content\/uploads\/2022\/11\/sulin-logo.png","width":871,"height":321,"caption":"SULIN TRADE O\u00dc"},"image":{"@id":"https:\/\/sulin.ee\/en\/#\/schema\/logo\/image\/"},"sameAs":["https:\/\/www.facebook.com\/www.sulin.ee\/","https:\/\/www.instagram.com\/sulintrade\/"]}]}},"builder_content":"","_links":{"self":[{"href":"https:\/\/sulin.ee\/en\/wp-json\/wp\/v2\/product\/12574","targetHints":{"allow":["GET"]}}],"collection":[{"href":"https:\/\/sulin.ee\/en\/wp-json\/wp\/v2\/product"}],"about":[{"href":"https:\/\/sulin.ee\/en\/wp-json\/wp\/v2\/types\/product"}],"replies":[{"embeddable":true,"href":"https:\/\/sulin.ee\/en\/wp-json\/wp\/v2\/comments?post=12574"}],"wp:featuredmedia":[{"embeddable":true,"href":"https:\/\/sulin.ee\/en\/wp-json\/wp\/v2\/media\/12577"}],"wp:attachment":[{"href":"https:\/\/sulin.ee\/en\/wp-json\/wp\/v2\/media?parent=12574"}],"wp:term":[{"taxonomy":"product_brand","embeddable":true,"href":"https:\/\/sulin.ee\/en\/wp-json\/wp\/v2\/product_brand?post=12574"},{"taxonomy":"product_cat","embeddable":true,"href":"https:\/\/sulin.ee\/en\/wp-json\/wp\/v2\/product_cat?post=12574"},{"taxonomy":"product_tag","embeddable":true,"href":"https:\/\/sulin.ee\/en\/wp-json\/wp\/v2\/product_tag?post=12574"}],"curies":[{"name":"wp","href":"https:\/\/api.w.org\/{rel}","templated":true}]}}