{"id":12564,"date":"2023-07-04T12:20:13","date_gmt":"2023-07-04T12:20:13","guid":{"rendered":"https:\/\/sulin.ee\/?post_type=product&#038;p=12564"},"modified":"2024-12-14T13:20:45","modified_gmt":"2024-12-14T13:20:45","slug":"seebimulli-puhumise-mook-mullivedelik-250ml","status":"publish","type":"product","link":"https:\/\/sulin.ee\/en\/toode\/seebimulli-puhumise-mook-mullivedelik-250ml\/","title":{"rendered":"Seebimulli puhumise m\u00f5\u00f5k + mullivedelik 250ml"},"content":{"rendered":"<p><strong>Seebimulli puhumise m\u00f5\u00f5k (pikkus 37 cm) on vahva m\u00e4nguasi suurte mullide tegemiseks. Komplektis kaasas ka meeldiva l\u00f5hnaga seebimullivedelik (250 ml).<\/strong><\/p>\n<p>Kalla mullivedelik kaasas olevasse kontererisse, pista m\u00f5\u00f5k vedelikku ning puhu v\u00f5i liiguta \u00f5rnalt l\u00e4bi \u00f5hu ja mullid hakkavad lendama. 250 ml mullivedelikust piisab, et konteinerit t\u00e4ita kaks korda.<\/p>\n<p>Mullivedelik on meeldiva l\u00f5hnaga ning vastab EN71 m\u00e4nguasjade ohutusstandaritele ning kannab CE m\u00e4rgist. Vedelik ei vaja lahjendamist.<\/p>\n<p><strong>N\u00f5uanded mullide tegemiseks:<\/strong><\/p>\n<ul>\n<li>Mulle on parem teha, siis kui \u00f5huniiskus on k\u00f5rgem nt, peale vihma v\u00f5i udusel, pilvisel p\u00e4eval.<\/li>\n<li>\u00c4ra raputa liigselt vedelikku, nii tekib liigne vaht, mis p\u00e4rsib mullide tekkimist. Liigne vaht eemalda k\u00e4e, paberi v\u00f5i m\u00f5ne muu vahendiga.<\/li>\n<li>Toas mulle tehes pihustage enne \u00f5hku veidi vett, nii suureneb \u00f5huniiskust ja mulle on parem teha.<\/li>\n<\/ul>\n<p><strong>HOIATUS!<\/strong> Kasutada ainult t\u00e4iskasvanu j\u00e4relvalve all. Ei sobi alla 3-aastastele lastele.<\/p>\n<p>Vaata ka teisi <a href=\"https:\/\/tuban.eu\/sklep\/\" target=\"_blank\" rel=\"noopener\">Tuban<\/a> kaubam\u00e4rgi tooteid <span style=\"color: #0000ff;\"><a style=\"color: #0000ff;\" href=\"https:\/\/sulin.ee\/tootekategooria\/brandid\/tuban\/\" target=\"_blank\" rel=\"noopener\">siit<\/a><\/span>.<\/p>\n","protected":false},"excerpt":{"rendered":"<p>Seebimulli puhumise m\u00f5\u00f5k (pikkus 37 cm) on vahva m\u00e4nguasi suurte mullide tegemiseks. Komplektis kaasas ka meeldiva l\u00f5hnaga seebimullivedelik (250 ml). Kalla mullivedelik kaasas olevasse kontererisse, pista m\u00f5\u00f5k vedelikku ning puhu v\u00f5i liiguta \u00f5rnalt l\u00e4bi \u00f5hu ja mullid hakkavad lendama. 250 ml mullivedelikust piisab, et konteinerit t\u00e4ita kaks korda. Mullivedelik on meeldiva l\u00f5hnaga ning vastab EN71 [&hellip;]<\/p>\n","protected":false},"featured_media":12567,"comment_status":"open","ping_status":"closed","template":"","meta":[],"product_brand":[],"product_cat":[885,892],"product_tag":[],"class_list":{"0":"post-12564","1":"product","2":"type-product","3":"status-publish","4":"has-post-thumbnail","6":"product_cat-ouemanguasjad","7":"product_cat-tuban","8":"has-post-title","9":"has-post-date","10":"has-post-category","11":"has-post-tag","12":"has-post-comment","13":"has-post-author","14":"","16":"first","17":"instock","18":"sale","19":"taxable","20":"shipping-taxable","21":"purchasable","22":"product-type-simple"},"yoast_head":"<!-- This site is optimized with the Yoast SEO plugin v26.8 - https:\/\/yoast.com\/product\/yoast-seo-wordpress\/ -->\n<title>Seebimulli puhumise m\u00f5\u00f5k + mullivedelik 250ml - sulin.ee<\/title>\n<meta name=\"description\" content=\"Seebimulli puhumise m\u00f5\u00f5k (pikkus 37 cm) on vahva m\u00e4nguasi suurte mullide tegemiseks. Komplektis kaasas ka meeldiva l\u00f5hnaga seebimullivedelik (250 ml).\" \/>\n<meta name=\"robots\" content=\"index, follow, max-snippet:-1, max-image-preview:large, max-video-preview:-1\" \/>\n<link rel=\"canonical\" href=\"https:\/\/sulin.ee\/en\/toode\/seebimulli-puhumise-mook-mullivedelik-250ml\/\" \/>\n<meta property=\"og:locale\" content=\"en_US\" \/>\n<meta property=\"og:type\" content=\"article\" \/>\n<meta property=\"og:title\" content=\"Seebimulli puhumise m\u00f5\u00f5k + mullivedelik 250ml - sulin.ee\" \/>\n<meta property=\"og:description\" content=\"Seebimulli puhumise m\u00f5\u00f5k (pikkus 37 cm) on vahva m\u00e4nguasi suurte mullide tegemiseks. Komplektis kaasas ka meeldiva l\u00f5hnaga seebimullivedelik (250 ml).\" \/>\n<meta property=\"og:url\" content=\"https:\/\/sulin.ee\/en\/toode\/seebimulli-puhumise-mook-mullivedelik-250ml\/\" \/>\n<meta property=\"og:site_name\" content=\"sulin.ee\" \/>\n<meta property=\"article:publisher\" content=\"https:\/\/www.facebook.com\/www.sulin.ee\/\" \/>\n<meta property=\"article:modified_time\" content=\"2024-12-14T13:20:45+00:00\" \/>\n<meta property=\"og:image\" content=\"https:\/\/sulin.ee\/wp-content\/uploads\/2023\/05\/11668-TU3496-bubble-sword-liquid-250-ml-double-filling-set.jpg\" \/>\n\t<meta property=\"og:image:width\" content=\"800\" \/>\n\t<meta property=\"og:image:height\" content=\"800\" \/>\n\t<meta property=\"og:image:type\" content=\"image\/jpeg\" \/>\n<meta name=\"twitter:card\" content=\"summary_large_image\" \/>\n<meta name=\"twitter:label1\" content=\"Est. reading time\" \/>\n\t<meta name=\"twitter:data1\" content=\"1 minute\" \/>\n<script type=\"application\/ld+json\" class=\"yoast-schema-graph\">{\"@context\":\"https:\/\/schema.org\",\"@graph\":[{\"@type\":\"WebPage\",\"@id\":\"https:\/\/sulin.ee\/en\/toode\/seebimulli-puhumise-mook-mullivedelik-250ml\/\",\"url\":\"https:\/\/sulin.ee\/en\/toode\/seebimulli-puhumise-mook-mullivedelik-250ml\/\",\"name\":\"Seebimulli puhumise m\u00f5\u00f5k + mullivedelik 250ml - sulin.ee\",\"isPartOf\":{\"@id\":\"https:\/\/sulin.ee\/en\/#website\"},\"primaryImageOfPage\":{\"@id\":\"https:\/\/sulin.ee\/en\/toode\/seebimulli-puhumise-mook-mullivedelik-250ml\/#primaryimage\"},\"image\":{\"@id\":\"https:\/\/sulin.ee\/en\/toode\/seebimulli-puhumise-mook-mullivedelik-250ml\/#primaryimage\"},\"thumbnailUrl\":\"https:\/\/sulin.ee\/wp-content\/uploads\/2023\/05\/11668-TU3496-bubble-sword-liquid-250-ml-double-filling-set.jpg\",\"datePublished\":\"2023-07-04T12:20:13+00:00\",\"dateModified\":\"2024-12-14T13:20:45+00:00\",\"description\":\"Seebimulli puhumise m\u00f5\u00f5k (pikkus 37 cm) on vahva m\u00e4nguasi suurte mullide tegemiseks. Komplektis kaasas ka meeldiva l\u00f5hnaga seebimullivedelik (250 ml).\",\"breadcrumb\":{\"@id\":\"https:\/\/sulin.ee\/en\/toode\/seebimulli-puhumise-mook-mullivedelik-250ml\/#breadcrumb\"},\"inLanguage\":\"en-US\",\"potentialAction\":[{\"@type\":\"ReadAction\",\"target\":[\"https:\/\/sulin.ee\/en\/toode\/seebimulli-puhumise-mook-mullivedelik-250ml\/\"]}]},{\"@type\":\"ImageObject\",\"inLanguage\":\"en-US\",\"@id\":\"https:\/\/sulin.ee\/en\/toode\/seebimulli-puhumise-mook-mullivedelik-250ml\/#primaryimage\",\"url\":\"https:\/\/sulin.ee\/wp-content\/uploads\/2023\/05\/11668-TU3496-bubble-sword-liquid-250-ml-double-filling-set.jpg\",\"contentUrl\":\"https:\/\/sulin.ee\/wp-content\/uploads\/2023\/05\/11668-TU3496-bubble-sword-liquid-250-ml-double-filling-set.jpg\",\"width\":800,\"height\":800,\"caption\":\"Seebimulli puhumise m\u00f5\u00f5k\"},{\"@type\":\"BreadcrumbList\",\"@id\":\"https:\/\/sulin.ee\/en\/toode\/seebimulli-puhumise-mook-mullivedelik-250ml\/#breadcrumb\",\"itemListElement\":[{\"@type\":\"ListItem\",\"position\":1,\"name\":\"Home\",\"item\":\"https:\/\/sulin.ee\/en\/\"},{\"@type\":\"ListItem\",\"position\":2,\"name\":\"Sulin.ee e-pood\",\"item\":\"https:\/\/sulin.ee\/shop\/\"},{\"@type\":\"ListItem\",\"position\":3,\"name\":\"Seebimulli puhumise m\u00f5\u00f5k + mullivedelik 250ml\"}]},{\"@type\":\"WebSite\",\"@id\":\"https:\/\/sulin.ee\/en\/#website\",\"url\":\"https:\/\/sulin.ee\/en\/\",\"name\":\"sulin.ee\",\"description\":\"\",\"publisher\":{\"@id\":\"https:\/\/sulin.ee\/en\/#organization\"},\"potentialAction\":[{\"@type\":\"SearchAction\",\"target\":{\"@type\":\"EntryPoint\",\"urlTemplate\":\"https:\/\/sulin.ee\/en\/?s={search_term_string}\"},\"query-input\":{\"@type\":\"PropertyValueSpecification\",\"valueRequired\":true,\"valueName\":\"search_term_string\"}}],\"inLanguage\":\"en-US\"},{\"@type\":\"Organization\",\"@id\":\"https:\/\/sulin.ee\/en\/#organization\",\"name\":\"SULIN TRADE O\u00dc\",\"url\":\"https:\/\/sulin.ee\/en\/\",\"logo\":{\"@type\":\"ImageObject\",\"inLanguage\":\"en-US\",\"@id\":\"https:\/\/sulin.ee\/en\/#\/schema\/logo\/image\/\",\"url\":\"https:\/\/sulin.ee\/wp-content\/uploads\/2022\/11\/sulin-logo.png\",\"contentUrl\":\"https:\/\/sulin.ee\/wp-content\/uploads\/2022\/11\/sulin-logo.png\",\"width\":871,\"height\":321,\"caption\":\"SULIN TRADE O\u00dc\"},\"image\":{\"@id\":\"https:\/\/sulin.ee\/en\/#\/schema\/logo\/image\/\"},\"sameAs\":[\"https:\/\/www.facebook.com\/www.sulin.ee\/\",\"https:\/\/www.instagram.com\/sulintrade\/\"]}]}<\/script>\n<!-- \/ Yoast SEO plugin. -->","yoast_head_json":{"title":"Seebimulli puhumise m\u00f5\u00f5k + mullivedelik 250ml - sulin.ee","description":"Seebimulli puhumise m\u00f5\u00f5k (pikkus 37 cm) on vahva m\u00e4nguasi suurte mullide tegemiseks. Komplektis kaasas ka meeldiva l\u00f5hnaga seebimullivedelik (250 ml).","robots":{"index":"index","follow":"follow","max-snippet":"max-snippet:-1","max-image-preview":"max-image-preview:large","max-video-preview":"max-video-preview:-1"},"canonical":"https:\/\/sulin.ee\/en\/toode\/seebimulli-puhumise-mook-mullivedelik-250ml\/","og_locale":"en_US","og_type":"article","og_title":"Seebimulli puhumise m\u00f5\u00f5k + mullivedelik 250ml - sulin.ee","og_description":"Seebimulli puhumise m\u00f5\u00f5k (pikkus 37 cm) on vahva m\u00e4nguasi suurte mullide tegemiseks. Komplektis kaasas ka meeldiva l\u00f5hnaga seebimullivedelik (250 ml).","og_url":"https:\/\/sulin.ee\/en\/toode\/seebimulli-puhumise-mook-mullivedelik-250ml\/","og_site_name":"sulin.ee","article_publisher":"https:\/\/www.facebook.com\/www.sulin.ee\/","article_modified_time":"2024-12-14T13:20:45+00:00","og_image":[{"width":800,"height":800,"url":"https:\/\/sulin.ee\/wp-content\/uploads\/2023\/05\/11668-TU3496-bubble-sword-liquid-250-ml-double-filling-set.jpg","type":"image\/jpeg"}],"twitter_card":"summary_large_image","twitter_misc":{"Est. reading time":"1 minute"},"schema":{"@context":"https:\/\/schema.org","@graph":[{"@type":"WebPage","@id":"https:\/\/sulin.ee\/en\/toode\/seebimulli-puhumise-mook-mullivedelik-250ml\/","url":"https:\/\/sulin.ee\/en\/toode\/seebimulli-puhumise-mook-mullivedelik-250ml\/","name":"Seebimulli puhumise m\u00f5\u00f5k + mullivedelik 250ml - sulin.ee","isPartOf":{"@id":"https:\/\/sulin.ee\/en\/#website"},"primaryImageOfPage":{"@id":"https:\/\/sulin.ee\/en\/toode\/seebimulli-puhumise-mook-mullivedelik-250ml\/#primaryimage"},"image":{"@id":"https:\/\/sulin.ee\/en\/toode\/seebimulli-puhumise-mook-mullivedelik-250ml\/#primaryimage"},"thumbnailUrl":"https:\/\/sulin.ee\/wp-content\/uploads\/2023\/05\/11668-TU3496-bubble-sword-liquid-250-ml-double-filling-set.jpg","datePublished":"2023-07-04T12:20:13+00:00","dateModified":"2024-12-14T13:20:45+00:00","description":"Seebimulli puhumise m\u00f5\u00f5k (pikkus 37 cm) on vahva m\u00e4nguasi suurte mullide tegemiseks. Komplektis kaasas ka meeldiva l\u00f5hnaga seebimullivedelik (250 ml).","breadcrumb":{"@id":"https:\/\/sulin.ee\/en\/toode\/seebimulli-puhumise-mook-mullivedelik-250ml\/#breadcrumb"},"inLanguage":"en-US","potentialAction":[{"@type":"ReadAction","target":["https:\/\/sulin.ee\/en\/toode\/seebimulli-puhumise-mook-mullivedelik-250ml\/"]}]},{"@type":"ImageObject","inLanguage":"en-US","@id":"https:\/\/sulin.ee\/en\/toode\/seebimulli-puhumise-mook-mullivedelik-250ml\/#primaryimage","url":"https:\/\/sulin.ee\/wp-content\/uploads\/2023\/05\/11668-TU3496-bubble-sword-liquid-250-ml-double-filling-set.jpg","contentUrl":"https:\/\/sulin.ee\/wp-content\/uploads\/2023\/05\/11668-TU3496-bubble-sword-liquid-250-ml-double-filling-set.jpg","width":800,"height":800,"caption":"Seebimulli puhumise m\u00f5\u00f5k"},{"@type":"BreadcrumbList","@id":"https:\/\/sulin.ee\/en\/toode\/seebimulli-puhumise-mook-mullivedelik-250ml\/#breadcrumb","itemListElement":[{"@type":"ListItem","position":1,"name":"Home","item":"https:\/\/sulin.ee\/en\/"},{"@type":"ListItem","position":2,"name":"Sulin.ee e-pood","item":"https:\/\/sulin.ee\/shop\/"},{"@type":"ListItem","position":3,"name":"Seebimulli puhumise m\u00f5\u00f5k + mullivedelik 250ml"}]},{"@type":"WebSite","@id":"https:\/\/sulin.ee\/en\/#website","url":"https:\/\/sulin.ee\/en\/","name":"sulin.ee","description":"","publisher":{"@id":"https:\/\/sulin.ee\/en\/#organization"},"potentialAction":[{"@type":"SearchAction","target":{"@type":"EntryPoint","urlTemplate":"https:\/\/sulin.ee\/en\/?s={search_term_string}"},"query-input":{"@type":"PropertyValueSpecification","valueRequired":true,"valueName":"search_term_string"}}],"inLanguage":"en-US"},{"@type":"Organization","@id":"https:\/\/sulin.ee\/en\/#organization","name":"SULIN TRADE O\u00dc","url":"https:\/\/sulin.ee\/en\/","logo":{"@type":"ImageObject","inLanguage":"en-US","@id":"https:\/\/sulin.ee\/en\/#\/schema\/logo\/image\/","url":"https:\/\/sulin.ee\/wp-content\/uploads\/2022\/11\/sulin-logo.png","contentUrl":"https:\/\/sulin.ee\/wp-content\/uploads\/2022\/11\/sulin-logo.png","width":871,"height":321,"caption":"SULIN TRADE O\u00dc"},"image":{"@id":"https:\/\/sulin.ee\/en\/#\/schema\/logo\/image\/"},"sameAs":["https:\/\/www.facebook.com\/www.sulin.ee\/","https:\/\/www.instagram.com\/sulintrade\/"]}]}},"builder_content":"","_links":{"self":[{"href":"https:\/\/sulin.ee\/en\/wp-json\/wp\/v2\/product\/12564","targetHints":{"allow":["GET"]}}],"collection":[{"href":"https:\/\/sulin.ee\/en\/wp-json\/wp\/v2\/product"}],"about":[{"href":"https:\/\/sulin.ee\/en\/wp-json\/wp\/v2\/types\/product"}],"replies":[{"embeddable":true,"href":"https:\/\/sulin.ee\/en\/wp-json\/wp\/v2\/comments?post=12564"}],"wp:featuredmedia":[{"embeddable":true,"href":"https:\/\/sulin.ee\/en\/wp-json\/wp\/v2\/media\/12567"}],"wp:attachment":[{"href":"https:\/\/sulin.ee\/en\/wp-json\/wp\/v2\/media?parent=12564"}],"wp:term":[{"taxonomy":"product_brand","embeddable":true,"href":"https:\/\/sulin.ee\/en\/wp-json\/wp\/v2\/product_brand?post=12564"},{"taxonomy":"product_cat","embeddable":true,"href":"https:\/\/sulin.ee\/en\/wp-json\/wp\/v2\/product_cat?post=12564"},{"taxonomy":"product_tag","embeddable":true,"href":"https:\/\/sulin.ee\/en\/wp-json\/wp\/v2\/product_tag?post=12564"}],"curies":[{"name":"wp","href":"https:\/\/api.w.org\/{rel}","templated":true}]}}