{"id":12544,"date":"2023-07-04T12:30:53","date_gmt":"2023-07-04T12:30:53","guid":{"rendered":"https:\/\/sulin.ee\/?post_type=product&#038;p=12544"},"modified":"2025-05-16T16:01:05","modified_gmt":"2025-05-16T16:01:05","slug":"mullitaja-60ml","status":"publish","type":"product","link":"https:\/\/sulin.ee\/en\/toode\/mullitaja-60ml\/","title":{"rendered":"Mullitaja 60ml"},"content":{"rendered":"<p><strong>Mullitaja on l\u00f5bus vahend mullide tegemiseks. Pudeli kordi k\u00fcljes on mullir\u00f5ngas ning pudelis 60 ml seebimullivedelikku. Kasta mullir\u00f5ngas vedelikku ning puhu v\u00f5i liiguta \u00f5rnalt l\u00e4bi \u00f5hu ja mullid hakkavad lendama.\u00a0<\/strong><\/p>\n<p>Mullitaja mullivedelik on meeldiva l\u00f5hnaga ning vastab EN71 m\u00e4nguasjade ohutusstandaritele ning kannab CE m\u00e4rgist. Vedelik ei vaja lahjendamist.<\/p>\n<p><strong>N\u00f5uanded mullide tegemiseks:<\/strong><\/p>\n<ul>\n<li>Mulle on parem teha, siis kui \u00f5huniiskus on k\u00f5rgem nt, peale vihma v\u00f5i udusel, pilvisel p\u00e4eval.<\/li>\n<li>\u00c4ra raputa liigselt vedelikku, nii tekib liigne vaht, mis p\u00e4rsib mullide tekkimist. Liigne vaht eemalda k\u00e4e, paberi v\u00f5i m\u00f5ne muu vahendiga.<\/li>\n<li>Toas mulle tehes pihustage enne \u00f5hku veidi vett, nii suureneb \u00f5huniiskust ja mulle on parem teha.<\/li>\n<\/ul>\n<p><strong>HOIATUS!<\/strong> Kasutada ainult t\u00e4iskasvanu j\u00e4relvalve all. Ei sobi alla 3-aastastele lastele.<\/p>\n<p>Vaata ka teisi <a href=\"https:\/\/tuban.eu\/sklep\/\" target=\"_blank\" rel=\"noopener\">Tuban<\/a> kaubam\u00e4rgi tooteid <span style=\"color: #0000ff;\"><a style=\"color: #0000ff;\" href=\"https:\/\/sulin.ee\/tootekategooria\/brandid\/tuban\/\" target=\"_blank\" rel=\"noopener\">siit<\/a><\/span>.<\/p>\n","protected":false},"excerpt":{"rendered":"<p>Mullitaja on l\u00f5bus vahend mullide tegemiseks. Pudeli kordi k\u00fcljes on mullir\u00f5ngas ning pudelis 60 ml seebimullivedelikku. Kasta mullir\u00f5ngas vedelikku ning puhu v\u00f5i liiguta \u00f5rnalt l\u00e4bi \u00f5hu ja mullid hakkavad lendama.\u00a0 Mullitaja mullivedelik on meeldiva l\u00f5hnaga ning vastab EN71 m\u00e4nguasjade ohutusstandaritele ning kannab CE m\u00e4rgist. Vedelik ei vaja lahjendamist. N\u00f5uanded mullide tegemiseks: Mulle on parem teha, [&hellip;]<\/p>\n","protected":false},"featured_media":12547,"comment_status":"open","ping_status":"closed","template":"","meta":[],"product_brand":[],"product_cat":[1002,1023,885,892],"product_tag":[],"class_list":{"0":"post-12544","1":"product","2":"type-product","3":"status-publish","4":"has-post-thumbnail","6":"product_cat-oppemangud","7":"product_cat-motoorika","8":"product_cat-ouemanguasjad","9":"product_cat-tuban","10":"has-post-title","11":"has-post-date","12":"has-post-category","13":"has-post-tag","14":"has-post-comment","15":"has-post-author","16":"","18":"first","19":"instock","20":"sale","21":"taxable","22":"shipping-taxable","23":"purchasable","24":"product-type-simple"},"yoast_head":"<!-- This site is optimized with the Yoast SEO plugin v26.8 - https:\/\/yoast.com\/product\/yoast-seo-wordpress\/ -->\n<title>Mullitaja 60ml - sulin.ee<\/title>\n<meta name=\"description\" content=\"Mullitaja on l\u00f5bus vahend mullide tegemiseks. Pudeli kordi k\u00fcljes on mullir\u00f5ngas ning pudelis 60 ml meeldiva l\u00f5hnaga mullivedelikku.\" \/>\n<meta name=\"robots\" content=\"index, follow, max-snippet:-1, max-image-preview:large, max-video-preview:-1\" \/>\n<link rel=\"canonical\" href=\"https:\/\/sulin.ee\/en\/toode\/mullitaja-60ml\/\" \/>\n<meta property=\"og:locale\" content=\"en_US\" \/>\n<meta property=\"og:type\" content=\"article\" \/>\n<meta property=\"og:title\" content=\"Mullitaja 60ml - sulin.ee\" \/>\n<meta property=\"og:description\" content=\"Mullitaja on l\u00f5bus vahend mullide tegemiseks. Pudeli kordi k\u00fcljes on mullir\u00f5ngas ning pudelis 60 ml meeldiva l\u00f5hnaga mullivedelikku.\" \/>\n<meta property=\"og:url\" content=\"https:\/\/sulin.ee\/en\/toode\/mullitaja-60ml\/\" \/>\n<meta property=\"og:site_name\" content=\"sulin.ee\" \/>\n<meta property=\"article:publisher\" content=\"https:\/\/www.facebook.com\/www.sulin.ee\/\" \/>\n<meta property=\"article:modified_time\" content=\"2025-05-16T16:01:05+00:00\" \/>\n<meta property=\"og:image\" content=\"https:\/\/sulin.ee\/wp-content\/uploads\/2023\/05\/seebimulli-vedelik-60-ml-3ffbd_reference.webp\" \/>\n\t<meta property=\"og:image:width\" content=\"750\" \/>\n\t<meta property=\"og:image:height\" content=\"750\" \/>\n\t<meta property=\"og:image:type\" content=\"image\/webp\" \/>\n<meta name=\"twitter:card\" content=\"summary_large_image\" \/>\n<meta name=\"twitter:label1\" content=\"Est. reading time\" \/>\n\t<meta name=\"twitter:data1\" content=\"1 minute\" \/>\n<script type=\"application\/ld+json\" class=\"yoast-schema-graph\">{\"@context\":\"https:\/\/schema.org\",\"@graph\":[{\"@type\":\"WebPage\",\"@id\":\"https:\/\/sulin.ee\/en\/toode\/mullitaja-60ml\/\",\"url\":\"https:\/\/sulin.ee\/en\/toode\/mullitaja-60ml\/\",\"name\":\"Mullitaja 60ml - sulin.ee\",\"isPartOf\":{\"@id\":\"https:\/\/sulin.ee\/en\/#website\"},\"primaryImageOfPage\":{\"@id\":\"https:\/\/sulin.ee\/en\/toode\/mullitaja-60ml\/#primaryimage\"},\"image\":{\"@id\":\"https:\/\/sulin.ee\/en\/toode\/mullitaja-60ml\/#primaryimage\"},\"thumbnailUrl\":\"https:\/\/sulin.ee\/wp-content\/uploads\/2023\/05\/seebimulli-vedelik-60-ml-3ffbd_reference.webp\",\"datePublished\":\"2023-07-04T12:30:53+00:00\",\"dateModified\":\"2025-05-16T16:01:05+00:00\",\"description\":\"Mullitaja on l\u00f5bus vahend mullide tegemiseks. Pudeli kordi k\u00fcljes on mullir\u00f5ngas ning pudelis 60 ml meeldiva l\u00f5hnaga mullivedelikku.\",\"breadcrumb\":{\"@id\":\"https:\/\/sulin.ee\/en\/toode\/mullitaja-60ml\/#breadcrumb\"},\"inLanguage\":\"en-US\",\"potentialAction\":[{\"@type\":\"ReadAction\",\"target\":[\"https:\/\/sulin.ee\/en\/toode\/mullitaja-60ml\/\"]}]},{\"@type\":\"ImageObject\",\"inLanguage\":\"en-US\",\"@id\":\"https:\/\/sulin.ee\/en\/toode\/mullitaja-60ml\/#primaryimage\",\"url\":\"https:\/\/sulin.ee\/wp-content\/uploads\/2023\/05\/seebimulli-vedelik-60-ml-3ffbd_reference.webp\",\"contentUrl\":\"https:\/\/sulin.ee\/wp-content\/uploads\/2023\/05\/seebimulli-vedelik-60-ml-3ffbd_reference.webp\",\"width\":750,\"height\":750,\"caption\":\"Mullitaja\"},{\"@type\":\"BreadcrumbList\",\"@id\":\"https:\/\/sulin.ee\/en\/toode\/mullitaja-60ml\/#breadcrumb\",\"itemListElement\":[{\"@type\":\"ListItem\",\"position\":1,\"name\":\"Home\",\"item\":\"https:\/\/sulin.ee\/en\/\"},{\"@type\":\"ListItem\",\"position\":2,\"name\":\"Sulin.ee e-pood\",\"item\":\"https:\/\/sulin.ee\/shop\/\"},{\"@type\":\"ListItem\",\"position\":3,\"name\":\"Mullitaja 60ml\"}]},{\"@type\":\"WebSite\",\"@id\":\"https:\/\/sulin.ee\/en\/#website\",\"url\":\"https:\/\/sulin.ee\/en\/\",\"name\":\"sulin.ee\",\"description\":\"\",\"publisher\":{\"@id\":\"https:\/\/sulin.ee\/en\/#organization\"},\"potentialAction\":[{\"@type\":\"SearchAction\",\"target\":{\"@type\":\"EntryPoint\",\"urlTemplate\":\"https:\/\/sulin.ee\/en\/?s={search_term_string}\"},\"query-input\":{\"@type\":\"PropertyValueSpecification\",\"valueRequired\":true,\"valueName\":\"search_term_string\"}}],\"inLanguage\":\"en-US\"},{\"@type\":\"Organization\",\"@id\":\"https:\/\/sulin.ee\/en\/#organization\",\"name\":\"SULIN TRADE O\u00dc\",\"url\":\"https:\/\/sulin.ee\/en\/\",\"logo\":{\"@type\":\"ImageObject\",\"inLanguage\":\"en-US\",\"@id\":\"https:\/\/sulin.ee\/en\/#\/schema\/logo\/image\/\",\"url\":\"https:\/\/sulin.ee\/wp-content\/uploads\/2022\/11\/sulin-logo.png\",\"contentUrl\":\"https:\/\/sulin.ee\/wp-content\/uploads\/2022\/11\/sulin-logo.png\",\"width\":871,\"height\":321,\"caption\":\"SULIN TRADE O\u00dc\"},\"image\":{\"@id\":\"https:\/\/sulin.ee\/en\/#\/schema\/logo\/image\/\"},\"sameAs\":[\"https:\/\/www.facebook.com\/www.sulin.ee\/\",\"https:\/\/www.instagram.com\/sulintrade\/\"]}]}<\/script>\n<!-- \/ Yoast SEO plugin. -->","yoast_head_json":{"title":"Mullitaja 60ml - sulin.ee","description":"Mullitaja on l\u00f5bus vahend mullide tegemiseks. Pudeli kordi k\u00fcljes on mullir\u00f5ngas ning pudelis 60 ml meeldiva l\u00f5hnaga mullivedelikku.","robots":{"index":"index","follow":"follow","max-snippet":"max-snippet:-1","max-image-preview":"max-image-preview:large","max-video-preview":"max-video-preview:-1"},"canonical":"https:\/\/sulin.ee\/en\/toode\/mullitaja-60ml\/","og_locale":"en_US","og_type":"article","og_title":"Mullitaja 60ml - sulin.ee","og_description":"Mullitaja on l\u00f5bus vahend mullide tegemiseks. Pudeli kordi k\u00fcljes on mullir\u00f5ngas ning pudelis 60 ml meeldiva l\u00f5hnaga mullivedelikku.","og_url":"https:\/\/sulin.ee\/en\/toode\/mullitaja-60ml\/","og_site_name":"sulin.ee","article_publisher":"https:\/\/www.facebook.com\/www.sulin.ee\/","article_modified_time":"2025-05-16T16:01:05+00:00","og_image":[{"width":750,"height":750,"url":"https:\/\/sulin.ee\/wp-content\/uploads\/2023\/05\/seebimulli-vedelik-60-ml-3ffbd_reference.webp","type":"image\/webp"}],"twitter_card":"summary_large_image","twitter_misc":{"Est. reading time":"1 minute"},"schema":{"@context":"https:\/\/schema.org","@graph":[{"@type":"WebPage","@id":"https:\/\/sulin.ee\/en\/toode\/mullitaja-60ml\/","url":"https:\/\/sulin.ee\/en\/toode\/mullitaja-60ml\/","name":"Mullitaja 60ml - sulin.ee","isPartOf":{"@id":"https:\/\/sulin.ee\/en\/#website"},"primaryImageOfPage":{"@id":"https:\/\/sulin.ee\/en\/toode\/mullitaja-60ml\/#primaryimage"},"image":{"@id":"https:\/\/sulin.ee\/en\/toode\/mullitaja-60ml\/#primaryimage"},"thumbnailUrl":"https:\/\/sulin.ee\/wp-content\/uploads\/2023\/05\/seebimulli-vedelik-60-ml-3ffbd_reference.webp","datePublished":"2023-07-04T12:30:53+00:00","dateModified":"2025-05-16T16:01:05+00:00","description":"Mullitaja on l\u00f5bus vahend mullide tegemiseks. Pudeli kordi k\u00fcljes on mullir\u00f5ngas ning pudelis 60 ml meeldiva l\u00f5hnaga mullivedelikku.","breadcrumb":{"@id":"https:\/\/sulin.ee\/en\/toode\/mullitaja-60ml\/#breadcrumb"},"inLanguage":"en-US","potentialAction":[{"@type":"ReadAction","target":["https:\/\/sulin.ee\/en\/toode\/mullitaja-60ml\/"]}]},{"@type":"ImageObject","inLanguage":"en-US","@id":"https:\/\/sulin.ee\/en\/toode\/mullitaja-60ml\/#primaryimage","url":"https:\/\/sulin.ee\/wp-content\/uploads\/2023\/05\/seebimulli-vedelik-60-ml-3ffbd_reference.webp","contentUrl":"https:\/\/sulin.ee\/wp-content\/uploads\/2023\/05\/seebimulli-vedelik-60-ml-3ffbd_reference.webp","width":750,"height":750,"caption":"Mullitaja"},{"@type":"BreadcrumbList","@id":"https:\/\/sulin.ee\/en\/toode\/mullitaja-60ml\/#breadcrumb","itemListElement":[{"@type":"ListItem","position":1,"name":"Home","item":"https:\/\/sulin.ee\/en\/"},{"@type":"ListItem","position":2,"name":"Sulin.ee e-pood","item":"https:\/\/sulin.ee\/shop\/"},{"@type":"ListItem","position":3,"name":"Mullitaja 60ml"}]},{"@type":"WebSite","@id":"https:\/\/sulin.ee\/en\/#website","url":"https:\/\/sulin.ee\/en\/","name":"sulin.ee","description":"","publisher":{"@id":"https:\/\/sulin.ee\/en\/#organization"},"potentialAction":[{"@type":"SearchAction","target":{"@type":"EntryPoint","urlTemplate":"https:\/\/sulin.ee\/en\/?s={search_term_string}"},"query-input":{"@type":"PropertyValueSpecification","valueRequired":true,"valueName":"search_term_string"}}],"inLanguage":"en-US"},{"@type":"Organization","@id":"https:\/\/sulin.ee\/en\/#organization","name":"SULIN TRADE O\u00dc","url":"https:\/\/sulin.ee\/en\/","logo":{"@type":"ImageObject","inLanguage":"en-US","@id":"https:\/\/sulin.ee\/en\/#\/schema\/logo\/image\/","url":"https:\/\/sulin.ee\/wp-content\/uploads\/2022\/11\/sulin-logo.png","contentUrl":"https:\/\/sulin.ee\/wp-content\/uploads\/2022\/11\/sulin-logo.png","width":871,"height":321,"caption":"SULIN TRADE O\u00dc"},"image":{"@id":"https:\/\/sulin.ee\/en\/#\/schema\/logo\/image\/"},"sameAs":["https:\/\/www.facebook.com\/www.sulin.ee\/","https:\/\/www.instagram.com\/sulintrade\/"]}]}},"builder_content":"","_links":{"self":[{"href":"https:\/\/sulin.ee\/en\/wp-json\/wp\/v2\/product\/12544","targetHints":{"allow":["GET"]}}],"collection":[{"href":"https:\/\/sulin.ee\/en\/wp-json\/wp\/v2\/product"}],"about":[{"href":"https:\/\/sulin.ee\/en\/wp-json\/wp\/v2\/types\/product"}],"replies":[{"embeddable":true,"href":"https:\/\/sulin.ee\/en\/wp-json\/wp\/v2\/comments?post=12544"}],"wp:featuredmedia":[{"embeddable":true,"href":"https:\/\/sulin.ee\/en\/wp-json\/wp\/v2\/media\/12547"}],"wp:attachment":[{"href":"https:\/\/sulin.ee\/en\/wp-json\/wp\/v2\/media?parent=12544"}],"wp:term":[{"taxonomy":"product_brand","embeddable":true,"href":"https:\/\/sulin.ee\/en\/wp-json\/wp\/v2\/product_brand?post=12544"},{"taxonomy":"product_cat","embeddable":true,"href":"https:\/\/sulin.ee\/en\/wp-json\/wp\/v2\/product_cat?post=12544"},{"taxonomy":"product_tag","embeddable":true,"href":"https:\/\/sulin.ee\/en\/wp-json\/wp\/v2\/product_tag?post=12544"}],"curies":[{"name":"wp","href":"https:\/\/api.w.org\/{rel}","templated":true}]}}