{"id":12502,"date":"2023-09-11T18:00:07","date_gmt":"2023-09-11T18:00:07","guid":{"rendered":"https:\/\/sulin.ee\/?post_type=product&#038;p=12502"},"modified":"2025-12-16T13:32:57","modified_gmt":"2025-12-16T13:32:57","slug":"lima-valmistamise-komplekt-erinevad-lohnad","status":"publish","type":"product","link":"https:\/\/sulin.ee\/en\/toode\/lima-valmistamise-komplekt-erinevad-lohnad\/","title":{"rendered":"Lima valmistamise komplekt &#8211; erinevad l\u00f5hnad"},"content":{"rendered":"<p><strong>Lima valmistamise komplekt sisaldab 100ml l\u00f5hnavat (l\u00f5hna saad valida rippmen\u00fc\u00fcst) PVA liimi, 100 ml aktivaatorit, segamisspaatlit, anumat lima hoidmiseks ja 1,5g litreid.<\/strong><\/p>\n<p>Vahva v\u00f5imalus koos lapsega ise valmistada lima. Segage spaatliga omavahel PVA liim ja litrid, seej\u00e4rel lisage aktivaator ja ime hakkabki s\u00fcndima. Segu hakkab paksenema ning kui see on piisavalt paks, haarake see s\u00f5rmede vahele ja m\u00e4ng v\u00f5ibki alata. Tootega kaasas ka p\u00f5hjalikum juhend kuidas lima kokku segada. Vaata ka vahvat lima tegemise videot <span style=\"color: #0000ff;\"><a style=\"color: #0000ff;\" href=\"https:\/\/www.youtube.com\/watch?v=HvdwzHZcsHk\" target=\"_blank\" rel=\"noopener\">siit.<\/a><\/span><\/p>\n<p>Lima valmistamise komplekt sobib alates 3. eluaastast. Sisaldab v\u00e4ikeseid osi.<\/p>\n<p>Lastele meeldivad ka mullitajad ja <a href=\"https:\/\/sulin.ee\/?post_type=product&amp;p=12486&amp;preview=true\" target=\"_blank\" rel=\"noopener\"><span style=\"color: #0000ff;\">kineetiline liiv<\/span><\/a> ;). Toredat koos m\u00e4ngimist!<\/p>\n","protected":false},"excerpt":{"rendered":"<p>Lima valmistamise komplekt sisaldab 100ml l\u00f5hnavat (l\u00f5hna saad valida rippmen\u00fc\u00fcst) PVA liimi, 100 ml aktivaatorit, segamisspaatlit, anumat lima hoidmiseks ja 1,5g litreid. Vahva v\u00f5imalus koos lapsega ise valmistada lima. Segage spaatliga omavahel PVA liim ja litrid, seej\u00e4rel lisage aktivaator ja ime hakkabki s\u00fcndima. Segu hakkab paksenema ning kui see on piisavalt paks, haarake see s\u00f5rmede [&hellip;]<\/p>\n","protected":false},"featured_media":12514,"comment_status":"open","ping_status":"closed","template":"","meta":[],"product_brand":[],"product_cat":[102,1017,892],"product_tag":[],"class_list":{"0":"post-12502","1":"product","2":"type-product","3":"status-publish","4":"has-post-thumbnail","6":"product_cat-kunstivahendid","7":"product_cat-meisterdamine","8":"product_cat-tuban","9":"has-post-title","10":"has-post-date","11":"has-post-category","12":"has-post-tag","13":"has-post-comment","14":"has-post-author","15":"","17":"first","18":"instock","19":"sale","20":"taxable","21":"shipping-taxable","22":"purchasable","23":"product-type-variable"},"yoast_head":"<!-- This site is optimized with the Yoast SEO plugin v26.8 - https:\/\/yoast.com\/product\/yoast-seo-wordpress\/ -->\n<title>Lima valmistamise komplekt - erinevad l\u00f5hnad - sulin.ee<\/title>\n<meta name=\"description\" content=\"Lima valmistamise komplekt sisaldab 100ml l\u00f5hnavat PVA liimi, 100 ml aktivaatorit, segamisspaatlit, anumat lima hoidmiseks ja 1,5g litreid.\" \/>\n<meta name=\"robots\" content=\"index, follow, max-snippet:-1, max-image-preview:large, max-video-preview:-1\" \/>\n<link rel=\"canonical\" href=\"https:\/\/sulin.ee\/en\/toode\/lima-valmistamise-komplekt-erinevad-lohnad\/\" \/>\n<meta property=\"og:locale\" content=\"en_US\" \/>\n<meta property=\"og:type\" content=\"article\" \/>\n<meta property=\"og:title\" content=\"Lima valmistamise komplekt - erinevad l\u00f5hnad - sulin.ee\" \/>\n<meta property=\"og:description\" content=\"Lima valmistamise komplekt sisaldab 100ml l\u00f5hnavat PVA liimi, 100 ml aktivaatorit, segamisspaatlit, anumat lima hoidmiseks ja 1,5g litreid.\" \/>\n<meta property=\"og:url\" content=\"https:\/\/sulin.ee\/en\/toode\/lima-valmistamise-komplekt-erinevad-lohnad\/\" \/>\n<meta property=\"og:site_name\" content=\"sulin.ee\" \/>\n<meta property=\"article:publisher\" content=\"https:\/\/www.facebook.com\/www.sulin.ee\/\" \/>\n<meta property=\"article:modified_time\" content=\"2025-12-16T13:32:57+00:00\" \/>\n<meta property=\"og:image\" content=\"https:\/\/sulin.ee\/wp-content\/uploads\/2023\/05\/9050-TU3137-tuban-slime-diy-kit-cookie.jpg\" \/>\n\t<meta property=\"og:image:width\" content=\"800\" \/>\n\t<meta property=\"og:image:height\" content=\"800\" \/>\n\t<meta property=\"og:image:type\" content=\"image\/jpeg\" \/>\n<meta name=\"twitter:card\" content=\"summary_large_image\" \/>\n<meta name=\"twitter:label1\" content=\"Est. reading time\" \/>\n\t<meta name=\"twitter:data1\" content=\"1 minute\" \/>\n<script type=\"application\/ld+json\" class=\"yoast-schema-graph\">{\"@context\":\"https:\/\/schema.org\",\"@graph\":[{\"@type\":\"WebPage\",\"@id\":\"https:\/\/sulin.ee\/en\/toode\/lima-valmistamise-komplekt-erinevad-lohnad\/\",\"url\":\"https:\/\/sulin.ee\/en\/toode\/lima-valmistamise-komplekt-erinevad-lohnad\/\",\"name\":\"Lima valmistamise komplekt - erinevad l\u00f5hnad - sulin.ee\",\"isPartOf\":{\"@id\":\"https:\/\/sulin.ee\/en\/#website\"},\"primaryImageOfPage\":{\"@id\":\"https:\/\/sulin.ee\/en\/toode\/lima-valmistamise-komplekt-erinevad-lohnad\/#primaryimage\"},\"image\":{\"@id\":\"https:\/\/sulin.ee\/en\/toode\/lima-valmistamise-komplekt-erinevad-lohnad\/#primaryimage\"},\"thumbnailUrl\":\"https:\/\/sulin.ee\/wp-content\/uploads\/2023\/05\/9050-TU3137-tuban-slime-diy-kit-cookie.jpg\",\"datePublished\":\"2023-09-11T18:00:07+00:00\",\"dateModified\":\"2025-12-16T13:32:57+00:00\",\"description\":\"Lima valmistamise komplekt sisaldab 100ml l\u00f5hnavat PVA liimi, 100 ml aktivaatorit, segamisspaatlit, anumat lima hoidmiseks ja 1,5g litreid.\",\"breadcrumb\":{\"@id\":\"https:\/\/sulin.ee\/en\/toode\/lima-valmistamise-komplekt-erinevad-lohnad\/#breadcrumb\"},\"inLanguage\":\"en-US\",\"potentialAction\":[{\"@type\":\"ReadAction\",\"target\":[\"https:\/\/sulin.ee\/en\/toode\/lima-valmistamise-komplekt-erinevad-lohnad\/\"]}]},{\"@type\":\"ImageObject\",\"inLanguage\":\"en-US\",\"@id\":\"https:\/\/sulin.ee\/en\/toode\/lima-valmistamise-komplekt-erinevad-lohnad\/#primaryimage\",\"url\":\"https:\/\/sulin.ee\/wp-content\/uploads\/2023\/05\/9050-TU3137-tuban-slime-diy-kit-cookie.jpg\",\"contentUrl\":\"https:\/\/sulin.ee\/wp-content\/uploads\/2023\/05\/9050-TU3137-tuban-slime-diy-kit-cookie.jpg\",\"width\":800,\"height\":800,\"caption\":\"Lima valmistamise komplekt\"},{\"@type\":\"BreadcrumbList\",\"@id\":\"https:\/\/sulin.ee\/en\/toode\/lima-valmistamise-komplekt-erinevad-lohnad\/#breadcrumb\",\"itemListElement\":[{\"@type\":\"ListItem\",\"position\":1,\"name\":\"Home\",\"item\":\"https:\/\/sulin.ee\/en\/\"},{\"@type\":\"ListItem\",\"position\":2,\"name\":\"Sulin.ee e-pood\",\"item\":\"https:\/\/sulin.ee\/shop\/\"},{\"@type\":\"ListItem\",\"position\":3,\"name\":\"Lima valmistamise komplekt &#8211; erinevad l\u00f5hnad\"}]},{\"@type\":\"WebSite\",\"@id\":\"https:\/\/sulin.ee\/en\/#website\",\"url\":\"https:\/\/sulin.ee\/en\/\",\"name\":\"sulin.ee\",\"description\":\"\",\"publisher\":{\"@id\":\"https:\/\/sulin.ee\/en\/#organization\"},\"potentialAction\":[{\"@type\":\"SearchAction\",\"target\":{\"@type\":\"EntryPoint\",\"urlTemplate\":\"https:\/\/sulin.ee\/en\/?s={search_term_string}\"},\"query-input\":{\"@type\":\"PropertyValueSpecification\",\"valueRequired\":true,\"valueName\":\"search_term_string\"}}],\"inLanguage\":\"en-US\"},{\"@type\":\"Organization\",\"@id\":\"https:\/\/sulin.ee\/en\/#organization\",\"name\":\"SULIN TRADE O\u00dc\",\"url\":\"https:\/\/sulin.ee\/en\/\",\"logo\":{\"@type\":\"ImageObject\",\"inLanguage\":\"en-US\",\"@id\":\"https:\/\/sulin.ee\/en\/#\/schema\/logo\/image\/\",\"url\":\"https:\/\/sulin.ee\/wp-content\/uploads\/2022\/11\/sulin-logo.png\",\"contentUrl\":\"https:\/\/sulin.ee\/wp-content\/uploads\/2022\/11\/sulin-logo.png\",\"width\":871,\"height\":321,\"caption\":\"SULIN TRADE O\u00dc\"},\"image\":{\"@id\":\"https:\/\/sulin.ee\/en\/#\/schema\/logo\/image\/\"},\"sameAs\":[\"https:\/\/www.facebook.com\/www.sulin.ee\/\",\"https:\/\/www.instagram.com\/sulintrade\/\"]}]}<\/script>\n<!-- \/ Yoast SEO plugin. -->","yoast_head_json":{"title":"Lima valmistamise komplekt - erinevad l\u00f5hnad - sulin.ee","description":"Lima valmistamise komplekt sisaldab 100ml l\u00f5hnavat PVA liimi, 100 ml aktivaatorit, segamisspaatlit, anumat lima hoidmiseks ja 1,5g litreid.","robots":{"index":"index","follow":"follow","max-snippet":"max-snippet:-1","max-image-preview":"max-image-preview:large","max-video-preview":"max-video-preview:-1"},"canonical":"https:\/\/sulin.ee\/en\/toode\/lima-valmistamise-komplekt-erinevad-lohnad\/","og_locale":"en_US","og_type":"article","og_title":"Lima valmistamise komplekt - erinevad l\u00f5hnad - sulin.ee","og_description":"Lima valmistamise komplekt sisaldab 100ml l\u00f5hnavat PVA liimi, 100 ml aktivaatorit, segamisspaatlit, anumat lima hoidmiseks ja 1,5g litreid.","og_url":"https:\/\/sulin.ee\/en\/toode\/lima-valmistamise-komplekt-erinevad-lohnad\/","og_site_name":"sulin.ee","article_publisher":"https:\/\/www.facebook.com\/www.sulin.ee\/","article_modified_time":"2025-12-16T13:32:57+00:00","og_image":[{"width":800,"height":800,"url":"https:\/\/sulin.ee\/wp-content\/uploads\/2023\/05\/9050-TU3137-tuban-slime-diy-kit-cookie.jpg","type":"image\/jpeg"}],"twitter_card":"summary_large_image","twitter_misc":{"Est. reading time":"1 minute"},"schema":{"@context":"https:\/\/schema.org","@graph":[{"@type":"WebPage","@id":"https:\/\/sulin.ee\/en\/toode\/lima-valmistamise-komplekt-erinevad-lohnad\/","url":"https:\/\/sulin.ee\/en\/toode\/lima-valmistamise-komplekt-erinevad-lohnad\/","name":"Lima valmistamise komplekt - erinevad l\u00f5hnad - sulin.ee","isPartOf":{"@id":"https:\/\/sulin.ee\/en\/#website"},"primaryImageOfPage":{"@id":"https:\/\/sulin.ee\/en\/toode\/lima-valmistamise-komplekt-erinevad-lohnad\/#primaryimage"},"image":{"@id":"https:\/\/sulin.ee\/en\/toode\/lima-valmistamise-komplekt-erinevad-lohnad\/#primaryimage"},"thumbnailUrl":"https:\/\/sulin.ee\/wp-content\/uploads\/2023\/05\/9050-TU3137-tuban-slime-diy-kit-cookie.jpg","datePublished":"2023-09-11T18:00:07+00:00","dateModified":"2025-12-16T13:32:57+00:00","description":"Lima valmistamise komplekt sisaldab 100ml l\u00f5hnavat PVA liimi, 100 ml aktivaatorit, segamisspaatlit, anumat lima hoidmiseks ja 1,5g litreid.","breadcrumb":{"@id":"https:\/\/sulin.ee\/en\/toode\/lima-valmistamise-komplekt-erinevad-lohnad\/#breadcrumb"},"inLanguage":"en-US","potentialAction":[{"@type":"ReadAction","target":["https:\/\/sulin.ee\/en\/toode\/lima-valmistamise-komplekt-erinevad-lohnad\/"]}]},{"@type":"ImageObject","inLanguage":"en-US","@id":"https:\/\/sulin.ee\/en\/toode\/lima-valmistamise-komplekt-erinevad-lohnad\/#primaryimage","url":"https:\/\/sulin.ee\/wp-content\/uploads\/2023\/05\/9050-TU3137-tuban-slime-diy-kit-cookie.jpg","contentUrl":"https:\/\/sulin.ee\/wp-content\/uploads\/2023\/05\/9050-TU3137-tuban-slime-diy-kit-cookie.jpg","width":800,"height":800,"caption":"Lima valmistamise komplekt"},{"@type":"BreadcrumbList","@id":"https:\/\/sulin.ee\/en\/toode\/lima-valmistamise-komplekt-erinevad-lohnad\/#breadcrumb","itemListElement":[{"@type":"ListItem","position":1,"name":"Home","item":"https:\/\/sulin.ee\/en\/"},{"@type":"ListItem","position":2,"name":"Sulin.ee e-pood","item":"https:\/\/sulin.ee\/shop\/"},{"@type":"ListItem","position":3,"name":"Lima valmistamise komplekt &#8211; erinevad l\u00f5hnad"}]},{"@type":"WebSite","@id":"https:\/\/sulin.ee\/en\/#website","url":"https:\/\/sulin.ee\/en\/","name":"sulin.ee","description":"","publisher":{"@id":"https:\/\/sulin.ee\/en\/#organization"},"potentialAction":[{"@type":"SearchAction","target":{"@type":"EntryPoint","urlTemplate":"https:\/\/sulin.ee\/en\/?s={search_term_string}"},"query-input":{"@type":"PropertyValueSpecification","valueRequired":true,"valueName":"search_term_string"}}],"inLanguage":"en-US"},{"@type":"Organization","@id":"https:\/\/sulin.ee\/en\/#organization","name":"SULIN TRADE O\u00dc","url":"https:\/\/sulin.ee\/en\/","logo":{"@type":"ImageObject","inLanguage":"en-US","@id":"https:\/\/sulin.ee\/en\/#\/schema\/logo\/image\/","url":"https:\/\/sulin.ee\/wp-content\/uploads\/2022\/11\/sulin-logo.png","contentUrl":"https:\/\/sulin.ee\/wp-content\/uploads\/2022\/11\/sulin-logo.png","width":871,"height":321,"caption":"SULIN TRADE O\u00dc"},"image":{"@id":"https:\/\/sulin.ee\/en\/#\/schema\/logo\/image\/"},"sameAs":["https:\/\/www.facebook.com\/www.sulin.ee\/","https:\/\/www.instagram.com\/sulintrade\/"]}]}},"builder_content":"","_links":{"self":[{"href":"https:\/\/sulin.ee\/en\/wp-json\/wp\/v2\/product\/12502","targetHints":{"allow":["GET"]}}],"collection":[{"href":"https:\/\/sulin.ee\/en\/wp-json\/wp\/v2\/product"}],"about":[{"href":"https:\/\/sulin.ee\/en\/wp-json\/wp\/v2\/types\/product"}],"replies":[{"embeddable":true,"href":"https:\/\/sulin.ee\/en\/wp-json\/wp\/v2\/comments?post=12502"}],"wp:featuredmedia":[{"embeddable":true,"href":"https:\/\/sulin.ee\/en\/wp-json\/wp\/v2\/media\/12514"}],"wp:attachment":[{"href":"https:\/\/sulin.ee\/en\/wp-json\/wp\/v2\/media?parent=12502"}],"wp:term":[{"taxonomy":"product_brand","embeddable":true,"href":"https:\/\/sulin.ee\/en\/wp-json\/wp\/v2\/product_brand?post=12502"},{"taxonomy":"product_cat","embeddable":true,"href":"https:\/\/sulin.ee\/en\/wp-json\/wp\/v2\/product_cat?post=12502"},{"taxonomy":"product_tag","embeddable":true,"href":"https:\/\/sulin.ee\/en\/wp-json\/wp\/v2\/product_tag?post=12502"}],"curies":[{"name":"wp","href":"https:\/\/api.w.org\/{rel}","templated":true}]}}