{"id":12486,"date":"2023-06-06T19:33:15","date_gmt":"2023-06-06T19:33:15","guid":{"rendered":"https:\/\/sulin.ee\/?post_type=product&#038;p=12486"},"modified":"2025-09-07T21:55:50","modified_gmt":"2025-09-07T21:55:50","slug":"kineetiline-liiv-1kg","status":"publish","type":"product","link":"https:\/\/sulin.ee\/en\/toode\/kineetiline-liiv-1kg\/","title":{"rendered":"Kineetiline liiv 1kg"},"content":{"rendered":"<p><strong>Kineetiline liiv on h\u00e4sti vormitav ning sellest on lihtne luua erinevaid struktuure ja kujundeid. Liivaga m\u00e4ngimine arendab lapse peenmotoorikat, rahustab ning aitab kujutlusv\u00f5imel areneda. Kineetiline liiv ei kuiva isegi peale korduvat kasutamist.\u00a0<\/strong><\/p>\n<p>Selleks, et toode s\u00e4ilitaks oma omadused tuleks v\u00e4ltida selle kokkupuudet veega. Kui peaks juhtuma, et liiv puutub kokku vee, mahla v\u00f5i m\u00f5ne muu vedelikuga, siis eemaldage see osa koheselt liivast, vastasel juhul v\u00f5ib kogu toode kasutusk\u00f5lbmatuks muutuda. Vaata toodet tutvustavat videot <span style=\"color: #0000ff;\"><a style=\"color: #0000ff;\" href=\"https:\/\/youtube.com\/shorts\/vyDu_tzimTM?feature=share\" target=\"_blank\" rel=\"noopener\">siit.<\/a><\/span><\/p>\n<p>P\u00e4rast pikaajalist m\u00e4ngimist v\u00f5ib liiv k\u00e4te k\u00fclge kleepuda. Sellisel juhul peske ja kuivatage k\u00e4ed hoolikalt ning j\u00e4tkake m\u00e4ngimist.<\/p>\n<p>Liivaga m\u00e4ngimiseks ja erinevate kujundite loomiseks sobivad <span style=\"color: #0000ff;\"><a style=\"color: #0000ff;\" href=\"https:\/\/sulin.ee\/tootekategooria\/brandid\/mici\/\" target=\"_blank\" rel=\"noopener\">MICI vormid ja taignarullid.<\/a><\/span><\/p>\n<p>Sobib m\u00e4ngimiseks alates 3. eluaastast.<\/p>\n<p><strong>Kogus:<\/strong> 1 kg.<\/p>\n<p>&nbsp;<\/p>\n","protected":false},"excerpt":{"rendered":"<p>Kineetiline liiv on h\u00e4sti vormitav ning sellest on lihtne luua erinevaid struktuure ja kujundeid. Liivaga m\u00e4ngimine arendab lapse peenmotoorikat, rahustab ning aitab kujutlusv\u00f5imel areneda. Kineetiline liiv ei kuiva isegi peale korduvat kasutamist.\u00a0 Selleks, et toode s\u00e4ilitaks oma omadused tuleks v\u00e4ltida selle kokkupuudet veega. Kui peaks juhtuma, et liiv puutub kokku vee, mahla v\u00f5i m\u00f5ne muu [&hellip;]<\/p>\n","protected":false},"featured_media":12531,"comment_status":"open","ping_status":"closed","template":"","meta":[],"product_brand":[],"product_cat":[1162,1164,1165,1166,926,892],"product_tag":[],"class_list":{"0":"post-12486","1":"product","2":"type-product","3":"status-publish","4":"has-post-thumbnail","6":"product_cat-kingituseks","7":"product_cat-1-3-aastat","8":"product_cat-3-5-aastat","9":"product_cat-6-8-aastat","10":"product_cat-voolimismassid","11":"product_cat-tuban","12":"has-post-title","13":"has-post-date","14":"has-post-category","15":"has-post-tag","16":"has-post-comment","17":"has-post-author","18":"","20":"first","21":"instock","22":"sale","23":"taxable","24":"shipping-taxable","25":"purchasable","26":"product-type-variable"},"yoast_head":"<!-- This site is optimized with the Yoast SEO plugin v26.8 - https:\/\/yoast.com\/product\/yoast-seo-wordpress\/ -->\n<title>Kineetiline liiv 1kg - sulin.ee<\/title>\n<meta name=\"description\" content=\"Kineetiline liiv on h\u00e4sti vormitav ning sellest on lihtne luua erinevaid struktuure ja kujundeid. Liivaga m\u00e4ngimine arendab lapse peenmotoorikat.\" \/>\n<meta name=\"robots\" content=\"index, follow, max-snippet:-1, max-image-preview:large, max-video-preview:-1\" \/>\n<link rel=\"canonical\" href=\"https:\/\/sulin.ee\/en\/toode\/kineetiline-liiv-1kg\/\" \/>\n<meta property=\"og:locale\" content=\"en_US\" \/>\n<meta property=\"og:type\" content=\"article\" \/>\n<meta property=\"og:title\" content=\"Kineetiline liiv 1kg - sulin.ee\" \/>\n<meta property=\"og:description\" content=\"Kineetiline liiv on h\u00e4sti vormitav ning sellest on lihtne luua erinevaid struktuure ja kujundeid. Liivaga m\u00e4ngimine arendab lapse peenmotoorikat.\" \/>\n<meta property=\"og:url\" content=\"https:\/\/sulin.ee\/en\/toode\/kineetiline-liiv-1kg\/\" \/>\n<meta property=\"og:site_name\" content=\"sulin.ee\" \/>\n<meta property=\"article:publisher\" content=\"https:\/\/www.facebook.com\/www.sulin.ee\/\" \/>\n<meta property=\"article:modified_time\" content=\"2025-09-07T21:55:50+00:00\" \/>\n<meta property=\"og:image\" content=\"https:\/\/sulin.ee\/wp-content\/uploads\/2023\/05\/1.jpg\" \/>\n\t<meta property=\"og:image:width\" content=\"1080\" \/>\n\t<meta property=\"og:image:height\" content=\"1080\" \/>\n\t<meta property=\"og:image:type\" content=\"image\/jpeg\" \/>\n<meta name=\"twitter:card\" content=\"summary_large_image\" \/>\n<meta name=\"twitter:label1\" content=\"Est. reading time\" \/>\n\t<meta name=\"twitter:data1\" content=\"1 minute\" \/>\n<script type=\"application\/ld+json\" class=\"yoast-schema-graph\">{\"@context\":\"https:\/\/schema.org\",\"@graph\":[{\"@type\":\"WebPage\",\"@id\":\"https:\/\/sulin.ee\/en\/toode\/kineetiline-liiv-1kg\/\",\"url\":\"https:\/\/sulin.ee\/en\/toode\/kineetiline-liiv-1kg\/\",\"name\":\"Kineetiline liiv 1kg - sulin.ee\",\"isPartOf\":{\"@id\":\"https:\/\/sulin.ee\/en\/#website\"},\"primaryImageOfPage\":{\"@id\":\"https:\/\/sulin.ee\/en\/toode\/kineetiline-liiv-1kg\/#primaryimage\"},\"image\":{\"@id\":\"https:\/\/sulin.ee\/en\/toode\/kineetiline-liiv-1kg\/#primaryimage\"},\"thumbnailUrl\":\"https:\/\/sulin.ee\/wp-content\/uploads\/2023\/05\/1.jpg\",\"datePublished\":\"2023-06-06T19:33:15+00:00\",\"dateModified\":\"2025-09-07T21:55:50+00:00\",\"description\":\"Kineetiline liiv on h\u00e4sti vormitav ning sellest on lihtne luua erinevaid struktuure ja kujundeid. Liivaga m\u00e4ngimine arendab lapse peenmotoorikat.\",\"breadcrumb\":{\"@id\":\"https:\/\/sulin.ee\/en\/toode\/kineetiline-liiv-1kg\/#breadcrumb\"},\"inLanguage\":\"en-US\",\"potentialAction\":[{\"@type\":\"ReadAction\",\"target\":[\"https:\/\/sulin.ee\/en\/toode\/kineetiline-liiv-1kg\/\"]}]},{\"@type\":\"ImageObject\",\"inLanguage\":\"en-US\",\"@id\":\"https:\/\/sulin.ee\/en\/toode\/kineetiline-liiv-1kg\/#primaryimage\",\"url\":\"https:\/\/sulin.ee\/wp-content\/uploads\/2023\/05\/1.jpg\",\"contentUrl\":\"https:\/\/sulin.ee\/wp-content\/uploads\/2023\/05\/1.jpg\",\"width\":1080,\"height\":1080,\"caption\":\"Kineetiline liiv\"},{\"@type\":\"BreadcrumbList\",\"@id\":\"https:\/\/sulin.ee\/en\/toode\/kineetiline-liiv-1kg\/#breadcrumb\",\"itemListElement\":[{\"@type\":\"ListItem\",\"position\":1,\"name\":\"Home\",\"item\":\"https:\/\/sulin.ee\/en\/\"},{\"@type\":\"ListItem\",\"position\":2,\"name\":\"Sulin.ee e-pood\",\"item\":\"https:\/\/sulin.ee\/shop\/\"},{\"@type\":\"ListItem\",\"position\":3,\"name\":\"Kineetiline liiv 1kg\"}]},{\"@type\":\"WebSite\",\"@id\":\"https:\/\/sulin.ee\/en\/#website\",\"url\":\"https:\/\/sulin.ee\/en\/\",\"name\":\"sulin.ee\",\"description\":\"\",\"publisher\":{\"@id\":\"https:\/\/sulin.ee\/en\/#organization\"},\"potentialAction\":[{\"@type\":\"SearchAction\",\"target\":{\"@type\":\"EntryPoint\",\"urlTemplate\":\"https:\/\/sulin.ee\/en\/?s={search_term_string}\"},\"query-input\":{\"@type\":\"PropertyValueSpecification\",\"valueRequired\":true,\"valueName\":\"search_term_string\"}}],\"inLanguage\":\"en-US\"},{\"@type\":\"Organization\",\"@id\":\"https:\/\/sulin.ee\/en\/#organization\",\"name\":\"SULIN TRADE O\u00dc\",\"url\":\"https:\/\/sulin.ee\/en\/\",\"logo\":{\"@type\":\"ImageObject\",\"inLanguage\":\"en-US\",\"@id\":\"https:\/\/sulin.ee\/en\/#\/schema\/logo\/image\/\",\"url\":\"https:\/\/sulin.ee\/wp-content\/uploads\/2022\/11\/sulin-logo.png\",\"contentUrl\":\"https:\/\/sulin.ee\/wp-content\/uploads\/2022\/11\/sulin-logo.png\",\"width\":871,\"height\":321,\"caption\":\"SULIN TRADE O\u00dc\"},\"image\":{\"@id\":\"https:\/\/sulin.ee\/en\/#\/schema\/logo\/image\/\"},\"sameAs\":[\"https:\/\/www.facebook.com\/www.sulin.ee\/\",\"https:\/\/www.instagram.com\/sulintrade\/\"]}]}<\/script>\n<!-- \/ Yoast SEO plugin. -->","yoast_head_json":{"title":"Kineetiline liiv 1kg - sulin.ee","description":"Kineetiline liiv on h\u00e4sti vormitav ning sellest on lihtne luua erinevaid struktuure ja kujundeid. Liivaga m\u00e4ngimine arendab lapse peenmotoorikat.","robots":{"index":"index","follow":"follow","max-snippet":"max-snippet:-1","max-image-preview":"max-image-preview:large","max-video-preview":"max-video-preview:-1"},"canonical":"https:\/\/sulin.ee\/en\/toode\/kineetiline-liiv-1kg\/","og_locale":"en_US","og_type":"article","og_title":"Kineetiline liiv 1kg - sulin.ee","og_description":"Kineetiline liiv on h\u00e4sti vormitav ning sellest on lihtne luua erinevaid struktuure ja kujundeid. Liivaga m\u00e4ngimine arendab lapse peenmotoorikat.","og_url":"https:\/\/sulin.ee\/en\/toode\/kineetiline-liiv-1kg\/","og_site_name":"sulin.ee","article_publisher":"https:\/\/www.facebook.com\/www.sulin.ee\/","article_modified_time":"2025-09-07T21:55:50+00:00","og_image":[{"width":1080,"height":1080,"url":"https:\/\/sulin.ee\/wp-content\/uploads\/2023\/05\/1.jpg","type":"image\/jpeg"}],"twitter_card":"summary_large_image","twitter_misc":{"Est. reading time":"1 minute"},"schema":{"@context":"https:\/\/schema.org","@graph":[{"@type":"WebPage","@id":"https:\/\/sulin.ee\/en\/toode\/kineetiline-liiv-1kg\/","url":"https:\/\/sulin.ee\/en\/toode\/kineetiline-liiv-1kg\/","name":"Kineetiline liiv 1kg - sulin.ee","isPartOf":{"@id":"https:\/\/sulin.ee\/en\/#website"},"primaryImageOfPage":{"@id":"https:\/\/sulin.ee\/en\/toode\/kineetiline-liiv-1kg\/#primaryimage"},"image":{"@id":"https:\/\/sulin.ee\/en\/toode\/kineetiline-liiv-1kg\/#primaryimage"},"thumbnailUrl":"https:\/\/sulin.ee\/wp-content\/uploads\/2023\/05\/1.jpg","datePublished":"2023-06-06T19:33:15+00:00","dateModified":"2025-09-07T21:55:50+00:00","description":"Kineetiline liiv on h\u00e4sti vormitav ning sellest on lihtne luua erinevaid struktuure ja kujundeid. Liivaga m\u00e4ngimine arendab lapse peenmotoorikat.","breadcrumb":{"@id":"https:\/\/sulin.ee\/en\/toode\/kineetiline-liiv-1kg\/#breadcrumb"},"inLanguage":"en-US","potentialAction":[{"@type":"ReadAction","target":["https:\/\/sulin.ee\/en\/toode\/kineetiline-liiv-1kg\/"]}]},{"@type":"ImageObject","inLanguage":"en-US","@id":"https:\/\/sulin.ee\/en\/toode\/kineetiline-liiv-1kg\/#primaryimage","url":"https:\/\/sulin.ee\/wp-content\/uploads\/2023\/05\/1.jpg","contentUrl":"https:\/\/sulin.ee\/wp-content\/uploads\/2023\/05\/1.jpg","width":1080,"height":1080,"caption":"Kineetiline liiv"},{"@type":"BreadcrumbList","@id":"https:\/\/sulin.ee\/en\/toode\/kineetiline-liiv-1kg\/#breadcrumb","itemListElement":[{"@type":"ListItem","position":1,"name":"Home","item":"https:\/\/sulin.ee\/en\/"},{"@type":"ListItem","position":2,"name":"Sulin.ee e-pood","item":"https:\/\/sulin.ee\/shop\/"},{"@type":"ListItem","position":3,"name":"Kineetiline liiv 1kg"}]},{"@type":"WebSite","@id":"https:\/\/sulin.ee\/en\/#website","url":"https:\/\/sulin.ee\/en\/","name":"sulin.ee","description":"","publisher":{"@id":"https:\/\/sulin.ee\/en\/#organization"},"potentialAction":[{"@type":"SearchAction","target":{"@type":"EntryPoint","urlTemplate":"https:\/\/sulin.ee\/en\/?s={search_term_string}"},"query-input":{"@type":"PropertyValueSpecification","valueRequired":true,"valueName":"search_term_string"}}],"inLanguage":"en-US"},{"@type":"Organization","@id":"https:\/\/sulin.ee\/en\/#organization","name":"SULIN TRADE O\u00dc","url":"https:\/\/sulin.ee\/en\/","logo":{"@type":"ImageObject","inLanguage":"en-US","@id":"https:\/\/sulin.ee\/en\/#\/schema\/logo\/image\/","url":"https:\/\/sulin.ee\/wp-content\/uploads\/2022\/11\/sulin-logo.png","contentUrl":"https:\/\/sulin.ee\/wp-content\/uploads\/2022\/11\/sulin-logo.png","width":871,"height":321,"caption":"SULIN TRADE O\u00dc"},"image":{"@id":"https:\/\/sulin.ee\/en\/#\/schema\/logo\/image\/"},"sameAs":["https:\/\/www.facebook.com\/www.sulin.ee\/","https:\/\/www.instagram.com\/sulintrade\/"]}]}},"builder_content":"","_links":{"self":[{"href":"https:\/\/sulin.ee\/en\/wp-json\/wp\/v2\/product\/12486","targetHints":{"allow":["GET"]}}],"collection":[{"href":"https:\/\/sulin.ee\/en\/wp-json\/wp\/v2\/product"}],"about":[{"href":"https:\/\/sulin.ee\/en\/wp-json\/wp\/v2\/types\/product"}],"replies":[{"embeddable":true,"href":"https:\/\/sulin.ee\/en\/wp-json\/wp\/v2\/comments?post=12486"}],"wp:featuredmedia":[{"embeddable":true,"href":"https:\/\/sulin.ee\/en\/wp-json\/wp\/v2\/media\/12531"}],"wp:attachment":[{"href":"https:\/\/sulin.ee\/en\/wp-json\/wp\/v2\/media?parent=12486"}],"wp:term":[{"taxonomy":"product_brand","embeddable":true,"href":"https:\/\/sulin.ee\/en\/wp-json\/wp\/v2\/product_brand?post=12486"},{"taxonomy":"product_cat","embeddable":true,"href":"https:\/\/sulin.ee\/en\/wp-json\/wp\/v2\/product_cat?post=12486"},{"taxonomy":"product_tag","embeddable":true,"href":"https:\/\/sulin.ee\/en\/wp-json\/wp\/v2\/product_tag?post=12486"}],"curies":[{"name":"wp","href":"https:\/\/api.w.org\/{rel}","templated":true}]}}