{"id":12409,"date":"2023-05-16T11:52:23","date_gmt":"2023-05-16T11:52:23","guid":{"rendered":"https:\/\/sulin.ee\/?post_type=product&#038;p=12409"},"modified":"2024-12-14T22:42:56","modified_gmt":"2024-12-14T22:42:56","slug":"quut-veeamber-soelaga-bucki","status":"publish","type":"product","link":"https:\/\/sulin.ee\/en\/toode\/quut-veeamber-soelaga-bucki\/","title":{"rendered":"Quut vee\u00e4mber s\u00f5elaga &#8220;Bucki&#8221;"},"content":{"rendered":"<p><strong><a href=\"https:\/\/quuttoys.com\/product\/bucki-2\/\" target=\"_blank\" rel=\"noopener\">Quut<\/a> vee\u00e4mber s\u00f5elaga &#8220;Bucki&#8221; on justkui loodus v\u00e4ikeste k\u00e4te jaoks. Kasutage \u00e4mbrit ja s\u00f5ela merekarpide ja muude v\u00e4ikeste aarete kogumiseks, pesemiseks ja kaasas kandmiseks. Kas teile meeldib liivalosse ehitada? Sellisel juhul on &#8220;Bucki&#8221; ideaalne abivahend, kuna sellel on just \u00f5ige kuju ja kinni kl\u00f5psatav k\u00e4epide. Neile kes armastavad lehti, lilli, oksi ja muud koguda on &#8220;Bucki&#8221; ideaalne kaalane!<\/strong><\/p>\n<ul>\n<li>M\u00f5\u00f5dud: 14 x 17,6 x 18,7 cm.<\/li>\n<li>Ergonoomiline ja kergesti haaratav kl\u00f5psuga k\u00e4epide.<\/li>\n<li>Ergutab kujutlusv\u00f5imet, loovust ja \u00f5ues m\u00e4ngimist.<\/li>\n<li>Sobib kasutamiseks rannas, vannis v\u00f5i aias.<\/li>\n<li>Mugav kasutada.<\/li>\n<li>Lihtne puhastada.<\/li>\n<li>Valmistatud ohutust ja vastupidavast taaskasutatavast plastist, mis on BPA, lateksi- ja ftalaadivaba.<\/li>\n<\/ul>\n<p>Vaata ka teisi vahvaid Quut m\u00e4nguasju<a href=\"https:\/\/sulin.ee\/tootekategooria\/brandid\/quut\/\" target=\"_blank\" rel=\"noopener\"> <span style=\"color: #0000ff;\">siit.<\/span><\/a><\/p>\n","protected":false},"excerpt":{"rendered":"<p>Quut vee\u00e4mber s\u00f5elaga &#8220;Bucki&#8221; on justkui loodus v\u00e4ikeste k\u00e4te jaoks. Kasutage \u00e4mbrit ja s\u00f5ela merekarpide ja muude v\u00e4ikeste aarete kogumiseks, pesemiseks ja kaasas kandmiseks. Kas teile meeldib liivalosse ehitada? Sellisel juhul on &#8220;Bucki&#8221; ideaalne abivahend, kuna sellel on just \u00f5ige kuju ja kinni kl\u00f5psatav k\u00e4epide. Neile kes armastavad lehti, lilli, oksi ja muud koguda on [&hellip;]<\/p>\n","protected":false},"featured_media":12414,"comment_status":"open","ping_status":"closed","template":"","meta":[],"product_brand":[],"product_cat":[1013,885,882],"product_tag":[],"class_list":{"0":"post-12409","1":"product","2":"type-product","3":"status-publish","4":"has-post-thumbnail","6":"product_cat-aednik","7":"product_cat-ouemanguasjad","8":"product_cat-quut","9":"has-post-title","10":"has-post-date","11":"has-post-category","12":"has-post-tag","13":"has-post-comment","14":"has-post-author","15":"","17":"first","18":"instock","19":"sale","20":"taxable","21":"shipping-taxable","22":"purchasable","23":"product-type-variable"},"yoast_head":"<!-- This site is optimized with the Yoast SEO plugin v26.8 - https:\/\/yoast.com\/product\/yoast-seo-wordpress\/ -->\n<title>Quut vee\u00e4mber s\u00f5elaga &quot;Bucki&quot; - sulin.ee<\/title>\n<meta name=\"description\" content=\"Quut vee\u00e4mber s\u00f5elaga &quot;Bucki&quot; on justkui loodus v\u00e4ikeste k\u00e4te jaoks. Kasutage \u00e4mbrit ja s\u00f5ela merekarpide ja muude v\u00e4ikeste aarete kogumiseks.\" \/>\n<meta name=\"robots\" content=\"index, follow, max-snippet:-1, max-image-preview:large, max-video-preview:-1\" \/>\n<link rel=\"canonical\" href=\"https:\/\/sulin.ee\/en\/toode\/quut-veeamber-soelaga-bucki\/\" \/>\n<meta property=\"og:locale\" content=\"en_US\" \/>\n<meta property=\"og:type\" content=\"article\" \/>\n<meta property=\"og:title\" content=\"Quut vee\u00e4mber s\u00f5elaga &quot;Bucki&quot; - sulin.ee\" \/>\n<meta property=\"og:description\" content=\"Quut vee\u00e4mber s\u00f5elaga &quot;Bucki&quot; on justkui loodus v\u00e4ikeste k\u00e4te jaoks. Kasutage \u00e4mbrit ja s\u00f5ela merekarpide ja muude v\u00e4ikeste aarete kogumiseks.\" \/>\n<meta property=\"og:url\" content=\"https:\/\/sulin.ee\/en\/toode\/quut-veeamber-soelaga-bucki\/\" \/>\n<meta property=\"og:site_name\" content=\"sulin.ee\" \/>\n<meta property=\"article:publisher\" content=\"https:\/\/www.facebook.com\/www.sulin.ee\/\" \/>\n<meta property=\"article:modified_time\" content=\"2024-12-14T22:42:56+00:00\" \/>\n<meta property=\"og:image\" content=\"https:\/\/sulin.ee\/wp-content\/uploads\/2023\/05\/173021-Bucki-Garden-Green-2-1.webp\" \/>\n\t<meta property=\"og:image:width\" content=\"994\" \/>\n\t<meta property=\"og:image:height\" content=\"993\" \/>\n\t<meta property=\"og:image:type\" content=\"image\/webp\" \/>\n<meta name=\"twitter:card\" content=\"summary_large_image\" \/>\n<meta name=\"twitter:label1\" content=\"Est. reading time\" \/>\n\t<meta name=\"twitter:data1\" content=\"1 minute\" \/>\n<script type=\"application\/ld+json\" class=\"yoast-schema-graph\">{\"@context\":\"https:\/\/schema.org\",\"@graph\":[{\"@type\":\"WebPage\",\"@id\":\"https:\/\/sulin.ee\/en\/toode\/quut-veeamber-soelaga-bucki\/\",\"url\":\"https:\/\/sulin.ee\/en\/toode\/quut-veeamber-soelaga-bucki\/\",\"name\":\"Quut vee\u00e4mber s\u00f5elaga \\\"Bucki\\\" - sulin.ee\",\"isPartOf\":{\"@id\":\"https:\/\/sulin.ee\/en\/#website\"},\"primaryImageOfPage\":{\"@id\":\"https:\/\/sulin.ee\/en\/toode\/quut-veeamber-soelaga-bucki\/#primaryimage\"},\"image\":{\"@id\":\"https:\/\/sulin.ee\/en\/toode\/quut-veeamber-soelaga-bucki\/#primaryimage\"},\"thumbnailUrl\":\"https:\/\/sulin.ee\/wp-content\/uploads\/2023\/05\/173021-Bucki-Garden-Green-2-1.webp\",\"datePublished\":\"2023-05-16T11:52:23+00:00\",\"dateModified\":\"2024-12-14T22:42:56+00:00\",\"description\":\"Quut vee\u00e4mber s\u00f5elaga \\\"Bucki\\\" on justkui loodus v\u00e4ikeste k\u00e4te jaoks. Kasutage \u00e4mbrit ja s\u00f5ela merekarpide ja muude v\u00e4ikeste aarete kogumiseks.\",\"breadcrumb\":{\"@id\":\"https:\/\/sulin.ee\/en\/toode\/quut-veeamber-soelaga-bucki\/#breadcrumb\"},\"inLanguage\":\"en-US\",\"potentialAction\":[{\"@type\":\"ReadAction\",\"target\":[\"https:\/\/sulin.ee\/en\/toode\/quut-veeamber-soelaga-bucki\/\"]}]},{\"@type\":\"ImageObject\",\"inLanguage\":\"en-US\",\"@id\":\"https:\/\/sulin.ee\/en\/toode\/quut-veeamber-soelaga-bucki\/#primaryimage\",\"url\":\"https:\/\/sulin.ee\/wp-content\/uploads\/2023\/05\/173021-Bucki-Garden-Green-2-1.webp\",\"contentUrl\":\"https:\/\/sulin.ee\/wp-content\/uploads\/2023\/05\/173021-Bucki-Garden-Green-2-1.webp\",\"width\":994,\"height\":993,\"caption\":\"Quut vee\u00e4mber s\u00f5elaga\"},{\"@type\":\"BreadcrumbList\",\"@id\":\"https:\/\/sulin.ee\/en\/toode\/quut-veeamber-soelaga-bucki\/#breadcrumb\",\"itemListElement\":[{\"@type\":\"ListItem\",\"position\":1,\"name\":\"Home\",\"item\":\"https:\/\/sulin.ee\/en\/\"},{\"@type\":\"ListItem\",\"position\":2,\"name\":\"Sulin.ee e-pood\",\"item\":\"https:\/\/sulin.ee\/shop\/\"},{\"@type\":\"ListItem\",\"position\":3,\"name\":\"Quut vee\u00e4mber s\u00f5elaga &#8220;Bucki&#8221;\"}]},{\"@type\":\"WebSite\",\"@id\":\"https:\/\/sulin.ee\/en\/#website\",\"url\":\"https:\/\/sulin.ee\/en\/\",\"name\":\"sulin.ee\",\"description\":\"\",\"publisher\":{\"@id\":\"https:\/\/sulin.ee\/en\/#organization\"},\"potentialAction\":[{\"@type\":\"SearchAction\",\"target\":{\"@type\":\"EntryPoint\",\"urlTemplate\":\"https:\/\/sulin.ee\/en\/?s={search_term_string}\"},\"query-input\":{\"@type\":\"PropertyValueSpecification\",\"valueRequired\":true,\"valueName\":\"search_term_string\"}}],\"inLanguage\":\"en-US\"},{\"@type\":\"Organization\",\"@id\":\"https:\/\/sulin.ee\/en\/#organization\",\"name\":\"SULIN TRADE O\u00dc\",\"url\":\"https:\/\/sulin.ee\/en\/\",\"logo\":{\"@type\":\"ImageObject\",\"inLanguage\":\"en-US\",\"@id\":\"https:\/\/sulin.ee\/en\/#\/schema\/logo\/image\/\",\"url\":\"https:\/\/sulin.ee\/wp-content\/uploads\/2022\/11\/sulin-logo.png\",\"contentUrl\":\"https:\/\/sulin.ee\/wp-content\/uploads\/2022\/11\/sulin-logo.png\",\"width\":871,\"height\":321,\"caption\":\"SULIN TRADE O\u00dc\"},\"image\":{\"@id\":\"https:\/\/sulin.ee\/en\/#\/schema\/logo\/image\/\"},\"sameAs\":[\"https:\/\/www.facebook.com\/www.sulin.ee\/\",\"https:\/\/www.instagram.com\/sulintrade\/\"]}]}<\/script>\n<!-- \/ Yoast SEO plugin. -->","yoast_head_json":{"title":"Quut vee\u00e4mber s\u00f5elaga \"Bucki\" - sulin.ee","description":"Quut vee\u00e4mber s\u00f5elaga \"Bucki\" on justkui loodus v\u00e4ikeste k\u00e4te jaoks. Kasutage \u00e4mbrit ja s\u00f5ela merekarpide ja muude v\u00e4ikeste aarete kogumiseks.","robots":{"index":"index","follow":"follow","max-snippet":"max-snippet:-1","max-image-preview":"max-image-preview:large","max-video-preview":"max-video-preview:-1"},"canonical":"https:\/\/sulin.ee\/en\/toode\/quut-veeamber-soelaga-bucki\/","og_locale":"en_US","og_type":"article","og_title":"Quut vee\u00e4mber s\u00f5elaga \"Bucki\" - sulin.ee","og_description":"Quut vee\u00e4mber s\u00f5elaga \"Bucki\" on justkui loodus v\u00e4ikeste k\u00e4te jaoks. Kasutage \u00e4mbrit ja s\u00f5ela merekarpide ja muude v\u00e4ikeste aarete kogumiseks.","og_url":"https:\/\/sulin.ee\/en\/toode\/quut-veeamber-soelaga-bucki\/","og_site_name":"sulin.ee","article_publisher":"https:\/\/www.facebook.com\/www.sulin.ee\/","article_modified_time":"2024-12-14T22:42:56+00:00","og_image":[{"width":994,"height":993,"url":"https:\/\/sulin.ee\/wp-content\/uploads\/2023\/05\/173021-Bucki-Garden-Green-2-1.webp","type":"image\/webp"}],"twitter_card":"summary_large_image","twitter_misc":{"Est. reading time":"1 minute"},"schema":{"@context":"https:\/\/schema.org","@graph":[{"@type":"WebPage","@id":"https:\/\/sulin.ee\/en\/toode\/quut-veeamber-soelaga-bucki\/","url":"https:\/\/sulin.ee\/en\/toode\/quut-veeamber-soelaga-bucki\/","name":"Quut vee\u00e4mber s\u00f5elaga \"Bucki\" - sulin.ee","isPartOf":{"@id":"https:\/\/sulin.ee\/en\/#website"},"primaryImageOfPage":{"@id":"https:\/\/sulin.ee\/en\/toode\/quut-veeamber-soelaga-bucki\/#primaryimage"},"image":{"@id":"https:\/\/sulin.ee\/en\/toode\/quut-veeamber-soelaga-bucki\/#primaryimage"},"thumbnailUrl":"https:\/\/sulin.ee\/wp-content\/uploads\/2023\/05\/173021-Bucki-Garden-Green-2-1.webp","datePublished":"2023-05-16T11:52:23+00:00","dateModified":"2024-12-14T22:42:56+00:00","description":"Quut vee\u00e4mber s\u00f5elaga \"Bucki\" on justkui loodus v\u00e4ikeste k\u00e4te jaoks. Kasutage \u00e4mbrit ja s\u00f5ela merekarpide ja muude v\u00e4ikeste aarete kogumiseks.","breadcrumb":{"@id":"https:\/\/sulin.ee\/en\/toode\/quut-veeamber-soelaga-bucki\/#breadcrumb"},"inLanguage":"en-US","potentialAction":[{"@type":"ReadAction","target":["https:\/\/sulin.ee\/en\/toode\/quut-veeamber-soelaga-bucki\/"]}]},{"@type":"ImageObject","inLanguage":"en-US","@id":"https:\/\/sulin.ee\/en\/toode\/quut-veeamber-soelaga-bucki\/#primaryimage","url":"https:\/\/sulin.ee\/wp-content\/uploads\/2023\/05\/173021-Bucki-Garden-Green-2-1.webp","contentUrl":"https:\/\/sulin.ee\/wp-content\/uploads\/2023\/05\/173021-Bucki-Garden-Green-2-1.webp","width":994,"height":993,"caption":"Quut vee\u00e4mber s\u00f5elaga"},{"@type":"BreadcrumbList","@id":"https:\/\/sulin.ee\/en\/toode\/quut-veeamber-soelaga-bucki\/#breadcrumb","itemListElement":[{"@type":"ListItem","position":1,"name":"Home","item":"https:\/\/sulin.ee\/en\/"},{"@type":"ListItem","position":2,"name":"Sulin.ee e-pood","item":"https:\/\/sulin.ee\/shop\/"},{"@type":"ListItem","position":3,"name":"Quut vee\u00e4mber s\u00f5elaga &#8220;Bucki&#8221;"}]},{"@type":"WebSite","@id":"https:\/\/sulin.ee\/en\/#website","url":"https:\/\/sulin.ee\/en\/","name":"sulin.ee","description":"","publisher":{"@id":"https:\/\/sulin.ee\/en\/#organization"},"potentialAction":[{"@type":"SearchAction","target":{"@type":"EntryPoint","urlTemplate":"https:\/\/sulin.ee\/en\/?s={search_term_string}"},"query-input":{"@type":"PropertyValueSpecification","valueRequired":true,"valueName":"search_term_string"}}],"inLanguage":"en-US"},{"@type":"Organization","@id":"https:\/\/sulin.ee\/en\/#organization","name":"SULIN TRADE O\u00dc","url":"https:\/\/sulin.ee\/en\/","logo":{"@type":"ImageObject","inLanguage":"en-US","@id":"https:\/\/sulin.ee\/en\/#\/schema\/logo\/image\/","url":"https:\/\/sulin.ee\/wp-content\/uploads\/2022\/11\/sulin-logo.png","contentUrl":"https:\/\/sulin.ee\/wp-content\/uploads\/2022\/11\/sulin-logo.png","width":871,"height":321,"caption":"SULIN TRADE O\u00dc"},"image":{"@id":"https:\/\/sulin.ee\/en\/#\/schema\/logo\/image\/"},"sameAs":["https:\/\/www.facebook.com\/www.sulin.ee\/","https:\/\/www.instagram.com\/sulintrade\/"]}]}},"builder_content":"","_links":{"self":[{"href":"https:\/\/sulin.ee\/en\/wp-json\/wp\/v2\/product\/12409","targetHints":{"allow":["GET"]}}],"collection":[{"href":"https:\/\/sulin.ee\/en\/wp-json\/wp\/v2\/product"}],"about":[{"href":"https:\/\/sulin.ee\/en\/wp-json\/wp\/v2\/types\/product"}],"replies":[{"embeddable":true,"href":"https:\/\/sulin.ee\/en\/wp-json\/wp\/v2\/comments?post=12409"}],"wp:featuredmedia":[{"embeddable":true,"href":"https:\/\/sulin.ee\/en\/wp-json\/wp\/v2\/media\/12414"}],"wp:attachment":[{"href":"https:\/\/sulin.ee\/en\/wp-json\/wp\/v2\/media?parent=12409"}],"wp:term":[{"taxonomy":"product_brand","embeddable":true,"href":"https:\/\/sulin.ee\/en\/wp-json\/wp\/v2\/product_brand?post=12409"},{"taxonomy":"product_cat","embeddable":true,"href":"https:\/\/sulin.ee\/en\/wp-json\/wp\/v2\/product_cat?post=12409"},{"taxonomy":"product_tag","embeddable":true,"href":"https:\/\/sulin.ee\/en\/wp-json\/wp\/v2\/product_tag?post=12409"}],"curies":[{"name":"wp","href":"https:\/\/api.w.org\/{rel}","templated":true}]}}