{"id":12395,"date":"2023-05-16T10:27:04","date_gmt":"2023-05-16T10:27:04","guid":{"rendered":"https:\/\/sulin.ee\/?post_type=product&#038;p=12395"},"modified":"2025-09-27T08:42:06","modified_gmt":"2025-09-27T08:42:06","slug":"quut-mangukomplekt-cuppi","status":"publish","type":"product","link":"https:\/\/sulin.ee\/en\/toode\/quut-mangukomplekt-cuppi\/","title":{"rendered":"Quut 3in1 m\u00e4ngukomplekt &#8220;Cuppi&#8221;"},"content":{"rendered":"<p><strong>Quut 3in1 m\u00e4ngukomplekt koosneb pallist, k\u00fchvlist ja labidast. Cuppi inspireerib loovust ning paneb lapsed kujundama, m\u00e4ngima ja l\u00f5butsema. Kasutage labidat, et liiva k\u00fchveldada v\u00f5i pallile liiva sisse rada teha. K\u00fchvli otsas oleva s\u00f5ela abil saate liivale teha mustreid ja kujundeid. Kompaktne ja kerge m\u00e4nguasi, mida on mugav reisile kaasa v\u00f5tta.<\/strong><\/p>\n<ul>\n<li>M\u00f5\u00f5dud: 6,9 x 9,1 x 15,6 cm.<\/li>\n<li>Quut 3in1 m\u00e4ngukomplekt on ideaalne m\u00e4nguasi reisile kaasa v\u00f5tmiseks: kompaktne, kerge ja mitmek\u00fclgne.<\/li>\n<li>Ergonoomilne vorm, mis on mugav isegi pisikeste k\u00e4te jaoks.<\/li>\n<li>M\u00e4nguasi, mis stimuleerib loovust.<\/li>\n<li>Ideaalne aeda, randa, liivakasti.<\/li>\n<li>Valmistatud ohutust ja vastupidavast taaskasutatavast plastist, mis on BPA, lateksi- ja ftalaadivaba.<\/li>\n<li>Vaata toodet tutvustavat videot <a href=\"https:\/\/www.youtube.com\/watch?v=Z7GcfxDXG5U\" target=\"_blank\" rel=\"noopener\"><span style=\"color: #0000ff;\">siit.<\/span><\/a><\/li>\n<\/ul>\n<p>Muuda liivas m\u00e4ngimine veelgi l\u00f5busamaks ning vaata ka teisi Quut tooteid<a href=\"https:\/\/sulin.ee\/tootekategooria\/brandid\/quut\/\" target=\"_blank\" rel=\"noopener\"><span style=\"color: #0000ff;\"> siit.<\/span><\/a><\/p>\n","protected":false},"excerpt":{"rendered":"<p>Quut 3in1 m\u00e4ngukomplekt koosneb pallist, k\u00fchvlist ja labidast. Cuppi inspireerib loovust ning paneb lapsed kujundama, m\u00e4ngima ja l\u00f5butsema. Kasutage labidat, et liiva k\u00fchveldada v\u00f5i pallile liiva sisse rada teha. K\u00fchvli otsas oleva s\u00f5ela abil saate liivale teha mustreid ja kujundeid. Kompaktne ja kerge m\u00e4nguasi, mida on mugav reisile kaasa v\u00f5tta. M\u00f5\u00f5dud: 6,9 x 9,1 x [&hellip;]<\/p>\n","protected":false},"featured_media":12387,"comment_status":"open","ping_status":"closed","template":"","meta":[],"product_brand":[],"product_cat":[1013,885,882],"product_tag":[],"class_list":{"0":"post-12395","1":"product","2":"type-product","3":"status-publish","4":"has-post-thumbnail","6":"product_cat-aednik","7":"product_cat-ouemanguasjad","8":"product_cat-quut","9":"has-post-title","10":"has-post-date","11":"has-post-category","12":"has-post-tag","13":"has-post-comment","14":"has-post-author","15":"","17":"first","18":"instock","19":"sale","20":"taxable","21":"shipping-taxable","22":"purchasable","23":"product-type-variable"},"yoast_head":"<!-- This site is optimized with the Yoast SEO plugin v26.8 - https:\/\/yoast.com\/product\/yoast-seo-wordpress\/ -->\n<title>Quut 3in1 m\u00e4ngukomplekt &quot;Cuppi&quot; - sulin.ee<\/title>\n<meta name=\"description\" content=\"Quut 3in1 m\u00e4ngukomplekt koosneb pallist, k\u00fchvlist ja labidast. Cuppi inspireerib loovust ning paneb lapsed kujundama, m\u00e4ngima ja l\u00f5butsema.\" \/>\n<meta name=\"robots\" content=\"index, follow, max-snippet:-1, max-image-preview:large, max-video-preview:-1\" \/>\n<link rel=\"canonical\" href=\"https:\/\/sulin.ee\/en\/toode\/quut-mangukomplekt-cuppi\/\" \/>\n<meta property=\"og:locale\" content=\"en_US\" \/>\n<meta property=\"og:type\" content=\"article\" \/>\n<meta property=\"og:title\" content=\"Quut 3in1 m\u00e4ngukomplekt &quot;Cuppi&quot; - sulin.ee\" \/>\n<meta property=\"og:description\" content=\"Quut 3in1 m\u00e4ngukomplekt koosneb pallist, k\u00fchvlist ja labidast. Cuppi inspireerib loovust ning paneb lapsed kujundama, m\u00e4ngima ja l\u00f5butsema.\" \/>\n<meta property=\"og:url\" content=\"https:\/\/sulin.ee\/en\/toode\/quut-mangukomplekt-cuppi\/\" \/>\n<meta property=\"og:site_name\" content=\"sulin.ee\" \/>\n<meta property=\"article:publisher\" content=\"https:\/\/www.facebook.com\/www.sulin.ee\/\" \/>\n<meta property=\"article:modified_time\" content=\"2025-09-27T08:42:06+00:00\" \/>\n<meta property=\"og:image\" content=\"https:\/\/sulin.ee\/wp-content\/uploads\/2023\/05\/172970-Cuppi-Banana-Blue-3.webp\" \/>\n\t<meta property=\"og:image:width\" content=\"1920\" \/>\n\t<meta property=\"og:image:height\" content=\"1920\" \/>\n\t<meta property=\"og:image:type\" content=\"image\/webp\" \/>\n<meta name=\"twitter:card\" content=\"summary_large_image\" \/>\n<meta name=\"twitter:label1\" content=\"Est. reading time\" \/>\n\t<meta name=\"twitter:data1\" content=\"1 minute\" \/>\n<script type=\"application\/ld+json\" class=\"yoast-schema-graph\">{\"@context\":\"https:\/\/schema.org\",\"@graph\":[{\"@type\":\"WebPage\",\"@id\":\"https:\/\/sulin.ee\/en\/toode\/quut-mangukomplekt-cuppi\/\",\"url\":\"https:\/\/sulin.ee\/en\/toode\/quut-mangukomplekt-cuppi\/\",\"name\":\"Quut 3in1 m\u00e4ngukomplekt \\\"Cuppi\\\" - sulin.ee\",\"isPartOf\":{\"@id\":\"https:\/\/sulin.ee\/en\/#website\"},\"primaryImageOfPage\":{\"@id\":\"https:\/\/sulin.ee\/en\/toode\/quut-mangukomplekt-cuppi\/#primaryimage\"},\"image\":{\"@id\":\"https:\/\/sulin.ee\/en\/toode\/quut-mangukomplekt-cuppi\/#primaryimage\"},\"thumbnailUrl\":\"https:\/\/sulin.ee\/wp-content\/uploads\/2023\/05\/172970-Cuppi-Banana-Blue-3.webp\",\"datePublished\":\"2023-05-16T10:27:04+00:00\",\"dateModified\":\"2025-09-27T08:42:06+00:00\",\"description\":\"Quut 3in1 m\u00e4ngukomplekt koosneb pallist, k\u00fchvlist ja labidast. Cuppi inspireerib loovust ning paneb lapsed kujundama, m\u00e4ngima ja l\u00f5butsema.\",\"breadcrumb\":{\"@id\":\"https:\/\/sulin.ee\/en\/toode\/quut-mangukomplekt-cuppi\/#breadcrumb\"},\"inLanguage\":\"en-US\",\"potentialAction\":[{\"@type\":\"ReadAction\",\"target\":[\"https:\/\/sulin.ee\/en\/toode\/quut-mangukomplekt-cuppi\/\"]}]},{\"@type\":\"ImageObject\",\"inLanguage\":\"en-US\",\"@id\":\"https:\/\/sulin.ee\/en\/toode\/quut-mangukomplekt-cuppi\/#primaryimage\",\"url\":\"https:\/\/sulin.ee\/wp-content\/uploads\/2023\/05\/172970-Cuppi-Banana-Blue-3.webp\",\"contentUrl\":\"https:\/\/sulin.ee\/wp-content\/uploads\/2023\/05\/172970-Cuppi-Banana-Blue-3.webp\",\"width\":1920,\"height\":1920,\"caption\":\"Quut 3in1 m\u00e4ngukomplekt\"},{\"@type\":\"BreadcrumbList\",\"@id\":\"https:\/\/sulin.ee\/en\/toode\/quut-mangukomplekt-cuppi\/#breadcrumb\",\"itemListElement\":[{\"@type\":\"ListItem\",\"position\":1,\"name\":\"Home\",\"item\":\"https:\/\/sulin.ee\/en\/\"},{\"@type\":\"ListItem\",\"position\":2,\"name\":\"Sulin.ee e-pood\",\"item\":\"https:\/\/sulin.ee\/shop\/\"},{\"@type\":\"ListItem\",\"position\":3,\"name\":\"Quut 3in1 m\u00e4ngukomplekt &#8220;Cuppi&#8221;\"}]},{\"@type\":\"WebSite\",\"@id\":\"https:\/\/sulin.ee\/en\/#website\",\"url\":\"https:\/\/sulin.ee\/en\/\",\"name\":\"sulin.ee\",\"description\":\"\",\"publisher\":{\"@id\":\"https:\/\/sulin.ee\/en\/#organization\"},\"potentialAction\":[{\"@type\":\"SearchAction\",\"target\":{\"@type\":\"EntryPoint\",\"urlTemplate\":\"https:\/\/sulin.ee\/en\/?s={search_term_string}\"},\"query-input\":{\"@type\":\"PropertyValueSpecification\",\"valueRequired\":true,\"valueName\":\"search_term_string\"}}],\"inLanguage\":\"en-US\"},{\"@type\":\"Organization\",\"@id\":\"https:\/\/sulin.ee\/en\/#organization\",\"name\":\"SULIN TRADE O\u00dc\",\"url\":\"https:\/\/sulin.ee\/en\/\",\"logo\":{\"@type\":\"ImageObject\",\"inLanguage\":\"en-US\",\"@id\":\"https:\/\/sulin.ee\/en\/#\/schema\/logo\/image\/\",\"url\":\"https:\/\/sulin.ee\/wp-content\/uploads\/2022\/11\/sulin-logo.png\",\"contentUrl\":\"https:\/\/sulin.ee\/wp-content\/uploads\/2022\/11\/sulin-logo.png\",\"width\":871,\"height\":321,\"caption\":\"SULIN TRADE O\u00dc\"},\"image\":{\"@id\":\"https:\/\/sulin.ee\/en\/#\/schema\/logo\/image\/\"},\"sameAs\":[\"https:\/\/www.facebook.com\/www.sulin.ee\/\",\"https:\/\/www.instagram.com\/sulintrade\/\"]}]}<\/script>\n<!-- \/ Yoast SEO plugin. -->","yoast_head_json":{"title":"Quut 3in1 m\u00e4ngukomplekt \"Cuppi\" - sulin.ee","description":"Quut 3in1 m\u00e4ngukomplekt koosneb pallist, k\u00fchvlist ja labidast. Cuppi inspireerib loovust ning paneb lapsed kujundama, m\u00e4ngima ja l\u00f5butsema.","robots":{"index":"index","follow":"follow","max-snippet":"max-snippet:-1","max-image-preview":"max-image-preview:large","max-video-preview":"max-video-preview:-1"},"canonical":"https:\/\/sulin.ee\/en\/toode\/quut-mangukomplekt-cuppi\/","og_locale":"en_US","og_type":"article","og_title":"Quut 3in1 m\u00e4ngukomplekt \"Cuppi\" - sulin.ee","og_description":"Quut 3in1 m\u00e4ngukomplekt koosneb pallist, k\u00fchvlist ja labidast. Cuppi inspireerib loovust ning paneb lapsed kujundama, m\u00e4ngima ja l\u00f5butsema.","og_url":"https:\/\/sulin.ee\/en\/toode\/quut-mangukomplekt-cuppi\/","og_site_name":"sulin.ee","article_publisher":"https:\/\/www.facebook.com\/www.sulin.ee\/","article_modified_time":"2025-09-27T08:42:06+00:00","og_image":[{"width":1920,"height":1920,"url":"https:\/\/sulin.ee\/wp-content\/uploads\/2023\/05\/172970-Cuppi-Banana-Blue-3.webp","type":"image\/webp"}],"twitter_card":"summary_large_image","twitter_misc":{"Est. reading time":"1 minute"},"schema":{"@context":"https:\/\/schema.org","@graph":[{"@type":"WebPage","@id":"https:\/\/sulin.ee\/en\/toode\/quut-mangukomplekt-cuppi\/","url":"https:\/\/sulin.ee\/en\/toode\/quut-mangukomplekt-cuppi\/","name":"Quut 3in1 m\u00e4ngukomplekt \"Cuppi\" - sulin.ee","isPartOf":{"@id":"https:\/\/sulin.ee\/en\/#website"},"primaryImageOfPage":{"@id":"https:\/\/sulin.ee\/en\/toode\/quut-mangukomplekt-cuppi\/#primaryimage"},"image":{"@id":"https:\/\/sulin.ee\/en\/toode\/quut-mangukomplekt-cuppi\/#primaryimage"},"thumbnailUrl":"https:\/\/sulin.ee\/wp-content\/uploads\/2023\/05\/172970-Cuppi-Banana-Blue-3.webp","datePublished":"2023-05-16T10:27:04+00:00","dateModified":"2025-09-27T08:42:06+00:00","description":"Quut 3in1 m\u00e4ngukomplekt koosneb pallist, k\u00fchvlist ja labidast. Cuppi inspireerib loovust ning paneb lapsed kujundama, m\u00e4ngima ja l\u00f5butsema.","breadcrumb":{"@id":"https:\/\/sulin.ee\/en\/toode\/quut-mangukomplekt-cuppi\/#breadcrumb"},"inLanguage":"en-US","potentialAction":[{"@type":"ReadAction","target":["https:\/\/sulin.ee\/en\/toode\/quut-mangukomplekt-cuppi\/"]}]},{"@type":"ImageObject","inLanguage":"en-US","@id":"https:\/\/sulin.ee\/en\/toode\/quut-mangukomplekt-cuppi\/#primaryimage","url":"https:\/\/sulin.ee\/wp-content\/uploads\/2023\/05\/172970-Cuppi-Banana-Blue-3.webp","contentUrl":"https:\/\/sulin.ee\/wp-content\/uploads\/2023\/05\/172970-Cuppi-Banana-Blue-3.webp","width":1920,"height":1920,"caption":"Quut 3in1 m\u00e4ngukomplekt"},{"@type":"BreadcrumbList","@id":"https:\/\/sulin.ee\/en\/toode\/quut-mangukomplekt-cuppi\/#breadcrumb","itemListElement":[{"@type":"ListItem","position":1,"name":"Home","item":"https:\/\/sulin.ee\/en\/"},{"@type":"ListItem","position":2,"name":"Sulin.ee e-pood","item":"https:\/\/sulin.ee\/shop\/"},{"@type":"ListItem","position":3,"name":"Quut 3in1 m\u00e4ngukomplekt &#8220;Cuppi&#8221;"}]},{"@type":"WebSite","@id":"https:\/\/sulin.ee\/en\/#website","url":"https:\/\/sulin.ee\/en\/","name":"sulin.ee","description":"","publisher":{"@id":"https:\/\/sulin.ee\/en\/#organization"},"potentialAction":[{"@type":"SearchAction","target":{"@type":"EntryPoint","urlTemplate":"https:\/\/sulin.ee\/en\/?s={search_term_string}"},"query-input":{"@type":"PropertyValueSpecification","valueRequired":true,"valueName":"search_term_string"}}],"inLanguage":"en-US"},{"@type":"Organization","@id":"https:\/\/sulin.ee\/en\/#organization","name":"SULIN TRADE O\u00dc","url":"https:\/\/sulin.ee\/en\/","logo":{"@type":"ImageObject","inLanguage":"en-US","@id":"https:\/\/sulin.ee\/en\/#\/schema\/logo\/image\/","url":"https:\/\/sulin.ee\/wp-content\/uploads\/2022\/11\/sulin-logo.png","contentUrl":"https:\/\/sulin.ee\/wp-content\/uploads\/2022\/11\/sulin-logo.png","width":871,"height":321,"caption":"SULIN TRADE O\u00dc"},"image":{"@id":"https:\/\/sulin.ee\/en\/#\/schema\/logo\/image\/"},"sameAs":["https:\/\/www.facebook.com\/www.sulin.ee\/","https:\/\/www.instagram.com\/sulintrade\/"]}]}},"builder_content":"","_links":{"self":[{"href":"https:\/\/sulin.ee\/en\/wp-json\/wp\/v2\/product\/12395","targetHints":{"allow":["GET"]}}],"collection":[{"href":"https:\/\/sulin.ee\/en\/wp-json\/wp\/v2\/product"}],"about":[{"href":"https:\/\/sulin.ee\/en\/wp-json\/wp\/v2\/types\/product"}],"replies":[{"embeddable":true,"href":"https:\/\/sulin.ee\/en\/wp-json\/wp\/v2\/comments?post=12395"}],"wp:featuredmedia":[{"embeddable":true,"href":"https:\/\/sulin.ee\/en\/wp-json\/wp\/v2\/media\/12387"}],"wp:attachment":[{"href":"https:\/\/sulin.ee\/en\/wp-json\/wp\/v2\/media?parent=12395"}],"wp:term":[{"taxonomy":"product_brand","embeddable":true,"href":"https:\/\/sulin.ee\/en\/wp-json\/wp\/v2\/product_brand?post=12395"},{"taxonomy":"product_cat","embeddable":true,"href":"https:\/\/sulin.ee\/en\/wp-json\/wp\/v2\/product_cat?post=12395"},{"taxonomy":"product_tag","embeddable":true,"href":"https:\/\/sulin.ee\/en\/wp-json\/wp\/v2\/product_tag?post=12395"}],"curies":[{"name":"wp","href":"https:\/\/api.w.org\/{rel}","templated":true}]}}