{"id":121,"date":"2022-09-13T14:00:20","date_gmt":"2022-09-13T14:00:20","guid":{"rendered":"http:\/\/test.itson.ee\/sulin\/product\/bambaw-ziletiterad-5tk\/"},"modified":"2026-02-13T13:25:18","modified_gmt":"2026-02-13T13:25:18","slug":"bambaw-ziletiterad-5tk","status":"publish","type":"product","link":"https:\/\/sulin.ee\/en\/toode\/bambaw-ziletiterad-5tk\/","title":{"rendered":"\u017diletiterad 5tk"},"content":{"rendered":"<p><strong>\u017diletiterad 5tk<\/strong> on ideaalne valik neile, kes hindavad kvaliteetset ja t\u00f5husat raseerimiskogemust. Bambaw kahepoolse teraga vahetatavad \u017eiletiterad on valmistatud roostevabast terasest ning kaetud plaatinaga, mis tagab nii vastupidavuse kui ka sujuva ja mugava raseerimise. T\u00e4nu kvaliteetsetele materjalidele sobivad need terad ka tundlikule nahale, pakkudes \u00f5rna ja \u00e4rritusvaba raseerimist.<\/p>\n<p>Need terad on universaalsed ja sobivad k\u00f5ikidele korduvkasutatavatele <span style=\"font-size: medium; font-family: arial, helvetica, sans-serif;\"><a href=\"https:\/\/sulin.ee\/tootekategooria\/ilu\/kehahooldus\/raseerijad\/\">raseerijatele<\/a>.<\/span>, muutes need mitmek\u00fclgseks ja praktiliseks valikuks. Niiske raseerimise austajad hindavad nende t\u00e4psust ja pikka kasutusiga. Terade vahetamise sagedus s\u00f5ltub raseerimise tihedusest ja karva t\u00fc\u00fcbist, mist\u00f5ttu pakuvad need paindlikku ja pikaajalist kasutusv\u00f5imalust.<\/p>\n<p><strong>Komplekt sisaldab:<\/strong><br \/>\n\u2705 5 kahepoolset vahetatavat \u017eiletitera<\/p>\n<p><strong><span style=\"font-family: arial, helvetica, sans-serif; font-size: medium;\"><a href=\"https:\/\/www.bambaw.com\/\">Bambaw<\/a> <\/span> \u017eiletiterad<\/strong> on j\u00e4tkusuutlik ja keskkonnas\u00f5bralik valik, mis v\u00e4hendab \u00fchekordsete raseerijate kasutamist ja aitab kaasa planeedi s\u00e4\u00e4stmisele. Sobib nii meestele kui naistele, kes soovivad nautida kvaliteetset ja t\u00f5husat raseerimiskogemust!<\/p>\n","protected":false},"excerpt":{"rendered":"<p>Bambaw<\/p>\n","protected":false},"featured_media":3038,"comment_status":"open","ping_status":"closed","template":"","meta":[],"product_brand":[],"product_cat":[56,239],"product_tag":[249],"class_list":{"0":"post-121","1":"product","2":"type-product","3":"status-publish","4":"has-post-thumbnail","6":"product_cat-raseerijad","7":"product_cat-bambaw","8":"product_tag-bambaw","9":"has-post-title","10":"has-post-date","11":"has-post-category","12":"has-post-tag","13":"has-post-comment","14":"has-post-author","15":"","17":"first","18":"instock","19":"sale","20":"taxable","21":"shipping-taxable","22":"purchasable","23":"product-type-simple"},"yoast_head":"<!-- This site is optimized with the Yoast SEO plugin v26.8 - https:\/\/yoast.com\/product\/yoast-seo-wordpress\/ -->\n<title>\u017diletiterad 5tk - sulin.ee<\/title>\n<meta name=\"description\" content=\"Bambaw \u017eiletiterad on vastupidavad, kauakestvad ning sobivad ka \u00f5rnemale nahale. Sobivad k\u00f5ikidele korduvkasutatavatele raseerijatele.\" \/>\n<meta name=\"robots\" content=\"index, follow, max-snippet:-1, max-image-preview:large, max-video-preview:-1\" \/>\n<link rel=\"canonical\" href=\"https:\/\/sulin.ee\/en\/toode\/bambaw-ziletiterad-5tk\/\" \/>\n<meta property=\"og:locale\" content=\"en_US\" \/>\n<meta property=\"og:type\" content=\"article\" \/>\n<meta property=\"og:title\" content=\"\u017diletiterad 5tk - sulin.ee\" \/>\n<meta property=\"og:description\" content=\"Bambaw \u017eiletiterad on vastupidavad, kauakestvad ning sobivad ka \u00f5rnemale nahale. Sobivad k\u00f5ikidele korduvkasutatavatele raseerijatele.\" \/>\n<meta property=\"og:url\" content=\"https:\/\/sulin.ee\/en\/toode\/bambaw-ziletiterad-5tk\/\" \/>\n<meta property=\"og:site_name\" content=\"sulin.ee\" \/>\n<meta property=\"article:publisher\" content=\"https:\/\/www.facebook.com\/www.sulin.ee\/\" \/>\n<meta property=\"article:modified_time\" content=\"2026-02-13T13:25:18+00:00\" \/>\n<meta property=\"og:image\" content=\"https:\/\/sulin.ee\/wp-content\/uploads\/2022\/09\/Bambaw-Razor-Blades.jpg\" \/>\n\t<meta property=\"og:image:width\" content=\"800\" \/>\n\t<meta property=\"og:image:height\" content=\"800\" \/>\n\t<meta property=\"og:image:type\" content=\"image\/jpeg\" \/>\n<meta name=\"twitter:card\" content=\"summary_large_image\" \/>\n<meta name=\"twitter:label1\" content=\"Est. reading time\" \/>\n\t<meta name=\"twitter:data1\" content=\"1 minute\" \/>\n<script type=\"application\/ld+json\" class=\"yoast-schema-graph\">{\"@context\":\"https:\/\/schema.org\",\"@graph\":[{\"@type\":\"WebPage\",\"@id\":\"https:\/\/sulin.ee\/en\/toode\/bambaw-ziletiterad-5tk\/\",\"url\":\"https:\/\/sulin.ee\/en\/toode\/bambaw-ziletiterad-5tk\/\",\"name\":\"\u017diletiterad 5tk - sulin.ee\",\"isPartOf\":{\"@id\":\"https:\/\/sulin.ee\/en\/#website\"},\"primaryImageOfPage\":{\"@id\":\"https:\/\/sulin.ee\/en\/toode\/bambaw-ziletiterad-5tk\/#primaryimage\"},\"image\":{\"@id\":\"https:\/\/sulin.ee\/en\/toode\/bambaw-ziletiterad-5tk\/#primaryimage\"},\"thumbnailUrl\":\"https:\/\/sulin.ee\/wp-content\/uploads\/2022\/09\/Bambaw-Razor-Blades.jpg\",\"datePublished\":\"2022-09-13T14:00:20+00:00\",\"dateModified\":\"2026-02-13T13:25:18+00:00\",\"description\":\"Bambaw \u017eiletiterad on vastupidavad, kauakestvad ning sobivad ka \u00f5rnemale nahale. Sobivad k\u00f5ikidele korduvkasutatavatele raseerijatele.\",\"breadcrumb\":{\"@id\":\"https:\/\/sulin.ee\/en\/toode\/bambaw-ziletiterad-5tk\/#breadcrumb\"},\"inLanguage\":\"en-US\",\"potentialAction\":[{\"@type\":\"ReadAction\",\"target\":[\"https:\/\/sulin.ee\/en\/toode\/bambaw-ziletiterad-5tk\/\"]}]},{\"@type\":\"ImageObject\",\"inLanguage\":\"en-US\",\"@id\":\"https:\/\/sulin.ee\/en\/toode\/bambaw-ziletiterad-5tk\/#primaryimage\",\"url\":\"https:\/\/sulin.ee\/wp-content\/uploads\/2022\/09\/Bambaw-Razor-Blades.jpg\",\"contentUrl\":\"https:\/\/sulin.ee\/wp-content\/uploads\/2022\/09\/Bambaw-Razor-Blades.jpg\",\"width\":800,\"height\":800,\"caption\":\"\u017eiletiterad\"},{\"@type\":\"BreadcrumbList\",\"@id\":\"https:\/\/sulin.ee\/en\/toode\/bambaw-ziletiterad-5tk\/#breadcrumb\",\"itemListElement\":[{\"@type\":\"ListItem\",\"position\":1,\"name\":\"Home\",\"item\":\"https:\/\/sulin.ee\/en\/\"},{\"@type\":\"ListItem\",\"position\":2,\"name\":\"Sulin.ee e-pood\",\"item\":\"https:\/\/sulin.ee\/shop\/\"},{\"@type\":\"ListItem\",\"position\":3,\"name\":\"\u017diletiterad 5tk\"}]},{\"@type\":\"WebSite\",\"@id\":\"https:\/\/sulin.ee\/en\/#website\",\"url\":\"https:\/\/sulin.ee\/en\/\",\"name\":\"sulin.ee\",\"description\":\"\",\"publisher\":{\"@id\":\"https:\/\/sulin.ee\/en\/#organization\"},\"potentialAction\":[{\"@type\":\"SearchAction\",\"target\":{\"@type\":\"EntryPoint\",\"urlTemplate\":\"https:\/\/sulin.ee\/en\/?s={search_term_string}\"},\"query-input\":{\"@type\":\"PropertyValueSpecification\",\"valueRequired\":true,\"valueName\":\"search_term_string\"}}],\"inLanguage\":\"en-US\"},{\"@type\":\"Organization\",\"@id\":\"https:\/\/sulin.ee\/en\/#organization\",\"name\":\"SULIN TRADE O\u00dc\",\"url\":\"https:\/\/sulin.ee\/en\/\",\"logo\":{\"@type\":\"ImageObject\",\"inLanguage\":\"en-US\",\"@id\":\"https:\/\/sulin.ee\/en\/#\/schema\/logo\/image\/\",\"url\":\"https:\/\/sulin.ee\/wp-content\/uploads\/2022\/11\/sulin-logo.png\",\"contentUrl\":\"https:\/\/sulin.ee\/wp-content\/uploads\/2022\/11\/sulin-logo.png\",\"width\":871,\"height\":321,\"caption\":\"SULIN TRADE O\u00dc\"},\"image\":{\"@id\":\"https:\/\/sulin.ee\/en\/#\/schema\/logo\/image\/\"},\"sameAs\":[\"https:\/\/www.facebook.com\/www.sulin.ee\/\",\"https:\/\/www.instagram.com\/sulintrade\/\"]}]}<\/script>\n<!-- \/ Yoast SEO plugin. -->","yoast_head_json":{"title":"\u017diletiterad 5tk - sulin.ee","description":"Bambaw \u017eiletiterad on vastupidavad, kauakestvad ning sobivad ka \u00f5rnemale nahale. Sobivad k\u00f5ikidele korduvkasutatavatele raseerijatele.","robots":{"index":"index","follow":"follow","max-snippet":"max-snippet:-1","max-image-preview":"max-image-preview:large","max-video-preview":"max-video-preview:-1"},"canonical":"https:\/\/sulin.ee\/en\/toode\/bambaw-ziletiterad-5tk\/","og_locale":"en_US","og_type":"article","og_title":"\u017diletiterad 5tk - sulin.ee","og_description":"Bambaw \u017eiletiterad on vastupidavad, kauakestvad ning sobivad ka \u00f5rnemale nahale. Sobivad k\u00f5ikidele korduvkasutatavatele raseerijatele.","og_url":"https:\/\/sulin.ee\/en\/toode\/bambaw-ziletiterad-5tk\/","og_site_name":"sulin.ee","article_publisher":"https:\/\/www.facebook.com\/www.sulin.ee\/","article_modified_time":"2026-02-13T13:25:18+00:00","og_image":[{"width":800,"height":800,"url":"https:\/\/sulin.ee\/wp-content\/uploads\/2022\/09\/Bambaw-Razor-Blades.jpg","type":"image\/jpeg"}],"twitter_card":"summary_large_image","twitter_misc":{"Est. reading time":"1 minute"},"schema":{"@context":"https:\/\/schema.org","@graph":[{"@type":"WebPage","@id":"https:\/\/sulin.ee\/en\/toode\/bambaw-ziletiterad-5tk\/","url":"https:\/\/sulin.ee\/en\/toode\/bambaw-ziletiterad-5tk\/","name":"\u017diletiterad 5tk - sulin.ee","isPartOf":{"@id":"https:\/\/sulin.ee\/en\/#website"},"primaryImageOfPage":{"@id":"https:\/\/sulin.ee\/en\/toode\/bambaw-ziletiterad-5tk\/#primaryimage"},"image":{"@id":"https:\/\/sulin.ee\/en\/toode\/bambaw-ziletiterad-5tk\/#primaryimage"},"thumbnailUrl":"https:\/\/sulin.ee\/wp-content\/uploads\/2022\/09\/Bambaw-Razor-Blades.jpg","datePublished":"2022-09-13T14:00:20+00:00","dateModified":"2026-02-13T13:25:18+00:00","description":"Bambaw \u017eiletiterad on vastupidavad, kauakestvad ning sobivad ka \u00f5rnemale nahale. Sobivad k\u00f5ikidele korduvkasutatavatele raseerijatele.","breadcrumb":{"@id":"https:\/\/sulin.ee\/en\/toode\/bambaw-ziletiterad-5tk\/#breadcrumb"},"inLanguage":"en-US","potentialAction":[{"@type":"ReadAction","target":["https:\/\/sulin.ee\/en\/toode\/bambaw-ziletiterad-5tk\/"]}]},{"@type":"ImageObject","inLanguage":"en-US","@id":"https:\/\/sulin.ee\/en\/toode\/bambaw-ziletiterad-5tk\/#primaryimage","url":"https:\/\/sulin.ee\/wp-content\/uploads\/2022\/09\/Bambaw-Razor-Blades.jpg","contentUrl":"https:\/\/sulin.ee\/wp-content\/uploads\/2022\/09\/Bambaw-Razor-Blades.jpg","width":800,"height":800,"caption":"\u017eiletiterad"},{"@type":"BreadcrumbList","@id":"https:\/\/sulin.ee\/en\/toode\/bambaw-ziletiterad-5tk\/#breadcrumb","itemListElement":[{"@type":"ListItem","position":1,"name":"Home","item":"https:\/\/sulin.ee\/en\/"},{"@type":"ListItem","position":2,"name":"Sulin.ee e-pood","item":"https:\/\/sulin.ee\/shop\/"},{"@type":"ListItem","position":3,"name":"\u017diletiterad 5tk"}]},{"@type":"WebSite","@id":"https:\/\/sulin.ee\/en\/#website","url":"https:\/\/sulin.ee\/en\/","name":"sulin.ee","description":"","publisher":{"@id":"https:\/\/sulin.ee\/en\/#organization"},"potentialAction":[{"@type":"SearchAction","target":{"@type":"EntryPoint","urlTemplate":"https:\/\/sulin.ee\/en\/?s={search_term_string}"},"query-input":{"@type":"PropertyValueSpecification","valueRequired":true,"valueName":"search_term_string"}}],"inLanguage":"en-US"},{"@type":"Organization","@id":"https:\/\/sulin.ee\/en\/#organization","name":"SULIN TRADE O\u00dc","url":"https:\/\/sulin.ee\/en\/","logo":{"@type":"ImageObject","inLanguage":"en-US","@id":"https:\/\/sulin.ee\/en\/#\/schema\/logo\/image\/","url":"https:\/\/sulin.ee\/wp-content\/uploads\/2022\/11\/sulin-logo.png","contentUrl":"https:\/\/sulin.ee\/wp-content\/uploads\/2022\/11\/sulin-logo.png","width":871,"height":321,"caption":"SULIN TRADE O\u00dc"},"image":{"@id":"https:\/\/sulin.ee\/en\/#\/schema\/logo\/image\/"},"sameAs":["https:\/\/www.facebook.com\/www.sulin.ee\/","https:\/\/www.instagram.com\/sulintrade\/"]}]}},"builder_content":"","_links":{"self":[{"href":"https:\/\/sulin.ee\/en\/wp-json\/wp\/v2\/product\/121","targetHints":{"allow":["GET"]}}],"collection":[{"href":"https:\/\/sulin.ee\/en\/wp-json\/wp\/v2\/product"}],"about":[{"href":"https:\/\/sulin.ee\/en\/wp-json\/wp\/v2\/types\/product"}],"replies":[{"embeddable":true,"href":"https:\/\/sulin.ee\/en\/wp-json\/wp\/v2\/comments?post=121"}],"wp:featuredmedia":[{"embeddable":true,"href":"https:\/\/sulin.ee\/en\/wp-json\/wp\/v2\/media\/3038"}],"wp:attachment":[{"href":"https:\/\/sulin.ee\/en\/wp-json\/wp\/v2\/media?parent=121"}],"wp:term":[{"taxonomy":"product_brand","embeddable":true,"href":"https:\/\/sulin.ee\/en\/wp-json\/wp\/v2\/product_brand?post=121"},{"taxonomy":"product_cat","embeddable":true,"href":"https:\/\/sulin.ee\/en\/wp-json\/wp\/v2\/product_cat?post=121"},{"taxonomy":"product_tag","embeddable":true,"href":"https:\/\/sulin.ee\/en\/wp-json\/wp\/v2\/product_tag?post=121"}],"curies":[{"name":"wp","href":"https:\/\/api.w.org\/{rel}","templated":true}]}}