{"id":11798,"date":"2023-03-19T11:40:22","date_gmt":"2023-03-19T11:40:22","guid":{"rendered":"https:\/\/sulin.ee\/?post_type=product&#038;p=11798"},"modified":"2025-09-07T21:47:40","modified_gmt":"2025-09-07T21:47:40","slug":"jollein-magamiskott-4-seasons-talvinesuvine-spickle-grey","status":"publish","type":"product","link":"https:\/\/sulin.ee\/en\/toode\/jollein-magamiskott-4-seasons-talvinesuvine-spickle-grey\/","title":{"rendered":"Jollein magamiskott 4-seasons (talvine+suvine) &#8211; Spickle Grey"},"content":{"rendered":"<p><strong>Jollein magamiskott 4-seasons on eemaldatava sisemusega magamiskott, mida saab kasutada aasta ringi.<\/strong><\/p>\n<p>Magamiskotil on sees \u00f5huke ilma varrukateta magamiskott, mida on hea kasutada suvel soojemate ilmadega. Talvisel ajal, kui \u00f5hk on jahedam saad \u00f5hukesele magamiskotile lisada pealmise varrukatega soojema koti. Kasutades varrukatega magamiskotti ilma \u00f5hukese sisemuseta saad kevadeks ja s\u00fcgiseks ideaalse magamiskoti. Nii saad vastavalt aastaajale ja temperatuurile kasutada kotti aasta ringi.<\/p>\n<p>Jollein magamiskott loob lapsele turvatunde ning piirab lapse jalgade liikumist, t\u00e4nu millele ei ehmata laps ennast l\u00e4bi une \u00e4rkvele. Lisaks sellele ei pea te muretsema, et laps teki kogemata \u00fcle n\u00e4o t\u00f5mbab v\u00f5i jalgadega sahmides hoopis pealt \u00e4ra l\u00fckkab. T\u00e4nu magamiskotile saab ka vanem meelerahu, sest ei pea pidevalt k\u00e4ima last kontrollimas.<\/p>\n<p>Magamiskoti lukk avaneb alt, t\u00e4nu millele ei pea last kotist v\u00e4lja v\u00f5tma ning m\u00e4hkmevahetus on lihtsam.<\/p>\n<p><strong>70 cm<\/strong> &#8211; Magamiskoti kogupikkus on 70 cm ning sobib 3-6 kuu vanuses lapsele.<\/p>\n<p><strong>90 cm<\/strong> &#8211; Magamiskoti kogupikkus on 90 cm ning sobib 6-18 kuu vanuses lapsele.<\/p>\n<p><strong>110 cm<\/strong> &#8211; Magamiskoti kogupikkus on 110 cm ning sobib 18-36 kuu vanuses lapsele.<\/p>\n<p><strong>Materjal:<\/strong> 100% jersey puuvill.<\/p>\n<p>Parema \u00fclevaate magamiskotist saad, kui vaatad toodet <span style=\"color: #0000ff;\"><a style=\"color: #0000ff;\" href=\"https:\/\/www.youtube.com\/watch?v=q4LWHRsTFgE\" target=\"_blank\" rel=\"noopener\">tutvustavat videot.<\/a><\/span><\/p>\n<p>Vaata ka armsaid j\u00e4nkuk\u00f5rvadega <span style=\"color: #0000ff;\"><a style=\"color: #0000ff;\" href=\"https:\/\/sulin.ee\/toode\/jollein-kaisutekk-bunny-ears\/?attribute_pa_varv=chestnut\" target=\"_blank\" rel=\"noopener\">kaiustekke.<\/a><\/span><\/p>\n","protected":false},"excerpt":{"rendered":"<p>Jollein magamiskott 4-seasons on eemaldatava sisemusega magamiskott, mida saab kasutada aasta ringi. Magamiskotil on sees \u00f5huke ilma varrukateta magamiskott, mida on hea kasutada suvel soojemate ilmadega. Talvisel ajal, kui \u00f5hk on jahedam saad \u00f5hukesele magamiskotile lisada pealmise varrukatega soojema koti. Kasutades varrukatega magamiskotti ilma \u00f5hukese sisemuseta saad kevadeks ja s\u00fcgiseks ideaalse magamiskoti. Nii saad vastavalt [&hellip;]<\/p>\n","protected":false},"featured_media":18385,"comment_status":"open","ping_status":"closed","template":"","meta":[],"product_brand":[],"product_cat":[809,776],"product_tag":[],"class_list":{"0":"post-11798","1":"product","2":"type-product","3":"status-publish","4":"has-post-thumbnail","6":"product_cat-magamiskotid","7":"product_cat-jollein-2","8":"has-post-title","9":"has-post-date","10":"has-post-category","11":"has-post-tag","12":"has-post-comment","13":"has-post-author","14":"","16":"first","17":"instock","18":"sale","19":"taxable","20":"shipping-taxable","21":"purchasable","22":"product-type-variable"},"yoast_head":"<!-- This site is optimized with the Yoast SEO plugin v26.8 - https:\/\/yoast.com\/product\/yoast-seo-wordpress\/ -->\n<title>Jollein magamiskott 4-seasons (talvine+suvine) - Spickle Grey - sulin.ee<\/title>\n<meta name=\"description\" content=\"Jollein magamiskott 4-seasons on eemaldatava sisemusega magamiskott, mida saab kasutada aasta ringi.\" \/>\n<meta name=\"robots\" content=\"index, follow, max-snippet:-1, max-image-preview:large, max-video-preview:-1\" \/>\n<link rel=\"canonical\" href=\"https:\/\/sulin.ee\/en\/toode\/jollein-magamiskott-4-seasons-talvinesuvine-spickle-grey\/\" \/>\n<meta property=\"og:locale\" content=\"en_US\" \/>\n<meta property=\"og:type\" content=\"article\" \/>\n<meta property=\"og:title\" content=\"Jollein magamiskott 4-seasons (talvine+suvine) - Spickle Grey - sulin.ee\" \/>\n<meta property=\"og:description\" content=\"Jollein magamiskott 4-seasons on eemaldatava sisemusega magamiskott, mida saab kasutada aasta ringi.\" \/>\n<meta property=\"og:url\" content=\"https:\/\/sulin.ee\/en\/toode\/jollein-magamiskott-4-seasons-talvinesuvine-spickle-grey\/\" \/>\n<meta property=\"og:site_name\" content=\"sulin.ee\" \/>\n<meta property=\"article:publisher\" content=\"https:\/\/www.facebook.com\/www.sulin.ee\/\" \/>\n<meta property=\"article:modified_time\" content=\"2025-09-07T21:47:40+00:00\" \/>\n<meta property=\"og:image\" content=\"https:\/\/sulin.ee\/wp-content\/uploads\/2023\/03\/Piltide-korrektuurid-kodulehel-10.png\" \/>\n\t<meta property=\"og:image:width\" content=\"1080\" \/>\n\t<meta property=\"og:image:height\" content=\"1080\" \/>\n\t<meta property=\"og:image:type\" content=\"image\/png\" \/>\n<meta name=\"twitter:card\" content=\"summary_large_image\" \/>\n<meta name=\"twitter:label1\" content=\"Est. reading time\" \/>\n\t<meta name=\"twitter:data1\" content=\"2 minutes\" \/>\n<script type=\"application\/ld+json\" class=\"yoast-schema-graph\">{\"@context\":\"https:\/\/schema.org\",\"@graph\":[{\"@type\":\"WebPage\",\"@id\":\"https:\/\/sulin.ee\/en\/toode\/jollein-magamiskott-4-seasons-talvinesuvine-spickle-grey\/\",\"url\":\"https:\/\/sulin.ee\/en\/toode\/jollein-magamiskott-4-seasons-talvinesuvine-spickle-grey\/\",\"name\":\"Jollein magamiskott 4-seasons (talvine+suvine) - Spickle Grey - sulin.ee\",\"isPartOf\":{\"@id\":\"https:\/\/sulin.ee\/en\/#website\"},\"primaryImageOfPage\":{\"@id\":\"https:\/\/sulin.ee\/en\/toode\/jollein-magamiskott-4-seasons-talvinesuvine-spickle-grey\/#primaryimage\"},\"image\":{\"@id\":\"https:\/\/sulin.ee\/en\/toode\/jollein-magamiskott-4-seasons-talvinesuvine-spickle-grey\/#primaryimage\"},\"thumbnailUrl\":\"https:\/\/sulin.ee\/wp-content\/uploads\/2023\/03\/Piltide-korrektuurid-kodulehel-10.png\",\"datePublished\":\"2023-03-19T11:40:22+00:00\",\"dateModified\":\"2025-09-07T21:47:40+00:00\",\"description\":\"Jollein magamiskott 4-seasons on eemaldatava sisemusega magamiskott, mida saab kasutada aasta ringi.\",\"breadcrumb\":{\"@id\":\"https:\/\/sulin.ee\/en\/toode\/jollein-magamiskott-4-seasons-talvinesuvine-spickle-grey\/#breadcrumb\"},\"inLanguage\":\"en-US\",\"potentialAction\":[{\"@type\":\"ReadAction\",\"target\":[\"https:\/\/sulin.ee\/en\/toode\/jollein-magamiskott-4-seasons-talvinesuvine-spickle-grey\/\"]}]},{\"@type\":\"ImageObject\",\"inLanguage\":\"en-US\",\"@id\":\"https:\/\/sulin.ee\/en\/toode\/jollein-magamiskott-4-seasons-talvinesuvine-spickle-grey\/#primaryimage\",\"url\":\"https:\/\/sulin.ee\/wp-content\/uploads\/2023\/03\/Piltide-korrektuurid-kodulehel-10.png\",\"contentUrl\":\"https:\/\/sulin.ee\/wp-content\/uploads\/2023\/03\/Piltide-korrektuurid-kodulehel-10.png\",\"width\":1080,\"height\":1080,\"caption\":\"Jollein magamiskott 4-seasons\"},{\"@type\":\"BreadcrumbList\",\"@id\":\"https:\/\/sulin.ee\/en\/toode\/jollein-magamiskott-4-seasons-talvinesuvine-spickle-grey\/#breadcrumb\",\"itemListElement\":[{\"@type\":\"ListItem\",\"position\":1,\"name\":\"Home\",\"item\":\"https:\/\/sulin.ee\/en\/\"},{\"@type\":\"ListItem\",\"position\":2,\"name\":\"Sulin.ee e-pood\",\"item\":\"https:\/\/sulin.ee\/shop\/\"},{\"@type\":\"ListItem\",\"position\":3,\"name\":\"Jollein magamiskott 4-seasons (talvine+suvine) &#8211; Spickle Grey\"}]},{\"@type\":\"WebSite\",\"@id\":\"https:\/\/sulin.ee\/en\/#website\",\"url\":\"https:\/\/sulin.ee\/en\/\",\"name\":\"sulin.ee\",\"description\":\"\",\"publisher\":{\"@id\":\"https:\/\/sulin.ee\/en\/#organization\"},\"potentialAction\":[{\"@type\":\"SearchAction\",\"target\":{\"@type\":\"EntryPoint\",\"urlTemplate\":\"https:\/\/sulin.ee\/en\/?s={search_term_string}\"},\"query-input\":{\"@type\":\"PropertyValueSpecification\",\"valueRequired\":true,\"valueName\":\"search_term_string\"}}],\"inLanguage\":\"en-US\"},{\"@type\":\"Organization\",\"@id\":\"https:\/\/sulin.ee\/en\/#organization\",\"name\":\"SULIN TRADE O\u00dc\",\"url\":\"https:\/\/sulin.ee\/en\/\",\"logo\":{\"@type\":\"ImageObject\",\"inLanguage\":\"en-US\",\"@id\":\"https:\/\/sulin.ee\/en\/#\/schema\/logo\/image\/\",\"url\":\"https:\/\/sulin.ee\/wp-content\/uploads\/2022\/11\/sulin-logo.png\",\"contentUrl\":\"https:\/\/sulin.ee\/wp-content\/uploads\/2022\/11\/sulin-logo.png\",\"width\":871,\"height\":321,\"caption\":\"SULIN TRADE O\u00dc\"},\"image\":{\"@id\":\"https:\/\/sulin.ee\/en\/#\/schema\/logo\/image\/\"},\"sameAs\":[\"https:\/\/www.facebook.com\/www.sulin.ee\/\",\"https:\/\/www.instagram.com\/sulintrade\/\"]}]}<\/script>\n<!-- \/ Yoast SEO plugin. -->","yoast_head_json":{"title":"Jollein magamiskott 4-seasons (talvine+suvine) - Spickle Grey - sulin.ee","description":"Jollein magamiskott 4-seasons on eemaldatava sisemusega magamiskott, mida saab kasutada aasta ringi.","robots":{"index":"index","follow":"follow","max-snippet":"max-snippet:-1","max-image-preview":"max-image-preview:large","max-video-preview":"max-video-preview:-1"},"canonical":"https:\/\/sulin.ee\/en\/toode\/jollein-magamiskott-4-seasons-talvinesuvine-spickle-grey\/","og_locale":"en_US","og_type":"article","og_title":"Jollein magamiskott 4-seasons (talvine+suvine) - Spickle Grey - sulin.ee","og_description":"Jollein magamiskott 4-seasons on eemaldatava sisemusega magamiskott, mida saab kasutada aasta ringi.","og_url":"https:\/\/sulin.ee\/en\/toode\/jollein-magamiskott-4-seasons-talvinesuvine-spickle-grey\/","og_site_name":"sulin.ee","article_publisher":"https:\/\/www.facebook.com\/www.sulin.ee\/","article_modified_time":"2025-09-07T21:47:40+00:00","og_image":[{"width":1080,"height":1080,"url":"https:\/\/sulin.ee\/wp-content\/uploads\/2023\/03\/Piltide-korrektuurid-kodulehel-10.png","type":"image\/png"}],"twitter_card":"summary_large_image","twitter_misc":{"Est. reading time":"2 minutes"},"schema":{"@context":"https:\/\/schema.org","@graph":[{"@type":"WebPage","@id":"https:\/\/sulin.ee\/en\/toode\/jollein-magamiskott-4-seasons-talvinesuvine-spickle-grey\/","url":"https:\/\/sulin.ee\/en\/toode\/jollein-magamiskott-4-seasons-talvinesuvine-spickle-grey\/","name":"Jollein magamiskott 4-seasons (talvine+suvine) - Spickle Grey - sulin.ee","isPartOf":{"@id":"https:\/\/sulin.ee\/en\/#website"},"primaryImageOfPage":{"@id":"https:\/\/sulin.ee\/en\/toode\/jollein-magamiskott-4-seasons-talvinesuvine-spickle-grey\/#primaryimage"},"image":{"@id":"https:\/\/sulin.ee\/en\/toode\/jollein-magamiskott-4-seasons-talvinesuvine-spickle-grey\/#primaryimage"},"thumbnailUrl":"https:\/\/sulin.ee\/wp-content\/uploads\/2023\/03\/Piltide-korrektuurid-kodulehel-10.png","datePublished":"2023-03-19T11:40:22+00:00","dateModified":"2025-09-07T21:47:40+00:00","description":"Jollein magamiskott 4-seasons on eemaldatava sisemusega magamiskott, mida saab kasutada aasta ringi.","breadcrumb":{"@id":"https:\/\/sulin.ee\/en\/toode\/jollein-magamiskott-4-seasons-talvinesuvine-spickle-grey\/#breadcrumb"},"inLanguage":"en-US","potentialAction":[{"@type":"ReadAction","target":["https:\/\/sulin.ee\/en\/toode\/jollein-magamiskott-4-seasons-talvinesuvine-spickle-grey\/"]}]},{"@type":"ImageObject","inLanguage":"en-US","@id":"https:\/\/sulin.ee\/en\/toode\/jollein-magamiskott-4-seasons-talvinesuvine-spickle-grey\/#primaryimage","url":"https:\/\/sulin.ee\/wp-content\/uploads\/2023\/03\/Piltide-korrektuurid-kodulehel-10.png","contentUrl":"https:\/\/sulin.ee\/wp-content\/uploads\/2023\/03\/Piltide-korrektuurid-kodulehel-10.png","width":1080,"height":1080,"caption":"Jollein magamiskott 4-seasons"},{"@type":"BreadcrumbList","@id":"https:\/\/sulin.ee\/en\/toode\/jollein-magamiskott-4-seasons-talvinesuvine-spickle-grey\/#breadcrumb","itemListElement":[{"@type":"ListItem","position":1,"name":"Home","item":"https:\/\/sulin.ee\/en\/"},{"@type":"ListItem","position":2,"name":"Sulin.ee e-pood","item":"https:\/\/sulin.ee\/shop\/"},{"@type":"ListItem","position":3,"name":"Jollein magamiskott 4-seasons (talvine+suvine) &#8211; Spickle Grey"}]},{"@type":"WebSite","@id":"https:\/\/sulin.ee\/en\/#website","url":"https:\/\/sulin.ee\/en\/","name":"sulin.ee","description":"","publisher":{"@id":"https:\/\/sulin.ee\/en\/#organization"},"potentialAction":[{"@type":"SearchAction","target":{"@type":"EntryPoint","urlTemplate":"https:\/\/sulin.ee\/en\/?s={search_term_string}"},"query-input":{"@type":"PropertyValueSpecification","valueRequired":true,"valueName":"search_term_string"}}],"inLanguage":"en-US"},{"@type":"Organization","@id":"https:\/\/sulin.ee\/en\/#organization","name":"SULIN TRADE O\u00dc","url":"https:\/\/sulin.ee\/en\/","logo":{"@type":"ImageObject","inLanguage":"en-US","@id":"https:\/\/sulin.ee\/en\/#\/schema\/logo\/image\/","url":"https:\/\/sulin.ee\/wp-content\/uploads\/2022\/11\/sulin-logo.png","contentUrl":"https:\/\/sulin.ee\/wp-content\/uploads\/2022\/11\/sulin-logo.png","width":871,"height":321,"caption":"SULIN TRADE O\u00dc"},"image":{"@id":"https:\/\/sulin.ee\/en\/#\/schema\/logo\/image\/"},"sameAs":["https:\/\/www.facebook.com\/www.sulin.ee\/","https:\/\/www.instagram.com\/sulintrade\/"]}]}},"builder_content":"","_links":{"self":[{"href":"https:\/\/sulin.ee\/en\/wp-json\/wp\/v2\/product\/11798","targetHints":{"allow":["GET"]}}],"collection":[{"href":"https:\/\/sulin.ee\/en\/wp-json\/wp\/v2\/product"}],"about":[{"href":"https:\/\/sulin.ee\/en\/wp-json\/wp\/v2\/types\/product"}],"replies":[{"embeddable":true,"href":"https:\/\/sulin.ee\/en\/wp-json\/wp\/v2\/comments?post=11798"}],"wp:featuredmedia":[{"embeddable":true,"href":"https:\/\/sulin.ee\/en\/wp-json\/wp\/v2\/media\/18385"}],"wp:attachment":[{"href":"https:\/\/sulin.ee\/en\/wp-json\/wp\/v2\/media?parent=11798"}],"wp:term":[{"taxonomy":"product_brand","embeddable":true,"href":"https:\/\/sulin.ee\/en\/wp-json\/wp\/v2\/product_brand?post=11798"},{"taxonomy":"product_cat","embeddable":true,"href":"https:\/\/sulin.ee\/en\/wp-json\/wp\/v2\/product_cat?post=11798"},{"taxonomy":"product_tag","embeddable":true,"href":"https:\/\/sulin.ee\/en\/wp-json\/wp\/v2\/product_tag?post=11798"}],"curies":[{"name":"wp","href":"https:\/\/api.w.org\/{rel}","templated":true}]}}