{"id":115,"date":"2022-09-13T14:00:20","date_gmt":"2022-09-13T14:00:20","guid":{"rendered":"http:\/\/test.itson.ee\/sulin\/product\/bambaw-roostevabast-terasest-termospudel-1000-ml\/"},"modified":"2025-09-07T22:04:16","modified_gmt":"2025-09-07T22:04:16","slug":"bambaw-roostevabast-terasest-termospudel-1000-ml","status":"publish","type":"product","link":"https:\/\/sulin.ee\/en\/toode\/bambaw-roostevabast-terasest-termospudel-1000-ml\/","title":{"rendered":"Bambaw roostevabast terasest termospudel"},"content":{"rendered":"<p style=\"text-align: justify;\"><strong><span style=\"font-family: arial, helvetica, sans-serif; font-size: medium;\">Bambaw roostevabast terasest termospudel on elegantse ja neutraalse kujuga BPA-vaba termospudel, mis <\/span>h<\/strong><span style=\"font-family: arial, helvetica, sans-serif; font-size: medium;\"><strong>oiab joogid kuumana kuni 12 tundi ja k\u00fclmana kuni 24 tundi.<\/strong> Pudeli sisemised ja v\u00e4limised seinad on valmistatud 18\/8 roostevabast terasest. Pudeli sisepind ei ole kaetud ega lakitud. Ei v\u00f5ta k\u00fclge maitseid ega l\u00f5hnu. Peab h\u00e4sti vastu roostele ja kergematele p\u00f5rutustele.<\/span><\/p>\n<p style=\"text-align: justify;\"><strong><span style=\"font-family: arial, helvetica, sans-serif; font-size: medium;\">Bambaw roostevabast terasest termospudeli hooldus:<\/span><\/strong><\/p>\n<p><span style=\"font-family: arial, helvetica, sans-serif; font-size: medium;\">Soovitatav k\u00e4sipesu. Vajadusel v\u00f5ib pudelit leotada vees pikemat aega. P\u00f5hjalikumaks puhastamiseks on soovitatav kasutada pudeliharja, sooja vett ja 1 tl s\u00f6\u00f6gisoodat. Mitte kasutada abrassiivseid ja kloorip\u00f5hiseid puhastusvahendeid.<\/span><\/p>\n<p style=\"text-align: justify;\"><span style=\"font-family: arial, helvetica, sans-serif; font-size: medium;\">Ei sobi kasutamiseks ahjus, mikrolaineahjus ega s\u00fcgavk\u00fclmas. <\/span><span style=\"font-family: arial, helvetica, sans-serif; font-size: medium;\">Pikema perioodi jooksul pudelit hoiustades eemalda pudelilt kork.<\/span><\/p>\n<p><strong><a href=\"https:\/\/www.bambaw.com\/\" target=\"_blank\" rel=\"noopener\">Bambaw<\/a> roostevabast terasest termospudel on saadaval neljas erinevas m\u00f5\u00f5dus:<\/strong> 350 ml, 500 ml, 750 ml, 1000 ml.<\/p>\n<p>Vaata lisaks ka <span style=\"color: #0000ff;\"><a style=\"color: #0000ff;\" href=\"https:\/\/sulin.ee\/tootekategooria\/kodu\/elustiil\/toidukarbid-elustiil\/\" target=\"_blank\" rel=\"noopener\">roostevabast terasest toidukarpe<\/a><\/span>.<\/p>\n","protected":false},"excerpt":{"rendered":"<p>Bambaw roostevabast terasest termospudel on elegantse ja neutraalse kujuga BPA-vaba termospudel, mis hoiab joogid kuumana kuni 12 tundi ja k\u00fclmana kuni 24 tundi. Pudeli sisemised ja v\u00e4limised seinad on valmistatud 18\/8 roostevabast terasest. Pudeli sisepind ei ole kaetud ega lakitud. Ei v\u00f5ta k\u00fclge maitseid ega l\u00f5hnu. Peab h\u00e4sti vastu roostele ja kergematele p\u00f5rutustele. Bambaw roostevabast [&hellip;]<\/p>\n","protected":false},"featured_media":3085,"comment_status":"open","ping_status":"closed","template":"","meta":[],"product_brand":[],"product_cat":[71,239],"product_tag":[249],"class_list":{"0":"post-115","1":"product","2":"type-product","3":"status-publish","4":"has-post-thumbnail","6":"product_cat-termospudelid","7":"product_cat-bambaw","8":"product_tag-bambaw","9":"has-post-title","10":"has-post-date","11":"has-post-category","12":"has-post-tag","13":"has-post-comment","14":"has-post-author","15":"","17":"first","18":"instock","19":"sale","20":"taxable","21":"shipping-taxable","22":"purchasable","23":"product-type-variable"},"yoast_head":"<!-- This site is optimized with the Yoast SEO plugin v26.8 - https:\/\/yoast.com\/product\/yoast-seo-wordpress\/ -->\n<title>Bambaw roostevabast terasest termospudel - sulin.ee<\/title>\n<meta name=\"description\" content=\"Bambaw roostevabast terasest termospudel on elegantse kujuga BPA-vaba termospudel, mis hoiab joogid kuumana kuni 12 tundi ja k\u00fclmana kuni 24 tundi.\" \/>\n<meta name=\"robots\" content=\"index, follow, max-snippet:-1, max-image-preview:large, max-video-preview:-1\" \/>\n<link rel=\"canonical\" href=\"https:\/\/sulin.ee\/en\/toode\/bambaw-roostevabast-terasest-termospudel-1000-ml\/\" \/>\n<meta property=\"og:locale\" content=\"en_US\" \/>\n<meta property=\"og:type\" content=\"article\" \/>\n<meta property=\"og:title\" content=\"Bambaw roostevabast terasest termospudel - sulin.ee\" \/>\n<meta property=\"og:description\" content=\"Bambaw roostevabast terasest termospudel on elegantse kujuga BPA-vaba termospudel, mis hoiab joogid kuumana kuni 12 tundi ja k\u00fclmana kuni 24 tundi.\" \/>\n<meta property=\"og:url\" content=\"https:\/\/sulin.ee\/en\/toode\/bambaw-roostevabast-terasest-termospudel-1000-ml\/\" \/>\n<meta property=\"og:site_name\" content=\"sulin.ee\" \/>\n<meta property=\"article:publisher\" content=\"https:\/\/www.facebook.com\/www.sulin.ee\/\" \/>\n<meta property=\"article:modified_time\" content=\"2025-09-07T22:04:16+00:00\" \/>\n<meta property=\"og:image\" content=\"https:\/\/sulin.ee\/wp-content\/uploads\/2022\/09\/Bambaw-Steel-Bottle-Insulated-termospudel-1000ml.jpg\" \/>\n\t<meta property=\"og:image:width\" content=\"800\" \/>\n\t<meta property=\"og:image:height\" content=\"800\" \/>\n\t<meta property=\"og:image:type\" content=\"image\/jpeg\" \/>\n<meta name=\"twitter:card\" content=\"summary_large_image\" \/>\n<meta name=\"twitter:label1\" content=\"Est. reading time\" \/>\n\t<meta name=\"twitter:data1\" content=\"1 minute\" \/>\n<script type=\"application\/ld+json\" class=\"yoast-schema-graph\">{\"@context\":\"https:\/\/schema.org\",\"@graph\":[{\"@type\":\"WebPage\",\"@id\":\"https:\/\/sulin.ee\/en\/toode\/bambaw-roostevabast-terasest-termospudel-1000-ml\/\",\"url\":\"https:\/\/sulin.ee\/en\/toode\/bambaw-roostevabast-terasest-termospudel-1000-ml\/\",\"name\":\"Bambaw roostevabast terasest termospudel - sulin.ee\",\"isPartOf\":{\"@id\":\"https:\/\/sulin.ee\/en\/#website\"},\"primaryImageOfPage\":{\"@id\":\"https:\/\/sulin.ee\/en\/toode\/bambaw-roostevabast-terasest-termospudel-1000-ml\/#primaryimage\"},\"image\":{\"@id\":\"https:\/\/sulin.ee\/en\/toode\/bambaw-roostevabast-terasest-termospudel-1000-ml\/#primaryimage\"},\"thumbnailUrl\":\"https:\/\/sulin.ee\/wp-content\/uploads\/2022\/09\/Bambaw-Steel-Bottle-Insulated-termospudel-1000ml.jpg\",\"datePublished\":\"2022-09-13T14:00:20+00:00\",\"dateModified\":\"2025-09-07T22:04:16+00:00\",\"description\":\"Bambaw roostevabast terasest termospudel on elegantse kujuga BPA-vaba termospudel, mis hoiab joogid kuumana kuni 12 tundi ja k\u00fclmana kuni 24 tundi.\",\"breadcrumb\":{\"@id\":\"https:\/\/sulin.ee\/en\/toode\/bambaw-roostevabast-terasest-termospudel-1000-ml\/#breadcrumb\"},\"inLanguage\":\"en-US\",\"potentialAction\":[{\"@type\":\"ReadAction\",\"target\":[\"https:\/\/sulin.ee\/en\/toode\/bambaw-roostevabast-terasest-termospudel-1000-ml\/\"]}]},{\"@type\":\"ImageObject\",\"inLanguage\":\"en-US\",\"@id\":\"https:\/\/sulin.ee\/en\/toode\/bambaw-roostevabast-terasest-termospudel-1000-ml\/#primaryimage\",\"url\":\"https:\/\/sulin.ee\/wp-content\/uploads\/2022\/09\/Bambaw-Steel-Bottle-Insulated-termospudel-1000ml.jpg\",\"contentUrl\":\"https:\/\/sulin.ee\/wp-content\/uploads\/2022\/09\/Bambaw-Steel-Bottle-Insulated-termospudel-1000ml.jpg\",\"width\":800,\"height\":800,\"caption\":\"Bambaw roostevabast terasest termospudel\"},{\"@type\":\"BreadcrumbList\",\"@id\":\"https:\/\/sulin.ee\/en\/toode\/bambaw-roostevabast-terasest-termospudel-1000-ml\/#breadcrumb\",\"itemListElement\":[{\"@type\":\"ListItem\",\"position\":1,\"name\":\"Home\",\"item\":\"https:\/\/sulin.ee\/en\/\"},{\"@type\":\"ListItem\",\"position\":2,\"name\":\"Sulin.ee e-pood\",\"item\":\"https:\/\/sulin.ee\/shop\/\"},{\"@type\":\"ListItem\",\"position\":3,\"name\":\"Bambaw roostevabast terasest termospudel\"}]},{\"@type\":\"WebSite\",\"@id\":\"https:\/\/sulin.ee\/en\/#website\",\"url\":\"https:\/\/sulin.ee\/en\/\",\"name\":\"sulin.ee\",\"description\":\"\",\"publisher\":{\"@id\":\"https:\/\/sulin.ee\/en\/#organization\"},\"potentialAction\":[{\"@type\":\"SearchAction\",\"target\":{\"@type\":\"EntryPoint\",\"urlTemplate\":\"https:\/\/sulin.ee\/en\/?s={search_term_string}\"},\"query-input\":{\"@type\":\"PropertyValueSpecification\",\"valueRequired\":true,\"valueName\":\"search_term_string\"}}],\"inLanguage\":\"en-US\"},{\"@type\":\"Organization\",\"@id\":\"https:\/\/sulin.ee\/en\/#organization\",\"name\":\"SULIN TRADE O\u00dc\",\"url\":\"https:\/\/sulin.ee\/en\/\",\"logo\":{\"@type\":\"ImageObject\",\"inLanguage\":\"en-US\",\"@id\":\"https:\/\/sulin.ee\/en\/#\/schema\/logo\/image\/\",\"url\":\"https:\/\/sulin.ee\/wp-content\/uploads\/2022\/11\/sulin-logo.png\",\"contentUrl\":\"https:\/\/sulin.ee\/wp-content\/uploads\/2022\/11\/sulin-logo.png\",\"width\":871,\"height\":321,\"caption\":\"SULIN TRADE O\u00dc\"},\"image\":{\"@id\":\"https:\/\/sulin.ee\/en\/#\/schema\/logo\/image\/\"},\"sameAs\":[\"https:\/\/www.facebook.com\/www.sulin.ee\/\",\"https:\/\/www.instagram.com\/sulintrade\/\"]}]}<\/script>\n<!-- \/ Yoast SEO plugin. -->","yoast_head_json":{"title":"Bambaw roostevabast terasest termospudel - sulin.ee","description":"Bambaw roostevabast terasest termospudel on elegantse kujuga BPA-vaba termospudel, mis hoiab joogid kuumana kuni 12 tundi ja k\u00fclmana kuni 24 tundi.","robots":{"index":"index","follow":"follow","max-snippet":"max-snippet:-1","max-image-preview":"max-image-preview:large","max-video-preview":"max-video-preview:-1"},"canonical":"https:\/\/sulin.ee\/en\/toode\/bambaw-roostevabast-terasest-termospudel-1000-ml\/","og_locale":"en_US","og_type":"article","og_title":"Bambaw roostevabast terasest termospudel - sulin.ee","og_description":"Bambaw roostevabast terasest termospudel on elegantse kujuga BPA-vaba termospudel, mis hoiab joogid kuumana kuni 12 tundi ja k\u00fclmana kuni 24 tundi.","og_url":"https:\/\/sulin.ee\/en\/toode\/bambaw-roostevabast-terasest-termospudel-1000-ml\/","og_site_name":"sulin.ee","article_publisher":"https:\/\/www.facebook.com\/www.sulin.ee\/","article_modified_time":"2025-09-07T22:04:16+00:00","og_image":[{"width":800,"height":800,"url":"https:\/\/sulin.ee\/wp-content\/uploads\/2022\/09\/Bambaw-Steel-Bottle-Insulated-termospudel-1000ml.jpg","type":"image\/jpeg"}],"twitter_card":"summary_large_image","twitter_misc":{"Est. reading time":"1 minute"},"schema":{"@context":"https:\/\/schema.org","@graph":[{"@type":"WebPage","@id":"https:\/\/sulin.ee\/en\/toode\/bambaw-roostevabast-terasest-termospudel-1000-ml\/","url":"https:\/\/sulin.ee\/en\/toode\/bambaw-roostevabast-terasest-termospudel-1000-ml\/","name":"Bambaw roostevabast terasest termospudel - sulin.ee","isPartOf":{"@id":"https:\/\/sulin.ee\/en\/#website"},"primaryImageOfPage":{"@id":"https:\/\/sulin.ee\/en\/toode\/bambaw-roostevabast-terasest-termospudel-1000-ml\/#primaryimage"},"image":{"@id":"https:\/\/sulin.ee\/en\/toode\/bambaw-roostevabast-terasest-termospudel-1000-ml\/#primaryimage"},"thumbnailUrl":"https:\/\/sulin.ee\/wp-content\/uploads\/2022\/09\/Bambaw-Steel-Bottle-Insulated-termospudel-1000ml.jpg","datePublished":"2022-09-13T14:00:20+00:00","dateModified":"2025-09-07T22:04:16+00:00","description":"Bambaw roostevabast terasest termospudel on elegantse kujuga BPA-vaba termospudel, mis hoiab joogid kuumana kuni 12 tundi ja k\u00fclmana kuni 24 tundi.","breadcrumb":{"@id":"https:\/\/sulin.ee\/en\/toode\/bambaw-roostevabast-terasest-termospudel-1000-ml\/#breadcrumb"},"inLanguage":"en-US","potentialAction":[{"@type":"ReadAction","target":["https:\/\/sulin.ee\/en\/toode\/bambaw-roostevabast-terasest-termospudel-1000-ml\/"]}]},{"@type":"ImageObject","inLanguage":"en-US","@id":"https:\/\/sulin.ee\/en\/toode\/bambaw-roostevabast-terasest-termospudel-1000-ml\/#primaryimage","url":"https:\/\/sulin.ee\/wp-content\/uploads\/2022\/09\/Bambaw-Steel-Bottle-Insulated-termospudel-1000ml.jpg","contentUrl":"https:\/\/sulin.ee\/wp-content\/uploads\/2022\/09\/Bambaw-Steel-Bottle-Insulated-termospudel-1000ml.jpg","width":800,"height":800,"caption":"Bambaw roostevabast terasest termospudel"},{"@type":"BreadcrumbList","@id":"https:\/\/sulin.ee\/en\/toode\/bambaw-roostevabast-terasest-termospudel-1000-ml\/#breadcrumb","itemListElement":[{"@type":"ListItem","position":1,"name":"Home","item":"https:\/\/sulin.ee\/en\/"},{"@type":"ListItem","position":2,"name":"Sulin.ee e-pood","item":"https:\/\/sulin.ee\/shop\/"},{"@type":"ListItem","position":3,"name":"Bambaw roostevabast terasest termospudel"}]},{"@type":"WebSite","@id":"https:\/\/sulin.ee\/en\/#website","url":"https:\/\/sulin.ee\/en\/","name":"sulin.ee","description":"","publisher":{"@id":"https:\/\/sulin.ee\/en\/#organization"},"potentialAction":[{"@type":"SearchAction","target":{"@type":"EntryPoint","urlTemplate":"https:\/\/sulin.ee\/en\/?s={search_term_string}"},"query-input":{"@type":"PropertyValueSpecification","valueRequired":true,"valueName":"search_term_string"}}],"inLanguage":"en-US"},{"@type":"Organization","@id":"https:\/\/sulin.ee\/en\/#organization","name":"SULIN TRADE O\u00dc","url":"https:\/\/sulin.ee\/en\/","logo":{"@type":"ImageObject","inLanguage":"en-US","@id":"https:\/\/sulin.ee\/en\/#\/schema\/logo\/image\/","url":"https:\/\/sulin.ee\/wp-content\/uploads\/2022\/11\/sulin-logo.png","contentUrl":"https:\/\/sulin.ee\/wp-content\/uploads\/2022\/11\/sulin-logo.png","width":871,"height":321,"caption":"SULIN TRADE O\u00dc"},"image":{"@id":"https:\/\/sulin.ee\/en\/#\/schema\/logo\/image\/"},"sameAs":["https:\/\/www.facebook.com\/www.sulin.ee\/","https:\/\/www.instagram.com\/sulintrade\/"]}]}},"builder_content":"","_links":{"self":[{"href":"https:\/\/sulin.ee\/en\/wp-json\/wp\/v2\/product\/115","targetHints":{"allow":["GET"]}}],"collection":[{"href":"https:\/\/sulin.ee\/en\/wp-json\/wp\/v2\/product"}],"about":[{"href":"https:\/\/sulin.ee\/en\/wp-json\/wp\/v2\/types\/product"}],"replies":[{"embeddable":true,"href":"https:\/\/sulin.ee\/en\/wp-json\/wp\/v2\/comments?post=115"}],"wp:featuredmedia":[{"embeddable":true,"href":"https:\/\/sulin.ee\/en\/wp-json\/wp\/v2\/media\/3085"}],"wp:attachment":[{"href":"https:\/\/sulin.ee\/en\/wp-json\/wp\/v2\/media?parent=115"}],"wp:term":[{"taxonomy":"product_brand","embeddable":true,"href":"https:\/\/sulin.ee\/en\/wp-json\/wp\/v2\/product_brand?post=115"},{"taxonomy":"product_cat","embeddable":true,"href":"https:\/\/sulin.ee\/en\/wp-json\/wp\/v2\/product_cat?post=115"},{"taxonomy":"product_tag","embeddable":true,"href":"https:\/\/sulin.ee\/en\/wp-json\/wp\/v2\/product_tag?post=115"}],"curies":[{"name":"wp","href":"https:\/\/api.w.org\/{rel}","templated":true}]}}