{"id":11478,"date":"2023-02-28T13:14:17","date_gmt":"2023-02-28T13:14:17","guid":{"rendered":"https:\/\/sulin.ee\/?post_type=product&#038;p=11478"},"modified":"2025-11-13T18:38:29","modified_gmt":"2025-11-13T18:38:29","slug":"b-box-umber-randme-kaiv-narimislelu","status":"publish","type":"product","link":"https:\/\/sulin.ee\/en\/toode\/b-box-umber-randme-kaiv-narimislelu\/","title":{"rendered":"b.box \u00fcmber randme k\u00e4iv n\u00e4rimislelu"},"content":{"rendered":"<p><strong>b.box \u00fcmber randme k\u00e4iv n\u00e4rimislelu aitab leevendada hammaste tulekuga kaasnevat ebamugavustunnet. L\u00e4bim\u00f5eldud disain ja mitmekesine tekstuur aitavad arendada beebi koordinatsiooni ja liigutuste t\u00e4psust.<\/strong><\/p>\n<p>Pehmest silikoonist n\u00e4rimislelu on piisavalt painduv, et laps saaks seda pigistada, murda ja hammustada. Unikaalse disainiga n\u00e4rimislelu saab kanda \u00fcmber randme ning beebi saab \u00f5ppida haaramist.<\/p>\n<p>Rebase kujuga n\u00e4rimislelu on mitmekesise tekstuuriga ning pakub beebile hammaste l\u00f5ikumise ajal leevendust. Lisaks aitab n\u00e4rimisleluga m\u00e4ngimine arenda koordinatsiooni ja liigutuste t\u00e4psust.<\/p>\n<p><a href=\"https:\/\/bbox.com.au\/\" target=\"_blank\" rel=\"noopener\">b.box<\/a> \u00fcmber randme k\u00e4iv n\u00e4rimislelu on lihtne puhastada. Pese kraani all v\u00f5i n\u00f5udepesumasinas, sobib ka steriliseerimiseks.<\/p>\n<p>Valmistatud ohutust, toidukvaliteediga silikoonist.<\/p>\n<p>Sobib alates 3. elukuust.<\/p>\n<p>Laia valiku n\u00e4rimis- ja vannilelusid leiad <span style=\"color: #0000ff;\"><a style=\"color: #0000ff;\" href=\"https:\/\/sulin.ee\/tootekategooria\/beebid\/narimislelud\/\" target=\"_blank\" rel=\"noopener\">siit<\/a><\/span>.<\/p>\n","protected":false},"excerpt":{"rendered":"<p>b.box \u00fcmber randme k\u00e4iv n\u00e4rimislelu aitab leevendada hammaste tulekuga kaasnevat ebamugavustunnet. L\u00e4bim\u00f5eldud disain ja mitmekesine tekstuur aitavad arendada beebi koordinatsiooni ja liigutuste t\u00e4psust. Pehmest silikoonist n\u00e4rimislelu on piisavalt painduv, et laps saaks seda pigistada, murda ja hammustada. Unikaalse disainiga n\u00e4rimislelu saab kanda \u00fcmber randme ning beebi saab \u00f5ppida haaramist. Rebase kujuga n\u00e4rimislelu on mitmekesise tekstuuriga [&hellip;]<\/p>\n","protected":false},"featured_media":11501,"comment_status":"open","ping_status":"closed","template":"","meta":[],"product_brand":[],"product_cat":[31,1162,1163,852],"product_tag":[],"class_list":{"0":"post-11478","1":"product","2":"type-product","3":"status-publish","4":"has-post-thumbnail","6":"product_cat-narimislelud","7":"product_cat-kingituseks","8":"product_cat-0-1-aasta","9":"product_cat-b-box","10":"has-post-title","11":"has-post-date","12":"has-post-category","13":"has-post-tag","14":"has-post-comment","15":"has-post-author","16":"","18":"first","19":"instock","20":"sale","21":"taxable","22":"shipping-taxable","23":"purchasable","24":"product-type-variable"},"yoast_head":"<!-- This site is optimized with the Yoast SEO plugin v26.8 - https:\/\/yoast.com\/product\/yoast-seo-wordpress\/ -->\n<title>b.box \u00fcmber randme k\u00e4iv n\u00e4rimislelu - sulin.ee<\/title>\n<meta name=\"description\" content=\"b.box \u00fcmber randme k\u00e4iv n\u00e4rimislelu aitab leevendada hammaste tulekuga kaasnevat ebamugavtunnet. L\u00e4bim\u00f5eldud disain ja mitmekesine tekstuur.\" \/>\n<meta name=\"robots\" content=\"index, follow, max-snippet:-1, max-image-preview:large, max-video-preview:-1\" \/>\n<link rel=\"canonical\" href=\"https:\/\/sulin.ee\/en\/toode\/b-box-umber-randme-kaiv-narimislelu\/\" \/>\n<meta property=\"og:locale\" content=\"en_US\" \/>\n<meta property=\"og:type\" content=\"article\" \/>\n<meta property=\"og:title\" content=\"b.box \u00fcmber randme k\u00e4iv n\u00e4rimislelu - sulin.ee\" \/>\n<meta property=\"og:description\" content=\"b.box \u00fcmber randme k\u00e4iv n\u00e4rimislelu aitab leevendada hammaste tulekuga kaasnevat ebamugavtunnet. L\u00e4bim\u00f5eldud disain ja mitmekesine tekstuur.\" \/>\n<meta property=\"og:url\" content=\"https:\/\/sulin.ee\/en\/toode\/b-box-umber-randme-kaiv-narimislelu\/\" \/>\n<meta property=\"og:site_name\" content=\"sulin.ee\" \/>\n<meta property=\"article:publisher\" content=\"https:\/\/www.facebook.com\/www.sulin.ee\/\" \/>\n<meta property=\"article:modified_time\" content=\"2025-11-13T18:38:29+00:00\" \/>\n<meta property=\"og:image\" content=\"https:\/\/sulin.ee\/wp-content\/uploads\/2023\/02\/5-2.jpg\" \/>\n\t<meta property=\"og:image:width\" content=\"1080\" \/>\n\t<meta property=\"og:image:height\" content=\"1080\" \/>\n\t<meta property=\"og:image:type\" content=\"image\/jpeg\" \/>\n<meta name=\"twitter:card\" content=\"summary_large_image\" \/>\n<meta name=\"twitter:label1\" content=\"Est. reading time\" \/>\n\t<meta name=\"twitter:data1\" content=\"1 minute\" \/>\n<script type=\"application\/ld+json\" class=\"yoast-schema-graph\">{\"@context\":\"https:\/\/schema.org\",\"@graph\":[{\"@type\":\"WebPage\",\"@id\":\"https:\/\/sulin.ee\/en\/toode\/b-box-umber-randme-kaiv-narimislelu\/\",\"url\":\"https:\/\/sulin.ee\/en\/toode\/b-box-umber-randme-kaiv-narimislelu\/\",\"name\":\"b.box \u00fcmber randme k\u00e4iv n\u00e4rimislelu - sulin.ee\",\"isPartOf\":{\"@id\":\"https:\/\/sulin.ee\/en\/#website\"},\"primaryImageOfPage\":{\"@id\":\"https:\/\/sulin.ee\/en\/toode\/b-box-umber-randme-kaiv-narimislelu\/#primaryimage\"},\"image\":{\"@id\":\"https:\/\/sulin.ee\/en\/toode\/b-box-umber-randme-kaiv-narimislelu\/#primaryimage\"},\"thumbnailUrl\":\"https:\/\/sulin.ee\/wp-content\/uploads\/2023\/02\/5-2.jpg\",\"datePublished\":\"2023-02-28T13:14:17+00:00\",\"dateModified\":\"2025-11-13T18:38:29+00:00\",\"description\":\"b.box \u00fcmber randme k\u00e4iv n\u00e4rimislelu aitab leevendada hammaste tulekuga kaasnevat ebamugavtunnet. L\u00e4bim\u00f5eldud disain ja mitmekesine tekstuur.\",\"breadcrumb\":{\"@id\":\"https:\/\/sulin.ee\/en\/toode\/b-box-umber-randme-kaiv-narimislelu\/#breadcrumb\"},\"inLanguage\":\"en-US\",\"potentialAction\":[{\"@type\":\"ReadAction\",\"target\":[\"https:\/\/sulin.ee\/en\/toode\/b-box-umber-randme-kaiv-narimislelu\/\"]}]},{\"@type\":\"ImageObject\",\"inLanguage\":\"en-US\",\"@id\":\"https:\/\/sulin.ee\/en\/toode\/b-box-umber-randme-kaiv-narimislelu\/#primaryimage\",\"url\":\"https:\/\/sulin.ee\/wp-content\/uploads\/2023\/02\/5-2.jpg\",\"contentUrl\":\"https:\/\/sulin.ee\/wp-content\/uploads\/2023\/02\/5-2.jpg\",\"width\":1080,\"height\":1080,\"caption\":\"b.box \u00fcmber randme k\u00e4iv n\u00e4rimislelu\"},{\"@type\":\"BreadcrumbList\",\"@id\":\"https:\/\/sulin.ee\/en\/toode\/b-box-umber-randme-kaiv-narimislelu\/#breadcrumb\",\"itemListElement\":[{\"@type\":\"ListItem\",\"position\":1,\"name\":\"Home\",\"item\":\"https:\/\/sulin.ee\/en\/\"},{\"@type\":\"ListItem\",\"position\":2,\"name\":\"Sulin.ee e-pood\",\"item\":\"https:\/\/sulin.ee\/shop\/\"},{\"@type\":\"ListItem\",\"position\":3,\"name\":\"b.box \u00fcmber randme k\u00e4iv n\u00e4rimislelu\"}]},{\"@type\":\"WebSite\",\"@id\":\"https:\/\/sulin.ee\/en\/#website\",\"url\":\"https:\/\/sulin.ee\/en\/\",\"name\":\"sulin.ee\",\"description\":\"\",\"publisher\":{\"@id\":\"https:\/\/sulin.ee\/en\/#organization\"},\"potentialAction\":[{\"@type\":\"SearchAction\",\"target\":{\"@type\":\"EntryPoint\",\"urlTemplate\":\"https:\/\/sulin.ee\/en\/?s={search_term_string}\"},\"query-input\":{\"@type\":\"PropertyValueSpecification\",\"valueRequired\":true,\"valueName\":\"search_term_string\"}}],\"inLanguage\":\"en-US\"},{\"@type\":\"Organization\",\"@id\":\"https:\/\/sulin.ee\/en\/#organization\",\"name\":\"SULIN TRADE O\u00dc\",\"url\":\"https:\/\/sulin.ee\/en\/\",\"logo\":{\"@type\":\"ImageObject\",\"inLanguage\":\"en-US\",\"@id\":\"https:\/\/sulin.ee\/en\/#\/schema\/logo\/image\/\",\"url\":\"https:\/\/sulin.ee\/wp-content\/uploads\/2022\/11\/sulin-logo.png\",\"contentUrl\":\"https:\/\/sulin.ee\/wp-content\/uploads\/2022\/11\/sulin-logo.png\",\"width\":871,\"height\":321,\"caption\":\"SULIN TRADE O\u00dc\"},\"image\":{\"@id\":\"https:\/\/sulin.ee\/en\/#\/schema\/logo\/image\/\"},\"sameAs\":[\"https:\/\/www.facebook.com\/www.sulin.ee\/\",\"https:\/\/www.instagram.com\/sulintrade\/\"]}]}<\/script>\n<!-- \/ Yoast SEO plugin. -->","yoast_head_json":{"title":"b.box \u00fcmber randme k\u00e4iv n\u00e4rimislelu - sulin.ee","description":"b.box \u00fcmber randme k\u00e4iv n\u00e4rimislelu aitab leevendada hammaste tulekuga kaasnevat ebamugavtunnet. L\u00e4bim\u00f5eldud disain ja mitmekesine tekstuur.","robots":{"index":"index","follow":"follow","max-snippet":"max-snippet:-1","max-image-preview":"max-image-preview:large","max-video-preview":"max-video-preview:-1"},"canonical":"https:\/\/sulin.ee\/en\/toode\/b-box-umber-randme-kaiv-narimislelu\/","og_locale":"en_US","og_type":"article","og_title":"b.box \u00fcmber randme k\u00e4iv n\u00e4rimislelu - sulin.ee","og_description":"b.box \u00fcmber randme k\u00e4iv n\u00e4rimislelu aitab leevendada hammaste tulekuga kaasnevat ebamugavtunnet. L\u00e4bim\u00f5eldud disain ja mitmekesine tekstuur.","og_url":"https:\/\/sulin.ee\/en\/toode\/b-box-umber-randme-kaiv-narimislelu\/","og_site_name":"sulin.ee","article_publisher":"https:\/\/www.facebook.com\/www.sulin.ee\/","article_modified_time":"2025-11-13T18:38:29+00:00","og_image":[{"width":1080,"height":1080,"url":"https:\/\/sulin.ee\/wp-content\/uploads\/2023\/02\/5-2.jpg","type":"image\/jpeg"}],"twitter_card":"summary_large_image","twitter_misc":{"Est. reading time":"1 minute"},"schema":{"@context":"https:\/\/schema.org","@graph":[{"@type":"WebPage","@id":"https:\/\/sulin.ee\/en\/toode\/b-box-umber-randme-kaiv-narimislelu\/","url":"https:\/\/sulin.ee\/en\/toode\/b-box-umber-randme-kaiv-narimislelu\/","name":"b.box \u00fcmber randme k\u00e4iv n\u00e4rimislelu - sulin.ee","isPartOf":{"@id":"https:\/\/sulin.ee\/en\/#website"},"primaryImageOfPage":{"@id":"https:\/\/sulin.ee\/en\/toode\/b-box-umber-randme-kaiv-narimislelu\/#primaryimage"},"image":{"@id":"https:\/\/sulin.ee\/en\/toode\/b-box-umber-randme-kaiv-narimislelu\/#primaryimage"},"thumbnailUrl":"https:\/\/sulin.ee\/wp-content\/uploads\/2023\/02\/5-2.jpg","datePublished":"2023-02-28T13:14:17+00:00","dateModified":"2025-11-13T18:38:29+00:00","description":"b.box \u00fcmber randme k\u00e4iv n\u00e4rimislelu aitab leevendada hammaste tulekuga kaasnevat ebamugavtunnet. L\u00e4bim\u00f5eldud disain ja mitmekesine tekstuur.","breadcrumb":{"@id":"https:\/\/sulin.ee\/en\/toode\/b-box-umber-randme-kaiv-narimislelu\/#breadcrumb"},"inLanguage":"en-US","potentialAction":[{"@type":"ReadAction","target":["https:\/\/sulin.ee\/en\/toode\/b-box-umber-randme-kaiv-narimislelu\/"]}]},{"@type":"ImageObject","inLanguage":"en-US","@id":"https:\/\/sulin.ee\/en\/toode\/b-box-umber-randme-kaiv-narimislelu\/#primaryimage","url":"https:\/\/sulin.ee\/wp-content\/uploads\/2023\/02\/5-2.jpg","contentUrl":"https:\/\/sulin.ee\/wp-content\/uploads\/2023\/02\/5-2.jpg","width":1080,"height":1080,"caption":"b.box \u00fcmber randme k\u00e4iv n\u00e4rimislelu"},{"@type":"BreadcrumbList","@id":"https:\/\/sulin.ee\/en\/toode\/b-box-umber-randme-kaiv-narimislelu\/#breadcrumb","itemListElement":[{"@type":"ListItem","position":1,"name":"Home","item":"https:\/\/sulin.ee\/en\/"},{"@type":"ListItem","position":2,"name":"Sulin.ee e-pood","item":"https:\/\/sulin.ee\/shop\/"},{"@type":"ListItem","position":3,"name":"b.box \u00fcmber randme k\u00e4iv n\u00e4rimislelu"}]},{"@type":"WebSite","@id":"https:\/\/sulin.ee\/en\/#website","url":"https:\/\/sulin.ee\/en\/","name":"sulin.ee","description":"","publisher":{"@id":"https:\/\/sulin.ee\/en\/#organization"},"potentialAction":[{"@type":"SearchAction","target":{"@type":"EntryPoint","urlTemplate":"https:\/\/sulin.ee\/en\/?s={search_term_string}"},"query-input":{"@type":"PropertyValueSpecification","valueRequired":true,"valueName":"search_term_string"}}],"inLanguage":"en-US"},{"@type":"Organization","@id":"https:\/\/sulin.ee\/en\/#organization","name":"SULIN TRADE O\u00dc","url":"https:\/\/sulin.ee\/en\/","logo":{"@type":"ImageObject","inLanguage":"en-US","@id":"https:\/\/sulin.ee\/en\/#\/schema\/logo\/image\/","url":"https:\/\/sulin.ee\/wp-content\/uploads\/2022\/11\/sulin-logo.png","contentUrl":"https:\/\/sulin.ee\/wp-content\/uploads\/2022\/11\/sulin-logo.png","width":871,"height":321,"caption":"SULIN TRADE O\u00dc"},"image":{"@id":"https:\/\/sulin.ee\/en\/#\/schema\/logo\/image\/"},"sameAs":["https:\/\/www.facebook.com\/www.sulin.ee\/","https:\/\/www.instagram.com\/sulintrade\/"]}]}},"builder_content":"","_links":{"self":[{"href":"https:\/\/sulin.ee\/en\/wp-json\/wp\/v2\/product\/11478","targetHints":{"allow":["GET"]}}],"collection":[{"href":"https:\/\/sulin.ee\/en\/wp-json\/wp\/v2\/product"}],"about":[{"href":"https:\/\/sulin.ee\/en\/wp-json\/wp\/v2\/types\/product"}],"replies":[{"embeddable":true,"href":"https:\/\/sulin.ee\/en\/wp-json\/wp\/v2\/comments?post=11478"}],"wp:featuredmedia":[{"embeddable":true,"href":"https:\/\/sulin.ee\/en\/wp-json\/wp\/v2\/media\/11501"}],"wp:attachment":[{"href":"https:\/\/sulin.ee\/en\/wp-json\/wp\/v2\/media?parent=11478"}],"wp:term":[{"taxonomy":"product_brand","embeddable":true,"href":"https:\/\/sulin.ee\/en\/wp-json\/wp\/v2\/product_brand?post=11478"},{"taxonomy":"product_cat","embeddable":true,"href":"https:\/\/sulin.ee\/en\/wp-json\/wp\/v2\/product_cat?post=11478"},{"taxonomy":"product_tag","embeddable":true,"href":"https:\/\/sulin.ee\/en\/wp-json\/wp\/v2\/product_tag?post=11478"}],"curies":[{"name":"wp","href":"https:\/\/api.w.org\/{rel}","templated":true}]}}