{"id":11446,"date":"2023-02-27T20:27:34","date_gmt":"2023-02-27T20:27:34","guid":{"rendered":"https:\/\/sulin.ee\/?post_type=product&#038;p=11446"},"modified":"2026-03-22T05:14:22","modified_gmt":"2026-03-22T05:14:22","slug":"korrega-joogipudel-b-box-450ml","status":"publish","type":"product","link":"https:\/\/sulin.ee\/en\/toode\/korrega-joogipudel-b-box-450ml\/","title":{"rendered":"K\u00f5rrega joogipudel, b.box 450ml"},"content":{"rendered":"<p><strong>K\u00f5rrega joogipudel on valmistatud ohutust tritan* materjalist ning sobib kasutamiseks nii suurtele, kui v\u00e4ikestele lastele. Auhinnatud joogipudel on ainulaadse kolmnurkse kujuga, mida v\u00e4ikestel k\u00e4tel on lihtne haarata ja k\u00e4es hoida.<\/strong><\/p>\n<p>K\u00f5rrega joogipudel kaas avaneb lihtsa nupule vajutusega ning kinni olles tagab h\u00fcgieenilisuse. Joogipudeli k\u00f5rs on varustatud lekkekindla ventiiliga, mis ei lase vedelikul juhuslikult lekkida v\u00f5i maha valguda.<\/p>\n<p>Pudelil on tugev sang, millest on mugav kinni haarata ning pudelit kotti v\u00f5i kotist v\u00e4lja v\u00f5tta. Pudeli p\u00f5hi on eemaldatav.<\/p>\n<p>Pudel on valmistatud BPA-, PVC- ja ftalaatidevabast materjalist. Seda on lihtne lahti v\u00f5tta ja puhastada. Vaata videot kuidas pudel lahti k\u00e4ib <span style=\"color: #0000ff;\"><a style=\"color: #0000ff;\" href=\"https:\/\/www.youtube.com\/watch?v=4ZNnbKP5L48\" target=\"_blank\" rel=\"noopener\">siit.<\/a><\/span> V\u00f5ib pesta n\u00f5udepesumasinas.<\/p>\n<p><strong>M\u00f5\u00f5dud:<\/strong> 77 mm (diameeter), 75 mm laius, 232 mm k\u00f5rgus.<\/p>\n<p><strong>Mahutab 450 ml vedelikku.<\/strong><\/p>\n<p>Sobib alates 9+ elukuust.<\/p>\n<p>Lisaks joogipudelite leiad meilt ka b.box lastele m\u00f5eldud <span style=\"color: #0000ff;\"><a style=\"color: #0000ff;\" href=\"https:\/\/sulin.ee\/?post_type=product&amp;p=11416&amp;preview=true\" target=\"_blank\" rel=\"noopener\">termospudelid.<\/a><\/span><\/p>\n<p><strong>* <\/strong>Vastupidav, k\u00f5rgeid temperatuure taluv ning k\u00f5ige ohutum plastik.<\/p>\n","protected":false},"excerpt":{"rendered":"<p>K\u00f5rrega joogipudel on valmistatud ohutust tritan* materjalist ning sobib kasutamiseks nii suurtele, kui v\u00e4ikestele lastele. Auhinnatud joogipudel on ainulaadse kolmnurkse kujuga, mida v\u00e4ikestel k\u00e4tel on lihtne haarata ja k\u00e4es hoida. K\u00f5rrega joogipudel kaas avaneb lihtsa nupule vajutusega ning kinni olles tagab h\u00fcgieenilisuse. Joogipudeli k\u00f5rs on varustatud lekkekindla ventiiliga, mis ei lase vedelikul juhuslikult lekkida v\u00f5i [&hellip;]<\/p>\n","protected":false},"featured_media":11447,"comment_status":"open","ping_status":"closed","template":"","meta":[],"product_brand":[],"product_cat":[851,929,66,852],"product_tag":[],"class_list":{"0":"post-11446","1":"product","2":"type-product","3":"status-publish","4":"has-post-thumbnail","6":"product_cat-joogipudelid-ja-tassid-beebile","7":"product_cat-joogipudelid-lastele","8":"product_cat-joogipudelid","9":"product_cat-b-box","10":"has-post-title","11":"has-post-date","12":"has-post-category","13":"has-post-tag","14":"has-post-comment","15":"has-post-author","16":"","18":"first","19":"instock","20":"sale","21":"taxable","22":"shipping-taxable","23":"purchasable","24":"product-type-variable"},"yoast_head":"<!-- This site is optimized with the Yoast SEO plugin v26.8 - https:\/\/yoast.com\/product\/yoast-seo-wordpress\/ -->\n<title>K\u00f5rrega joogipudel, b.box 450ml - sulin.ee<\/title>\n<meta name=\"description\" content=\"K\u00f5rrega joogipudel b.box on ainulaadse kolmnurkse kujuga, mida on lihtne haarata ja k\u00e4es hoida. Joogipudeli k\u00f5rs on varustatud lekkekindla ventiiliga.\" \/>\n<meta name=\"robots\" content=\"index, follow, max-snippet:-1, max-image-preview:large, max-video-preview:-1\" \/>\n<link rel=\"canonical\" href=\"https:\/\/sulin.ee\/en\/toode\/korrega-joogipudel-b-box-450ml\/\" \/>\n<meta property=\"og:locale\" content=\"en_US\" \/>\n<meta property=\"og:type\" content=\"article\" \/>\n<meta property=\"og:title\" content=\"K\u00f5rrega joogipudel, b.box 450ml - sulin.ee\" \/>\n<meta property=\"og:description\" content=\"K\u00f5rrega joogipudel b.box on ainulaadse kolmnurkse kujuga, mida on lihtne haarata ja k\u00e4es hoida. Joogipudeli k\u00f5rs on varustatud lekkekindla ventiiliga.\" \/>\n<meta property=\"og:url\" content=\"https:\/\/sulin.ee\/en\/toode\/korrega-joogipudel-b-box-450ml\/\" \/>\n<meta property=\"og:site_name\" content=\"sulin.ee\" \/>\n<meta property=\"article:publisher\" content=\"https:\/\/www.facebook.com\/www.sulin.ee\/\" \/>\n<meta property=\"article:modified_time\" content=\"2026-03-22T05:14:22+00:00\" \/>\n<meta property=\"og:image\" content=\"https:\/\/sulin.ee\/wp-content\/uploads\/2023\/02\/zul_pl_Bidon-tritanowy-ze-slomka-450-ml-Lemon-Sherbet-b-box-14025_2.jpg\" \/>\n\t<meta property=\"og:image:width\" content=\"750\" \/>\n\t<meta property=\"og:image:height\" content=\"750\" \/>\n\t<meta property=\"og:image:type\" content=\"image\/jpeg\" \/>\n<meta name=\"twitter:card\" content=\"summary_large_image\" \/>\n<meta name=\"twitter:label1\" content=\"Est. reading time\" \/>\n\t<meta name=\"twitter:data1\" content=\"1 minute\" \/>\n<script type=\"application\/ld+json\" class=\"yoast-schema-graph\">{\"@context\":\"https:\/\/schema.org\",\"@graph\":[{\"@type\":\"WebPage\",\"@id\":\"https:\/\/sulin.ee\/en\/toode\/korrega-joogipudel-b-box-450ml\/\",\"url\":\"https:\/\/sulin.ee\/en\/toode\/korrega-joogipudel-b-box-450ml\/\",\"name\":\"K\u00f5rrega joogipudel, b.box 450ml - sulin.ee\",\"isPartOf\":{\"@id\":\"https:\/\/sulin.ee\/en\/#website\"},\"primaryImageOfPage\":{\"@id\":\"https:\/\/sulin.ee\/en\/toode\/korrega-joogipudel-b-box-450ml\/#primaryimage\"},\"image\":{\"@id\":\"https:\/\/sulin.ee\/en\/toode\/korrega-joogipudel-b-box-450ml\/#primaryimage\"},\"thumbnailUrl\":\"https:\/\/sulin.ee\/wp-content\/uploads\/2023\/02\/zul_pl_Bidon-tritanowy-ze-slomka-450-ml-Lemon-Sherbet-b-box-14025_2.jpg\",\"datePublished\":\"2023-02-27T20:27:34+00:00\",\"dateModified\":\"2026-03-22T05:14:22+00:00\",\"description\":\"K\u00f5rrega joogipudel b.box on ainulaadse kolmnurkse kujuga, mida on lihtne haarata ja k\u00e4es hoida. Joogipudeli k\u00f5rs on varustatud lekkekindla ventiiliga.\",\"breadcrumb\":{\"@id\":\"https:\/\/sulin.ee\/en\/toode\/korrega-joogipudel-b-box-450ml\/#breadcrumb\"},\"inLanguage\":\"en-US\",\"potentialAction\":[{\"@type\":\"ReadAction\",\"target\":[\"https:\/\/sulin.ee\/en\/toode\/korrega-joogipudel-b-box-450ml\/\"]}]},{\"@type\":\"ImageObject\",\"inLanguage\":\"en-US\",\"@id\":\"https:\/\/sulin.ee\/en\/toode\/korrega-joogipudel-b-box-450ml\/#primaryimage\",\"url\":\"https:\/\/sulin.ee\/wp-content\/uploads\/2023\/02\/zul_pl_Bidon-tritanowy-ze-slomka-450-ml-Lemon-Sherbet-b-box-14025_2.jpg\",\"contentUrl\":\"https:\/\/sulin.ee\/wp-content\/uploads\/2023\/02\/zul_pl_Bidon-tritanowy-ze-slomka-450-ml-Lemon-Sherbet-b-box-14025_2.jpg\",\"width\":750,\"height\":750,\"caption\":\"b.box k\u00f5rrega joogipudel\"},{\"@type\":\"BreadcrumbList\",\"@id\":\"https:\/\/sulin.ee\/en\/toode\/korrega-joogipudel-b-box-450ml\/#breadcrumb\",\"itemListElement\":[{\"@type\":\"ListItem\",\"position\":1,\"name\":\"Home\",\"item\":\"https:\/\/sulin.ee\/en\/\"},{\"@type\":\"ListItem\",\"position\":2,\"name\":\"Sulin.ee e-pood\",\"item\":\"https:\/\/sulin.ee\/shop\/\"},{\"@type\":\"ListItem\",\"position\":3,\"name\":\"K\u00f5rrega joogipudel, b.box 450ml\"}]},{\"@type\":\"WebSite\",\"@id\":\"https:\/\/sulin.ee\/en\/#website\",\"url\":\"https:\/\/sulin.ee\/en\/\",\"name\":\"sulin.ee\",\"description\":\"\",\"publisher\":{\"@id\":\"https:\/\/sulin.ee\/en\/#organization\"},\"potentialAction\":[{\"@type\":\"SearchAction\",\"target\":{\"@type\":\"EntryPoint\",\"urlTemplate\":\"https:\/\/sulin.ee\/en\/?s={search_term_string}\"},\"query-input\":{\"@type\":\"PropertyValueSpecification\",\"valueRequired\":true,\"valueName\":\"search_term_string\"}}],\"inLanguage\":\"en-US\"},{\"@type\":\"Organization\",\"@id\":\"https:\/\/sulin.ee\/en\/#organization\",\"name\":\"SULIN TRADE O\u00dc\",\"url\":\"https:\/\/sulin.ee\/en\/\",\"logo\":{\"@type\":\"ImageObject\",\"inLanguage\":\"en-US\",\"@id\":\"https:\/\/sulin.ee\/en\/#\/schema\/logo\/image\/\",\"url\":\"https:\/\/sulin.ee\/wp-content\/uploads\/2022\/11\/sulin-logo.png\",\"contentUrl\":\"https:\/\/sulin.ee\/wp-content\/uploads\/2022\/11\/sulin-logo.png\",\"width\":871,\"height\":321,\"caption\":\"SULIN TRADE O\u00dc\"},\"image\":{\"@id\":\"https:\/\/sulin.ee\/en\/#\/schema\/logo\/image\/\"},\"sameAs\":[\"https:\/\/www.facebook.com\/www.sulin.ee\/\",\"https:\/\/www.instagram.com\/sulintrade\/\"]}]}<\/script>\n<!-- \/ Yoast SEO plugin. -->","yoast_head_json":{"title":"K\u00f5rrega joogipudel, b.box 450ml - sulin.ee","description":"K\u00f5rrega joogipudel b.box on ainulaadse kolmnurkse kujuga, mida on lihtne haarata ja k\u00e4es hoida. Joogipudeli k\u00f5rs on varustatud lekkekindla ventiiliga.","robots":{"index":"index","follow":"follow","max-snippet":"max-snippet:-1","max-image-preview":"max-image-preview:large","max-video-preview":"max-video-preview:-1"},"canonical":"https:\/\/sulin.ee\/en\/toode\/korrega-joogipudel-b-box-450ml\/","og_locale":"en_US","og_type":"article","og_title":"K\u00f5rrega joogipudel, b.box 450ml - sulin.ee","og_description":"K\u00f5rrega joogipudel b.box on ainulaadse kolmnurkse kujuga, mida on lihtne haarata ja k\u00e4es hoida. Joogipudeli k\u00f5rs on varustatud lekkekindla ventiiliga.","og_url":"https:\/\/sulin.ee\/en\/toode\/korrega-joogipudel-b-box-450ml\/","og_site_name":"sulin.ee","article_publisher":"https:\/\/www.facebook.com\/www.sulin.ee\/","article_modified_time":"2026-03-22T05:14:22+00:00","og_image":[{"width":750,"height":750,"url":"https:\/\/sulin.ee\/wp-content\/uploads\/2023\/02\/zul_pl_Bidon-tritanowy-ze-slomka-450-ml-Lemon-Sherbet-b-box-14025_2.jpg","type":"image\/jpeg"}],"twitter_card":"summary_large_image","twitter_misc":{"Est. reading time":"1 minute"},"schema":{"@context":"https:\/\/schema.org","@graph":[{"@type":"WebPage","@id":"https:\/\/sulin.ee\/en\/toode\/korrega-joogipudel-b-box-450ml\/","url":"https:\/\/sulin.ee\/en\/toode\/korrega-joogipudel-b-box-450ml\/","name":"K\u00f5rrega joogipudel, b.box 450ml - sulin.ee","isPartOf":{"@id":"https:\/\/sulin.ee\/en\/#website"},"primaryImageOfPage":{"@id":"https:\/\/sulin.ee\/en\/toode\/korrega-joogipudel-b-box-450ml\/#primaryimage"},"image":{"@id":"https:\/\/sulin.ee\/en\/toode\/korrega-joogipudel-b-box-450ml\/#primaryimage"},"thumbnailUrl":"https:\/\/sulin.ee\/wp-content\/uploads\/2023\/02\/zul_pl_Bidon-tritanowy-ze-slomka-450-ml-Lemon-Sherbet-b-box-14025_2.jpg","datePublished":"2023-02-27T20:27:34+00:00","dateModified":"2026-03-22T05:14:22+00:00","description":"K\u00f5rrega joogipudel b.box on ainulaadse kolmnurkse kujuga, mida on lihtne haarata ja k\u00e4es hoida. Joogipudeli k\u00f5rs on varustatud lekkekindla ventiiliga.","breadcrumb":{"@id":"https:\/\/sulin.ee\/en\/toode\/korrega-joogipudel-b-box-450ml\/#breadcrumb"},"inLanguage":"en-US","potentialAction":[{"@type":"ReadAction","target":["https:\/\/sulin.ee\/en\/toode\/korrega-joogipudel-b-box-450ml\/"]}]},{"@type":"ImageObject","inLanguage":"en-US","@id":"https:\/\/sulin.ee\/en\/toode\/korrega-joogipudel-b-box-450ml\/#primaryimage","url":"https:\/\/sulin.ee\/wp-content\/uploads\/2023\/02\/zul_pl_Bidon-tritanowy-ze-slomka-450-ml-Lemon-Sherbet-b-box-14025_2.jpg","contentUrl":"https:\/\/sulin.ee\/wp-content\/uploads\/2023\/02\/zul_pl_Bidon-tritanowy-ze-slomka-450-ml-Lemon-Sherbet-b-box-14025_2.jpg","width":750,"height":750,"caption":"b.box k\u00f5rrega joogipudel"},{"@type":"BreadcrumbList","@id":"https:\/\/sulin.ee\/en\/toode\/korrega-joogipudel-b-box-450ml\/#breadcrumb","itemListElement":[{"@type":"ListItem","position":1,"name":"Home","item":"https:\/\/sulin.ee\/en\/"},{"@type":"ListItem","position":2,"name":"Sulin.ee e-pood","item":"https:\/\/sulin.ee\/shop\/"},{"@type":"ListItem","position":3,"name":"K\u00f5rrega joogipudel, b.box 450ml"}]},{"@type":"WebSite","@id":"https:\/\/sulin.ee\/en\/#website","url":"https:\/\/sulin.ee\/en\/","name":"sulin.ee","description":"","publisher":{"@id":"https:\/\/sulin.ee\/en\/#organization"},"potentialAction":[{"@type":"SearchAction","target":{"@type":"EntryPoint","urlTemplate":"https:\/\/sulin.ee\/en\/?s={search_term_string}"},"query-input":{"@type":"PropertyValueSpecification","valueRequired":true,"valueName":"search_term_string"}}],"inLanguage":"en-US"},{"@type":"Organization","@id":"https:\/\/sulin.ee\/en\/#organization","name":"SULIN TRADE O\u00dc","url":"https:\/\/sulin.ee\/en\/","logo":{"@type":"ImageObject","inLanguage":"en-US","@id":"https:\/\/sulin.ee\/en\/#\/schema\/logo\/image\/","url":"https:\/\/sulin.ee\/wp-content\/uploads\/2022\/11\/sulin-logo.png","contentUrl":"https:\/\/sulin.ee\/wp-content\/uploads\/2022\/11\/sulin-logo.png","width":871,"height":321,"caption":"SULIN TRADE O\u00dc"},"image":{"@id":"https:\/\/sulin.ee\/en\/#\/schema\/logo\/image\/"},"sameAs":["https:\/\/www.facebook.com\/www.sulin.ee\/","https:\/\/www.instagram.com\/sulintrade\/"]}]}},"builder_content":"","_links":{"self":[{"href":"https:\/\/sulin.ee\/en\/wp-json\/wp\/v2\/product\/11446","targetHints":{"allow":["GET"]}}],"collection":[{"href":"https:\/\/sulin.ee\/en\/wp-json\/wp\/v2\/product"}],"about":[{"href":"https:\/\/sulin.ee\/en\/wp-json\/wp\/v2\/types\/product"}],"replies":[{"embeddable":true,"href":"https:\/\/sulin.ee\/en\/wp-json\/wp\/v2\/comments?post=11446"}],"wp:featuredmedia":[{"embeddable":true,"href":"https:\/\/sulin.ee\/en\/wp-json\/wp\/v2\/media\/11447"}],"wp:attachment":[{"href":"https:\/\/sulin.ee\/en\/wp-json\/wp\/v2\/media?parent=11446"}],"wp:term":[{"taxonomy":"product_brand","embeddable":true,"href":"https:\/\/sulin.ee\/en\/wp-json\/wp\/v2\/product_brand?post=11446"},{"taxonomy":"product_cat","embeddable":true,"href":"https:\/\/sulin.ee\/en\/wp-json\/wp\/v2\/product_cat?post=11446"},{"taxonomy":"product_tag","embeddable":true,"href":"https:\/\/sulin.ee\/en\/wp-json\/wp\/v2\/product_tag?post=11446"}],"curies":[{"name":"wp","href":"https:\/\/api.w.org\/{rel}","templated":true}]}}