{"id":11388,"date":"2023-02-27T20:31:18","date_gmt":"2023-02-27T20:31:18","guid":{"rendered":"https:\/\/sulin.ee\/?post_type=product&#038;p=11388"},"modified":"2025-09-07T21:47:40","modified_gmt":"2025-09-07T21:47:40","slug":"b-box-lutipudeli-vahetuslutid-2tk-erinevad-suurused","status":"publish","type":"product","link":"https:\/\/sulin.ee\/en\/toode\/b-box-lutipudeli-vahetuslutid-2tk-erinevad-suurused\/","title":{"rendered":"b.box lutipudeli vahetuslutid (2 tk) &#8211; erinevad suurused"},"content":{"rendered":"<p><strong>b.box lutipudeli vahetuslutid on valmistatud pehmest silikoonist ning sobivad nii 180 ml kui 240 ml <span style=\"color: #0000ff;\"><a style=\"color: #0000ff;\" href=\"https:\/\/sulin.ee\/toode\/b-box-koolikutevastane-lutipudel\/?attribute_pa_valik=180-ml\" target=\"_blank\" rel=\"noopener\">b.box lutipudelile<\/a><\/span>. Koolikutevastane lutt aitab v\u00e4ltida liigse \u00f5hu sattmist beebi k\u00f5htu ning v\u00e4hendab seel\u00e4bi gaaside ja ebamugavustunde tekkimist. <\/strong><\/p>\n<p><a href=\"https:\/\/bbox.com.au\/\" target=\"_blank\" rel=\"noopener\">b.box<\/a> lutipudeli vahetuslutid toetavad lapse naturaalset imemisv\u00f5tet ning seel\u00e4bi loomulikku toitmist. Lutid on v\u00e4ga vastupidavad ning sobivad steriliseerimiseks ja n\u00f5udepesumasinas pesemiseks.<\/p>\n<p><strong>Koolikutevastased lutid jagunevad kolme etappi, vastavalt lapse vanusele:<\/strong><\/p>\n<p><strong>1.etapp<\/strong> &#8211; 0-2 kuud<\/p>\n<p><strong>2.etapp<\/strong> &#8211; 3-6 kuud<\/p>\n<p><strong>3.etapp<\/strong> &#8211; 6+ kuud<\/p>\n<p>Lutipudeli lutte m\u00fc\u00fcakse kahekaupa.<\/p>\n","protected":false},"excerpt":{"rendered":"<p>b.box lutipudeli vahetuslutid on valmistatud pehmest silikoonist ning sobivad nii 180 ml kui 240 ml b.box lutipudelile. Koolikutevastane lutt aitab v\u00e4ltida liigse \u00f5hu sattmist beebi k\u00f5htu ning v\u00e4hendab seel\u00e4bi gaaside ja ebamugavustunde tekkimist. b.box lutipudeli vahetuslutid toetavad lapse naturaalset imemisv\u00f5tet ning seel\u00e4bi loomulikku toitmist. Lutid on v\u00e4ga vastupidavad ning sobivad steriliseerimiseks ja n\u00f5udepesumasinas pesemiseks. Koolikutevastased [&hellip;]<\/p>\n","protected":false},"featured_media":11356,"comment_status":"open","ping_status":"closed","template":"","meta":[],"product_brand":[],"product_cat":[859,852],"product_tag":[],"class_list":{"0":"post-11388","1":"product","2":"type-product","3":"status-publish","4":"has-post-thumbnail","6":"product_cat-lutipudelid","7":"product_cat-b-box","8":"has-post-title","9":"has-post-date","10":"has-post-category","11":"has-post-tag","12":"has-post-comment","13":"has-post-author","14":"","16":"first","17":"instock","18":"sale","19":"taxable","20":"shipping-taxable","21":"purchasable","22":"product-type-variable"},"yoast_head":"<!-- This site is optimized with the Yoast SEO plugin v26.8 - https:\/\/yoast.com\/product\/yoast-seo-wordpress\/ -->\n<title>b.box lutipudeli vahetuslutid (2 tk) - erinevad suurused - sulin.ee<\/title>\n<meta name=\"description\" content=\"b.box lutipudeli vahetuslutid aitavad v\u00e4ltida liigse \u00f5hu sattmist beebi k\u00f5htu ning v\u00e4hendavad seel\u00e4bi gaaside ja ebamugavustunde tekkimist.\" \/>\n<meta name=\"robots\" content=\"index, follow, max-snippet:-1, max-image-preview:large, max-video-preview:-1\" \/>\n<link rel=\"canonical\" href=\"https:\/\/sulin.ee\/en\/toode\/b-box-lutipudeli-vahetuslutid-2tk-erinevad-suurused\/\" \/>\n<meta property=\"og:locale\" content=\"en_US\" \/>\n<meta property=\"og:type\" content=\"article\" \/>\n<meta property=\"og:title\" content=\"b.box lutipudeli vahetuslutid (2 tk) - erinevad suurused - sulin.ee\" \/>\n<meta property=\"og:description\" content=\"b.box lutipudeli vahetuslutid aitavad v\u00e4ltida liigse \u00f5hu sattmist beebi k\u00f5htu ning v\u00e4hendavad seel\u00e4bi gaaside ja ebamugavustunde tekkimist.\" \/>\n<meta property=\"og:url\" content=\"https:\/\/sulin.ee\/en\/toode\/b-box-lutipudeli-vahetuslutid-2tk-erinevad-suurused\/\" \/>\n<meta property=\"og:site_name\" content=\"sulin.ee\" \/>\n<meta property=\"article:publisher\" content=\"https:\/\/www.facebook.com\/www.sulin.ee\/\" \/>\n<meta property=\"article:modified_time\" content=\"2025-09-07T21:47:40+00:00\" \/>\n<meta property=\"og:image\" content=\"https:\/\/sulin.ee\/wp-content\/uploads\/2023\/02\/zul_pl_Butelka-ze-smoczkiem-do-karmienia-niemowlat-wykonana-z-PPSU-240-ml-szalwia-b-box-18190_6.jpg\" \/>\n\t<meta property=\"og:image:width\" content=\"750\" \/>\n\t<meta property=\"og:image:height\" content=\"750\" \/>\n\t<meta property=\"og:image:type\" content=\"image\/jpeg\" \/>\n<meta name=\"twitter:card\" content=\"summary_large_image\" \/>\n<meta name=\"twitter:label1\" content=\"Est. reading time\" \/>\n\t<meta name=\"twitter:data1\" content=\"1 minute\" \/>\n<script type=\"application\/ld+json\" class=\"yoast-schema-graph\">{\"@context\":\"https:\/\/schema.org\",\"@graph\":[{\"@type\":\"WebPage\",\"@id\":\"https:\/\/sulin.ee\/en\/toode\/b-box-lutipudeli-vahetuslutid-2tk-erinevad-suurused\/\",\"url\":\"https:\/\/sulin.ee\/en\/toode\/b-box-lutipudeli-vahetuslutid-2tk-erinevad-suurused\/\",\"name\":\"b.box lutipudeli vahetuslutid (2 tk) - erinevad suurused - sulin.ee\",\"isPartOf\":{\"@id\":\"https:\/\/sulin.ee\/en\/#website\"},\"primaryImageOfPage\":{\"@id\":\"https:\/\/sulin.ee\/en\/toode\/b-box-lutipudeli-vahetuslutid-2tk-erinevad-suurused\/#primaryimage\"},\"image\":{\"@id\":\"https:\/\/sulin.ee\/en\/toode\/b-box-lutipudeli-vahetuslutid-2tk-erinevad-suurused\/#primaryimage\"},\"thumbnailUrl\":\"https:\/\/sulin.ee\/wp-content\/uploads\/2023\/02\/zul_pl_Butelka-ze-smoczkiem-do-karmienia-niemowlat-wykonana-z-PPSU-240-ml-szalwia-b-box-18190_6.jpg\",\"datePublished\":\"2023-02-27T20:31:18+00:00\",\"dateModified\":\"2025-09-07T21:47:40+00:00\",\"description\":\"b.box lutipudeli vahetuslutid aitavad v\u00e4ltida liigse \u00f5hu sattmist beebi k\u00f5htu ning v\u00e4hendavad seel\u00e4bi gaaside ja ebamugavustunde tekkimist.\",\"breadcrumb\":{\"@id\":\"https:\/\/sulin.ee\/en\/toode\/b-box-lutipudeli-vahetuslutid-2tk-erinevad-suurused\/#breadcrumb\"},\"inLanguage\":\"en-US\",\"potentialAction\":[{\"@type\":\"ReadAction\",\"target\":[\"https:\/\/sulin.ee\/en\/toode\/b-box-lutipudeli-vahetuslutid-2tk-erinevad-suurused\/\"]}]},{\"@type\":\"ImageObject\",\"inLanguage\":\"en-US\",\"@id\":\"https:\/\/sulin.ee\/en\/toode\/b-box-lutipudeli-vahetuslutid-2tk-erinevad-suurused\/#primaryimage\",\"url\":\"https:\/\/sulin.ee\/wp-content\/uploads\/2023\/02\/zul_pl_Butelka-ze-smoczkiem-do-karmienia-niemowlat-wykonana-z-PPSU-240-ml-szalwia-b-box-18190_6.jpg\",\"contentUrl\":\"https:\/\/sulin.ee\/wp-content\/uploads\/2023\/02\/zul_pl_Butelka-ze-smoczkiem-do-karmienia-niemowlat-wykonana-z-PPSU-240-ml-szalwia-b-box-18190_6.jpg\",\"width\":750,\"height\":750,\"caption\":\"b.box lutipudeli vahetuslutid\"},{\"@type\":\"BreadcrumbList\",\"@id\":\"https:\/\/sulin.ee\/en\/toode\/b-box-lutipudeli-vahetuslutid-2tk-erinevad-suurused\/#breadcrumb\",\"itemListElement\":[{\"@type\":\"ListItem\",\"position\":1,\"name\":\"Home\",\"item\":\"https:\/\/sulin.ee\/en\/\"},{\"@type\":\"ListItem\",\"position\":2,\"name\":\"Sulin.ee e-pood\",\"item\":\"https:\/\/sulin.ee\/shop\/\"},{\"@type\":\"ListItem\",\"position\":3,\"name\":\"b.box lutipudeli vahetuslutid (2 tk) &#8211; erinevad suurused\"}]},{\"@type\":\"WebSite\",\"@id\":\"https:\/\/sulin.ee\/en\/#website\",\"url\":\"https:\/\/sulin.ee\/en\/\",\"name\":\"sulin.ee\",\"description\":\"\",\"publisher\":{\"@id\":\"https:\/\/sulin.ee\/en\/#organization\"},\"potentialAction\":[{\"@type\":\"SearchAction\",\"target\":{\"@type\":\"EntryPoint\",\"urlTemplate\":\"https:\/\/sulin.ee\/en\/?s={search_term_string}\"},\"query-input\":{\"@type\":\"PropertyValueSpecification\",\"valueRequired\":true,\"valueName\":\"search_term_string\"}}],\"inLanguage\":\"en-US\"},{\"@type\":\"Organization\",\"@id\":\"https:\/\/sulin.ee\/en\/#organization\",\"name\":\"SULIN TRADE O\u00dc\",\"url\":\"https:\/\/sulin.ee\/en\/\",\"logo\":{\"@type\":\"ImageObject\",\"inLanguage\":\"en-US\",\"@id\":\"https:\/\/sulin.ee\/en\/#\/schema\/logo\/image\/\",\"url\":\"https:\/\/sulin.ee\/wp-content\/uploads\/2022\/11\/sulin-logo.png\",\"contentUrl\":\"https:\/\/sulin.ee\/wp-content\/uploads\/2022\/11\/sulin-logo.png\",\"width\":871,\"height\":321,\"caption\":\"SULIN TRADE O\u00dc\"},\"image\":{\"@id\":\"https:\/\/sulin.ee\/en\/#\/schema\/logo\/image\/\"},\"sameAs\":[\"https:\/\/www.facebook.com\/www.sulin.ee\/\",\"https:\/\/www.instagram.com\/sulintrade\/\"]}]}<\/script>\n<!-- \/ Yoast SEO plugin. -->","yoast_head_json":{"title":"b.box lutipudeli vahetuslutid (2 tk) - erinevad suurused - sulin.ee","description":"b.box lutipudeli vahetuslutid aitavad v\u00e4ltida liigse \u00f5hu sattmist beebi k\u00f5htu ning v\u00e4hendavad seel\u00e4bi gaaside ja ebamugavustunde tekkimist.","robots":{"index":"index","follow":"follow","max-snippet":"max-snippet:-1","max-image-preview":"max-image-preview:large","max-video-preview":"max-video-preview:-1"},"canonical":"https:\/\/sulin.ee\/en\/toode\/b-box-lutipudeli-vahetuslutid-2tk-erinevad-suurused\/","og_locale":"en_US","og_type":"article","og_title":"b.box lutipudeli vahetuslutid (2 tk) - erinevad suurused - sulin.ee","og_description":"b.box lutipudeli vahetuslutid aitavad v\u00e4ltida liigse \u00f5hu sattmist beebi k\u00f5htu ning v\u00e4hendavad seel\u00e4bi gaaside ja ebamugavustunde tekkimist.","og_url":"https:\/\/sulin.ee\/en\/toode\/b-box-lutipudeli-vahetuslutid-2tk-erinevad-suurused\/","og_site_name":"sulin.ee","article_publisher":"https:\/\/www.facebook.com\/www.sulin.ee\/","article_modified_time":"2025-09-07T21:47:40+00:00","og_image":[{"width":750,"height":750,"url":"https:\/\/sulin.ee\/wp-content\/uploads\/2023\/02\/zul_pl_Butelka-ze-smoczkiem-do-karmienia-niemowlat-wykonana-z-PPSU-240-ml-szalwia-b-box-18190_6.jpg","type":"image\/jpeg"}],"twitter_card":"summary_large_image","twitter_misc":{"Est. reading time":"1 minute"},"schema":{"@context":"https:\/\/schema.org","@graph":[{"@type":"WebPage","@id":"https:\/\/sulin.ee\/en\/toode\/b-box-lutipudeli-vahetuslutid-2tk-erinevad-suurused\/","url":"https:\/\/sulin.ee\/en\/toode\/b-box-lutipudeli-vahetuslutid-2tk-erinevad-suurused\/","name":"b.box lutipudeli vahetuslutid (2 tk) - erinevad suurused - sulin.ee","isPartOf":{"@id":"https:\/\/sulin.ee\/en\/#website"},"primaryImageOfPage":{"@id":"https:\/\/sulin.ee\/en\/toode\/b-box-lutipudeli-vahetuslutid-2tk-erinevad-suurused\/#primaryimage"},"image":{"@id":"https:\/\/sulin.ee\/en\/toode\/b-box-lutipudeli-vahetuslutid-2tk-erinevad-suurused\/#primaryimage"},"thumbnailUrl":"https:\/\/sulin.ee\/wp-content\/uploads\/2023\/02\/zul_pl_Butelka-ze-smoczkiem-do-karmienia-niemowlat-wykonana-z-PPSU-240-ml-szalwia-b-box-18190_6.jpg","datePublished":"2023-02-27T20:31:18+00:00","dateModified":"2025-09-07T21:47:40+00:00","description":"b.box lutipudeli vahetuslutid aitavad v\u00e4ltida liigse \u00f5hu sattmist beebi k\u00f5htu ning v\u00e4hendavad seel\u00e4bi gaaside ja ebamugavustunde tekkimist.","breadcrumb":{"@id":"https:\/\/sulin.ee\/en\/toode\/b-box-lutipudeli-vahetuslutid-2tk-erinevad-suurused\/#breadcrumb"},"inLanguage":"en-US","potentialAction":[{"@type":"ReadAction","target":["https:\/\/sulin.ee\/en\/toode\/b-box-lutipudeli-vahetuslutid-2tk-erinevad-suurused\/"]}]},{"@type":"ImageObject","inLanguage":"en-US","@id":"https:\/\/sulin.ee\/en\/toode\/b-box-lutipudeli-vahetuslutid-2tk-erinevad-suurused\/#primaryimage","url":"https:\/\/sulin.ee\/wp-content\/uploads\/2023\/02\/zul_pl_Butelka-ze-smoczkiem-do-karmienia-niemowlat-wykonana-z-PPSU-240-ml-szalwia-b-box-18190_6.jpg","contentUrl":"https:\/\/sulin.ee\/wp-content\/uploads\/2023\/02\/zul_pl_Butelka-ze-smoczkiem-do-karmienia-niemowlat-wykonana-z-PPSU-240-ml-szalwia-b-box-18190_6.jpg","width":750,"height":750,"caption":"b.box lutipudeli vahetuslutid"},{"@type":"BreadcrumbList","@id":"https:\/\/sulin.ee\/en\/toode\/b-box-lutipudeli-vahetuslutid-2tk-erinevad-suurused\/#breadcrumb","itemListElement":[{"@type":"ListItem","position":1,"name":"Home","item":"https:\/\/sulin.ee\/en\/"},{"@type":"ListItem","position":2,"name":"Sulin.ee e-pood","item":"https:\/\/sulin.ee\/shop\/"},{"@type":"ListItem","position":3,"name":"b.box lutipudeli vahetuslutid (2 tk) &#8211; erinevad suurused"}]},{"@type":"WebSite","@id":"https:\/\/sulin.ee\/en\/#website","url":"https:\/\/sulin.ee\/en\/","name":"sulin.ee","description":"","publisher":{"@id":"https:\/\/sulin.ee\/en\/#organization"},"potentialAction":[{"@type":"SearchAction","target":{"@type":"EntryPoint","urlTemplate":"https:\/\/sulin.ee\/en\/?s={search_term_string}"},"query-input":{"@type":"PropertyValueSpecification","valueRequired":true,"valueName":"search_term_string"}}],"inLanguage":"en-US"},{"@type":"Organization","@id":"https:\/\/sulin.ee\/en\/#organization","name":"SULIN TRADE O\u00dc","url":"https:\/\/sulin.ee\/en\/","logo":{"@type":"ImageObject","inLanguage":"en-US","@id":"https:\/\/sulin.ee\/en\/#\/schema\/logo\/image\/","url":"https:\/\/sulin.ee\/wp-content\/uploads\/2022\/11\/sulin-logo.png","contentUrl":"https:\/\/sulin.ee\/wp-content\/uploads\/2022\/11\/sulin-logo.png","width":871,"height":321,"caption":"SULIN TRADE O\u00dc"},"image":{"@id":"https:\/\/sulin.ee\/en\/#\/schema\/logo\/image\/"},"sameAs":["https:\/\/www.facebook.com\/www.sulin.ee\/","https:\/\/www.instagram.com\/sulintrade\/"]}]}},"builder_content":"","_links":{"self":[{"href":"https:\/\/sulin.ee\/en\/wp-json\/wp\/v2\/product\/11388","targetHints":{"allow":["GET"]}}],"collection":[{"href":"https:\/\/sulin.ee\/en\/wp-json\/wp\/v2\/product"}],"about":[{"href":"https:\/\/sulin.ee\/en\/wp-json\/wp\/v2\/types\/product"}],"replies":[{"embeddable":true,"href":"https:\/\/sulin.ee\/en\/wp-json\/wp\/v2\/comments?post=11388"}],"wp:featuredmedia":[{"embeddable":true,"href":"https:\/\/sulin.ee\/en\/wp-json\/wp\/v2\/media\/11356"}],"wp:attachment":[{"href":"https:\/\/sulin.ee\/en\/wp-json\/wp\/v2\/media?parent=11388"}],"wp:term":[{"taxonomy":"product_brand","embeddable":true,"href":"https:\/\/sulin.ee\/en\/wp-json\/wp\/v2\/product_brand?post=11388"},{"taxonomy":"product_cat","embeddable":true,"href":"https:\/\/sulin.ee\/en\/wp-json\/wp\/v2\/product_cat?post=11388"},{"taxonomy":"product_tag","embeddable":true,"href":"https:\/\/sulin.ee\/en\/wp-json\/wp\/v2\/product_tag?post=11388"}],"curies":[{"name":"wp","href":"https:\/\/api.w.org\/{rel}","templated":true}]}}