{"id":11252,"date":"2023-02-27T19:50:31","date_gmt":"2023-02-27T19:50:31","guid":{"rendered":"https:\/\/sulin.ee\/?post_type=product&#038;p=11252"},"modified":"2025-09-07T21:47:56","modified_gmt":"2025-09-07T21:47:56","slug":"b-box-soogiriistade-komplekt-koos-hoiukarbiga","status":"publish","type":"product","link":"https:\/\/sulin.ee\/en\/toode\/b-box-soogiriistade-komplekt-koos-hoiukarbiga\/","title":{"rendered":"b.box s\u00f6\u00f6giriistade komplekt koos hoiukarbiga"},"content":{"rendered":"<p><strong>b.box s\u00f6\u00f6giriistade komplekt koosneb unikaalse kujuga kahvlist, lusikast ja spetsiaalsest hoiustamiskarbist. S\u00f6\u00f6giriistad on v\u00e4ljat\u00f6\u00f6tatud koost\u00f6\u00f6s laste tegevusterapeudiga ning toetavad lapse arengut iseseisva s\u00f6\u00f6mise alustamisel.<\/strong><\/p>\n<p>Kaardunud k\u00e4epidemega s\u00f6\u00f6giriistad muudavad toidu haaramise ja suhu pistmise lapsele lihtsamaks ning tagavad paremini k\u00e4est suhu positsioneerimise. T\u00e4nu patendeeritud kahvli kujule on lapsel toitu lihtsam kahvli otsa saada ning see sobib v\u00e4ikese suu suuruse ja kujuga. Et lapsel oleks ohutu s\u00fc\u00fca on kahvli harud \u00fcmarad ning on lapse suule ja igemetele \u00f5rnad.<\/p>\n<p>Kaardus kujuga lusikas on tavap\u00e4rasemast s\u00fcgavam, t\u00e4nu millele p\u00fcsib toit paremini lusikal ning lapsel on lihtsam toitu lusikale saada. Vaata tutvustavad videot <span style=\"color: #0000ff;\"><a style=\"color: #0000ff;\" href=\"https:\/\/www.youtube.com\/watch?v=Xr7X5ISOcSc\" target=\"_blank\" rel=\"noopener\">siit.<\/a><\/span><\/p>\n<p>Meilt leiad ka s\u00f6\u00f6giriistadega kokkusobivad b.box <span style=\"color: #0000ff;\"><a style=\"color: #0000ff;\" href=\"https:\/\/sulin.ee\/tootekategooria\/brandid\/b-box\/\" target=\"_blank\" rel=\"noopener\">3in1 kausid<\/a><\/span> ja<span style=\"color: #0000ff;\"><a style=\"color: #0000ff;\" href=\"https:\/\/sulin.ee\/tootekategooria\/beebid\/toitmine\/joogipudelid-2\/\" target=\"_blank\" rel=\"noopener\"> joogipudelid<\/a>.<\/span><\/p>\n<p>b.box s\u00f6\u00f6giriistad on valmistatud BPA-, PVC- ja ftalaatidevabast materjalist ning on n\u00f5udepesumasinas pestavad.<\/p>\n<p>S\u00f6\u00f6giriistadega on kaasas mugav hoiustamiskarp, milles on hea neid liikvel olles hoiustada.<\/p>\n<p><strong>M\u00f5\u00f5dud:<\/strong> Kahvli pikkus 11 cm, lusika pikkus 13 cm, karbi m\u00f5\u00f5dud 14 x 5,5 x 3,5 cm.<\/p>\n<p>Soovituslik vanus alates 9. elukuust.<\/p>\n","protected":false},"excerpt":{"rendered":"<p>b.box s\u00f6\u00f6giriistade komplekt koosneb unikaalse kujuga kahvlist, lusikast ja spetsiaalsest hoiustamiskarbist. S\u00f6\u00f6giriistad on v\u00e4ljat\u00f6\u00f6tatud koost\u00f6\u00f6s laste tegevusterapeudiga ning toetavad lapse arengut iseseisva s\u00f6\u00f6mise alustamisel. Kaardunud k\u00e4epidemega s\u00f6\u00f6giriistad muudavad toidu haaramise ja suhu pistmise lapsele lihtsamaks ning tagavad paremini k\u00e4est suhu positsioneerimise. T\u00e4nu patendeeritud kahvli kujule on lapsel toitu lihtsam kahvli otsa saada ning see sobib [&hellip;]<\/p>\n","protected":false},"featured_media":11257,"comment_status":"open","ping_status":"closed","template":"","meta":[],"product_brand":[],"product_cat":[858,178,852],"product_tag":[],"class_list":{"0":"post-11252","1":"product","2":"type-product","3":"status-publish","4":"has-post-thumbnail","6":"product_cat-soogiriistad","7":"product_cat-sooginoud-lastele","8":"product_cat-b-box","9":"has-post-title","10":"has-post-date","11":"has-post-category","12":"has-post-tag","13":"has-post-comment","14":"has-post-author","15":"","17":"first","18":"instock","19":"sale","20":"taxable","21":"shipping-taxable","22":"purchasable","23":"product-type-variable"},"yoast_head":"<!-- This site is optimized with the Yoast SEO plugin v26.8 - https:\/\/yoast.com\/product\/yoast-seo-wordpress\/ -->\n<title>b.box s\u00f6\u00f6giriistade komplekt koos hoiukarbiga - sulin.ee<\/title>\n<meta name=\"description\" content=\"b.box s\u00f6\u00f6giriistade komplekt koosneb unikaalse kujuga kahvlist, lusikast ja spetsiaalsest hoiustamiskarbist.V\u00e4ljat\u00f6\u00f6tatud koost\u00f6\u00f6s laste tegevusterapeudiga.\" \/>\n<meta name=\"robots\" content=\"index, follow, max-snippet:-1, max-image-preview:large, max-video-preview:-1\" \/>\n<link rel=\"canonical\" href=\"https:\/\/sulin.ee\/en\/toode\/b-box-soogiriistade-komplekt-koos-hoiukarbiga\/\" \/>\n<meta property=\"og:locale\" content=\"en_US\" \/>\n<meta property=\"og:type\" content=\"article\" \/>\n<meta property=\"og:title\" content=\"b.box s\u00f6\u00f6giriistade komplekt koos hoiukarbiga - sulin.ee\" \/>\n<meta property=\"og:description\" content=\"b.box s\u00f6\u00f6giriistade komplekt koosneb unikaalse kujuga kahvlist, lusikast ja spetsiaalsest hoiustamiskarbist.V\u00e4ljat\u00f6\u00f6tatud koost\u00f6\u00f6s laste tegevusterapeudiga.\" \/>\n<meta property=\"og:url\" content=\"https:\/\/sulin.ee\/en\/toode\/b-box-soogiriistade-komplekt-koos-hoiukarbiga\/\" \/>\n<meta property=\"og:site_name\" content=\"sulin.ee\" \/>\n<meta property=\"article:publisher\" content=\"https:\/\/www.facebook.com\/www.sulin.ee\/\" \/>\n<meta property=\"article:modified_time\" content=\"2025-09-07T21:47:56+00:00\" \/>\n<meta property=\"og:image\" content=\"https:\/\/sulin.ee\/wp-content\/uploads\/2023\/02\/Soogiriistad.jpg\" \/>\n\t<meta property=\"og:image:width\" content=\"1080\" \/>\n\t<meta property=\"og:image:height\" content=\"1080\" \/>\n\t<meta property=\"og:image:type\" content=\"image\/jpeg\" \/>\n<meta name=\"twitter:card\" content=\"summary_large_image\" \/>\n<meta name=\"twitter:label1\" content=\"Est. reading time\" \/>\n\t<meta name=\"twitter:data1\" content=\"2 minutes\" \/>\n<script type=\"application\/ld+json\" class=\"yoast-schema-graph\">{\"@context\":\"https:\/\/schema.org\",\"@graph\":[{\"@type\":\"WebPage\",\"@id\":\"https:\/\/sulin.ee\/en\/toode\/b-box-soogiriistade-komplekt-koos-hoiukarbiga\/\",\"url\":\"https:\/\/sulin.ee\/en\/toode\/b-box-soogiriistade-komplekt-koos-hoiukarbiga\/\",\"name\":\"b.box s\u00f6\u00f6giriistade komplekt koos hoiukarbiga - sulin.ee\",\"isPartOf\":{\"@id\":\"https:\/\/sulin.ee\/en\/#website\"},\"primaryImageOfPage\":{\"@id\":\"https:\/\/sulin.ee\/en\/toode\/b-box-soogiriistade-komplekt-koos-hoiukarbiga\/#primaryimage\"},\"image\":{\"@id\":\"https:\/\/sulin.ee\/en\/toode\/b-box-soogiriistade-komplekt-koos-hoiukarbiga\/#primaryimage\"},\"thumbnailUrl\":\"https:\/\/sulin.ee\/wp-content\/uploads\/2023\/02\/Soogiriistad.jpg\",\"datePublished\":\"2023-02-27T19:50:31+00:00\",\"dateModified\":\"2025-09-07T21:47:56+00:00\",\"description\":\"b.box s\u00f6\u00f6giriistade komplekt koosneb unikaalse kujuga kahvlist, lusikast ja spetsiaalsest hoiustamiskarbist.V\u00e4ljat\u00f6\u00f6tatud koost\u00f6\u00f6s laste tegevusterapeudiga.\",\"breadcrumb\":{\"@id\":\"https:\/\/sulin.ee\/en\/toode\/b-box-soogiriistade-komplekt-koos-hoiukarbiga\/#breadcrumb\"},\"inLanguage\":\"en-US\",\"potentialAction\":[{\"@type\":\"ReadAction\",\"target\":[\"https:\/\/sulin.ee\/en\/toode\/b-box-soogiriistade-komplekt-koos-hoiukarbiga\/\"]}]},{\"@type\":\"ImageObject\",\"inLanguage\":\"en-US\",\"@id\":\"https:\/\/sulin.ee\/en\/toode\/b-box-soogiriistade-komplekt-koos-hoiukarbiga\/#primaryimage\",\"url\":\"https:\/\/sulin.ee\/wp-content\/uploads\/2023\/02\/Soogiriistad.jpg\",\"contentUrl\":\"https:\/\/sulin.ee\/wp-content\/uploads\/2023\/02\/Soogiriistad.jpg\",\"width\":1080,\"height\":1080,\"caption\":\"b.box s\u00f6\u00f6giriistade komplekt\"},{\"@type\":\"BreadcrumbList\",\"@id\":\"https:\/\/sulin.ee\/en\/toode\/b-box-soogiriistade-komplekt-koos-hoiukarbiga\/#breadcrumb\",\"itemListElement\":[{\"@type\":\"ListItem\",\"position\":1,\"name\":\"Home\",\"item\":\"https:\/\/sulin.ee\/en\/\"},{\"@type\":\"ListItem\",\"position\":2,\"name\":\"Sulin.ee e-pood\",\"item\":\"https:\/\/sulin.ee\/shop\/\"},{\"@type\":\"ListItem\",\"position\":3,\"name\":\"b.box s\u00f6\u00f6giriistade komplekt koos hoiukarbiga\"}]},{\"@type\":\"WebSite\",\"@id\":\"https:\/\/sulin.ee\/en\/#website\",\"url\":\"https:\/\/sulin.ee\/en\/\",\"name\":\"sulin.ee\",\"description\":\"\",\"publisher\":{\"@id\":\"https:\/\/sulin.ee\/en\/#organization\"},\"potentialAction\":[{\"@type\":\"SearchAction\",\"target\":{\"@type\":\"EntryPoint\",\"urlTemplate\":\"https:\/\/sulin.ee\/en\/?s={search_term_string}\"},\"query-input\":{\"@type\":\"PropertyValueSpecification\",\"valueRequired\":true,\"valueName\":\"search_term_string\"}}],\"inLanguage\":\"en-US\"},{\"@type\":\"Organization\",\"@id\":\"https:\/\/sulin.ee\/en\/#organization\",\"name\":\"SULIN TRADE O\u00dc\",\"url\":\"https:\/\/sulin.ee\/en\/\",\"logo\":{\"@type\":\"ImageObject\",\"inLanguage\":\"en-US\",\"@id\":\"https:\/\/sulin.ee\/en\/#\/schema\/logo\/image\/\",\"url\":\"https:\/\/sulin.ee\/wp-content\/uploads\/2022\/11\/sulin-logo.png\",\"contentUrl\":\"https:\/\/sulin.ee\/wp-content\/uploads\/2022\/11\/sulin-logo.png\",\"width\":871,\"height\":321,\"caption\":\"SULIN TRADE O\u00dc\"},\"image\":{\"@id\":\"https:\/\/sulin.ee\/en\/#\/schema\/logo\/image\/\"},\"sameAs\":[\"https:\/\/www.facebook.com\/www.sulin.ee\/\",\"https:\/\/www.instagram.com\/sulintrade\/\"]}]}<\/script>\n<!-- \/ Yoast SEO plugin. -->","yoast_head_json":{"title":"b.box s\u00f6\u00f6giriistade komplekt koos hoiukarbiga - sulin.ee","description":"b.box s\u00f6\u00f6giriistade komplekt koosneb unikaalse kujuga kahvlist, lusikast ja spetsiaalsest hoiustamiskarbist.V\u00e4ljat\u00f6\u00f6tatud koost\u00f6\u00f6s laste tegevusterapeudiga.","robots":{"index":"index","follow":"follow","max-snippet":"max-snippet:-1","max-image-preview":"max-image-preview:large","max-video-preview":"max-video-preview:-1"},"canonical":"https:\/\/sulin.ee\/en\/toode\/b-box-soogiriistade-komplekt-koos-hoiukarbiga\/","og_locale":"en_US","og_type":"article","og_title":"b.box s\u00f6\u00f6giriistade komplekt koos hoiukarbiga - sulin.ee","og_description":"b.box s\u00f6\u00f6giriistade komplekt koosneb unikaalse kujuga kahvlist, lusikast ja spetsiaalsest hoiustamiskarbist.V\u00e4ljat\u00f6\u00f6tatud koost\u00f6\u00f6s laste tegevusterapeudiga.","og_url":"https:\/\/sulin.ee\/en\/toode\/b-box-soogiriistade-komplekt-koos-hoiukarbiga\/","og_site_name":"sulin.ee","article_publisher":"https:\/\/www.facebook.com\/www.sulin.ee\/","article_modified_time":"2025-09-07T21:47:56+00:00","og_image":[{"width":1080,"height":1080,"url":"https:\/\/sulin.ee\/wp-content\/uploads\/2023\/02\/Soogiriistad.jpg","type":"image\/jpeg"}],"twitter_card":"summary_large_image","twitter_misc":{"Est. reading time":"2 minutes"},"schema":{"@context":"https:\/\/schema.org","@graph":[{"@type":"WebPage","@id":"https:\/\/sulin.ee\/en\/toode\/b-box-soogiriistade-komplekt-koos-hoiukarbiga\/","url":"https:\/\/sulin.ee\/en\/toode\/b-box-soogiriistade-komplekt-koos-hoiukarbiga\/","name":"b.box s\u00f6\u00f6giriistade komplekt koos hoiukarbiga - sulin.ee","isPartOf":{"@id":"https:\/\/sulin.ee\/en\/#website"},"primaryImageOfPage":{"@id":"https:\/\/sulin.ee\/en\/toode\/b-box-soogiriistade-komplekt-koos-hoiukarbiga\/#primaryimage"},"image":{"@id":"https:\/\/sulin.ee\/en\/toode\/b-box-soogiriistade-komplekt-koos-hoiukarbiga\/#primaryimage"},"thumbnailUrl":"https:\/\/sulin.ee\/wp-content\/uploads\/2023\/02\/Soogiriistad.jpg","datePublished":"2023-02-27T19:50:31+00:00","dateModified":"2025-09-07T21:47:56+00:00","description":"b.box s\u00f6\u00f6giriistade komplekt koosneb unikaalse kujuga kahvlist, lusikast ja spetsiaalsest hoiustamiskarbist.V\u00e4ljat\u00f6\u00f6tatud koost\u00f6\u00f6s laste tegevusterapeudiga.","breadcrumb":{"@id":"https:\/\/sulin.ee\/en\/toode\/b-box-soogiriistade-komplekt-koos-hoiukarbiga\/#breadcrumb"},"inLanguage":"en-US","potentialAction":[{"@type":"ReadAction","target":["https:\/\/sulin.ee\/en\/toode\/b-box-soogiriistade-komplekt-koos-hoiukarbiga\/"]}]},{"@type":"ImageObject","inLanguage":"en-US","@id":"https:\/\/sulin.ee\/en\/toode\/b-box-soogiriistade-komplekt-koos-hoiukarbiga\/#primaryimage","url":"https:\/\/sulin.ee\/wp-content\/uploads\/2023\/02\/Soogiriistad.jpg","contentUrl":"https:\/\/sulin.ee\/wp-content\/uploads\/2023\/02\/Soogiriistad.jpg","width":1080,"height":1080,"caption":"b.box s\u00f6\u00f6giriistade komplekt"},{"@type":"BreadcrumbList","@id":"https:\/\/sulin.ee\/en\/toode\/b-box-soogiriistade-komplekt-koos-hoiukarbiga\/#breadcrumb","itemListElement":[{"@type":"ListItem","position":1,"name":"Home","item":"https:\/\/sulin.ee\/en\/"},{"@type":"ListItem","position":2,"name":"Sulin.ee e-pood","item":"https:\/\/sulin.ee\/shop\/"},{"@type":"ListItem","position":3,"name":"b.box s\u00f6\u00f6giriistade komplekt koos hoiukarbiga"}]},{"@type":"WebSite","@id":"https:\/\/sulin.ee\/en\/#website","url":"https:\/\/sulin.ee\/en\/","name":"sulin.ee","description":"","publisher":{"@id":"https:\/\/sulin.ee\/en\/#organization"},"potentialAction":[{"@type":"SearchAction","target":{"@type":"EntryPoint","urlTemplate":"https:\/\/sulin.ee\/en\/?s={search_term_string}"},"query-input":{"@type":"PropertyValueSpecification","valueRequired":true,"valueName":"search_term_string"}}],"inLanguage":"en-US"},{"@type":"Organization","@id":"https:\/\/sulin.ee\/en\/#organization","name":"SULIN TRADE O\u00dc","url":"https:\/\/sulin.ee\/en\/","logo":{"@type":"ImageObject","inLanguage":"en-US","@id":"https:\/\/sulin.ee\/en\/#\/schema\/logo\/image\/","url":"https:\/\/sulin.ee\/wp-content\/uploads\/2022\/11\/sulin-logo.png","contentUrl":"https:\/\/sulin.ee\/wp-content\/uploads\/2022\/11\/sulin-logo.png","width":871,"height":321,"caption":"SULIN TRADE O\u00dc"},"image":{"@id":"https:\/\/sulin.ee\/en\/#\/schema\/logo\/image\/"},"sameAs":["https:\/\/www.facebook.com\/www.sulin.ee\/","https:\/\/www.instagram.com\/sulintrade\/"]}]}},"builder_content":"","_links":{"self":[{"href":"https:\/\/sulin.ee\/en\/wp-json\/wp\/v2\/product\/11252","targetHints":{"allow":["GET"]}}],"collection":[{"href":"https:\/\/sulin.ee\/en\/wp-json\/wp\/v2\/product"}],"about":[{"href":"https:\/\/sulin.ee\/en\/wp-json\/wp\/v2\/types\/product"}],"replies":[{"embeddable":true,"href":"https:\/\/sulin.ee\/en\/wp-json\/wp\/v2\/comments?post=11252"}],"wp:featuredmedia":[{"embeddable":true,"href":"https:\/\/sulin.ee\/en\/wp-json\/wp\/v2\/media\/11257"}],"wp:attachment":[{"href":"https:\/\/sulin.ee\/en\/wp-json\/wp\/v2\/media?parent=11252"}],"wp:term":[{"taxonomy":"product_brand","embeddable":true,"href":"https:\/\/sulin.ee\/en\/wp-json\/wp\/v2\/product_brand?post=11252"},{"taxonomy":"product_cat","embeddable":true,"href":"https:\/\/sulin.ee\/en\/wp-json\/wp\/v2\/product_cat?post=11252"},{"taxonomy":"product_tag","embeddable":true,"href":"https:\/\/sulin.ee\/en\/wp-json\/wp\/v2\/product_tag?post=11252"}],"curies":[{"name":"wp","href":"https:\/\/api.w.org\/{rel}","templated":true}]}}