{"id":112,"date":"2022-09-13T14:00:20","date_gmt":"2022-09-13T14:00:20","guid":{"rendered":"http:\/\/test.itson.ee\/sulin\/product\/bambaw-roostevabast-terasest-joogipudel-1000-ml\/"},"modified":"2026-02-18T08:58:43","modified_gmt":"2026-02-18T08:58:43","slug":"metallist-joogipudel-bambaw-roostevabast-terasest","status":"publish","type":"product","link":"https:\/\/sulin.ee\/en\/toode\/metallist-joogipudel-bambaw-roostevabast-terasest\/","title":{"rendered":"Metallist joogipudel Bambaw roostevabast terasest"},"content":{"rendered":"<p style=\"text-align: justify;\"><strong><span style=\"font-family: arial, helvetica, sans-serif; font-size: medium;\">Metallist joogipudel Bambaw roostevabast teraseston elegantse ja neutraalse kujuga BPA-vaba veepudel. Korduvkasutatava pudeli kasutamine on parim viis hoida vesi alati k\u00e4ep\u00e4rast ning p\u00fcsida h\u00fcdreerituna kogu p\u00e4eva jooksul.<\/span><\/strong><\/p>\n<p>Inimese keha sisaldab olenevalt vanusest 60-75% vett. Vesi aitab s\u00e4ilitada normaalset kehatemperatuuri, kiirendab ainevahetust ning v\u00f5imaldab meie lihastel ja organitel \u00f5igesti toimida.<\/p>\n<p style=\"text-align: justify;\"><span style=\"font-family: arial, helvetica, sans-serif; font-size: medium;\">Metallist joogipudel Bambaw roostevabast terasest on valmistatud \u00fchekordsest 18\/8 roostevabast terasest (ei oma termopudeli efekti). Pudeli sisepind ei ole kaetud ega lakitud. Ei v\u00f5ta k\u00fclge maitseid ega l\u00f5hnu. Peab h\u00e4sti vastu roostele ja p\u00f5rutustele. Vaata toodet tutvustat videot <span style=\"color: #0000ff;\"><a style=\"color: #0000ff;\" href=\"https:\/\/www.youtube.com\/watch?v=c2ZuVaR-cBU\" target=\"_blank\" rel=\"noopener\">siit<\/a><\/span>.<\/span><\/p>\n<p style=\"text-align: justify;\"><strong><span style=\"font-family: arial, helvetica, sans-serif; font-size: medium;\">Roostevabast terasest joogipudeli hooldus:<\/span><\/strong><\/p>\n<p><span style=\"font-family: arial, helvetica, sans-serif; font-size: medium;\">Soovitatav k\u00e4sipesu. Vajadusel v\u00f5ib pudelit leotada vees pikemat aega. P\u00f5hjalikumaks puhastamiseks on soovitatav kasutada pudeliharja, sooja vett ja 1 tl s\u00f6\u00f6gisoodat. Mitte kasutada abrassiivseid ja kloorip\u00f5hiseid puhastusvahendeid.<\/span><\/p>\n<p style=\"text-align: justify;\"><span style=\"font-family: arial, helvetica, sans-serif; font-size: medium;\">Ei sobi kasutamiseks ahjus, mikrolaineahjus ega s\u00fcgavk\u00fclmas.<\/span><\/p>\n<p style=\"text-align: justify;\"><span style=\"font-family: arial, helvetica, sans-serif; font-size: medium;\">Pikema perioodi jooksul pudelit hoiustades eemalda pudelilt kork.<\/span><\/p>\n<p style=\"text-align: justify;\"><strong><span style=\"font-family: arial, helvetica, sans-serif; font-size: medium;\">Saadaval kolmes erinevas suuruses:\u00a0<\/span><\/strong><span style=\"font-family: arial, helvetica, sans-serif; font-size: medium;\">500 ml, 750 ml, 100 ml.<\/span><\/p>\n<p>Vaata lisaks ka <span style=\"color: #0000ff;\"><a style=\"color: #0000ff;\" href=\"https:\/\/sulin.ee\/tootekategooria\/kodu\/elustiil\/toidukarbid-elustiil\/\" target=\"_blank\" rel=\"noopener\">roostevabast terasest toidukarpe<\/a><\/span>.<\/p>\n","protected":false},"excerpt":{"rendered":"<p>Metallist joogipudel Bambaw roostevabast teraseston elegantse ja neutraalse kujuga BPA-vaba veepudel. Korduvkasutatava pudeli kasutamine on parim viis hoida vesi alati k\u00e4ep\u00e4rast ning p\u00fcsida h\u00fcdreerituna kogu p\u00e4eva jooksul. Inimese keha sisaldab olenevalt vanusest 60-75% vett. Vesi aitab s\u00e4ilitada normaalset kehatemperatuuri, kiirendab ainevahetust ning v\u00f5imaldab meie lihastel ja organitel \u00f5igesti toimida. Metallist joogipudel Bambaw roostevabast terasest on [&hellip;]<\/p>\n","protected":false},"featured_media":3088,"comment_status":"open","ping_status":"closed","template":"","meta":[],"product_brand":[],"product_cat":[66,239],"product_tag":[249],"class_list":{"0":"post-112","1":"product","2":"type-product","3":"status-publish","4":"has-post-thumbnail","6":"product_cat-joogipudelid","7":"product_cat-bambaw","8":"product_tag-bambaw","9":"has-post-title","10":"has-post-date","11":"has-post-category","12":"has-post-tag","13":"has-post-comment","14":"has-post-author","15":"","17":"first","18":"outofstock","19":"taxable","20":"shipping-taxable","21":"product-type-variable"},"yoast_head":"<!-- This site is optimized with the Yoast SEO plugin v26.8 - https:\/\/yoast.com\/product\/yoast-seo-wordpress\/ -->\n<title>Metallist joogipudel Bambaw roostevabast terasest - sulin.ee<\/title>\n<meta name=\"description\" content=\"Metallist joogipudel Bambaw roostevabast terasest on elegantse ja neutraalse kujuga BPA-vaba veepudel. Valmistatud \u00fchekordsest 18\/8 roostevabast terasest\" \/>\n<meta name=\"robots\" content=\"index, follow, max-snippet:-1, max-image-preview:large, max-video-preview:-1\" \/>\n<link rel=\"canonical\" href=\"https:\/\/sulin.ee\/en\/toode\/metallist-joogipudel-bambaw-roostevabast-terasest\/\" \/>\n<meta property=\"og:locale\" content=\"en_US\" \/>\n<meta property=\"og:type\" content=\"article\" \/>\n<meta property=\"og:title\" content=\"Metallist joogipudel Bambaw roostevabast terasest - sulin.ee\" \/>\n<meta property=\"og:description\" content=\"Metallist joogipudel Bambaw roostevabast terasest on elegantse ja neutraalse kujuga BPA-vaba veepudel. Valmistatud \u00fchekordsest 18\/8 roostevabast terasest\" \/>\n<meta property=\"og:url\" content=\"https:\/\/sulin.ee\/en\/toode\/metallist-joogipudel-bambaw-roostevabast-terasest\/\" \/>\n<meta property=\"og:site_name\" content=\"sulin.ee\" \/>\n<meta property=\"article:publisher\" content=\"https:\/\/www.facebook.com\/www.sulin.ee\/\" \/>\n<meta property=\"article:modified_time\" content=\"2026-02-18T08:58:43+00:00\" \/>\n<meta property=\"og:image\" content=\"https:\/\/sulin.ee\/wp-content\/uploads\/2022\/09\/Bambaw-Steel-Bottle-Non-insulated-joogipudel-1000ml.jpg\" \/>\n\t<meta property=\"og:image:width\" content=\"800\" \/>\n\t<meta property=\"og:image:height\" content=\"800\" \/>\n\t<meta property=\"og:image:type\" content=\"image\/jpeg\" \/>\n<meta name=\"twitter:card\" content=\"summary_large_image\" \/>\n<meta name=\"twitter:label1\" content=\"Est. reading time\" \/>\n\t<meta name=\"twitter:data1\" content=\"2 minutes\" \/>\n<script type=\"application\/ld+json\" class=\"yoast-schema-graph\">{\"@context\":\"https:\/\/schema.org\",\"@graph\":[{\"@type\":\"WebPage\",\"@id\":\"https:\/\/sulin.ee\/en\/toode\/metallist-joogipudel-bambaw-roostevabast-terasest\/\",\"url\":\"https:\/\/sulin.ee\/en\/toode\/metallist-joogipudel-bambaw-roostevabast-terasest\/\",\"name\":\"Metallist joogipudel Bambaw roostevabast terasest - sulin.ee\",\"isPartOf\":{\"@id\":\"https:\/\/sulin.ee\/en\/#website\"},\"primaryImageOfPage\":{\"@id\":\"https:\/\/sulin.ee\/en\/toode\/metallist-joogipudel-bambaw-roostevabast-terasest\/#primaryimage\"},\"image\":{\"@id\":\"https:\/\/sulin.ee\/en\/toode\/metallist-joogipudel-bambaw-roostevabast-terasest\/#primaryimage\"},\"thumbnailUrl\":\"https:\/\/sulin.ee\/wp-content\/uploads\/2022\/09\/Bambaw-Steel-Bottle-Non-insulated-joogipudel-1000ml.jpg\",\"datePublished\":\"2022-09-13T14:00:20+00:00\",\"dateModified\":\"2026-02-18T08:58:43+00:00\",\"description\":\"Metallist joogipudel Bambaw roostevabast terasest on elegantse ja neutraalse kujuga BPA-vaba veepudel. Valmistatud \u00fchekordsest 18\/8 roostevabast terasest\",\"breadcrumb\":{\"@id\":\"https:\/\/sulin.ee\/en\/toode\/metallist-joogipudel-bambaw-roostevabast-terasest\/#breadcrumb\"},\"inLanguage\":\"en-US\",\"potentialAction\":[{\"@type\":\"ReadAction\",\"target\":[\"https:\/\/sulin.ee\/en\/toode\/metallist-joogipudel-bambaw-roostevabast-terasest\/\"]}]},{\"@type\":\"ImageObject\",\"inLanguage\":\"en-US\",\"@id\":\"https:\/\/sulin.ee\/en\/toode\/metallist-joogipudel-bambaw-roostevabast-terasest\/#primaryimage\",\"url\":\"https:\/\/sulin.ee\/wp-content\/uploads\/2022\/09\/Bambaw-Steel-Bottle-Non-insulated-joogipudel-1000ml.jpg\",\"contentUrl\":\"https:\/\/sulin.ee\/wp-content\/uploads\/2022\/09\/Bambaw-Steel-Bottle-Non-insulated-joogipudel-1000ml.jpg\",\"width\":800,\"height\":800,\"caption\":\"Bambaw roostevabast terasest joogipudel\"},{\"@type\":\"BreadcrumbList\",\"@id\":\"https:\/\/sulin.ee\/en\/toode\/metallist-joogipudel-bambaw-roostevabast-terasest\/#breadcrumb\",\"itemListElement\":[{\"@type\":\"ListItem\",\"position\":1,\"name\":\"Home\",\"item\":\"https:\/\/sulin.ee\/en\/\"},{\"@type\":\"ListItem\",\"position\":2,\"name\":\"Sulin.ee e-pood\",\"item\":\"https:\/\/sulin.ee\/shop\/\"},{\"@type\":\"ListItem\",\"position\":3,\"name\":\"Metallist joogipudel Bambaw roostevabast terasest\"}]},{\"@type\":\"WebSite\",\"@id\":\"https:\/\/sulin.ee\/en\/#website\",\"url\":\"https:\/\/sulin.ee\/en\/\",\"name\":\"sulin.ee\",\"description\":\"\",\"publisher\":{\"@id\":\"https:\/\/sulin.ee\/en\/#organization\"},\"potentialAction\":[{\"@type\":\"SearchAction\",\"target\":{\"@type\":\"EntryPoint\",\"urlTemplate\":\"https:\/\/sulin.ee\/en\/?s={search_term_string}\"},\"query-input\":{\"@type\":\"PropertyValueSpecification\",\"valueRequired\":true,\"valueName\":\"search_term_string\"}}],\"inLanguage\":\"en-US\"},{\"@type\":\"Organization\",\"@id\":\"https:\/\/sulin.ee\/en\/#organization\",\"name\":\"SULIN TRADE O\u00dc\",\"url\":\"https:\/\/sulin.ee\/en\/\",\"logo\":{\"@type\":\"ImageObject\",\"inLanguage\":\"en-US\",\"@id\":\"https:\/\/sulin.ee\/en\/#\/schema\/logo\/image\/\",\"url\":\"https:\/\/sulin.ee\/wp-content\/uploads\/2022\/11\/sulin-logo.png\",\"contentUrl\":\"https:\/\/sulin.ee\/wp-content\/uploads\/2022\/11\/sulin-logo.png\",\"width\":871,\"height\":321,\"caption\":\"SULIN TRADE O\u00dc\"},\"image\":{\"@id\":\"https:\/\/sulin.ee\/en\/#\/schema\/logo\/image\/\"},\"sameAs\":[\"https:\/\/www.facebook.com\/www.sulin.ee\/\",\"https:\/\/www.instagram.com\/sulintrade\/\"]}]}<\/script>\n<!-- \/ Yoast SEO plugin. -->","yoast_head_json":{"title":"Metallist joogipudel Bambaw roostevabast terasest - sulin.ee","description":"Metallist joogipudel Bambaw roostevabast terasest on elegantse ja neutraalse kujuga BPA-vaba veepudel. Valmistatud \u00fchekordsest 18\/8 roostevabast terasest","robots":{"index":"index","follow":"follow","max-snippet":"max-snippet:-1","max-image-preview":"max-image-preview:large","max-video-preview":"max-video-preview:-1"},"canonical":"https:\/\/sulin.ee\/en\/toode\/metallist-joogipudel-bambaw-roostevabast-terasest\/","og_locale":"en_US","og_type":"article","og_title":"Metallist joogipudel Bambaw roostevabast terasest - sulin.ee","og_description":"Metallist joogipudel Bambaw roostevabast terasest on elegantse ja neutraalse kujuga BPA-vaba veepudel. Valmistatud \u00fchekordsest 18\/8 roostevabast terasest","og_url":"https:\/\/sulin.ee\/en\/toode\/metallist-joogipudel-bambaw-roostevabast-terasest\/","og_site_name":"sulin.ee","article_publisher":"https:\/\/www.facebook.com\/www.sulin.ee\/","article_modified_time":"2026-02-18T08:58:43+00:00","og_image":[{"width":800,"height":800,"url":"https:\/\/sulin.ee\/wp-content\/uploads\/2022\/09\/Bambaw-Steel-Bottle-Non-insulated-joogipudel-1000ml.jpg","type":"image\/jpeg"}],"twitter_card":"summary_large_image","twitter_misc":{"Est. reading time":"2 minutes"},"schema":{"@context":"https:\/\/schema.org","@graph":[{"@type":"WebPage","@id":"https:\/\/sulin.ee\/en\/toode\/metallist-joogipudel-bambaw-roostevabast-terasest\/","url":"https:\/\/sulin.ee\/en\/toode\/metallist-joogipudel-bambaw-roostevabast-terasest\/","name":"Metallist joogipudel Bambaw roostevabast terasest - sulin.ee","isPartOf":{"@id":"https:\/\/sulin.ee\/en\/#website"},"primaryImageOfPage":{"@id":"https:\/\/sulin.ee\/en\/toode\/metallist-joogipudel-bambaw-roostevabast-terasest\/#primaryimage"},"image":{"@id":"https:\/\/sulin.ee\/en\/toode\/metallist-joogipudel-bambaw-roostevabast-terasest\/#primaryimage"},"thumbnailUrl":"https:\/\/sulin.ee\/wp-content\/uploads\/2022\/09\/Bambaw-Steel-Bottle-Non-insulated-joogipudel-1000ml.jpg","datePublished":"2022-09-13T14:00:20+00:00","dateModified":"2026-02-18T08:58:43+00:00","description":"Metallist joogipudel Bambaw roostevabast terasest on elegantse ja neutraalse kujuga BPA-vaba veepudel. Valmistatud \u00fchekordsest 18\/8 roostevabast terasest","breadcrumb":{"@id":"https:\/\/sulin.ee\/en\/toode\/metallist-joogipudel-bambaw-roostevabast-terasest\/#breadcrumb"},"inLanguage":"en-US","potentialAction":[{"@type":"ReadAction","target":["https:\/\/sulin.ee\/en\/toode\/metallist-joogipudel-bambaw-roostevabast-terasest\/"]}]},{"@type":"ImageObject","inLanguage":"en-US","@id":"https:\/\/sulin.ee\/en\/toode\/metallist-joogipudel-bambaw-roostevabast-terasest\/#primaryimage","url":"https:\/\/sulin.ee\/wp-content\/uploads\/2022\/09\/Bambaw-Steel-Bottle-Non-insulated-joogipudel-1000ml.jpg","contentUrl":"https:\/\/sulin.ee\/wp-content\/uploads\/2022\/09\/Bambaw-Steel-Bottle-Non-insulated-joogipudel-1000ml.jpg","width":800,"height":800,"caption":"Bambaw roostevabast terasest joogipudel"},{"@type":"BreadcrumbList","@id":"https:\/\/sulin.ee\/en\/toode\/metallist-joogipudel-bambaw-roostevabast-terasest\/#breadcrumb","itemListElement":[{"@type":"ListItem","position":1,"name":"Home","item":"https:\/\/sulin.ee\/en\/"},{"@type":"ListItem","position":2,"name":"Sulin.ee e-pood","item":"https:\/\/sulin.ee\/shop\/"},{"@type":"ListItem","position":3,"name":"Metallist joogipudel Bambaw roostevabast terasest"}]},{"@type":"WebSite","@id":"https:\/\/sulin.ee\/en\/#website","url":"https:\/\/sulin.ee\/en\/","name":"sulin.ee","description":"","publisher":{"@id":"https:\/\/sulin.ee\/en\/#organization"},"potentialAction":[{"@type":"SearchAction","target":{"@type":"EntryPoint","urlTemplate":"https:\/\/sulin.ee\/en\/?s={search_term_string}"},"query-input":{"@type":"PropertyValueSpecification","valueRequired":true,"valueName":"search_term_string"}}],"inLanguage":"en-US"},{"@type":"Organization","@id":"https:\/\/sulin.ee\/en\/#organization","name":"SULIN TRADE O\u00dc","url":"https:\/\/sulin.ee\/en\/","logo":{"@type":"ImageObject","inLanguage":"en-US","@id":"https:\/\/sulin.ee\/en\/#\/schema\/logo\/image\/","url":"https:\/\/sulin.ee\/wp-content\/uploads\/2022\/11\/sulin-logo.png","contentUrl":"https:\/\/sulin.ee\/wp-content\/uploads\/2022\/11\/sulin-logo.png","width":871,"height":321,"caption":"SULIN TRADE O\u00dc"},"image":{"@id":"https:\/\/sulin.ee\/en\/#\/schema\/logo\/image\/"},"sameAs":["https:\/\/www.facebook.com\/www.sulin.ee\/","https:\/\/www.instagram.com\/sulintrade\/"]}]}},"builder_content":"","_links":{"self":[{"href":"https:\/\/sulin.ee\/en\/wp-json\/wp\/v2\/product\/112","targetHints":{"allow":["GET"]}}],"collection":[{"href":"https:\/\/sulin.ee\/en\/wp-json\/wp\/v2\/product"}],"about":[{"href":"https:\/\/sulin.ee\/en\/wp-json\/wp\/v2\/types\/product"}],"replies":[{"embeddable":true,"href":"https:\/\/sulin.ee\/en\/wp-json\/wp\/v2\/comments?post=112"}],"wp:featuredmedia":[{"embeddable":true,"href":"https:\/\/sulin.ee\/en\/wp-json\/wp\/v2\/media\/3088"}],"wp:attachment":[{"href":"https:\/\/sulin.ee\/en\/wp-json\/wp\/v2\/media?parent=112"}],"wp:term":[{"taxonomy":"product_brand","embeddable":true,"href":"https:\/\/sulin.ee\/en\/wp-json\/wp\/v2\/product_brand?post=112"},{"taxonomy":"product_cat","embeddable":true,"href":"https:\/\/sulin.ee\/en\/wp-json\/wp\/v2\/product_cat?post=112"},{"taxonomy":"product_tag","embeddable":true,"href":"https:\/\/sulin.ee\/en\/wp-json\/wp\/v2\/product_tag?post=112"}],"curies":[{"name":"wp","href":"https:\/\/api.w.org\/{rel}","templated":true}]}}