{"id":108,"date":"2022-09-13T14:00:19","date_gmt":"2022-09-13T14:00:19","guid":{"rendered":"http:\/\/test.itson.ee\/sulin\/product\/bambaw-paevased-hugieenisidemed-5tk-kott\/"},"modified":"2025-09-07T21:55:49","modified_gmt":"2025-09-07T21:55:49","slug":"bambaw-paevased-hugieenisidemed-5tk-kott","status":"publish","type":"product","link":"https:\/\/sulin.ee\/en\/toode\/bambaw-paevased-hugieenisidemed-5tk-kott\/","title":{"rendered":"P\u00e4evased h\u00fcgieenisidemed (5tk + kott)"},"content":{"rendered":"<p style=\"text-align: justify;\"><strong><span style=\"font-family: arial, helvetica, sans-serif; font-size: medium;\">P\u00e4evased h\u00fcgieenisidemed on tervislik valik sinu kehale. Sidemeid katab diskreetne musta v\u00e4rvi bambuss\u00f6e materjal, mis on naha vastas pehme ning aitab lukustada l\u00f5hnu.<\/span><\/strong><\/p>\n<p style=\"text-align: justify;\"><span style=\"font-family: arial, helvetica, sans-serif; font-size: medium;\">P\u00e4evased h\u00fcgieenisidemed koosnevad kahest mikrokiud kihist ning on m\u00f5eldud kasutamiseks keskmise vooluse korral. Sidemete pealispind on kaetud veekindla PUL kangaga, mis muudab need elastseks ega lase vedelikel lekkida. Vaata toodet tutvustavat videot <a href=\"https:\/\/www.youtube.com\/watch?v=_h4Zp2dARGk\" target=\"_blank\" rel=\"noopener\">siit.<\/a><\/span><\/p>\n<p style=\"text-align: justify;\"><span style=\"font-family: arial, helvetica, sans-serif; font-size: medium;\">Iga h\u00fcgieenisideme tiivakeste k\u00fcljes on 2 rida trukke, t\u00e4nu millele p\u00fcsivad need paigal.<\/span><\/p>\n<p style=\"text-align: justify;\"><span style=\"font-family: arial, helvetica, sans-serif; font-size: medium;\"><strong>Komplektis:<\/strong> 5 p\u00e4evast h\u00fcgieenisidet ja 1 h\u00fcgieenisidemete hoiustamise kott.<\/span><\/p>\n<p style=\"text-align: justify;\"><span style=\"font-family: arial, helvetica, sans-serif; font-size: medium;\"><strong>Sideme m\u00f5\u00f5dud:<\/strong>\u00a024 x 8,5\u00a0cm.<\/span><\/p>\n<p style=\"text-align: justify;\"><span style=\"font-family: arial, helvetica, sans-serif; font-size: medium;\"><strong>Koti m\u00f5\u00f5dud:<\/strong> 13 x 23 cm.<\/span><\/p>\n<p style=\"text-align: justify;\"><span style=\"font-family: arial, helvetica, sans-serif; font-size: medium;\"><strong>Hooldus:<\/strong>\u00a0Pesta pesumasinas temperatuuril 40\u2103. Enne esmakordset kasutamist pese tooted l\u00e4bi.<\/span><\/p>\n<ul>\n<li style=\"text-align: justify;\"><span style=\"font-family: arial, helvetica, sans-serif; font-size: medium;\">\u00c4ra kasuta valgendajaid, pesupehmendajaid ega \u00e4\u00e4dikat;<\/span><\/li>\n<li style=\"text-align: justify;\"><span style=\"font-family: arial, helvetica, sans-serif; font-size: medium;\">\u00c4ra kasuta ens\u00fc\u00fcme sisaldavaid pesuvahendeid, sest need v\u00f5ivad kahjustada naturaalseid kiude ning seel\u00e4bi v\u00e4hendada sideme imavust;<\/span><\/li>\n<li style=\"text-align: justify;\"><span style=\"font-family: arial, helvetica, sans-serif; font-size: medium;\">Loputa m\u00e4\u00e4rdunud h\u00fcgieeniside k\u00fclma veega esimesel v\u00f5imalusel;<\/span><\/li>\n<li style=\"text-align: justify;\"><span style=\"font-family: arial, helvetica, sans-serif; font-size: medium;\">H\u00fcgieenisidemeid v\u00f5ib pesta koos teiste sama v\u00e4rvi riietega, nii aitad s\u00e4\u00e4sta vett ja elektrit.<\/span><\/li>\n<\/ul>\n<p>V\u00e4hese vooluse korral kasuta Bambaw<a href=\"https:\/\/sulin.ee\/toode\/bambaw-korduvkasutatavad-pesukaitsmed-5-tk-kott\/\" target=\"_blank\" rel=\"noopener\"> pesukaitsmeid.<\/a><\/p>\n<p>\u00d6iseks kasutamiseks vaata Bambaw<a href=\"https:\/\/sulin.ee\/toode\/bambaw-korduvkasutatavate-hugieenisidemete-komplekt-oised-5tk-kott\/\" target=\"_blank\" rel=\"noopener\">\u00a0\u00f6iseid h\u00fcgieenisidemeid.<\/a><\/p>\n","protected":false},"excerpt":{"rendered":"<div class=\"flex max-w-full flex-col flex-grow\">\n<div class=\"min-h-8 text-message flex w-full flex-col items-end gap-2 whitespace-normal break-words text-start [.text-message+&amp;]:mt-5\" dir=\"auto\" data-message-author-role=\"assistant\" data-message-id=\"f103497a-7cfb-446a-b8be-2c10c92ab875\" data-message-model-slug=\"gpt-4o\">\n<div class=\"flex w-full flex-col gap-1 empty:hidden first:pt-[3px]\">\n<div class=\"markdown prose w-full break-words dark:prose-invert light\">\n<p><strong>P\u00e4evased h\u00fcgieenisidemed on tervislik ja keskkonnas\u00f5bralik valik, pakkudes keskmise vooluse korral mugavust ja kaitset. Bambuss\u00f6e materjaliga kaetud pealispind on pehme ja aitab lukustada l\u00f5hnu, samas kui veekindel PUL kangas hoiab \u00e4ra lekked. <\/strong><\/p>\n<p><strong>Komplektis on 5 sidet ja praktiline hoiukott.\u00a0<\/strong><\/p>\n<\/div>\n<\/div>\n<\/div>\n<\/div>\n","protected":false},"featured_media":3248,"comment_status":"open","ping_status":"closed","template":"","meta":[],"product_brand":[],"product_cat":[57,239],"product_tag":[249],"class_list":{"0":"post-108","1":"product","2":"type-product","3":"status-publish","4":"has-post-thumbnail","6":"product_cat-korduvkasutatavad-hugieenisidemed","7":"product_cat-bambaw","8":"product_tag-bambaw","9":"has-post-title","10":"has-post-date","11":"has-post-category","12":"has-post-tag","13":"has-post-comment","14":"has-post-author","15":"","17":"first","18":"outofstock","19":"sale","20":"taxable","21":"shipping-taxable","22":"purchasable","23":"product-type-simple"},"yoast_head":"<!-- This site is optimized with the Yoast SEO plugin v26.8 - https:\/\/yoast.com\/product\/yoast-seo-wordpress\/ -->\n<title>P\u00e4evased h\u00fcgieenisidemed (5tk + kott) - sulin.ee<\/title>\n<meta name=\"description\" content=\"P\u00e4evased h\u00fcgieenisidemed on tervislik valik sinu kehale. Sidemeid katab diskreetne musta v\u00e4rvi bambuss\u00f6e materjal, mis on naha vastas pehme.\" \/>\n<meta name=\"robots\" content=\"index, follow, max-snippet:-1, max-image-preview:large, max-video-preview:-1\" \/>\n<link rel=\"canonical\" href=\"https:\/\/sulin.ee\/en\/toode\/bambaw-paevased-hugieenisidemed-5tk-kott\/\" \/>\n<meta property=\"og:locale\" content=\"en_US\" \/>\n<meta property=\"og:type\" content=\"article\" \/>\n<meta property=\"og:title\" content=\"P\u00e4evased h\u00fcgieenisidemed (5tk + kott) - sulin.ee\" \/>\n<meta property=\"og:description\" content=\"P\u00e4evased h\u00fcgieenisidemed on tervislik valik sinu kehale. Sidemeid katab diskreetne musta v\u00e4rvi bambuss\u00f6e materjal, mis on naha vastas pehme.\" \/>\n<meta property=\"og:url\" content=\"https:\/\/sulin.ee\/en\/toode\/bambaw-paevased-hugieenisidemed-5tk-kott\/\" \/>\n<meta property=\"og:site_name\" content=\"sulin.ee\" \/>\n<meta property=\"article:publisher\" content=\"https:\/\/www.facebook.com\/www.sulin.ee\/\" \/>\n<meta property=\"article:modified_time\" content=\"2025-09-07T21:55:49+00:00\" \/>\n<meta property=\"og:image\" content=\"https:\/\/sulin.ee\/wp-content\/uploads\/2022\/09\/1.Sanitary-Packshot-Moderate-EN.jpg\" \/>\n\t<meta property=\"og:image:width\" content=\"800\" \/>\n\t<meta property=\"og:image:height\" content=\"800\" \/>\n\t<meta property=\"og:image:type\" content=\"image\/jpeg\" \/>\n<meta name=\"twitter:card\" content=\"summary_large_image\" \/>\n<meta name=\"twitter:label1\" content=\"Est. reading time\" \/>\n\t<meta name=\"twitter:data1\" content=\"2 minutes\" \/>\n<script type=\"application\/ld+json\" class=\"yoast-schema-graph\">{\"@context\":\"https:\/\/schema.org\",\"@graph\":[{\"@type\":\"WebPage\",\"@id\":\"https:\/\/sulin.ee\/en\/toode\/bambaw-paevased-hugieenisidemed-5tk-kott\/\",\"url\":\"https:\/\/sulin.ee\/en\/toode\/bambaw-paevased-hugieenisidemed-5tk-kott\/\",\"name\":\"P\u00e4evased h\u00fcgieenisidemed (5tk + kott) - sulin.ee\",\"isPartOf\":{\"@id\":\"https:\/\/sulin.ee\/en\/#website\"},\"primaryImageOfPage\":{\"@id\":\"https:\/\/sulin.ee\/en\/toode\/bambaw-paevased-hugieenisidemed-5tk-kott\/#primaryimage\"},\"image\":{\"@id\":\"https:\/\/sulin.ee\/en\/toode\/bambaw-paevased-hugieenisidemed-5tk-kott\/#primaryimage\"},\"thumbnailUrl\":\"https:\/\/sulin.ee\/wp-content\/uploads\/2022\/09\/1.Sanitary-Packshot-Moderate-EN.jpg\",\"datePublished\":\"2022-09-13T14:00:19+00:00\",\"dateModified\":\"2025-09-07T21:55:49+00:00\",\"description\":\"P\u00e4evased h\u00fcgieenisidemed on tervislik valik sinu kehale. Sidemeid katab diskreetne musta v\u00e4rvi bambuss\u00f6e materjal, mis on naha vastas pehme.\",\"breadcrumb\":{\"@id\":\"https:\/\/sulin.ee\/en\/toode\/bambaw-paevased-hugieenisidemed-5tk-kott\/#breadcrumb\"},\"inLanguage\":\"en-US\",\"potentialAction\":[{\"@type\":\"ReadAction\",\"target\":[\"https:\/\/sulin.ee\/en\/toode\/bambaw-paevased-hugieenisidemed-5tk-kott\/\"]}]},{\"@type\":\"ImageObject\",\"inLanguage\":\"en-US\",\"@id\":\"https:\/\/sulin.ee\/en\/toode\/bambaw-paevased-hugieenisidemed-5tk-kott\/#primaryimage\",\"url\":\"https:\/\/sulin.ee\/wp-content\/uploads\/2022\/09\/1.Sanitary-Packshot-Moderate-EN.jpg\",\"contentUrl\":\"https:\/\/sulin.ee\/wp-content\/uploads\/2022\/09\/1.Sanitary-Packshot-Moderate-EN.jpg\",\"width\":800,\"height\":800,\"caption\":\"P\u00e4evased h\u00fcgieenisidemed\"},{\"@type\":\"BreadcrumbList\",\"@id\":\"https:\/\/sulin.ee\/en\/toode\/bambaw-paevased-hugieenisidemed-5tk-kott\/#breadcrumb\",\"itemListElement\":[{\"@type\":\"ListItem\",\"position\":1,\"name\":\"Home\",\"item\":\"https:\/\/sulin.ee\/en\/\"},{\"@type\":\"ListItem\",\"position\":2,\"name\":\"Sulin.ee e-pood\",\"item\":\"https:\/\/sulin.ee\/shop\/\"},{\"@type\":\"ListItem\",\"position\":3,\"name\":\"P\u00e4evased h\u00fcgieenisidemed (5tk + kott)\"}]},{\"@type\":\"WebSite\",\"@id\":\"https:\/\/sulin.ee\/en\/#website\",\"url\":\"https:\/\/sulin.ee\/en\/\",\"name\":\"sulin.ee\",\"description\":\"\",\"publisher\":{\"@id\":\"https:\/\/sulin.ee\/en\/#organization\"},\"potentialAction\":[{\"@type\":\"SearchAction\",\"target\":{\"@type\":\"EntryPoint\",\"urlTemplate\":\"https:\/\/sulin.ee\/en\/?s={search_term_string}\"},\"query-input\":{\"@type\":\"PropertyValueSpecification\",\"valueRequired\":true,\"valueName\":\"search_term_string\"}}],\"inLanguage\":\"en-US\"},{\"@type\":\"Organization\",\"@id\":\"https:\/\/sulin.ee\/en\/#organization\",\"name\":\"SULIN TRADE O\u00dc\",\"url\":\"https:\/\/sulin.ee\/en\/\",\"logo\":{\"@type\":\"ImageObject\",\"inLanguage\":\"en-US\",\"@id\":\"https:\/\/sulin.ee\/en\/#\/schema\/logo\/image\/\",\"url\":\"https:\/\/sulin.ee\/wp-content\/uploads\/2022\/11\/sulin-logo.png\",\"contentUrl\":\"https:\/\/sulin.ee\/wp-content\/uploads\/2022\/11\/sulin-logo.png\",\"width\":871,\"height\":321,\"caption\":\"SULIN TRADE O\u00dc\"},\"image\":{\"@id\":\"https:\/\/sulin.ee\/en\/#\/schema\/logo\/image\/\"},\"sameAs\":[\"https:\/\/www.facebook.com\/www.sulin.ee\/\",\"https:\/\/www.instagram.com\/sulintrade\/\"]}]}<\/script>\n<!-- \/ Yoast SEO plugin. -->","yoast_head_json":{"title":"P\u00e4evased h\u00fcgieenisidemed (5tk + kott) - sulin.ee","description":"P\u00e4evased h\u00fcgieenisidemed on tervislik valik sinu kehale. Sidemeid katab diskreetne musta v\u00e4rvi bambuss\u00f6e materjal, mis on naha vastas pehme.","robots":{"index":"index","follow":"follow","max-snippet":"max-snippet:-1","max-image-preview":"max-image-preview:large","max-video-preview":"max-video-preview:-1"},"canonical":"https:\/\/sulin.ee\/en\/toode\/bambaw-paevased-hugieenisidemed-5tk-kott\/","og_locale":"en_US","og_type":"article","og_title":"P\u00e4evased h\u00fcgieenisidemed (5tk + kott) - sulin.ee","og_description":"P\u00e4evased h\u00fcgieenisidemed on tervislik valik sinu kehale. Sidemeid katab diskreetne musta v\u00e4rvi bambuss\u00f6e materjal, mis on naha vastas pehme.","og_url":"https:\/\/sulin.ee\/en\/toode\/bambaw-paevased-hugieenisidemed-5tk-kott\/","og_site_name":"sulin.ee","article_publisher":"https:\/\/www.facebook.com\/www.sulin.ee\/","article_modified_time":"2025-09-07T21:55:49+00:00","og_image":[{"width":800,"height":800,"url":"https:\/\/sulin.ee\/wp-content\/uploads\/2022\/09\/1.Sanitary-Packshot-Moderate-EN.jpg","type":"image\/jpeg"}],"twitter_card":"summary_large_image","twitter_misc":{"Est. reading time":"2 minutes"},"schema":{"@context":"https:\/\/schema.org","@graph":[{"@type":"WebPage","@id":"https:\/\/sulin.ee\/en\/toode\/bambaw-paevased-hugieenisidemed-5tk-kott\/","url":"https:\/\/sulin.ee\/en\/toode\/bambaw-paevased-hugieenisidemed-5tk-kott\/","name":"P\u00e4evased h\u00fcgieenisidemed (5tk + kott) - sulin.ee","isPartOf":{"@id":"https:\/\/sulin.ee\/en\/#website"},"primaryImageOfPage":{"@id":"https:\/\/sulin.ee\/en\/toode\/bambaw-paevased-hugieenisidemed-5tk-kott\/#primaryimage"},"image":{"@id":"https:\/\/sulin.ee\/en\/toode\/bambaw-paevased-hugieenisidemed-5tk-kott\/#primaryimage"},"thumbnailUrl":"https:\/\/sulin.ee\/wp-content\/uploads\/2022\/09\/1.Sanitary-Packshot-Moderate-EN.jpg","datePublished":"2022-09-13T14:00:19+00:00","dateModified":"2025-09-07T21:55:49+00:00","description":"P\u00e4evased h\u00fcgieenisidemed on tervislik valik sinu kehale. Sidemeid katab diskreetne musta v\u00e4rvi bambuss\u00f6e materjal, mis on naha vastas pehme.","breadcrumb":{"@id":"https:\/\/sulin.ee\/en\/toode\/bambaw-paevased-hugieenisidemed-5tk-kott\/#breadcrumb"},"inLanguage":"en-US","potentialAction":[{"@type":"ReadAction","target":["https:\/\/sulin.ee\/en\/toode\/bambaw-paevased-hugieenisidemed-5tk-kott\/"]}]},{"@type":"ImageObject","inLanguage":"en-US","@id":"https:\/\/sulin.ee\/en\/toode\/bambaw-paevased-hugieenisidemed-5tk-kott\/#primaryimage","url":"https:\/\/sulin.ee\/wp-content\/uploads\/2022\/09\/1.Sanitary-Packshot-Moderate-EN.jpg","contentUrl":"https:\/\/sulin.ee\/wp-content\/uploads\/2022\/09\/1.Sanitary-Packshot-Moderate-EN.jpg","width":800,"height":800,"caption":"P\u00e4evased h\u00fcgieenisidemed"},{"@type":"BreadcrumbList","@id":"https:\/\/sulin.ee\/en\/toode\/bambaw-paevased-hugieenisidemed-5tk-kott\/#breadcrumb","itemListElement":[{"@type":"ListItem","position":1,"name":"Home","item":"https:\/\/sulin.ee\/en\/"},{"@type":"ListItem","position":2,"name":"Sulin.ee e-pood","item":"https:\/\/sulin.ee\/shop\/"},{"@type":"ListItem","position":3,"name":"P\u00e4evased h\u00fcgieenisidemed (5tk + kott)"}]},{"@type":"WebSite","@id":"https:\/\/sulin.ee\/en\/#website","url":"https:\/\/sulin.ee\/en\/","name":"sulin.ee","description":"","publisher":{"@id":"https:\/\/sulin.ee\/en\/#organization"},"potentialAction":[{"@type":"SearchAction","target":{"@type":"EntryPoint","urlTemplate":"https:\/\/sulin.ee\/en\/?s={search_term_string}"},"query-input":{"@type":"PropertyValueSpecification","valueRequired":true,"valueName":"search_term_string"}}],"inLanguage":"en-US"},{"@type":"Organization","@id":"https:\/\/sulin.ee\/en\/#organization","name":"SULIN TRADE O\u00dc","url":"https:\/\/sulin.ee\/en\/","logo":{"@type":"ImageObject","inLanguage":"en-US","@id":"https:\/\/sulin.ee\/en\/#\/schema\/logo\/image\/","url":"https:\/\/sulin.ee\/wp-content\/uploads\/2022\/11\/sulin-logo.png","contentUrl":"https:\/\/sulin.ee\/wp-content\/uploads\/2022\/11\/sulin-logo.png","width":871,"height":321,"caption":"SULIN TRADE O\u00dc"},"image":{"@id":"https:\/\/sulin.ee\/en\/#\/schema\/logo\/image\/"},"sameAs":["https:\/\/www.facebook.com\/www.sulin.ee\/","https:\/\/www.instagram.com\/sulintrade\/"]}]}},"builder_content":"","_links":{"self":[{"href":"https:\/\/sulin.ee\/en\/wp-json\/wp\/v2\/product\/108","targetHints":{"allow":["GET"]}}],"collection":[{"href":"https:\/\/sulin.ee\/en\/wp-json\/wp\/v2\/product"}],"about":[{"href":"https:\/\/sulin.ee\/en\/wp-json\/wp\/v2\/types\/product"}],"replies":[{"embeddable":true,"href":"https:\/\/sulin.ee\/en\/wp-json\/wp\/v2\/comments?post=108"}],"wp:featuredmedia":[{"embeddable":true,"href":"https:\/\/sulin.ee\/en\/wp-json\/wp\/v2\/media\/3248"}],"wp:attachment":[{"href":"https:\/\/sulin.ee\/en\/wp-json\/wp\/v2\/media?parent=108"}],"wp:term":[{"taxonomy":"product_brand","embeddable":true,"href":"https:\/\/sulin.ee\/en\/wp-json\/wp\/v2\/product_brand?post=108"},{"taxonomy":"product_cat","embeddable":true,"href":"https:\/\/sulin.ee\/en\/wp-json\/wp\/v2\/product_cat?post=108"},{"taxonomy":"product_tag","embeddable":true,"href":"https:\/\/sulin.ee\/en\/wp-json\/wp\/v2\/product_tag?post=108"}],"curies":[{"name":"wp","href":"https:\/\/api.w.org\/{rel}","templated":true}]}}