{"id":10753,"date":"2023-02-12T20:29:30","date_gmt":"2023-02-12T20:29:30","guid":{"rendered":"https:\/\/sulin.ee\/?post_type=product&#038;p=10753"},"modified":"2026-01-21T15:47:07","modified_gmt":"2026-01-21T15:47:07","slug":"pupus-mikrokiust-sisud","status":"publish","type":"product","link":"https:\/\/sulin.ee\/en\/toode\/pupus-mikrokiust-sisud\/","title":{"rendered":"Pupus mikrokiust sisud"},"content":{"rendered":"<p><strong><a href=\"https:\/\/pupus.pl\/main-eng.html\" target=\"_blank\" rel=\"noopener\">Pupus<\/a> mikrokiust sisud on v\u00e4ga imavad ja kiiresti kuivavad. Sisud on m\u00f5eldud kasutamiseks korduvkasutatavates Pupus riidest <a href=\"https:\/\/sulin.ee\/toode\/pupus-taskumahkmed-5-15-kg\/\" target=\"_blank\" rel=\"noopener\"><span style=\"color: #0000ff;\">taskum\u00e4hkmetes<\/span> <\/a>ja <a href=\"https:\/\/sulin.ee\/toode\/pupus-mahkmekatted-5-15-kg\/\" target=\"_blank\" rel=\"noopener\"><span style=\"color: #0000ff;\">katetes, <\/span><\/a><\/strong>kuid sobivad kasutamiseks ka teiste tootjate riidest m\u00e4hkmetes.<\/p>\n<p>3-kihilised mikrokiud sisud on \u00fchelt poolt kaetud mikrofliisist kihiga, mis aitab hoida beebi \u00f5rna naha kuivana.<\/p>\n<p><strong>Suurema imavuse saavutamiseks kasuta kahte sisu korraga v\u00f5i kombineeri teisest materjalist <span style=\"color: #0000ff;\"><a style=\"color: #0000ff;\" href=\"https:\/\/sulin.ee\/tootekategooria\/beebid\/riidest-mahkmed\/mahkmesisud-ja-lisatarvikud\/sisud\/\" target=\"_blank\" rel=\"noopener\">m\u00e4hkmesisudega<\/a>.<\/span>\u00a0<\/strong><\/p>\n<p>Pupus bambusest sisud leiad <a href=\"https:\/\/sulin.ee\/toode\/pupus-bambusest-sisu\/\" target=\"_blank\" rel=\"noopener\"><span style=\"color: #0000ff;\">siit<\/span>.<\/a><\/p>\n<p>Kokku sobivad bambus-s\u00f6e sisud leiad <span style=\"color: #0000ff;\"><a style=\"color: #0000ff;\" href=\"https:\/\/sulin.ee\/toode\/alvababy-bambus-soe-lisasisu\/\" target=\"_blank\" rel=\"noopener\">siit<\/a><\/span>.<\/p>\n<p><strong>M\u00e4hkmesisude suurused:<\/strong><\/p>\n<p><strong>S:<\/strong> 26 x 9 cm (Sobib kasutamiseks <span style=\"color: #0000ff;\"><a style=\"color: #0000ff;\" href=\"https:\/\/sulin.ee\/tootekategooria\/beebid\/riidest-mahkmed\/vastsundinute-mahkmed-ja-katted\/\" target=\"_blank\" rel=\"noopener\">vasts\u00fcndinu m\u00e4hkmetes ja katetes<\/a><\/span>)<\/p>\n<p><strong>M:<\/strong> 30 x 11 cm (Sobib kasutamiseks <span style=\"color: #0000ff;\"><a style=\"color: #0000ff;\" href=\"https:\/\/sulin.ee\/tootekategooria\/beebid\/riidest-mahkmed\/uhes-suuruses-mahkmed-ja-katted\/\" target=\"_blank\" rel=\"noopener\">\u00fches suuruses m\u00e4hkmetes ja katetes<\/a><\/span>)<\/p>\n<p><strong>L:<\/strong> 34 x 13 cm (Sobib kasutamiseks <span style=\"color: #0000ff;\"><a style=\"color: #0000ff;\" href=\"https:\/\/sulin.ee\/tootekategooria\/beebid\/riidest-mahkmed\/xl-mahkmed\/\" target=\"_blank\" rel=\"noopener\">XL m\u00e4hkmetes<\/a><\/span> ja katetes, v\u00f5i \u00fches suuruses m\u00e4hkmetes suurema lapse puhul, et saavutada suuremat imavust).<\/p>\n","protected":false},"excerpt":{"rendered":"<p>Pupus mikrokiust sisud on v\u00e4ga imavad ja kiiresti kuivavad. Sisud on m\u00f5eldud kasutamiseks korduvkasutatavates Pupus riidest taskum\u00e4hkmetes ja katetes, kuid sobivad kasutamiseks ka teiste tootjate riidest m\u00e4hkmetes. 3-kihilised mikrokiud sisud on \u00fchelt poolt kaetud mikrofliisist kihiga, mis aitab hoida beebi \u00f5rna naha kuivana. Suurema imavuse saavutamiseks kasuta kahte sisu korraga v\u00f5i kombineeri teisest materjalist m\u00e4hkmesisudega.\u00a0 [&hellip;]<\/p>\n","protected":false},"featured_media":10758,"comment_status":"open","ping_status":"closed","template":"","meta":[],"product_brand":[],"product_cat":[48,583,473],"product_tag":[],"class_list":{"0":"post-10753","1":"product","2":"type-product","3":"status-publish","4":"has-post-thumbnail","6":"product_cat-mahkmesisud-ja-lisatarvikud","7":"product_cat-sisud","8":"product_cat-pupus","9":"has-post-title","10":"has-post-date","11":"has-post-category","12":"has-post-tag","13":"has-post-comment","14":"has-post-author","15":"","17":"first","18":"instock","19":"sale","20":"taxable","21":"shipping-taxable","22":"purchasable","23":"product-type-variable"},"yoast_head":"<!-- This site is optimized with the Yoast SEO plugin v26.8 - https:\/\/yoast.com\/product\/yoast-seo-wordpress\/ -->\n<title>Pupus mikrokiust sisud - sulin.ee<\/title>\n<meta name=\"description\" content=\"Pupus mikrokiust sisud on \u00fchelt poolt kaetud mikrofliisist kihiga, mis aitab hoida beebi \u00f5rna naha kuivana. Kasuta riidest m\u00e4hkmetes.\" \/>\n<meta name=\"robots\" content=\"index, follow, max-snippet:-1, max-image-preview:large, max-video-preview:-1\" \/>\n<link rel=\"canonical\" href=\"https:\/\/sulin.ee\/en\/toode\/pupus-mikrokiust-sisud\/\" \/>\n<meta property=\"og:locale\" content=\"en_US\" \/>\n<meta property=\"og:type\" content=\"article\" \/>\n<meta property=\"og:title\" content=\"Pupus mikrokiust sisud - sulin.ee\" \/>\n<meta property=\"og:description\" content=\"Pupus mikrokiust sisud on \u00fchelt poolt kaetud mikrofliisist kihiga, mis aitab hoida beebi \u00f5rna naha kuivana. Kasuta riidest m\u00e4hkmetes.\" \/>\n<meta property=\"og:url\" content=\"https:\/\/sulin.ee\/en\/toode\/pupus-mikrokiust-sisud\/\" \/>\n<meta property=\"og:site_name\" content=\"sulin.ee\" \/>\n<meta property=\"article:publisher\" content=\"https:\/\/www.facebook.com\/www.sulin.ee\/\" \/>\n<meta property=\"article:modified_time\" content=\"2026-01-21T15:47:07+00:00\" \/>\n<meta property=\"og:image\" content=\"https:\/\/sulin.ee\/wp-content\/uploads\/2023\/02\/Mikrofliis.jpg\" \/>\n\t<meta property=\"og:image:width\" content=\"1080\" \/>\n\t<meta property=\"og:image:height\" content=\"1080\" \/>\n\t<meta property=\"og:image:type\" content=\"image\/jpeg\" \/>\n<meta name=\"twitter:card\" content=\"summary_large_image\" \/>\n<meta name=\"twitter:label1\" content=\"Est. reading time\" \/>\n\t<meta name=\"twitter:data1\" content=\"1 minute\" \/>\n<script type=\"application\/ld+json\" class=\"yoast-schema-graph\">{\"@context\":\"https:\/\/schema.org\",\"@graph\":[{\"@type\":\"WebPage\",\"@id\":\"https:\/\/sulin.ee\/en\/toode\/pupus-mikrokiust-sisud\/\",\"url\":\"https:\/\/sulin.ee\/en\/toode\/pupus-mikrokiust-sisud\/\",\"name\":\"Pupus mikrokiust sisud - sulin.ee\",\"isPartOf\":{\"@id\":\"https:\/\/sulin.ee\/en\/#website\"},\"primaryImageOfPage\":{\"@id\":\"https:\/\/sulin.ee\/en\/toode\/pupus-mikrokiust-sisud\/#primaryimage\"},\"image\":{\"@id\":\"https:\/\/sulin.ee\/en\/toode\/pupus-mikrokiust-sisud\/#primaryimage\"},\"thumbnailUrl\":\"https:\/\/sulin.ee\/wp-content\/uploads\/2023\/02\/Mikrofliis.jpg\",\"datePublished\":\"2023-02-12T20:29:30+00:00\",\"dateModified\":\"2026-01-21T15:47:07+00:00\",\"description\":\"Pupus mikrokiust sisud on \u00fchelt poolt kaetud mikrofliisist kihiga, mis aitab hoida beebi \u00f5rna naha kuivana. Kasuta riidest m\u00e4hkmetes.\",\"breadcrumb\":{\"@id\":\"https:\/\/sulin.ee\/en\/toode\/pupus-mikrokiust-sisud\/#breadcrumb\"},\"inLanguage\":\"en-US\",\"potentialAction\":[{\"@type\":\"ReadAction\",\"target\":[\"https:\/\/sulin.ee\/en\/toode\/pupus-mikrokiust-sisud\/\"]}]},{\"@type\":\"ImageObject\",\"inLanguage\":\"en-US\",\"@id\":\"https:\/\/sulin.ee\/en\/toode\/pupus-mikrokiust-sisud\/#primaryimage\",\"url\":\"https:\/\/sulin.ee\/wp-content\/uploads\/2023\/02\/Mikrofliis.jpg\",\"contentUrl\":\"https:\/\/sulin.ee\/wp-content\/uploads\/2023\/02\/Mikrofliis.jpg\",\"width\":1080,\"height\":1080,\"caption\":\"Pupus mikrokiust sisud\"},{\"@type\":\"BreadcrumbList\",\"@id\":\"https:\/\/sulin.ee\/en\/toode\/pupus-mikrokiust-sisud\/#breadcrumb\",\"itemListElement\":[{\"@type\":\"ListItem\",\"position\":1,\"name\":\"Home\",\"item\":\"https:\/\/sulin.ee\/en\/\"},{\"@type\":\"ListItem\",\"position\":2,\"name\":\"Sulin.ee e-pood\",\"item\":\"https:\/\/sulin.ee\/shop\/\"},{\"@type\":\"ListItem\",\"position\":3,\"name\":\"Pupus mikrokiust sisud\"}]},{\"@type\":\"WebSite\",\"@id\":\"https:\/\/sulin.ee\/en\/#website\",\"url\":\"https:\/\/sulin.ee\/en\/\",\"name\":\"sulin.ee\",\"description\":\"\",\"publisher\":{\"@id\":\"https:\/\/sulin.ee\/en\/#organization\"},\"potentialAction\":[{\"@type\":\"SearchAction\",\"target\":{\"@type\":\"EntryPoint\",\"urlTemplate\":\"https:\/\/sulin.ee\/en\/?s={search_term_string}\"},\"query-input\":{\"@type\":\"PropertyValueSpecification\",\"valueRequired\":true,\"valueName\":\"search_term_string\"}}],\"inLanguage\":\"en-US\"},{\"@type\":\"Organization\",\"@id\":\"https:\/\/sulin.ee\/en\/#organization\",\"name\":\"SULIN TRADE O\u00dc\",\"url\":\"https:\/\/sulin.ee\/en\/\",\"logo\":{\"@type\":\"ImageObject\",\"inLanguage\":\"en-US\",\"@id\":\"https:\/\/sulin.ee\/en\/#\/schema\/logo\/image\/\",\"url\":\"https:\/\/sulin.ee\/wp-content\/uploads\/2022\/11\/sulin-logo.png\",\"contentUrl\":\"https:\/\/sulin.ee\/wp-content\/uploads\/2022\/11\/sulin-logo.png\",\"width\":871,\"height\":321,\"caption\":\"SULIN TRADE O\u00dc\"},\"image\":{\"@id\":\"https:\/\/sulin.ee\/en\/#\/schema\/logo\/image\/\"},\"sameAs\":[\"https:\/\/www.facebook.com\/www.sulin.ee\/\",\"https:\/\/www.instagram.com\/sulintrade\/\"]}]}<\/script>\n<!-- \/ Yoast SEO plugin. -->","yoast_head_json":{"title":"Pupus mikrokiust sisud - sulin.ee","description":"Pupus mikrokiust sisud on \u00fchelt poolt kaetud mikrofliisist kihiga, mis aitab hoida beebi \u00f5rna naha kuivana. Kasuta riidest m\u00e4hkmetes.","robots":{"index":"index","follow":"follow","max-snippet":"max-snippet:-1","max-image-preview":"max-image-preview:large","max-video-preview":"max-video-preview:-1"},"canonical":"https:\/\/sulin.ee\/en\/toode\/pupus-mikrokiust-sisud\/","og_locale":"en_US","og_type":"article","og_title":"Pupus mikrokiust sisud - sulin.ee","og_description":"Pupus mikrokiust sisud on \u00fchelt poolt kaetud mikrofliisist kihiga, mis aitab hoida beebi \u00f5rna naha kuivana. Kasuta riidest m\u00e4hkmetes.","og_url":"https:\/\/sulin.ee\/en\/toode\/pupus-mikrokiust-sisud\/","og_site_name":"sulin.ee","article_publisher":"https:\/\/www.facebook.com\/www.sulin.ee\/","article_modified_time":"2026-01-21T15:47:07+00:00","og_image":[{"width":1080,"height":1080,"url":"https:\/\/sulin.ee\/wp-content\/uploads\/2023\/02\/Mikrofliis.jpg","type":"image\/jpeg"}],"twitter_card":"summary_large_image","twitter_misc":{"Est. reading time":"1 minute"},"schema":{"@context":"https:\/\/schema.org","@graph":[{"@type":"WebPage","@id":"https:\/\/sulin.ee\/en\/toode\/pupus-mikrokiust-sisud\/","url":"https:\/\/sulin.ee\/en\/toode\/pupus-mikrokiust-sisud\/","name":"Pupus mikrokiust sisud - sulin.ee","isPartOf":{"@id":"https:\/\/sulin.ee\/en\/#website"},"primaryImageOfPage":{"@id":"https:\/\/sulin.ee\/en\/toode\/pupus-mikrokiust-sisud\/#primaryimage"},"image":{"@id":"https:\/\/sulin.ee\/en\/toode\/pupus-mikrokiust-sisud\/#primaryimage"},"thumbnailUrl":"https:\/\/sulin.ee\/wp-content\/uploads\/2023\/02\/Mikrofliis.jpg","datePublished":"2023-02-12T20:29:30+00:00","dateModified":"2026-01-21T15:47:07+00:00","description":"Pupus mikrokiust sisud on \u00fchelt poolt kaetud mikrofliisist kihiga, mis aitab hoida beebi \u00f5rna naha kuivana. Kasuta riidest m\u00e4hkmetes.","breadcrumb":{"@id":"https:\/\/sulin.ee\/en\/toode\/pupus-mikrokiust-sisud\/#breadcrumb"},"inLanguage":"en-US","potentialAction":[{"@type":"ReadAction","target":["https:\/\/sulin.ee\/en\/toode\/pupus-mikrokiust-sisud\/"]}]},{"@type":"ImageObject","inLanguage":"en-US","@id":"https:\/\/sulin.ee\/en\/toode\/pupus-mikrokiust-sisud\/#primaryimage","url":"https:\/\/sulin.ee\/wp-content\/uploads\/2023\/02\/Mikrofliis.jpg","contentUrl":"https:\/\/sulin.ee\/wp-content\/uploads\/2023\/02\/Mikrofliis.jpg","width":1080,"height":1080,"caption":"Pupus mikrokiust sisud"},{"@type":"BreadcrumbList","@id":"https:\/\/sulin.ee\/en\/toode\/pupus-mikrokiust-sisud\/#breadcrumb","itemListElement":[{"@type":"ListItem","position":1,"name":"Home","item":"https:\/\/sulin.ee\/en\/"},{"@type":"ListItem","position":2,"name":"Sulin.ee e-pood","item":"https:\/\/sulin.ee\/shop\/"},{"@type":"ListItem","position":3,"name":"Pupus mikrokiust sisud"}]},{"@type":"WebSite","@id":"https:\/\/sulin.ee\/en\/#website","url":"https:\/\/sulin.ee\/en\/","name":"sulin.ee","description":"","publisher":{"@id":"https:\/\/sulin.ee\/en\/#organization"},"potentialAction":[{"@type":"SearchAction","target":{"@type":"EntryPoint","urlTemplate":"https:\/\/sulin.ee\/en\/?s={search_term_string}"},"query-input":{"@type":"PropertyValueSpecification","valueRequired":true,"valueName":"search_term_string"}}],"inLanguage":"en-US"},{"@type":"Organization","@id":"https:\/\/sulin.ee\/en\/#organization","name":"SULIN TRADE O\u00dc","url":"https:\/\/sulin.ee\/en\/","logo":{"@type":"ImageObject","inLanguage":"en-US","@id":"https:\/\/sulin.ee\/en\/#\/schema\/logo\/image\/","url":"https:\/\/sulin.ee\/wp-content\/uploads\/2022\/11\/sulin-logo.png","contentUrl":"https:\/\/sulin.ee\/wp-content\/uploads\/2022\/11\/sulin-logo.png","width":871,"height":321,"caption":"SULIN TRADE O\u00dc"},"image":{"@id":"https:\/\/sulin.ee\/en\/#\/schema\/logo\/image\/"},"sameAs":["https:\/\/www.facebook.com\/www.sulin.ee\/","https:\/\/www.instagram.com\/sulintrade\/"]}]}},"builder_content":"","_links":{"self":[{"href":"https:\/\/sulin.ee\/en\/wp-json\/wp\/v2\/product\/10753","targetHints":{"allow":["GET"]}}],"collection":[{"href":"https:\/\/sulin.ee\/en\/wp-json\/wp\/v2\/product"}],"about":[{"href":"https:\/\/sulin.ee\/en\/wp-json\/wp\/v2\/types\/product"}],"replies":[{"embeddable":true,"href":"https:\/\/sulin.ee\/en\/wp-json\/wp\/v2\/comments?post=10753"}],"wp:featuredmedia":[{"embeddable":true,"href":"https:\/\/sulin.ee\/en\/wp-json\/wp\/v2\/media\/10758"}],"wp:attachment":[{"href":"https:\/\/sulin.ee\/en\/wp-json\/wp\/v2\/media?parent=10753"}],"wp:term":[{"taxonomy":"product_brand","embeddable":true,"href":"https:\/\/sulin.ee\/en\/wp-json\/wp\/v2\/product_brand?post=10753"},{"taxonomy":"product_cat","embeddable":true,"href":"https:\/\/sulin.ee\/en\/wp-json\/wp\/v2\/product_cat?post=10753"},{"taxonomy":"product_tag","embeddable":true,"href":"https:\/\/sulin.ee\/en\/wp-json\/wp\/v2\/product_tag?post=10753"}],"curies":[{"name":"wp","href":"https:\/\/api.w.org\/{rel}","templated":true}]}}