{"id":10668,"date":"2023-02-09T14:38:58","date_gmt":"2023-02-09T14:38:58","guid":{"rendered":"https:\/\/sulin.ee\/?post_type=product&#038;p=10668"},"modified":"2025-09-07T21:47:56","modified_gmt":"2025-09-07T21:47:56","slug":"mangulammas","status":"publish","type":"product","link":"https:\/\/sulin.ee\/en\/toode\/mangulammas\/","title":{"rendered":"M\u00e4ngulammas"},"content":{"rendered":"<p><strong>M\u00e4ngulammas on pehmest fliisist kaisuloom, kes valvab sinu pisikese und, kui ta magab ja pakub \u00e4rkvel olles seltsi. Temaga saab l\u00f5putult m\u00e4ngida ja hullata ning teda on hea paitada ja kaissu v\u00f5tta.<\/strong><\/p>\n<p>M\u00e4ngulambaga m\u00e4ngimine, selle katsumine ja haaramine ergutab beebi meeli ning l\u00e4bi sensoorse m\u00e4ngu areneb beebi peenmotoorika.<\/p>\n<p>Lisaks beebile on lammas vahva kaaslane ka juba suuremale lapsele. Lambaga m\u00e4ngimine aitab arendada lapse kujutlusv\u00f5imet ja fantaasiat. Teda on hea kaissu v\u00f5tta ning temaga on vahva koos seigelda.<\/p>\n<p><strong>Lamba k\u00f5rgus:<\/strong> 31 cm.<\/p>\n<p>Leia Lambale toredad <span style=\"color: #0000ff;\"><a style=\"color: #0000ff;\" href=\"https:\/\/sulin.ee\/tootekategooria\/lastele\/mangimine\/pehmed-manguasjad\/\" target=\"_blank\" rel=\"noopener\">s\u00f5brad siit<\/a><\/span>. Koos on neil veel vahvam!<\/p>\n<p><a href=\"https:\/\/jollein.com\/\" target=\"_blank\" rel=\"noopener\">Jollein<\/a> m\u00e4nguloomad on mahedates ja skandinaavialikes toonides, mis lisavad lastetuppa lapselikust ja hubast interj\u00f6\u00f6ri.<\/p>\n","protected":false},"excerpt":{"rendered":"<p><strong>Pehmest fliisist kaisuloom pakub \u00e4rkvel olles seltsi ning valvab sinu pisikese und kui ta magab. Temaga saab l\u00f5putult m\u00e4ngida ja hullata ning teda on hea paitada ja kaissu v\u00f5tta.<\/strong><\/p>\n","protected":false},"featured_media":18515,"comment_status":"open","ping_status":"closed","template":"","meta":[],"product_brand":[],"product_cat":[769,1162,1163,1164,768,776],"product_tag":[],"class_list":{"0":"post-10668","1":"product","2":"type-product","3":"status-publish","4":"has-post-thumbnail","6":"product_cat-manguasjad","7":"product_cat-kingituseks","8":"product_cat-0-1-aasta","9":"product_cat-1-3-aastat","10":"product_cat-pehmed-manguasjad","11":"product_cat-jollein-2","12":"has-post-title","13":"has-post-date","14":"has-post-category","15":"has-post-tag","16":"has-post-comment","17":"has-post-author","18":"","20":"first","21":"instock","22":"sale","23":"taxable","24":"shipping-taxable","25":"purchasable","26":"product-type-simple"},"yoast_head":"<!-- This site is optimized with the Yoast SEO plugin v26.8 - https:\/\/yoast.com\/product\/yoast-seo-wordpress\/ -->\n<title>M\u00e4ngulammas - sulin.ee<\/title>\n<meta name=\"description\" content=\"M\u00e4ngulammas on pehmest fliisist kaisuloom, kes valvab sinu pisikese und kui ta magab ja pakub \u00e4rkvel olles seltsi. Lamba k\u00f5rgus 31 cm.\" \/>\n<meta name=\"robots\" content=\"index, follow, max-snippet:-1, max-image-preview:large, max-video-preview:-1\" \/>\n<link rel=\"canonical\" href=\"https:\/\/sulin.ee\/en\/toode\/mangulammas\/\" \/>\n<meta property=\"og:locale\" content=\"en_US\" \/>\n<meta property=\"og:type\" content=\"article\" \/>\n<meta property=\"og:title\" content=\"M\u00e4ngulammas - sulin.ee\" \/>\n<meta property=\"og:description\" content=\"M\u00e4ngulammas on pehmest fliisist kaisuloom, kes valvab sinu pisikese und kui ta magab ja pakub \u00e4rkvel olles seltsi. Lamba k\u00f5rgus 31 cm.\" \/>\n<meta property=\"og:url\" content=\"https:\/\/sulin.ee\/en\/toode\/mangulammas\/\" \/>\n<meta property=\"og:site_name\" content=\"sulin.ee\" \/>\n<meta property=\"article:publisher\" content=\"https:\/\/www.facebook.com\/www.sulin.ee\/\" \/>\n<meta property=\"article:modified_time\" content=\"2025-09-07T21:47:56+00:00\" \/>\n<meta property=\"og:image\" content=\"https:\/\/sulin.ee\/wp-content\/uploads\/2023\/02\/7.png\" \/>\n\t<meta property=\"og:image:width\" content=\"1080\" \/>\n\t<meta property=\"og:image:height\" content=\"1080\" \/>\n\t<meta property=\"og:image:type\" content=\"image\/png\" \/>\n<meta name=\"twitter:card\" content=\"summary_large_image\" \/>\n<meta name=\"twitter:label1\" content=\"Est. reading time\" \/>\n\t<meta name=\"twitter:data1\" content=\"1 minute\" \/>\n<script type=\"application\/ld+json\" class=\"yoast-schema-graph\">{\"@context\":\"https:\/\/schema.org\",\"@graph\":[{\"@type\":\"WebPage\",\"@id\":\"https:\/\/sulin.ee\/en\/toode\/mangulammas\/\",\"url\":\"https:\/\/sulin.ee\/en\/toode\/mangulammas\/\",\"name\":\"M\u00e4ngulammas - sulin.ee\",\"isPartOf\":{\"@id\":\"https:\/\/sulin.ee\/en\/#website\"},\"primaryImageOfPage\":{\"@id\":\"https:\/\/sulin.ee\/en\/toode\/mangulammas\/#primaryimage\"},\"image\":{\"@id\":\"https:\/\/sulin.ee\/en\/toode\/mangulammas\/#primaryimage\"},\"thumbnailUrl\":\"https:\/\/sulin.ee\/wp-content\/uploads\/2023\/02\/7.png\",\"datePublished\":\"2023-02-09T14:38:58+00:00\",\"dateModified\":\"2025-09-07T21:47:56+00:00\",\"description\":\"M\u00e4ngulammas on pehmest fliisist kaisuloom, kes valvab sinu pisikese und kui ta magab ja pakub \u00e4rkvel olles seltsi. Lamba k\u00f5rgus 31 cm.\",\"breadcrumb\":{\"@id\":\"https:\/\/sulin.ee\/en\/toode\/mangulammas\/#breadcrumb\"},\"inLanguage\":\"en-US\",\"potentialAction\":[{\"@type\":\"ReadAction\",\"target\":[\"https:\/\/sulin.ee\/en\/toode\/mangulammas\/\"]}]},{\"@type\":\"ImageObject\",\"inLanguage\":\"en-US\",\"@id\":\"https:\/\/sulin.ee\/en\/toode\/mangulammas\/#primaryimage\",\"url\":\"https:\/\/sulin.ee\/wp-content\/uploads\/2023\/02\/7.png\",\"contentUrl\":\"https:\/\/sulin.ee\/wp-content\/uploads\/2023\/02\/7.png\",\"width\":1080,\"height\":1080},{\"@type\":\"BreadcrumbList\",\"@id\":\"https:\/\/sulin.ee\/en\/toode\/mangulammas\/#breadcrumb\",\"itemListElement\":[{\"@type\":\"ListItem\",\"position\":1,\"name\":\"Home\",\"item\":\"https:\/\/sulin.ee\/en\/\"},{\"@type\":\"ListItem\",\"position\":2,\"name\":\"Sulin.ee e-pood\",\"item\":\"https:\/\/sulin.ee\/shop\/\"},{\"@type\":\"ListItem\",\"position\":3,\"name\":\"M\u00e4ngulammas\"}]},{\"@type\":\"WebSite\",\"@id\":\"https:\/\/sulin.ee\/en\/#website\",\"url\":\"https:\/\/sulin.ee\/en\/\",\"name\":\"sulin.ee\",\"description\":\"\",\"publisher\":{\"@id\":\"https:\/\/sulin.ee\/en\/#organization\"},\"potentialAction\":[{\"@type\":\"SearchAction\",\"target\":{\"@type\":\"EntryPoint\",\"urlTemplate\":\"https:\/\/sulin.ee\/en\/?s={search_term_string}\"},\"query-input\":{\"@type\":\"PropertyValueSpecification\",\"valueRequired\":true,\"valueName\":\"search_term_string\"}}],\"inLanguage\":\"en-US\"},{\"@type\":\"Organization\",\"@id\":\"https:\/\/sulin.ee\/en\/#organization\",\"name\":\"SULIN TRADE O\u00dc\",\"url\":\"https:\/\/sulin.ee\/en\/\",\"logo\":{\"@type\":\"ImageObject\",\"inLanguage\":\"en-US\",\"@id\":\"https:\/\/sulin.ee\/en\/#\/schema\/logo\/image\/\",\"url\":\"https:\/\/sulin.ee\/wp-content\/uploads\/2022\/11\/sulin-logo.png\",\"contentUrl\":\"https:\/\/sulin.ee\/wp-content\/uploads\/2022\/11\/sulin-logo.png\",\"width\":871,\"height\":321,\"caption\":\"SULIN TRADE O\u00dc\"},\"image\":{\"@id\":\"https:\/\/sulin.ee\/en\/#\/schema\/logo\/image\/\"},\"sameAs\":[\"https:\/\/www.facebook.com\/www.sulin.ee\/\",\"https:\/\/www.instagram.com\/sulintrade\/\"]}]}<\/script>\n<!-- \/ Yoast SEO plugin. -->","yoast_head_json":{"title":"M\u00e4ngulammas - sulin.ee","description":"M\u00e4ngulammas on pehmest fliisist kaisuloom, kes valvab sinu pisikese und kui ta magab ja pakub \u00e4rkvel olles seltsi. Lamba k\u00f5rgus 31 cm.","robots":{"index":"index","follow":"follow","max-snippet":"max-snippet:-1","max-image-preview":"max-image-preview:large","max-video-preview":"max-video-preview:-1"},"canonical":"https:\/\/sulin.ee\/en\/toode\/mangulammas\/","og_locale":"en_US","og_type":"article","og_title":"M\u00e4ngulammas - sulin.ee","og_description":"M\u00e4ngulammas on pehmest fliisist kaisuloom, kes valvab sinu pisikese und kui ta magab ja pakub \u00e4rkvel olles seltsi. Lamba k\u00f5rgus 31 cm.","og_url":"https:\/\/sulin.ee\/en\/toode\/mangulammas\/","og_site_name":"sulin.ee","article_publisher":"https:\/\/www.facebook.com\/www.sulin.ee\/","article_modified_time":"2025-09-07T21:47:56+00:00","og_image":[{"width":1080,"height":1080,"url":"https:\/\/sulin.ee\/wp-content\/uploads\/2023\/02\/7.png","type":"image\/png"}],"twitter_card":"summary_large_image","twitter_misc":{"Est. reading time":"1 minute"},"schema":{"@context":"https:\/\/schema.org","@graph":[{"@type":"WebPage","@id":"https:\/\/sulin.ee\/en\/toode\/mangulammas\/","url":"https:\/\/sulin.ee\/en\/toode\/mangulammas\/","name":"M\u00e4ngulammas - sulin.ee","isPartOf":{"@id":"https:\/\/sulin.ee\/en\/#website"},"primaryImageOfPage":{"@id":"https:\/\/sulin.ee\/en\/toode\/mangulammas\/#primaryimage"},"image":{"@id":"https:\/\/sulin.ee\/en\/toode\/mangulammas\/#primaryimage"},"thumbnailUrl":"https:\/\/sulin.ee\/wp-content\/uploads\/2023\/02\/7.png","datePublished":"2023-02-09T14:38:58+00:00","dateModified":"2025-09-07T21:47:56+00:00","description":"M\u00e4ngulammas on pehmest fliisist kaisuloom, kes valvab sinu pisikese und kui ta magab ja pakub \u00e4rkvel olles seltsi. Lamba k\u00f5rgus 31 cm.","breadcrumb":{"@id":"https:\/\/sulin.ee\/en\/toode\/mangulammas\/#breadcrumb"},"inLanguage":"en-US","potentialAction":[{"@type":"ReadAction","target":["https:\/\/sulin.ee\/en\/toode\/mangulammas\/"]}]},{"@type":"ImageObject","inLanguage":"en-US","@id":"https:\/\/sulin.ee\/en\/toode\/mangulammas\/#primaryimage","url":"https:\/\/sulin.ee\/wp-content\/uploads\/2023\/02\/7.png","contentUrl":"https:\/\/sulin.ee\/wp-content\/uploads\/2023\/02\/7.png","width":1080,"height":1080},{"@type":"BreadcrumbList","@id":"https:\/\/sulin.ee\/en\/toode\/mangulammas\/#breadcrumb","itemListElement":[{"@type":"ListItem","position":1,"name":"Home","item":"https:\/\/sulin.ee\/en\/"},{"@type":"ListItem","position":2,"name":"Sulin.ee e-pood","item":"https:\/\/sulin.ee\/shop\/"},{"@type":"ListItem","position":3,"name":"M\u00e4ngulammas"}]},{"@type":"WebSite","@id":"https:\/\/sulin.ee\/en\/#website","url":"https:\/\/sulin.ee\/en\/","name":"sulin.ee","description":"","publisher":{"@id":"https:\/\/sulin.ee\/en\/#organization"},"potentialAction":[{"@type":"SearchAction","target":{"@type":"EntryPoint","urlTemplate":"https:\/\/sulin.ee\/en\/?s={search_term_string}"},"query-input":{"@type":"PropertyValueSpecification","valueRequired":true,"valueName":"search_term_string"}}],"inLanguage":"en-US"},{"@type":"Organization","@id":"https:\/\/sulin.ee\/en\/#organization","name":"SULIN TRADE O\u00dc","url":"https:\/\/sulin.ee\/en\/","logo":{"@type":"ImageObject","inLanguage":"en-US","@id":"https:\/\/sulin.ee\/en\/#\/schema\/logo\/image\/","url":"https:\/\/sulin.ee\/wp-content\/uploads\/2022\/11\/sulin-logo.png","contentUrl":"https:\/\/sulin.ee\/wp-content\/uploads\/2022\/11\/sulin-logo.png","width":871,"height":321,"caption":"SULIN TRADE O\u00dc"},"image":{"@id":"https:\/\/sulin.ee\/en\/#\/schema\/logo\/image\/"},"sameAs":["https:\/\/www.facebook.com\/www.sulin.ee\/","https:\/\/www.instagram.com\/sulintrade\/"]}]}},"builder_content":"","_links":{"self":[{"href":"https:\/\/sulin.ee\/en\/wp-json\/wp\/v2\/product\/10668","targetHints":{"allow":["GET"]}}],"collection":[{"href":"https:\/\/sulin.ee\/en\/wp-json\/wp\/v2\/product"}],"about":[{"href":"https:\/\/sulin.ee\/en\/wp-json\/wp\/v2\/types\/product"}],"replies":[{"embeddable":true,"href":"https:\/\/sulin.ee\/en\/wp-json\/wp\/v2\/comments?post=10668"}],"wp:featuredmedia":[{"embeddable":true,"href":"https:\/\/sulin.ee\/en\/wp-json\/wp\/v2\/media\/18515"}],"wp:attachment":[{"href":"https:\/\/sulin.ee\/en\/wp-json\/wp\/v2\/media?parent=10668"}],"wp:term":[{"taxonomy":"product_brand","embeddable":true,"href":"https:\/\/sulin.ee\/en\/wp-json\/wp\/v2\/product_brand?post=10668"},{"taxonomy":"product_cat","embeddable":true,"href":"https:\/\/sulin.ee\/en\/wp-json\/wp\/v2\/product_cat?post=10668"},{"taxonomy":"product_tag","embeddable":true,"href":"https:\/\/sulin.ee\/en\/wp-json\/wp\/v2\/product_tag?post=10668"}],"curies":[{"name":"wp","href":"https:\/\/api.w.org\/{rel}","templated":true}]}}